{"id":18816,"date":"2024-07-31T19:09:05","date_gmt":"2024-07-31T06:24:05","guid":{"rendered":"https:\/\/tolio.co.nz\/?post_type=product&#038;p=18816"},"modified":"2025-09-11T16:00:27","modified_gmt":"2025-09-11T04:00:27","slug":"thung-30-goi-chao-yen-dinh-duong-yenviet-vi-thit-bam-50g","status":"publish","type":"product","link":"https:\/\/dev.tolio.co.nz\/en\/product\/box-of-30-packages-of-yenviet-nutritious-birds-nest-porridge-with-50g-minced-meat\/","title":{"rendered":"Th\u00f9ng 30 g\u00f3i ch\u00e1o Y\u1ebfn dinh d\u01b0\u1ee1ng YenViet v\u1ecb th\u1ecbt b\u1eb1m 50g"},"content":{"rendered":"<p><strong>Ch\u00e1o Y\u1ebfn dinh d\u01b0\u1ee1ng YenViet v\u1ecb th\u1ecbt b\u1eb1m 50g<\/strong> \u0111\u01b0\u1ee3c b\u1ed5 sung t\u1ed5 y\u1ebfn thi\u00ean nhi\u00ean 100% gi\u00fap mang l\u1ea1i b\u01b0\u1edbc \u0111\u1ed9t ph\u00e1 v\u1ec1 dinh d\u01b0\u1ee1ng. Kh\u00f4ng nh\u1eefng b\u1ed5 sung t\u1ed5 y\u1ebfn m\u00e0 c\u00f2n \u0111\u01b0\u1ee3c ch\u1ebf bi\u1ebfn t\u1eeb nguy\u00ean li\u1ec7u th\u1ecbt v\u00e0 rau t\u01b0\u01a1i theo c\u00f4ng ngh\u1ec7 s\u1ea5y th\u0103ng hoa Nh\u1eadt B\u1ea3n gi\u00fap gi\u1eef tr\u1ecdn v\u1eb9n h\u01b0\u01a1ng v\u1ecb th\u01a1m ngon.<\/p>\n<p><strong>H\u01b0\u1edbng d\u1eabn s\u1eed d\u1ee5ng:<\/strong><\/p>\n<ul>\n<li>Cho ph\u00f4i ch\u00e1o v\u00e0 g\u00f3i gia v\u1ecb v\u00e0o t\u00f4. D\u00f9ng n\u01b0\u1edbc th\u1eadt s\u00f4i ch\u1ebf v\u00e0o kho\u1ea3ng 350ml, tr\u1ed9n \u0111\u1ec1u. \u0110\u1eady k\u00edn t\u00f4 trong 3 ph\u00fat. M\u1edf n\u1eafp, cho g\u00f3i th\u1ecbt b\u1eb1m v\u00e0o, tr\u1ed9n \u0111\u1ec1u v\u00e0 th\u01b0\u1edfng th\u1ee9c.<\/li>\n<\/ul>\n<p><strong>B\u1ea3o qu\u1ea3n:<\/strong><\/p>\n<ul>\n<li>B\u1ea3o qu\u1ea3n n\u01a1i kh\u00f4 r\u00e1o, tho\u00e1ng m\u00e1t, tr\u00e1nh \u00e1nh n\u1eafng tr\u1ef1c ti\u1ebfp.<\/li>\n<\/ul>\n<p><strong>H\u1ea1n s\u1eed d\u1ee5ng:<\/strong> 09 th\u00e1ng t\u1eeb ng\u00e0y s\u1ea3n xu\u1ea5t.<\/p>","protected":false},"excerpt":{"rendered":"<ul>\n<li>Th\u01b0\u01a1ng hi\u1ec7u: YenViet<\/li>\n<li>Xu\u1ea5t x\u1ee9 th\u01b0\u01a1ng hi\u1ec7u: Vi\u1ec7t Nam<\/li>\n<li>Quy c\u00e1ch \u0111\u00f3ng g\u00f3i: g\u00f3i 50g, 30 g\u00f3i \/th\u00f9ng<\/li>\n<li>L\u01b0u \u00fd: Bao b\u00ec s\u1ea3n ph\u1ea9m c\u00f3 th\u1ec3 thay \u0111\u1ed5i theo t\u1eebng \u0111\u1ee3t nh\u1eadp h\u00e0ng<\/li>\n<\/ul>","protected":false},"featured_media":21223,"comment_status":"open","ping_status":"closed","template":"","meta":[],"product_brand":[],"product_cat":[511,31],"product_tag":[961,963,962],"class_list":{"0":"post-18816","1":"product","2":"type-product","3":"status-publish","4":"has-post-thumbnail","6":"product_cat-mi-pho-chao-an-lien","7":"product_cat-hang-moi-ve","8":"product_tag-chao-yen","9":"product_tag-chao-yen-thit-bam","10":"product_tag-yenviet","11":"pa_thuong-hieu-yenviet","13":"first","14":"instock","15":"sale","16":"shipping-taxable","17":"purchasable","18":"product-type-simple"},"yoast_head":"<!-- This site is optimized with the Yoast SEO plugin v24.4 - https:\/\/yoast.com\/wordpress\/plugins\/seo\/ -->\n<title>Th\u00f9ng 30 g\u00f3i ch\u00e1o Y\u1ebfn dinh d\u01b0\u1ee1ng YenViet v\u1ecb th\u1ecbt b\u1eb1m 50g - TOLIO<\/title>\n<meta name=\"description\" content=\"Th\u01b0\u01a1ng hi\u1ec7u: YenViet  Xu\u1ea5t x\u1ee9 th\u01b0\u01a1ng hi\u1ec7u: Vi\u1ec7t Nam  Quy c\u00e1ch \u0111\u00f3ng g\u00f3i: g\u00f3i 50g, 30 g\u00f3i \/th\u00f9ng  L\u01b0u \u00fd: Bao b\u00ec s\u1ea3n ph\u1ea9m c\u00f3 th\u1ec3 thay \u0111\u1ed5i theo t\u1eebng \u0111\u1ee3t nh\u1eadp h\u00e0ng\" \/>\n<meta name=\"robots\" content=\"index, follow, max-snippet:-1, max-image-preview:large, max-video-preview:-1\" \/>\n<link rel=\"canonical\" href=\"https:\/\/dev.tolio.co.nz\/en\/product\/box-of-30-packages-of-yenviet-nutritious-birds-nest-porridge-with-50g-minced-meat\/\" \/>\n<meta property=\"og:locale\" content=\"en_US\" \/>\n<meta property=\"og:type\" content=\"article\" \/>\n<meta property=\"og:title\" content=\"Th\u00f9ng 30 g\u00f3i ch\u00e1o Y\u1ebfn dinh d\u01b0\u1ee1ng YenViet v\u1ecb th\u1ecbt b\u1eb1m 50g - TOLIO\" \/>\n<meta property=\"og:description\" content=\"Th\u01b0\u01a1ng hi\u1ec7u: YenViet  Xu\u1ea5t x\u1ee9 th\u01b0\u01a1ng hi\u1ec7u: Vi\u1ec7t Nam  Quy c\u00e1ch \u0111\u00f3ng g\u00f3i: g\u00f3i 50g, 30 g\u00f3i \/th\u00f9ng  L\u01b0u \u00fd: Bao b\u00ec s\u1ea3n ph\u1ea9m c\u00f3 th\u1ec3 thay \u0111\u1ed5i theo t\u1eebng \u0111\u1ee3t nh\u1eadp h\u00e0ng\" \/>\n<meta property=\"og:url\" content=\"https:\/\/dev.tolio.co.nz\/en\/product\/box-of-30-packages-of-yenviet-nutritious-birds-nest-porridge-with-50g-minced-meat\/\" \/>\n<meta property=\"og:site_name\" content=\"TOLIO\" \/>\n<meta property=\"article:modified_time\" content=\"2025-09-11T04:00:27+00:00\" \/>\n<meta property=\"og:image\" content=\"https:\/\/dev.tolio.co.nz\/wp-content\/uploads\/2024\/08\/157.png\" \/>\n\t<meta property=\"og:image:width\" content=\"1000\" \/>\n\t<meta property=\"og:image:height\" content=\"907\" \/>\n\t<meta property=\"og:image:type\" content=\"image\/png\" \/>\n<meta name=\"twitter:card\" content=\"summary_large_image\" \/>\n<meta name=\"twitter:label1\" content=\"Est. reading time\" \/>\n\t<meta name=\"twitter:data1\" content=\"1 minute\" \/>\n<script type=\"application\/ld+json\" class=\"yoast-schema-graph\">{\"@context\":\"https:\/\/schema.org\",\"@graph\":[{\"@type\":\"WebPage\",\"@id\":\"https:\/\/dev.tolio.co.nz\/san-pham\/thung-30-goi-chao-yen-dinh-duong-yenviet-vi-thit-bam-50g\/\",\"url\":\"https:\/\/dev.tolio.co.nz\/san-pham\/thung-30-goi-chao-yen-dinh-duong-yenviet-vi-thit-bam-50g\/\",\"name\":\"Th\u00f9ng 30 g\u00f3i ch\u00e1o Y\u1ebfn dinh d\u01b0\u1ee1ng YenViet v\u1ecb th\u1ecbt b\u1eb1m 50g - TOLIO\",\"isPartOf\":{\"@id\":\"https:\/\/dev.tolio.co.nz\/#website\"},\"primaryImageOfPage\":{\"@id\":\"https:\/\/dev.tolio.co.nz\/san-pham\/thung-30-goi-chao-yen-dinh-duong-yenviet-vi-thit-bam-50g\/#primaryimage\"},\"image\":{\"@id\":\"https:\/\/dev.tolio.co.nz\/san-pham\/thung-30-goi-chao-yen-dinh-duong-yenviet-vi-thit-bam-50g\/#primaryimage\"},\"thumbnailUrl\":\"https:\/\/dev.tolio.co.nz\/wp-content\/uploads\/2024\/08\/157.png\",\"datePublished\":\"2024-07-31T06:24:05+00:00\",\"dateModified\":\"2025-09-11T04:00:27+00:00\",\"description\":\"Th\u01b0\u01a1ng hi\u1ec7u: YenViet Xu\u1ea5t x\u1ee9 th\u01b0\u01a1ng hi\u1ec7u: Vi\u1ec7t Nam Quy c\u00e1ch \u0111\u00f3ng g\u00f3i: g\u00f3i 50g, 30 g\u00f3i \/th\u00f9ng L\u01b0u \u00fd: Bao b\u00ec s\u1ea3n ph\u1ea9m c\u00f3 th\u1ec3 thay \u0111\u1ed5i theo t\u1eebng \u0111\u1ee3t nh\u1eadp h\u00e0ng\",\"breadcrumb\":{\"@id\":\"https:\/\/dev.tolio.co.nz\/san-pham\/thung-30-goi-chao-yen-dinh-duong-yenviet-vi-thit-bam-50g\/#breadcrumb\"},\"inLanguage\":\"en-US\",\"potentialAction\":[{\"@type\":\"ReadAction\",\"target\":[\"https:\/\/dev.tolio.co.nz\/san-pham\/thung-30-goi-chao-yen-dinh-duong-yenviet-vi-thit-bam-50g\/\"]}]},{\"@type\":\"ImageObject\",\"inLanguage\":\"en-US\",\"@id\":\"https:\/\/dev.tolio.co.nz\/san-pham\/thung-30-goi-chao-yen-dinh-duong-yenviet-vi-thit-bam-50g\/#primaryimage\",\"url\":\"https:\/\/dev.tolio.co.nz\/wp-content\/uploads\/2024\/08\/157.png\",\"contentUrl\":\"https:\/\/dev.tolio.co.nz\/wp-content\/uploads\/2024\/08\/157.png\",\"width\":1000,\"height\":907},{\"@type\":\"BreadcrumbList\",\"@id\":\"https:\/\/dev.tolio.co.nz\/san-pham\/thung-30-goi-chao-yen-dinh-duong-yenviet-vi-thit-bam-50g\/#breadcrumb\",\"itemListElement\":[{\"@type\":\"ListItem\",\"position\":1,\"name\":\"Home\",\"item\":\"https:\/\/dev.tolio.co.nz\/\"},{\"@type\":\"ListItem\",\"position\":2,\"name\":\"C\u1eeda h\u00e0ng\",\"item\":\"https:\/\/dev.tolio.co.nz\/cua-hang\/\"},{\"@type\":\"ListItem\",\"position\":3,\"name\":\"Th\u00f9ng 30 g\u00f3i ch\u00e1o Y\u1ebfn dinh d\u01b0\u1ee1ng YenViet v\u1ecb th\u1ecbt b\u1eb1m 50g\"}]},{\"@type\":\"WebSite\",\"@id\":\"https:\/\/dev.tolio.co.nz\/#website\",\"url\":\"https:\/\/dev.tolio.co.nz\/\",\"name\":\"TOLIO\",\"description\":\"Vietnamese Grocery Online\",\"potentialAction\":[{\"@type\":\"SearchAction\",\"target\":{\"@type\":\"EntryPoint\",\"urlTemplate\":\"https:\/\/dev.tolio.co.nz\/?s={search_term_string}\"},\"query-input\":{\"@type\":\"PropertyValueSpecification\",\"valueRequired\":true,\"valueName\":\"search_term_string\"}}],\"inLanguage\":\"en-US\"}]}<\/script>\n<!-- \/ Yoast SEO plugin. -->","yoast_head_json":{"title":"Th\u00f9ng 30 g\u00f3i ch\u00e1o Y\u1ebfn dinh d\u01b0\u1ee1ng YenViet v\u1ecb th\u1ecbt b\u1eb1m 50g - TOLIO","description":"Th\u01b0\u01a1ng hi\u1ec7u: YenViet  Xu\u1ea5t x\u1ee9 th\u01b0\u01a1ng hi\u1ec7u: Vi\u1ec7t Nam  Quy c\u00e1ch \u0111\u00f3ng g\u00f3i: g\u00f3i 50g, 30 g\u00f3i \/th\u00f9ng  L\u01b0u \u00fd: Bao b\u00ec s\u1ea3n ph\u1ea9m c\u00f3 th\u1ec3 thay \u0111\u1ed5i theo t\u1eebng \u0111\u1ee3t nh\u1eadp h\u00e0ng","robots":{"index":"index","follow":"follow","max-snippet":"max-snippet:-1","max-image-preview":"max-image-preview:large","max-video-preview":"max-video-preview:-1"},"canonical":"https:\/\/dev.tolio.co.nz\/en\/product\/box-of-30-packages-of-yenviet-nutritious-birds-nest-porridge-with-50g-minced-meat\/","og_locale":"en_US","og_type":"article","og_title":"Th\u00f9ng 30 g\u00f3i ch\u00e1o Y\u1ebfn dinh d\u01b0\u1ee1ng YenViet v\u1ecb th\u1ecbt b\u1eb1m 50g - TOLIO","og_description":"Th\u01b0\u01a1ng hi\u1ec7u: YenViet  Xu\u1ea5t x\u1ee9 th\u01b0\u01a1ng hi\u1ec7u: Vi\u1ec7t Nam  Quy c\u00e1ch \u0111\u00f3ng g\u00f3i: g\u00f3i 50g, 30 g\u00f3i \/th\u00f9ng  L\u01b0u \u00fd: Bao b\u00ec s\u1ea3n ph\u1ea9m c\u00f3 th\u1ec3 thay \u0111\u1ed5i theo t\u1eebng \u0111\u1ee3t nh\u1eadp h\u00e0ng","og_url":"https:\/\/dev.tolio.co.nz\/en\/product\/box-of-30-packages-of-yenviet-nutritious-birds-nest-porridge-with-50g-minced-meat\/","og_site_name":"TOLIO","article_modified_time":"2025-09-11T04:00:27+00:00","og_image":[{"width":1000,"height":907,"url":"https:\/\/dev.tolio.co.nz\/wp-content\/uploads\/2024\/08\/157.png","type":"image\/png"}],"twitter_card":"summary_large_image","twitter_misc":{"Est. reading time":"1 minute"},"schema":{"@context":"https:\/\/schema.org","@graph":[{"@type":"WebPage","@id":"https:\/\/dev.tolio.co.nz\/san-pham\/thung-30-goi-chao-yen-dinh-duong-yenviet-vi-thit-bam-50g\/","url":"https:\/\/dev.tolio.co.nz\/san-pham\/thung-30-goi-chao-yen-dinh-duong-yenviet-vi-thit-bam-50g\/","name":"Th\u00f9ng 30 g\u00f3i ch\u00e1o Y\u1ebfn dinh d\u01b0\u1ee1ng YenViet v\u1ecb th\u1ecbt b\u1eb1m 50g - TOLIO","isPartOf":{"@id":"https:\/\/dev.tolio.co.nz\/#website"},"primaryImageOfPage":{"@id":"https:\/\/dev.tolio.co.nz\/san-pham\/thung-30-goi-chao-yen-dinh-duong-yenviet-vi-thit-bam-50g\/#primaryimage"},"image":{"@id":"https:\/\/dev.tolio.co.nz\/san-pham\/thung-30-goi-chao-yen-dinh-duong-yenviet-vi-thit-bam-50g\/#primaryimage"},"thumbnailUrl":"https:\/\/dev.tolio.co.nz\/wp-content\/uploads\/2024\/08\/157.png","datePublished":"2024-07-31T06:24:05+00:00","dateModified":"2025-09-11T04:00:27+00:00","description":"Th\u01b0\u01a1ng hi\u1ec7u: YenViet Xu\u1ea5t x\u1ee9 th\u01b0\u01a1ng hi\u1ec7u: Vi\u1ec7t Nam Quy c\u00e1ch \u0111\u00f3ng g\u00f3i: g\u00f3i 50g, 30 g\u00f3i \/th\u00f9ng L\u01b0u \u00fd: Bao b\u00ec s\u1ea3n ph\u1ea9m c\u00f3 th\u1ec3 thay \u0111\u1ed5i theo t\u1eebng \u0111\u1ee3t nh\u1eadp h\u00e0ng","breadcrumb":{"@id":"https:\/\/dev.tolio.co.nz\/san-pham\/thung-30-goi-chao-yen-dinh-duong-yenviet-vi-thit-bam-50g\/#breadcrumb"},"inLanguage":"en-US","potentialAction":[{"@type":"ReadAction","target":["https:\/\/dev.tolio.co.nz\/san-pham\/thung-30-goi-chao-yen-dinh-duong-yenviet-vi-thit-bam-50g\/"]}]},{"@type":"ImageObject","inLanguage":"en-US","@id":"https:\/\/dev.tolio.co.nz\/san-pham\/thung-30-goi-chao-yen-dinh-duong-yenviet-vi-thit-bam-50g\/#primaryimage","url":"https:\/\/dev.tolio.co.nz\/wp-content\/uploads\/2024\/08\/157.png","contentUrl":"https:\/\/dev.tolio.co.nz\/wp-content\/uploads\/2024\/08\/157.png","width":1000,"height":907},{"@type":"BreadcrumbList","@id":"https:\/\/dev.tolio.co.nz\/san-pham\/thung-30-goi-chao-yen-dinh-duong-yenviet-vi-thit-bam-50g\/#breadcrumb","itemListElement":[{"@type":"ListItem","position":1,"name":"Home","item":"https:\/\/dev.tolio.co.nz\/"},{"@type":"ListItem","position":2,"name":"C\u1eeda h\u00e0ng","item":"https:\/\/dev.tolio.co.nz\/cua-hang\/"},{"@type":"ListItem","position":3,"name":"Th\u00f9ng 30 g\u00f3i ch\u00e1o Y\u1ebfn dinh d\u01b0\u1ee1ng YenViet v\u1ecb th\u1ecbt b\u1eb1m 50g"}]},{"@type":"WebSite","@id":"https:\/\/dev.tolio.co.nz\/#website","url":"https:\/\/dev.tolio.co.nz\/","name":"TOLIO","description":"Vietnamese Grocery Online","potentialAction":[{"@type":"SearchAction","target":{"@type":"EntryPoint","urlTemplate":"https:\/\/dev.tolio.co.nz\/?s={search_term_string}"},"query-input":{"@type":"PropertyValueSpecification","valueRequired":true,"valueName":"search_term_string"}}],"inLanguage":"en-US"}]}},"_links":{"self":[{"href":"https:\/\/dev.tolio.co.nz\/en\/wp-json\/wp\/v2\/product\/18816","targetHints":{"allow":["GET"]}}],"collection":[{"href":"https:\/\/dev.tolio.co.nz\/en\/wp-json\/wp\/v2\/product"}],"about":[{"href":"https:\/\/dev.tolio.co.nz\/en\/wp-json\/wp\/v2\/types\/product"}],"replies":[{"embeddable":true,"href":"https:\/\/dev.tolio.co.nz\/en\/wp-json\/wp\/v2\/comments?post=18816"}],"wp:featuredmedia":[{"embeddable":true,"href":"https:\/\/dev.tolio.co.nz\/en\/wp-json\/wp\/v2\/media\/21223"}],"wp:attachment":[{"href":"https:\/\/dev.tolio.co.nz\/en\/wp-json\/wp\/v2\/media?parent=18816"}],"wp:term":[{"taxonomy":"product_brand","embeddable":true,"href":"https:\/\/dev.tolio.co.nz\/en\/wp-json\/wp\/v2\/product_brand?post=18816"},{"taxonomy":"product_cat","embeddable":true,"href":"https:\/\/dev.tolio.co.nz\/en\/wp-json\/wp\/v2\/product_cat?post=18816"},{"taxonomy":"product_tag","embeddable":true,"href":"https:\/\/dev.tolio.co.nz\/en\/wp-json\/wp\/v2\/product_tag?post=18816"}],"curies":[{"name":"wp","href":"https:\/\/api.w.org\/{rel}","templated":true}]}}