{"id":18854,"date":"2024-07-31T21:54:35","date_gmt":"2024-07-31T09:09:35","guid":{"rendered":"https:\/\/tolio.co.nz\/?post_type=product&#038;p=18854"},"modified":"2025-09-11T16:00:47","modified_gmt":"2025-09-11T04:00:47","slug":"nuoc-yen-sao-sanest-khong-duong-lo-70ml","status":"publish","type":"product","link":"https:\/\/dev.tolio.co.nz\/en\/product\/sanest-sugar-free-birds-nest-water-70ml\/","title":{"rendered":"N\u01b0\u1edbc y\u1ebfn s\u00e0o Sanest kh\u00f4ng \u0111\u01b0\u1eddng l\u1ecd 70ml"},"content":{"rendered":"<p><strong>N\u01b0\u1edbc y\u1ebfn s\u00e0o Sanest kh\u00f4ng \u0111\u01b0\u1eddng l\u1ecd 70ml<\/strong> l\u00e0 s\u1ea3n ph\u1ea9m \u0111\u01b0\u1ee3c ch\u1ebf bi\u1ebfn t\u1eeb ngu\u1ed3n Y\u1ebfn s\u00e0o \u0111\u1ea3o thi\u00ean nhi\u00ean v\u00e0 gi\u1eef nguy\u00ean t\u00ednh n\u0103ng c\u1ee7a Y\u1ebfn s\u00e0o \u0111\u1ea3o thi\u00ean nhi\u00ean. N\u01b0\u1edbc y\u1ebfn s\u00e0o Sanest gi\u00fap ph\u1ee5c h\u1ed3i s\u1ee9c kh\u1ecfe nhanh ch\u00f3ng, \u0111\u1eb7c bi\u1ec7t \u0111\u00e2y c\u00f2n l\u00e0 m\u00f3n qu\u00e0 bi\u1ebfu b\u1ed5 d\u01b0\u1ee1ng \u0111\u1ec3 d\u00e0nh t\u1eb7ng cho nh\u1eefng ng\u01b0\u1eddi th\u00e2n c\u1ee7a b\u1ea1n.<\/p>\n<p><strong>H\u01b0\u1edbng d\u1eabn s\u1eed d\u1ee5ng:<\/strong><\/p>\n<ul>\n<li>L\u1eafc nh\u1eb9 tr\u01b0\u1edbc khi u\u1ed1ng, ngon h\u01a1n khi u\u1ed1ng l\u1ea1nh, tr\u00e1nh \u0111un n\u00f3ng s\u1ea3n ph\u1ea9m tr\u01b0\u1edbc khi s\u1eed d\u1ee5ng.<\/li>\n<li>U\u1ed1ng tr\u1ef1c ti\u1ebfp t\u1eeb l\u1ecd.<\/li>\n<li>U\u1ed1ng t\u1eeb 1 -2\u00a0 l\u1ecd\/ng\u00e0y.<\/li>\n<li>Th\u00edch h\u1ee3p cho m\u1ecdi \u0111\u1ed9 tu\u1ed5i.<\/li>\n<li>Ph\u1ea3i s\u1eed d\u1ee5ng h\u1ebft khi \u0111\u00e3 m\u1edf n\u1eafp.<\/li>\n<\/ul>\n<p><strong>B\u1ea3o qu\u1ea3n:\u00a0<\/strong><\/p>\n<ul>\n<li>B\u1ea3o qu\u1ea3n \u1edf nhi\u1ec7t \u0111\u1ed9 th\u01b0\u1eddng, t\u1ea1i n\u01a1i kh\u00f4 r\u00e1o, tho\u00e1ng m\u00e1t.<\/li>\n<\/ul>\n<p><strong>H\u1ea1n s\u1eed d\u1ee5ng:<\/strong> 02 n\u0103m k\u1ec3 t\u1eeb ng\u00e0y s\u1ea3n xu\u1ea5t<\/p>\n<p>&nbsp;<\/p>\n<p>&nbsp;<\/p>","protected":false},"excerpt":{"rendered":"<ul>\n<li>Th\u01b0\u01a1ng hi\u1ec7u: Sanest<\/li>\n<li>Xu\u1ea5t x\u1ee9 th\u01b0\u01a1ng hi\u1ec7u: Vi\u1ec7t Nam<\/li>\n<li>Quy c\u00e1ch \u0111\u00f3ng g\u00f3i: L\u1ecd 70ml<\/li>\n<li>L\u01b0u \u00fd: Bao b\u00ec s\u1ea3n ph\u1ea9m c\u00f3 th\u1ec3 thay \u0111\u1ed5i theo t\u1eebng \u0111\u1ee3t nh\u1eadp h\u00e0ng<\/li>\n<\/ul>","protected":false},"featured_media":20876,"comment_status":"open","ping_status":"closed","template":"","meta":[],"product_brand":[],"product_cat":[34,37,31],"product_tag":[971,972],"class_list":{"0":"post-18854","1":"product","2":"type-product","3":"status-publish","4":"has-post-thumbnail","6":"product_cat-thuc-uong","7":"product_cat-thuc-uong-dinh-duong","8":"product_cat-hang-moi-ve","9":"product_tag-nuoc-yen-sao","10":"product_tag-sanest","11":"pa_thuong-hieu-savinest","13":"first","14":"instock","15":"shipping-taxable","16":"purchasable","17":"product-type-simple"},"yoast_head":"<!-- This site is optimized with the Yoast SEO plugin v24.4 - https:\/\/yoast.com\/wordpress\/plugins\/seo\/ -->\n<title>N\u01b0\u1edbc y\u1ebfn s\u00e0o Sanest kh\u00f4ng \u0111\u01b0\u1eddng l\u1ecd 70ml - TOLIO<\/title>\n<meta name=\"description\" content=\"Th\u01b0\u01a1ng hi\u1ec7u: Sanest  Xu\u1ea5t x\u1ee9 th\u01b0\u01a1ng hi\u1ec7u: Vi\u1ec7t Nam  Quy c\u00e1ch \u0111\u00f3ng g\u00f3i: L\u1ecd 70ml  L\u01b0u \u00fd: Bao b\u00ec s\u1ea3n ph\u1ea9m c\u00f3 th\u1ec3 thay \u0111\u1ed5i theo t\u1eebng \u0111\u1ee3t nh\u1eadp h\u00e0ng\" \/>\n<meta name=\"robots\" content=\"index, follow, max-snippet:-1, max-image-preview:large, max-video-preview:-1\" \/>\n<link rel=\"canonical\" href=\"https:\/\/dev.tolio.co.nz\/en\/product\/sanest-sugar-free-birds-nest-water-70ml\/\" \/>\n<meta property=\"og:locale\" content=\"en_US\" \/>\n<meta property=\"og:type\" content=\"article\" \/>\n<meta property=\"og:title\" content=\"N\u01b0\u1edbc y\u1ebfn s\u00e0o Sanest kh\u00f4ng \u0111\u01b0\u1eddng l\u1ecd 70ml - TOLIO\" \/>\n<meta property=\"og:description\" content=\"Th\u01b0\u01a1ng hi\u1ec7u: Sanest  Xu\u1ea5t x\u1ee9 th\u01b0\u01a1ng hi\u1ec7u: Vi\u1ec7t Nam  Quy c\u00e1ch \u0111\u00f3ng g\u00f3i: L\u1ecd 70ml  L\u01b0u \u00fd: Bao b\u00ec s\u1ea3n ph\u1ea9m c\u00f3 th\u1ec3 thay \u0111\u1ed5i theo t\u1eebng \u0111\u1ee3t nh\u1eadp h\u00e0ng\" \/>\n<meta property=\"og:url\" content=\"https:\/\/dev.tolio.co.nz\/en\/product\/sanest-sugar-free-birds-nest-water-70ml\/\" \/>\n<meta property=\"og:site_name\" content=\"TOLIO\" \/>\n<meta property=\"article:modified_time\" content=\"2025-09-11T04:00:47+00:00\" \/>\n<meta property=\"og:image\" content=\"https:\/\/dev.tolio.co.nz\/wp-content\/uploads\/2024\/07\/382.png\" \/>\n\t<meta property=\"og:image:width\" content=\"1000\" \/>\n\t<meta property=\"og:image:height\" content=\"907\" \/>\n\t<meta property=\"og:image:type\" content=\"image\/png\" \/>\n<meta name=\"twitter:card\" content=\"summary_large_image\" \/>\n<meta name=\"twitter:label1\" content=\"Est. reading time\" \/>\n\t<meta name=\"twitter:data1\" content=\"1 minute\" \/>\n<script type=\"application\/ld+json\" class=\"yoast-schema-graph\">{\"@context\":\"https:\/\/schema.org\",\"@graph\":[{\"@type\":\"WebPage\",\"@id\":\"https:\/\/dev.tolio.co.nz\/san-pham\/nuoc-yen-sao-sanest-khong-duong-lo-70ml\/\",\"url\":\"https:\/\/dev.tolio.co.nz\/san-pham\/nuoc-yen-sao-sanest-khong-duong-lo-70ml\/\",\"name\":\"N\u01b0\u1edbc y\u1ebfn s\u00e0o Sanest kh\u00f4ng \u0111\u01b0\u1eddng l\u1ecd 70ml - TOLIO\",\"isPartOf\":{\"@id\":\"https:\/\/dev.tolio.co.nz\/#website\"},\"primaryImageOfPage\":{\"@id\":\"https:\/\/dev.tolio.co.nz\/san-pham\/nuoc-yen-sao-sanest-khong-duong-lo-70ml\/#primaryimage\"},\"image\":{\"@id\":\"https:\/\/dev.tolio.co.nz\/san-pham\/nuoc-yen-sao-sanest-khong-duong-lo-70ml\/#primaryimage\"},\"thumbnailUrl\":\"https:\/\/dev.tolio.co.nz\/wp-content\/uploads\/2024\/07\/382.png\",\"datePublished\":\"2024-07-31T09:09:35+00:00\",\"dateModified\":\"2025-09-11T04:00:47+00:00\",\"description\":\"Th\u01b0\u01a1ng hi\u1ec7u: Sanest Xu\u1ea5t x\u1ee9 th\u01b0\u01a1ng hi\u1ec7u: Vi\u1ec7t Nam Quy c\u00e1ch \u0111\u00f3ng g\u00f3i: L\u1ecd 70ml L\u01b0u \u00fd: Bao b\u00ec s\u1ea3n ph\u1ea9m c\u00f3 th\u1ec3 thay \u0111\u1ed5i theo t\u1eebng \u0111\u1ee3t nh\u1eadp h\u00e0ng\",\"breadcrumb\":{\"@id\":\"https:\/\/dev.tolio.co.nz\/san-pham\/nuoc-yen-sao-sanest-khong-duong-lo-70ml\/#breadcrumb\"},\"inLanguage\":\"en-US\",\"potentialAction\":[{\"@type\":\"ReadAction\",\"target\":[\"https:\/\/dev.tolio.co.nz\/san-pham\/nuoc-yen-sao-sanest-khong-duong-lo-70ml\/\"]}]},{\"@type\":\"ImageObject\",\"inLanguage\":\"en-US\",\"@id\":\"https:\/\/dev.tolio.co.nz\/san-pham\/nuoc-yen-sao-sanest-khong-duong-lo-70ml\/#primaryimage\",\"url\":\"https:\/\/dev.tolio.co.nz\/wp-content\/uploads\/2024\/07\/382.png\",\"contentUrl\":\"https:\/\/dev.tolio.co.nz\/wp-content\/uploads\/2024\/07\/382.png\",\"width\":1000,\"height\":907},{\"@type\":\"BreadcrumbList\",\"@id\":\"https:\/\/dev.tolio.co.nz\/san-pham\/nuoc-yen-sao-sanest-khong-duong-lo-70ml\/#breadcrumb\",\"itemListElement\":[{\"@type\":\"ListItem\",\"position\":1,\"name\":\"Home\",\"item\":\"https:\/\/dev.tolio.co.nz\/\"},{\"@type\":\"ListItem\",\"position\":2,\"name\":\"C\u1eeda h\u00e0ng\",\"item\":\"https:\/\/dev.tolio.co.nz\/cua-hang\/\"},{\"@type\":\"ListItem\",\"position\":3,\"name\":\"N\u01b0\u1edbc y\u1ebfn s\u00e0o Sanest kh\u00f4ng \u0111\u01b0\u1eddng l\u1ecd 70ml\"}]},{\"@type\":\"WebSite\",\"@id\":\"https:\/\/dev.tolio.co.nz\/#website\",\"url\":\"https:\/\/dev.tolio.co.nz\/\",\"name\":\"TOLIO\",\"description\":\"Vietnamese Grocery Online\",\"potentialAction\":[{\"@type\":\"SearchAction\",\"target\":{\"@type\":\"EntryPoint\",\"urlTemplate\":\"https:\/\/dev.tolio.co.nz\/?s={search_term_string}\"},\"query-input\":{\"@type\":\"PropertyValueSpecification\",\"valueRequired\":true,\"valueName\":\"search_term_string\"}}],\"inLanguage\":\"en-US\"}]}<\/script>\n<!-- \/ Yoast SEO plugin. -->","yoast_head_json":{"title":"N\u01b0\u1edbc y\u1ebfn s\u00e0o Sanest kh\u00f4ng \u0111\u01b0\u1eddng l\u1ecd 70ml - TOLIO","description":"Th\u01b0\u01a1ng hi\u1ec7u: Sanest  Xu\u1ea5t x\u1ee9 th\u01b0\u01a1ng hi\u1ec7u: Vi\u1ec7t Nam  Quy c\u00e1ch \u0111\u00f3ng g\u00f3i: L\u1ecd 70ml  L\u01b0u \u00fd: Bao b\u00ec s\u1ea3n ph\u1ea9m c\u00f3 th\u1ec3 thay \u0111\u1ed5i theo t\u1eebng \u0111\u1ee3t nh\u1eadp h\u00e0ng","robots":{"index":"index","follow":"follow","max-snippet":"max-snippet:-1","max-image-preview":"max-image-preview:large","max-video-preview":"max-video-preview:-1"},"canonical":"https:\/\/dev.tolio.co.nz\/en\/product\/sanest-sugar-free-birds-nest-water-70ml\/","og_locale":"en_US","og_type":"article","og_title":"N\u01b0\u1edbc y\u1ebfn s\u00e0o Sanest kh\u00f4ng \u0111\u01b0\u1eddng l\u1ecd 70ml - TOLIO","og_description":"Th\u01b0\u01a1ng hi\u1ec7u: Sanest  Xu\u1ea5t x\u1ee9 th\u01b0\u01a1ng hi\u1ec7u: Vi\u1ec7t Nam  Quy c\u00e1ch \u0111\u00f3ng g\u00f3i: L\u1ecd 70ml  L\u01b0u \u00fd: Bao b\u00ec s\u1ea3n ph\u1ea9m c\u00f3 th\u1ec3 thay \u0111\u1ed5i theo t\u1eebng \u0111\u1ee3t nh\u1eadp h\u00e0ng","og_url":"https:\/\/dev.tolio.co.nz\/en\/product\/sanest-sugar-free-birds-nest-water-70ml\/","og_site_name":"TOLIO","article_modified_time":"2025-09-11T04:00:47+00:00","og_image":[{"width":1000,"height":907,"url":"https:\/\/dev.tolio.co.nz\/wp-content\/uploads\/2024\/07\/382.png","type":"image\/png"}],"twitter_card":"summary_large_image","twitter_misc":{"Est. reading time":"1 minute"},"schema":{"@context":"https:\/\/schema.org","@graph":[{"@type":"WebPage","@id":"https:\/\/dev.tolio.co.nz\/san-pham\/nuoc-yen-sao-sanest-khong-duong-lo-70ml\/","url":"https:\/\/dev.tolio.co.nz\/san-pham\/nuoc-yen-sao-sanest-khong-duong-lo-70ml\/","name":"N\u01b0\u1edbc y\u1ebfn s\u00e0o Sanest kh\u00f4ng \u0111\u01b0\u1eddng l\u1ecd 70ml - TOLIO","isPartOf":{"@id":"https:\/\/dev.tolio.co.nz\/#website"},"primaryImageOfPage":{"@id":"https:\/\/dev.tolio.co.nz\/san-pham\/nuoc-yen-sao-sanest-khong-duong-lo-70ml\/#primaryimage"},"image":{"@id":"https:\/\/dev.tolio.co.nz\/san-pham\/nuoc-yen-sao-sanest-khong-duong-lo-70ml\/#primaryimage"},"thumbnailUrl":"https:\/\/dev.tolio.co.nz\/wp-content\/uploads\/2024\/07\/382.png","datePublished":"2024-07-31T09:09:35+00:00","dateModified":"2025-09-11T04:00:47+00:00","description":"Th\u01b0\u01a1ng hi\u1ec7u: Sanest Xu\u1ea5t x\u1ee9 th\u01b0\u01a1ng hi\u1ec7u: Vi\u1ec7t Nam Quy c\u00e1ch \u0111\u00f3ng g\u00f3i: L\u1ecd 70ml L\u01b0u \u00fd: Bao b\u00ec s\u1ea3n ph\u1ea9m c\u00f3 th\u1ec3 thay \u0111\u1ed5i theo t\u1eebng \u0111\u1ee3t nh\u1eadp h\u00e0ng","breadcrumb":{"@id":"https:\/\/dev.tolio.co.nz\/san-pham\/nuoc-yen-sao-sanest-khong-duong-lo-70ml\/#breadcrumb"},"inLanguage":"en-US","potentialAction":[{"@type":"ReadAction","target":["https:\/\/dev.tolio.co.nz\/san-pham\/nuoc-yen-sao-sanest-khong-duong-lo-70ml\/"]}]},{"@type":"ImageObject","inLanguage":"en-US","@id":"https:\/\/dev.tolio.co.nz\/san-pham\/nuoc-yen-sao-sanest-khong-duong-lo-70ml\/#primaryimage","url":"https:\/\/dev.tolio.co.nz\/wp-content\/uploads\/2024\/07\/382.png","contentUrl":"https:\/\/dev.tolio.co.nz\/wp-content\/uploads\/2024\/07\/382.png","width":1000,"height":907},{"@type":"BreadcrumbList","@id":"https:\/\/dev.tolio.co.nz\/san-pham\/nuoc-yen-sao-sanest-khong-duong-lo-70ml\/#breadcrumb","itemListElement":[{"@type":"ListItem","position":1,"name":"Home","item":"https:\/\/dev.tolio.co.nz\/"},{"@type":"ListItem","position":2,"name":"C\u1eeda h\u00e0ng","item":"https:\/\/dev.tolio.co.nz\/cua-hang\/"},{"@type":"ListItem","position":3,"name":"N\u01b0\u1edbc y\u1ebfn s\u00e0o Sanest kh\u00f4ng \u0111\u01b0\u1eddng l\u1ecd 70ml"}]},{"@type":"WebSite","@id":"https:\/\/dev.tolio.co.nz\/#website","url":"https:\/\/dev.tolio.co.nz\/","name":"TOLIO","description":"Vietnamese Grocery Online","potentialAction":[{"@type":"SearchAction","target":{"@type":"EntryPoint","urlTemplate":"https:\/\/dev.tolio.co.nz\/?s={search_term_string}"},"query-input":{"@type":"PropertyValueSpecification","valueRequired":true,"valueName":"search_term_string"}}],"inLanguage":"en-US"}]}},"_links":{"self":[{"href":"https:\/\/dev.tolio.co.nz\/en\/wp-json\/wp\/v2\/product\/18854","targetHints":{"allow":["GET"]}}],"collection":[{"href":"https:\/\/dev.tolio.co.nz\/en\/wp-json\/wp\/v2\/product"}],"about":[{"href":"https:\/\/dev.tolio.co.nz\/en\/wp-json\/wp\/v2\/types\/product"}],"replies":[{"embeddable":true,"href":"https:\/\/dev.tolio.co.nz\/en\/wp-json\/wp\/v2\/comments?post=18854"}],"wp:featuredmedia":[{"embeddable":true,"href":"https:\/\/dev.tolio.co.nz\/en\/wp-json\/wp\/v2\/media\/20876"}],"wp:attachment":[{"href":"https:\/\/dev.tolio.co.nz\/en\/wp-json\/wp\/v2\/media?parent=18854"}],"wp:term":[{"taxonomy":"product_brand","embeddable":true,"href":"https:\/\/dev.tolio.co.nz\/en\/wp-json\/wp\/v2\/product_brand?post=18854"},{"taxonomy":"product_cat","embeddable":true,"href":"https:\/\/dev.tolio.co.nz\/en\/wp-json\/wp\/v2\/product_cat?post=18854"},{"taxonomy":"product_tag","embeddable":true,"href":"https:\/\/dev.tolio.co.nz\/en\/wp-json\/wp\/v2\/product_tag?post=18854"}],"curies":[{"name":"wp","href":"https:\/\/api.w.org\/{rel}","templated":true}]}}