{"id":18860,"date":"2024-08-05T05:12:00","date_gmt":"2024-08-04T16:27:00","guid":{"rendered":"https:\/\/tolio.co.nz\/?post_type=product&#038;p=18860"},"modified":"2025-09-11T16:01:03","modified_gmt":"2025-09-11T04:01:03","slug":"nuoc-mam-lang-chai-xua-nhan-do-chai-500ml","status":"publish","type":"product","link":"https:\/\/dev.tolio.co.nz\/en\/product\/old-bottled-fish-sauce-500ml-bottle\/","title":{"rendered":"N\u01b0\u1edbc m\u1eafm L\u00e0ng Ch\u00e0i X\u01b0a nh\u00e3n \u0111\u1ecf chai 500ml"},"content":{"rendered":"<p><strong>N\u01b0\u1edbc m\u1eafm L\u00e0ng Ch\u00e0i X\u01b0a nh\u00e3n \u0111\u1ecf chai 500ml <\/strong>l\u00e0 n\u01b0\u1edbc m\u1eafm nguy\u00ean ch\u1ea5t, 100% t\u1eeb c\u00e1 c\u01a1m t\u01b0\u01a1i v\u00e0 mu\u1ed1i tinh khi\u1ebft \u0111\u01b0\u1ee3c \u1ee7 ch\u01b0\u1ee3p trong th\u00f9ng l\u1ec1u g\u1ed7.\u00a0N\u01b0\u1edbc m\u1eafm nh\u1ec9 L\u00e0ng Ch\u00e0i X\u01b0a chuy\u00ean d\u00f9ng \u0111\u1ec3 ch\u1ea5m \u0103n s\u1ed1ng ho\u1eb7c n\u00eam n\u1ebfm khi n\u1ea5u \u0103n, n\u01b0\u1edbc m\u1eafm ngon ph\u00f9 h\u1ee3p cho b\u1eefa c\u01a1m c\u1ee7a m\u1ecdi gia \u0111\u00ecnh Vi\u1ec7t.<\/p>\n<p><strong>H\u01b0\u1edbng d\u1eabn s\u1eed d\u1ee5ng:<\/strong><\/p>\n<ul>\n<li>S\u1eed d\u1ee5ng n\u01b0\u1edbc m\u1eafm \u0111\u1ec3 l\u00e0m gia v\u1ecb t\u1ea9m \u01b0\u1edbp c\u00e1c lo\u1ea1i th\u1ef1c ph\u1ea9m tr\u01b0\u1edbc khi ch\u1ebf bi\u1ebfn ho\u1eb7c n\u00eam n\u1ebfm th\u1ee9c \u0103n.<\/li>\n<li>Ngo\u00e0i ra, c\u00f3 th\u1ec3 pha ch\u1ebf c\u00f9ng c\u00e1c nguy\u00ean li\u1ec7u nh\u01b0: n\u01b0\u1edbc, chanh, t\u1ecfi, \u1edbt\u2026 \u0111\u1ec3 t\u1ea1o th\u00e0nh m\u00f3n n\u01b0\u1edbc ch\u1ea5m th\u01a1m ngon gi\u00fap t\u0103ng th\u00eam h\u01b0\u01a1ng v\u1ecb h\u1ea5p d\u1eabn cho m\u00f3n \u0103n.<\/li>\n<\/ul>\n<p><strong>B\u1ea3o qu\u1ea3n:<\/strong><\/p>\n<ul>\n<li>N\u01a1i kh\u00f4 r\u00e1o, tho\u00e1ng m\u00e1t, tr\u00e1nh \u00e1nh n\u1eafng tr\u1ef1c ti\u1ebfp, \u0111\u1eady k\u00edn sau khi s\u1eed d\u1ee5ng.<\/li>\n<\/ul>\n<p><strong>H\u1ea1n s\u1eed d\u1ee5ng:<\/strong> 02 n\u0103m k\u1ec3 t\u1eeb ng\u00e0y s\u1ea3n xu\u1ea5t<\/p>","protected":false},"excerpt":{"rendered":"<ul>\n<li>Th\u01b0\u01a1ng hi\u1ec7u: L\u00e0ng Ch\u00e0i X\u01b0a<\/li>\n<li>Xu\u1ea5t x\u1ee9 th\u01b0\u01a1ng hi\u1ec7u: Vi\u1ec7t Nam<\/li>\n<li>Quy c\u00e1ch \u0111\u00f3ng g\u00f3i: Chai 500ml<\/li>\n<li>L\u01b0u \u00fd: Bao b\u00ec s\u1ea3n ph\u1ea9m c\u00f3 th\u1ec3 thay \u0111\u1ed5i theo t\u1eebng \u0111\u1ee3t nh\u1eadp h\u00e0ng<\/li>\n<\/ul>","protected":false},"featured_media":21154,"comment_status":"open","ping_status":"closed","template":"","meta":[],"product_brand":[],"product_cat":[33,479,31],"product_tag":[973,103],"class_list":{"0":"post-18860","1":"product","2":"type-product","3":"status-publish","4":"has-post-thumbnail","6":"product_cat-gia-vi","7":"product_cat-nuoc-mam-nuoc-tuong-tuong-ot","8":"product_cat-hang-moi-ve","9":"product_tag-lang-chai-xua","10":"product_tag-nuoc-mam","11":"pa_thuong-hieu-lang-chai-xua","13":"first","14":"instock","15":"shipping-taxable","16":"purchasable","17":"product-type-simple"},"yoast_head":"<!-- This site is optimized with the Yoast SEO plugin v24.4 - https:\/\/yoast.com\/wordpress\/plugins\/seo\/ -->\n<title>N\u01b0\u1edbc m\u1eafm L\u00e0ng Ch\u00e0i X\u01b0a nh\u00e3n \u0111\u1ecf chai 500ml - TOLIO<\/title>\n<meta name=\"description\" content=\"Th\u01b0\u01a1ng hi\u1ec7u: L\u00e0ng Ch\u00e0i X\u01b0a  Xu\u1ea5t x\u1ee9 th\u01b0\u01a1ng hi\u1ec7u: Vi\u1ec7t Nam  Quy c\u00e1ch \u0111\u00f3ng g\u00f3i: Chai 500ml  L\u01b0u \u00fd: Bao b\u00ec s\u1ea3n ph\u1ea9m c\u00f3 th\u1ec3 thay \u0111\u1ed5i theo t\u1eebng \u0111\u1ee3t nh\u1eadp h\u00e0ng\" \/>\n<meta name=\"robots\" content=\"index, follow, max-snippet:-1, max-image-preview:large, max-video-preview:-1\" \/>\n<link rel=\"canonical\" href=\"https:\/\/dev.tolio.co.nz\/en\/product\/old-bottled-fish-sauce-500ml-bottle\/\" \/>\n<meta property=\"og:locale\" content=\"en_US\" \/>\n<meta property=\"og:type\" content=\"article\" \/>\n<meta property=\"og:title\" content=\"N\u01b0\u1edbc m\u1eafm L\u00e0ng Ch\u00e0i X\u01b0a nh\u00e3n \u0111\u1ecf chai 500ml - TOLIO\" \/>\n<meta property=\"og:description\" content=\"Th\u01b0\u01a1ng hi\u1ec7u: L\u00e0ng Ch\u00e0i X\u01b0a  Xu\u1ea5t x\u1ee9 th\u01b0\u01a1ng hi\u1ec7u: Vi\u1ec7t Nam  Quy c\u00e1ch \u0111\u00f3ng g\u00f3i: Chai 500ml  L\u01b0u \u00fd: Bao b\u00ec s\u1ea3n ph\u1ea9m c\u00f3 th\u1ec3 thay \u0111\u1ed5i theo t\u1eebng \u0111\u1ee3t nh\u1eadp h\u00e0ng\" \/>\n<meta property=\"og:url\" content=\"https:\/\/dev.tolio.co.nz\/en\/product\/old-bottled-fish-sauce-500ml-bottle\/\" \/>\n<meta property=\"og:site_name\" content=\"TOLIO\" \/>\n<meta property=\"article:modified_time\" content=\"2025-09-11T04:01:03+00:00\" \/>\n<meta property=\"og:image\" content=\"https:\/\/dev.tolio.co.nz\/wp-content\/uploads\/2024\/08\/484.png\" \/>\n\t<meta property=\"og:image:width\" content=\"1000\" \/>\n\t<meta property=\"og:image:height\" content=\"907\" \/>\n\t<meta property=\"og:image:type\" content=\"image\/png\" \/>\n<meta name=\"twitter:card\" content=\"summary_large_image\" \/>\n<meta name=\"twitter:label1\" content=\"Est. reading time\" \/>\n\t<meta name=\"twitter:data1\" content=\"1 minute\" \/>\n<script type=\"application\/ld+json\" class=\"yoast-schema-graph\">{\"@context\":\"https:\/\/schema.org\",\"@graph\":[{\"@type\":\"WebPage\",\"@id\":\"https:\/\/dev.tolio.co.nz\/san-pham\/nuoc-mam-lang-chai-xua-nhan-do-chai-500ml\/\",\"url\":\"https:\/\/dev.tolio.co.nz\/san-pham\/nuoc-mam-lang-chai-xua-nhan-do-chai-500ml\/\",\"name\":\"N\u01b0\u1edbc m\u1eafm L\u00e0ng Ch\u00e0i X\u01b0a nh\u00e3n \u0111\u1ecf chai 500ml - TOLIO\",\"isPartOf\":{\"@id\":\"https:\/\/dev.tolio.co.nz\/#website\"},\"primaryImageOfPage\":{\"@id\":\"https:\/\/dev.tolio.co.nz\/san-pham\/nuoc-mam-lang-chai-xua-nhan-do-chai-500ml\/#primaryimage\"},\"image\":{\"@id\":\"https:\/\/dev.tolio.co.nz\/san-pham\/nuoc-mam-lang-chai-xua-nhan-do-chai-500ml\/#primaryimage\"},\"thumbnailUrl\":\"https:\/\/dev.tolio.co.nz\/wp-content\/uploads\/2024\/08\/484.png\",\"datePublished\":\"2024-08-04T16:27:00+00:00\",\"dateModified\":\"2025-09-11T04:01:03+00:00\",\"description\":\"Th\u01b0\u01a1ng hi\u1ec7u: L\u00e0ng Ch\u00e0i X\u01b0a Xu\u1ea5t x\u1ee9 th\u01b0\u01a1ng hi\u1ec7u: Vi\u1ec7t Nam Quy c\u00e1ch \u0111\u00f3ng g\u00f3i: Chai 500ml L\u01b0u \u00fd: Bao b\u00ec s\u1ea3n ph\u1ea9m c\u00f3 th\u1ec3 thay \u0111\u1ed5i theo t\u1eebng \u0111\u1ee3t nh\u1eadp h\u00e0ng\",\"breadcrumb\":{\"@id\":\"https:\/\/dev.tolio.co.nz\/san-pham\/nuoc-mam-lang-chai-xua-nhan-do-chai-500ml\/#breadcrumb\"},\"inLanguage\":\"en-US\",\"potentialAction\":[{\"@type\":\"ReadAction\",\"target\":[\"https:\/\/dev.tolio.co.nz\/san-pham\/nuoc-mam-lang-chai-xua-nhan-do-chai-500ml\/\"]}]},{\"@type\":\"ImageObject\",\"inLanguage\":\"en-US\",\"@id\":\"https:\/\/dev.tolio.co.nz\/san-pham\/nuoc-mam-lang-chai-xua-nhan-do-chai-500ml\/#primaryimage\",\"url\":\"https:\/\/dev.tolio.co.nz\/wp-content\/uploads\/2024\/08\/484.png\",\"contentUrl\":\"https:\/\/dev.tolio.co.nz\/wp-content\/uploads\/2024\/08\/484.png\",\"width\":1000,\"height\":907},{\"@type\":\"BreadcrumbList\",\"@id\":\"https:\/\/dev.tolio.co.nz\/san-pham\/nuoc-mam-lang-chai-xua-nhan-do-chai-500ml\/#breadcrumb\",\"itemListElement\":[{\"@type\":\"ListItem\",\"position\":1,\"name\":\"Home\",\"item\":\"https:\/\/dev.tolio.co.nz\/\"},{\"@type\":\"ListItem\",\"position\":2,\"name\":\"C\u1eeda h\u00e0ng\",\"item\":\"https:\/\/dev.tolio.co.nz\/cua-hang\/\"},{\"@type\":\"ListItem\",\"position\":3,\"name\":\"N\u01b0\u1edbc m\u1eafm L\u00e0ng Ch\u00e0i X\u01b0a nh\u00e3n \u0111\u1ecf chai 500ml\"}]},{\"@type\":\"WebSite\",\"@id\":\"https:\/\/dev.tolio.co.nz\/#website\",\"url\":\"https:\/\/dev.tolio.co.nz\/\",\"name\":\"TOLIO\",\"description\":\"Vietnamese Grocery Online\",\"potentialAction\":[{\"@type\":\"SearchAction\",\"target\":{\"@type\":\"EntryPoint\",\"urlTemplate\":\"https:\/\/dev.tolio.co.nz\/?s={search_term_string}\"},\"query-input\":{\"@type\":\"PropertyValueSpecification\",\"valueRequired\":true,\"valueName\":\"search_term_string\"}}],\"inLanguage\":\"en-US\"}]}<\/script>\n<!-- \/ Yoast SEO plugin. -->","yoast_head_json":{"title":"N\u01b0\u1edbc m\u1eafm L\u00e0ng Ch\u00e0i X\u01b0a nh\u00e3n \u0111\u1ecf chai 500ml - TOLIO","description":"Th\u01b0\u01a1ng hi\u1ec7u: L\u00e0ng Ch\u00e0i X\u01b0a  Xu\u1ea5t x\u1ee9 th\u01b0\u01a1ng hi\u1ec7u: Vi\u1ec7t Nam  Quy c\u00e1ch \u0111\u00f3ng g\u00f3i: Chai 500ml  L\u01b0u \u00fd: Bao b\u00ec s\u1ea3n ph\u1ea9m c\u00f3 th\u1ec3 thay \u0111\u1ed5i theo t\u1eebng \u0111\u1ee3t nh\u1eadp h\u00e0ng","robots":{"index":"index","follow":"follow","max-snippet":"max-snippet:-1","max-image-preview":"max-image-preview:large","max-video-preview":"max-video-preview:-1"},"canonical":"https:\/\/dev.tolio.co.nz\/en\/product\/old-bottled-fish-sauce-500ml-bottle\/","og_locale":"en_US","og_type":"article","og_title":"N\u01b0\u1edbc m\u1eafm L\u00e0ng Ch\u00e0i X\u01b0a nh\u00e3n \u0111\u1ecf chai 500ml - TOLIO","og_description":"Th\u01b0\u01a1ng hi\u1ec7u: L\u00e0ng Ch\u00e0i X\u01b0a  Xu\u1ea5t x\u1ee9 th\u01b0\u01a1ng hi\u1ec7u: Vi\u1ec7t Nam  Quy c\u00e1ch \u0111\u00f3ng g\u00f3i: Chai 500ml  L\u01b0u \u00fd: Bao b\u00ec s\u1ea3n ph\u1ea9m c\u00f3 th\u1ec3 thay \u0111\u1ed5i theo t\u1eebng \u0111\u1ee3t nh\u1eadp h\u00e0ng","og_url":"https:\/\/dev.tolio.co.nz\/en\/product\/old-bottled-fish-sauce-500ml-bottle\/","og_site_name":"TOLIO","article_modified_time":"2025-09-11T04:01:03+00:00","og_image":[{"width":1000,"height":907,"url":"https:\/\/dev.tolio.co.nz\/wp-content\/uploads\/2024\/08\/484.png","type":"image\/png"}],"twitter_card":"summary_large_image","twitter_misc":{"Est. reading time":"1 minute"},"schema":{"@context":"https:\/\/schema.org","@graph":[{"@type":"WebPage","@id":"https:\/\/dev.tolio.co.nz\/san-pham\/nuoc-mam-lang-chai-xua-nhan-do-chai-500ml\/","url":"https:\/\/dev.tolio.co.nz\/san-pham\/nuoc-mam-lang-chai-xua-nhan-do-chai-500ml\/","name":"N\u01b0\u1edbc m\u1eafm L\u00e0ng Ch\u00e0i X\u01b0a nh\u00e3n \u0111\u1ecf chai 500ml - TOLIO","isPartOf":{"@id":"https:\/\/dev.tolio.co.nz\/#website"},"primaryImageOfPage":{"@id":"https:\/\/dev.tolio.co.nz\/san-pham\/nuoc-mam-lang-chai-xua-nhan-do-chai-500ml\/#primaryimage"},"image":{"@id":"https:\/\/dev.tolio.co.nz\/san-pham\/nuoc-mam-lang-chai-xua-nhan-do-chai-500ml\/#primaryimage"},"thumbnailUrl":"https:\/\/dev.tolio.co.nz\/wp-content\/uploads\/2024\/08\/484.png","datePublished":"2024-08-04T16:27:00+00:00","dateModified":"2025-09-11T04:01:03+00:00","description":"Th\u01b0\u01a1ng hi\u1ec7u: L\u00e0ng Ch\u00e0i X\u01b0a Xu\u1ea5t x\u1ee9 th\u01b0\u01a1ng hi\u1ec7u: Vi\u1ec7t Nam Quy c\u00e1ch \u0111\u00f3ng g\u00f3i: Chai 500ml L\u01b0u \u00fd: Bao b\u00ec s\u1ea3n ph\u1ea9m c\u00f3 th\u1ec3 thay \u0111\u1ed5i theo t\u1eebng \u0111\u1ee3t nh\u1eadp h\u00e0ng","breadcrumb":{"@id":"https:\/\/dev.tolio.co.nz\/san-pham\/nuoc-mam-lang-chai-xua-nhan-do-chai-500ml\/#breadcrumb"},"inLanguage":"en-US","potentialAction":[{"@type":"ReadAction","target":["https:\/\/dev.tolio.co.nz\/san-pham\/nuoc-mam-lang-chai-xua-nhan-do-chai-500ml\/"]}]},{"@type":"ImageObject","inLanguage":"en-US","@id":"https:\/\/dev.tolio.co.nz\/san-pham\/nuoc-mam-lang-chai-xua-nhan-do-chai-500ml\/#primaryimage","url":"https:\/\/dev.tolio.co.nz\/wp-content\/uploads\/2024\/08\/484.png","contentUrl":"https:\/\/dev.tolio.co.nz\/wp-content\/uploads\/2024\/08\/484.png","width":1000,"height":907},{"@type":"BreadcrumbList","@id":"https:\/\/dev.tolio.co.nz\/san-pham\/nuoc-mam-lang-chai-xua-nhan-do-chai-500ml\/#breadcrumb","itemListElement":[{"@type":"ListItem","position":1,"name":"Home","item":"https:\/\/dev.tolio.co.nz\/"},{"@type":"ListItem","position":2,"name":"C\u1eeda h\u00e0ng","item":"https:\/\/dev.tolio.co.nz\/cua-hang\/"},{"@type":"ListItem","position":3,"name":"N\u01b0\u1edbc m\u1eafm L\u00e0ng Ch\u00e0i X\u01b0a nh\u00e3n \u0111\u1ecf chai 500ml"}]},{"@type":"WebSite","@id":"https:\/\/dev.tolio.co.nz\/#website","url":"https:\/\/dev.tolio.co.nz\/","name":"TOLIO","description":"Vietnamese Grocery Online","potentialAction":[{"@type":"SearchAction","target":{"@type":"EntryPoint","urlTemplate":"https:\/\/dev.tolio.co.nz\/?s={search_term_string}"},"query-input":{"@type":"PropertyValueSpecification","valueRequired":true,"valueName":"search_term_string"}}],"inLanguage":"en-US"}]}},"_links":{"self":[{"href":"https:\/\/dev.tolio.co.nz\/en\/wp-json\/wp\/v2\/product\/18860","targetHints":{"allow":["GET"]}}],"collection":[{"href":"https:\/\/dev.tolio.co.nz\/en\/wp-json\/wp\/v2\/product"}],"about":[{"href":"https:\/\/dev.tolio.co.nz\/en\/wp-json\/wp\/v2\/types\/product"}],"replies":[{"embeddable":true,"href":"https:\/\/dev.tolio.co.nz\/en\/wp-json\/wp\/v2\/comments?post=18860"}],"wp:featuredmedia":[{"embeddable":true,"href":"https:\/\/dev.tolio.co.nz\/en\/wp-json\/wp\/v2\/media\/21154"}],"wp:attachment":[{"href":"https:\/\/dev.tolio.co.nz\/en\/wp-json\/wp\/v2\/media?parent=18860"}],"wp:term":[{"taxonomy":"product_brand","embeddable":true,"href":"https:\/\/dev.tolio.co.nz\/en\/wp-json\/wp\/v2\/product_brand?post=18860"},{"taxonomy":"product_cat","embeddable":true,"href":"https:\/\/dev.tolio.co.nz\/en\/wp-json\/wp\/v2\/product_cat?post=18860"},{"taxonomy":"product_tag","embeddable":true,"href":"https:\/\/dev.tolio.co.nz\/en\/wp-json\/wp\/v2\/product_tag?post=18860"}],"curies":[{"name":"wp","href":"https:\/\/api.w.org\/{rel}","templated":true}]}}