{"id":1917,"date":"2022-01-17T21:48:00","date_gmt":"2022-01-17T09:03:00","guid":{"rendered":"https:\/\/tolio2.sitebycat.com\/?post_type=product&#038;p=1917"},"modified":"2025-09-11T16:01:09","modified_gmt":"2025-09-11T04:01:09","slug":"xot-nuong-muoi-ot-barona-goi-80g","status":"publish","type":"product","link":"https:\/\/dev.tolio.co.nz\/en\/product\/barona-hot-sauce-80g\/","title":{"rendered":"X\u1ed1t n\u01b0\u1edbng mu\u1ed1i \u1edbt Barona g\u00f3i 80g"},"content":{"rendered":"<p><strong>X\u1ed1t n\u01b0\u1edbng mu\u1ed1i \u1edbt Barona g\u00f3i 80g<\/strong> v\u1edbi v\u1ecb cay n\u1ed3ng c\u1ee7a \u1edbt, \u0111\u1eadm \u0111\u00e0 c\u1ee7a mu\u1ed1i h\u1ea1t v\u1edbi v\u1ecb m\u1eb7n thanh, \u00e1o b\u00ean ngo\u00e0i l\u1edbp da gi\u00f2n gi\u00f2n ch\u00e1y x\u00e9m \u201cchinh ph\u1ee5c\u201d c\u1ea3 nh\u1eefng ng\u01b0\u1eddi kh\u00f3 t\u00ednh v\u00e0 \u0111\u00e3 tr\u1edf th\u00e0nh \u201cm\u00f3n ru\u1ed9t\u201d c\u00e1c b\u1eefa ti\u1ec7c ngo\u00e0i tr\u1eddi.<\/p>\n<ul>\n<li>L\u00e0 m\u1ed9t trong nh\u1eefng m\u00f3n n\u01b0\u1edbng si\u00eau h\u1ea5p d\u1eabn v\u00e0 kh\u00f3 c\u00f3 th\u1ec3 ch\u1ed1i t\u1eeb! C\u1ef1c k\u1ef3 th\u00edch h\u1ee3p v\u1edbi g\u00e0, c\u00e1c lo\u1ea1i h\u1ea3i s\u1ea3n v\u00e0 c\u00e1..<\/li>\n<li>X\u1ed1t Gia V\u1ecb Ho\u00e0n Ch\u1ec9nh Barona \u2013 N\u01b0\u1edbng Mu\u1ed1i \u1edat gi\u00fap b\u1ea1n th\u1ecfa th\u00edch ch\u1ebf bi\u1ebfn c\u00e1c m\u00f3n n\u01b0\u1edbng m\u00e0 kh\u00f4ng c\u1ea7n n\u00eam n\u1ebfm th\u00eam b\u1ea5t k\u1ef3 gia v\u1ecb kh\u00e1c l\u1ea1i an to\u00e0n chu\u1ea9n v\u1ecb!<\/li>\n<\/ul>\n<p><strong>H\u01b0\u1edbng d\u1eabn s\u1eed d\u1ee5ng:<\/strong><\/p>\n<ul>\n<li>Chi\u1ebft xu\u1ea5t Rau c\u1ee7 qu\u1ea3 T\u01af\u01a0I<\/li>\n<li>Kh\u00f4ng th\u00eam ch\u1ea5t b\u1ea3o qu\u1ea3n<\/li>\n<li>\u01af\u1edbp ngon, v\u1ecb chu\u1ea9n, kh\u00f4ng c\u1ea7n n\u00eam n\u1ebfm<\/li>\n<li>\u0110\u1ea1t H\u00e0ng Vi\u1ec7t Nam Ch\u1ea5t L\u01b0\u1ee3ng Cao<\/li>\n<\/ul>\n<p><strong>B\u1ea3o qu\u1ea3n:<\/strong><\/p>\n<ul>\n<li>B\u1ea3o qu\u1ea3n n\u01a1i kh\u00f4 r\u00e1o, tho\u00e1ng m\u00e1t, tr\u00e1nh \u00e1nh n\u1eafng tr\u1ef1c ti\u1ebfp v\u00e0 b\u1ea3o qu\u1ea3n trong ng\u0103n m\u00e1t t\u1ee7 l\u1ea1nh sau khi m\u1edf bao b\u00ec<\/li>\n<\/ul>\n<p><strong>H\u1ea1n s\u1eed d\u1ee5ng:<\/strong> 15 th\u00e1ng k\u1ec3 t\u1eeb ng\u00e0y s\u1ea3n xu\u1ea5t<\/p>\n<p>&nbsp;<\/p>\n<p>&nbsp;<\/p>","protected":false},"excerpt":{"rendered":"<div class=\"elementor-element elementor-element-662fcae elementor-widget elementor-widget-woocommerce-product-short-description\" data-id=\"662fcae\" data-element_type=\"widget\" data-widget_type=\"woocommerce-product-short-description.default\">\n<div class=\"elementor-widget-container\">\n<div class=\"woocommerce-product-details__short-description\">\n<ul>\n<li>Th\u01b0\u01a1ng hi\u1ec7u: Barona<\/li>\n<li>Xu\u1ea5t x\u1ee9 th\u01b0\u01a1ng hi\u1ec7u: Vi\u1ec7t Nam<\/li>\n<li>Quy c\u00e1ch \u0111\u00f3ng g\u00f3i: g\u00f3i 80g, 20 g\u00f3i\/h\u1ed9p, 4 h\u1ed9p\/th\u00f9ng<\/li>\n<li>L\u01b0u \u00fd: Bao b\u00ec s\u1ea3n ph\u1ea9m c\u00f3 th\u1ec3 thay \u0111\u1ed5i theo t\u1eebng \u0111\u1ee3t nh\u1eadp h\u00e0ng<\/li>\n<\/ul>\n<\/div>\n<\/div>\n<\/div>\n<div class=\"elementor-element elementor-element-523d27d elementor-product-price-block-yes elementor-widget elementor-widget-woocommerce-product-price\" data-id=\"523d27d\" data-element_type=\"widget\" data-widget_type=\"woocommerce-product-price.default\"><\/div>","protected":false},"featured_media":23010,"comment_status":"open","ping_status":"closed","template":"","meta":[],"product_brand":[],"product_cat":[33,481],"product_tag":[252,264],"class_list":{"0":"post-1917","1":"product","2":"type-product","3":"status-publish","4":"has-post-thumbnail","6":"product_cat-gia-vi","7":"product_cat-gia-vi-hoan-chinh","8":"product_tag-xot-barona","9":"product_tag-xot-nuong-muoi-ot","10":"pa_thuong-hieu-barona","12":"first","13":"outofstock","14":"shipping-taxable","15":"purchasable","16":"product-type-simple"},"yoast_head":"<!-- This site is optimized with the Yoast SEO plugin v24.4 - https:\/\/yoast.com\/wordpress\/plugins\/seo\/ -->\n<title>X\u1ed1t n\u01b0\u1edbng mu\u1ed1i \u1edbt Barona g\u00f3i 80g - TOLIO<\/title>\n<meta name=\"description\" content=\"Th\u01b0\u01a1ng hi\u1ec7u: Barona  Xu\u1ea5t x\u1ee9 th\u01b0\u01a1ng hi\u1ec7u: Vi\u1ec7t Nam  Quy c\u00e1ch \u0111\u00f3ng g\u00f3i: g\u00f3i 80g, 20 g\u00f3i\/h\u1ed9p, 4 h\u1ed9p\/th\u00f9ng  L\u01b0u \u00fd: Bao b\u00ec s\u1ea3n ph\u1ea9m c\u00f3 th\u1ec3 thay \u0111\u1ed5i theo t\u1eebng \u0111\u1ee3t nh\u1eadp h\u00e0ng\" \/>\n<meta name=\"robots\" content=\"index, follow, max-snippet:-1, max-image-preview:large, max-video-preview:-1\" \/>\n<link rel=\"canonical\" href=\"https:\/\/dev.tolio.co.nz\/en\/product\/barona-hot-sauce-80g\/\" \/>\n<meta property=\"og:locale\" content=\"en_US\" \/>\n<meta property=\"og:type\" content=\"article\" \/>\n<meta property=\"og:title\" content=\"X\u1ed1t n\u01b0\u1edbng mu\u1ed1i \u1edbt Barona g\u00f3i 80g - TOLIO\" \/>\n<meta property=\"og:description\" content=\"Th\u01b0\u01a1ng hi\u1ec7u: Barona  Xu\u1ea5t x\u1ee9 th\u01b0\u01a1ng hi\u1ec7u: Vi\u1ec7t Nam  Quy c\u00e1ch \u0111\u00f3ng g\u00f3i: g\u00f3i 80g, 20 g\u00f3i\/h\u1ed9p, 4 h\u1ed9p\/th\u00f9ng  L\u01b0u \u00fd: Bao b\u00ec s\u1ea3n ph\u1ea9m c\u00f3 th\u1ec3 thay \u0111\u1ed5i theo t\u1eebng \u0111\u1ee3t nh\u1eadp h\u00e0ng\" \/>\n<meta property=\"og:url\" content=\"https:\/\/dev.tolio.co.nz\/en\/product\/barona-hot-sauce-80g\/\" \/>\n<meta property=\"og:site_name\" content=\"TOLIO\" \/>\n<meta property=\"article:modified_time\" content=\"2025-09-11T04:01:09+00:00\" \/>\n<meta property=\"og:image\" content=\"https:\/\/dev.tolio.co.nz\/wp-content\/uploads\/2022\/01\/15.png\" \/>\n\t<meta property=\"og:image:width\" content=\"1000\" \/>\n\t<meta property=\"og:image:height\" content=\"907\" \/>\n\t<meta property=\"og:image:type\" content=\"image\/png\" \/>\n<meta name=\"twitter:card\" content=\"summary_large_image\" \/>\n<meta name=\"twitter:label1\" content=\"Est. reading time\" \/>\n\t<meta name=\"twitter:data1\" content=\"1 minute\" \/>\n<script type=\"application\/ld+json\" class=\"yoast-schema-graph\">{\"@context\":\"https:\/\/schema.org\",\"@graph\":[{\"@type\":\"WebPage\",\"@id\":\"https:\/\/dev.tolio.co.nz\/san-pham\/xot-nuong-muoi-ot-barona-goi-80g\/\",\"url\":\"https:\/\/dev.tolio.co.nz\/san-pham\/xot-nuong-muoi-ot-barona-goi-80g\/\",\"name\":\"X\u1ed1t n\u01b0\u1edbng mu\u1ed1i \u1edbt Barona g\u00f3i 80g - TOLIO\",\"isPartOf\":{\"@id\":\"https:\/\/dev.tolio.co.nz\/#website\"},\"primaryImageOfPage\":{\"@id\":\"https:\/\/dev.tolio.co.nz\/san-pham\/xot-nuong-muoi-ot-barona-goi-80g\/#primaryimage\"},\"image\":{\"@id\":\"https:\/\/dev.tolio.co.nz\/san-pham\/xot-nuong-muoi-ot-barona-goi-80g\/#primaryimage\"},\"thumbnailUrl\":\"https:\/\/dev.tolio.co.nz\/wp-content\/uploads\/2022\/01\/15.png\",\"datePublished\":\"2022-01-17T09:03:00+00:00\",\"dateModified\":\"2025-09-11T04:01:09+00:00\",\"description\":\"Th\u01b0\u01a1ng hi\u1ec7u: Barona Xu\u1ea5t x\u1ee9 th\u01b0\u01a1ng hi\u1ec7u: Vi\u1ec7t Nam Quy c\u00e1ch \u0111\u00f3ng g\u00f3i: g\u00f3i 80g, 20 g\u00f3i\/h\u1ed9p, 4 h\u1ed9p\/th\u00f9ng L\u01b0u \u00fd: Bao b\u00ec s\u1ea3n ph\u1ea9m c\u00f3 th\u1ec3 thay \u0111\u1ed5i theo t\u1eebng \u0111\u1ee3t nh\u1eadp h\u00e0ng\",\"breadcrumb\":{\"@id\":\"https:\/\/dev.tolio.co.nz\/san-pham\/xot-nuong-muoi-ot-barona-goi-80g\/#breadcrumb\"},\"inLanguage\":\"en-US\",\"potentialAction\":[{\"@type\":\"ReadAction\",\"target\":[\"https:\/\/dev.tolio.co.nz\/san-pham\/xot-nuong-muoi-ot-barona-goi-80g\/\"]}]},{\"@type\":\"ImageObject\",\"inLanguage\":\"en-US\",\"@id\":\"https:\/\/dev.tolio.co.nz\/san-pham\/xot-nuong-muoi-ot-barona-goi-80g\/#primaryimage\",\"url\":\"https:\/\/dev.tolio.co.nz\/wp-content\/uploads\/2022\/01\/15.png\",\"contentUrl\":\"https:\/\/dev.tolio.co.nz\/wp-content\/uploads\/2022\/01\/15.png\",\"width\":1000,\"height\":907},{\"@type\":\"BreadcrumbList\",\"@id\":\"https:\/\/dev.tolio.co.nz\/san-pham\/xot-nuong-muoi-ot-barona-goi-80g\/#breadcrumb\",\"itemListElement\":[{\"@type\":\"ListItem\",\"position\":1,\"name\":\"Home\",\"item\":\"https:\/\/dev.tolio.co.nz\/\"},{\"@type\":\"ListItem\",\"position\":2,\"name\":\"C\u1eeda h\u00e0ng\",\"item\":\"https:\/\/dev.tolio.co.nz\/cua-hang\/\"},{\"@type\":\"ListItem\",\"position\":3,\"name\":\"X\u1ed1t n\u01b0\u1edbng mu\u1ed1i \u1edbt Barona g\u00f3i 80g\"}]},{\"@type\":\"WebSite\",\"@id\":\"https:\/\/dev.tolio.co.nz\/#website\",\"url\":\"https:\/\/dev.tolio.co.nz\/\",\"name\":\"TOLIO\",\"description\":\"Vietnamese Grocery Online\",\"potentialAction\":[{\"@type\":\"SearchAction\",\"target\":{\"@type\":\"EntryPoint\",\"urlTemplate\":\"https:\/\/dev.tolio.co.nz\/?s={search_term_string}\"},\"query-input\":{\"@type\":\"PropertyValueSpecification\",\"valueRequired\":true,\"valueName\":\"search_term_string\"}}],\"inLanguage\":\"en-US\"}]}<\/script>\n<!-- \/ Yoast SEO plugin. -->","yoast_head_json":{"title":"X\u1ed1t n\u01b0\u1edbng mu\u1ed1i \u1edbt Barona g\u00f3i 80g - TOLIO","description":"Th\u01b0\u01a1ng hi\u1ec7u: Barona  Xu\u1ea5t x\u1ee9 th\u01b0\u01a1ng hi\u1ec7u: Vi\u1ec7t Nam  Quy c\u00e1ch \u0111\u00f3ng g\u00f3i: g\u00f3i 80g, 20 g\u00f3i\/h\u1ed9p, 4 h\u1ed9p\/th\u00f9ng  L\u01b0u \u00fd: Bao b\u00ec s\u1ea3n ph\u1ea9m c\u00f3 th\u1ec3 thay \u0111\u1ed5i theo t\u1eebng \u0111\u1ee3t nh\u1eadp h\u00e0ng","robots":{"index":"index","follow":"follow","max-snippet":"max-snippet:-1","max-image-preview":"max-image-preview:large","max-video-preview":"max-video-preview:-1"},"canonical":"https:\/\/dev.tolio.co.nz\/en\/product\/barona-hot-sauce-80g\/","og_locale":"en_US","og_type":"article","og_title":"X\u1ed1t n\u01b0\u1edbng mu\u1ed1i \u1edbt Barona g\u00f3i 80g - TOLIO","og_description":"Th\u01b0\u01a1ng hi\u1ec7u: Barona  Xu\u1ea5t x\u1ee9 th\u01b0\u01a1ng hi\u1ec7u: Vi\u1ec7t Nam  Quy c\u00e1ch \u0111\u00f3ng g\u00f3i: g\u00f3i 80g, 20 g\u00f3i\/h\u1ed9p, 4 h\u1ed9p\/th\u00f9ng  L\u01b0u \u00fd: Bao b\u00ec s\u1ea3n ph\u1ea9m c\u00f3 th\u1ec3 thay \u0111\u1ed5i theo t\u1eebng \u0111\u1ee3t nh\u1eadp h\u00e0ng","og_url":"https:\/\/dev.tolio.co.nz\/en\/product\/barona-hot-sauce-80g\/","og_site_name":"TOLIO","article_modified_time":"2025-09-11T04:01:09+00:00","og_image":[{"width":1000,"height":907,"url":"https:\/\/dev.tolio.co.nz\/wp-content\/uploads\/2022\/01\/15.png","type":"image\/png"}],"twitter_card":"summary_large_image","twitter_misc":{"Est. reading time":"1 minute"},"schema":{"@context":"https:\/\/schema.org","@graph":[{"@type":"WebPage","@id":"https:\/\/dev.tolio.co.nz\/san-pham\/xot-nuong-muoi-ot-barona-goi-80g\/","url":"https:\/\/dev.tolio.co.nz\/san-pham\/xot-nuong-muoi-ot-barona-goi-80g\/","name":"X\u1ed1t n\u01b0\u1edbng mu\u1ed1i \u1edbt Barona g\u00f3i 80g - TOLIO","isPartOf":{"@id":"https:\/\/dev.tolio.co.nz\/#website"},"primaryImageOfPage":{"@id":"https:\/\/dev.tolio.co.nz\/san-pham\/xot-nuong-muoi-ot-barona-goi-80g\/#primaryimage"},"image":{"@id":"https:\/\/dev.tolio.co.nz\/san-pham\/xot-nuong-muoi-ot-barona-goi-80g\/#primaryimage"},"thumbnailUrl":"https:\/\/dev.tolio.co.nz\/wp-content\/uploads\/2022\/01\/15.png","datePublished":"2022-01-17T09:03:00+00:00","dateModified":"2025-09-11T04:01:09+00:00","description":"Th\u01b0\u01a1ng hi\u1ec7u: Barona Xu\u1ea5t x\u1ee9 th\u01b0\u01a1ng hi\u1ec7u: Vi\u1ec7t Nam Quy c\u00e1ch \u0111\u00f3ng g\u00f3i: g\u00f3i 80g, 20 g\u00f3i\/h\u1ed9p, 4 h\u1ed9p\/th\u00f9ng L\u01b0u \u00fd: Bao b\u00ec s\u1ea3n ph\u1ea9m c\u00f3 th\u1ec3 thay \u0111\u1ed5i theo t\u1eebng \u0111\u1ee3t nh\u1eadp h\u00e0ng","breadcrumb":{"@id":"https:\/\/dev.tolio.co.nz\/san-pham\/xot-nuong-muoi-ot-barona-goi-80g\/#breadcrumb"},"inLanguage":"en-US","potentialAction":[{"@type":"ReadAction","target":["https:\/\/dev.tolio.co.nz\/san-pham\/xot-nuong-muoi-ot-barona-goi-80g\/"]}]},{"@type":"ImageObject","inLanguage":"en-US","@id":"https:\/\/dev.tolio.co.nz\/san-pham\/xot-nuong-muoi-ot-barona-goi-80g\/#primaryimage","url":"https:\/\/dev.tolio.co.nz\/wp-content\/uploads\/2022\/01\/15.png","contentUrl":"https:\/\/dev.tolio.co.nz\/wp-content\/uploads\/2022\/01\/15.png","width":1000,"height":907},{"@type":"BreadcrumbList","@id":"https:\/\/dev.tolio.co.nz\/san-pham\/xot-nuong-muoi-ot-barona-goi-80g\/#breadcrumb","itemListElement":[{"@type":"ListItem","position":1,"name":"Home","item":"https:\/\/dev.tolio.co.nz\/"},{"@type":"ListItem","position":2,"name":"C\u1eeda h\u00e0ng","item":"https:\/\/dev.tolio.co.nz\/cua-hang\/"},{"@type":"ListItem","position":3,"name":"X\u1ed1t n\u01b0\u1edbng mu\u1ed1i \u1edbt Barona g\u00f3i 80g"}]},{"@type":"WebSite","@id":"https:\/\/dev.tolio.co.nz\/#website","url":"https:\/\/dev.tolio.co.nz\/","name":"TOLIO","description":"Vietnamese Grocery Online","potentialAction":[{"@type":"SearchAction","target":{"@type":"EntryPoint","urlTemplate":"https:\/\/dev.tolio.co.nz\/?s={search_term_string}"},"query-input":{"@type":"PropertyValueSpecification","valueRequired":true,"valueName":"search_term_string"}}],"inLanguage":"en-US"}]}},"_links":{"self":[{"href":"https:\/\/dev.tolio.co.nz\/en\/wp-json\/wp\/v2\/product\/1917","targetHints":{"allow":["GET"]}}],"collection":[{"href":"https:\/\/dev.tolio.co.nz\/en\/wp-json\/wp\/v2\/product"}],"about":[{"href":"https:\/\/dev.tolio.co.nz\/en\/wp-json\/wp\/v2\/types\/product"}],"replies":[{"embeddable":true,"href":"https:\/\/dev.tolio.co.nz\/en\/wp-json\/wp\/v2\/comments?post=1917"}],"wp:featuredmedia":[{"embeddable":true,"href":"https:\/\/dev.tolio.co.nz\/en\/wp-json\/wp\/v2\/media\/23010"}],"wp:attachment":[{"href":"https:\/\/dev.tolio.co.nz\/en\/wp-json\/wp\/v2\/media?parent=1917"}],"wp:term":[{"taxonomy":"product_brand","embeddable":true,"href":"https:\/\/dev.tolio.co.nz\/en\/wp-json\/wp\/v2\/product_brand?post=1917"},{"taxonomy":"product_cat","embeddable":true,"href":"https:\/\/dev.tolio.co.nz\/en\/wp-json\/wp\/v2\/product_cat?post=1917"},{"taxonomy":"product_tag","embeddable":true,"href":"https:\/\/dev.tolio.co.nz\/en\/wp-json\/wp\/v2\/product_tag?post=1917"}],"curies":[{"name":"wp","href":"https:\/\/api.w.org\/{rel}","templated":true}]}}