{"id":19675,"date":"2024-08-26T20:27:05","date_gmt":"2024-08-26T07:42:05","guid":{"rendered":"https:\/\/tolio.co.nz\/?post_type=product&#038;p=19675"},"modified":"2025-09-11T16:01:12","modified_gmt":"2025-09-11T04:01:12","slug":"xot-gia-vi-kho-thit-cholimex-goi-50g","status":"publish","type":"product","link":"https:\/\/dev.tolio.co.nz\/en\/product\/cholimex-braised-meat-seasoning-50g-pack\/","title":{"rendered":"X\u1ed1t gia v\u1ecb kho th\u1ecbt Cholimex g\u00f3i 50g"},"content":{"rendered":"<p><strong>X\u1ed1t gia v\u1ecb kho th\u1ecbt Cholimex g\u00f3i 50g<\/strong> l\u00e0 s\u1ea3n ph\u1ea9m r\u1ea5t ti\u1ec7n d\u1ee5ng cho c\u00e1c m\u00f3n th\u1ecbt kho v\u00ec t\u1ed5ng h\u1ee3p \u0111\u1ee7 c\u00e1c gia v\u1ecb nh\u01b0 n\u01b0\u1edbc m\u1eafm, t\u1ecfi, h\u00e0nh, \u0111\u01b0\u1eddng, mu\u1ed1i, b\u1ed9t ng\u1ecdt, n\u01b0\u1edbc m\u00e0u, ti\u00eau. X\u1ed1t gia v\u1ecb kho th\u1ecbt Cholimex ch\u1ec9 v\u1edbi 1 l\u01b0\u1ee3ng gia v\u1ecb kho th\u1ecbt v\u1eeba \u0111\u1ee7, s\u1ebd c\u00f3 n\u1ed3i th\u1ecbt kho th\u01a1m ngon, \u0111\u1eadm \u0111\u00e0.<\/p>\n<p><strong>H\u01b0\u1edbng d\u1eabn s\u1eed d\u1ee5ng<\/strong><\/p>\n<ul>\n<li>\u01af\u1edbp 50g gia v\u1ecb kho th\u1ecbt v\u1edbi 400g th\u1ecbt, \u01b0\u1edbp trong 20 ph\u00fat. Cho th\u1ecbt l\u00ean b\u1ebfp, kho v\u1edbi v\u1edbi l\u1eeda nh\u1ecf \u0111\u1ebfn khi th\u1ecbt s\u0103n l\u1ea1i.<\/li>\n<li>Sau \u0111\u00f3, th\u00eam 150ml n\u01b0\u1edbc s\u00f4i, \u0111un s\u00f4i, gi\u1ea3m nh\u1ecf l\u1eeda, kho \u0111\u1ebfn khi n\u01b0\u1edbc x\u1ed1t s\u1ec7t l\u1ea1i. T\u1eaft l\u1eeda, cho th\u00eam ti\u00eau (t\u00f9y kh\u1ea9u v\u1ecb).<\/li>\n<\/ul>\n<p><strong>B\u1ea3o qu\u1ea3n<\/strong><\/p>\n<ul>\n<li>N\u01a1i kh\u00f4 r\u00e1o, tho\u00e1ng m\u00e1t, tr\u00e1nh \u00e1nh n\u1eafng m\u1eb7t tr\u1eddi<\/li>\n<\/ul>\n<p><strong>H\u1ea1n s\u1eed d\u1ee5ng:<\/strong><\/p>\n<ul>\n<li>12 th\u00e1ng k\u1ec3 t\u1eeb ng\u00e0y s\u1ea3n xu\u1ea5t<\/li>\n<\/ul>","protected":false},"excerpt":{"rendered":"<ul>\n<li>Th\u01b0\u01a1ng hi\u1ec7u: Cholimex<\/li>\n<li>Xu\u1ea5t x\u1ee9 th\u01b0\u01a1ng hi\u1ec7u: Vi\u1ec7t Nam<\/li>\n<li>Quy c\u00e1ch \u0111\u00f3ng g\u00f3i: g\u00f3i 50g, 20 g\u00f3i\/h\u1ed9p, 6 h\u1ed9p\/th\u00f9ng<\/li>\n<li>L\u01b0u \u00fd: Bao b\u00ec s\u1ea3n ph\u1ea9m c\u00f3 th\u1ec3 thay \u0111\u1ed5i theo t\u1eebng \u0111\u1ee3t nh\u1eadp h\u00e0ng<\/li>\n<\/ul>","protected":false},"featured_media":21000,"comment_status":"open","ping_status":"closed","template":"","meta":[],"product_brand":[],"product_cat":[33,481,31],"product_tag":[921,984],"class_list":{"0":"post-19675","1":"product","2":"type-product","3":"status-publish","4":"has-post-thumbnail","6":"product_cat-gia-vi","7":"product_cat-gia-vi-hoan-chinh","8":"product_cat-hang-moi-ve","9":"product_tag-cholimex","10":"product_tag-xot-kho-thit","11":"pa_thuong-hieu-cholimex","13":"first","14":"outofstock","15":"shipping-taxable","16":"purchasable","17":"product-type-simple"},"yoast_head":"<!-- This site is optimized with the Yoast SEO plugin v24.4 - https:\/\/yoast.com\/wordpress\/plugins\/seo\/ -->\n<title>X\u1ed1t gia v\u1ecb kho th\u1ecbt Cholimex g\u00f3i 50g - TOLIO<\/title>\n<meta name=\"description\" content=\"Th\u01b0\u01a1ng hi\u1ec7u: Cholimex  Xu\u1ea5t x\u1ee9 th\u01b0\u01a1ng hi\u1ec7u: Vi\u1ec7t Nam  Quy c\u00e1ch \u0111\u00f3ng g\u00f3i: g\u00f3i 50g, 20 g\u00f3i\/h\u1ed9p, 6 h\u1ed9p\/th\u00f9ng  L\u01b0u \u00fd: Bao b\u00ec s\u1ea3n ph\u1ea9m c\u00f3 th\u1ec3 thay \u0111\u1ed5i theo t\u1eebng \u0111\u1ee3t nh\u1eadp h\u00e0ng\" \/>\n<meta name=\"robots\" content=\"index, follow, max-snippet:-1, max-image-preview:large, max-video-preview:-1\" \/>\n<link rel=\"canonical\" href=\"https:\/\/dev.tolio.co.nz\/en\/product\/cholimex-braised-meat-seasoning-50g-pack\/\" \/>\n<meta property=\"og:locale\" content=\"en_US\" \/>\n<meta property=\"og:type\" content=\"article\" \/>\n<meta property=\"og:title\" content=\"X\u1ed1t gia v\u1ecb kho th\u1ecbt Cholimex g\u00f3i 50g - TOLIO\" \/>\n<meta property=\"og:description\" content=\"Th\u01b0\u01a1ng hi\u1ec7u: Cholimex  Xu\u1ea5t x\u1ee9 th\u01b0\u01a1ng hi\u1ec7u: Vi\u1ec7t Nam  Quy c\u00e1ch \u0111\u00f3ng g\u00f3i: g\u00f3i 50g, 20 g\u00f3i\/h\u1ed9p, 6 h\u1ed9p\/th\u00f9ng  L\u01b0u \u00fd: Bao b\u00ec s\u1ea3n ph\u1ea9m c\u00f3 th\u1ec3 thay \u0111\u1ed5i theo t\u1eebng \u0111\u1ee3t nh\u1eadp h\u00e0ng\" \/>\n<meta property=\"og:url\" content=\"https:\/\/dev.tolio.co.nz\/en\/product\/cholimex-braised-meat-seasoning-50g-pack\/\" \/>\n<meta property=\"og:site_name\" content=\"TOLIO\" \/>\n<meta property=\"article:modified_time\" content=\"2025-09-11T04:01:12+00:00\" \/>\n<meta property=\"og:image\" content=\"https:\/\/dev.tolio.co.nz\/wp-content\/uploads\/2024\/08\/11.png\" \/>\n\t<meta property=\"og:image:width\" content=\"1000\" \/>\n\t<meta property=\"og:image:height\" content=\"907\" \/>\n\t<meta property=\"og:image:type\" content=\"image\/png\" \/>\n<meta name=\"twitter:card\" content=\"summary_large_image\" \/>\n<meta name=\"twitter:label1\" content=\"Est. reading time\" \/>\n\t<meta name=\"twitter:data1\" content=\"1 minute\" \/>\n<script type=\"application\/ld+json\" class=\"yoast-schema-graph\">{\"@context\":\"https:\/\/schema.org\",\"@graph\":[{\"@type\":\"WebPage\",\"@id\":\"https:\/\/dev.tolio.co.nz\/san-pham\/xot-gia-vi-kho-thit-cholimex-goi-50g\/\",\"url\":\"https:\/\/dev.tolio.co.nz\/san-pham\/xot-gia-vi-kho-thit-cholimex-goi-50g\/\",\"name\":\"X\u1ed1t gia v\u1ecb kho th\u1ecbt Cholimex g\u00f3i 50g - TOLIO\",\"isPartOf\":{\"@id\":\"https:\/\/dev.tolio.co.nz\/#website\"},\"primaryImageOfPage\":{\"@id\":\"https:\/\/dev.tolio.co.nz\/san-pham\/xot-gia-vi-kho-thit-cholimex-goi-50g\/#primaryimage\"},\"image\":{\"@id\":\"https:\/\/dev.tolio.co.nz\/san-pham\/xot-gia-vi-kho-thit-cholimex-goi-50g\/#primaryimage\"},\"thumbnailUrl\":\"https:\/\/dev.tolio.co.nz\/wp-content\/uploads\/2024\/08\/11.png\",\"datePublished\":\"2024-08-26T07:42:05+00:00\",\"dateModified\":\"2025-09-11T04:01:12+00:00\",\"description\":\"Th\u01b0\u01a1ng hi\u1ec7u: Cholimex Xu\u1ea5t x\u1ee9 th\u01b0\u01a1ng hi\u1ec7u: Vi\u1ec7t Nam Quy c\u00e1ch \u0111\u00f3ng g\u00f3i: g\u00f3i 50g, 20 g\u00f3i\/h\u1ed9p, 6 h\u1ed9p\/th\u00f9ng L\u01b0u \u00fd: Bao b\u00ec s\u1ea3n ph\u1ea9m c\u00f3 th\u1ec3 thay \u0111\u1ed5i theo t\u1eebng \u0111\u1ee3t nh\u1eadp h\u00e0ng\",\"breadcrumb\":{\"@id\":\"https:\/\/dev.tolio.co.nz\/san-pham\/xot-gia-vi-kho-thit-cholimex-goi-50g\/#breadcrumb\"},\"inLanguage\":\"en-US\",\"potentialAction\":[{\"@type\":\"ReadAction\",\"target\":[\"https:\/\/dev.tolio.co.nz\/san-pham\/xot-gia-vi-kho-thit-cholimex-goi-50g\/\"]}]},{\"@type\":\"ImageObject\",\"inLanguage\":\"en-US\",\"@id\":\"https:\/\/dev.tolio.co.nz\/san-pham\/xot-gia-vi-kho-thit-cholimex-goi-50g\/#primaryimage\",\"url\":\"https:\/\/dev.tolio.co.nz\/wp-content\/uploads\/2024\/08\/11.png\",\"contentUrl\":\"https:\/\/dev.tolio.co.nz\/wp-content\/uploads\/2024\/08\/11.png\",\"width\":1000,\"height\":907},{\"@type\":\"BreadcrumbList\",\"@id\":\"https:\/\/dev.tolio.co.nz\/san-pham\/xot-gia-vi-kho-thit-cholimex-goi-50g\/#breadcrumb\",\"itemListElement\":[{\"@type\":\"ListItem\",\"position\":1,\"name\":\"Home\",\"item\":\"https:\/\/dev.tolio.co.nz\/\"},{\"@type\":\"ListItem\",\"position\":2,\"name\":\"C\u1eeda h\u00e0ng\",\"item\":\"https:\/\/dev.tolio.co.nz\/cua-hang\/\"},{\"@type\":\"ListItem\",\"position\":3,\"name\":\"X\u1ed1t gia v\u1ecb kho th\u1ecbt Cholimex g\u00f3i 50g\"}]},{\"@type\":\"WebSite\",\"@id\":\"https:\/\/dev.tolio.co.nz\/#website\",\"url\":\"https:\/\/dev.tolio.co.nz\/\",\"name\":\"TOLIO\",\"description\":\"Vietnamese Grocery Online\",\"potentialAction\":[{\"@type\":\"SearchAction\",\"target\":{\"@type\":\"EntryPoint\",\"urlTemplate\":\"https:\/\/dev.tolio.co.nz\/?s={search_term_string}\"},\"query-input\":{\"@type\":\"PropertyValueSpecification\",\"valueRequired\":true,\"valueName\":\"search_term_string\"}}],\"inLanguage\":\"en-US\"}]}<\/script>\n<!-- \/ Yoast SEO plugin. -->","yoast_head_json":{"title":"X\u1ed1t gia v\u1ecb kho th\u1ecbt Cholimex g\u00f3i 50g - TOLIO","description":"Th\u01b0\u01a1ng hi\u1ec7u: Cholimex  Xu\u1ea5t x\u1ee9 th\u01b0\u01a1ng hi\u1ec7u: Vi\u1ec7t Nam  Quy c\u00e1ch \u0111\u00f3ng g\u00f3i: g\u00f3i 50g, 20 g\u00f3i\/h\u1ed9p, 6 h\u1ed9p\/th\u00f9ng  L\u01b0u \u00fd: Bao b\u00ec s\u1ea3n ph\u1ea9m c\u00f3 th\u1ec3 thay \u0111\u1ed5i theo t\u1eebng \u0111\u1ee3t nh\u1eadp h\u00e0ng","robots":{"index":"index","follow":"follow","max-snippet":"max-snippet:-1","max-image-preview":"max-image-preview:large","max-video-preview":"max-video-preview:-1"},"canonical":"https:\/\/dev.tolio.co.nz\/en\/product\/cholimex-braised-meat-seasoning-50g-pack\/","og_locale":"en_US","og_type":"article","og_title":"X\u1ed1t gia v\u1ecb kho th\u1ecbt Cholimex g\u00f3i 50g - TOLIO","og_description":"Th\u01b0\u01a1ng hi\u1ec7u: Cholimex  Xu\u1ea5t x\u1ee9 th\u01b0\u01a1ng hi\u1ec7u: Vi\u1ec7t Nam  Quy c\u00e1ch \u0111\u00f3ng g\u00f3i: g\u00f3i 50g, 20 g\u00f3i\/h\u1ed9p, 6 h\u1ed9p\/th\u00f9ng  L\u01b0u \u00fd: Bao b\u00ec s\u1ea3n ph\u1ea9m c\u00f3 th\u1ec3 thay \u0111\u1ed5i theo t\u1eebng \u0111\u1ee3t nh\u1eadp h\u00e0ng","og_url":"https:\/\/dev.tolio.co.nz\/en\/product\/cholimex-braised-meat-seasoning-50g-pack\/","og_site_name":"TOLIO","article_modified_time":"2025-09-11T04:01:12+00:00","og_image":[{"width":1000,"height":907,"url":"https:\/\/dev.tolio.co.nz\/wp-content\/uploads\/2024\/08\/11.png","type":"image\/png"}],"twitter_card":"summary_large_image","twitter_misc":{"Est. reading time":"1 minute"},"schema":{"@context":"https:\/\/schema.org","@graph":[{"@type":"WebPage","@id":"https:\/\/dev.tolio.co.nz\/san-pham\/xot-gia-vi-kho-thit-cholimex-goi-50g\/","url":"https:\/\/dev.tolio.co.nz\/san-pham\/xot-gia-vi-kho-thit-cholimex-goi-50g\/","name":"X\u1ed1t gia v\u1ecb kho th\u1ecbt Cholimex g\u00f3i 50g - TOLIO","isPartOf":{"@id":"https:\/\/dev.tolio.co.nz\/#website"},"primaryImageOfPage":{"@id":"https:\/\/dev.tolio.co.nz\/san-pham\/xot-gia-vi-kho-thit-cholimex-goi-50g\/#primaryimage"},"image":{"@id":"https:\/\/dev.tolio.co.nz\/san-pham\/xot-gia-vi-kho-thit-cholimex-goi-50g\/#primaryimage"},"thumbnailUrl":"https:\/\/dev.tolio.co.nz\/wp-content\/uploads\/2024\/08\/11.png","datePublished":"2024-08-26T07:42:05+00:00","dateModified":"2025-09-11T04:01:12+00:00","description":"Th\u01b0\u01a1ng hi\u1ec7u: Cholimex Xu\u1ea5t x\u1ee9 th\u01b0\u01a1ng hi\u1ec7u: Vi\u1ec7t Nam Quy c\u00e1ch \u0111\u00f3ng g\u00f3i: g\u00f3i 50g, 20 g\u00f3i\/h\u1ed9p, 6 h\u1ed9p\/th\u00f9ng L\u01b0u \u00fd: Bao b\u00ec s\u1ea3n ph\u1ea9m c\u00f3 th\u1ec3 thay \u0111\u1ed5i theo t\u1eebng \u0111\u1ee3t nh\u1eadp h\u00e0ng","breadcrumb":{"@id":"https:\/\/dev.tolio.co.nz\/san-pham\/xot-gia-vi-kho-thit-cholimex-goi-50g\/#breadcrumb"},"inLanguage":"en-US","potentialAction":[{"@type":"ReadAction","target":["https:\/\/dev.tolio.co.nz\/san-pham\/xot-gia-vi-kho-thit-cholimex-goi-50g\/"]}]},{"@type":"ImageObject","inLanguage":"en-US","@id":"https:\/\/dev.tolio.co.nz\/san-pham\/xot-gia-vi-kho-thit-cholimex-goi-50g\/#primaryimage","url":"https:\/\/dev.tolio.co.nz\/wp-content\/uploads\/2024\/08\/11.png","contentUrl":"https:\/\/dev.tolio.co.nz\/wp-content\/uploads\/2024\/08\/11.png","width":1000,"height":907},{"@type":"BreadcrumbList","@id":"https:\/\/dev.tolio.co.nz\/san-pham\/xot-gia-vi-kho-thit-cholimex-goi-50g\/#breadcrumb","itemListElement":[{"@type":"ListItem","position":1,"name":"Home","item":"https:\/\/dev.tolio.co.nz\/"},{"@type":"ListItem","position":2,"name":"C\u1eeda h\u00e0ng","item":"https:\/\/dev.tolio.co.nz\/cua-hang\/"},{"@type":"ListItem","position":3,"name":"X\u1ed1t gia v\u1ecb kho th\u1ecbt Cholimex g\u00f3i 50g"}]},{"@type":"WebSite","@id":"https:\/\/dev.tolio.co.nz\/#website","url":"https:\/\/dev.tolio.co.nz\/","name":"TOLIO","description":"Vietnamese Grocery Online","potentialAction":[{"@type":"SearchAction","target":{"@type":"EntryPoint","urlTemplate":"https:\/\/dev.tolio.co.nz\/?s={search_term_string}"},"query-input":{"@type":"PropertyValueSpecification","valueRequired":true,"valueName":"search_term_string"}}],"inLanguage":"en-US"}]}},"_links":{"self":[{"href":"https:\/\/dev.tolio.co.nz\/en\/wp-json\/wp\/v2\/product\/19675","targetHints":{"allow":["GET"]}}],"collection":[{"href":"https:\/\/dev.tolio.co.nz\/en\/wp-json\/wp\/v2\/product"}],"about":[{"href":"https:\/\/dev.tolio.co.nz\/en\/wp-json\/wp\/v2\/types\/product"}],"replies":[{"embeddable":true,"href":"https:\/\/dev.tolio.co.nz\/en\/wp-json\/wp\/v2\/comments?post=19675"}],"wp:featuredmedia":[{"embeddable":true,"href":"https:\/\/dev.tolio.co.nz\/en\/wp-json\/wp\/v2\/media\/21000"}],"wp:attachment":[{"href":"https:\/\/dev.tolio.co.nz\/en\/wp-json\/wp\/v2\/media?parent=19675"}],"wp:term":[{"taxonomy":"product_brand","embeddable":true,"href":"https:\/\/dev.tolio.co.nz\/en\/wp-json\/wp\/v2\/product_brand?post=19675"},{"taxonomy":"product_cat","embeddable":true,"href":"https:\/\/dev.tolio.co.nz\/en\/wp-json\/wp\/v2\/product_cat?post=19675"},{"taxonomy":"product_tag","embeddable":true,"href":"https:\/\/dev.tolio.co.nz\/en\/wp-json\/wp\/v2\/product_tag?post=19675"}],"curies":[{"name":"wp","href":"https:\/\/api.w.org\/{rel}","templated":true}]}}