{"id":19725,"date":"2024-08-26T22:27:01","date_gmt":"2024-08-26T09:42:01","guid":{"rendered":"https:\/\/tolio.co.nz\/?post_type=product&#038;p=19725"},"modified":"2025-09-11T15:59:56","modified_gmt":"2025-09-11T03:59:56","slug":"set-nguyen-lieu-nau-che-duong-nhan-500g","status":"publish","type":"product","link":"https:\/\/dev.tolio.co.nz\/en\/product\/set-of-ingredients-for-cooking-500g\/","title":{"rendered":"Set nguy\u00ean li\u1ec7u n\u1ea5u ch\u00e8 d\u01b0\u1ee1ng nhan 500g"},"content":{"rendered":"<p><strong>Set nguy\u00ean li\u1ec7u n\u1ea5u ch\u00e8 d\u01b0\u1ee1ng nhan 500g<\/strong> v\u1edbi th\u00e0nh ph\u1ea7n g\u1ed3m h\u1ea1t sen, k\u00fd t\u1eed ng\u1ecdt, nh\u1ef1a \u0111\u00e0o, tuy\u1ebft y\u1ebfn, long nh\u00e3n, n\u1ea5m tuy\u1ebft, l\u00e1 d\u1ee9a, \u0111\u01b0\u1eddng ph\u00e8n, t\u00e1o t\u00e0u \u0111\u1ecf, \u0111\u00f4ng tr\u00f9ng h\u1ea1 th\u1ea3o&#8230; \u0111i k\u00e8m v\u1edbi c\u00f4ng th\u1ee9c n\u1ea5u ti\u1ec7n l\u1ee3i, cho b\u1ea1n v\u00e0 gia \u0111\u00ecnh nh\u1eefng ly ch\u00e8 d\u01b0\u1ee1ng nhan th\u01a1m ngon, b\u1ed5 d\u01b0\u1ee1ng. M\u00f4\u0303i set nguy\u00ean li\u1ec7u se\u0303 cho ra tha\u0300nh ph\u00e2\u0309m 25-30 che\u0301n che\u0300.<\/p>\n<div id=\"input_line_0\"><strong><span id=\"input_part_0\" class=\"\" data-mention=\"L\u00e0m \u0111\u1eb9p da: Ch\u00e8 gi\u00fap \u0111\u00e0o th\u1ea3i \u0111\u1ed9c t\u1ed1 d\u01b0\u1edbi da, l\u00e0m th\u00f4ng tho\u00e1ng l\u1ed7 ch\u00e2n l\u00f4ng, gi\u00fap da tr\u1eafng, minh h\u01a1n, \u0111\u1ea9y l\u00f9i v\u00e0 ng\u0103n ng\u1eeba t\u00ecnh tr\u1ea1ng m\u1ee5n.\">C\u00f4ng d\u1ee5ng: <\/span><\/strong><\/div>\n<ul>\n<li><span id=\"input_part_0\" class=\"\" data-mention=\"L\u00e0m \u0111\u1eb9p da: Ch\u00e8 gi\u00fap \u0111\u00e0o th\u1ea3i \u0111\u1ed9c t\u1ed1 d\u01b0\u1edbi da, l\u00e0m th\u00f4ng tho\u00e1ng l\u1ed7 ch\u00e2n l\u00f4ng, gi\u00fap da tr\u1eafng, minh h\u01a1n, \u0111\u1ea9y l\u00f9i v\u00e0 ng\u0103n ng\u1eeba t\u00ecnh tr\u1ea1ng m\u1ee5n.\">L\u00e0m \u0111\u1eb9p da: Ch\u00e8 gi\u00fap \u0111\u00e0o th\u1ea3i \u0111\u1ed9c t\u1ed1 d\u01b0\u1edbi da, l\u00e0m th\u00f4ng tho\u00e1ng l\u1ed7 ch\u00e2n l\u00f4ng, gi\u00fap da tr\u1eafng ,m\u1ecbn h\u01a1n, \u0111\u1ea9y l\u00f9i v\u00e0 ng\u0103n ng\u1eeba t\u00ecnh tr\u1ea1ng m\u1ee5n.<\/span><\/li>\n<li id=\"input_line_1\"><span id=\"input_part_0\" class=\"\" data-mention=\"H\u1ed7 tr\u1ee3 gi\u1ea3m c\u00e2n: Ch\u00e8 d\u01b0\u1ee1ng nhan t\u1ea1o c\u1ea3m gi\u00e1c no l\u00e2u v\u00e0 l\u00e0m gi\u1ea3m c\u1ea3m gi\u00e1c \u0111\u00f3i, t\u1eeb \u0111\u00f3 ng\u01b0\u1eddi d\u00f9ng s\u1ebd \u0103n \u00edt l\u1ea1i, ki\u1ec3m so\u00e1t c\u00e2n n\u1eb7ng t\u1ed1t h\u01a1n.\">H\u1ed7 tr\u1ee3 gi\u1ea3m c\u00e2n: Ch\u00e8 d\u01b0\u1ee1ng nhan t\u1ea1o c\u1ea3m gi\u00e1c no l\u00e2u v\u00e0 l\u00e0m gi\u1ea3m c\u1ea3m gi\u00e1c \u0111\u00f3i, t\u1eeb \u0111\u00f3 ng\u01b0\u1eddi d\u00f9ng s\u1ebd \u0103n \u00edt l\u1ea1i, ki\u1ec3m so\u00e1t c\u00e2n n\u1eb7ng t\u1ed1t h\u01a1n.<\/span><\/li>\n<\/ul>\n<p><strong>H\u01b0\u1edbng d\u1eabn s\u1eed d\u1ee5ng:\u00a0<\/strong><\/p>\n<ul>\n<li>Pha v\u00e0 n\u1ea5u theo\u00a0t\u1edd h\u01b0\u1edbng d\u1eabn chi ti\u1ebft \u0111\u00ednh k\u00e8m trong set<\/li>\n<\/ul>\n<p><strong>B\u1ea3o qu\u1ea3n: <\/strong><\/p>\n<ul>\n<li>B\u1ea3o qu\u1ea3n n\u01a1i kh\u00f4 r\u00e1o, tho\u00e1ng m\u00e1t ho\u1eb7c b\u1ea3o qu\u1ea3n t\u1ee7 l\u1ea1nh. Tr\u00e1nh \u00e1nh n\u1eafng m\u1eb7t tr\u1eddi tr\u1ef1c ti\u1ebfp<\/li>\n<\/ul>\n<p><strong>H\u1ea1n s\u1eed d\u1ee5ng:<\/strong><\/p>\n<ul>\n<li>12 th\u00e1ng k\u1ec3 t\u1eeb ng\u00e0y s\u1ea3n xu\u1ea5t<\/li>\n<\/ul>","protected":false},"excerpt":{"rendered":"<ul>\n<li>Th\u01b0\u01a1ng hi\u1ec7u: Tolio<\/li>\n<li>Xu\u1ea5t x\u1ee9 th\u01b0\u01a1ng hi\u1ec7u: Vi\u1ec7t Nam<\/li>\n<li>Quy c\u00e1ch \u0111\u00f3ng g\u00f3i: g\u00f3i 500g<\/li>\n<li>L\u01b0u \u00fd: Bao b\u00ec s\u1ea3n ph\u1ea9m c\u00f3 th\u1ec3 thay \u0111\u1ed5i theo t\u1eebng \u0111\u1ee3t nh\u1eadp h\u00e0ng<\/li>\n<\/ul>","protected":false},"featured_media":20759,"comment_status":"open","ping_status":"closed","template":"","meta":[],"product_brand":[],"product_cat":[35,31],"product_tag":[993,991],"class_list":{"0":"post-19725","1":"product","2":"type-product","3":"status-publish","4":"has-post-thumbnail","6":"product_cat-banh-keo","7":"product_cat-hang-moi-ve","8":"product_tag-che-duong-nhan","9":"product_tag-nguyen-lieu-nau-che","10":"pa_thuong-hieu-viettin-mart","12":"first","13":"instock","14":"sale","15":"shipping-taxable","16":"purchasable","17":"product-type-simple"},"yoast_head":"<!-- This site is optimized with the Yoast SEO plugin v24.4 - https:\/\/yoast.com\/wordpress\/plugins\/seo\/ -->\n<title>Set nguy\u00ean li\u1ec7u n\u1ea5u ch\u00e8 d\u01b0\u1ee1ng nhan 500g - TOLIO<\/title>\n<meta name=\"description\" content=\"Th\u01b0\u01a1ng hi\u1ec7u: Tolio  Xu\u1ea5t x\u1ee9 th\u01b0\u01a1ng hi\u1ec7u: Vi\u1ec7t Nam  Quy c\u00e1ch \u0111\u00f3ng g\u00f3i: g\u00f3i 500g  L\u01b0u \u00fd: Bao b\u00ec s\u1ea3n ph\u1ea9m c\u00f3 th\u1ec3 thay \u0111\u1ed5i theo t\u1eebng \u0111\u1ee3t nh\u1eadp h\u00e0ng\" \/>\n<meta name=\"robots\" content=\"index, follow, max-snippet:-1, max-image-preview:large, max-video-preview:-1\" \/>\n<link rel=\"canonical\" href=\"https:\/\/dev.tolio.co.nz\/en\/product\/set-of-ingredients-for-cooking-500g\/\" \/>\n<meta property=\"og:locale\" content=\"en_US\" \/>\n<meta property=\"og:type\" content=\"article\" \/>\n<meta property=\"og:title\" content=\"Set nguy\u00ean li\u1ec7u n\u1ea5u ch\u00e8 d\u01b0\u1ee1ng nhan 500g - TOLIO\" \/>\n<meta property=\"og:description\" content=\"Th\u01b0\u01a1ng hi\u1ec7u: Tolio  Xu\u1ea5t x\u1ee9 th\u01b0\u01a1ng hi\u1ec7u: Vi\u1ec7t Nam  Quy c\u00e1ch \u0111\u00f3ng g\u00f3i: g\u00f3i 500g  L\u01b0u \u00fd: Bao b\u00ec s\u1ea3n ph\u1ea9m c\u00f3 th\u1ec3 thay \u0111\u1ed5i theo t\u1eebng \u0111\u1ee3t nh\u1eadp h\u00e0ng\" \/>\n<meta property=\"og:url\" content=\"https:\/\/dev.tolio.co.nz\/en\/product\/set-of-ingredients-for-cooking-500g\/\" \/>\n<meta property=\"og:site_name\" content=\"TOLIO\" \/>\n<meta property=\"article:modified_time\" content=\"2025-09-11T03:59:56+00:00\" \/>\n<meta property=\"og:image\" content=\"https:\/\/dev.tolio.co.nz\/wp-content\/uploads\/2024\/08\/472.png\" \/>\n\t<meta property=\"og:image:width\" content=\"1000\" \/>\n\t<meta property=\"og:image:height\" content=\"907\" \/>\n\t<meta property=\"og:image:type\" content=\"image\/png\" \/>\n<meta name=\"twitter:card\" content=\"summary_large_image\" \/>\n<meta name=\"twitter:label1\" content=\"Est. reading time\" \/>\n\t<meta name=\"twitter:data1\" content=\"1 minute\" \/>\n<script type=\"application\/ld+json\" class=\"yoast-schema-graph\">{\"@context\":\"https:\/\/schema.org\",\"@graph\":[{\"@type\":\"WebPage\",\"@id\":\"https:\/\/dev.tolio.co.nz\/san-pham\/set-nguyen-lieu-nau-che-duong-nhan-500g\/\",\"url\":\"https:\/\/dev.tolio.co.nz\/san-pham\/set-nguyen-lieu-nau-che-duong-nhan-500g\/\",\"name\":\"Set nguy\u00ean li\u1ec7u n\u1ea5u ch\u00e8 d\u01b0\u1ee1ng nhan 500g - TOLIO\",\"isPartOf\":{\"@id\":\"https:\/\/dev.tolio.co.nz\/#website\"},\"primaryImageOfPage\":{\"@id\":\"https:\/\/dev.tolio.co.nz\/san-pham\/set-nguyen-lieu-nau-che-duong-nhan-500g\/#primaryimage\"},\"image\":{\"@id\":\"https:\/\/dev.tolio.co.nz\/san-pham\/set-nguyen-lieu-nau-che-duong-nhan-500g\/#primaryimage\"},\"thumbnailUrl\":\"https:\/\/dev.tolio.co.nz\/wp-content\/uploads\/2024\/08\/472.png\",\"datePublished\":\"2024-08-26T09:42:01+00:00\",\"dateModified\":\"2025-09-11T03:59:56+00:00\",\"description\":\"Th\u01b0\u01a1ng hi\u1ec7u: Tolio Xu\u1ea5t x\u1ee9 th\u01b0\u01a1ng hi\u1ec7u: Vi\u1ec7t Nam Quy c\u00e1ch \u0111\u00f3ng g\u00f3i: g\u00f3i 500g L\u01b0u \u00fd: Bao b\u00ec s\u1ea3n ph\u1ea9m c\u00f3 th\u1ec3 thay \u0111\u1ed5i theo t\u1eebng \u0111\u1ee3t nh\u1eadp h\u00e0ng\",\"breadcrumb\":{\"@id\":\"https:\/\/dev.tolio.co.nz\/san-pham\/set-nguyen-lieu-nau-che-duong-nhan-500g\/#breadcrumb\"},\"inLanguage\":\"en-US\",\"potentialAction\":[{\"@type\":\"ReadAction\",\"target\":[\"https:\/\/dev.tolio.co.nz\/san-pham\/set-nguyen-lieu-nau-che-duong-nhan-500g\/\"]}]},{\"@type\":\"ImageObject\",\"inLanguage\":\"en-US\",\"@id\":\"https:\/\/dev.tolio.co.nz\/san-pham\/set-nguyen-lieu-nau-che-duong-nhan-500g\/#primaryimage\",\"url\":\"https:\/\/dev.tolio.co.nz\/wp-content\/uploads\/2024\/08\/472.png\",\"contentUrl\":\"https:\/\/dev.tolio.co.nz\/wp-content\/uploads\/2024\/08\/472.png\",\"width\":1000,\"height\":907},{\"@type\":\"BreadcrumbList\",\"@id\":\"https:\/\/dev.tolio.co.nz\/san-pham\/set-nguyen-lieu-nau-che-duong-nhan-500g\/#breadcrumb\",\"itemListElement\":[{\"@type\":\"ListItem\",\"position\":1,\"name\":\"Home\",\"item\":\"https:\/\/dev.tolio.co.nz\/\"},{\"@type\":\"ListItem\",\"position\":2,\"name\":\"C\u1eeda h\u00e0ng\",\"item\":\"https:\/\/dev.tolio.co.nz\/cua-hang\/\"},{\"@type\":\"ListItem\",\"position\":3,\"name\":\"Set nguy\u00ean li\u1ec7u n\u1ea5u ch\u00e8 d\u01b0\u1ee1ng nhan 500g\"}]},{\"@type\":\"WebSite\",\"@id\":\"https:\/\/dev.tolio.co.nz\/#website\",\"url\":\"https:\/\/dev.tolio.co.nz\/\",\"name\":\"TOLIO\",\"description\":\"Vietnamese Grocery Online\",\"potentialAction\":[{\"@type\":\"SearchAction\",\"target\":{\"@type\":\"EntryPoint\",\"urlTemplate\":\"https:\/\/dev.tolio.co.nz\/?s={search_term_string}\"},\"query-input\":{\"@type\":\"PropertyValueSpecification\",\"valueRequired\":true,\"valueName\":\"search_term_string\"}}],\"inLanguage\":\"en-US\"}]}<\/script>\n<!-- \/ Yoast SEO plugin. -->","yoast_head_json":{"title":"Set nguy\u00ean li\u1ec7u n\u1ea5u ch\u00e8 d\u01b0\u1ee1ng nhan 500g - TOLIO","description":"Th\u01b0\u01a1ng hi\u1ec7u: Tolio  Xu\u1ea5t x\u1ee9 th\u01b0\u01a1ng hi\u1ec7u: Vi\u1ec7t Nam  Quy c\u00e1ch \u0111\u00f3ng g\u00f3i: g\u00f3i 500g  L\u01b0u \u00fd: Bao b\u00ec s\u1ea3n ph\u1ea9m c\u00f3 th\u1ec3 thay \u0111\u1ed5i theo t\u1eebng \u0111\u1ee3t nh\u1eadp h\u00e0ng","robots":{"index":"index","follow":"follow","max-snippet":"max-snippet:-1","max-image-preview":"max-image-preview:large","max-video-preview":"max-video-preview:-1"},"canonical":"https:\/\/dev.tolio.co.nz\/en\/product\/set-of-ingredients-for-cooking-500g\/","og_locale":"en_US","og_type":"article","og_title":"Set nguy\u00ean li\u1ec7u n\u1ea5u ch\u00e8 d\u01b0\u1ee1ng nhan 500g - TOLIO","og_description":"Th\u01b0\u01a1ng hi\u1ec7u: Tolio  Xu\u1ea5t x\u1ee9 th\u01b0\u01a1ng hi\u1ec7u: Vi\u1ec7t Nam  Quy c\u00e1ch \u0111\u00f3ng g\u00f3i: g\u00f3i 500g  L\u01b0u \u00fd: Bao b\u00ec s\u1ea3n ph\u1ea9m c\u00f3 th\u1ec3 thay \u0111\u1ed5i theo t\u1eebng \u0111\u1ee3t nh\u1eadp h\u00e0ng","og_url":"https:\/\/dev.tolio.co.nz\/en\/product\/set-of-ingredients-for-cooking-500g\/","og_site_name":"TOLIO","article_modified_time":"2025-09-11T03:59:56+00:00","og_image":[{"width":1000,"height":907,"url":"https:\/\/dev.tolio.co.nz\/wp-content\/uploads\/2024\/08\/472.png","type":"image\/png"}],"twitter_card":"summary_large_image","twitter_misc":{"Est. reading time":"1 minute"},"schema":{"@context":"https:\/\/schema.org","@graph":[{"@type":"WebPage","@id":"https:\/\/dev.tolio.co.nz\/san-pham\/set-nguyen-lieu-nau-che-duong-nhan-500g\/","url":"https:\/\/dev.tolio.co.nz\/san-pham\/set-nguyen-lieu-nau-che-duong-nhan-500g\/","name":"Set nguy\u00ean li\u1ec7u n\u1ea5u ch\u00e8 d\u01b0\u1ee1ng nhan 500g - TOLIO","isPartOf":{"@id":"https:\/\/dev.tolio.co.nz\/#website"},"primaryImageOfPage":{"@id":"https:\/\/dev.tolio.co.nz\/san-pham\/set-nguyen-lieu-nau-che-duong-nhan-500g\/#primaryimage"},"image":{"@id":"https:\/\/dev.tolio.co.nz\/san-pham\/set-nguyen-lieu-nau-che-duong-nhan-500g\/#primaryimage"},"thumbnailUrl":"https:\/\/dev.tolio.co.nz\/wp-content\/uploads\/2024\/08\/472.png","datePublished":"2024-08-26T09:42:01+00:00","dateModified":"2025-09-11T03:59:56+00:00","description":"Th\u01b0\u01a1ng hi\u1ec7u: Tolio Xu\u1ea5t x\u1ee9 th\u01b0\u01a1ng hi\u1ec7u: Vi\u1ec7t Nam Quy c\u00e1ch \u0111\u00f3ng g\u00f3i: g\u00f3i 500g L\u01b0u \u00fd: Bao b\u00ec s\u1ea3n ph\u1ea9m c\u00f3 th\u1ec3 thay \u0111\u1ed5i theo t\u1eebng \u0111\u1ee3t nh\u1eadp h\u00e0ng","breadcrumb":{"@id":"https:\/\/dev.tolio.co.nz\/san-pham\/set-nguyen-lieu-nau-che-duong-nhan-500g\/#breadcrumb"},"inLanguage":"en-US","potentialAction":[{"@type":"ReadAction","target":["https:\/\/dev.tolio.co.nz\/san-pham\/set-nguyen-lieu-nau-che-duong-nhan-500g\/"]}]},{"@type":"ImageObject","inLanguage":"en-US","@id":"https:\/\/dev.tolio.co.nz\/san-pham\/set-nguyen-lieu-nau-che-duong-nhan-500g\/#primaryimage","url":"https:\/\/dev.tolio.co.nz\/wp-content\/uploads\/2024\/08\/472.png","contentUrl":"https:\/\/dev.tolio.co.nz\/wp-content\/uploads\/2024\/08\/472.png","width":1000,"height":907},{"@type":"BreadcrumbList","@id":"https:\/\/dev.tolio.co.nz\/san-pham\/set-nguyen-lieu-nau-che-duong-nhan-500g\/#breadcrumb","itemListElement":[{"@type":"ListItem","position":1,"name":"Home","item":"https:\/\/dev.tolio.co.nz\/"},{"@type":"ListItem","position":2,"name":"C\u1eeda h\u00e0ng","item":"https:\/\/dev.tolio.co.nz\/cua-hang\/"},{"@type":"ListItem","position":3,"name":"Set nguy\u00ean li\u1ec7u n\u1ea5u ch\u00e8 d\u01b0\u1ee1ng nhan 500g"}]},{"@type":"WebSite","@id":"https:\/\/dev.tolio.co.nz\/#website","url":"https:\/\/dev.tolio.co.nz\/","name":"TOLIO","description":"Vietnamese Grocery Online","potentialAction":[{"@type":"SearchAction","target":{"@type":"EntryPoint","urlTemplate":"https:\/\/dev.tolio.co.nz\/?s={search_term_string}"},"query-input":{"@type":"PropertyValueSpecification","valueRequired":true,"valueName":"search_term_string"}}],"inLanguage":"en-US"}]}},"_links":{"self":[{"href":"https:\/\/dev.tolio.co.nz\/en\/wp-json\/wp\/v2\/product\/19725","targetHints":{"allow":["GET"]}}],"collection":[{"href":"https:\/\/dev.tolio.co.nz\/en\/wp-json\/wp\/v2\/product"}],"about":[{"href":"https:\/\/dev.tolio.co.nz\/en\/wp-json\/wp\/v2\/types\/product"}],"replies":[{"embeddable":true,"href":"https:\/\/dev.tolio.co.nz\/en\/wp-json\/wp\/v2\/comments?post=19725"}],"wp:featuredmedia":[{"embeddable":true,"href":"https:\/\/dev.tolio.co.nz\/en\/wp-json\/wp\/v2\/media\/20759"}],"wp:attachment":[{"href":"https:\/\/dev.tolio.co.nz\/en\/wp-json\/wp\/v2\/media?parent=19725"}],"wp:term":[{"taxonomy":"product_brand","embeddable":true,"href":"https:\/\/dev.tolio.co.nz\/en\/wp-json\/wp\/v2\/product_brand?post=19725"},{"taxonomy":"product_cat","embeddable":true,"href":"https:\/\/dev.tolio.co.nz\/en\/wp-json\/wp\/v2\/product_cat?post=19725"},{"taxonomy":"product_tag","embeddable":true,"href":"https:\/\/dev.tolio.co.nz\/en\/wp-json\/wp\/v2\/product_tag?post=19725"}],"curies":[{"name":"wp","href":"https:\/\/api.w.org\/{rel}","templated":true}]}}