{"id":19811,"date":"2024-08-27T04:52:14","date_gmt":"2024-08-26T16:07:14","guid":{"rendered":"https:\/\/tolio.co.nz\/?post_type=product&#038;p=19811"},"modified":"2025-09-11T15:59:44","modified_gmt":"2025-09-11T03:59:44","slug":"bot-kem-pha-ca-phe-nestle-coffee-mate-450g","status":"publish","type":"product","link":"https:\/\/dev.tolio.co.nz\/en\/product\/nestle-coffee-mate-ice-cream-bot-450g\/","title":{"rendered":"B\u1ed9t kem pha c\u00e0 ph\u00ea Nestl\u00e9 Coffee Mate 450g"},"content":{"rendered":"<p><strong>B\u1ed9t kem pha c\u00e0 ph\u00ea Nestl\u00e9 Coffee Mate 450g <\/strong>l\u00e0 lo\u1ea1i b\u1ed9t kem kh\u00f4ng l\u00e0m t\u1eeb s\u1eefa \u0111\u1ea7u ti\u00ean, \u0111\u01b0\u1ee3c \u01b0a chu\u1ed9ng tr\u00ean th\u1ebf gi\u1edbi nh\u1edd kh\u1ea3 n\u0103ng t\u1ea1o b\u00e9o nh\u01b0ng kh\u00f4ng ng\u1ecdt, th\u00eam ph\u1ea7n \u0111\u1eadm \u0111\u00e0 cho t\u00e1ch c\u00e0 ph\u00ea c\u1ee7a b\u1ea1n. B\u1ed9t kem n\u00e0y c\u00f3 th\u1ec3 d\u00f9ng \u0111\u01b0\u1ee3c cho ng\u01b0\u1eddi \u0103n ki\u00eang v\u00ec kh\u00f4ng ch\u1ee9a Cholesterol. B\u1ed9t Kem Nestle Coffee Mate \u0111\u01b0\u1ee3c \u0111i\u1ec1u ch\u1ebf h\u01b0\u01a1ng v\u1ecb \u0111\u1eb7c bi\u1ec7t, c\u00f3 kh\u1ea3 n\u0103ng t\u1ea1o b\u00e9o nh\u01b0ng kh\u00f4ng g\u00e2y ng\u1ecdt. Nh\u1edd \u0111\u00f3, b\u1ed9t kem c\u00f3 th\u1ec3 d\u1ec5 d\u00e0ng ph\u00f9 h\u1ee3p v\u1edbi kh\u1ea9u v\u1ecb c\u1ee7a h\u1ea7u h\u1ebft ng\u01b0\u1eddi d\u00f9ng.<\/p>\n<p><strong>H\u01b0\u1edbng d\u1eabn s\u1eed d\u1ee5ng:\u00a0<\/strong><\/p>\n<ul>\n<li>Chu\u1ea9n b\u1ecb 1 ly tr\u00e0 hay c\u00e0 ph\u00ea n\u00f3ng theo s\u1edf th\u00edch<\/li>\n<li>Th\u00eam 3-4 mu\u1ed7ng (9-12g) b\u1ed9t Kem Nestle Coffee Mate v\u00e0o th\u1ee9c u\u1ed1ng pha theo kh\u1ea9u v\u1ecb<\/li>\n<li>Khu\u1ea5y \u0111\u1ec1u v\u00e0 th\u01b0\u1edfng th\u1ee9c<\/li>\n<\/ul>\n<p><strong>B\u1ea3o qu\u1ea3n:\u00a0<\/strong><\/p>\n<ul>\n<li>B\u1ea3o qu\u1ea3n n\u01a1i kh\u00f4 r\u00e1o, tho\u00e1ng m\u00e1t<\/li>\n<\/ul>\n<p><strong>H\u1ea1n s\u1eed d\u1ee5ng:\u00a0<\/strong><\/p>\n<ul>\n<li>24 th\u00e1ng k\u1ec3 t\u1eeb ng\u00e0y s\u1ea3n xu\u1ea5t<\/li>\n<\/ul>","protected":false},"excerpt":{"rendered":"<ul>\n<li>Th\u01b0\u01a1ng hi\u1ec7u: Nestl\u00e9<\/li>\n<li>Xu\u1ea5t x\u1ee9 th\u01b0\u01a1ng hi\u1ec7u: Th\u00e1i Lan<\/li>\n<li>Quy c\u00e1ch \u0111\u00f3ng g\u00f3i: h\u1ed9p 450g<\/li>\n<li>L\u01b0u \u00fd: Bao b\u00ec s\u1ea3n ph\u1ea9m c\u00f3 th\u1ec3 thay \u0111\u1ed5i theo t\u1eebng \u0111\u1ee3t nh\u1eadp h\u00e0ng.<\/li>\n<\/ul>","protected":false},"featured_media":20873,"comment_status":"open","ping_status":"closed","template":"","meta":[],"product_brand":[],"product_cat":[34,483,31],"product_tag":[1013],"class_list":{"0":"post-19811","1":"product","2":"type-product","3":"status-publish","4":"has-post-thumbnail","6":"product_cat-thuc-uong","7":"product_cat-ca-phe","8":"product_cat-hang-moi-ve","9":"product_tag-bot-kem","10":"pa_thuong-hieu-nestle","12":"first","13":"instock","14":"sale","15":"shipping-taxable","16":"purchasable","17":"product-type-simple"},"yoast_head":"<!-- This site is optimized with the Yoast SEO plugin v24.4 - https:\/\/yoast.com\/wordpress\/plugins\/seo\/ -->\n<title>B\u1ed9t kem pha c\u00e0 ph\u00ea Nestl\u00e9 Coffee Mate 450g - TOLIO<\/title>\n<meta name=\"description\" content=\"Th\u01b0\u01a1ng hi\u1ec7u: Nestl\u00e9  Xu\u1ea5t x\u1ee9 th\u01b0\u01a1ng hi\u1ec7u: Th\u00e1i Lan  Quy c\u00e1ch \u0111\u00f3ng g\u00f3i: h\u1ed9p 450g  L\u01b0u \u00fd: Bao b\u00ec s\u1ea3n ph\u1ea9m c\u00f3 th\u1ec3 thay \u0111\u1ed5i theo t\u1eebng \u0111\u1ee3t nh\u1eadp h\u00e0ng.\" \/>\n<meta name=\"robots\" content=\"index, follow, max-snippet:-1, max-image-preview:large, max-video-preview:-1\" \/>\n<link rel=\"canonical\" href=\"https:\/\/dev.tolio.co.nz\/en\/product\/nestle-coffee-mate-ice-cream-bot-450g\/\" \/>\n<meta property=\"og:locale\" content=\"en_US\" \/>\n<meta property=\"og:type\" content=\"article\" \/>\n<meta property=\"og:title\" content=\"B\u1ed9t kem pha c\u00e0 ph\u00ea Nestl\u00e9 Coffee Mate 450g - TOLIO\" \/>\n<meta property=\"og:description\" content=\"Th\u01b0\u01a1ng hi\u1ec7u: Nestl\u00e9  Xu\u1ea5t x\u1ee9 th\u01b0\u01a1ng hi\u1ec7u: Th\u00e1i Lan  Quy c\u00e1ch \u0111\u00f3ng g\u00f3i: h\u1ed9p 450g  L\u01b0u \u00fd: Bao b\u00ec s\u1ea3n ph\u1ea9m c\u00f3 th\u1ec3 thay \u0111\u1ed5i theo t\u1eebng \u0111\u1ee3t nh\u1eadp h\u00e0ng.\" \/>\n<meta property=\"og:url\" content=\"https:\/\/dev.tolio.co.nz\/en\/product\/nestle-coffee-mate-ice-cream-bot-450g\/\" \/>\n<meta property=\"og:site_name\" content=\"TOLIO\" \/>\n<meta property=\"article:modified_time\" content=\"2025-09-11T03:59:44+00:00\" \/>\n<meta property=\"og:image\" content=\"https:\/\/dev.tolio.co.nz\/wp-content\/uploads\/2024\/08\/381-1.png\" \/>\n\t<meta property=\"og:image:width\" content=\"1000\" \/>\n\t<meta property=\"og:image:height\" content=\"907\" \/>\n\t<meta property=\"og:image:type\" content=\"image\/png\" \/>\n<meta name=\"twitter:card\" content=\"summary_large_image\" \/>\n<meta name=\"twitter:label1\" content=\"Est. reading time\" \/>\n\t<meta name=\"twitter:data1\" content=\"1 minute\" \/>\n<script type=\"application\/ld+json\" class=\"yoast-schema-graph\">{\"@context\":\"https:\/\/schema.org\",\"@graph\":[{\"@type\":\"WebPage\",\"@id\":\"https:\/\/dev.tolio.co.nz\/san-pham\/bot-kem-pha-ca-phe-nestle-coffee-mate-450g\/\",\"url\":\"https:\/\/dev.tolio.co.nz\/san-pham\/bot-kem-pha-ca-phe-nestle-coffee-mate-450g\/\",\"name\":\"B\u1ed9t kem pha c\u00e0 ph\u00ea Nestl\u00e9 Coffee Mate 450g - TOLIO\",\"isPartOf\":{\"@id\":\"https:\/\/dev.tolio.co.nz\/#website\"},\"primaryImageOfPage\":{\"@id\":\"https:\/\/dev.tolio.co.nz\/san-pham\/bot-kem-pha-ca-phe-nestle-coffee-mate-450g\/#primaryimage\"},\"image\":{\"@id\":\"https:\/\/dev.tolio.co.nz\/san-pham\/bot-kem-pha-ca-phe-nestle-coffee-mate-450g\/#primaryimage\"},\"thumbnailUrl\":\"https:\/\/dev.tolio.co.nz\/wp-content\/uploads\/2024\/08\/381-1.png\",\"datePublished\":\"2024-08-26T16:07:14+00:00\",\"dateModified\":\"2025-09-11T03:59:44+00:00\",\"description\":\"Th\u01b0\u01a1ng hi\u1ec7u: Nestl\u00e9 Xu\u1ea5t x\u1ee9 th\u01b0\u01a1ng hi\u1ec7u: Th\u00e1i Lan Quy c\u00e1ch \u0111\u00f3ng g\u00f3i: h\u1ed9p 450g L\u01b0u \u00fd: Bao b\u00ec s\u1ea3n ph\u1ea9m c\u00f3 th\u1ec3 thay \u0111\u1ed5i theo t\u1eebng \u0111\u1ee3t nh\u1eadp h\u00e0ng.\",\"breadcrumb\":{\"@id\":\"https:\/\/dev.tolio.co.nz\/san-pham\/bot-kem-pha-ca-phe-nestle-coffee-mate-450g\/#breadcrumb\"},\"inLanguage\":\"en-US\",\"potentialAction\":[{\"@type\":\"ReadAction\",\"target\":[\"https:\/\/dev.tolio.co.nz\/san-pham\/bot-kem-pha-ca-phe-nestle-coffee-mate-450g\/\"]}]},{\"@type\":\"ImageObject\",\"inLanguage\":\"en-US\",\"@id\":\"https:\/\/dev.tolio.co.nz\/san-pham\/bot-kem-pha-ca-phe-nestle-coffee-mate-450g\/#primaryimage\",\"url\":\"https:\/\/dev.tolio.co.nz\/wp-content\/uploads\/2024\/08\/381-1.png\",\"contentUrl\":\"https:\/\/dev.tolio.co.nz\/wp-content\/uploads\/2024\/08\/381-1.png\",\"width\":1000,\"height\":907},{\"@type\":\"BreadcrumbList\",\"@id\":\"https:\/\/dev.tolio.co.nz\/san-pham\/bot-kem-pha-ca-phe-nestle-coffee-mate-450g\/#breadcrumb\",\"itemListElement\":[{\"@type\":\"ListItem\",\"position\":1,\"name\":\"Home\",\"item\":\"https:\/\/dev.tolio.co.nz\/\"},{\"@type\":\"ListItem\",\"position\":2,\"name\":\"C\u1eeda h\u00e0ng\",\"item\":\"https:\/\/dev.tolio.co.nz\/cua-hang\/\"},{\"@type\":\"ListItem\",\"position\":3,\"name\":\"B\u1ed9t kem pha c\u00e0 ph\u00ea Nestl\u00e9 Coffee Mate 450g\"}]},{\"@type\":\"WebSite\",\"@id\":\"https:\/\/dev.tolio.co.nz\/#website\",\"url\":\"https:\/\/dev.tolio.co.nz\/\",\"name\":\"TOLIO\",\"description\":\"Vietnamese Grocery Online\",\"potentialAction\":[{\"@type\":\"SearchAction\",\"target\":{\"@type\":\"EntryPoint\",\"urlTemplate\":\"https:\/\/dev.tolio.co.nz\/?s={search_term_string}\"},\"query-input\":{\"@type\":\"PropertyValueSpecification\",\"valueRequired\":true,\"valueName\":\"search_term_string\"}}],\"inLanguage\":\"en-US\"}]}<\/script>\n<!-- \/ Yoast SEO plugin. -->","yoast_head_json":{"title":"B\u1ed9t kem pha c\u00e0 ph\u00ea Nestl\u00e9 Coffee Mate 450g - TOLIO","description":"Th\u01b0\u01a1ng hi\u1ec7u: Nestl\u00e9  Xu\u1ea5t x\u1ee9 th\u01b0\u01a1ng hi\u1ec7u: Th\u00e1i Lan  Quy c\u00e1ch \u0111\u00f3ng g\u00f3i: h\u1ed9p 450g  L\u01b0u \u00fd: Bao b\u00ec s\u1ea3n ph\u1ea9m c\u00f3 th\u1ec3 thay \u0111\u1ed5i theo t\u1eebng \u0111\u1ee3t nh\u1eadp h\u00e0ng.","robots":{"index":"index","follow":"follow","max-snippet":"max-snippet:-1","max-image-preview":"max-image-preview:large","max-video-preview":"max-video-preview:-1"},"canonical":"https:\/\/dev.tolio.co.nz\/en\/product\/nestle-coffee-mate-ice-cream-bot-450g\/","og_locale":"en_US","og_type":"article","og_title":"B\u1ed9t kem pha c\u00e0 ph\u00ea Nestl\u00e9 Coffee Mate 450g - TOLIO","og_description":"Th\u01b0\u01a1ng hi\u1ec7u: Nestl\u00e9  Xu\u1ea5t x\u1ee9 th\u01b0\u01a1ng hi\u1ec7u: Th\u00e1i Lan  Quy c\u00e1ch \u0111\u00f3ng g\u00f3i: h\u1ed9p 450g  L\u01b0u \u00fd: Bao b\u00ec s\u1ea3n ph\u1ea9m c\u00f3 th\u1ec3 thay \u0111\u1ed5i theo t\u1eebng \u0111\u1ee3t nh\u1eadp h\u00e0ng.","og_url":"https:\/\/dev.tolio.co.nz\/en\/product\/nestle-coffee-mate-ice-cream-bot-450g\/","og_site_name":"TOLIO","article_modified_time":"2025-09-11T03:59:44+00:00","og_image":[{"width":1000,"height":907,"url":"https:\/\/dev.tolio.co.nz\/wp-content\/uploads\/2024\/08\/381-1.png","type":"image\/png"}],"twitter_card":"summary_large_image","twitter_misc":{"Est. reading time":"1 minute"},"schema":{"@context":"https:\/\/schema.org","@graph":[{"@type":"WebPage","@id":"https:\/\/dev.tolio.co.nz\/san-pham\/bot-kem-pha-ca-phe-nestle-coffee-mate-450g\/","url":"https:\/\/dev.tolio.co.nz\/san-pham\/bot-kem-pha-ca-phe-nestle-coffee-mate-450g\/","name":"B\u1ed9t kem pha c\u00e0 ph\u00ea Nestl\u00e9 Coffee Mate 450g - TOLIO","isPartOf":{"@id":"https:\/\/dev.tolio.co.nz\/#website"},"primaryImageOfPage":{"@id":"https:\/\/dev.tolio.co.nz\/san-pham\/bot-kem-pha-ca-phe-nestle-coffee-mate-450g\/#primaryimage"},"image":{"@id":"https:\/\/dev.tolio.co.nz\/san-pham\/bot-kem-pha-ca-phe-nestle-coffee-mate-450g\/#primaryimage"},"thumbnailUrl":"https:\/\/dev.tolio.co.nz\/wp-content\/uploads\/2024\/08\/381-1.png","datePublished":"2024-08-26T16:07:14+00:00","dateModified":"2025-09-11T03:59:44+00:00","description":"Th\u01b0\u01a1ng hi\u1ec7u: Nestl\u00e9 Xu\u1ea5t x\u1ee9 th\u01b0\u01a1ng hi\u1ec7u: Th\u00e1i Lan Quy c\u00e1ch \u0111\u00f3ng g\u00f3i: h\u1ed9p 450g L\u01b0u \u00fd: Bao b\u00ec s\u1ea3n ph\u1ea9m c\u00f3 th\u1ec3 thay \u0111\u1ed5i theo t\u1eebng \u0111\u1ee3t nh\u1eadp h\u00e0ng.","breadcrumb":{"@id":"https:\/\/dev.tolio.co.nz\/san-pham\/bot-kem-pha-ca-phe-nestle-coffee-mate-450g\/#breadcrumb"},"inLanguage":"en-US","potentialAction":[{"@type":"ReadAction","target":["https:\/\/dev.tolio.co.nz\/san-pham\/bot-kem-pha-ca-phe-nestle-coffee-mate-450g\/"]}]},{"@type":"ImageObject","inLanguage":"en-US","@id":"https:\/\/dev.tolio.co.nz\/san-pham\/bot-kem-pha-ca-phe-nestle-coffee-mate-450g\/#primaryimage","url":"https:\/\/dev.tolio.co.nz\/wp-content\/uploads\/2024\/08\/381-1.png","contentUrl":"https:\/\/dev.tolio.co.nz\/wp-content\/uploads\/2024\/08\/381-1.png","width":1000,"height":907},{"@type":"BreadcrumbList","@id":"https:\/\/dev.tolio.co.nz\/san-pham\/bot-kem-pha-ca-phe-nestle-coffee-mate-450g\/#breadcrumb","itemListElement":[{"@type":"ListItem","position":1,"name":"Home","item":"https:\/\/dev.tolio.co.nz\/"},{"@type":"ListItem","position":2,"name":"C\u1eeda h\u00e0ng","item":"https:\/\/dev.tolio.co.nz\/cua-hang\/"},{"@type":"ListItem","position":3,"name":"B\u1ed9t kem pha c\u00e0 ph\u00ea Nestl\u00e9 Coffee Mate 450g"}]},{"@type":"WebSite","@id":"https:\/\/dev.tolio.co.nz\/#website","url":"https:\/\/dev.tolio.co.nz\/","name":"TOLIO","description":"Vietnamese Grocery Online","potentialAction":[{"@type":"SearchAction","target":{"@type":"EntryPoint","urlTemplate":"https:\/\/dev.tolio.co.nz\/?s={search_term_string}"},"query-input":{"@type":"PropertyValueSpecification","valueRequired":true,"valueName":"search_term_string"}}],"inLanguage":"en-US"}]}},"_links":{"self":[{"href":"https:\/\/dev.tolio.co.nz\/en\/wp-json\/wp\/v2\/product\/19811","targetHints":{"allow":["GET"]}}],"collection":[{"href":"https:\/\/dev.tolio.co.nz\/en\/wp-json\/wp\/v2\/product"}],"about":[{"href":"https:\/\/dev.tolio.co.nz\/en\/wp-json\/wp\/v2\/types\/product"}],"replies":[{"embeddable":true,"href":"https:\/\/dev.tolio.co.nz\/en\/wp-json\/wp\/v2\/comments?post=19811"}],"wp:featuredmedia":[{"embeddable":true,"href":"https:\/\/dev.tolio.co.nz\/en\/wp-json\/wp\/v2\/media\/20873"}],"wp:attachment":[{"href":"https:\/\/dev.tolio.co.nz\/en\/wp-json\/wp\/v2\/media?parent=19811"}],"wp:term":[{"taxonomy":"product_brand","embeddable":true,"href":"https:\/\/dev.tolio.co.nz\/en\/wp-json\/wp\/v2\/product_brand?post=19811"},{"taxonomy":"product_cat","embeddable":true,"href":"https:\/\/dev.tolio.co.nz\/en\/wp-json\/wp\/v2\/product_cat?post=19811"},{"taxonomy":"product_tag","embeddable":true,"href":"https:\/\/dev.tolio.co.nz\/en\/wp-json\/wp\/v2\/product_tag?post=19811"}],"curies":[{"name":"wp","href":"https:\/\/api.w.org\/{rel}","templated":true}]}}