{"id":19947,"date":"2024-09-04T23:14:24","date_gmt":"2024-09-04T10:29:24","guid":{"rendered":"https:\/\/tolio.co.nz\/?post_type=product&#038;p=19947"},"modified":"2025-09-11T16:00:42","modified_gmt":"2025-09-11T04:00:42","slug":"dao-cat-bang-keo-dan-hoa","status":"publish","type":"product","link":"https:\/\/dev.tolio.co.nz\/en\/product\/adhesive-tape-cutter\/","title":{"rendered":"Dao c\u1eaft b\u0103ng keo D\u00e2n Hoa"},"content":{"rendered":"<p><strong>Dao c\u1eaft b\u0103ng keo D\u00e2n Hoa 5cm<\/strong> v\u1edbi l\u01b0\u1ee1i dao th\u00e9p c\u1ef1c b\u00e9n, c\u00f3 s\u01a1n t\u0129nh \u0111i\u1ec7n ch\u1ed1ng h\u00e0n g\u00ec. Dao c\u1eaft b\u0103ng keo D\u00e2n Hoa c\u1eaft b\u0103ng d\u00ednh c\u1ea7m tay gi\u00fap ng\u01b0\u1eddi s\u1eed d\u1ee5ng d\u1ec5 d\u00e0ng \u0111i\u1ec1u khi\u1ec3n vi\u1ec7c c\u1eaft d\u00e1n b\u0103ng keo th\u1eadt ti\u1ec7n l\u1ee3i v\u00e0 an to\u00e0n v\u1edbi tay c\u1ea7m ch\u1eafc ch\u1eafn. Th\u00edch h\u1ee3p s\u1eed d\u1ee5ng lo\u1ea1i b\u0103ng keo v\u00f2ng l\u1edbn c\u00f3 nhi\u1ec1u k\u00edch c\u1ee1 cho b\u1ea1n s\u1ef1 l\u1ef1a ch\u1ecdn ph\u00f9 h\u1ee3p.<\/p>\n<p><strong>H\u01b0\u1edbng d\u1eabn s\u1eed d\u1ee5ng:\u00a0<\/strong><\/p>\n<ul>\n<li>\u0110\u01b0a tay c\u1ea7m c\u1ee7a dao l\u00ean v\u00e0 \u0111\u1ec3 cu\u1ed9n b\u0103ng keo v\u00e0o \u0111\u00fang v\u1ecb tr\u00ed v\u1eeba kh\u00edt theo ph\u1ea7n th\u00e2n c\u1ee7a dao sao cho ph\u1ea7n h\u00ecnh tr\u00f2n n\u1eb1m l\u1ecdt b\u00ean trong c\u1ee7a l\u00f5i b\u0103ng keo l\u00e0 \u0111\u00e3 ho\u00e0n th\u00e0nh.<\/li>\n<\/ul>\n<p>&nbsp;<\/p>","protected":false},"excerpt":{"rendered":"<ul>\n<li>Th\u01b0\u01a1ng hi\u1ec7u: D\u00e2n Hoa<\/li>\n<li>Xu\u1ea5t x\u1ee9 th\u01b0\u01a1ng hi\u1ec7u: Vi\u1ec7t Nam<\/li>\n<li>Quy c\u00e1ch \u0111\u00f3ng g\u00f3i:\u00a0 1 c\u00e1i\/h\u1ed9p<\/li>\n<li>L\u01b0u \u00fd: Bao b\u00ec s\u1ea3n ph\u1ea9m c\u00f3 th\u1ec3 thay \u0111\u1ed5i theo t\u1eebng \u0111\u1ee3t nh\u1eadp h\u00e0ng<\/li>\n<\/ul>","protected":false},"featured_media":20628,"comment_status":"open","ping_status":"closed","template":"","meta":[],"product_brand":[],"product_cat":[49,31],"product_tag":[1016],"class_list":{"0":"post-19947","1":"product","2":"type-product","3":"status-publish","4":"has-post-thumbnail","6":"product_cat-non-food","7":"product_cat-hang-moi-ve","8":"product_tag-dao-cat","9":"pa_thuong-hieu-dan-hoa","11":"first","12":"instock","13":"shipping-taxable","14":"purchasable","15":"product-type-simple"},"yoast_head":"<!-- This site is optimized with the Yoast SEO plugin v24.4 - https:\/\/yoast.com\/wordpress\/plugins\/seo\/ -->\n<title>Dao c\u1eaft b\u0103ng keo D\u00e2n Hoa - TOLIO<\/title>\n<meta name=\"description\" content=\"Th\u01b0\u01a1ng hi\u1ec7u: D\u00e2n Hoa  Xu\u1ea5t x\u1ee9 th\u01b0\u01a1ng hi\u1ec7u: Vi\u1ec7t Nam  Quy c\u00e1ch \u0111\u00f3ng g\u00f3i:\u00a0 1 c\u00e1i\/h\u1ed9p  L\u01b0u \u00fd: Bao b\u00ec s\u1ea3n ph\u1ea9m c\u00f3 th\u1ec3 thay \u0111\u1ed5i theo t\u1eebng \u0111\u1ee3t nh\u1eadp h\u00e0ng\" \/>\n<meta name=\"robots\" content=\"index, follow, max-snippet:-1, max-image-preview:large, max-video-preview:-1\" \/>\n<link rel=\"canonical\" href=\"https:\/\/dev.tolio.co.nz\/en\/product\/adhesive-tape-cutter\/\" \/>\n<meta property=\"og:locale\" content=\"en_US\" \/>\n<meta property=\"og:type\" content=\"article\" \/>\n<meta property=\"og:title\" content=\"Dao c\u1eaft b\u0103ng keo D\u00e2n Hoa - TOLIO\" \/>\n<meta property=\"og:description\" content=\"Th\u01b0\u01a1ng hi\u1ec7u: D\u00e2n Hoa  Xu\u1ea5t x\u1ee9 th\u01b0\u01a1ng hi\u1ec7u: Vi\u1ec7t Nam  Quy c\u00e1ch \u0111\u00f3ng g\u00f3i:\u00a0 1 c\u00e1i\/h\u1ed9p  L\u01b0u \u00fd: Bao b\u00ec s\u1ea3n ph\u1ea9m c\u00f3 th\u1ec3 thay \u0111\u1ed5i theo t\u1eebng \u0111\u1ee3t nh\u1eadp h\u00e0ng\" \/>\n<meta property=\"og:url\" content=\"https:\/\/dev.tolio.co.nz\/en\/product\/adhesive-tape-cutter\/\" \/>\n<meta property=\"og:site_name\" content=\"TOLIO\" \/>\n<meta property=\"article:modified_time\" content=\"2025-09-11T04:00:42+00:00\" \/>\n<meta property=\"og:image\" content=\"https:\/\/dev.tolio.co.nz\/wp-content\/uploads\/2024\/09\/174.png\" \/>\n\t<meta property=\"og:image:width\" content=\"1000\" \/>\n\t<meta property=\"og:image:height\" content=\"907\" \/>\n\t<meta property=\"og:image:type\" content=\"image\/png\" \/>\n<meta name=\"twitter:card\" content=\"summary_large_image\" \/>\n<meta name=\"twitter:label1\" content=\"Est. reading time\" \/>\n\t<meta name=\"twitter:data1\" content=\"1 minute\" \/>\n<script type=\"application\/ld+json\" class=\"yoast-schema-graph\">{\"@context\":\"https:\/\/schema.org\",\"@graph\":[{\"@type\":\"WebPage\",\"@id\":\"https:\/\/dev.tolio.co.nz\/san-pham\/dao-cat-bang-keo-dan-hoa\/\",\"url\":\"https:\/\/dev.tolio.co.nz\/san-pham\/dao-cat-bang-keo-dan-hoa\/\",\"name\":\"Dao c\u1eaft b\u0103ng keo D\u00e2n Hoa - TOLIO\",\"isPartOf\":{\"@id\":\"https:\/\/dev.tolio.co.nz\/#website\"},\"primaryImageOfPage\":{\"@id\":\"https:\/\/dev.tolio.co.nz\/san-pham\/dao-cat-bang-keo-dan-hoa\/#primaryimage\"},\"image\":{\"@id\":\"https:\/\/dev.tolio.co.nz\/san-pham\/dao-cat-bang-keo-dan-hoa\/#primaryimage\"},\"thumbnailUrl\":\"https:\/\/dev.tolio.co.nz\/wp-content\/uploads\/2024\/09\/174.png\",\"datePublished\":\"2024-09-04T10:29:24+00:00\",\"dateModified\":\"2025-09-11T04:00:42+00:00\",\"description\":\"Th\u01b0\u01a1ng hi\u1ec7u: D\u00e2n Hoa Xu\u1ea5t x\u1ee9 th\u01b0\u01a1ng hi\u1ec7u: Vi\u1ec7t Nam Quy c\u00e1ch \u0111\u00f3ng g\u00f3i:\u00a0 1 c\u00e1i\/h\u1ed9p L\u01b0u \u00fd: Bao b\u00ec s\u1ea3n ph\u1ea9m c\u00f3 th\u1ec3 thay \u0111\u1ed5i theo t\u1eebng \u0111\u1ee3t nh\u1eadp h\u00e0ng\",\"breadcrumb\":{\"@id\":\"https:\/\/dev.tolio.co.nz\/san-pham\/dao-cat-bang-keo-dan-hoa\/#breadcrumb\"},\"inLanguage\":\"en-US\",\"potentialAction\":[{\"@type\":\"ReadAction\",\"target\":[\"https:\/\/dev.tolio.co.nz\/san-pham\/dao-cat-bang-keo-dan-hoa\/\"]}]},{\"@type\":\"ImageObject\",\"inLanguage\":\"en-US\",\"@id\":\"https:\/\/dev.tolio.co.nz\/san-pham\/dao-cat-bang-keo-dan-hoa\/#primaryimage\",\"url\":\"https:\/\/dev.tolio.co.nz\/wp-content\/uploads\/2024\/09\/174.png\",\"contentUrl\":\"https:\/\/dev.tolio.co.nz\/wp-content\/uploads\/2024\/09\/174.png\",\"width\":1000,\"height\":907},{\"@type\":\"BreadcrumbList\",\"@id\":\"https:\/\/dev.tolio.co.nz\/san-pham\/dao-cat-bang-keo-dan-hoa\/#breadcrumb\",\"itemListElement\":[{\"@type\":\"ListItem\",\"position\":1,\"name\":\"Home\",\"item\":\"https:\/\/dev.tolio.co.nz\/\"},{\"@type\":\"ListItem\",\"position\":2,\"name\":\"C\u1eeda h\u00e0ng\",\"item\":\"https:\/\/dev.tolio.co.nz\/cua-hang\/\"},{\"@type\":\"ListItem\",\"position\":3,\"name\":\"Dao c\u1eaft b\u0103ng keo D\u00e2n Hoa\"}]},{\"@type\":\"WebSite\",\"@id\":\"https:\/\/dev.tolio.co.nz\/#website\",\"url\":\"https:\/\/dev.tolio.co.nz\/\",\"name\":\"TOLIO\",\"description\":\"Vietnamese Grocery Online\",\"potentialAction\":[{\"@type\":\"SearchAction\",\"target\":{\"@type\":\"EntryPoint\",\"urlTemplate\":\"https:\/\/dev.tolio.co.nz\/?s={search_term_string}\"},\"query-input\":{\"@type\":\"PropertyValueSpecification\",\"valueRequired\":true,\"valueName\":\"search_term_string\"}}],\"inLanguage\":\"en-US\"}]}<\/script>\n<!-- \/ Yoast SEO plugin. -->","yoast_head_json":{"title":"Dao c\u1eaft b\u0103ng keo D\u00e2n Hoa - TOLIO","description":"Th\u01b0\u01a1ng hi\u1ec7u: D\u00e2n Hoa  Xu\u1ea5t x\u1ee9 th\u01b0\u01a1ng hi\u1ec7u: Vi\u1ec7t Nam  Quy c\u00e1ch \u0111\u00f3ng g\u00f3i:\u00a0 1 c\u00e1i\/h\u1ed9p  L\u01b0u \u00fd: Bao b\u00ec s\u1ea3n ph\u1ea9m c\u00f3 th\u1ec3 thay \u0111\u1ed5i theo t\u1eebng \u0111\u1ee3t nh\u1eadp h\u00e0ng","robots":{"index":"index","follow":"follow","max-snippet":"max-snippet:-1","max-image-preview":"max-image-preview:large","max-video-preview":"max-video-preview:-1"},"canonical":"https:\/\/dev.tolio.co.nz\/en\/product\/adhesive-tape-cutter\/","og_locale":"en_US","og_type":"article","og_title":"Dao c\u1eaft b\u0103ng keo D\u00e2n Hoa - TOLIO","og_description":"Th\u01b0\u01a1ng hi\u1ec7u: D\u00e2n Hoa  Xu\u1ea5t x\u1ee9 th\u01b0\u01a1ng hi\u1ec7u: Vi\u1ec7t Nam  Quy c\u00e1ch \u0111\u00f3ng g\u00f3i:\u00a0 1 c\u00e1i\/h\u1ed9p  L\u01b0u \u00fd: Bao b\u00ec s\u1ea3n ph\u1ea9m c\u00f3 th\u1ec3 thay \u0111\u1ed5i theo t\u1eebng \u0111\u1ee3t nh\u1eadp h\u00e0ng","og_url":"https:\/\/dev.tolio.co.nz\/en\/product\/adhesive-tape-cutter\/","og_site_name":"TOLIO","article_modified_time":"2025-09-11T04:00:42+00:00","og_image":[{"width":1000,"height":907,"url":"https:\/\/dev.tolio.co.nz\/wp-content\/uploads\/2024\/09\/174.png","type":"image\/png"}],"twitter_card":"summary_large_image","twitter_misc":{"Est. reading time":"1 minute"},"schema":{"@context":"https:\/\/schema.org","@graph":[{"@type":"WebPage","@id":"https:\/\/dev.tolio.co.nz\/san-pham\/dao-cat-bang-keo-dan-hoa\/","url":"https:\/\/dev.tolio.co.nz\/san-pham\/dao-cat-bang-keo-dan-hoa\/","name":"Dao c\u1eaft b\u0103ng keo D\u00e2n Hoa - TOLIO","isPartOf":{"@id":"https:\/\/dev.tolio.co.nz\/#website"},"primaryImageOfPage":{"@id":"https:\/\/dev.tolio.co.nz\/san-pham\/dao-cat-bang-keo-dan-hoa\/#primaryimage"},"image":{"@id":"https:\/\/dev.tolio.co.nz\/san-pham\/dao-cat-bang-keo-dan-hoa\/#primaryimage"},"thumbnailUrl":"https:\/\/dev.tolio.co.nz\/wp-content\/uploads\/2024\/09\/174.png","datePublished":"2024-09-04T10:29:24+00:00","dateModified":"2025-09-11T04:00:42+00:00","description":"Th\u01b0\u01a1ng hi\u1ec7u: D\u00e2n Hoa Xu\u1ea5t x\u1ee9 th\u01b0\u01a1ng hi\u1ec7u: Vi\u1ec7t Nam Quy c\u00e1ch \u0111\u00f3ng g\u00f3i:\u00a0 1 c\u00e1i\/h\u1ed9p L\u01b0u \u00fd: Bao b\u00ec s\u1ea3n ph\u1ea9m c\u00f3 th\u1ec3 thay \u0111\u1ed5i theo t\u1eebng \u0111\u1ee3t nh\u1eadp h\u00e0ng","breadcrumb":{"@id":"https:\/\/dev.tolio.co.nz\/san-pham\/dao-cat-bang-keo-dan-hoa\/#breadcrumb"},"inLanguage":"en-US","potentialAction":[{"@type":"ReadAction","target":["https:\/\/dev.tolio.co.nz\/san-pham\/dao-cat-bang-keo-dan-hoa\/"]}]},{"@type":"ImageObject","inLanguage":"en-US","@id":"https:\/\/dev.tolio.co.nz\/san-pham\/dao-cat-bang-keo-dan-hoa\/#primaryimage","url":"https:\/\/dev.tolio.co.nz\/wp-content\/uploads\/2024\/09\/174.png","contentUrl":"https:\/\/dev.tolio.co.nz\/wp-content\/uploads\/2024\/09\/174.png","width":1000,"height":907},{"@type":"BreadcrumbList","@id":"https:\/\/dev.tolio.co.nz\/san-pham\/dao-cat-bang-keo-dan-hoa\/#breadcrumb","itemListElement":[{"@type":"ListItem","position":1,"name":"Home","item":"https:\/\/dev.tolio.co.nz\/"},{"@type":"ListItem","position":2,"name":"C\u1eeda h\u00e0ng","item":"https:\/\/dev.tolio.co.nz\/cua-hang\/"},{"@type":"ListItem","position":3,"name":"Dao c\u1eaft b\u0103ng keo D\u00e2n Hoa"}]},{"@type":"WebSite","@id":"https:\/\/dev.tolio.co.nz\/#website","url":"https:\/\/dev.tolio.co.nz\/","name":"TOLIO","description":"Vietnamese Grocery Online","potentialAction":[{"@type":"SearchAction","target":{"@type":"EntryPoint","urlTemplate":"https:\/\/dev.tolio.co.nz\/?s={search_term_string}"},"query-input":{"@type":"PropertyValueSpecification","valueRequired":true,"valueName":"search_term_string"}}],"inLanguage":"en-US"}]}},"_links":{"self":[{"href":"https:\/\/dev.tolio.co.nz\/en\/wp-json\/wp\/v2\/product\/19947","targetHints":{"allow":["GET"]}}],"collection":[{"href":"https:\/\/dev.tolio.co.nz\/en\/wp-json\/wp\/v2\/product"}],"about":[{"href":"https:\/\/dev.tolio.co.nz\/en\/wp-json\/wp\/v2\/types\/product"}],"replies":[{"embeddable":true,"href":"https:\/\/dev.tolio.co.nz\/en\/wp-json\/wp\/v2\/comments?post=19947"}],"wp:featuredmedia":[{"embeddable":true,"href":"https:\/\/dev.tolio.co.nz\/en\/wp-json\/wp\/v2\/media\/20628"}],"wp:attachment":[{"href":"https:\/\/dev.tolio.co.nz\/en\/wp-json\/wp\/v2\/media?parent=19947"}],"wp:term":[{"taxonomy":"product_brand","embeddable":true,"href":"https:\/\/dev.tolio.co.nz\/en\/wp-json\/wp\/v2\/product_brand?post=19947"},{"taxonomy":"product_cat","embeddable":true,"href":"https:\/\/dev.tolio.co.nz\/en\/wp-json\/wp\/v2\/product_cat?post=19947"},{"taxonomy":"product_tag","embeddable":true,"href":"https:\/\/dev.tolio.co.nz\/en\/wp-json\/wp\/v2\/product_tag?post=19947"}],"curies":[{"name":"wp","href":"https:\/\/api.w.org\/{rel}","templated":true}]}}