{"id":19969,"date":"2024-09-05T12:35:44","date_gmt":"2024-09-04T23:50:44","guid":{"rendered":"https:\/\/tolio.co.nz\/?post_type=product&#038;p=19969"},"modified":"2025-09-11T15:59:56","modified_gmt":"2025-09-11T03:59:56","slug":"set-nguyen-lieu-pha-tra-sua-phuc-long-900g","status":"publish","type":"product","link":"https:\/\/dev.tolio.co.nz\/en\/product\/phuc-long-milk-tea-ingredients-set-900g\/","title":{"rendered":"Set nguy\u00ean li\u1ec7u pha tr\u00e0 s\u1eefa Ph\u00fac Long 900g"},"content":{"rendered":"<p><strong>Set nguy\u00ean li\u1ec7u pha tr\u00e0 s\u1eefa Ph\u00fac Long 900g<\/strong> v\u1edbi th\u00e0nh ph\u1ea7n g\u1ed3m tr\u00e0 \u0111en, b\u1ed9t kem b\u00e9o, tr\u00e2n ch\u00e2u tr\u1eafng, tr\u00e2n ch\u00e2u \u0111en&#8230; \u0111i k\u00e8m v\u1edbi c\u00f4ng th\u1ee9c n\u1ea5u ti\u1ec7n l\u1ee3i. M\u1ed9t ch\u00fat v\u1ecb ng\u1ecdt c\u1ee7a s\u1eefa ho\u00e0 quy\u1ec7n v\u1edbi v\u1ecb \u0111\u0103ng \u0111\u1eafng c\u1ee7a tr\u00e0 th\u00eam ch\u00fat dai dai c\u1ee7a h\u1ea1t tr\u00e2n ch\u00e2u r\u1ea5t \u0111\u1eb7c tr\u01b0ng t\u1eeb ly tr\u00e0 s\u1eefa th\u00e1i \u0111\u1ecf hi\u1ec7n r\u1ea5t \u0111\u01b0\u1ee3c nhi\u1ec1u ng\u01b0\u1eddi \u01b0a th\u00edch v\u00e0 b\u1ea1n c\u0169ng l\u00e0 m\u1ed9t trong s\u1ed1 \u0111\u00f3. M\u00f4\u0303i set nguy\u00ean li\u1ec7u se\u0303 cho ra tha\u0300nh ph\u00e2\u0309m 25-30 ly tra\u0300 s\u01b0\u0303a Ph\u00fac Long<\/p>\n<p><strong>H\u01b0\u1edbng d\u1eabn s\u1eed d\u1ee5ng:<\/strong><\/p>\n<ul>\n<li>Pha v\u00e0 n\u1ea5u theo\u00a0t\u1edd h\u01b0\u1edbng d\u1eabn chi ti\u1ebft \u0111\u00ednh k\u00e8m trong set<\/li>\n<\/ul>\n<p><strong>B\u1ea3o qu\u1ea3n: <\/strong><\/p>\n<ul>\n<li>B\u1ea3o qu\u1ea3n n\u01a1i kh\u00f4 r\u00e1o, tho\u00e1ng m\u00e1t ho\u1eb7c b\u1ea3o qu\u1ea3n t\u1ee7 l\u1ea1nh. Tr\u00e1nh \u00e1nh n\u1eafng m\u1eb7t tr\u1eddi tr\u1ef1c ti\u1ebfp<\/li>\n<\/ul>\n<p><strong>H\u1ea1n s\u1eed d\u1ee5ng:<\/strong><\/p>\n<ul>\n<li>12 th\u00e1ng k\u1ec3 t\u1eeb ng\u00e0y s\u1ea3n xu\u1ea5t<\/li>\n<\/ul>","protected":false},"excerpt":{"rendered":"<ul>\n<li>Th\u01b0\u01a1ng hi\u1ec7u: Tolifood<\/li>\n<li>Xu\u1ea5t x\u1ee9 th\u01b0\u01a1ng hi\u1ec7u: Vi\u1ec7t Nam<\/li>\n<li>Quy c\u00e1ch \u0111\u00f3ng g\u00f3i: g\u00f3i 900g<\/li>\n<li>L\u01b0u \u00fd: Bao b\u00ec s\u1ea3n ph\u1ea9m c\u00f3 th\u1ec3 thay \u0111\u1ed5i theo t\u1eebng \u0111\u1ee3t nh\u1eadp h\u00e0ng<\/li>\n<\/ul>","protected":false},"featured_media":22411,"comment_status":"open","ping_status":"closed","template":"","meta":[],"product_brand":[],"product_cat":[34,35,31],"product_tag":[995],"class_list":{"0":"post-19969","1":"product","2":"type-product","3":"status-publish","4":"has-post-thumbnail","6":"product_cat-thuc-uong","7":"product_cat-banh-keo","8":"product_cat-hang-moi-ve","9":"product_tag-nguyen-lieu-pha-tra-sua","10":"pa_thuong-hieu-tolifood","12":"first","13":"instock","14":"sale","15":"shipping-taxable","16":"purchasable","17":"product-type-simple"},"yoast_head":"<!-- This site is optimized with the Yoast SEO plugin v24.4 - https:\/\/yoast.com\/wordpress\/plugins\/seo\/ -->\n<title>Set nguy\u00ean li\u1ec7u pha tr\u00e0 s\u1eefa Ph\u00fac Long 900g - TOLIO<\/title>\n<meta name=\"description\" content=\"Th\u01b0\u01a1ng hi\u1ec7u: Tolifood  Xu\u1ea5t x\u1ee9 th\u01b0\u01a1ng hi\u1ec7u: Vi\u1ec7t Nam  Quy c\u00e1ch \u0111\u00f3ng g\u00f3i: g\u00f3i 900g  L\u01b0u \u00fd: Bao b\u00ec s\u1ea3n ph\u1ea9m c\u00f3 th\u1ec3 thay \u0111\u1ed5i theo t\u1eebng \u0111\u1ee3t nh\u1eadp h\u00e0ng\" \/>\n<meta name=\"robots\" content=\"index, follow, max-snippet:-1, max-image-preview:large, max-video-preview:-1\" \/>\n<link rel=\"canonical\" href=\"https:\/\/dev.tolio.co.nz\/en\/product\/phuc-long-milk-tea-ingredients-set-900g\/\" \/>\n<meta property=\"og:locale\" content=\"en_US\" \/>\n<meta property=\"og:type\" content=\"article\" \/>\n<meta property=\"og:title\" content=\"Set nguy\u00ean li\u1ec7u pha tr\u00e0 s\u1eefa Ph\u00fac Long 900g - TOLIO\" \/>\n<meta property=\"og:description\" content=\"Th\u01b0\u01a1ng hi\u1ec7u: Tolifood  Xu\u1ea5t x\u1ee9 th\u01b0\u01a1ng hi\u1ec7u: Vi\u1ec7t Nam  Quy c\u00e1ch \u0111\u00f3ng g\u00f3i: g\u00f3i 900g  L\u01b0u \u00fd: Bao b\u00ec s\u1ea3n ph\u1ea9m c\u00f3 th\u1ec3 thay \u0111\u1ed5i theo t\u1eebng \u0111\u1ee3t nh\u1eadp h\u00e0ng\" \/>\n<meta property=\"og:url\" content=\"https:\/\/dev.tolio.co.nz\/en\/product\/phuc-long-milk-tea-ingredients-set-900g\/\" \/>\n<meta property=\"og:site_name\" content=\"TOLIO\" \/>\n<meta property=\"article:modified_time\" content=\"2025-09-11T03:59:56+00:00\" \/>\n<meta property=\"og:image\" content=\"https:\/\/dev.tolio.co.nz\/wp-content\/uploads\/2024\/09\/319.png\" \/>\n\t<meta property=\"og:image:width\" content=\"1000\" \/>\n\t<meta property=\"og:image:height\" content=\"907\" \/>\n\t<meta property=\"og:image:type\" content=\"image\/png\" \/>\n<meta name=\"twitter:card\" content=\"summary_large_image\" \/>\n<meta name=\"twitter:label1\" content=\"Est. reading time\" \/>\n\t<meta name=\"twitter:data1\" content=\"1 minute\" \/>\n<script type=\"application\/ld+json\" class=\"yoast-schema-graph\">{\"@context\":\"https:\/\/schema.org\",\"@graph\":[{\"@type\":\"WebPage\",\"@id\":\"https:\/\/dev.tolio.co.nz\/san-pham\/set-nguyen-lieu-pha-tra-sua-phuc-long-900g\/\",\"url\":\"https:\/\/dev.tolio.co.nz\/san-pham\/set-nguyen-lieu-pha-tra-sua-phuc-long-900g\/\",\"name\":\"Set nguy\u00ean li\u1ec7u pha tr\u00e0 s\u1eefa Ph\u00fac Long 900g - TOLIO\",\"isPartOf\":{\"@id\":\"https:\/\/dev.tolio.co.nz\/#website\"},\"primaryImageOfPage\":{\"@id\":\"https:\/\/dev.tolio.co.nz\/san-pham\/set-nguyen-lieu-pha-tra-sua-phuc-long-900g\/#primaryimage\"},\"image\":{\"@id\":\"https:\/\/dev.tolio.co.nz\/san-pham\/set-nguyen-lieu-pha-tra-sua-phuc-long-900g\/#primaryimage\"},\"thumbnailUrl\":\"https:\/\/dev.tolio.co.nz\/wp-content\/uploads\/2024\/09\/319.png\",\"datePublished\":\"2024-09-04T23:50:44+00:00\",\"dateModified\":\"2025-09-11T03:59:56+00:00\",\"description\":\"Th\u01b0\u01a1ng hi\u1ec7u: Tolifood Xu\u1ea5t x\u1ee9 th\u01b0\u01a1ng hi\u1ec7u: Vi\u1ec7t Nam Quy c\u00e1ch \u0111\u00f3ng g\u00f3i: g\u00f3i 900g L\u01b0u \u00fd: Bao b\u00ec s\u1ea3n ph\u1ea9m c\u00f3 th\u1ec3 thay \u0111\u1ed5i theo t\u1eebng \u0111\u1ee3t nh\u1eadp h\u00e0ng\",\"breadcrumb\":{\"@id\":\"https:\/\/dev.tolio.co.nz\/san-pham\/set-nguyen-lieu-pha-tra-sua-phuc-long-900g\/#breadcrumb\"},\"inLanguage\":\"en-US\",\"potentialAction\":[{\"@type\":\"ReadAction\",\"target\":[\"https:\/\/dev.tolio.co.nz\/san-pham\/set-nguyen-lieu-pha-tra-sua-phuc-long-900g\/\"]}]},{\"@type\":\"ImageObject\",\"inLanguage\":\"en-US\",\"@id\":\"https:\/\/dev.tolio.co.nz\/san-pham\/set-nguyen-lieu-pha-tra-sua-phuc-long-900g\/#primaryimage\",\"url\":\"https:\/\/dev.tolio.co.nz\/wp-content\/uploads\/2024\/09\/319.png\",\"contentUrl\":\"https:\/\/dev.tolio.co.nz\/wp-content\/uploads\/2024\/09\/319.png\",\"width\":1000,\"height\":907},{\"@type\":\"BreadcrumbList\",\"@id\":\"https:\/\/dev.tolio.co.nz\/san-pham\/set-nguyen-lieu-pha-tra-sua-phuc-long-900g\/#breadcrumb\",\"itemListElement\":[{\"@type\":\"ListItem\",\"position\":1,\"name\":\"Home\",\"item\":\"https:\/\/dev.tolio.co.nz\/\"},{\"@type\":\"ListItem\",\"position\":2,\"name\":\"C\u1eeda h\u00e0ng\",\"item\":\"https:\/\/dev.tolio.co.nz\/cua-hang\/\"},{\"@type\":\"ListItem\",\"position\":3,\"name\":\"Set nguy\u00ean li\u1ec7u pha tr\u00e0 s\u1eefa Ph\u00fac Long 900g\"}]},{\"@type\":\"WebSite\",\"@id\":\"https:\/\/dev.tolio.co.nz\/#website\",\"url\":\"https:\/\/dev.tolio.co.nz\/\",\"name\":\"TOLIO\",\"description\":\"Vietnamese Grocery Online\",\"potentialAction\":[{\"@type\":\"SearchAction\",\"target\":{\"@type\":\"EntryPoint\",\"urlTemplate\":\"https:\/\/dev.tolio.co.nz\/?s={search_term_string}\"},\"query-input\":{\"@type\":\"PropertyValueSpecification\",\"valueRequired\":true,\"valueName\":\"search_term_string\"}}],\"inLanguage\":\"en-US\"}]}<\/script>\n<!-- \/ Yoast SEO plugin. -->","yoast_head_json":{"title":"Set nguy\u00ean li\u1ec7u pha tr\u00e0 s\u1eefa Ph\u00fac Long 900g - TOLIO","description":"Th\u01b0\u01a1ng hi\u1ec7u: Tolifood  Xu\u1ea5t x\u1ee9 th\u01b0\u01a1ng hi\u1ec7u: Vi\u1ec7t Nam  Quy c\u00e1ch \u0111\u00f3ng g\u00f3i: g\u00f3i 900g  L\u01b0u \u00fd: Bao b\u00ec s\u1ea3n ph\u1ea9m c\u00f3 th\u1ec3 thay \u0111\u1ed5i theo t\u1eebng \u0111\u1ee3t nh\u1eadp h\u00e0ng","robots":{"index":"index","follow":"follow","max-snippet":"max-snippet:-1","max-image-preview":"max-image-preview:large","max-video-preview":"max-video-preview:-1"},"canonical":"https:\/\/dev.tolio.co.nz\/en\/product\/phuc-long-milk-tea-ingredients-set-900g\/","og_locale":"en_US","og_type":"article","og_title":"Set nguy\u00ean li\u1ec7u pha tr\u00e0 s\u1eefa Ph\u00fac Long 900g - TOLIO","og_description":"Th\u01b0\u01a1ng hi\u1ec7u: Tolifood  Xu\u1ea5t x\u1ee9 th\u01b0\u01a1ng hi\u1ec7u: Vi\u1ec7t Nam  Quy c\u00e1ch \u0111\u00f3ng g\u00f3i: g\u00f3i 900g  L\u01b0u \u00fd: Bao b\u00ec s\u1ea3n ph\u1ea9m c\u00f3 th\u1ec3 thay \u0111\u1ed5i theo t\u1eebng \u0111\u1ee3t nh\u1eadp h\u00e0ng","og_url":"https:\/\/dev.tolio.co.nz\/en\/product\/phuc-long-milk-tea-ingredients-set-900g\/","og_site_name":"TOLIO","article_modified_time":"2025-09-11T03:59:56+00:00","og_image":[{"width":1000,"height":907,"url":"https:\/\/dev.tolio.co.nz\/wp-content\/uploads\/2024\/09\/319.png","type":"image\/png"}],"twitter_card":"summary_large_image","twitter_misc":{"Est. reading time":"1 minute"},"schema":{"@context":"https:\/\/schema.org","@graph":[{"@type":"WebPage","@id":"https:\/\/dev.tolio.co.nz\/san-pham\/set-nguyen-lieu-pha-tra-sua-phuc-long-900g\/","url":"https:\/\/dev.tolio.co.nz\/san-pham\/set-nguyen-lieu-pha-tra-sua-phuc-long-900g\/","name":"Set nguy\u00ean li\u1ec7u pha tr\u00e0 s\u1eefa Ph\u00fac Long 900g - TOLIO","isPartOf":{"@id":"https:\/\/dev.tolio.co.nz\/#website"},"primaryImageOfPage":{"@id":"https:\/\/dev.tolio.co.nz\/san-pham\/set-nguyen-lieu-pha-tra-sua-phuc-long-900g\/#primaryimage"},"image":{"@id":"https:\/\/dev.tolio.co.nz\/san-pham\/set-nguyen-lieu-pha-tra-sua-phuc-long-900g\/#primaryimage"},"thumbnailUrl":"https:\/\/dev.tolio.co.nz\/wp-content\/uploads\/2024\/09\/319.png","datePublished":"2024-09-04T23:50:44+00:00","dateModified":"2025-09-11T03:59:56+00:00","description":"Th\u01b0\u01a1ng hi\u1ec7u: Tolifood Xu\u1ea5t x\u1ee9 th\u01b0\u01a1ng hi\u1ec7u: Vi\u1ec7t Nam Quy c\u00e1ch \u0111\u00f3ng g\u00f3i: g\u00f3i 900g L\u01b0u \u00fd: Bao b\u00ec s\u1ea3n ph\u1ea9m c\u00f3 th\u1ec3 thay \u0111\u1ed5i theo t\u1eebng \u0111\u1ee3t nh\u1eadp h\u00e0ng","breadcrumb":{"@id":"https:\/\/dev.tolio.co.nz\/san-pham\/set-nguyen-lieu-pha-tra-sua-phuc-long-900g\/#breadcrumb"},"inLanguage":"en-US","potentialAction":[{"@type":"ReadAction","target":["https:\/\/dev.tolio.co.nz\/san-pham\/set-nguyen-lieu-pha-tra-sua-phuc-long-900g\/"]}]},{"@type":"ImageObject","inLanguage":"en-US","@id":"https:\/\/dev.tolio.co.nz\/san-pham\/set-nguyen-lieu-pha-tra-sua-phuc-long-900g\/#primaryimage","url":"https:\/\/dev.tolio.co.nz\/wp-content\/uploads\/2024\/09\/319.png","contentUrl":"https:\/\/dev.tolio.co.nz\/wp-content\/uploads\/2024\/09\/319.png","width":1000,"height":907},{"@type":"BreadcrumbList","@id":"https:\/\/dev.tolio.co.nz\/san-pham\/set-nguyen-lieu-pha-tra-sua-phuc-long-900g\/#breadcrumb","itemListElement":[{"@type":"ListItem","position":1,"name":"Home","item":"https:\/\/dev.tolio.co.nz\/"},{"@type":"ListItem","position":2,"name":"C\u1eeda h\u00e0ng","item":"https:\/\/dev.tolio.co.nz\/cua-hang\/"},{"@type":"ListItem","position":3,"name":"Set nguy\u00ean li\u1ec7u pha tr\u00e0 s\u1eefa Ph\u00fac Long 900g"}]},{"@type":"WebSite","@id":"https:\/\/dev.tolio.co.nz\/#website","url":"https:\/\/dev.tolio.co.nz\/","name":"TOLIO","description":"Vietnamese Grocery Online","potentialAction":[{"@type":"SearchAction","target":{"@type":"EntryPoint","urlTemplate":"https:\/\/dev.tolio.co.nz\/?s={search_term_string}"},"query-input":{"@type":"PropertyValueSpecification","valueRequired":true,"valueName":"search_term_string"}}],"inLanguage":"en-US"}]}},"_links":{"self":[{"href":"https:\/\/dev.tolio.co.nz\/en\/wp-json\/wp\/v2\/product\/19969","targetHints":{"allow":["GET"]}}],"collection":[{"href":"https:\/\/dev.tolio.co.nz\/en\/wp-json\/wp\/v2\/product"}],"about":[{"href":"https:\/\/dev.tolio.co.nz\/en\/wp-json\/wp\/v2\/types\/product"}],"replies":[{"embeddable":true,"href":"https:\/\/dev.tolio.co.nz\/en\/wp-json\/wp\/v2\/comments?post=19969"}],"wp:featuredmedia":[{"embeddable":true,"href":"https:\/\/dev.tolio.co.nz\/en\/wp-json\/wp\/v2\/media\/22411"}],"wp:attachment":[{"href":"https:\/\/dev.tolio.co.nz\/en\/wp-json\/wp\/v2\/media?parent=19969"}],"wp:term":[{"taxonomy":"product_brand","embeddable":true,"href":"https:\/\/dev.tolio.co.nz\/en\/wp-json\/wp\/v2\/product_brand?post=19969"},{"taxonomy":"product_cat","embeddable":true,"href":"https:\/\/dev.tolio.co.nz\/en\/wp-json\/wp\/v2\/product_cat?post=19969"},{"taxonomy":"product_tag","embeddable":true,"href":"https:\/\/dev.tolio.co.nz\/en\/wp-json\/wp\/v2\/product_tag?post=19969"}],"curies":[{"name":"wp","href":"https:\/\/api.w.org\/{rel}","templated":true}]}}