{"id":20515,"date":"2024-09-23T16:21:36","date_gmt":"2024-09-23T03:36:36","guid":{"rendered":"https:\/\/tolio.co.nz\/?post_type=product&#038;p=20515"},"modified":"2025-09-11T16:01:20","modified_gmt":"2025-09-11T04:01:20","slug":"tra-mang-cau-wil-hop-140g-10-goi-x-14g","status":"publish","type":"product","link":"https:\/\/dev.tolio.co.nz\/en\/product\/tra-mang-cau-wil-hop-140g-10-packs-x-14g\/","title":{"rendered":"Tr\u00e0 m\u00e3ng c\u1ea7u Wil c\u00f3 topping m\u00e3ng c\u1ea7u t\u01b0\u01a1i h\u1ed9p 140g ( 10 g\u00f3i x 14g)"},"content":{"rendered":"<p><strong>Tr\u00e0 m\u00e3ng c\u1ea7u Wil h\u1ed9p 140g <\/strong>bao g\u1ed3m 5 set ( 5 g\u00f3i tr\u00e0 v\u00e0 5 g\u00f3i topping) l\u00e0 s\u1ef1 k\u1ebft h\u1ee3p ho\u00e0n h\u1ea3o gi\u1eefa tr\u00e0 v\u00e0 topping m\u00e3ng c\u1ea7u t\u01b0\u01a1i, t\u1ea1o n\u00ean m\u1ed9t th\u1ee9c u\u1ed1ng t\u01b0\u01a1i m\u1edbi. Tr\u00e0 m\u00e3ng c\u1ea7u Wil v\u1edbi nguy\u00ean li\u1ec7u ch\u1ea5t l\u01b0\u1ee3ng, s\u1ea3n ph\u1ea9m kh\u00f4ng ch\u1ec9 mang l\u1ea1i h\u01b0\u01a1ng v\u1ecb tuy\u1ec7t v\u1eddi m\u00e0 c\u00f2n cung c\u1ea5p Vitamin C quan tr\u1ecdng cho s\u1ee9c kh\u1ecfe. \u0110\u01b0\u1ee3c chi\u1ebft xu\u1ea5t th\u00f4ng qua c\u00f4ng ngh\u1ec7 x\u00f4ng th\u0103ng hoa ti\u00ean ti\u1ebfn, gi\u1eef nguy\u00ean v\u1ecb ngon c\u1ee7a m\u00e3ng c\u1ea7u, mang \u0111\u1ebfn tr\u1ea3 tr\u1ea3i nghi\u1ec7m u\u1ed1ng tr\u00e0 th\u01b0 gi\u00e3n v\u00e0 b\u1ed5 sung d\u01b0\u1ee1ng.<\/p>\n<p><strong>H\u01b0\u1edbng d\u1eabn s\u1eed d\u1ee5ng:<\/strong><\/p>\n<ul>\n<li>Cho g\u00f3i tr\u00e0 m\u00e3ng c\u1ea7u Wil va\u0300 topping m\u00e3ng c\u1ea7u t\u01b0\u01a1i pha c\u00f9ng v\u01a1\u0301i 100ml nu\u031b\u01a1\u0301c r\u1ed3i khu\u1ea5y \u0111\u1ec1u<\/li>\n<li>Th\u00eam \u0111\u00e1 \u0111\u1ec3 t\u0103ng th\u00eam \u0111\u1ed9 ngon v\u00e0 th\u01b0\u1edfng th\u1ee9c<\/li>\n<\/ul>\n<p><strong>B\u1ea3o qu\u1ea3n:<\/strong><\/p>\n<ul>\n<li>B\u1ea3o qu\u1ea3n k\u00edn n\u01a1i kh\u00f4 r\u00e1o v\u00e0 tho\u00e1ng m\u00e1t, tr\u00e1nh \u00e1nh n\u1eafng tr\u1ef1c ti\u1ebfp.<\/li>\n<\/ul>\n<p><strong>H\u1ea1n s\u1eed d\u1ee5ng:<\/strong> 12 th\u00e1ng k\u1ec3 t\u1eeb ng\u00e0y s\u1ea3n xu\u1ea5t<\/p>","protected":false},"excerpt":{"rendered":"<ul>\n<li>Th\u01b0\u01a1ng hi\u1ec7u: Wil<\/li>\n<li>Xu\u1ea5t x\u1ee9 th\u01b0\u01a1ng hi\u1ec7u: Vi\u1ec7t Nam<\/li>\n<li>Quy c\u00e1ch \u0111\u00f3ng g\u00f3i: H\u1ed9p 140g<\/li>\n<li>L\u01b0u \u00fd: Bao b\u00ec s\u1ea3n ph\u1ea9m c\u00f3 th\u1ec3 thay \u0111\u1ed5i theo t\u1eebng \u0111\u1ee3t nh\u1eadp h\u00e0ng<\/li>\n<\/ul>","protected":false},"featured_media":20517,"comment_status":"open","ping_status":"closed","template":"","meta":[],"product_brand":[],"product_cat":[34,483,31],"product_tag":[1023],"class_list":{"0":"post-20515","1":"product","2":"type-product","3":"status-publish","4":"has-post-thumbnail","6":"product_cat-thuc-uong","7":"product_cat-ca-phe","8":"product_cat-hang-moi-ve","9":"product_tag-tra-mang-cau","10":"pa_thuong-hieu-wil","12":"first","13":"instock","14":"shipping-taxable","15":"purchasable","16":"product-type-simple"},"yoast_head":"<!-- This site is optimized with the Yoast SEO plugin v24.4 - https:\/\/yoast.com\/wordpress\/plugins\/seo\/ -->\n<title>Tr\u00e0 m\u00e3ng c\u1ea7u Wil c\u00f3 topping m\u00e3ng c\u1ea7u t\u01b0\u01a1i h\u1ed9p 140g ( 10 g\u00f3i x 14g) - TOLIO<\/title>\n<meta name=\"description\" content=\"Th\u01b0\u01a1ng hi\u1ec7u: Wil  Xu\u1ea5t x\u1ee9 th\u01b0\u01a1ng hi\u1ec7u: Vi\u1ec7t Nam  Quy c\u00e1ch \u0111\u00f3ng g\u00f3i: H\u1ed9p 140g  L\u01b0u \u00fd: Bao b\u00ec s\u1ea3n ph\u1ea9m c\u00f3 th\u1ec3 thay \u0111\u1ed5i theo t\u1eebng \u0111\u1ee3t nh\u1eadp h\u00e0ng\" \/>\n<meta name=\"robots\" content=\"index, follow, max-snippet:-1, max-image-preview:large, max-video-preview:-1\" \/>\n<link rel=\"canonical\" href=\"https:\/\/dev.tolio.co.nz\/en\/product\/tra-mang-cau-wil-hop-140g-10-packs-x-14g\/\" \/>\n<meta property=\"og:locale\" content=\"en_US\" \/>\n<meta property=\"og:type\" content=\"article\" \/>\n<meta property=\"og:title\" content=\"Tr\u00e0 m\u00e3ng c\u1ea7u Wil c\u00f3 topping m\u00e3ng c\u1ea7u t\u01b0\u01a1i h\u1ed9p 140g ( 10 g\u00f3i x 14g) - TOLIO\" \/>\n<meta property=\"og:description\" content=\"Th\u01b0\u01a1ng hi\u1ec7u: Wil  Xu\u1ea5t x\u1ee9 th\u01b0\u01a1ng hi\u1ec7u: Vi\u1ec7t Nam  Quy c\u00e1ch \u0111\u00f3ng g\u00f3i: H\u1ed9p 140g  L\u01b0u \u00fd: Bao b\u00ec s\u1ea3n ph\u1ea9m c\u00f3 th\u1ec3 thay \u0111\u1ed5i theo t\u1eebng \u0111\u1ee3t nh\u1eadp h\u00e0ng\" \/>\n<meta property=\"og:url\" content=\"https:\/\/dev.tolio.co.nz\/en\/product\/tra-mang-cau-wil-hop-140g-10-packs-x-14g\/\" \/>\n<meta property=\"og:site_name\" content=\"TOLIO\" \/>\n<meta property=\"article:modified_time\" content=\"2025-09-11T04:01:20+00:00\" \/>\n<meta property=\"og:image\" content=\"https:\/\/dev.tolio.co.nz\/wp-content\/uploads\/2024\/09\/14.png\" \/>\n\t<meta property=\"og:image:width\" content=\"1000\" \/>\n\t<meta property=\"og:image:height\" content=\"907\" \/>\n\t<meta property=\"og:image:type\" content=\"image\/png\" \/>\n<meta name=\"twitter:card\" content=\"summary_large_image\" \/>\n<meta name=\"twitter:label1\" content=\"Est. reading time\" \/>\n\t<meta name=\"twitter:data1\" content=\"1 minute\" \/>\n<script type=\"application\/ld+json\" class=\"yoast-schema-graph\">{\"@context\":\"https:\/\/schema.org\",\"@graph\":[{\"@type\":\"WebPage\",\"@id\":\"https:\/\/dev.tolio.co.nz\/san-pham\/tra-mang-cau-wil-hop-140g-10-goi-x-14g\/\",\"url\":\"https:\/\/dev.tolio.co.nz\/san-pham\/tra-mang-cau-wil-hop-140g-10-goi-x-14g\/\",\"name\":\"Tr\u00e0 m\u00e3ng c\u1ea7u Wil c\u00f3 topping m\u00e3ng c\u1ea7u t\u01b0\u01a1i h\u1ed9p 140g ( 10 g\u00f3i x 14g) - TOLIO\",\"isPartOf\":{\"@id\":\"https:\/\/dev.tolio.co.nz\/#website\"},\"primaryImageOfPage\":{\"@id\":\"https:\/\/dev.tolio.co.nz\/san-pham\/tra-mang-cau-wil-hop-140g-10-goi-x-14g\/#primaryimage\"},\"image\":{\"@id\":\"https:\/\/dev.tolio.co.nz\/san-pham\/tra-mang-cau-wil-hop-140g-10-goi-x-14g\/#primaryimage\"},\"thumbnailUrl\":\"https:\/\/dev.tolio.co.nz\/wp-content\/uploads\/2024\/09\/14.png\",\"datePublished\":\"2024-09-23T03:36:36+00:00\",\"dateModified\":\"2025-09-11T04:01:20+00:00\",\"description\":\"Th\u01b0\u01a1ng hi\u1ec7u: Wil Xu\u1ea5t x\u1ee9 th\u01b0\u01a1ng hi\u1ec7u: Vi\u1ec7t Nam Quy c\u00e1ch \u0111\u00f3ng g\u00f3i: H\u1ed9p 140g L\u01b0u \u00fd: Bao b\u00ec s\u1ea3n ph\u1ea9m c\u00f3 th\u1ec3 thay \u0111\u1ed5i theo t\u1eebng \u0111\u1ee3t nh\u1eadp h\u00e0ng\",\"breadcrumb\":{\"@id\":\"https:\/\/dev.tolio.co.nz\/san-pham\/tra-mang-cau-wil-hop-140g-10-goi-x-14g\/#breadcrumb\"},\"inLanguage\":\"en-US\",\"potentialAction\":[{\"@type\":\"ReadAction\",\"target\":[\"https:\/\/dev.tolio.co.nz\/san-pham\/tra-mang-cau-wil-hop-140g-10-goi-x-14g\/\"]}]},{\"@type\":\"ImageObject\",\"inLanguage\":\"en-US\",\"@id\":\"https:\/\/dev.tolio.co.nz\/san-pham\/tra-mang-cau-wil-hop-140g-10-goi-x-14g\/#primaryimage\",\"url\":\"https:\/\/dev.tolio.co.nz\/wp-content\/uploads\/2024\/09\/14.png\",\"contentUrl\":\"https:\/\/dev.tolio.co.nz\/wp-content\/uploads\/2024\/09\/14.png\",\"width\":1000,\"height\":907},{\"@type\":\"BreadcrumbList\",\"@id\":\"https:\/\/dev.tolio.co.nz\/san-pham\/tra-mang-cau-wil-hop-140g-10-goi-x-14g\/#breadcrumb\",\"itemListElement\":[{\"@type\":\"ListItem\",\"position\":1,\"name\":\"Home\",\"item\":\"https:\/\/dev.tolio.co.nz\/\"},{\"@type\":\"ListItem\",\"position\":2,\"name\":\"C\u1eeda h\u00e0ng\",\"item\":\"https:\/\/dev.tolio.co.nz\/cua-hang\/\"},{\"@type\":\"ListItem\",\"position\":3,\"name\":\"Tr\u00e0 m\u00e3ng c\u1ea7u Wil c\u00f3 topping m\u00e3ng c\u1ea7u t\u01b0\u01a1i h\u1ed9p 140g ( 10 g\u00f3i x 14g)\"}]},{\"@type\":\"WebSite\",\"@id\":\"https:\/\/dev.tolio.co.nz\/#website\",\"url\":\"https:\/\/dev.tolio.co.nz\/\",\"name\":\"TOLIO\",\"description\":\"Vietnamese Grocery Online\",\"potentialAction\":[{\"@type\":\"SearchAction\",\"target\":{\"@type\":\"EntryPoint\",\"urlTemplate\":\"https:\/\/dev.tolio.co.nz\/?s={search_term_string}\"},\"query-input\":{\"@type\":\"PropertyValueSpecification\",\"valueRequired\":true,\"valueName\":\"search_term_string\"}}],\"inLanguage\":\"en-US\"}]}<\/script>\n<!-- \/ Yoast SEO plugin. -->","yoast_head_json":{"title":"Tr\u00e0 m\u00e3ng c\u1ea7u Wil c\u00f3 topping m\u00e3ng c\u1ea7u t\u01b0\u01a1i h\u1ed9p 140g ( 10 g\u00f3i x 14g) - TOLIO","description":"Th\u01b0\u01a1ng hi\u1ec7u: Wil  Xu\u1ea5t x\u1ee9 th\u01b0\u01a1ng hi\u1ec7u: Vi\u1ec7t Nam  Quy c\u00e1ch \u0111\u00f3ng g\u00f3i: H\u1ed9p 140g  L\u01b0u \u00fd: Bao b\u00ec s\u1ea3n ph\u1ea9m c\u00f3 th\u1ec3 thay \u0111\u1ed5i theo t\u1eebng \u0111\u1ee3t nh\u1eadp h\u00e0ng","robots":{"index":"index","follow":"follow","max-snippet":"max-snippet:-1","max-image-preview":"max-image-preview:large","max-video-preview":"max-video-preview:-1"},"canonical":"https:\/\/dev.tolio.co.nz\/en\/product\/tra-mang-cau-wil-hop-140g-10-packs-x-14g\/","og_locale":"en_US","og_type":"article","og_title":"Tr\u00e0 m\u00e3ng c\u1ea7u Wil c\u00f3 topping m\u00e3ng c\u1ea7u t\u01b0\u01a1i h\u1ed9p 140g ( 10 g\u00f3i x 14g) - TOLIO","og_description":"Th\u01b0\u01a1ng hi\u1ec7u: Wil  Xu\u1ea5t x\u1ee9 th\u01b0\u01a1ng hi\u1ec7u: Vi\u1ec7t Nam  Quy c\u00e1ch \u0111\u00f3ng g\u00f3i: H\u1ed9p 140g  L\u01b0u \u00fd: Bao b\u00ec s\u1ea3n ph\u1ea9m c\u00f3 th\u1ec3 thay \u0111\u1ed5i theo t\u1eebng \u0111\u1ee3t nh\u1eadp h\u00e0ng","og_url":"https:\/\/dev.tolio.co.nz\/en\/product\/tra-mang-cau-wil-hop-140g-10-packs-x-14g\/","og_site_name":"TOLIO","article_modified_time":"2025-09-11T04:01:20+00:00","og_image":[{"width":1000,"height":907,"url":"https:\/\/dev.tolio.co.nz\/wp-content\/uploads\/2024\/09\/14.png","type":"image\/png"}],"twitter_card":"summary_large_image","twitter_misc":{"Est. reading time":"1 minute"},"schema":{"@context":"https:\/\/schema.org","@graph":[{"@type":"WebPage","@id":"https:\/\/dev.tolio.co.nz\/san-pham\/tra-mang-cau-wil-hop-140g-10-goi-x-14g\/","url":"https:\/\/dev.tolio.co.nz\/san-pham\/tra-mang-cau-wil-hop-140g-10-goi-x-14g\/","name":"Tr\u00e0 m\u00e3ng c\u1ea7u Wil c\u00f3 topping m\u00e3ng c\u1ea7u t\u01b0\u01a1i h\u1ed9p 140g ( 10 g\u00f3i x 14g) - TOLIO","isPartOf":{"@id":"https:\/\/dev.tolio.co.nz\/#website"},"primaryImageOfPage":{"@id":"https:\/\/dev.tolio.co.nz\/san-pham\/tra-mang-cau-wil-hop-140g-10-goi-x-14g\/#primaryimage"},"image":{"@id":"https:\/\/dev.tolio.co.nz\/san-pham\/tra-mang-cau-wil-hop-140g-10-goi-x-14g\/#primaryimage"},"thumbnailUrl":"https:\/\/dev.tolio.co.nz\/wp-content\/uploads\/2024\/09\/14.png","datePublished":"2024-09-23T03:36:36+00:00","dateModified":"2025-09-11T04:01:20+00:00","description":"Th\u01b0\u01a1ng hi\u1ec7u: Wil Xu\u1ea5t x\u1ee9 th\u01b0\u01a1ng hi\u1ec7u: Vi\u1ec7t Nam Quy c\u00e1ch \u0111\u00f3ng g\u00f3i: H\u1ed9p 140g L\u01b0u \u00fd: Bao b\u00ec s\u1ea3n ph\u1ea9m c\u00f3 th\u1ec3 thay \u0111\u1ed5i theo t\u1eebng \u0111\u1ee3t nh\u1eadp h\u00e0ng","breadcrumb":{"@id":"https:\/\/dev.tolio.co.nz\/san-pham\/tra-mang-cau-wil-hop-140g-10-goi-x-14g\/#breadcrumb"},"inLanguage":"en-US","potentialAction":[{"@type":"ReadAction","target":["https:\/\/dev.tolio.co.nz\/san-pham\/tra-mang-cau-wil-hop-140g-10-goi-x-14g\/"]}]},{"@type":"ImageObject","inLanguage":"en-US","@id":"https:\/\/dev.tolio.co.nz\/san-pham\/tra-mang-cau-wil-hop-140g-10-goi-x-14g\/#primaryimage","url":"https:\/\/dev.tolio.co.nz\/wp-content\/uploads\/2024\/09\/14.png","contentUrl":"https:\/\/dev.tolio.co.nz\/wp-content\/uploads\/2024\/09\/14.png","width":1000,"height":907},{"@type":"BreadcrumbList","@id":"https:\/\/dev.tolio.co.nz\/san-pham\/tra-mang-cau-wil-hop-140g-10-goi-x-14g\/#breadcrumb","itemListElement":[{"@type":"ListItem","position":1,"name":"Home","item":"https:\/\/dev.tolio.co.nz\/"},{"@type":"ListItem","position":2,"name":"C\u1eeda h\u00e0ng","item":"https:\/\/dev.tolio.co.nz\/cua-hang\/"},{"@type":"ListItem","position":3,"name":"Tr\u00e0 m\u00e3ng c\u1ea7u Wil c\u00f3 topping m\u00e3ng c\u1ea7u t\u01b0\u01a1i h\u1ed9p 140g ( 10 g\u00f3i x 14g)"}]},{"@type":"WebSite","@id":"https:\/\/dev.tolio.co.nz\/#website","url":"https:\/\/dev.tolio.co.nz\/","name":"TOLIO","description":"Vietnamese Grocery Online","potentialAction":[{"@type":"SearchAction","target":{"@type":"EntryPoint","urlTemplate":"https:\/\/dev.tolio.co.nz\/?s={search_term_string}"},"query-input":{"@type":"PropertyValueSpecification","valueRequired":true,"valueName":"search_term_string"}}],"inLanguage":"en-US"}]}},"_links":{"self":[{"href":"https:\/\/dev.tolio.co.nz\/en\/wp-json\/wp\/v2\/product\/20515","targetHints":{"allow":["GET"]}}],"collection":[{"href":"https:\/\/dev.tolio.co.nz\/en\/wp-json\/wp\/v2\/product"}],"about":[{"href":"https:\/\/dev.tolio.co.nz\/en\/wp-json\/wp\/v2\/types\/product"}],"replies":[{"embeddable":true,"href":"https:\/\/dev.tolio.co.nz\/en\/wp-json\/wp\/v2\/comments?post=20515"}],"wp:featuredmedia":[{"embeddable":true,"href":"https:\/\/dev.tolio.co.nz\/en\/wp-json\/wp\/v2\/media\/20517"}],"wp:attachment":[{"href":"https:\/\/dev.tolio.co.nz\/en\/wp-json\/wp\/v2\/media?parent=20515"}],"wp:term":[{"taxonomy":"product_brand","embeddable":true,"href":"https:\/\/dev.tolio.co.nz\/en\/wp-json\/wp\/v2\/product_brand?post=20515"},{"taxonomy":"product_cat","embeddable":true,"href":"https:\/\/dev.tolio.co.nz\/en\/wp-json\/wp\/v2\/product_cat?post=20515"},{"taxonomy":"product_tag","embeddable":true,"href":"https:\/\/dev.tolio.co.nz\/en\/wp-json\/wp\/v2\/product_tag?post=20515"}],"curies":[{"name":"wp","href":"https:\/\/api.w.org\/{rel}","templated":true}]}}