{"id":21767,"date":"2024-10-27T19:44:02","date_gmt":"2024-10-27T06:59:02","guid":{"rendered":"https:\/\/tolio.co.nz\/?post_type=product&#038;p=21767"},"modified":"2025-09-11T16:00:52","modified_gmt":"2025-09-11T04:00:52","slug":"loc-4-hop-sua-tuoi-tiet-trung-co-duong-vinamilk-180ml","status":"publish","type":"product","link":"https:\/\/dev.tolio.co.nz\/en\/product\/filter-4-boxes-of-vinamilk-180ml-sweetened-condensed-milk\/","title":{"rendered":"L\u00f4\u0301c 4 h\u1ed9p s\u1eefa t\u01b0\u01a1i ti\u1ec7t tr\u00f9ng c\u00f3 \u0111\u01b0\u1eddng Vinamilk 180ml"},"content":{"rendered":"<p><strong>L\u00f4\u0301c 4 h\u1ed9p s\u1eefa t\u01b0\u01a1i ti\u1ec7t tr\u00f9ng c\u00f3 \u0111\u01b0\u1eddng Vinamilk 180ml<\/strong> l\u00e0 s\u1ea3n ph\u1ea9m \u01b0\u1ee3c ch\u1ebf bi\u1ebfn t\u1eeb ngu\u1ed3n s\u1eefa t\u01b0\u01a1i 100% ch\u1ee9a nhi\u1ec1u d\u01b0\u1ee1ng ch\u1ea5t nh\u01b0 vitamin A, D3, canxi,&#8230; t\u1ed1t cho x\u01b0\u01a1ng v\u00e0 h\u1ec7 mi\u1ec5n d\u1ecbch, s\u1eefa t\u01b0\u01a1i Vinamilk l\u00e0 th\u01b0\u01a1ng hi\u1ec7u \u0111\u01b0\u1ee3c tin d\u00f9ng h\u00e0ng \u0111\u1ea7u v\u1edbi ch\u1ea5t l\u01b0\u1ee3ng tuy\u1ec7t v\u1eddi. S\u1eefa t\u01b0\u01a1i ti\u1ec7t tr\u00f9ng c\u00f3 \u0111\u01b0\u1eddng Vinamilk 180ml th\u01a1m ngon d\u1ec5 u\u1ed1ng.<\/p>\n<p><strong>H\u01b0\u1edbng d\u1eabn s\u1eed d\u1ee5ng<\/strong>:<\/p>\n<ul>\n<li>D\u00f9ng u\u1ed1ng tr\u1ef1c ti\u1ebfp, ngon h\u01a1n khi u\u1ed1ng l\u1ea1nh.<\/li>\n<li>L\u1eafc \u0111\u1ec1u tr\u01b0\u1edbc khi s\u1eed d\u1ee5ng.<\/li>\n<\/ul>\n<p><strong>B\u1ea3o qu\u1ea3n<\/strong>:<\/p>\n<ul>\n<li>\u0110\u1ec3 n\u01a1i kh\u00f4 r\u00e1o, tho\u00e1ng m\u00e1t.<\/li>\n<li>Tr\u00e1nh \u00e1nh n\u1eafng tr\u1ef1c ti\u1ebfp.<\/li>\n<\/ul>\n<p><strong>H\u1ea1n s\u1eed d\u1ee5ng:<\/strong> 06 th\u00e1ng k\u1ec3 t\u1eeb ng\u00e0y s\u1ea3n xu\u1ea5t<\/p>\n<p>&nbsp;<\/p>\n<p>&nbsp;<\/p>\n<p>&nbsp;<\/p>","protected":false},"excerpt":{"rendered":"<ul class=\"infoproduct nospeci\">\n<li>Th\u01b0\u01a1ng hi\u1ec7u: Vinamilk<\/li>\n<li>Xu\u1ea5t x\u1ee9 th\u01b0\u01a1ng hi\u1ec7u: Vi\u1ec7t Nam<\/li>\n<li>Quy c\u00e1ch \u0111\u00f3ng g\u00f3i: H\u1ed9p 180ml, 4 h\u1ed9p\/l\u1ed1c, 48 h\u1ed9p\/th\u00f9ng<\/li>\n<li>L\u01b0u \u00fd: Bao b\u00ec s\u1ea3n ph\u1ea9m c\u00f3 th\u1ec3 thay \u0111\u1ed5i theo t\u1eebng \u0111\u1ee3t nh\u1eadp h\u00e0ng<\/li>\n<\/ul>","protected":false},"featured_media":21763,"comment_status":"open","ping_status":"closed","template":"","meta":[],"product_brand":[],"product_cat":[34,37,31],"product_tag":[1037,1038],"class_list":{"0":"post-21767","1":"product","2":"type-product","3":"status-publish","4":"has-post-thumbnail","6":"product_cat-thuc-uong","7":"product_cat-thuc-uong-dinh-duong","8":"product_cat-hang-moi-ve","9":"product_tag-sua-tuoi-tiet-trung","10":"product_tag-sua-vinamilk","11":"pa_thuong-hieu-vinamilk","13":"first","14":"outofstock","15":"shipping-taxable","16":"purchasable","17":"product-type-simple"},"yoast_head":"<!-- This site is optimized with the Yoast SEO plugin v24.4 - https:\/\/yoast.com\/wordpress\/plugins\/seo\/ -->\n<title>L\u00f4\u0301c 4 h\u1ed9p s\u1eefa t\u01b0\u01a1i ti\u1ec7t tr\u00f9ng c\u00f3 \u0111\u01b0\u1eddng Vinamilk 180ml - TOLIO<\/title>\n<meta name=\"description\" content=\"Th\u01b0\u01a1ng hi\u1ec7u: Vinamilk  Xu\u1ea5t x\u1ee9 th\u01b0\u01a1ng hi\u1ec7u: Vi\u1ec7t Nam  Quy c\u00e1ch \u0111\u00f3ng g\u00f3i: H\u1ed9p 180ml, 4 h\u1ed9p\/l\u1ed1c, 48 h\u1ed9p\/th\u00f9ng  L\u01b0u \u00fd: Bao b\u00ec s\u1ea3n ph\u1ea9m c\u00f3 th\u1ec3 thay \u0111\u1ed5i theo t\u1eebng \u0111\u1ee3t nh\u1eadp h\u00e0ng\" \/>\n<meta name=\"robots\" content=\"index, follow, max-snippet:-1, max-image-preview:large, max-video-preview:-1\" \/>\n<link rel=\"canonical\" href=\"https:\/\/dev.tolio.co.nz\/en\/product\/filter-4-boxes-of-vinamilk-180ml-sweetened-condensed-milk\/\" \/>\n<meta property=\"og:locale\" content=\"en_US\" \/>\n<meta property=\"og:type\" content=\"article\" \/>\n<meta property=\"og:title\" content=\"L\u00f4\u0301c 4 h\u1ed9p s\u1eefa t\u01b0\u01a1i ti\u1ec7t tr\u00f9ng c\u00f3 \u0111\u01b0\u1eddng Vinamilk 180ml - TOLIO\" \/>\n<meta property=\"og:description\" content=\"Th\u01b0\u01a1ng hi\u1ec7u: Vinamilk  Xu\u1ea5t x\u1ee9 th\u01b0\u01a1ng hi\u1ec7u: Vi\u1ec7t Nam  Quy c\u00e1ch \u0111\u00f3ng g\u00f3i: H\u1ed9p 180ml, 4 h\u1ed9p\/l\u1ed1c, 48 h\u1ed9p\/th\u00f9ng  L\u01b0u \u00fd: Bao b\u00ec s\u1ea3n ph\u1ea9m c\u00f3 th\u1ec3 thay \u0111\u1ed5i theo t\u1eebng \u0111\u1ee3t nh\u1eadp h\u00e0ng\" \/>\n<meta property=\"og:url\" content=\"https:\/\/dev.tolio.co.nz\/en\/product\/filter-4-boxes-of-vinamilk-180ml-sweetened-condensed-milk\/\" \/>\n<meta property=\"og:site_name\" content=\"TOLIO\" \/>\n<meta property=\"article:modified_time\" content=\"2025-09-11T04:00:52+00:00\" \/>\n<meta property=\"og:image\" content=\"https:\/\/dev.tolio.co.nz\/wp-content\/uploads\/2024\/10\/209.png\" \/>\n\t<meta property=\"og:image:width\" content=\"1000\" \/>\n\t<meta property=\"og:image:height\" content=\"907\" \/>\n\t<meta property=\"og:image:type\" content=\"image\/png\" \/>\n<meta name=\"twitter:card\" content=\"summary_large_image\" \/>\n<meta name=\"twitter:label1\" content=\"Est. reading time\" \/>\n\t<meta name=\"twitter:data1\" content=\"1 minute\" \/>\n<script type=\"application\/ld+json\" class=\"yoast-schema-graph\">{\"@context\":\"https:\/\/schema.org\",\"@graph\":[{\"@type\":\"WebPage\",\"@id\":\"https:\/\/dev.tolio.co.nz\/san-pham\/loc-4-hop-sua-tuoi-tiet-trung-co-duong-vinamilk-180ml\/\",\"url\":\"https:\/\/dev.tolio.co.nz\/san-pham\/loc-4-hop-sua-tuoi-tiet-trung-co-duong-vinamilk-180ml\/\",\"name\":\"L\u00f4\u0301c 4 h\u1ed9p s\u1eefa t\u01b0\u01a1i ti\u1ec7t tr\u00f9ng c\u00f3 \u0111\u01b0\u1eddng Vinamilk 180ml - TOLIO\",\"isPartOf\":{\"@id\":\"https:\/\/dev.tolio.co.nz\/#website\"},\"primaryImageOfPage\":{\"@id\":\"https:\/\/dev.tolio.co.nz\/san-pham\/loc-4-hop-sua-tuoi-tiet-trung-co-duong-vinamilk-180ml\/#primaryimage\"},\"image\":{\"@id\":\"https:\/\/dev.tolio.co.nz\/san-pham\/loc-4-hop-sua-tuoi-tiet-trung-co-duong-vinamilk-180ml\/#primaryimage\"},\"thumbnailUrl\":\"https:\/\/dev.tolio.co.nz\/wp-content\/uploads\/2024\/10\/209.png\",\"datePublished\":\"2024-10-27T06:59:02+00:00\",\"dateModified\":\"2025-09-11T04:00:52+00:00\",\"description\":\"Th\u01b0\u01a1ng hi\u1ec7u: Vinamilk Xu\u1ea5t x\u1ee9 th\u01b0\u01a1ng hi\u1ec7u: Vi\u1ec7t Nam Quy c\u00e1ch \u0111\u00f3ng g\u00f3i: H\u1ed9p 180ml, 4 h\u1ed9p\/l\u1ed1c, 48 h\u1ed9p\/th\u00f9ng L\u01b0u \u00fd: Bao b\u00ec s\u1ea3n ph\u1ea9m c\u00f3 th\u1ec3 thay \u0111\u1ed5i theo t\u1eebng \u0111\u1ee3t nh\u1eadp h\u00e0ng\",\"breadcrumb\":{\"@id\":\"https:\/\/dev.tolio.co.nz\/san-pham\/loc-4-hop-sua-tuoi-tiet-trung-co-duong-vinamilk-180ml\/#breadcrumb\"},\"inLanguage\":\"en-US\",\"potentialAction\":[{\"@type\":\"ReadAction\",\"target\":[\"https:\/\/dev.tolio.co.nz\/san-pham\/loc-4-hop-sua-tuoi-tiet-trung-co-duong-vinamilk-180ml\/\"]}]},{\"@type\":\"ImageObject\",\"inLanguage\":\"en-US\",\"@id\":\"https:\/\/dev.tolio.co.nz\/san-pham\/loc-4-hop-sua-tuoi-tiet-trung-co-duong-vinamilk-180ml\/#primaryimage\",\"url\":\"https:\/\/dev.tolio.co.nz\/wp-content\/uploads\/2024\/10\/209.png\",\"contentUrl\":\"https:\/\/dev.tolio.co.nz\/wp-content\/uploads\/2024\/10\/209.png\",\"width\":1000,\"height\":907},{\"@type\":\"BreadcrumbList\",\"@id\":\"https:\/\/dev.tolio.co.nz\/san-pham\/loc-4-hop-sua-tuoi-tiet-trung-co-duong-vinamilk-180ml\/#breadcrumb\",\"itemListElement\":[{\"@type\":\"ListItem\",\"position\":1,\"name\":\"Home\",\"item\":\"https:\/\/dev.tolio.co.nz\/\"},{\"@type\":\"ListItem\",\"position\":2,\"name\":\"C\u1eeda h\u00e0ng\",\"item\":\"https:\/\/dev.tolio.co.nz\/cua-hang\/\"},{\"@type\":\"ListItem\",\"position\":3,\"name\":\"L\u00f4\u0301c 4 h\u1ed9p s\u1eefa t\u01b0\u01a1i ti\u1ec7t tr\u00f9ng c\u00f3 \u0111\u01b0\u1eddng Vinamilk 180ml\"}]},{\"@type\":\"WebSite\",\"@id\":\"https:\/\/dev.tolio.co.nz\/#website\",\"url\":\"https:\/\/dev.tolio.co.nz\/\",\"name\":\"TOLIO\",\"description\":\"Vietnamese Grocery Online\",\"potentialAction\":[{\"@type\":\"SearchAction\",\"target\":{\"@type\":\"EntryPoint\",\"urlTemplate\":\"https:\/\/dev.tolio.co.nz\/?s={search_term_string}\"},\"query-input\":{\"@type\":\"PropertyValueSpecification\",\"valueRequired\":true,\"valueName\":\"search_term_string\"}}],\"inLanguage\":\"en-US\"}]}<\/script>\n<!-- \/ Yoast SEO plugin. -->","yoast_head_json":{"title":"L\u00f4\u0301c 4 h\u1ed9p s\u1eefa t\u01b0\u01a1i ti\u1ec7t tr\u00f9ng c\u00f3 \u0111\u01b0\u1eddng Vinamilk 180ml - TOLIO","description":"Th\u01b0\u01a1ng hi\u1ec7u: Vinamilk  Xu\u1ea5t x\u1ee9 th\u01b0\u01a1ng hi\u1ec7u: Vi\u1ec7t Nam  Quy c\u00e1ch \u0111\u00f3ng g\u00f3i: H\u1ed9p 180ml, 4 h\u1ed9p\/l\u1ed1c, 48 h\u1ed9p\/th\u00f9ng  L\u01b0u \u00fd: Bao b\u00ec s\u1ea3n ph\u1ea9m c\u00f3 th\u1ec3 thay \u0111\u1ed5i theo t\u1eebng \u0111\u1ee3t nh\u1eadp h\u00e0ng","robots":{"index":"index","follow":"follow","max-snippet":"max-snippet:-1","max-image-preview":"max-image-preview:large","max-video-preview":"max-video-preview:-1"},"canonical":"https:\/\/dev.tolio.co.nz\/en\/product\/filter-4-boxes-of-vinamilk-180ml-sweetened-condensed-milk\/","og_locale":"en_US","og_type":"article","og_title":"L\u00f4\u0301c 4 h\u1ed9p s\u1eefa t\u01b0\u01a1i ti\u1ec7t tr\u00f9ng c\u00f3 \u0111\u01b0\u1eddng Vinamilk 180ml - TOLIO","og_description":"Th\u01b0\u01a1ng hi\u1ec7u: Vinamilk  Xu\u1ea5t x\u1ee9 th\u01b0\u01a1ng hi\u1ec7u: Vi\u1ec7t Nam  Quy c\u00e1ch \u0111\u00f3ng g\u00f3i: H\u1ed9p 180ml, 4 h\u1ed9p\/l\u1ed1c, 48 h\u1ed9p\/th\u00f9ng  L\u01b0u \u00fd: Bao b\u00ec s\u1ea3n ph\u1ea9m c\u00f3 th\u1ec3 thay \u0111\u1ed5i theo t\u1eebng \u0111\u1ee3t nh\u1eadp h\u00e0ng","og_url":"https:\/\/dev.tolio.co.nz\/en\/product\/filter-4-boxes-of-vinamilk-180ml-sweetened-condensed-milk\/","og_site_name":"TOLIO","article_modified_time":"2025-09-11T04:00:52+00:00","og_image":[{"width":1000,"height":907,"url":"https:\/\/dev.tolio.co.nz\/wp-content\/uploads\/2024\/10\/209.png","type":"image\/png"}],"twitter_card":"summary_large_image","twitter_misc":{"Est. reading time":"1 minute"},"schema":{"@context":"https:\/\/schema.org","@graph":[{"@type":"WebPage","@id":"https:\/\/dev.tolio.co.nz\/san-pham\/loc-4-hop-sua-tuoi-tiet-trung-co-duong-vinamilk-180ml\/","url":"https:\/\/dev.tolio.co.nz\/san-pham\/loc-4-hop-sua-tuoi-tiet-trung-co-duong-vinamilk-180ml\/","name":"L\u00f4\u0301c 4 h\u1ed9p s\u1eefa t\u01b0\u01a1i ti\u1ec7t tr\u00f9ng c\u00f3 \u0111\u01b0\u1eddng Vinamilk 180ml - TOLIO","isPartOf":{"@id":"https:\/\/dev.tolio.co.nz\/#website"},"primaryImageOfPage":{"@id":"https:\/\/dev.tolio.co.nz\/san-pham\/loc-4-hop-sua-tuoi-tiet-trung-co-duong-vinamilk-180ml\/#primaryimage"},"image":{"@id":"https:\/\/dev.tolio.co.nz\/san-pham\/loc-4-hop-sua-tuoi-tiet-trung-co-duong-vinamilk-180ml\/#primaryimage"},"thumbnailUrl":"https:\/\/dev.tolio.co.nz\/wp-content\/uploads\/2024\/10\/209.png","datePublished":"2024-10-27T06:59:02+00:00","dateModified":"2025-09-11T04:00:52+00:00","description":"Th\u01b0\u01a1ng hi\u1ec7u: Vinamilk Xu\u1ea5t x\u1ee9 th\u01b0\u01a1ng hi\u1ec7u: Vi\u1ec7t Nam Quy c\u00e1ch \u0111\u00f3ng g\u00f3i: H\u1ed9p 180ml, 4 h\u1ed9p\/l\u1ed1c, 48 h\u1ed9p\/th\u00f9ng L\u01b0u \u00fd: Bao b\u00ec s\u1ea3n ph\u1ea9m c\u00f3 th\u1ec3 thay \u0111\u1ed5i theo t\u1eebng \u0111\u1ee3t nh\u1eadp h\u00e0ng","breadcrumb":{"@id":"https:\/\/dev.tolio.co.nz\/san-pham\/loc-4-hop-sua-tuoi-tiet-trung-co-duong-vinamilk-180ml\/#breadcrumb"},"inLanguage":"en-US","potentialAction":[{"@type":"ReadAction","target":["https:\/\/dev.tolio.co.nz\/san-pham\/loc-4-hop-sua-tuoi-tiet-trung-co-duong-vinamilk-180ml\/"]}]},{"@type":"ImageObject","inLanguage":"en-US","@id":"https:\/\/dev.tolio.co.nz\/san-pham\/loc-4-hop-sua-tuoi-tiet-trung-co-duong-vinamilk-180ml\/#primaryimage","url":"https:\/\/dev.tolio.co.nz\/wp-content\/uploads\/2024\/10\/209.png","contentUrl":"https:\/\/dev.tolio.co.nz\/wp-content\/uploads\/2024\/10\/209.png","width":1000,"height":907},{"@type":"BreadcrumbList","@id":"https:\/\/dev.tolio.co.nz\/san-pham\/loc-4-hop-sua-tuoi-tiet-trung-co-duong-vinamilk-180ml\/#breadcrumb","itemListElement":[{"@type":"ListItem","position":1,"name":"Home","item":"https:\/\/dev.tolio.co.nz\/"},{"@type":"ListItem","position":2,"name":"C\u1eeda h\u00e0ng","item":"https:\/\/dev.tolio.co.nz\/cua-hang\/"},{"@type":"ListItem","position":3,"name":"L\u00f4\u0301c 4 h\u1ed9p s\u1eefa t\u01b0\u01a1i ti\u1ec7t tr\u00f9ng c\u00f3 \u0111\u01b0\u1eddng Vinamilk 180ml"}]},{"@type":"WebSite","@id":"https:\/\/dev.tolio.co.nz\/#website","url":"https:\/\/dev.tolio.co.nz\/","name":"TOLIO","description":"Vietnamese Grocery Online","potentialAction":[{"@type":"SearchAction","target":{"@type":"EntryPoint","urlTemplate":"https:\/\/dev.tolio.co.nz\/?s={search_term_string}"},"query-input":{"@type":"PropertyValueSpecification","valueRequired":true,"valueName":"search_term_string"}}],"inLanguage":"en-US"}]}},"_links":{"self":[{"href":"https:\/\/dev.tolio.co.nz\/en\/wp-json\/wp\/v2\/product\/21767","targetHints":{"allow":["GET"]}}],"collection":[{"href":"https:\/\/dev.tolio.co.nz\/en\/wp-json\/wp\/v2\/product"}],"about":[{"href":"https:\/\/dev.tolio.co.nz\/en\/wp-json\/wp\/v2\/types\/product"}],"replies":[{"embeddable":true,"href":"https:\/\/dev.tolio.co.nz\/en\/wp-json\/wp\/v2\/comments?post=21767"}],"wp:featuredmedia":[{"embeddable":true,"href":"https:\/\/dev.tolio.co.nz\/en\/wp-json\/wp\/v2\/media\/21763"}],"wp:attachment":[{"href":"https:\/\/dev.tolio.co.nz\/en\/wp-json\/wp\/v2\/media?parent=21767"}],"wp:term":[{"taxonomy":"product_brand","embeddable":true,"href":"https:\/\/dev.tolio.co.nz\/en\/wp-json\/wp\/v2\/product_brand?post=21767"},{"taxonomy":"product_cat","embeddable":true,"href":"https:\/\/dev.tolio.co.nz\/en\/wp-json\/wp\/v2\/product_cat?post=21767"},{"taxonomy":"product_tag","embeddable":true,"href":"https:\/\/dev.tolio.co.nz\/en\/wp-json\/wp\/v2\/product_tag?post=21767"}],"curies":[{"name":"wp","href":"https:\/\/api.w.org\/{rel}","templated":true}]}}