{"id":2211,"date":"2022-01-26T23:37:00","date_gmt":"2022-01-26T10:52:00","guid":{"rendered":"https:\/\/tolio2.sitebycat.com\/?post_type=product&#038;p=2211"},"modified":"2025-09-11T16:01:03","modified_gmt":"2025-09-11T04:01:03","slug":"nuoc-mam-ca-com-than-lang-chai-xua-chai-525ml","status":"publish","type":"product","link":"https:\/\/dev.tolio.co.nz\/en\/product\/fish-sauce-with-fish-sauce-old-bottle-525ml\/","title":{"rendered":"N\u01b0\u1edbc m\u1eafm nh\u1ec9 c\u00e1 c\u01a1m than L\u00e0ng Ch\u00e0i X\u01b0a chai 525ml"},"content":{"rendered":"<p><strong>N\u01b0\u1edbc m\u1eafm c\u00e1 c\u01a1m than L\u00e0ng Ch\u00e0i X\u01b0a chai 525ml<\/strong> n\u01b0\u1edbc m\u1eafm nh\u1ec9 c\u00e1 c\u01a1m than L\u00e0ng Ch\u00e0i X\u01b0a l\u00e0 n\u01b0\u1edbc m\u1eafm c\u1ed1t nh\u1ec9 \u0111\u1eb7c bi\u1ec7t c\u00f3 h\u01b0\u01a1ng v\u1ecb thanh d\u1ecbu \u0111\u01b0\u1ee3c \u1ee7 ch\u01b0\u1ee3p t\u1eeb 100% c\u00e1 c\u01a1m t\u01b0\u01a1i trong th\u00f9ng l\u1ec1u g\u1ed7 l\u00e2u n\u0103m.<\/p>\n<ul>\n<li>N\u01b0\u1edbc m\u1eafm nh\u1ec9 c\u00e1 c\u01a1m than L\u00e0ng Ch\u00e0i X\u01b0a cao c\u1ea5p 525ml\/chai \u0111\u1eb7c bi\u1ec7t thanh d\u1ecbu an to\u00e0n ti\u1ebft ki\u1ec7m l\u00e0 n\u01b0\u1edbc m\u1eafm c\u1ed1t nh\u1ec9 \u0111\u1eb7c bi\u1ec7t c\u00f3 h\u01b0\u01a1ng v\u1ecb thanh d\u1ecbu \u0111\u01b0\u1ee3c \u1ee7 ch\u01b0\u1ee3p t\u1eeb 100% c\u00e1 c\u01a1m t\u01b0\u01a1i trong th\u00f9ng l\u1ec1u g\u1ed7 l\u00e2u n\u0103m.<\/li>\n<li>N\u01b0\u1edbc m\u1eafm nh\u1ec9 c\u00e1 c\u01a1m than L\u00e0ng Ch\u00e0i X\u01b0a chuy\u00ean d\u00f9ng \u0111\u1ec3 ch\u1ea5m \u0103n s\u1ed1ng ho\u1eb7c n\u00eam n\u1ebfm khi n\u1ea5u \u0103n.<\/li>\n<li>N\u01b0\u01a1\u0301c m\u0103\u0301m nhi\u0309 se\u0303 \u0111\u01b0\u01a1\u0323c ri\u0309 ra nh\u01a1\u0300 l\u01b0\u01a1\u0323ng \u0111a\u0323m u\u0309 l\u0103\u0301ng xu\u00f4\u0301ng \u0111a\u0301y thu\u0300ng. T\u01b0\u0300ng gio\u0323t n\u01b0\u01a1\u0301c m\u0103\u0301m ma\u0300u n\u00e2u ca\u0301nh gia\u0301n \u0111\u01b0\u01a1\u0323c ke\u0301o cha\u0309y nho\u0309 \u0111\u00ea\u0301n th\u00e2\u0323t nho\u0309, ri\u0309 ra t\u01b0\u0300 t\u01b0\u0300.<\/li>\n<\/ul>\n<p><strong>H\u01b0\u1edbng d\u1eabn s\u1eed d\u1ee5ng<\/strong>:<\/p>\n<ul>\n<li>\u0102n s\u1ed1ng ho\u1eb7c n\u00eam n\u1ebfm m\u00f3n \u0103n, \u0111\u1eady n\u1eafp k\u00edn sau khi s\u1eed d\u1ee5ng.<\/li>\n<\/ul>\n<p><strong>B\u1ea3o qu\u1ea3n<\/strong>:<\/p>\n<ul>\n<li>B\u1ea3o qu\u1ea3n n\u01a1i kh\u00f4 r\u00e1o, tho\u00e1ng m\u00e1t, tr\u00e1nh \u00e1nh n\u1eafng tr\u1ef1c ti\u1ebfp.<\/li>\n<\/ul>","protected":false},"excerpt":{"rendered":"<ul>\n<li>Th\u01b0\u01a1ng hi\u1ec7u: L\u00e0ng Ch\u00e0i X\u01b0a<\/li>\n<li>Xu\u1ea5t x\u1ee9 th\u01b0\u01a1ng hi\u1ec7u: Vi\u1ec7t Nam<\/li>\n<li>Quy c\u00e1ch \u0111\u00f3ng g\u00f3i: chai 525ml<\/li>\n<li>L\u01b0u \u00fd: Bao b\u00ec s\u1ea3n ph\u1ea9m c\u00f3 th\u1ec3 thay \u0111\u1ed5i theo t\u1eebng \u0111\u1ee3t nh\u1eadp h\u00e0ng.<\/li>\n<\/ul>","protected":false},"featured_media":21156,"comment_status":"open","ping_status":"closed","template":"","meta":[],"product_brand":[],"product_cat":[33,479],"product_tag":[103,286,287],"class_list":{"0":"post-2211","1":"product","2":"type-product","3":"status-publish","4":"has-post-thumbnail","6":"product_cat-gia-vi","7":"product_cat-nuoc-mam-nuoc-tuong-tuong-ot","8":"product_tag-nuoc-mam","9":"product_tag-nuoc-mam-ca-com-than","10":"product_tag-nuoc-mam-ca-com-than-lang-chai-xua","11":"pa_thuong-hieu-lang-chai-xua","13":"first","14":"instock","15":"shipping-taxable","16":"purchasable","17":"product-type-simple"},"yoast_head":"<!-- This site is optimized with the Yoast SEO plugin v24.4 - https:\/\/yoast.com\/wordpress\/plugins\/seo\/ -->\n<title>N\u01b0\u1edbc m\u1eafm nh\u1ec9 c\u00e1 c\u01a1m than L\u00e0ng Ch\u00e0i X\u01b0a chai 525ml - TOLIO<\/title>\n<meta name=\"description\" content=\"Th\u01b0\u01a1ng hi\u1ec7u: L\u00e0ng Ch\u00e0i X\u01b0a  Xu\u1ea5t x\u1ee9 th\u01b0\u01a1ng hi\u1ec7u: Vi\u1ec7t Nam  Quy c\u00e1ch \u0111\u00f3ng g\u00f3i: chai 525ml  L\u01b0u \u00fd: Bao b\u00ec s\u1ea3n ph\u1ea9m c\u00f3 th\u1ec3 thay \u0111\u1ed5i theo t\u1eebng \u0111\u1ee3t nh\u1eadp h\u00e0ng.\" \/>\n<meta name=\"robots\" content=\"index, follow, max-snippet:-1, max-image-preview:large, max-video-preview:-1\" \/>\n<link rel=\"canonical\" href=\"https:\/\/dev.tolio.co.nz\/en\/product\/fish-sauce-with-fish-sauce-old-bottle-525ml\/\" \/>\n<meta property=\"og:locale\" content=\"en_US\" \/>\n<meta property=\"og:type\" content=\"article\" \/>\n<meta property=\"og:title\" content=\"N\u01b0\u1edbc m\u1eafm nh\u1ec9 c\u00e1 c\u01a1m than L\u00e0ng Ch\u00e0i X\u01b0a chai 525ml - TOLIO\" \/>\n<meta property=\"og:description\" content=\"Th\u01b0\u01a1ng hi\u1ec7u: L\u00e0ng Ch\u00e0i X\u01b0a  Xu\u1ea5t x\u1ee9 th\u01b0\u01a1ng hi\u1ec7u: Vi\u1ec7t Nam  Quy c\u00e1ch \u0111\u00f3ng g\u00f3i: chai 525ml  L\u01b0u \u00fd: Bao b\u00ec s\u1ea3n ph\u1ea9m c\u00f3 th\u1ec3 thay \u0111\u1ed5i theo t\u1eebng \u0111\u1ee3t nh\u1eadp h\u00e0ng.\" \/>\n<meta property=\"og:url\" content=\"https:\/\/dev.tolio.co.nz\/en\/product\/fish-sauce-with-fish-sauce-old-bottle-525ml\/\" \/>\n<meta property=\"og:site_name\" content=\"TOLIO\" \/>\n<meta property=\"article:modified_time\" content=\"2025-09-11T04:01:03+00:00\" \/>\n<meta property=\"og:image\" content=\"https:\/\/dev.tolio.co.nz\/wp-content\/uploads\/2022\/01\/43.png\" \/>\n\t<meta property=\"og:image:width\" content=\"1000\" \/>\n\t<meta property=\"og:image:height\" content=\"907\" \/>\n\t<meta property=\"og:image:type\" content=\"image\/png\" \/>\n<meta name=\"twitter:card\" content=\"summary_large_image\" \/>\n<meta name=\"twitter:label1\" content=\"Est. reading time\" \/>\n\t<meta name=\"twitter:data1\" content=\"1 minute\" \/>\n<script type=\"application\/ld+json\" class=\"yoast-schema-graph\">{\"@context\":\"https:\/\/schema.org\",\"@graph\":[{\"@type\":\"WebPage\",\"@id\":\"https:\/\/dev.tolio.co.nz\/san-pham\/nuoc-mam-ca-com-than-lang-chai-xua-chai-525ml\/\",\"url\":\"https:\/\/dev.tolio.co.nz\/san-pham\/nuoc-mam-ca-com-than-lang-chai-xua-chai-525ml\/\",\"name\":\"N\u01b0\u1edbc m\u1eafm nh\u1ec9 c\u00e1 c\u01a1m than L\u00e0ng Ch\u00e0i X\u01b0a chai 525ml - TOLIO\",\"isPartOf\":{\"@id\":\"https:\/\/dev.tolio.co.nz\/#website\"},\"primaryImageOfPage\":{\"@id\":\"https:\/\/dev.tolio.co.nz\/san-pham\/nuoc-mam-ca-com-than-lang-chai-xua-chai-525ml\/#primaryimage\"},\"image\":{\"@id\":\"https:\/\/dev.tolio.co.nz\/san-pham\/nuoc-mam-ca-com-than-lang-chai-xua-chai-525ml\/#primaryimage\"},\"thumbnailUrl\":\"https:\/\/dev.tolio.co.nz\/wp-content\/uploads\/2022\/01\/43.png\",\"datePublished\":\"2022-01-26T10:52:00+00:00\",\"dateModified\":\"2025-09-11T04:01:03+00:00\",\"description\":\"Th\u01b0\u01a1ng hi\u1ec7u: L\u00e0ng Ch\u00e0i X\u01b0a Xu\u1ea5t x\u1ee9 th\u01b0\u01a1ng hi\u1ec7u: Vi\u1ec7t Nam Quy c\u00e1ch \u0111\u00f3ng g\u00f3i: chai 525ml L\u01b0u \u00fd: Bao b\u00ec s\u1ea3n ph\u1ea9m c\u00f3 th\u1ec3 thay \u0111\u1ed5i theo t\u1eebng \u0111\u1ee3t nh\u1eadp h\u00e0ng.\",\"breadcrumb\":{\"@id\":\"https:\/\/dev.tolio.co.nz\/san-pham\/nuoc-mam-ca-com-than-lang-chai-xua-chai-525ml\/#breadcrumb\"},\"inLanguage\":\"en-US\",\"potentialAction\":[{\"@type\":\"ReadAction\",\"target\":[\"https:\/\/dev.tolio.co.nz\/san-pham\/nuoc-mam-ca-com-than-lang-chai-xua-chai-525ml\/\"]}]},{\"@type\":\"ImageObject\",\"inLanguage\":\"en-US\",\"@id\":\"https:\/\/dev.tolio.co.nz\/san-pham\/nuoc-mam-ca-com-than-lang-chai-xua-chai-525ml\/#primaryimage\",\"url\":\"https:\/\/dev.tolio.co.nz\/wp-content\/uploads\/2022\/01\/43.png\",\"contentUrl\":\"https:\/\/dev.tolio.co.nz\/wp-content\/uploads\/2022\/01\/43.png\",\"width\":1000,\"height\":907},{\"@type\":\"BreadcrumbList\",\"@id\":\"https:\/\/dev.tolio.co.nz\/san-pham\/nuoc-mam-ca-com-than-lang-chai-xua-chai-525ml\/#breadcrumb\",\"itemListElement\":[{\"@type\":\"ListItem\",\"position\":1,\"name\":\"Home\",\"item\":\"https:\/\/dev.tolio.co.nz\/\"},{\"@type\":\"ListItem\",\"position\":2,\"name\":\"C\u1eeda h\u00e0ng\",\"item\":\"https:\/\/dev.tolio.co.nz\/cua-hang\/\"},{\"@type\":\"ListItem\",\"position\":3,\"name\":\"N\u01b0\u1edbc m\u1eafm nh\u1ec9 c\u00e1 c\u01a1m than L\u00e0ng Ch\u00e0i X\u01b0a chai 525ml\"}]},{\"@type\":\"WebSite\",\"@id\":\"https:\/\/dev.tolio.co.nz\/#website\",\"url\":\"https:\/\/dev.tolio.co.nz\/\",\"name\":\"TOLIO\",\"description\":\"Vietnamese Grocery Online\",\"potentialAction\":[{\"@type\":\"SearchAction\",\"target\":{\"@type\":\"EntryPoint\",\"urlTemplate\":\"https:\/\/dev.tolio.co.nz\/?s={search_term_string}\"},\"query-input\":{\"@type\":\"PropertyValueSpecification\",\"valueRequired\":true,\"valueName\":\"search_term_string\"}}],\"inLanguage\":\"en-US\"}]}<\/script>\n<!-- \/ Yoast SEO plugin. -->","yoast_head_json":{"title":"N\u01b0\u1edbc m\u1eafm nh\u1ec9 c\u00e1 c\u01a1m than L\u00e0ng Ch\u00e0i X\u01b0a chai 525ml - TOLIO","description":"Th\u01b0\u01a1ng hi\u1ec7u: L\u00e0ng Ch\u00e0i X\u01b0a  Xu\u1ea5t x\u1ee9 th\u01b0\u01a1ng hi\u1ec7u: Vi\u1ec7t Nam  Quy c\u00e1ch \u0111\u00f3ng g\u00f3i: chai 525ml  L\u01b0u \u00fd: Bao b\u00ec s\u1ea3n ph\u1ea9m c\u00f3 th\u1ec3 thay \u0111\u1ed5i theo t\u1eebng \u0111\u1ee3t nh\u1eadp h\u00e0ng.","robots":{"index":"index","follow":"follow","max-snippet":"max-snippet:-1","max-image-preview":"max-image-preview:large","max-video-preview":"max-video-preview:-1"},"canonical":"https:\/\/dev.tolio.co.nz\/en\/product\/fish-sauce-with-fish-sauce-old-bottle-525ml\/","og_locale":"en_US","og_type":"article","og_title":"N\u01b0\u1edbc m\u1eafm nh\u1ec9 c\u00e1 c\u01a1m than L\u00e0ng Ch\u00e0i X\u01b0a chai 525ml - TOLIO","og_description":"Th\u01b0\u01a1ng hi\u1ec7u: L\u00e0ng Ch\u00e0i X\u01b0a  Xu\u1ea5t x\u1ee9 th\u01b0\u01a1ng hi\u1ec7u: Vi\u1ec7t Nam  Quy c\u00e1ch \u0111\u00f3ng g\u00f3i: chai 525ml  L\u01b0u \u00fd: Bao b\u00ec s\u1ea3n ph\u1ea9m c\u00f3 th\u1ec3 thay \u0111\u1ed5i theo t\u1eebng \u0111\u1ee3t nh\u1eadp h\u00e0ng.","og_url":"https:\/\/dev.tolio.co.nz\/en\/product\/fish-sauce-with-fish-sauce-old-bottle-525ml\/","og_site_name":"TOLIO","article_modified_time":"2025-09-11T04:01:03+00:00","og_image":[{"width":1000,"height":907,"url":"https:\/\/dev.tolio.co.nz\/wp-content\/uploads\/2022\/01\/43.png","type":"image\/png"}],"twitter_card":"summary_large_image","twitter_misc":{"Est. reading time":"1 minute"},"schema":{"@context":"https:\/\/schema.org","@graph":[{"@type":"WebPage","@id":"https:\/\/dev.tolio.co.nz\/san-pham\/nuoc-mam-ca-com-than-lang-chai-xua-chai-525ml\/","url":"https:\/\/dev.tolio.co.nz\/san-pham\/nuoc-mam-ca-com-than-lang-chai-xua-chai-525ml\/","name":"N\u01b0\u1edbc m\u1eafm nh\u1ec9 c\u00e1 c\u01a1m than L\u00e0ng Ch\u00e0i X\u01b0a chai 525ml - TOLIO","isPartOf":{"@id":"https:\/\/dev.tolio.co.nz\/#website"},"primaryImageOfPage":{"@id":"https:\/\/dev.tolio.co.nz\/san-pham\/nuoc-mam-ca-com-than-lang-chai-xua-chai-525ml\/#primaryimage"},"image":{"@id":"https:\/\/dev.tolio.co.nz\/san-pham\/nuoc-mam-ca-com-than-lang-chai-xua-chai-525ml\/#primaryimage"},"thumbnailUrl":"https:\/\/dev.tolio.co.nz\/wp-content\/uploads\/2022\/01\/43.png","datePublished":"2022-01-26T10:52:00+00:00","dateModified":"2025-09-11T04:01:03+00:00","description":"Th\u01b0\u01a1ng hi\u1ec7u: L\u00e0ng Ch\u00e0i X\u01b0a Xu\u1ea5t x\u1ee9 th\u01b0\u01a1ng hi\u1ec7u: Vi\u1ec7t Nam Quy c\u00e1ch \u0111\u00f3ng g\u00f3i: chai 525ml L\u01b0u \u00fd: Bao b\u00ec s\u1ea3n ph\u1ea9m c\u00f3 th\u1ec3 thay \u0111\u1ed5i theo t\u1eebng \u0111\u1ee3t nh\u1eadp h\u00e0ng.","breadcrumb":{"@id":"https:\/\/dev.tolio.co.nz\/san-pham\/nuoc-mam-ca-com-than-lang-chai-xua-chai-525ml\/#breadcrumb"},"inLanguage":"en-US","potentialAction":[{"@type":"ReadAction","target":["https:\/\/dev.tolio.co.nz\/san-pham\/nuoc-mam-ca-com-than-lang-chai-xua-chai-525ml\/"]}]},{"@type":"ImageObject","inLanguage":"en-US","@id":"https:\/\/dev.tolio.co.nz\/san-pham\/nuoc-mam-ca-com-than-lang-chai-xua-chai-525ml\/#primaryimage","url":"https:\/\/dev.tolio.co.nz\/wp-content\/uploads\/2022\/01\/43.png","contentUrl":"https:\/\/dev.tolio.co.nz\/wp-content\/uploads\/2022\/01\/43.png","width":1000,"height":907},{"@type":"BreadcrumbList","@id":"https:\/\/dev.tolio.co.nz\/san-pham\/nuoc-mam-ca-com-than-lang-chai-xua-chai-525ml\/#breadcrumb","itemListElement":[{"@type":"ListItem","position":1,"name":"Home","item":"https:\/\/dev.tolio.co.nz\/"},{"@type":"ListItem","position":2,"name":"C\u1eeda h\u00e0ng","item":"https:\/\/dev.tolio.co.nz\/cua-hang\/"},{"@type":"ListItem","position":3,"name":"N\u01b0\u1edbc m\u1eafm nh\u1ec9 c\u00e1 c\u01a1m than L\u00e0ng Ch\u00e0i X\u01b0a chai 525ml"}]},{"@type":"WebSite","@id":"https:\/\/dev.tolio.co.nz\/#website","url":"https:\/\/dev.tolio.co.nz\/","name":"TOLIO","description":"Vietnamese Grocery Online","potentialAction":[{"@type":"SearchAction","target":{"@type":"EntryPoint","urlTemplate":"https:\/\/dev.tolio.co.nz\/?s={search_term_string}"},"query-input":{"@type":"PropertyValueSpecification","valueRequired":true,"valueName":"search_term_string"}}],"inLanguage":"en-US"}]}},"_links":{"self":[{"href":"https:\/\/dev.tolio.co.nz\/en\/wp-json\/wp\/v2\/product\/2211","targetHints":{"allow":["GET"]}}],"collection":[{"href":"https:\/\/dev.tolio.co.nz\/en\/wp-json\/wp\/v2\/product"}],"about":[{"href":"https:\/\/dev.tolio.co.nz\/en\/wp-json\/wp\/v2\/types\/product"}],"replies":[{"embeddable":true,"href":"https:\/\/dev.tolio.co.nz\/en\/wp-json\/wp\/v2\/comments?post=2211"}],"wp:featuredmedia":[{"embeddable":true,"href":"https:\/\/dev.tolio.co.nz\/en\/wp-json\/wp\/v2\/media\/21156"}],"wp:attachment":[{"href":"https:\/\/dev.tolio.co.nz\/en\/wp-json\/wp\/v2\/media?parent=2211"}],"wp:term":[{"taxonomy":"product_brand","embeddable":true,"href":"https:\/\/dev.tolio.co.nz\/en\/wp-json\/wp\/v2\/product_brand?post=2211"},{"taxonomy":"product_cat","embeddable":true,"href":"https:\/\/dev.tolio.co.nz\/en\/wp-json\/wp\/v2\/product_cat?post=2211"},{"taxonomy":"product_tag","embeddable":true,"href":"https:\/\/dev.tolio.co.nz\/en\/wp-json\/wp\/v2\/product_tag?post=2211"}],"curies":[{"name":"wp","href":"https:\/\/api.w.org\/{rel}","templated":true}]}}