{"id":2223,"date":"2022-01-27T01:58:00","date_gmt":"2022-01-26T13:13:00","guid":{"rendered":"https:\/\/tolio2.sitebycat.com\/?post_type=product&#038;p=2223"},"modified":"2025-09-11T16:01:03","modified_gmt":"2025-09-11T04:01:03","slug":"nuoc-mam-chay-3-in-1-lang-chai-xua-chai-525ml","status":"publish","type":"product","link":"https:\/\/dev.tolio.co.nz\/en\/product\/3-in-1-fish-sauce-old-bottle-525ml-bottle\/","title":{"rendered":"N\u01b0\u1edbc m\u1eafm chay 3 in 1 L\u00e0ng Ch\u00e0i X\u01b0a chai 525ml"},"content":{"rendered":"<p><strong>N\u01b0\u1edbc m\u1eafm chay 3 in 1 L\u00e0ng Ch\u00e0i X\u01b0a chai 525ml <\/strong>\u00a0c\u00f3 th\u00e0nh ph\u1ea7n n\u1ea5m ng\u1ecdt \u0111\u1eadu n\u00e0nh, tr\u00e1i th\u01a1m, d\u00f9ng \u0103n chay ho\u1eb7c thay th\u1ebf n\u01b0\u1edbc m\u1eafm n\u01b0\u1edbc t\u01b0\u01a1ng. N\u1ea5m ng\u1ecdt c\u00f3 trong b\u1eefa \u0103n h\u00e0ng ng\u00e0y v\u00e0 l\u00e0 b\u00ed quy\u1ebft s\u1ee9c kh\u1ecfe c\u1ee7a ng\u01b0\u1eddi Nh\u1eadt.<\/p>\n<ul>\n<li>N\u01b0\u1edbc m\u1eafm chay 3 trong 1 L\u00e0ng Ch\u00e0i X\u01b0a 525ml c\u00f3 th\u00e0nh ph\u1ea7n n\u1ea5m ng\u1ecdt \u0111\u1eadu n\u00e0nh, tr\u00e1i th\u01a1m, d\u00f9ng \u0103n chay ho\u1eb7c thay th\u1ebf n\u01b0\u1edbc m\u1eafm n\u01b0\u1edbc t\u01b0\u01a1ng. N\u1ea5m ng\u1ecdt c\u00f3 trong b\u1eefa \u0103n h\u00e0ng ng\u00e0y v\u00e0 l\u00e0 b\u00ed quy\u1ebft s\u1ee9c kh\u1ecfe c\u1ee7a ng\u01b0\u1eddi Nh\u1eadt.<\/li>\n<li>N\u01b0\u1edbc m\u1eafm chay 3 trong 1 L\u00e0ng Ch\u00e0i X\u01b0a 525ml \u0111\u01b0\u1ee3c l\u00e0m t\u1eeb c\u00e1c nguy\u00ean li\u1ec7u ch\u00ednh l\u00e0 n\u1ea5m ng\u1ecdt, \u0111\u1eadu n\u00e0nh, n\u01b0\u1edbc c\u1ed1t th\u01a1m d\u1ee9a, mu\u1ed1i tinh khi\u1ebft v\u00e0 \u0111\u01b0\u1eddng ph\u00e8n t\u1ef1 nhi\u00ean. Ch\u00ednh nh\u1edd k\u1ebft h\u1ee3p nh\u1eefng nguy\u00ean li\u1ec7u \u0111\u1ed9c \u0111\u00e1o n\u00e0y th\u1eddi gian \u1ee7 \u0111\u1ea1t chu\u1ea9n n\u00e0y m\u00e0 n\u01b0\u1edbc m\u1eafm chay 3 trong 1 L\u00e0ng Ch\u00e0i X\u01b0a c\u00f3 h\u01b0\u01a1ng v\u1ecb r\u1ea5t ngon<\/li>\n<li>N\u01b0\u1edbc m\u1eafm chay 3 trong 1 L\u00e0ng Ch\u00e0i X\u01b0a 525ml c\u00f3 th\u00e0nh ph\u1ea7n n\u1ea5m ng\u1ecdt, \u0111\u1eadu n\u00e0nh v\u00e0 tr\u00e1i th\u01a1m , d\u00f9ng \u0103n chay ho\u1eb7c thay th\u1ebf n\u01b0\u1edbc m\u1eafm n\u01b0\u1edbc t\u01b0\u01a1ng. N\u1ea5m ng\u1ecdt c\u00f3 trong b\u1eefa \u0103n h\u00e0ng ng\u00e0y v\u00e0 l\u00e0 b\u00ed quy\u1ebft s\u1ee9c kh\u1ecfe c\u1ee7a ng\u01b0\u1eddi Nh\u1eadt.<\/li>\n<\/ul>\n<p><strong>H\u01b0\u1edbng d\u1eabn s\u1eed d\u1ee5ng<\/strong>:<\/p>\n<ul>\n<li>\u0102n s\u1ed1ng ho\u1eb7c n\u00eam n\u1ebfm m\u00f3n \u0103n, \u0111\u1eady n\u1eafp k\u00edn sau khi s\u1eed d\u1ee5ng.<\/li>\n<\/ul>\n<p><strong>B\u1ea3o qu\u1ea3n<\/strong>:<\/p>\n<ul>\n<li>B\u1ea3o qu\u1ea3n n\u01a1i kh\u00f4 r\u00e1o, tho\u00e1ng m\u00e1t, tr\u00e1nh \u00e1nh n\u1eafng tr\u1ef1c ti\u1ebfp.<\/li>\n<\/ul>","protected":false},"excerpt":{"rendered":"<ul>\n<li>Th\u01b0\u01a1ng hi\u1ec7u: L\u00e0ng Ch\u00e0i X\u01b0a<\/li>\n<li>Xu\u1ea5t x\u1ee9 th\u01b0\u01a1ng hi\u1ec7u: Vi\u1ec7t nam<\/li>\n<li>Quy c\u00e1ch \u0111\u00f3ng g\u00f3i: chai 525ml<\/li>\n<li>L\u01b0u \u00fd: Bao b\u00ec s\u1ea3n ph\u1ea9m c\u00f3 th\u1ec3 thay \u0111\u1ed5i theo t\u1eebng \u0111\u1ee3t nh\u1eadp h\u00e0ng.<\/li>\n<\/ul>","protected":false},"featured_media":21155,"comment_status":"open","ping_status":"closed","template":"","meta":[],"product_brand":[],"product_cat":[33,479],"product_tag":[103,293,294],"class_list":{"0":"post-2223","1":"product","2":"type-product","3":"status-publish","4":"has-post-thumbnail","6":"product_cat-gia-vi","7":"product_cat-nuoc-mam-nuoc-tuong-tuong-ot","8":"product_tag-nuoc-mam","9":"product_tag-nuoc-mam-chay","10":"product_tag-nuoc-mam-lang-chai","11":"pa_thuong-hieu-lang-chai-xua","13":"first","14":"instock","15":"shipping-taxable","16":"purchasable","17":"product-type-simple"},"yoast_head":"<!-- This site is optimized with the Yoast SEO plugin v24.4 - https:\/\/yoast.com\/wordpress\/plugins\/seo\/ -->\n<title>N\u01b0\u1edbc m\u1eafm chay 3 in 1 L\u00e0ng Ch\u00e0i X\u01b0a chai 525ml - TOLIO<\/title>\n<meta name=\"description\" content=\"Th\u01b0\u01a1ng hi\u1ec7u: L\u00e0ng Ch\u00e0i X\u01b0a  Xu\u1ea5t x\u1ee9 th\u01b0\u01a1ng hi\u1ec7u: Vi\u1ec7t nam  Quy c\u00e1ch \u0111\u00f3ng g\u00f3i: chai 525ml  L\u01b0u \u00fd: Bao b\u00ec s\u1ea3n ph\u1ea9m c\u00f3 th\u1ec3 thay \u0111\u1ed5i theo t\u1eebng \u0111\u1ee3t nh\u1eadp h\u00e0ng.\" \/>\n<meta name=\"robots\" content=\"index, follow, max-snippet:-1, max-image-preview:large, max-video-preview:-1\" \/>\n<link rel=\"canonical\" href=\"https:\/\/dev.tolio.co.nz\/en\/product\/3-in-1-fish-sauce-old-bottle-525ml-bottle\/\" \/>\n<meta property=\"og:locale\" content=\"en_US\" \/>\n<meta property=\"og:type\" content=\"article\" \/>\n<meta property=\"og:title\" content=\"N\u01b0\u1edbc m\u1eafm chay 3 in 1 L\u00e0ng Ch\u00e0i X\u01b0a chai 525ml - TOLIO\" \/>\n<meta property=\"og:description\" content=\"Th\u01b0\u01a1ng hi\u1ec7u: L\u00e0ng Ch\u00e0i X\u01b0a  Xu\u1ea5t x\u1ee9 th\u01b0\u01a1ng hi\u1ec7u: Vi\u1ec7t nam  Quy c\u00e1ch \u0111\u00f3ng g\u00f3i: chai 525ml  L\u01b0u \u00fd: Bao b\u00ec s\u1ea3n ph\u1ea9m c\u00f3 th\u1ec3 thay \u0111\u1ed5i theo t\u1eebng \u0111\u1ee3t nh\u1eadp h\u00e0ng.\" \/>\n<meta property=\"og:url\" content=\"https:\/\/dev.tolio.co.nz\/en\/product\/3-in-1-fish-sauce-old-bottle-525ml-bottle\/\" \/>\n<meta property=\"og:site_name\" content=\"TOLIO\" \/>\n<meta property=\"article:modified_time\" content=\"2025-09-11T04:01:03+00:00\" \/>\n<meta property=\"og:image\" content=\"https:\/\/dev.tolio.co.nz\/wp-content\/uploads\/2022\/01\/44.png\" \/>\n\t<meta property=\"og:image:width\" content=\"1000\" \/>\n\t<meta property=\"og:image:height\" content=\"907\" \/>\n\t<meta property=\"og:image:type\" content=\"image\/png\" \/>\n<meta name=\"twitter:card\" content=\"summary_large_image\" \/>\n<meta name=\"twitter:label1\" content=\"Est. reading time\" \/>\n\t<meta name=\"twitter:data1\" content=\"2 minutes\" \/>\n<script type=\"application\/ld+json\" class=\"yoast-schema-graph\">{\"@context\":\"https:\/\/schema.org\",\"@graph\":[{\"@type\":\"WebPage\",\"@id\":\"https:\/\/dev.tolio.co.nz\/san-pham\/nuoc-mam-chay-3-in-1-lang-chai-xua-chai-525ml\/\",\"url\":\"https:\/\/dev.tolio.co.nz\/san-pham\/nuoc-mam-chay-3-in-1-lang-chai-xua-chai-525ml\/\",\"name\":\"N\u01b0\u1edbc m\u1eafm chay 3 in 1 L\u00e0ng Ch\u00e0i X\u01b0a chai 525ml - TOLIO\",\"isPartOf\":{\"@id\":\"https:\/\/dev.tolio.co.nz\/#website\"},\"primaryImageOfPage\":{\"@id\":\"https:\/\/dev.tolio.co.nz\/san-pham\/nuoc-mam-chay-3-in-1-lang-chai-xua-chai-525ml\/#primaryimage\"},\"image\":{\"@id\":\"https:\/\/dev.tolio.co.nz\/san-pham\/nuoc-mam-chay-3-in-1-lang-chai-xua-chai-525ml\/#primaryimage\"},\"thumbnailUrl\":\"https:\/\/dev.tolio.co.nz\/wp-content\/uploads\/2022\/01\/44.png\",\"datePublished\":\"2022-01-26T13:13:00+00:00\",\"dateModified\":\"2025-09-11T04:01:03+00:00\",\"description\":\"Th\u01b0\u01a1ng hi\u1ec7u: L\u00e0ng Ch\u00e0i X\u01b0a Xu\u1ea5t x\u1ee9 th\u01b0\u01a1ng hi\u1ec7u: Vi\u1ec7t nam Quy c\u00e1ch \u0111\u00f3ng g\u00f3i: chai 525ml L\u01b0u \u00fd: Bao b\u00ec s\u1ea3n ph\u1ea9m c\u00f3 th\u1ec3 thay \u0111\u1ed5i theo t\u1eebng \u0111\u1ee3t nh\u1eadp h\u00e0ng.\",\"breadcrumb\":{\"@id\":\"https:\/\/dev.tolio.co.nz\/san-pham\/nuoc-mam-chay-3-in-1-lang-chai-xua-chai-525ml\/#breadcrumb\"},\"inLanguage\":\"en-US\",\"potentialAction\":[{\"@type\":\"ReadAction\",\"target\":[\"https:\/\/dev.tolio.co.nz\/san-pham\/nuoc-mam-chay-3-in-1-lang-chai-xua-chai-525ml\/\"]}]},{\"@type\":\"ImageObject\",\"inLanguage\":\"en-US\",\"@id\":\"https:\/\/dev.tolio.co.nz\/san-pham\/nuoc-mam-chay-3-in-1-lang-chai-xua-chai-525ml\/#primaryimage\",\"url\":\"https:\/\/dev.tolio.co.nz\/wp-content\/uploads\/2022\/01\/44.png\",\"contentUrl\":\"https:\/\/dev.tolio.co.nz\/wp-content\/uploads\/2022\/01\/44.png\",\"width\":1000,\"height\":907},{\"@type\":\"BreadcrumbList\",\"@id\":\"https:\/\/dev.tolio.co.nz\/san-pham\/nuoc-mam-chay-3-in-1-lang-chai-xua-chai-525ml\/#breadcrumb\",\"itemListElement\":[{\"@type\":\"ListItem\",\"position\":1,\"name\":\"Home\",\"item\":\"https:\/\/dev.tolio.co.nz\/\"},{\"@type\":\"ListItem\",\"position\":2,\"name\":\"C\u1eeda h\u00e0ng\",\"item\":\"https:\/\/dev.tolio.co.nz\/cua-hang\/\"},{\"@type\":\"ListItem\",\"position\":3,\"name\":\"N\u01b0\u1edbc m\u1eafm chay 3 in 1 L\u00e0ng Ch\u00e0i X\u01b0a chai 525ml\"}]},{\"@type\":\"WebSite\",\"@id\":\"https:\/\/dev.tolio.co.nz\/#website\",\"url\":\"https:\/\/dev.tolio.co.nz\/\",\"name\":\"TOLIO\",\"description\":\"Vietnamese Grocery Online\",\"potentialAction\":[{\"@type\":\"SearchAction\",\"target\":{\"@type\":\"EntryPoint\",\"urlTemplate\":\"https:\/\/dev.tolio.co.nz\/?s={search_term_string}\"},\"query-input\":{\"@type\":\"PropertyValueSpecification\",\"valueRequired\":true,\"valueName\":\"search_term_string\"}}],\"inLanguage\":\"en-US\"}]}<\/script>\n<!-- \/ Yoast SEO plugin. -->","yoast_head_json":{"title":"N\u01b0\u1edbc m\u1eafm chay 3 in 1 L\u00e0ng Ch\u00e0i X\u01b0a chai 525ml - TOLIO","description":"Th\u01b0\u01a1ng hi\u1ec7u: L\u00e0ng Ch\u00e0i X\u01b0a  Xu\u1ea5t x\u1ee9 th\u01b0\u01a1ng hi\u1ec7u: Vi\u1ec7t nam  Quy c\u00e1ch \u0111\u00f3ng g\u00f3i: chai 525ml  L\u01b0u \u00fd: Bao b\u00ec s\u1ea3n ph\u1ea9m c\u00f3 th\u1ec3 thay \u0111\u1ed5i theo t\u1eebng \u0111\u1ee3t nh\u1eadp h\u00e0ng.","robots":{"index":"index","follow":"follow","max-snippet":"max-snippet:-1","max-image-preview":"max-image-preview:large","max-video-preview":"max-video-preview:-1"},"canonical":"https:\/\/dev.tolio.co.nz\/en\/product\/3-in-1-fish-sauce-old-bottle-525ml-bottle\/","og_locale":"en_US","og_type":"article","og_title":"N\u01b0\u1edbc m\u1eafm chay 3 in 1 L\u00e0ng Ch\u00e0i X\u01b0a chai 525ml - TOLIO","og_description":"Th\u01b0\u01a1ng hi\u1ec7u: L\u00e0ng Ch\u00e0i X\u01b0a  Xu\u1ea5t x\u1ee9 th\u01b0\u01a1ng hi\u1ec7u: Vi\u1ec7t nam  Quy c\u00e1ch \u0111\u00f3ng g\u00f3i: chai 525ml  L\u01b0u \u00fd: Bao b\u00ec s\u1ea3n ph\u1ea9m c\u00f3 th\u1ec3 thay \u0111\u1ed5i theo t\u1eebng \u0111\u1ee3t nh\u1eadp h\u00e0ng.","og_url":"https:\/\/dev.tolio.co.nz\/en\/product\/3-in-1-fish-sauce-old-bottle-525ml-bottle\/","og_site_name":"TOLIO","article_modified_time":"2025-09-11T04:01:03+00:00","og_image":[{"width":1000,"height":907,"url":"https:\/\/dev.tolio.co.nz\/wp-content\/uploads\/2022\/01\/44.png","type":"image\/png"}],"twitter_card":"summary_large_image","twitter_misc":{"Est. reading time":"2 minutes"},"schema":{"@context":"https:\/\/schema.org","@graph":[{"@type":"WebPage","@id":"https:\/\/dev.tolio.co.nz\/san-pham\/nuoc-mam-chay-3-in-1-lang-chai-xua-chai-525ml\/","url":"https:\/\/dev.tolio.co.nz\/san-pham\/nuoc-mam-chay-3-in-1-lang-chai-xua-chai-525ml\/","name":"N\u01b0\u1edbc m\u1eafm chay 3 in 1 L\u00e0ng Ch\u00e0i X\u01b0a chai 525ml - TOLIO","isPartOf":{"@id":"https:\/\/dev.tolio.co.nz\/#website"},"primaryImageOfPage":{"@id":"https:\/\/dev.tolio.co.nz\/san-pham\/nuoc-mam-chay-3-in-1-lang-chai-xua-chai-525ml\/#primaryimage"},"image":{"@id":"https:\/\/dev.tolio.co.nz\/san-pham\/nuoc-mam-chay-3-in-1-lang-chai-xua-chai-525ml\/#primaryimage"},"thumbnailUrl":"https:\/\/dev.tolio.co.nz\/wp-content\/uploads\/2022\/01\/44.png","datePublished":"2022-01-26T13:13:00+00:00","dateModified":"2025-09-11T04:01:03+00:00","description":"Th\u01b0\u01a1ng hi\u1ec7u: L\u00e0ng Ch\u00e0i X\u01b0a Xu\u1ea5t x\u1ee9 th\u01b0\u01a1ng hi\u1ec7u: Vi\u1ec7t nam Quy c\u00e1ch \u0111\u00f3ng g\u00f3i: chai 525ml L\u01b0u \u00fd: Bao b\u00ec s\u1ea3n ph\u1ea9m c\u00f3 th\u1ec3 thay \u0111\u1ed5i theo t\u1eebng \u0111\u1ee3t nh\u1eadp h\u00e0ng.","breadcrumb":{"@id":"https:\/\/dev.tolio.co.nz\/san-pham\/nuoc-mam-chay-3-in-1-lang-chai-xua-chai-525ml\/#breadcrumb"},"inLanguage":"en-US","potentialAction":[{"@type":"ReadAction","target":["https:\/\/dev.tolio.co.nz\/san-pham\/nuoc-mam-chay-3-in-1-lang-chai-xua-chai-525ml\/"]}]},{"@type":"ImageObject","inLanguage":"en-US","@id":"https:\/\/dev.tolio.co.nz\/san-pham\/nuoc-mam-chay-3-in-1-lang-chai-xua-chai-525ml\/#primaryimage","url":"https:\/\/dev.tolio.co.nz\/wp-content\/uploads\/2022\/01\/44.png","contentUrl":"https:\/\/dev.tolio.co.nz\/wp-content\/uploads\/2022\/01\/44.png","width":1000,"height":907},{"@type":"BreadcrumbList","@id":"https:\/\/dev.tolio.co.nz\/san-pham\/nuoc-mam-chay-3-in-1-lang-chai-xua-chai-525ml\/#breadcrumb","itemListElement":[{"@type":"ListItem","position":1,"name":"Home","item":"https:\/\/dev.tolio.co.nz\/"},{"@type":"ListItem","position":2,"name":"C\u1eeda h\u00e0ng","item":"https:\/\/dev.tolio.co.nz\/cua-hang\/"},{"@type":"ListItem","position":3,"name":"N\u01b0\u1edbc m\u1eafm chay 3 in 1 L\u00e0ng Ch\u00e0i X\u01b0a chai 525ml"}]},{"@type":"WebSite","@id":"https:\/\/dev.tolio.co.nz\/#website","url":"https:\/\/dev.tolio.co.nz\/","name":"TOLIO","description":"Vietnamese Grocery Online","potentialAction":[{"@type":"SearchAction","target":{"@type":"EntryPoint","urlTemplate":"https:\/\/dev.tolio.co.nz\/?s={search_term_string}"},"query-input":{"@type":"PropertyValueSpecification","valueRequired":true,"valueName":"search_term_string"}}],"inLanguage":"en-US"}]}},"_links":{"self":[{"href":"https:\/\/dev.tolio.co.nz\/en\/wp-json\/wp\/v2\/product\/2223","targetHints":{"allow":["GET"]}}],"collection":[{"href":"https:\/\/dev.tolio.co.nz\/en\/wp-json\/wp\/v2\/product"}],"about":[{"href":"https:\/\/dev.tolio.co.nz\/en\/wp-json\/wp\/v2\/types\/product"}],"replies":[{"embeddable":true,"href":"https:\/\/dev.tolio.co.nz\/en\/wp-json\/wp\/v2\/comments?post=2223"}],"wp:featuredmedia":[{"embeddable":true,"href":"https:\/\/dev.tolio.co.nz\/en\/wp-json\/wp\/v2\/media\/21155"}],"wp:attachment":[{"href":"https:\/\/dev.tolio.co.nz\/en\/wp-json\/wp\/v2\/media?parent=2223"}],"wp:term":[{"taxonomy":"product_brand","embeddable":true,"href":"https:\/\/dev.tolio.co.nz\/en\/wp-json\/wp\/v2\/product_brand?post=2223"},{"taxonomy":"product_cat","embeddable":true,"href":"https:\/\/dev.tolio.co.nz\/en\/wp-json\/wp\/v2\/product_cat?post=2223"},{"taxonomy":"product_tag","embeddable":true,"href":"https:\/\/dev.tolio.co.nz\/en\/wp-json\/wp\/v2\/product_tag?post=2223"}],"curies":[{"name":"wp","href":"https:\/\/api.w.org\/{rel}","templated":true}]}}