{"id":22350,"date":"2024-11-26T17:01:55","date_gmt":"2024-11-26T04:16:55","guid":{"rendered":"https:\/\/tolio.co.nz\/?post_type=product&#038;p=22350"},"modified":"2025-09-11T16:00:59","modified_gmt":"2025-09-11T04:00:59","slug":"hoanh-thanh-la-kho-500g","status":"publish","type":"product","link":"https:\/\/dev.tolio.co.nz\/en\/product\/dried-fruit-500g\/","title":{"rendered":"Ho\u00e0nh th\u00e1nh l\u00e1 kh\u00f4 500g"},"content":{"rendered":"<p><strong>Ho\u00e0nh th\u00e1nh l\u00e1 kh\u00f4 500g<\/strong><span id=\"input_part_0\" class=\"\" data-mention=\"L\u00e1 ho\u00e0nh th\u00e1nh t\u01b0\u01a1i ngon c\u00f3 m\u00e0u v\u00e0ng nh\u1ea1t t\u1ef1 nhi\u00ean \u0111\u01b0\u1ee3c tuy\u1ec3n ch\u1ecdn t\u1eeb nh\u1eefng nguy\u00ean li\u1ec7u cao c\u1ea5p, th\u01a1m th\u01a1m m\u00f9i tr\u1ee9ng, b\u00f9i b\u00f9i v\u1ecb b\u1ed9t m\u00ec, khi n\u1ea5u khi chi\u00ean ho\u00e0nh th\u00e1nh kh\u00f4ng b\u1ecb b\u1edf n\u00e1t, kh\u00f4ng b\u1ecb \u0111\u1eafng ch\u00e1t.\">\u00a0t\u01b0\u01a1i ngon c\u00f3 m\u00e0u v\u00e0ng nh\u1ea1t t\u1ef1 nhi\u00ean \u0111\u01b0\u1ee3c tuy\u1ec3n ch\u1ecdn t\u1eeb nh\u1eefng nguy\u00ean li\u1ec7u cao c\u1ea5p, th\u01a1m th\u01a1m m\u00f9i tr\u1ee9ng, b\u00f9i b\u00f9i v\u1ecb b\u1ed9t m\u00ec, khi n\u1ea5u khi chi\u00ean ho\u00e0nh th\u00e1nh kh\u00f4ng b\u1ecb b\u1edf n\u00e1t, kh\u00f4ng b\u1ecb \u0111\u1eafng ch\u00e1t.<\/span><\/p>\n<p><strong>H\u01b0\u1edbng d\u1eabn s\u1eed d\u1ee5ng:<\/strong><\/p>\n<ul>\n<li>Cho l\u00e1 ho\u00e0nh th\u00e1nh v\u00e0o n\u01b0\u1edbc l\u1ea1nh ng\u00e2m kho\u1ea3ng 1 ph\u00fat, v\u1edbt ra \u0111\u1ec3 r\u00e1o. N\u1ea5u s\u1eb5n m\u1ed9t n\u1ed3i n\u01b0\u1edbc d\u00f9ng g\u1ed3m huy\u1ebft, t\u00f4m th\u1ecbt r\u1ed3i cho ho\u00e0nh th\u00e1nh \u0111\u00e3 ng\u00e2m v\u00e0o n\u1ea5u th\u00eam 5 ph\u00fat n\u1eefa l\u00e0 c\u00f3 th\u1ec3 d\u00f9ng \u0111\u01b0\u1ee3c.<\/li>\n<\/ul>\n<p><strong>B\u1ea3o qu\u1ea3n:<\/strong><\/p>\n<ul>\n<li>B\u1ea3o qu\u1ea3n n\u01a1i kh\u00f4 r\u00e1o, tho\u00e1ng m\u00e1t, tr\u00e1nh \u00e1nh n\u1eafng tr\u1ef1c ti\u1ebfp<\/li>\n<\/ul>\n<p><span class=\"ui-provider a b c d e f g h i j k l m n o p q r s t u v w x y z ab ac ae af ag ah ai aj ak\" dir=\"ltr\"><strong>H\u1ea1n s\u1eed d\u1ee5ng:<\/strong> 12 th\u00e1ng t\u1eeb ng\u00e0y s\u1ea3n xu\u1ea5t.<\/span><\/p>","protected":false},"excerpt":{"rendered":"<ul>\n<li>Th\u01b0\u01a1ng hi\u1ec7u: HTfood<\/li>\n<li>Xu\u1ea5t x\u1ee9 th\u01b0\u01a1ng hi\u1ec7u: Vi\u1ec7t Nam<\/li>\n<li>Quy c\u00e1ch \u0111\u00f3ng g\u00f3i: g\u00f3i 500g, th\u00f9ng 10 g\u00f3i<\/li>\n<li>L\u01b0u \u00fd: Bao b\u00ec s\u1ea3n ph\u1ea9m c\u00f3 th\u1ec3 thay \u0111\u1ed5i theo t\u1eebng \u0111\u1ee3t nh\u1eadp h\u00e0ng<\/li>\n<\/ul>","protected":false},"featured_media":22546,"comment_status":"open","ping_status":"closed","template":"","meta":[],"product_brand":[],"product_cat":[32,31],"product_tag":[1067],"class_list":{"0":"post-22350","1":"product","2":"type-product","3":"status-publish","4":"has-post-thumbnail","6":"product_cat-bun-pho-banh-trang","7":"product_cat-hang-moi-ve","8":"product_tag-hoanh-thanh-la-kho","9":"pa_thuong-hieu-ht-food","11":"first","12":"instock","13":"shipping-taxable","14":"purchasable","15":"product-type-simple"},"yoast_head":"<!-- This site is optimized with the Yoast SEO plugin v24.4 - https:\/\/yoast.com\/wordpress\/plugins\/seo\/ -->\n<title>Ho\u00e0nh th\u00e1nh l\u00e1 kh\u00f4 500g - TOLIO<\/title>\n<meta name=\"description\" content=\"Th\u01b0\u01a1ng hi\u1ec7u: HTfood  Xu\u1ea5t x\u1ee9 th\u01b0\u01a1ng hi\u1ec7u: Vi\u1ec7t Nam  Quy c\u00e1ch \u0111\u00f3ng g\u00f3i: g\u00f3i 500g, th\u00f9ng 10 g\u00f3i  L\u01b0u \u00fd: Bao b\u00ec s\u1ea3n ph\u1ea9m c\u00f3 th\u1ec3 thay \u0111\u1ed5i theo t\u1eebng \u0111\u1ee3t nh\u1eadp h\u00e0ng\" \/>\n<meta name=\"robots\" content=\"index, follow, max-snippet:-1, max-image-preview:large, max-video-preview:-1\" \/>\n<link rel=\"canonical\" href=\"https:\/\/dev.tolio.co.nz\/en\/product\/dried-fruit-500g\/\" \/>\n<meta property=\"og:locale\" content=\"en_US\" \/>\n<meta property=\"og:type\" content=\"article\" \/>\n<meta property=\"og:title\" content=\"Ho\u00e0nh th\u00e1nh l\u00e1 kh\u00f4 500g - TOLIO\" \/>\n<meta property=\"og:description\" content=\"Th\u01b0\u01a1ng hi\u1ec7u: HTfood  Xu\u1ea5t x\u1ee9 th\u01b0\u01a1ng hi\u1ec7u: Vi\u1ec7t Nam  Quy c\u00e1ch \u0111\u00f3ng g\u00f3i: g\u00f3i 500g, th\u00f9ng 10 g\u00f3i  L\u01b0u \u00fd: Bao b\u00ec s\u1ea3n ph\u1ea9m c\u00f3 th\u1ec3 thay \u0111\u1ed5i theo t\u1eebng \u0111\u1ee3t nh\u1eadp h\u00e0ng\" \/>\n<meta property=\"og:url\" content=\"https:\/\/dev.tolio.co.nz\/en\/product\/dried-fruit-500g\/\" \/>\n<meta property=\"og:site_name\" content=\"TOLIO\" \/>\n<meta property=\"article:modified_time\" content=\"2025-09-11T04:00:59+00:00\" \/>\n<meta property=\"og:image\" content=\"https:\/\/dev.tolio.co.nz\/wp-content\/uploads\/2024\/11\/297-1.png\" \/>\n\t<meta property=\"og:image:width\" content=\"1000\" \/>\n\t<meta property=\"og:image:height\" content=\"907\" \/>\n\t<meta property=\"og:image:type\" content=\"image\/png\" \/>\n<meta name=\"twitter:card\" content=\"summary_large_image\" \/>\n<meta name=\"twitter:label1\" content=\"Est. reading time\" \/>\n\t<meta name=\"twitter:data1\" content=\"1 minute\" \/>\n<script type=\"application\/ld+json\" class=\"yoast-schema-graph\">{\"@context\":\"https:\/\/schema.org\",\"@graph\":[{\"@type\":\"WebPage\",\"@id\":\"https:\/\/dev.tolio.co.nz\/san-pham\/hoanh-thanh-la-kho-500g\/\",\"url\":\"https:\/\/dev.tolio.co.nz\/san-pham\/hoanh-thanh-la-kho-500g\/\",\"name\":\"Ho\u00e0nh th\u00e1nh l\u00e1 kh\u00f4 500g - TOLIO\",\"isPartOf\":{\"@id\":\"https:\/\/dev.tolio.co.nz\/#website\"},\"primaryImageOfPage\":{\"@id\":\"https:\/\/dev.tolio.co.nz\/san-pham\/hoanh-thanh-la-kho-500g\/#primaryimage\"},\"image\":{\"@id\":\"https:\/\/dev.tolio.co.nz\/san-pham\/hoanh-thanh-la-kho-500g\/#primaryimage\"},\"thumbnailUrl\":\"https:\/\/dev.tolio.co.nz\/wp-content\/uploads\/2024\/11\/297-1.png\",\"datePublished\":\"2024-11-26T04:16:55+00:00\",\"dateModified\":\"2025-09-11T04:00:59+00:00\",\"description\":\"Th\u01b0\u01a1ng hi\u1ec7u: HTfood Xu\u1ea5t x\u1ee9 th\u01b0\u01a1ng hi\u1ec7u: Vi\u1ec7t Nam Quy c\u00e1ch \u0111\u00f3ng g\u00f3i: g\u00f3i 500g, th\u00f9ng 10 g\u00f3i L\u01b0u \u00fd: Bao b\u00ec s\u1ea3n ph\u1ea9m c\u00f3 th\u1ec3 thay \u0111\u1ed5i theo t\u1eebng \u0111\u1ee3t nh\u1eadp h\u00e0ng\",\"breadcrumb\":{\"@id\":\"https:\/\/dev.tolio.co.nz\/san-pham\/hoanh-thanh-la-kho-500g\/#breadcrumb\"},\"inLanguage\":\"en-US\",\"potentialAction\":[{\"@type\":\"ReadAction\",\"target\":[\"https:\/\/dev.tolio.co.nz\/san-pham\/hoanh-thanh-la-kho-500g\/\"]}]},{\"@type\":\"ImageObject\",\"inLanguage\":\"en-US\",\"@id\":\"https:\/\/dev.tolio.co.nz\/san-pham\/hoanh-thanh-la-kho-500g\/#primaryimage\",\"url\":\"https:\/\/dev.tolio.co.nz\/wp-content\/uploads\/2024\/11\/297-1.png\",\"contentUrl\":\"https:\/\/dev.tolio.co.nz\/wp-content\/uploads\/2024\/11\/297-1.png\",\"width\":1000,\"height\":907},{\"@type\":\"BreadcrumbList\",\"@id\":\"https:\/\/dev.tolio.co.nz\/san-pham\/hoanh-thanh-la-kho-500g\/#breadcrumb\",\"itemListElement\":[{\"@type\":\"ListItem\",\"position\":1,\"name\":\"Home\",\"item\":\"https:\/\/dev.tolio.co.nz\/\"},{\"@type\":\"ListItem\",\"position\":2,\"name\":\"C\u1eeda h\u00e0ng\",\"item\":\"https:\/\/dev.tolio.co.nz\/cua-hang\/\"},{\"@type\":\"ListItem\",\"position\":3,\"name\":\"Ho\u00e0nh th\u00e1nh l\u00e1 kh\u00f4 500g\"}]},{\"@type\":\"WebSite\",\"@id\":\"https:\/\/dev.tolio.co.nz\/#website\",\"url\":\"https:\/\/dev.tolio.co.nz\/\",\"name\":\"TOLIO\",\"description\":\"Vietnamese Grocery Online\",\"potentialAction\":[{\"@type\":\"SearchAction\",\"target\":{\"@type\":\"EntryPoint\",\"urlTemplate\":\"https:\/\/dev.tolio.co.nz\/?s={search_term_string}\"},\"query-input\":{\"@type\":\"PropertyValueSpecification\",\"valueRequired\":true,\"valueName\":\"search_term_string\"}}],\"inLanguage\":\"en-US\"}]}<\/script>\n<!-- \/ Yoast SEO plugin. -->","yoast_head_json":{"title":"Ho\u00e0nh th\u00e1nh l\u00e1 kh\u00f4 500g - TOLIO","description":"Th\u01b0\u01a1ng hi\u1ec7u: HTfood  Xu\u1ea5t x\u1ee9 th\u01b0\u01a1ng hi\u1ec7u: Vi\u1ec7t Nam  Quy c\u00e1ch \u0111\u00f3ng g\u00f3i: g\u00f3i 500g, th\u00f9ng 10 g\u00f3i  L\u01b0u \u00fd: Bao b\u00ec s\u1ea3n ph\u1ea9m c\u00f3 th\u1ec3 thay \u0111\u1ed5i theo t\u1eebng \u0111\u1ee3t nh\u1eadp h\u00e0ng","robots":{"index":"index","follow":"follow","max-snippet":"max-snippet:-1","max-image-preview":"max-image-preview:large","max-video-preview":"max-video-preview:-1"},"canonical":"https:\/\/dev.tolio.co.nz\/en\/product\/dried-fruit-500g\/","og_locale":"en_US","og_type":"article","og_title":"Ho\u00e0nh th\u00e1nh l\u00e1 kh\u00f4 500g - TOLIO","og_description":"Th\u01b0\u01a1ng hi\u1ec7u: HTfood  Xu\u1ea5t x\u1ee9 th\u01b0\u01a1ng hi\u1ec7u: Vi\u1ec7t Nam  Quy c\u00e1ch \u0111\u00f3ng g\u00f3i: g\u00f3i 500g, th\u00f9ng 10 g\u00f3i  L\u01b0u \u00fd: Bao b\u00ec s\u1ea3n ph\u1ea9m c\u00f3 th\u1ec3 thay \u0111\u1ed5i theo t\u1eebng \u0111\u1ee3t nh\u1eadp h\u00e0ng","og_url":"https:\/\/dev.tolio.co.nz\/en\/product\/dried-fruit-500g\/","og_site_name":"TOLIO","article_modified_time":"2025-09-11T04:00:59+00:00","og_image":[{"width":1000,"height":907,"url":"https:\/\/dev.tolio.co.nz\/wp-content\/uploads\/2024\/11\/297-1.png","type":"image\/png"}],"twitter_card":"summary_large_image","twitter_misc":{"Est. reading time":"1 minute"},"schema":{"@context":"https:\/\/schema.org","@graph":[{"@type":"WebPage","@id":"https:\/\/dev.tolio.co.nz\/san-pham\/hoanh-thanh-la-kho-500g\/","url":"https:\/\/dev.tolio.co.nz\/san-pham\/hoanh-thanh-la-kho-500g\/","name":"Ho\u00e0nh th\u00e1nh l\u00e1 kh\u00f4 500g - TOLIO","isPartOf":{"@id":"https:\/\/dev.tolio.co.nz\/#website"},"primaryImageOfPage":{"@id":"https:\/\/dev.tolio.co.nz\/san-pham\/hoanh-thanh-la-kho-500g\/#primaryimage"},"image":{"@id":"https:\/\/dev.tolio.co.nz\/san-pham\/hoanh-thanh-la-kho-500g\/#primaryimage"},"thumbnailUrl":"https:\/\/dev.tolio.co.nz\/wp-content\/uploads\/2024\/11\/297-1.png","datePublished":"2024-11-26T04:16:55+00:00","dateModified":"2025-09-11T04:00:59+00:00","description":"Th\u01b0\u01a1ng hi\u1ec7u: HTfood Xu\u1ea5t x\u1ee9 th\u01b0\u01a1ng hi\u1ec7u: Vi\u1ec7t Nam Quy c\u00e1ch \u0111\u00f3ng g\u00f3i: g\u00f3i 500g, th\u00f9ng 10 g\u00f3i L\u01b0u \u00fd: Bao b\u00ec s\u1ea3n ph\u1ea9m c\u00f3 th\u1ec3 thay \u0111\u1ed5i theo t\u1eebng \u0111\u1ee3t nh\u1eadp h\u00e0ng","breadcrumb":{"@id":"https:\/\/dev.tolio.co.nz\/san-pham\/hoanh-thanh-la-kho-500g\/#breadcrumb"},"inLanguage":"en-US","potentialAction":[{"@type":"ReadAction","target":["https:\/\/dev.tolio.co.nz\/san-pham\/hoanh-thanh-la-kho-500g\/"]}]},{"@type":"ImageObject","inLanguage":"en-US","@id":"https:\/\/dev.tolio.co.nz\/san-pham\/hoanh-thanh-la-kho-500g\/#primaryimage","url":"https:\/\/dev.tolio.co.nz\/wp-content\/uploads\/2024\/11\/297-1.png","contentUrl":"https:\/\/dev.tolio.co.nz\/wp-content\/uploads\/2024\/11\/297-1.png","width":1000,"height":907},{"@type":"BreadcrumbList","@id":"https:\/\/dev.tolio.co.nz\/san-pham\/hoanh-thanh-la-kho-500g\/#breadcrumb","itemListElement":[{"@type":"ListItem","position":1,"name":"Home","item":"https:\/\/dev.tolio.co.nz\/"},{"@type":"ListItem","position":2,"name":"C\u1eeda h\u00e0ng","item":"https:\/\/dev.tolio.co.nz\/cua-hang\/"},{"@type":"ListItem","position":3,"name":"Ho\u00e0nh th\u00e1nh l\u00e1 kh\u00f4 500g"}]},{"@type":"WebSite","@id":"https:\/\/dev.tolio.co.nz\/#website","url":"https:\/\/dev.tolio.co.nz\/","name":"TOLIO","description":"Vietnamese Grocery Online","potentialAction":[{"@type":"SearchAction","target":{"@type":"EntryPoint","urlTemplate":"https:\/\/dev.tolio.co.nz\/?s={search_term_string}"},"query-input":{"@type":"PropertyValueSpecification","valueRequired":true,"valueName":"search_term_string"}}],"inLanguage":"en-US"}]}},"_links":{"self":[{"href":"https:\/\/dev.tolio.co.nz\/en\/wp-json\/wp\/v2\/product\/22350","targetHints":{"allow":["GET"]}}],"collection":[{"href":"https:\/\/dev.tolio.co.nz\/en\/wp-json\/wp\/v2\/product"}],"about":[{"href":"https:\/\/dev.tolio.co.nz\/en\/wp-json\/wp\/v2\/types\/product"}],"replies":[{"embeddable":true,"href":"https:\/\/dev.tolio.co.nz\/en\/wp-json\/wp\/v2\/comments?post=22350"}],"wp:featuredmedia":[{"embeddable":true,"href":"https:\/\/dev.tolio.co.nz\/en\/wp-json\/wp\/v2\/media\/22546"}],"wp:attachment":[{"href":"https:\/\/dev.tolio.co.nz\/en\/wp-json\/wp\/v2\/media?parent=22350"}],"wp:term":[{"taxonomy":"product_brand","embeddable":true,"href":"https:\/\/dev.tolio.co.nz\/en\/wp-json\/wp\/v2\/product_brand?post=22350"},{"taxonomy":"product_cat","embeddable":true,"href":"https:\/\/dev.tolio.co.nz\/en\/wp-json\/wp\/v2\/product_cat?post=22350"},{"taxonomy":"product_tag","embeddable":true,"href":"https:\/\/dev.tolio.co.nz\/en\/wp-json\/wp\/v2\/product_tag?post=22350"}],"curies":[{"name":"wp","href":"https:\/\/api.w.org\/{rel}","templated":true}]}}