{"id":22854,"date":"2024-12-18T18:06:58","date_gmt":"2024-12-18T05:21:58","guid":{"rendered":"https:\/\/tolio.co.nz\/?post_type=product&#038;p=22854"},"modified":"2025-09-11T15:59:52","modified_gmt":"2025-09-11T03:59:52","slug":"set-10-goi-luong-kho-hai-chau-tong-hop-65g","status":"publish","type":"product","link":"https:\/\/dev.tolio.co.nz\/en\/product\/set-of-10-packs-of-hai-chau-mixed-dried-fish-65g\/","title":{"rendered":"Set 10 g\u00f3i l\u01b0\u01a1ng kh\u00f4 t\u1ed5ng h\u1ee3p H\u1ea3i Ch\u00e2u 65g"},"content":{"rendered":"<p><strong>Set 10 g\u00f3i l\u01b0\u01a1ng kh\u00f4 t\u1ed5ng h\u1ee3p H\u1ea3i Ch\u00e2u <\/strong>l\u00e0 m\u1ed9t lo\u1ea1i th\u1ee9c \u0103n t\u1ed5ng h\u1ee3p \u0111\u01b0\u1ee3c l\u00e0m s\u1eb5n v\u00e0 \u00e9p kh\u00f4 th\u00e0nh b\u00e1nh v\u1edbi th\u00e0nh ph\u1ea7n ch\u1ee7 y\u1ebfu g\u1ed3m: b\u1ed9t m\u00ec, \u0111\u01b0\u1eddng, d\u1ea7u th\u1ef1c v\u1eadt, s\u1eefa b\u1ed9t nguy\u00ean kem&#8230; c\u00f3 h\u01b0\u01a1ng v\u1ecb th\u01a1m ngon, th\u00edch h\u1ee3p cho m\u1ecdi \u0111\u1ed1i t\u01b0\u1ee3ng s\u1eed d\u1ee5ng. S\u1ea3n ph\u1ea9m ph\u00f9 h\u1ee3p v\u1edbi ng\u01b0\u1eddi \u0103n ki\u00eang, gi\u1ea3m c\u00e2n, gi\u1eef d\u00e1ng, gi\u1eef s\u1ee9c kh\u1ecfe v\u00e0 ph\u00f2ng b\u1ec7nh.<\/p>\n<ul>\n<li>L\u01b0\u01a1ng kh\u00f4 5* t\u1ed5ng h\u1ee3p c\u00f2n l\u00e0 th\u1ef1c ph\u1ea9m an to\u00e0n ph\u00f9 h\u1ee3p kh\u1ea9u ph\u1ea7n cho ng\u01b0\u1eddi b\u1ec7nh ti\u1ec3u \u0111\u01b0\u1eddng, tim m\u1ea1ch, cao huy\u1ebft \u00e1p.<\/li>\n<li>S\u1ea3n ph\u1ea9m \u0111\u01b0\u1ee3c nghi\u00ean c\u1ee9u khoa h\u1ecdc, th\u1eed nghi\u1ec7m v\u00e0 c\u00f4ng b\u1ed1 ch\u1ea5t l\u01b0\u1ee3ng, an to\u00e0n th\u1ef1c ph\u1ea9m.<\/li>\n<li>L\u01b0\u01a1ng kh\u00f4 5* t\u1ed5ng h\u1ee3p H\u1ea3i Ch\u00e2u \u0111\u00f3ng g\u00f3i nh\u1ecf g\u1ecdn, \u0111\u00e3 tr\u1edf th\u00e0nh l\u1ef1a ch\u1ecdn hi\u1ec7u qu\u1ea3 l\u00fac b\u1ea1n \u0111i xa hay khi b\u1eadn r\u1ed9n.<\/li>\n<\/ul>\n<p><strong>H\u01b0\u1edbng d\u1eabn s\u1eed d\u1ee5ng:<\/strong><\/p>\n<ul>\n<li>\u0102n tr\u1ef1c ti\u1ebfp.<\/li>\n<\/ul>\n<p><strong>B\u1ea3o qu\u1ea3n:<\/strong><\/p>\n<ul>\n<li>\u0110\u1ec3 n\u01a1i kh\u00f4 r\u00e1o, tho\u00e1ng m\u00e1t.<\/li>\n<\/ul>\n<p><strong>H\u1ea1n s\u1eed d\u1ee5ng:<\/strong> 12 th\u00e1ng k\u1ec3 t\u1eeb ng\u00e0y s\u1ea3n xu\u1ea5t<\/p>","protected":false},"excerpt":{"rendered":"<ul>\n<li>Th\u01b0\u01a1ng hi\u1ec7u: H\u1ea3i Ch\u00e2u<\/li>\n<li>Xu\u1ea5t x\u1ee9 th\u01b0\u01a1ng hi\u1ec7u: Vi\u1ec7t Nam<\/li>\n<li>Quy c\u00e1ch \u0111\u00f3ng g\u00f3i: G\u00f3i 65g<\/li>\n<li>L\u01b0u \u00fd: Bao b\u00ec s\u1ea3n ph\u1ea9m c\u00f3 th\u1ec3 thay \u0111\u1ed5i theo t\u1eebng \u0111\u1ee3t nh\u1eadp h\u00e0ng<\/li>\n<\/ul>","protected":false},"featured_media":22855,"comment_status":"open","ping_status":"closed","template":"","meta":[],"product_brand":[],"product_cat":[35,31],"product_tag":[347,1083],"class_list":{"0":"post-22854","1":"product","2":"type-product","3":"status-publish","4":"has-post-thumbnail","6":"product_cat-banh-keo","7":"product_cat-hang-moi-ve","8":"product_tag-luong-kho-hai-chau","9":"product_tag-luong-kho-tong-hop","10":"pa_thuong-hieu-hai-chau","12":"first","13":"instock","14":"shipping-taxable","15":"purchasable","16":"product-type-simple"},"yoast_head":"<!-- This site is optimized with the Yoast SEO plugin v24.4 - https:\/\/yoast.com\/wordpress\/plugins\/seo\/ -->\n<title>Set 10 g\u00f3i l\u01b0\u01a1ng kh\u00f4 t\u1ed5ng h\u1ee3p H\u1ea3i Ch\u00e2u 65g - TOLIO<\/title>\n<meta name=\"description\" content=\"Th\u01b0\u01a1ng hi\u1ec7u: H\u1ea3i Ch\u00e2u  Xu\u1ea5t x\u1ee9 th\u01b0\u01a1ng hi\u1ec7u: Vi\u1ec7t Nam  Quy c\u00e1ch \u0111\u00f3ng g\u00f3i: G\u00f3i 65g  L\u01b0u \u00fd: Bao b\u00ec s\u1ea3n ph\u1ea9m c\u00f3 th\u1ec3 thay \u0111\u1ed5i theo t\u1eebng \u0111\u1ee3t nh\u1eadp h\u00e0ng\" \/>\n<meta name=\"robots\" content=\"index, follow, max-snippet:-1, max-image-preview:large, max-video-preview:-1\" \/>\n<link rel=\"canonical\" href=\"https:\/\/dev.tolio.co.nz\/en\/product\/set-of-10-packs-of-hai-chau-mixed-dried-fish-65g\/\" \/>\n<meta property=\"og:locale\" content=\"en_US\" \/>\n<meta property=\"og:type\" content=\"article\" \/>\n<meta property=\"og:title\" content=\"Set 10 g\u00f3i l\u01b0\u01a1ng kh\u00f4 t\u1ed5ng h\u1ee3p H\u1ea3i Ch\u00e2u 65g - TOLIO\" \/>\n<meta property=\"og:description\" content=\"Th\u01b0\u01a1ng hi\u1ec7u: H\u1ea3i Ch\u00e2u  Xu\u1ea5t x\u1ee9 th\u01b0\u01a1ng hi\u1ec7u: Vi\u1ec7t Nam  Quy c\u00e1ch \u0111\u00f3ng g\u00f3i: G\u00f3i 65g  L\u01b0u \u00fd: Bao b\u00ec s\u1ea3n ph\u1ea9m c\u00f3 th\u1ec3 thay \u0111\u1ed5i theo t\u1eebng \u0111\u1ee3t nh\u1eadp h\u00e0ng\" \/>\n<meta property=\"og:url\" content=\"https:\/\/dev.tolio.co.nz\/en\/product\/set-of-10-packs-of-hai-chau-mixed-dried-fish-65g\/\" \/>\n<meta property=\"og:site_name\" content=\"TOLIO\" \/>\n<meta property=\"article:modified_time\" content=\"2025-09-11T03:59:52+00:00\" \/>\n<meta property=\"og:image\" content=\"https:\/\/dev.tolio.co.nz\/wp-content\/uploads\/2024\/12\/371.png\" \/>\n\t<meta property=\"og:image:width\" content=\"1000\" \/>\n\t<meta property=\"og:image:height\" content=\"907\" \/>\n\t<meta property=\"og:image:type\" content=\"image\/png\" \/>\n<meta name=\"twitter:card\" content=\"summary_large_image\" \/>\n<meta name=\"twitter:label1\" content=\"Est. reading time\" \/>\n\t<meta name=\"twitter:data1\" content=\"1 minute\" \/>\n<script type=\"application\/ld+json\" class=\"yoast-schema-graph\">{\"@context\":\"https:\/\/schema.org\",\"@graph\":[{\"@type\":\"WebPage\",\"@id\":\"https:\/\/dev.tolio.co.nz\/san-pham\/set-10-goi-luong-kho-hai-chau-tong-hop-65g\/\",\"url\":\"https:\/\/dev.tolio.co.nz\/san-pham\/set-10-goi-luong-kho-hai-chau-tong-hop-65g\/\",\"name\":\"Set 10 g\u00f3i l\u01b0\u01a1ng kh\u00f4 t\u1ed5ng h\u1ee3p H\u1ea3i Ch\u00e2u 65g - TOLIO\",\"isPartOf\":{\"@id\":\"https:\/\/dev.tolio.co.nz\/#website\"},\"primaryImageOfPage\":{\"@id\":\"https:\/\/dev.tolio.co.nz\/san-pham\/set-10-goi-luong-kho-hai-chau-tong-hop-65g\/#primaryimage\"},\"image\":{\"@id\":\"https:\/\/dev.tolio.co.nz\/san-pham\/set-10-goi-luong-kho-hai-chau-tong-hop-65g\/#primaryimage\"},\"thumbnailUrl\":\"https:\/\/dev.tolio.co.nz\/wp-content\/uploads\/2024\/12\/371.png\",\"datePublished\":\"2024-12-18T05:21:58+00:00\",\"dateModified\":\"2025-09-11T03:59:52+00:00\",\"description\":\"Th\u01b0\u01a1ng hi\u1ec7u: H\u1ea3i Ch\u00e2u Xu\u1ea5t x\u1ee9 th\u01b0\u01a1ng hi\u1ec7u: Vi\u1ec7t Nam Quy c\u00e1ch \u0111\u00f3ng g\u00f3i: G\u00f3i 65g L\u01b0u \u00fd: Bao b\u00ec s\u1ea3n ph\u1ea9m c\u00f3 th\u1ec3 thay \u0111\u1ed5i theo t\u1eebng \u0111\u1ee3t nh\u1eadp h\u00e0ng\",\"breadcrumb\":{\"@id\":\"https:\/\/dev.tolio.co.nz\/san-pham\/set-10-goi-luong-kho-hai-chau-tong-hop-65g\/#breadcrumb\"},\"inLanguage\":\"en-US\",\"potentialAction\":[{\"@type\":\"ReadAction\",\"target\":[\"https:\/\/dev.tolio.co.nz\/san-pham\/set-10-goi-luong-kho-hai-chau-tong-hop-65g\/\"]}]},{\"@type\":\"ImageObject\",\"inLanguage\":\"en-US\",\"@id\":\"https:\/\/dev.tolio.co.nz\/san-pham\/set-10-goi-luong-kho-hai-chau-tong-hop-65g\/#primaryimage\",\"url\":\"https:\/\/dev.tolio.co.nz\/wp-content\/uploads\/2024\/12\/371.png\",\"contentUrl\":\"https:\/\/dev.tolio.co.nz\/wp-content\/uploads\/2024\/12\/371.png\",\"width\":1000,\"height\":907},{\"@type\":\"BreadcrumbList\",\"@id\":\"https:\/\/dev.tolio.co.nz\/san-pham\/set-10-goi-luong-kho-hai-chau-tong-hop-65g\/#breadcrumb\",\"itemListElement\":[{\"@type\":\"ListItem\",\"position\":1,\"name\":\"Home\",\"item\":\"https:\/\/dev.tolio.co.nz\/\"},{\"@type\":\"ListItem\",\"position\":2,\"name\":\"C\u1eeda h\u00e0ng\",\"item\":\"https:\/\/dev.tolio.co.nz\/cua-hang\/\"},{\"@type\":\"ListItem\",\"position\":3,\"name\":\"Set 10 g\u00f3i l\u01b0\u01a1ng kh\u00f4 t\u1ed5ng h\u1ee3p H\u1ea3i Ch\u00e2u 65g\"}]},{\"@type\":\"WebSite\",\"@id\":\"https:\/\/dev.tolio.co.nz\/#website\",\"url\":\"https:\/\/dev.tolio.co.nz\/\",\"name\":\"TOLIO\",\"description\":\"Vietnamese Grocery Online\",\"potentialAction\":[{\"@type\":\"SearchAction\",\"target\":{\"@type\":\"EntryPoint\",\"urlTemplate\":\"https:\/\/dev.tolio.co.nz\/?s={search_term_string}\"},\"query-input\":{\"@type\":\"PropertyValueSpecification\",\"valueRequired\":true,\"valueName\":\"search_term_string\"}}],\"inLanguage\":\"en-US\"}]}<\/script>\n<!-- \/ Yoast SEO plugin. -->","yoast_head_json":{"title":"Set 10 g\u00f3i l\u01b0\u01a1ng kh\u00f4 t\u1ed5ng h\u1ee3p H\u1ea3i Ch\u00e2u 65g - TOLIO","description":"Th\u01b0\u01a1ng hi\u1ec7u: H\u1ea3i Ch\u00e2u  Xu\u1ea5t x\u1ee9 th\u01b0\u01a1ng hi\u1ec7u: Vi\u1ec7t Nam  Quy c\u00e1ch \u0111\u00f3ng g\u00f3i: G\u00f3i 65g  L\u01b0u \u00fd: Bao b\u00ec s\u1ea3n ph\u1ea9m c\u00f3 th\u1ec3 thay \u0111\u1ed5i theo t\u1eebng \u0111\u1ee3t nh\u1eadp h\u00e0ng","robots":{"index":"index","follow":"follow","max-snippet":"max-snippet:-1","max-image-preview":"max-image-preview:large","max-video-preview":"max-video-preview:-1"},"canonical":"https:\/\/dev.tolio.co.nz\/en\/product\/set-of-10-packs-of-hai-chau-mixed-dried-fish-65g\/","og_locale":"en_US","og_type":"article","og_title":"Set 10 g\u00f3i l\u01b0\u01a1ng kh\u00f4 t\u1ed5ng h\u1ee3p H\u1ea3i Ch\u00e2u 65g - TOLIO","og_description":"Th\u01b0\u01a1ng hi\u1ec7u: H\u1ea3i Ch\u00e2u  Xu\u1ea5t x\u1ee9 th\u01b0\u01a1ng hi\u1ec7u: Vi\u1ec7t Nam  Quy c\u00e1ch \u0111\u00f3ng g\u00f3i: G\u00f3i 65g  L\u01b0u \u00fd: Bao b\u00ec s\u1ea3n ph\u1ea9m c\u00f3 th\u1ec3 thay \u0111\u1ed5i theo t\u1eebng \u0111\u1ee3t nh\u1eadp h\u00e0ng","og_url":"https:\/\/dev.tolio.co.nz\/en\/product\/set-of-10-packs-of-hai-chau-mixed-dried-fish-65g\/","og_site_name":"TOLIO","article_modified_time":"2025-09-11T03:59:52+00:00","og_image":[{"width":1000,"height":907,"url":"https:\/\/dev.tolio.co.nz\/wp-content\/uploads\/2024\/12\/371.png","type":"image\/png"}],"twitter_card":"summary_large_image","twitter_misc":{"Est. reading time":"1 minute"},"schema":{"@context":"https:\/\/schema.org","@graph":[{"@type":"WebPage","@id":"https:\/\/dev.tolio.co.nz\/san-pham\/set-10-goi-luong-kho-hai-chau-tong-hop-65g\/","url":"https:\/\/dev.tolio.co.nz\/san-pham\/set-10-goi-luong-kho-hai-chau-tong-hop-65g\/","name":"Set 10 g\u00f3i l\u01b0\u01a1ng kh\u00f4 t\u1ed5ng h\u1ee3p H\u1ea3i Ch\u00e2u 65g - TOLIO","isPartOf":{"@id":"https:\/\/dev.tolio.co.nz\/#website"},"primaryImageOfPage":{"@id":"https:\/\/dev.tolio.co.nz\/san-pham\/set-10-goi-luong-kho-hai-chau-tong-hop-65g\/#primaryimage"},"image":{"@id":"https:\/\/dev.tolio.co.nz\/san-pham\/set-10-goi-luong-kho-hai-chau-tong-hop-65g\/#primaryimage"},"thumbnailUrl":"https:\/\/dev.tolio.co.nz\/wp-content\/uploads\/2024\/12\/371.png","datePublished":"2024-12-18T05:21:58+00:00","dateModified":"2025-09-11T03:59:52+00:00","description":"Th\u01b0\u01a1ng hi\u1ec7u: H\u1ea3i Ch\u00e2u Xu\u1ea5t x\u1ee9 th\u01b0\u01a1ng hi\u1ec7u: Vi\u1ec7t Nam Quy c\u00e1ch \u0111\u00f3ng g\u00f3i: G\u00f3i 65g L\u01b0u \u00fd: Bao b\u00ec s\u1ea3n ph\u1ea9m c\u00f3 th\u1ec3 thay \u0111\u1ed5i theo t\u1eebng \u0111\u1ee3t nh\u1eadp h\u00e0ng","breadcrumb":{"@id":"https:\/\/dev.tolio.co.nz\/san-pham\/set-10-goi-luong-kho-hai-chau-tong-hop-65g\/#breadcrumb"},"inLanguage":"en-US","potentialAction":[{"@type":"ReadAction","target":["https:\/\/dev.tolio.co.nz\/san-pham\/set-10-goi-luong-kho-hai-chau-tong-hop-65g\/"]}]},{"@type":"ImageObject","inLanguage":"en-US","@id":"https:\/\/dev.tolio.co.nz\/san-pham\/set-10-goi-luong-kho-hai-chau-tong-hop-65g\/#primaryimage","url":"https:\/\/dev.tolio.co.nz\/wp-content\/uploads\/2024\/12\/371.png","contentUrl":"https:\/\/dev.tolio.co.nz\/wp-content\/uploads\/2024\/12\/371.png","width":1000,"height":907},{"@type":"BreadcrumbList","@id":"https:\/\/dev.tolio.co.nz\/san-pham\/set-10-goi-luong-kho-hai-chau-tong-hop-65g\/#breadcrumb","itemListElement":[{"@type":"ListItem","position":1,"name":"Home","item":"https:\/\/dev.tolio.co.nz\/"},{"@type":"ListItem","position":2,"name":"C\u1eeda h\u00e0ng","item":"https:\/\/dev.tolio.co.nz\/cua-hang\/"},{"@type":"ListItem","position":3,"name":"Set 10 g\u00f3i l\u01b0\u01a1ng kh\u00f4 t\u1ed5ng h\u1ee3p H\u1ea3i Ch\u00e2u 65g"}]},{"@type":"WebSite","@id":"https:\/\/dev.tolio.co.nz\/#website","url":"https:\/\/dev.tolio.co.nz\/","name":"TOLIO","description":"Vietnamese Grocery Online","potentialAction":[{"@type":"SearchAction","target":{"@type":"EntryPoint","urlTemplate":"https:\/\/dev.tolio.co.nz\/?s={search_term_string}"},"query-input":{"@type":"PropertyValueSpecification","valueRequired":true,"valueName":"search_term_string"}}],"inLanguage":"en-US"}]}},"_links":{"self":[{"href":"https:\/\/dev.tolio.co.nz\/en\/wp-json\/wp\/v2\/product\/22854","targetHints":{"allow":["GET"]}}],"collection":[{"href":"https:\/\/dev.tolio.co.nz\/en\/wp-json\/wp\/v2\/product"}],"about":[{"href":"https:\/\/dev.tolio.co.nz\/en\/wp-json\/wp\/v2\/types\/product"}],"replies":[{"embeddable":true,"href":"https:\/\/dev.tolio.co.nz\/en\/wp-json\/wp\/v2\/comments?post=22854"}],"wp:featuredmedia":[{"embeddable":true,"href":"https:\/\/dev.tolio.co.nz\/en\/wp-json\/wp\/v2\/media\/22855"}],"wp:attachment":[{"href":"https:\/\/dev.tolio.co.nz\/en\/wp-json\/wp\/v2\/media?parent=22854"}],"wp:term":[{"taxonomy":"product_brand","embeddable":true,"href":"https:\/\/dev.tolio.co.nz\/en\/wp-json\/wp\/v2\/product_brand?post=22854"},{"taxonomy":"product_cat","embeddable":true,"href":"https:\/\/dev.tolio.co.nz\/en\/wp-json\/wp\/v2\/product_cat?post=22854"},{"taxonomy":"product_tag","embeddable":true,"href":"https:\/\/dev.tolio.co.nz\/en\/wp-json\/wp\/v2\/product_tag?post=22854"}],"curies":[{"name":"wp","href":"https:\/\/api.w.org\/{rel}","templated":true}]}}