{"id":24651,"date":"2025-03-24T05:56:52","date_gmt":"2025-03-23T17:56:52","guid":{"rendered":"https:\/\/tolio.co.nz\/?post_type=product&#038;p=24651"},"modified":"2025-09-11T16:00:48","modified_gmt":"2025-09-11T04:00:48","slug":"dau-goi-sach-gau-clear-bac-ha-mat-lanh-chai-880g","status":"publish","type":"product","link":"https:\/\/dev.tolio.co.nz\/en\/product\/clear-cayenne-pepper-cold-mat-shampoo-880g-bottle\/","title":{"rendered":"D\u1ea7u g\u1ed9i s\u1ea1ch g\u00e0u Clear b\u1ea1c h\u00e0 m\u00e1t l\u1ea1nh chai 880g"},"content":{"rendered":"<p><strong>D\u1ea7u g\u1ed9i s\u1ea1ch g\u00e0u Clear b\u1ea1c h\u00e0 m\u00e1t l\u1ea1nh chai 880g<\/strong> v\u1edbi c\u00f4ng th\u1ee9c 3X s\u1ee9c m\u1ea1nh gi\u00fap \u0111\u00e1nh bay g\u00e0u, ng\u1ee9a v\u00e0 vi khu\u1ea9n. V\u1edbi kh\u1ea3 n\u0103ng th\u1ea9m th\u1ea5u nhanh v\u00e0 s\u00e2u trong da \u0111\u1ea7u nh\u1edd vitamin B3 c\u00f9ng glycerin. D\u1ea7u g\u1ed9i s\u1ea1ch g\u00e0u Clear b\u1ea1c h\u00e0 m\u00e1t l\u1ea1nh nu\u00f4i d\u01b0\u1ee1ng da \u0111\u1ea7u hi\u1ec7u qu\u1ea3, s\u1ea1ch g\u00e0u, kh\u00f4ng g\u00e2y c\u1ea3m gi\u00e1c kh\u00f4 cho da \u0111\u1ea7u. \u0110\u1eb7c bi\u1ec7t h\u01a1n, d\u1ea7u g\u1ed9i s\u1ea1ch g\u00e0u Clear b\u1ea1c h\u00e0 m\u00e1t l\u1ea1nh \u0111em l\u1ea1i c\u1ea3m gi\u00e1c m\u00e1t l\u1ea1nh c\u00f9ng h\u01b0\u01a1ng th\u01a1m t\u01b0\u01a1i m\u00e1t ngay l\u1ea7n \u0111\u1ea7u s\u1eed d\u1ee5ng v\u1edbi hi\u1ec7u qu\u1ea3 s\u1ea1ch g\u00e0u, nh\u1eddn v\u1edbi hi\u1ec7u qu\u1ea3 tr\u00f4ng th\u1ea5y.<\/p>\n<p><strong>H\u01b0\u1edbng d\u1eabn s\u1eed d\u1ee5ng:<\/strong><\/p>\n<ul>\n<li>L\u00e0m \u01b0\u1edbt t\u00f3c, l\u1ea5y m\u1ed9t l\u01b0\u1ee3ng d\u1ea7u g\u1ed9i v\u1eeba \u0111\u1ee7 t\u1ea1o b\u1ecdt v\u00e0 xoa nh\u1eb9 nh\u00e0ng l\u00ean t\u00f3c v\u00e0 da \u0111\u1ea7u, m\u00e1t-xa v\u00e0 x\u1ea3 s\u1ea1ch l\u1ea1i v\u1edbi n\u01b0\u1edbc<\/li>\n<\/ul>\n<p><strong>B\u1ea3o qu\u1ea3n:<\/strong><\/p>\n<ul>\n<li>\u00a0\u0110\u1ec3 xa t\u1ea7m tay tr\u1ebb em. Tr\u00e1nh \u0111\u1ec3 s\u1ea3n ph\u1ea9m d\u00ednh v\u00e0o m\u1eaft. N\u1ebfu d\u00ednh v\u00e0o m\u1eaft h\u00e3y r\u1eeda s\u1ea1ch v\u1edbi n\u01b0\u1edbc<\/li>\n<li>Tr\u00e1nh nhi\u1ec7t \u0111\u1ed9 cao v\u00e0 \u00e1nh n\u1eafng tr\u1ef1c ti\u1ebfp<\/li>\n<\/ul>\n<p><strong>H\u1ea1n s\u1eed d\u1ee5ng:<\/strong> 03 n\u0103m k\u1ec3 t\u1eeb ng\u00e0y s\u1ea3n xu\u1ea5t<\/p>","protected":false},"excerpt":{"rendered":"<ul>\n<li>Th\u01b0\u01a1ng hi\u1ec7u: Clear<\/li>\n<li>Xu\u1ea5t x\u1ee9 th\u01b0\u01a1ng hi\u1ec7u: Vi\u1ec7t Nam<\/li>\n<li>Quy c\u00e1ch \u0111\u00f3ng g\u00f3i: chai 880g<\/li>\n<li>L\u01b0u \u00fd: Bao b\u00ec s\u1ea3n ph\u1ea9m c\u00f3 th\u1ec3 thay \u0111\u1ed5i theo t\u1eebng \u0111\u1ee3t nh\u1eadp h\u00e0ng<\/li>\n<\/ul>","protected":false},"featured_media":24652,"comment_status":"open","ping_status":"closed","template":"","meta":[],"product_brand":[],"product_cat":[49,31],"product_tag":[216,1123],"class_list":{"0":"post-24651","1":"product","2":"type-product","3":"status-publish","4":"has-post-thumbnail","6":"product_cat-non-food","7":"product_cat-hang-moi-ve","8":"product_tag-dau-goi","9":"product_tag-dau-goi-clear","10":"pa_thuong-hieu-clear","12":"first","13":"outofstock","14":"shipping-taxable","15":"purchasable","16":"product-type-simple"},"yoast_head":"<!-- This site is optimized with the Yoast SEO plugin v24.4 - https:\/\/yoast.com\/wordpress\/plugins\/seo\/ -->\n<title>D\u1ea7u g\u1ed9i s\u1ea1ch g\u00e0u Clear b\u1ea1c h\u00e0 m\u00e1t l\u1ea1nh chai 880g - TOLIO<\/title>\n<meta name=\"description\" content=\"Th\u01b0\u01a1ng hi\u1ec7u: Clear  Xu\u1ea5t x\u1ee9 th\u01b0\u01a1ng hi\u1ec7u: Vi\u1ec7t Nam  Quy c\u00e1ch \u0111\u00f3ng g\u00f3i: chai 880g  L\u01b0u \u00fd: Bao b\u00ec s\u1ea3n ph\u1ea9m c\u00f3 th\u1ec3 thay \u0111\u1ed5i theo t\u1eebng \u0111\u1ee3t nh\u1eadp h\u00e0ng\" \/>\n<meta name=\"robots\" content=\"index, follow, max-snippet:-1, max-image-preview:large, max-video-preview:-1\" \/>\n<link rel=\"canonical\" href=\"https:\/\/dev.tolio.co.nz\/en\/product\/clear-cayenne-pepper-cold-mat-shampoo-880g-bottle\/\" \/>\n<meta property=\"og:locale\" content=\"en_US\" \/>\n<meta property=\"og:type\" content=\"article\" \/>\n<meta property=\"og:title\" content=\"D\u1ea7u g\u1ed9i s\u1ea1ch g\u00e0u Clear b\u1ea1c h\u00e0 m\u00e1t l\u1ea1nh chai 880g - TOLIO\" \/>\n<meta property=\"og:description\" content=\"Th\u01b0\u01a1ng hi\u1ec7u: Clear  Xu\u1ea5t x\u1ee9 th\u01b0\u01a1ng hi\u1ec7u: Vi\u1ec7t Nam  Quy c\u00e1ch \u0111\u00f3ng g\u00f3i: chai 880g  L\u01b0u \u00fd: Bao b\u00ec s\u1ea3n ph\u1ea9m c\u00f3 th\u1ec3 thay \u0111\u1ed5i theo t\u1eebng \u0111\u1ee3t nh\u1eadp h\u00e0ng\" \/>\n<meta property=\"og:url\" content=\"https:\/\/dev.tolio.co.nz\/en\/product\/clear-cayenne-pepper-cold-mat-shampoo-880g-bottle\/\" \/>\n<meta property=\"og:site_name\" content=\"TOLIO\" \/>\n<meta property=\"article:modified_time\" content=\"2025-09-11T04:00:48+00:00\" \/>\n<meta property=\"og:image\" content=\"https:\/\/dev.tolio.co.nz\/wp-content\/uploads\/2025\/03\/119.png\" \/>\n\t<meta property=\"og:image:width\" content=\"1000\" \/>\n\t<meta property=\"og:image:height\" content=\"907\" \/>\n\t<meta property=\"og:image:type\" content=\"image\/png\" \/>\n<meta name=\"twitter:card\" content=\"summary_large_image\" \/>\n<meta name=\"twitter:label1\" content=\"Est. reading time\" \/>\n\t<meta name=\"twitter:data1\" content=\"1 minute\" \/>\n<script type=\"application\/ld+json\" class=\"yoast-schema-graph\">{\"@context\":\"https:\/\/schema.org\",\"@graph\":[{\"@type\":\"WebPage\",\"@id\":\"https:\/\/dev.tolio.co.nz\/san-pham\/dau-goi-sach-gau-clear-bac-ha-mat-lanh-chai-880g\/\",\"url\":\"https:\/\/dev.tolio.co.nz\/san-pham\/dau-goi-sach-gau-clear-bac-ha-mat-lanh-chai-880g\/\",\"name\":\"D\u1ea7u g\u1ed9i s\u1ea1ch g\u00e0u Clear b\u1ea1c h\u00e0 m\u00e1t l\u1ea1nh chai 880g - TOLIO\",\"isPartOf\":{\"@id\":\"https:\/\/dev.tolio.co.nz\/#website\"},\"primaryImageOfPage\":{\"@id\":\"https:\/\/dev.tolio.co.nz\/san-pham\/dau-goi-sach-gau-clear-bac-ha-mat-lanh-chai-880g\/#primaryimage\"},\"image\":{\"@id\":\"https:\/\/dev.tolio.co.nz\/san-pham\/dau-goi-sach-gau-clear-bac-ha-mat-lanh-chai-880g\/#primaryimage\"},\"thumbnailUrl\":\"https:\/\/dev.tolio.co.nz\/wp-content\/uploads\/2025\/03\/119.png\",\"datePublished\":\"2025-03-23T17:56:52+00:00\",\"dateModified\":\"2025-09-11T04:00:48+00:00\",\"description\":\"Th\u01b0\u01a1ng hi\u1ec7u: Clear Xu\u1ea5t x\u1ee9 th\u01b0\u01a1ng hi\u1ec7u: Vi\u1ec7t Nam Quy c\u00e1ch \u0111\u00f3ng g\u00f3i: chai 880g L\u01b0u \u00fd: Bao b\u00ec s\u1ea3n ph\u1ea9m c\u00f3 th\u1ec3 thay \u0111\u1ed5i theo t\u1eebng \u0111\u1ee3t nh\u1eadp h\u00e0ng\",\"breadcrumb\":{\"@id\":\"https:\/\/dev.tolio.co.nz\/san-pham\/dau-goi-sach-gau-clear-bac-ha-mat-lanh-chai-880g\/#breadcrumb\"},\"inLanguage\":\"en-US\",\"potentialAction\":[{\"@type\":\"ReadAction\",\"target\":[\"https:\/\/dev.tolio.co.nz\/san-pham\/dau-goi-sach-gau-clear-bac-ha-mat-lanh-chai-880g\/\"]}]},{\"@type\":\"ImageObject\",\"inLanguage\":\"en-US\",\"@id\":\"https:\/\/dev.tolio.co.nz\/san-pham\/dau-goi-sach-gau-clear-bac-ha-mat-lanh-chai-880g\/#primaryimage\",\"url\":\"https:\/\/dev.tolio.co.nz\/wp-content\/uploads\/2025\/03\/119.png\",\"contentUrl\":\"https:\/\/dev.tolio.co.nz\/wp-content\/uploads\/2025\/03\/119.png\",\"width\":1000,\"height\":907},{\"@type\":\"BreadcrumbList\",\"@id\":\"https:\/\/dev.tolio.co.nz\/san-pham\/dau-goi-sach-gau-clear-bac-ha-mat-lanh-chai-880g\/#breadcrumb\",\"itemListElement\":[{\"@type\":\"ListItem\",\"position\":1,\"name\":\"Home\",\"item\":\"https:\/\/dev.tolio.co.nz\/\"},{\"@type\":\"ListItem\",\"position\":2,\"name\":\"C\u1eeda h\u00e0ng\",\"item\":\"https:\/\/dev.tolio.co.nz\/cua-hang\/\"},{\"@type\":\"ListItem\",\"position\":3,\"name\":\"D\u1ea7u g\u1ed9i s\u1ea1ch g\u00e0u Clear b\u1ea1c h\u00e0 m\u00e1t l\u1ea1nh chai 880g\"}]},{\"@type\":\"WebSite\",\"@id\":\"https:\/\/dev.tolio.co.nz\/#website\",\"url\":\"https:\/\/dev.tolio.co.nz\/\",\"name\":\"TOLIO\",\"description\":\"Vietnamese Grocery Online\",\"potentialAction\":[{\"@type\":\"SearchAction\",\"target\":{\"@type\":\"EntryPoint\",\"urlTemplate\":\"https:\/\/dev.tolio.co.nz\/?s={search_term_string}\"},\"query-input\":{\"@type\":\"PropertyValueSpecification\",\"valueRequired\":true,\"valueName\":\"search_term_string\"}}],\"inLanguage\":\"en-US\"}]}<\/script>\n<!-- \/ Yoast SEO plugin. -->","yoast_head_json":{"title":"D\u1ea7u g\u1ed9i s\u1ea1ch g\u00e0u Clear b\u1ea1c h\u00e0 m\u00e1t l\u1ea1nh chai 880g - TOLIO","description":"Th\u01b0\u01a1ng hi\u1ec7u: Clear  Xu\u1ea5t x\u1ee9 th\u01b0\u01a1ng hi\u1ec7u: Vi\u1ec7t Nam  Quy c\u00e1ch \u0111\u00f3ng g\u00f3i: chai 880g  L\u01b0u \u00fd: Bao b\u00ec s\u1ea3n ph\u1ea9m c\u00f3 th\u1ec3 thay \u0111\u1ed5i theo t\u1eebng \u0111\u1ee3t nh\u1eadp h\u00e0ng","robots":{"index":"index","follow":"follow","max-snippet":"max-snippet:-1","max-image-preview":"max-image-preview:large","max-video-preview":"max-video-preview:-1"},"canonical":"https:\/\/dev.tolio.co.nz\/en\/product\/clear-cayenne-pepper-cold-mat-shampoo-880g-bottle\/","og_locale":"en_US","og_type":"article","og_title":"D\u1ea7u g\u1ed9i s\u1ea1ch g\u00e0u Clear b\u1ea1c h\u00e0 m\u00e1t l\u1ea1nh chai 880g - TOLIO","og_description":"Th\u01b0\u01a1ng hi\u1ec7u: Clear  Xu\u1ea5t x\u1ee9 th\u01b0\u01a1ng hi\u1ec7u: Vi\u1ec7t Nam  Quy c\u00e1ch \u0111\u00f3ng g\u00f3i: chai 880g  L\u01b0u \u00fd: Bao b\u00ec s\u1ea3n ph\u1ea9m c\u00f3 th\u1ec3 thay \u0111\u1ed5i theo t\u1eebng \u0111\u1ee3t nh\u1eadp h\u00e0ng","og_url":"https:\/\/dev.tolio.co.nz\/en\/product\/clear-cayenne-pepper-cold-mat-shampoo-880g-bottle\/","og_site_name":"TOLIO","article_modified_time":"2025-09-11T04:00:48+00:00","og_image":[{"width":1000,"height":907,"url":"https:\/\/dev.tolio.co.nz\/wp-content\/uploads\/2025\/03\/119.png","type":"image\/png"}],"twitter_card":"summary_large_image","twitter_misc":{"Est. reading time":"1 minute"},"schema":{"@context":"https:\/\/schema.org","@graph":[{"@type":"WebPage","@id":"https:\/\/dev.tolio.co.nz\/san-pham\/dau-goi-sach-gau-clear-bac-ha-mat-lanh-chai-880g\/","url":"https:\/\/dev.tolio.co.nz\/san-pham\/dau-goi-sach-gau-clear-bac-ha-mat-lanh-chai-880g\/","name":"D\u1ea7u g\u1ed9i s\u1ea1ch g\u00e0u Clear b\u1ea1c h\u00e0 m\u00e1t l\u1ea1nh chai 880g - TOLIO","isPartOf":{"@id":"https:\/\/dev.tolio.co.nz\/#website"},"primaryImageOfPage":{"@id":"https:\/\/dev.tolio.co.nz\/san-pham\/dau-goi-sach-gau-clear-bac-ha-mat-lanh-chai-880g\/#primaryimage"},"image":{"@id":"https:\/\/dev.tolio.co.nz\/san-pham\/dau-goi-sach-gau-clear-bac-ha-mat-lanh-chai-880g\/#primaryimage"},"thumbnailUrl":"https:\/\/dev.tolio.co.nz\/wp-content\/uploads\/2025\/03\/119.png","datePublished":"2025-03-23T17:56:52+00:00","dateModified":"2025-09-11T04:00:48+00:00","description":"Th\u01b0\u01a1ng hi\u1ec7u: Clear Xu\u1ea5t x\u1ee9 th\u01b0\u01a1ng hi\u1ec7u: Vi\u1ec7t Nam Quy c\u00e1ch \u0111\u00f3ng g\u00f3i: chai 880g L\u01b0u \u00fd: Bao b\u00ec s\u1ea3n ph\u1ea9m c\u00f3 th\u1ec3 thay \u0111\u1ed5i theo t\u1eebng \u0111\u1ee3t nh\u1eadp h\u00e0ng","breadcrumb":{"@id":"https:\/\/dev.tolio.co.nz\/san-pham\/dau-goi-sach-gau-clear-bac-ha-mat-lanh-chai-880g\/#breadcrumb"},"inLanguage":"en-US","potentialAction":[{"@type":"ReadAction","target":["https:\/\/dev.tolio.co.nz\/san-pham\/dau-goi-sach-gau-clear-bac-ha-mat-lanh-chai-880g\/"]}]},{"@type":"ImageObject","inLanguage":"en-US","@id":"https:\/\/dev.tolio.co.nz\/san-pham\/dau-goi-sach-gau-clear-bac-ha-mat-lanh-chai-880g\/#primaryimage","url":"https:\/\/dev.tolio.co.nz\/wp-content\/uploads\/2025\/03\/119.png","contentUrl":"https:\/\/dev.tolio.co.nz\/wp-content\/uploads\/2025\/03\/119.png","width":1000,"height":907},{"@type":"BreadcrumbList","@id":"https:\/\/dev.tolio.co.nz\/san-pham\/dau-goi-sach-gau-clear-bac-ha-mat-lanh-chai-880g\/#breadcrumb","itemListElement":[{"@type":"ListItem","position":1,"name":"Home","item":"https:\/\/dev.tolio.co.nz\/"},{"@type":"ListItem","position":2,"name":"C\u1eeda h\u00e0ng","item":"https:\/\/dev.tolio.co.nz\/cua-hang\/"},{"@type":"ListItem","position":3,"name":"D\u1ea7u g\u1ed9i s\u1ea1ch g\u00e0u Clear b\u1ea1c h\u00e0 m\u00e1t l\u1ea1nh chai 880g"}]},{"@type":"WebSite","@id":"https:\/\/dev.tolio.co.nz\/#website","url":"https:\/\/dev.tolio.co.nz\/","name":"TOLIO","description":"Vietnamese Grocery Online","potentialAction":[{"@type":"SearchAction","target":{"@type":"EntryPoint","urlTemplate":"https:\/\/dev.tolio.co.nz\/?s={search_term_string}"},"query-input":{"@type":"PropertyValueSpecification","valueRequired":true,"valueName":"search_term_string"}}],"inLanguage":"en-US"}]}},"_links":{"self":[{"href":"https:\/\/dev.tolio.co.nz\/en\/wp-json\/wp\/v2\/product\/24651","targetHints":{"allow":["GET"]}}],"collection":[{"href":"https:\/\/dev.tolio.co.nz\/en\/wp-json\/wp\/v2\/product"}],"about":[{"href":"https:\/\/dev.tolio.co.nz\/en\/wp-json\/wp\/v2\/types\/product"}],"replies":[{"embeddable":true,"href":"https:\/\/dev.tolio.co.nz\/en\/wp-json\/wp\/v2\/comments?post=24651"}],"wp:featuredmedia":[{"embeddable":true,"href":"https:\/\/dev.tolio.co.nz\/en\/wp-json\/wp\/v2\/media\/24652"}],"wp:attachment":[{"href":"https:\/\/dev.tolio.co.nz\/en\/wp-json\/wp\/v2\/media?parent=24651"}],"wp:term":[{"taxonomy":"product_brand","embeddable":true,"href":"https:\/\/dev.tolio.co.nz\/en\/wp-json\/wp\/v2\/product_brand?post=24651"},{"taxonomy":"product_cat","embeddable":true,"href":"https:\/\/dev.tolio.co.nz\/en\/wp-json\/wp\/v2\/product_cat?post=24651"},{"taxonomy":"product_tag","embeddable":true,"href":"https:\/\/dev.tolio.co.nz\/en\/wp-json\/wp\/v2\/product_tag?post=24651"}],"curies":[{"name":"wp","href":"https:\/\/api.w.org\/{rel}","templated":true}]}}