{"id":24655,"date":"2025-03-24T06:04:32","date_gmt":"2025-03-23T18:04:32","guid":{"rendered":"https:\/\/tolio.co.nz\/?post_type=product&#038;p=24655"},"modified":"2025-09-11T16:00:48","modified_gmt":"2025-09-11T04:00:48","slug":"dau-goi-sunsilk-ong-muot-rang-ngoi-chai-900g","status":"publish","type":"product","link":"https:\/\/dev.tolio.co.nz\/en\/product\/sunsilk-honey-shampoo-900g-bottle-2\/","title":{"rendered":"D\u1ea7u g\u1ed9i Sunsilk \u00f3ng m\u01b0\u1ee3t r\u1ea1ng ng\u1eddi chai 900g"},"content":{"rendered":"<p><strong>D\u1ea7u g\u1ed9i Sunsilk \u00f3ng m\u01b0\u1ee3t r\u1ea1ng ng\u1eddi chai 900g<\/strong>\u00a0s\u1edf h\u1eefu tuy\u1ec7t chi\u00eau l\u00e0 h\u1ec7 d\u01b0\u1ee1ng ch\u1ea5t k\u1ebft h\u1ee3p Active Infusion, h\u00f2a quy\u1ec7n c\u1ee7a b\u1ed9 3 nguy\u00ean li\u1ec7u nu\u00f4i d\u01b0\u1ee1ng m\u00e1i t\u00f3c \u00f3ng m\u01b0\u1ee3t r\u1ea1ng ng\u1eddi bao g\u1ed3m: tinh ch\u1ea5t b\u1ed3 k\u1ebft, d\u1ea7u h\u1ea1nh nh\u00e2n, protein g\u1ea1o \u0111en v\u00e0 vitamin E. D\u1ea7u g\u1ed9i Sunsilk \u00f3ng m\u01b0\u1ee3t r\u1ea1ng ng\u1eddi gi\u00fap m\u00e1i t\u00f3c tr\u00f4ng d\u00e0y, \u00f3ng \u1ea3, h\u1ea1n ch\u1ebf t\u00ecnh tr\u1ea1ng x\u01a1 r\u1ed1i t\u00f3c v\u00e0 kh\u00f3a \u1ea9m gi\u00fap t\u00f3c lu\u00f4n lu\u00f4n su\u00f4n m\u1ec1m<\/p>\n<p><strong>H\u01b0\u1edbng d\u1eabn s\u1eed d\u1ee5ng:<\/strong><\/p>\n<ul>\n<li>L\u00e0m \u01b0\u1edbt t\u00f3c, l\u1ea5y m\u1ed9t l\u01b0\u1ee3ng d\u1ea7u g\u1ed9i v\u1eeba \u0111\u1ee7 t\u1ea1o b\u1ecdt v\u00e0 xoa nh\u1eb9 nh\u00e0ng l\u00ean t\u00f3c v\u00e0 da \u0111\u1ea7u, m\u00e1t-xa v\u00e0 x\u1ea3 s\u1ea1ch l\u1ea1i v\u1edbi n\u01b0\u1edbc<\/li>\n<\/ul>\n<p><strong>B\u1ea3o qu\u1ea3n:<\/strong><\/p>\n<ul>\n<li>\u00a0\u0110\u1ec3 xa t\u1ea7m tay tr\u1ebb em. Tr\u00e1nh \u0111\u1ec3 s\u1ea3n ph\u1ea9m d\u00ednh v\u00e0o m\u1eaft. N\u1ebfu d\u00ednh v\u00e0o m\u1eaft h\u00e3y r\u1eeda s\u1ea1ch v\u1edbi n\u01b0\u1edbc<\/li>\n<li>Tr\u00e1nh nhi\u1ec7t \u0111\u1ed9 cao v\u00e0 \u00e1nh n\u1eafng tr\u1ef1c ti\u1ebfp<\/li>\n<\/ul>\n<p><strong>H\u1ea1n s\u1eed d\u1ee5ng:<\/strong> 03 n\u0103m k\u1ec3 t\u1eeb ng\u00e0y s\u1ea3n xu\u1ea5t<\/p>","protected":false},"excerpt":{"rendered":"<ul>\n<li>Th\u01b0\u01a1ng hi\u1ec7u: Sunsilk<\/li>\n<li>Xu\u1ea5t x\u1ee9 th\u01b0\u01a1ng hi\u1ec7u: Vi\u1ec7t Nam<\/li>\n<li>Quy c\u00e1ch \u0111\u00f3ng g\u00f3i: chai 900g<\/li>\n<li>L\u01b0u \u00fd: Bao b\u00ec s\u1ea3n ph\u1ea9m c\u00f3 th\u1ec3 thay \u0111\u1ed5i theo t\u1eebng \u0111\u1ee3t nh\u1eadp h\u00e0ng<\/li>\n<\/ul>","protected":false},"featured_media":24656,"comment_status":"open","ping_status":"closed","template":"","meta":[],"product_brand":[],"product_cat":[49,31],"product_tag":[216,1125],"class_list":{"0":"post-24655","1":"product","2":"type-product","3":"status-publish","4":"has-post-thumbnail","6":"product_cat-non-food","7":"product_cat-hang-moi-ve","8":"product_tag-dau-goi","9":"product_tag-dau-goi-sunsilk","10":"pa_thuong-hieu-sunsilk","12":"first","13":"instock","14":"shipping-taxable","15":"purchasable","16":"product-type-simple"},"yoast_head":"<!-- This site is optimized with the Yoast SEO plugin v24.4 - https:\/\/yoast.com\/wordpress\/plugins\/seo\/ -->\n<title>D\u1ea7u g\u1ed9i Sunsilk \u00f3ng m\u01b0\u1ee3t r\u1ea1ng ng\u1eddi chai 900g - TOLIO<\/title>\n<meta name=\"description\" content=\"Th\u01b0\u01a1ng hi\u1ec7u: Sunsilk  Xu\u1ea5t x\u1ee9 th\u01b0\u01a1ng hi\u1ec7u: Vi\u1ec7t Nam  Quy c\u00e1ch \u0111\u00f3ng g\u00f3i: chai 900g  L\u01b0u \u00fd: Bao b\u00ec s\u1ea3n ph\u1ea9m c\u00f3 th\u1ec3 thay \u0111\u1ed5i theo t\u1eebng \u0111\u1ee3t nh\u1eadp h\u00e0ng\" \/>\n<meta name=\"robots\" content=\"index, follow, max-snippet:-1, max-image-preview:large, max-video-preview:-1\" \/>\n<link rel=\"canonical\" href=\"https:\/\/dev.tolio.co.nz\/en\/product\/sunsilk-honey-shampoo-900g-bottle-2\/\" \/>\n<meta property=\"og:locale\" content=\"en_US\" \/>\n<meta property=\"og:type\" content=\"article\" \/>\n<meta property=\"og:title\" content=\"D\u1ea7u g\u1ed9i Sunsilk \u00f3ng m\u01b0\u1ee3t r\u1ea1ng ng\u1eddi chai 900g - TOLIO\" \/>\n<meta property=\"og:description\" content=\"Th\u01b0\u01a1ng hi\u1ec7u: Sunsilk  Xu\u1ea5t x\u1ee9 th\u01b0\u01a1ng hi\u1ec7u: Vi\u1ec7t Nam  Quy c\u00e1ch \u0111\u00f3ng g\u00f3i: chai 900g  L\u01b0u \u00fd: Bao b\u00ec s\u1ea3n ph\u1ea9m c\u00f3 th\u1ec3 thay \u0111\u1ed5i theo t\u1eebng \u0111\u1ee3t nh\u1eadp h\u00e0ng\" \/>\n<meta property=\"og:url\" content=\"https:\/\/dev.tolio.co.nz\/en\/product\/sunsilk-honey-shampoo-900g-bottle-2\/\" \/>\n<meta property=\"og:site_name\" content=\"TOLIO\" \/>\n<meta property=\"article:modified_time\" content=\"2025-09-11T04:00:48+00:00\" \/>\n<meta property=\"og:image\" content=\"https:\/\/dev.tolio.co.nz\/wp-content\/uploads\/2025\/03\/122.png\" \/>\n\t<meta property=\"og:image:width\" content=\"1000\" \/>\n\t<meta property=\"og:image:height\" content=\"907\" \/>\n\t<meta property=\"og:image:type\" content=\"image\/png\" \/>\n<meta name=\"twitter:card\" content=\"summary_large_image\" \/>\n<meta name=\"twitter:label1\" content=\"Est. reading time\" \/>\n\t<meta name=\"twitter:data1\" content=\"1 minute\" \/>\n<script type=\"application\/ld+json\" class=\"yoast-schema-graph\">{\"@context\":\"https:\/\/schema.org\",\"@graph\":[{\"@type\":\"WebPage\",\"@id\":\"https:\/\/dev.tolio.co.nz\/san-pham\/dau-goi-sunsilk-ong-muot-rang-ngoi-chai-900g\/\",\"url\":\"https:\/\/dev.tolio.co.nz\/san-pham\/dau-goi-sunsilk-ong-muot-rang-ngoi-chai-900g\/\",\"name\":\"D\u1ea7u g\u1ed9i Sunsilk \u00f3ng m\u01b0\u1ee3t r\u1ea1ng ng\u1eddi chai 900g - TOLIO\",\"isPartOf\":{\"@id\":\"https:\/\/dev.tolio.co.nz\/#website\"},\"primaryImageOfPage\":{\"@id\":\"https:\/\/dev.tolio.co.nz\/san-pham\/dau-goi-sunsilk-ong-muot-rang-ngoi-chai-900g\/#primaryimage\"},\"image\":{\"@id\":\"https:\/\/dev.tolio.co.nz\/san-pham\/dau-goi-sunsilk-ong-muot-rang-ngoi-chai-900g\/#primaryimage\"},\"thumbnailUrl\":\"https:\/\/dev.tolio.co.nz\/wp-content\/uploads\/2025\/03\/122.png\",\"datePublished\":\"2025-03-23T18:04:32+00:00\",\"dateModified\":\"2025-09-11T04:00:48+00:00\",\"description\":\"Th\u01b0\u01a1ng hi\u1ec7u: Sunsilk Xu\u1ea5t x\u1ee9 th\u01b0\u01a1ng hi\u1ec7u: Vi\u1ec7t Nam Quy c\u00e1ch \u0111\u00f3ng g\u00f3i: chai 900g L\u01b0u \u00fd: Bao b\u00ec s\u1ea3n ph\u1ea9m c\u00f3 th\u1ec3 thay \u0111\u1ed5i theo t\u1eebng \u0111\u1ee3t nh\u1eadp h\u00e0ng\",\"breadcrumb\":{\"@id\":\"https:\/\/dev.tolio.co.nz\/san-pham\/dau-goi-sunsilk-ong-muot-rang-ngoi-chai-900g\/#breadcrumb\"},\"inLanguage\":\"en-US\",\"potentialAction\":[{\"@type\":\"ReadAction\",\"target\":[\"https:\/\/dev.tolio.co.nz\/san-pham\/dau-goi-sunsilk-ong-muot-rang-ngoi-chai-900g\/\"]}]},{\"@type\":\"ImageObject\",\"inLanguage\":\"en-US\",\"@id\":\"https:\/\/dev.tolio.co.nz\/san-pham\/dau-goi-sunsilk-ong-muot-rang-ngoi-chai-900g\/#primaryimage\",\"url\":\"https:\/\/dev.tolio.co.nz\/wp-content\/uploads\/2025\/03\/122.png\",\"contentUrl\":\"https:\/\/dev.tolio.co.nz\/wp-content\/uploads\/2025\/03\/122.png\",\"width\":1000,\"height\":907},{\"@type\":\"BreadcrumbList\",\"@id\":\"https:\/\/dev.tolio.co.nz\/san-pham\/dau-goi-sunsilk-ong-muot-rang-ngoi-chai-900g\/#breadcrumb\",\"itemListElement\":[{\"@type\":\"ListItem\",\"position\":1,\"name\":\"Home\",\"item\":\"https:\/\/dev.tolio.co.nz\/\"},{\"@type\":\"ListItem\",\"position\":2,\"name\":\"C\u1eeda h\u00e0ng\",\"item\":\"https:\/\/dev.tolio.co.nz\/cua-hang\/\"},{\"@type\":\"ListItem\",\"position\":3,\"name\":\"D\u1ea7u g\u1ed9i Sunsilk \u00f3ng m\u01b0\u1ee3t r\u1ea1ng ng\u1eddi chai 900g\"}]},{\"@type\":\"WebSite\",\"@id\":\"https:\/\/dev.tolio.co.nz\/#website\",\"url\":\"https:\/\/dev.tolio.co.nz\/\",\"name\":\"TOLIO\",\"description\":\"Vietnamese Grocery Online\",\"potentialAction\":[{\"@type\":\"SearchAction\",\"target\":{\"@type\":\"EntryPoint\",\"urlTemplate\":\"https:\/\/dev.tolio.co.nz\/?s={search_term_string}\"},\"query-input\":{\"@type\":\"PropertyValueSpecification\",\"valueRequired\":true,\"valueName\":\"search_term_string\"}}],\"inLanguage\":\"en-US\"}]}<\/script>\n<!-- \/ Yoast SEO plugin. -->","yoast_head_json":{"title":"D\u1ea7u g\u1ed9i Sunsilk \u00f3ng m\u01b0\u1ee3t r\u1ea1ng ng\u1eddi chai 900g - TOLIO","description":"Th\u01b0\u01a1ng hi\u1ec7u: Sunsilk  Xu\u1ea5t x\u1ee9 th\u01b0\u01a1ng hi\u1ec7u: Vi\u1ec7t Nam  Quy c\u00e1ch \u0111\u00f3ng g\u00f3i: chai 900g  L\u01b0u \u00fd: Bao b\u00ec s\u1ea3n ph\u1ea9m c\u00f3 th\u1ec3 thay \u0111\u1ed5i theo t\u1eebng \u0111\u1ee3t nh\u1eadp h\u00e0ng","robots":{"index":"index","follow":"follow","max-snippet":"max-snippet:-1","max-image-preview":"max-image-preview:large","max-video-preview":"max-video-preview:-1"},"canonical":"https:\/\/dev.tolio.co.nz\/en\/product\/sunsilk-honey-shampoo-900g-bottle-2\/","og_locale":"en_US","og_type":"article","og_title":"D\u1ea7u g\u1ed9i Sunsilk \u00f3ng m\u01b0\u1ee3t r\u1ea1ng ng\u1eddi chai 900g - TOLIO","og_description":"Th\u01b0\u01a1ng hi\u1ec7u: Sunsilk  Xu\u1ea5t x\u1ee9 th\u01b0\u01a1ng hi\u1ec7u: Vi\u1ec7t Nam  Quy c\u00e1ch \u0111\u00f3ng g\u00f3i: chai 900g  L\u01b0u \u00fd: Bao b\u00ec s\u1ea3n ph\u1ea9m c\u00f3 th\u1ec3 thay \u0111\u1ed5i theo t\u1eebng \u0111\u1ee3t nh\u1eadp h\u00e0ng","og_url":"https:\/\/dev.tolio.co.nz\/en\/product\/sunsilk-honey-shampoo-900g-bottle-2\/","og_site_name":"TOLIO","article_modified_time":"2025-09-11T04:00:48+00:00","og_image":[{"width":1000,"height":907,"url":"https:\/\/dev.tolio.co.nz\/wp-content\/uploads\/2025\/03\/122.png","type":"image\/png"}],"twitter_card":"summary_large_image","twitter_misc":{"Est. reading time":"1 minute"},"schema":{"@context":"https:\/\/schema.org","@graph":[{"@type":"WebPage","@id":"https:\/\/dev.tolio.co.nz\/san-pham\/dau-goi-sunsilk-ong-muot-rang-ngoi-chai-900g\/","url":"https:\/\/dev.tolio.co.nz\/san-pham\/dau-goi-sunsilk-ong-muot-rang-ngoi-chai-900g\/","name":"D\u1ea7u g\u1ed9i Sunsilk \u00f3ng m\u01b0\u1ee3t r\u1ea1ng ng\u1eddi chai 900g - TOLIO","isPartOf":{"@id":"https:\/\/dev.tolio.co.nz\/#website"},"primaryImageOfPage":{"@id":"https:\/\/dev.tolio.co.nz\/san-pham\/dau-goi-sunsilk-ong-muot-rang-ngoi-chai-900g\/#primaryimage"},"image":{"@id":"https:\/\/dev.tolio.co.nz\/san-pham\/dau-goi-sunsilk-ong-muot-rang-ngoi-chai-900g\/#primaryimage"},"thumbnailUrl":"https:\/\/dev.tolio.co.nz\/wp-content\/uploads\/2025\/03\/122.png","datePublished":"2025-03-23T18:04:32+00:00","dateModified":"2025-09-11T04:00:48+00:00","description":"Th\u01b0\u01a1ng hi\u1ec7u: Sunsilk Xu\u1ea5t x\u1ee9 th\u01b0\u01a1ng hi\u1ec7u: Vi\u1ec7t Nam Quy c\u00e1ch \u0111\u00f3ng g\u00f3i: chai 900g L\u01b0u \u00fd: Bao b\u00ec s\u1ea3n ph\u1ea9m c\u00f3 th\u1ec3 thay \u0111\u1ed5i theo t\u1eebng \u0111\u1ee3t nh\u1eadp h\u00e0ng","breadcrumb":{"@id":"https:\/\/dev.tolio.co.nz\/san-pham\/dau-goi-sunsilk-ong-muot-rang-ngoi-chai-900g\/#breadcrumb"},"inLanguage":"en-US","potentialAction":[{"@type":"ReadAction","target":["https:\/\/dev.tolio.co.nz\/san-pham\/dau-goi-sunsilk-ong-muot-rang-ngoi-chai-900g\/"]}]},{"@type":"ImageObject","inLanguage":"en-US","@id":"https:\/\/dev.tolio.co.nz\/san-pham\/dau-goi-sunsilk-ong-muot-rang-ngoi-chai-900g\/#primaryimage","url":"https:\/\/dev.tolio.co.nz\/wp-content\/uploads\/2025\/03\/122.png","contentUrl":"https:\/\/dev.tolio.co.nz\/wp-content\/uploads\/2025\/03\/122.png","width":1000,"height":907},{"@type":"BreadcrumbList","@id":"https:\/\/dev.tolio.co.nz\/san-pham\/dau-goi-sunsilk-ong-muot-rang-ngoi-chai-900g\/#breadcrumb","itemListElement":[{"@type":"ListItem","position":1,"name":"Home","item":"https:\/\/dev.tolio.co.nz\/"},{"@type":"ListItem","position":2,"name":"C\u1eeda h\u00e0ng","item":"https:\/\/dev.tolio.co.nz\/cua-hang\/"},{"@type":"ListItem","position":3,"name":"D\u1ea7u g\u1ed9i Sunsilk \u00f3ng m\u01b0\u1ee3t r\u1ea1ng ng\u1eddi chai 900g"}]},{"@type":"WebSite","@id":"https:\/\/dev.tolio.co.nz\/#website","url":"https:\/\/dev.tolio.co.nz\/","name":"TOLIO","description":"Vietnamese Grocery Online","potentialAction":[{"@type":"SearchAction","target":{"@type":"EntryPoint","urlTemplate":"https:\/\/dev.tolio.co.nz\/?s={search_term_string}"},"query-input":{"@type":"PropertyValueSpecification","valueRequired":true,"valueName":"search_term_string"}}],"inLanguage":"en-US"}]}},"_links":{"self":[{"href":"https:\/\/dev.tolio.co.nz\/en\/wp-json\/wp\/v2\/product\/24655","targetHints":{"allow":["GET"]}}],"collection":[{"href":"https:\/\/dev.tolio.co.nz\/en\/wp-json\/wp\/v2\/product"}],"about":[{"href":"https:\/\/dev.tolio.co.nz\/en\/wp-json\/wp\/v2\/types\/product"}],"replies":[{"embeddable":true,"href":"https:\/\/dev.tolio.co.nz\/en\/wp-json\/wp\/v2\/comments?post=24655"}],"wp:featuredmedia":[{"embeddable":true,"href":"https:\/\/dev.tolio.co.nz\/en\/wp-json\/wp\/v2\/media\/24656"}],"wp:attachment":[{"href":"https:\/\/dev.tolio.co.nz\/en\/wp-json\/wp\/v2\/media?parent=24655"}],"wp:term":[{"taxonomy":"product_brand","embeddable":true,"href":"https:\/\/dev.tolio.co.nz\/en\/wp-json\/wp\/v2\/product_brand?post=24655"},{"taxonomy":"product_cat","embeddable":true,"href":"https:\/\/dev.tolio.co.nz\/en\/wp-json\/wp\/v2\/product_cat?post=24655"},{"taxonomy":"product_tag","embeddable":true,"href":"https:\/\/dev.tolio.co.nz\/en\/wp-json\/wp\/v2\/product_tag?post=24655"}],"curies":[{"name":"wp","href":"https:\/\/api.w.org\/{rel}","templated":true}]}}