{"id":24659,"date":"2025-03-24T06:11:59","date_gmt":"2025-03-23T18:11:59","guid":{"rendered":"https:\/\/tolio.co.nz\/?post_type=product&#038;p=24659"},"modified":"2025-09-11T16:00:48","modified_gmt":"2025-09-11T04:00:48","slug":"dau-goi-lifebuoy-toc-day-va-ong-a-chai-640g","status":"publish","type":"product","link":"https:\/\/dev.tolio.co.nz\/en\/product\/lifebuoy-shampoo-long-hair-and-honey-640g-bottle\/","title":{"rendered":"D\u1ea7u g\u1ed9i Lifebuoy t\u00f3c d\u00e0y v\u00e0 \u00f3ng \u1ea3 chai 640g"},"content":{"rendered":"<p><strong>D\u1ea7u g\u1ed9i Lifebuoy t\u00f3c d\u00e0y v\u00e0 \u00f3ng \u1ea3 chai 640g<\/strong> v\u1edbi th\u00e0nh ph\u1ea7n ch\u00ednh ch\u1ee9a tinh ch\u1ea5t s\u1eefa b\u00f2 v\u00e0 l\u00f4 h\u1ed9i gi\u00fap c\u00e1c d\u01b0\u1ee1ng ch\u1ea5t th\u1ea5m s\u00e2u v\u00e0 nu\u00f4i d\u01b0\u1ee1ng t\u00f3c, cho t\u00f3c ch\u1eafc kh\u1ecfe t\u1eeb s\u00e2u b\u00ean trong. Ngo\u00e0i ra c\u00f2n k\u00edch th\u00edch t\u00f3c ph\u00e1t tri\u1ec3n, gi\u1ea3m t\u00ecnh tr\u1ea1ng g\u00e3y r\u1ee5ng cho m\u00e1i t\u00f3c ng\u00e0y c\u00e0ng d\u00e0y v\u00e0 \u00f3ng \u1ea3 h\u01a1n<\/p>\n<p><strong>H\u01b0\u1edbng d\u1eabn s\u1eed d\u1ee5ng:<\/strong><\/p>\n<ul>\n<li>L\u00e0m \u01b0\u1edbt t\u00f3c, l\u1ea5y m\u1ed9t l\u01b0\u1ee3ng d\u1ea7u g\u1ed9i v\u1eeba \u0111\u1ee7 t\u1ea1o b\u1ecdt v\u00e0 xoa nh\u1eb9 nh\u00e0ng l\u00ean t\u00f3c v\u00e0 da \u0111\u1ea7u, m\u00e1t-xa v\u00e0 x\u1ea3 s\u1ea1ch l\u1ea1i v\u1edbi n\u01b0\u1edbc<\/li>\n<\/ul>\n<p><strong>B\u1ea3o qu\u1ea3n:<\/strong><\/p>\n<ul>\n<li>\u00a0\u0110\u1ec3 xa t\u1ea7m tay tr\u1ebb em. Tr\u00e1nh \u0111\u1ec3 s\u1ea3n ph\u1ea9m d\u00ednh v\u00e0o m\u1eaft. N\u1ebfu d\u00ednh v\u00e0o m\u1eaft h\u00e3y r\u1eeda s\u1ea1ch v\u1edbi n\u01b0\u1edbc<\/li>\n<li>Tr\u00e1nh nhi\u1ec7t \u0111\u1ed9 cao v\u00e0 \u00e1nh n\u1eafng tr\u1ef1c ti\u1ebfp<\/li>\n<\/ul>\n<p><strong>H\u1ea1n s\u1eed d\u1ee5ng:<\/strong> 03 n\u0103m k\u1ec3 t\u1eeb ng\u00e0y s\u1ea3n xu\u1ea5t<\/p>","protected":false},"excerpt":{"rendered":"<ul>\n<li>Th\u01b0\u01a1ng hi\u1ec7u: Lifebuoy<\/li>\n<li>Xu\u1ea5t x\u1ee9 th\u01b0\u01a1ng hi\u1ec7u: Vi\u1ec7t Nam<\/li>\n<li>Quy c\u00e1ch \u0111\u00f3ng g\u00f3i: chai 640g<\/li>\n<li>L\u01b0u \u00fd: Bao b\u00ec s\u1ea3n ph\u1ea9m c\u00f3 th\u1ec3 thay \u0111\u1ed5i theo t\u1eebng \u0111\u1ee3t nh\u1eadp h\u00e0ng<\/li>\n<\/ul>","protected":false},"featured_media":24660,"comment_status":"open","ping_status":"closed","template":"","meta":[],"product_brand":[],"product_cat":[49,31],"product_tag":[216,1127],"class_list":{"0":"post-24659","1":"product","2":"type-product","3":"status-publish","4":"has-post-thumbnail","6":"product_cat-non-food","7":"product_cat-hang-moi-ve","8":"product_tag-dau-goi","9":"product_tag-dau-goi-lifebuoy","10":"pa_thuong-hieu-lifebuoy","12":"first","13":"instock","14":"shipping-taxable","15":"purchasable","16":"product-type-simple"},"yoast_head":"<!-- This site is optimized with the Yoast SEO plugin v24.4 - https:\/\/yoast.com\/wordpress\/plugins\/seo\/ -->\n<title>D\u1ea7u g\u1ed9i Lifebuoy t\u00f3c d\u00e0y v\u00e0 \u00f3ng \u1ea3 chai 640g - TOLIO<\/title>\n<meta name=\"description\" content=\"Th\u01b0\u01a1ng hi\u1ec7u: Lifebuoy  Xu\u1ea5t x\u1ee9 th\u01b0\u01a1ng hi\u1ec7u: Vi\u1ec7t Nam  Quy c\u00e1ch \u0111\u00f3ng g\u00f3i: chai 640g  L\u01b0u \u00fd: Bao b\u00ec s\u1ea3n ph\u1ea9m c\u00f3 th\u1ec3 thay \u0111\u1ed5i theo t\u1eebng \u0111\u1ee3t nh\u1eadp h\u00e0ng\" \/>\n<meta name=\"robots\" content=\"index, follow, max-snippet:-1, max-image-preview:large, max-video-preview:-1\" \/>\n<link rel=\"canonical\" href=\"https:\/\/dev.tolio.co.nz\/en\/product\/lifebuoy-shampoo-long-hair-and-honey-640g-bottle\/\" \/>\n<meta property=\"og:locale\" content=\"en_US\" \/>\n<meta property=\"og:type\" content=\"article\" \/>\n<meta property=\"og:title\" content=\"D\u1ea7u g\u1ed9i Lifebuoy t\u00f3c d\u00e0y v\u00e0 \u00f3ng \u1ea3 chai 640g - TOLIO\" \/>\n<meta property=\"og:description\" content=\"Th\u01b0\u01a1ng hi\u1ec7u: Lifebuoy  Xu\u1ea5t x\u1ee9 th\u01b0\u01a1ng hi\u1ec7u: Vi\u1ec7t Nam  Quy c\u00e1ch \u0111\u00f3ng g\u00f3i: chai 640g  L\u01b0u \u00fd: Bao b\u00ec s\u1ea3n ph\u1ea9m c\u00f3 th\u1ec3 thay \u0111\u1ed5i theo t\u1eebng \u0111\u1ee3t nh\u1eadp h\u00e0ng\" \/>\n<meta property=\"og:url\" content=\"https:\/\/dev.tolio.co.nz\/en\/product\/lifebuoy-shampoo-long-hair-and-honey-640g-bottle\/\" \/>\n<meta property=\"og:site_name\" content=\"TOLIO\" \/>\n<meta property=\"article:modified_time\" content=\"2025-09-11T04:00:48+00:00\" \/>\n<meta property=\"og:image\" content=\"https:\/\/dev.tolio.co.nz\/wp-content\/uploads\/2025\/03\/125.png\" \/>\n\t<meta property=\"og:image:width\" content=\"1000\" \/>\n\t<meta property=\"og:image:height\" content=\"907\" \/>\n\t<meta property=\"og:image:type\" content=\"image\/png\" \/>\n<meta name=\"twitter:card\" content=\"summary_large_image\" \/>\n<meta name=\"twitter:label1\" content=\"Est. reading time\" \/>\n\t<meta name=\"twitter:data1\" content=\"1 minute\" \/>\n<script type=\"application\/ld+json\" class=\"yoast-schema-graph\">{\"@context\":\"https:\/\/schema.org\",\"@graph\":[{\"@type\":\"WebPage\",\"@id\":\"https:\/\/dev.tolio.co.nz\/san-pham\/dau-goi-lifebuoy-toc-day-va-ong-a-chai-640g\/\",\"url\":\"https:\/\/dev.tolio.co.nz\/san-pham\/dau-goi-lifebuoy-toc-day-va-ong-a-chai-640g\/\",\"name\":\"D\u1ea7u g\u1ed9i Lifebuoy t\u00f3c d\u00e0y v\u00e0 \u00f3ng \u1ea3 chai 640g - TOLIO\",\"isPartOf\":{\"@id\":\"https:\/\/dev.tolio.co.nz\/#website\"},\"primaryImageOfPage\":{\"@id\":\"https:\/\/dev.tolio.co.nz\/san-pham\/dau-goi-lifebuoy-toc-day-va-ong-a-chai-640g\/#primaryimage\"},\"image\":{\"@id\":\"https:\/\/dev.tolio.co.nz\/san-pham\/dau-goi-lifebuoy-toc-day-va-ong-a-chai-640g\/#primaryimage\"},\"thumbnailUrl\":\"https:\/\/dev.tolio.co.nz\/wp-content\/uploads\/2025\/03\/125.png\",\"datePublished\":\"2025-03-23T18:11:59+00:00\",\"dateModified\":\"2025-09-11T04:00:48+00:00\",\"description\":\"Th\u01b0\u01a1ng hi\u1ec7u: Lifebuoy Xu\u1ea5t x\u1ee9 th\u01b0\u01a1ng hi\u1ec7u: Vi\u1ec7t Nam Quy c\u00e1ch \u0111\u00f3ng g\u00f3i: chai 640g L\u01b0u \u00fd: Bao b\u00ec s\u1ea3n ph\u1ea9m c\u00f3 th\u1ec3 thay \u0111\u1ed5i theo t\u1eebng \u0111\u1ee3t nh\u1eadp h\u00e0ng\",\"breadcrumb\":{\"@id\":\"https:\/\/dev.tolio.co.nz\/san-pham\/dau-goi-lifebuoy-toc-day-va-ong-a-chai-640g\/#breadcrumb\"},\"inLanguage\":\"en-US\",\"potentialAction\":[{\"@type\":\"ReadAction\",\"target\":[\"https:\/\/dev.tolio.co.nz\/san-pham\/dau-goi-lifebuoy-toc-day-va-ong-a-chai-640g\/\"]}]},{\"@type\":\"ImageObject\",\"inLanguage\":\"en-US\",\"@id\":\"https:\/\/dev.tolio.co.nz\/san-pham\/dau-goi-lifebuoy-toc-day-va-ong-a-chai-640g\/#primaryimage\",\"url\":\"https:\/\/dev.tolio.co.nz\/wp-content\/uploads\/2025\/03\/125.png\",\"contentUrl\":\"https:\/\/dev.tolio.co.nz\/wp-content\/uploads\/2025\/03\/125.png\",\"width\":1000,\"height\":907},{\"@type\":\"BreadcrumbList\",\"@id\":\"https:\/\/dev.tolio.co.nz\/san-pham\/dau-goi-lifebuoy-toc-day-va-ong-a-chai-640g\/#breadcrumb\",\"itemListElement\":[{\"@type\":\"ListItem\",\"position\":1,\"name\":\"Home\",\"item\":\"https:\/\/dev.tolio.co.nz\/\"},{\"@type\":\"ListItem\",\"position\":2,\"name\":\"C\u1eeda h\u00e0ng\",\"item\":\"https:\/\/dev.tolio.co.nz\/cua-hang\/\"},{\"@type\":\"ListItem\",\"position\":3,\"name\":\"D\u1ea7u g\u1ed9i Lifebuoy t\u00f3c d\u00e0y v\u00e0 \u00f3ng \u1ea3 chai 640g\"}]},{\"@type\":\"WebSite\",\"@id\":\"https:\/\/dev.tolio.co.nz\/#website\",\"url\":\"https:\/\/dev.tolio.co.nz\/\",\"name\":\"TOLIO\",\"description\":\"Vietnamese Grocery Online\",\"potentialAction\":[{\"@type\":\"SearchAction\",\"target\":{\"@type\":\"EntryPoint\",\"urlTemplate\":\"https:\/\/dev.tolio.co.nz\/?s={search_term_string}\"},\"query-input\":{\"@type\":\"PropertyValueSpecification\",\"valueRequired\":true,\"valueName\":\"search_term_string\"}}],\"inLanguage\":\"en-US\"}]}<\/script>\n<!-- \/ Yoast SEO plugin. -->","yoast_head_json":{"title":"D\u1ea7u g\u1ed9i Lifebuoy t\u00f3c d\u00e0y v\u00e0 \u00f3ng \u1ea3 chai 640g - TOLIO","description":"Th\u01b0\u01a1ng hi\u1ec7u: Lifebuoy  Xu\u1ea5t x\u1ee9 th\u01b0\u01a1ng hi\u1ec7u: Vi\u1ec7t Nam  Quy c\u00e1ch \u0111\u00f3ng g\u00f3i: chai 640g  L\u01b0u \u00fd: Bao b\u00ec s\u1ea3n ph\u1ea9m c\u00f3 th\u1ec3 thay \u0111\u1ed5i theo t\u1eebng \u0111\u1ee3t nh\u1eadp h\u00e0ng","robots":{"index":"index","follow":"follow","max-snippet":"max-snippet:-1","max-image-preview":"max-image-preview:large","max-video-preview":"max-video-preview:-1"},"canonical":"https:\/\/dev.tolio.co.nz\/en\/product\/lifebuoy-shampoo-long-hair-and-honey-640g-bottle\/","og_locale":"en_US","og_type":"article","og_title":"D\u1ea7u g\u1ed9i Lifebuoy t\u00f3c d\u00e0y v\u00e0 \u00f3ng \u1ea3 chai 640g - TOLIO","og_description":"Th\u01b0\u01a1ng hi\u1ec7u: Lifebuoy  Xu\u1ea5t x\u1ee9 th\u01b0\u01a1ng hi\u1ec7u: Vi\u1ec7t Nam  Quy c\u00e1ch \u0111\u00f3ng g\u00f3i: chai 640g  L\u01b0u \u00fd: Bao b\u00ec s\u1ea3n ph\u1ea9m c\u00f3 th\u1ec3 thay \u0111\u1ed5i theo t\u1eebng \u0111\u1ee3t nh\u1eadp h\u00e0ng","og_url":"https:\/\/dev.tolio.co.nz\/en\/product\/lifebuoy-shampoo-long-hair-and-honey-640g-bottle\/","og_site_name":"TOLIO","article_modified_time":"2025-09-11T04:00:48+00:00","og_image":[{"width":1000,"height":907,"url":"https:\/\/dev.tolio.co.nz\/wp-content\/uploads\/2025\/03\/125.png","type":"image\/png"}],"twitter_card":"summary_large_image","twitter_misc":{"Est. reading time":"1 minute"},"schema":{"@context":"https:\/\/schema.org","@graph":[{"@type":"WebPage","@id":"https:\/\/dev.tolio.co.nz\/san-pham\/dau-goi-lifebuoy-toc-day-va-ong-a-chai-640g\/","url":"https:\/\/dev.tolio.co.nz\/san-pham\/dau-goi-lifebuoy-toc-day-va-ong-a-chai-640g\/","name":"D\u1ea7u g\u1ed9i Lifebuoy t\u00f3c d\u00e0y v\u00e0 \u00f3ng \u1ea3 chai 640g - TOLIO","isPartOf":{"@id":"https:\/\/dev.tolio.co.nz\/#website"},"primaryImageOfPage":{"@id":"https:\/\/dev.tolio.co.nz\/san-pham\/dau-goi-lifebuoy-toc-day-va-ong-a-chai-640g\/#primaryimage"},"image":{"@id":"https:\/\/dev.tolio.co.nz\/san-pham\/dau-goi-lifebuoy-toc-day-va-ong-a-chai-640g\/#primaryimage"},"thumbnailUrl":"https:\/\/dev.tolio.co.nz\/wp-content\/uploads\/2025\/03\/125.png","datePublished":"2025-03-23T18:11:59+00:00","dateModified":"2025-09-11T04:00:48+00:00","description":"Th\u01b0\u01a1ng hi\u1ec7u: Lifebuoy Xu\u1ea5t x\u1ee9 th\u01b0\u01a1ng hi\u1ec7u: Vi\u1ec7t Nam Quy c\u00e1ch \u0111\u00f3ng g\u00f3i: chai 640g L\u01b0u \u00fd: Bao b\u00ec s\u1ea3n ph\u1ea9m c\u00f3 th\u1ec3 thay \u0111\u1ed5i theo t\u1eebng \u0111\u1ee3t nh\u1eadp h\u00e0ng","breadcrumb":{"@id":"https:\/\/dev.tolio.co.nz\/san-pham\/dau-goi-lifebuoy-toc-day-va-ong-a-chai-640g\/#breadcrumb"},"inLanguage":"en-US","potentialAction":[{"@type":"ReadAction","target":["https:\/\/dev.tolio.co.nz\/san-pham\/dau-goi-lifebuoy-toc-day-va-ong-a-chai-640g\/"]}]},{"@type":"ImageObject","inLanguage":"en-US","@id":"https:\/\/dev.tolio.co.nz\/san-pham\/dau-goi-lifebuoy-toc-day-va-ong-a-chai-640g\/#primaryimage","url":"https:\/\/dev.tolio.co.nz\/wp-content\/uploads\/2025\/03\/125.png","contentUrl":"https:\/\/dev.tolio.co.nz\/wp-content\/uploads\/2025\/03\/125.png","width":1000,"height":907},{"@type":"BreadcrumbList","@id":"https:\/\/dev.tolio.co.nz\/san-pham\/dau-goi-lifebuoy-toc-day-va-ong-a-chai-640g\/#breadcrumb","itemListElement":[{"@type":"ListItem","position":1,"name":"Home","item":"https:\/\/dev.tolio.co.nz\/"},{"@type":"ListItem","position":2,"name":"C\u1eeda h\u00e0ng","item":"https:\/\/dev.tolio.co.nz\/cua-hang\/"},{"@type":"ListItem","position":3,"name":"D\u1ea7u g\u1ed9i Lifebuoy t\u00f3c d\u00e0y v\u00e0 \u00f3ng \u1ea3 chai 640g"}]},{"@type":"WebSite","@id":"https:\/\/dev.tolio.co.nz\/#website","url":"https:\/\/dev.tolio.co.nz\/","name":"TOLIO","description":"Vietnamese Grocery Online","potentialAction":[{"@type":"SearchAction","target":{"@type":"EntryPoint","urlTemplate":"https:\/\/dev.tolio.co.nz\/?s={search_term_string}"},"query-input":{"@type":"PropertyValueSpecification","valueRequired":true,"valueName":"search_term_string"}}],"inLanguage":"en-US"}]}},"_links":{"self":[{"href":"https:\/\/dev.tolio.co.nz\/en\/wp-json\/wp\/v2\/product\/24659","targetHints":{"allow":["GET"]}}],"collection":[{"href":"https:\/\/dev.tolio.co.nz\/en\/wp-json\/wp\/v2\/product"}],"about":[{"href":"https:\/\/dev.tolio.co.nz\/en\/wp-json\/wp\/v2\/types\/product"}],"replies":[{"embeddable":true,"href":"https:\/\/dev.tolio.co.nz\/en\/wp-json\/wp\/v2\/comments?post=24659"}],"wp:featuredmedia":[{"embeddable":true,"href":"https:\/\/dev.tolio.co.nz\/en\/wp-json\/wp\/v2\/media\/24660"}],"wp:attachment":[{"href":"https:\/\/dev.tolio.co.nz\/en\/wp-json\/wp\/v2\/media?parent=24659"}],"wp:term":[{"taxonomy":"product_brand","embeddable":true,"href":"https:\/\/dev.tolio.co.nz\/en\/wp-json\/wp\/v2\/product_brand?post=24659"},{"taxonomy":"product_cat","embeddable":true,"href":"https:\/\/dev.tolio.co.nz\/en\/wp-json\/wp\/v2\/product_cat?post=24659"},{"taxonomy":"product_tag","embeddable":true,"href":"https:\/\/dev.tolio.co.nz\/en\/wp-json\/wp\/v2\/product_tag?post=24659"}],"curies":[{"name":"wp","href":"https:\/\/api.w.org\/{rel}","templated":true}]}}