{"id":24663,"date":"2025-03-24T06:17:33","date_gmt":"2025-03-23T18:17:33","guid":{"rendered":"https:\/\/tolio.co.nz\/?post_type=product&#038;p=24663"},"modified":"2025-09-11T16:00:49","modified_gmt":"2025-09-11T04:00:49","slug":"sua-tam-lifebuoy-888g","status":"publish","type":"product","link":"https:\/\/dev.tolio.co.nz\/en\/product\/lifebuoy-sanitary-napkin-888g\/","title":{"rendered":"S\u1eefa t\u1eafm Lifebuoy 888g"},"content":{"rendered":"<div id=\"input_line_0\"><span id=\"input_part_0\" class=\"\" data-mention=\"S\u1eefa t\u1eafm Lifebuoy 888g v\u1edbi c\u00f4ng th\u1ee9c ti\u00ean ti\u1ebfn, s\u1ea3n ph\u1ea9m kh\u00f4ng ch\u1ec9 l\u00e0m s\u1ea1ch m\u00e0 c\u00f2n cung c\u1ea5p kh\u1ea3 n\u0103ng b\u1ea3o v\u1ec7 v\u01b0\u1ee3t tr\u1ed9i, gi\u00fap b\u1ea1n t\u1ef1 tin h\u01a1n trong m\u1ecdi ho\u1ea1t \u0111\u1ed9ng. S\u1eefa t\u1eafm Lifebuoy ch\u1ee9a ion B\u1ea1c+ h\u1ed7 tr\u1ee3 \u0111\u1ec1 kh\u00e1ng da t\u1ef1 nhi\u00ean, b\u1ecdt kem c\u00f3 th\u1ec3 th\u1ea5m s\u00e2u v\u00e0o c\u00e1c l\u1ed7 ch\u00e2n l\u00f4ng, b\u1ea3o v\u1ec7 v\u01b0\u1ee3t tr\u1ed9i v\u00e0 di\u1ec7t \u0111\u1ebfn 99,9% vi khu\u1ea9n.\"><strong>S\u1eefa t\u1eafm Lifebuoy 888g<\/strong> v\u1edbi c\u00f4ng th\u1ee9c ti\u00ean ti\u1ebfn, s\u1ea3n ph\u1ea9m kh\u00f4ng ch\u1ec9 l\u00e0m s\u1ea1ch m\u00e0 c\u00f2n cung c\u1ea5p kh\u1ea3 n\u0103ng b\u1ea3o v\u1ec7 v\u01b0\u1ee3t tr\u1ed9i, gi\u00fap b\u1ea1n t\u1ef1 tin h\u01a1n trong m\u1ecdi ho\u1ea1t \u0111\u1ed9ng. S\u1eefa t\u1eafm Lifebuoy ch\u1ee9a ion B\u1ea1c+ h\u1ed7 tr\u1ee3 \u0111\u1ec1 kh\u00e1ng da t\u1ef1 nhi\u00ean, b\u1ecdt kem c\u00f3 th\u1ec3 th\u1ea5m s\u00e2u v\u00e0o c\u00e1c l\u1ed7 ch\u00e2n l\u00f4ng, b\u1ea3o v\u1ec7 v\u01b0\u1ee3t tr\u1ed9i v\u00e0 di\u1ec7t \u0111\u1ebfn 99,9% vi khu\u1ea9n.<\/span><\/div>\n<div id=\"input_line_1\"><span id=\"input_part_0\" class=\"\" data-mention=\"S\u1eefa t\u1eafm Lifebuoy ch\u1ee9a c\u00e1c th\u00e0nh ph\u1ea7n d\u01b0\u1ee1ng \u1ea9m gi\u00fap nu\u00f4i d\u01b0\u1ee1ng l\u00e0n da, ng\u0103n ng\u1eeba t\u00ecnh tr\u1ea1ng kh\u00f4 r\u00e1p, gi\u1eef cho da lu\u00f4n m\u1ec1m m\u1ea1i.\">S\u1eefa t\u1eafm Lifebuoy ch\u1ee9a c\u00e1c th\u00e0nh ph\u1ea7n d\u01b0\u1ee1ng \u1ea9m gi\u00fap nu\u00f4i d\u01b0\u1ee1ng l\u00e0n da, ng\u0103n ng\u1eeba t\u00ecnh tr\u1ea1ng kh\u00f4 r\u00e1p, gi\u1eef cho da lu\u00f4n m\u1ec1m m\u1ea1i.<\/span><\/div>\n<p><strong>H\u01b0\u1edbng d\u1eabn s\u1eed d\u1ee5ng:<\/strong><\/p>\n<ul>\n<li>L\u00e0m \u01b0\u1edbt c\u01a1 th\u1ec3 r\u1ed3i l\u1ea5y m\u1ed9t l\u01b0\u1ee3ng s\u1ea3n ph\u1ea9m v\u1eeba \u0111\u1ee7 ra l\u00f2ng b\u00e0n tay ho\u1eb7c b\u00f4ng t\u1eafm r\u1ed3i t\u1ea1o b\u1ecdt c\u00f9ng m\u1ed9t \u00edt n\u01b0\u1edbc, m\u00e1t xa l\u00ean c\u01a1 th\u1ec3 theo chuy\u1ec3n \u0111\u1ed9ng tr\u00f2n r\u1ed3i t\u1eafm s\u1ea1ch l\u1ea1i v\u1edbi n\u01b0\u1edbc.<\/li>\n<\/ul>\n<p><strong>B\u1ea3o qu\u1ea3n:<\/strong><\/p>\n<ul>\n<li>\u00a0\u0110\u1ec3 xa t\u1ea7m tay tr\u1ebb em. Tr\u00e1nh \u0111\u1ec3 s\u1ea3n ph\u1ea9m d\u00ednh v\u00e0o m\u1eaft. N\u1ebfu d\u00ednh v\u00e0o m\u1eaft h\u00e3y r\u1eeda s\u1ea1ch v\u1edbi n\u01b0\u1edbc<\/li>\n<li>Tr\u00e1nh nhi\u1ec7t \u0111\u1ed9 cao v\u00e0 \u00e1nh n\u1eafng tr\u1ef1c ti\u1ebfp<\/li>\n<\/ul>\n<p><strong>H\u1ea1n s\u1eed d\u1ee5ng:<\/strong> 2.5 n\u0103m k\u1ec3 t\u1eeb ng\u00e0y s\u1ea3n xu\u1ea5t<\/p>","protected":false},"excerpt":{"rendered":"<ul>\n<li>Th\u01b0\u01a1ng hi\u1ec7u: Lifebuoy<\/li>\n<li>Xu\u1ea5t x\u1ee9 th\u01b0\u01a1ng hi\u1ec7u: Vi\u1ec7t Nam<\/li>\n<li>Quy c\u00e1ch \u0111\u00f3ng g\u00f3i: chai 800g<\/li>\n<li>L\u01b0u \u00fd: Bao b\u00ec s\u1ea3n ph\u1ea9m c\u00f3 th\u1ec3 thay \u0111\u1ed5i theo t\u1eebng \u0111\u1ee3t nh\u1eadp h\u00e0ng<\/li>\n<\/ul>","protected":false},"featured_media":24754,"comment_status":"open","ping_status":"closed","template":"","meta":[],"product_brand":[],"product_cat":[49,31],"product_tag":[222,1128],"class_list":{"0":"post-24663","1":"product","2":"type-product","3":"status-publish","4":"has-post-thumbnail","6":"product_cat-non-food","7":"product_cat-hang-moi-ve","8":"product_tag-sua-tam","9":"product_tag-sua-tam-lifebuoy","10":"pa_thuong-hieu-lifebuoy","12":"first","13":"instock","14":"shipping-taxable","15":"purchasable","16":"product-type-simple"},"yoast_head":"<!-- This site is optimized with the Yoast SEO plugin v24.4 - https:\/\/yoast.com\/wordpress\/plugins\/seo\/ -->\n<title>S\u1eefa t\u1eafm Lifebuoy 888g - TOLIO<\/title>\n<meta name=\"description\" content=\"Th\u01b0\u01a1ng hi\u1ec7u: Lifebuoy  Xu\u1ea5t x\u1ee9 th\u01b0\u01a1ng hi\u1ec7u: Vi\u1ec7t Nam  Quy c\u00e1ch \u0111\u00f3ng g\u00f3i: chai 800g  L\u01b0u \u00fd: Bao b\u00ec s\u1ea3n ph\u1ea9m c\u00f3 th\u1ec3 thay \u0111\u1ed5i theo t\u1eebng \u0111\u1ee3t nh\u1eadp h\u00e0ng\" \/>\n<meta name=\"robots\" content=\"index, follow, max-snippet:-1, max-image-preview:large, max-video-preview:-1\" \/>\n<link rel=\"canonical\" href=\"https:\/\/dev.tolio.co.nz\/en\/product\/lifebuoy-sanitary-napkin-888g\/\" \/>\n<meta property=\"og:locale\" content=\"en_US\" \/>\n<meta property=\"og:type\" content=\"article\" \/>\n<meta property=\"og:title\" content=\"S\u1eefa t\u1eafm Lifebuoy 888g - TOLIO\" \/>\n<meta property=\"og:description\" content=\"Th\u01b0\u01a1ng hi\u1ec7u: Lifebuoy  Xu\u1ea5t x\u1ee9 th\u01b0\u01a1ng hi\u1ec7u: Vi\u1ec7t Nam  Quy c\u00e1ch \u0111\u00f3ng g\u00f3i: chai 800g  L\u01b0u \u00fd: Bao b\u00ec s\u1ea3n ph\u1ea9m c\u00f3 th\u1ec3 thay \u0111\u1ed5i theo t\u1eebng \u0111\u1ee3t nh\u1eadp h\u00e0ng\" \/>\n<meta property=\"og:url\" content=\"https:\/\/dev.tolio.co.nz\/en\/product\/lifebuoy-sanitary-napkin-888g\/\" \/>\n<meta property=\"og:site_name\" content=\"TOLIO\" \/>\n<meta property=\"article:modified_time\" content=\"2025-09-11T04:00:49+00:00\" \/>\n<meta property=\"og:image\" content=\"https:\/\/dev.tolio.co.nz\/wp-content\/uploads\/2025\/03\/128-1.png\" \/>\n\t<meta property=\"og:image:width\" content=\"1000\" \/>\n\t<meta property=\"og:image:height\" content=\"907\" \/>\n\t<meta property=\"og:image:type\" content=\"image\/png\" \/>\n<meta name=\"twitter:card\" content=\"summary_large_image\" \/>\n<meta name=\"twitter:label1\" content=\"Est. reading time\" \/>\n\t<meta name=\"twitter:data1\" content=\"1 minute\" \/>\n<script type=\"application\/ld+json\" class=\"yoast-schema-graph\">{\"@context\":\"https:\/\/schema.org\",\"@graph\":[{\"@type\":\"WebPage\",\"@id\":\"https:\/\/dev.tolio.co.nz\/san-pham\/sua-tam-lifebuoy-888g\/\",\"url\":\"https:\/\/dev.tolio.co.nz\/san-pham\/sua-tam-lifebuoy-888g\/\",\"name\":\"S\u1eefa t\u1eafm Lifebuoy 888g - TOLIO\",\"isPartOf\":{\"@id\":\"https:\/\/dev.tolio.co.nz\/#website\"},\"primaryImageOfPage\":{\"@id\":\"https:\/\/dev.tolio.co.nz\/san-pham\/sua-tam-lifebuoy-888g\/#primaryimage\"},\"image\":{\"@id\":\"https:\/\/dev.tolio.co.nz\/san-pham\/sua-tam-lifebuoy-888g\/#primaryimage\"},\"thumbnailUrl\":\"https:\/\/dev.tolio.co.nz\/wp-content\/uploads\/2025\/03\/128-1.png\",\"datePublished\":\"2025-03-23T18:17:33+00:00\",\"dateModified\":\"2025-09-11T04:00:49+00:00\",\"description\":\"Th\u01b0\u01a1ng hi\u1ec7u: Lifebuoy Xu\u1ea5t x\u1ee9 th\u01b0\u01a1ng hi\u1ec7u: Vi\u1ec7t Nam Quy c\u00e1ch \u0111\u00f3ng g\u00f3i: chai 800g L\u01b0u \u00fd: Bao b\u00ec s\u1ea3n ph\u1ea9m c\u00f3 th\u1ec3 thay \u0111\u1ed5i theo t\u1eebng \u0111\u1ee3t nh\u1eadp h\u00e0ng\",\"breadcrumb\":{\"@id\":\"https:\/\/dev.tolio.co.nz\/san-pham\/sua-tam-lifebuoy-888g\/#breadcrumb\"},\"inLanguage\":\"en-US\",\"potentialAction\":[{\"@type\":\"ReadAction\",\"target\":[\"https:\/\/dev.tolio.co.nz\/san-pham\/sua-tam-lifebuoy-888g\/\"]}]},{\"@type\":\"ImageObject\",\"inLanguage\":\"en-US\",\"@id\":\"https:\/\/dev.tolio.co.nz\/san-pham\/sua-tam-lifebuoy-888g\/#primaryimage\",\"url\":\"https:\/\/dev.tolio.co.nz\/wp-content\/uploads\/2025\/03\/128-1.png\",\"contentUrl\":\"https:\/\/dev.tolio.co.nz\/wp-content\/uploads\/2025\/03\/128-1.png\",\"width\":1000,\"height\":907},{\"@type\":\"BreadcrumbList\",\"@id\":\"https:\/\/dev.tolio.co.nz\/san-pham\/sua-tam-lifebuoy-888g\/#breadcrumb\",\"itemListElement\":[{\"@type\":\"ListItem\",\"position\":1,\"name\":\"Home\",\"item\":\"https:\/\/dev.tolio.co.nz\/\"},{\"@type\":\"ListItem\",\"position\":2,\"name\":\"C\u1eeda h\u00e0ng\",\"item\":\"https:\/\/dev.tolio.co.nz\/cua-hang\/\"},{\"@type\":\"ListItem\",\"position\":3,\"name\":\"S\u1eefa t\u1eafm Lifebuoy 888g\"}]},{\"@type\":\"WebSite\",\"@id\":\"https:\/\/dev.tolio.co.nz\/#website\",\"url\":\"https:\/\/dev.tolio.co.nz\/\",\"name\":\"TOLIO\",\"description\":\"Vietnamese Grocery Online\",\"potentialAction\":[{\"@type\":\"SearchAction\",\"target\":{\"@type\":\"EntryPoint\",\"urlTemplate\":\"https:\/\/dev.tolio.co.nz\/?s={search_term_string}\"},\"query-input\":{\"@type\":\"PropertyValueSpecification\",\"valueRequired\":true,\"valueName\":\"search_term_string\"}}],\"inLanguage\":\"en-US\"}]}<\/script>\n<!-- \/ Yoast SEO plugin. -->","yoast_head_json":{"title":"S\u1eefa t\u1eafm Lifebuoy 888g - TOLIO","description":"Th\u01b0\u01a1ng hi\u1ec7u: Lifebuoy  Xu\u1ea5t x\u1ee9 th\u01b0\u01a1ng hi\u1ec7u: Vi\u1ec7t Nam  Quy c\u00e1ch \u0111\u00f3ng g\u00f3i: chai 800g  L\u01b0u \u00fd: Bao b\u00ec s\u1ea3n ph\u1ea9m c\u00f3 th\u1ec3 thay \u0111\u1ed5i theo t\u1eebng \u0111\u1ee3t nh\u1eadp h\u00e0ng","robots":{"index":"index","follow":"follow","max-snippet":"max-snippet:-1","max-image-preview":"max-image-preview:large","max-video-preview":"max-video-preview:-1"},"canonical":"https:\/\/dev.tolio.co.nz\/en\/product\/lifebuoy-sanitary-napkin-888g\/","og_locale":"en_US","og_type":"article","og_title":"S\u1eefa t\u1eafm Lifebuoy 888g - TOLIO","og_description":"Th\u01b0\u01a1ng hi\u1ec7u: Lifebuoy  Xu\u1ea5t x\u1ee9 th\u01b0\u01a1ng hi\u1ec7u: Vi\u1ec7t Nam  Quy c\u00e1ch \u0111\u00f3ng g\u00f3i: chai 800g  L\u01b0u \u00fd: Bao b\u00ec s\u1ea3n ph\u1ea9m c\u00f3 th\u1ec3 thay \u0111\u1ed5i theo t\u1eebng \u0111\u1ee3t nh\u1eadp h\u00e0ng","og_url":"https:\/\/dev.tolio.co.nz\/en\/product\/lifebuoy-sanitary-napkin-888g\/","og_site_name":"TOLIO","article_modified_time":"2025-09-11T04:00:49+00:00","og_image":[{"width":1000,"height":907,"url":"https:\/\/dev.tolio.co.nz\/wp-content\/uploads\/2025\/03\/128-1.png","type":"image\/png"}],"twitter_card":"summary_large_image","twitter_misc":{"Est. reading time":"1 minute"},"schema":{"@context":"https:\/\/schema.org","@graph":[{"@type":"WebPage","@id":"https:\/\/dev.tolio.co.nz\/san-pham\/sua-tam-lifebuoy-888g\/","url":"https:\/\/dev.tolio.co.nz\/san-pham\/sua-tam-lifebuoy-888g\/","name":"S\u1eefa t\u1eafm Lifebuoy 888g - TOLIO","isPartOf":{"@id":"https:\/\/dev.tolio.co.nz\/#website"},"primaryImageOfPage":{"@id":"https:\/\/dev.tolio.co.nz\/san-pham\/sua-tam-lifebuoy-888g\/#primaryimage"},"image":{"@id":"https:\/\/dev.tolio.co.nz\/san-pham\/sua-tam-lifebuoy-888g\/#primaryimage"},"thumbnailUrl":"https:\/\/dev.tolio.co.nz\/wp-content\/uploads\/2025\/03\/128-1.png","datePublished":"2025-03-23T18:17:33+00:00","dateModified":"2025-09-11T04:00:49+00:00","description":"Th\u01b0\u01a1ng hi\u1ec7u: Lifebuoy Xu\u1ea5t x\u1ee9 th\u01b0\u01a1ng hi\u1ec7u: Vi\u1ec7t Nam Quy c\u00e1ch \u0111\u00f3ng g\u00f3i: chai 800g L\u01b0u \u00fd: Bao b\u00ec s\u1ea3n ph\u1ea9m c\u00f3 th\u1ec3 thay \u0111\u1ed5i theo t\u1eebng \u0111\u1ee3t nh\u1eadp h\u00e0ng","breadcrumb":{"@id":"https:\/\/dev.tolio.co.nz\/san-pham\/sua-tam-lifebuoy-888g\/#breadcrumb"},"inLanguage":"en-US","potentialAction":[{"@type":"ReadAction","target":["https:\/\/dev.tolio.co.nz\/san-pham\/sua-tam-lifebuoy-888g\/"]}]},{"@type":"ImageObject","inLanguage":"en-US","@id":"https:\/\/dev.tolio.co.nz\/san-pham\/sua-tam-lifebuoy-888g\/#primaryimage","url":"https:\/\/dev.tolio.co.nz\/wp-content\/uploads\/2025\/03\/128-1.png","contentUrl":"https:\/\/dev.tolio.co.nz\/wp-content\/uploads\/2025\/03\/128-1.png","width":1000,"height":907},{"@type":"BreadcrumbList","@id":"https:\/\/dev.tolio.co.nz\/san-pham\/sua-tam-lifebuoy-888g\/#breadcrumb","itemListElement":[{"@type":"ListItem","position":1,"name":"Home","item":"https:\/\/dev.tolio.co.nz\/"},{"@type":"ListItem","position":2,"name":"C\u1eeda h\u00e0ng","item":"https:\/\/dev.tolio.co.nz\/cua-hang\/"},{"@type":"ListItem","position":3,"name":"S\u1eefa t\u1eafm Lifebuoy 888g"}]},{"@type":"WebSite","@id":"https:\/\/dev.tolio.co.nz\/#website","url":"https:\/\/dev.tolio.co.nz\/","name":"TOLIO","description":"Vietnamese Grocery Online","potentialAction":[{"@type":"SearchAction","target":{"@type":"EntryPoint","urlTemplate":"https:\/\/dev.tolio.co.nz\/?s={search_term_string}"},"query-input":{"@type":"PropertyValueSpecification","valueRequired":true,"valueName":"search_term_string"}}],"inLanguage":"en-US"}]}},"_links":{"self":[{"href":"https:\/\/dev.tolio.co.nz\/en\/wp-json\/wp\/v2\/product\/24663","targetHints":{"allow":["GET"]}}],"collection":[{"href":"https:\/\/dev.tolio.co.nz\/en\/wp-json\/wp\/v2\/product"}],"about":[{"href":"https:\/\/dev.tolio.co.nz\/en\/wp-json\/wp\/v2\/types\/product"}],"replies":[{"embeddable":true,"href":"https:\/\/dev.tolio.co.nz\/en\/wp-json\/wp\/v2\/comments?post=24663"}],"wp:featuredmedia":[{"embeddable":true,"href":"https:\/\/dev.tolio.co.nz\/en\/wp-json\/wp\/v2\/media\/24754"}],"wp:attachment":[{"href":"https:\/\/dev.tolio.co.nz\/en\/wp-json\/wp\/v2\/media?parent=24663"}],"wp:term":[{"taxonomy":"product_brand","embeddable":true,"href":"https:\/\/dev.tolio.co.nz\/en\/wp-json\/wp\/v2\/product_brand?post=24663"},{"taxonomy":"product_cat","embeddable":true,"href":"https:\/\/dev.tolio.co.nz\/en\/wp-json\/wp\/v2\/product_cat?post=24663"},{"taxonomy":"product_tag","embeddable":true,"href":"https:\/\/dev.tolio.co.nz\/en\/wp-json\/wp\/v2\/product_tag?post=24663"}],"curies":[{"name":"wp","href":"https:\/\/api.w.org\/{rel}","templated":true}]}}