{"id":24684,"date":"2025-03-25T01:53:53","date_gmt":"2025-03-24T13:53:53","guid":{"rendered":"https:\/\/tolio.co.nz\/?post_type=product&#038;p=24684"},"modified":"2025-09-11T15:59:50","modified_gmt":"2025-09-11T03:59:50","slug":"dua-say-gion-250g","status":"publish","type":"product","link":"https:\/\/dev.tolio.co.nz\/en\/product\/pickled-cucumber-250g\/","title":{"rendered":"D\u1eeba s\u1ea5y gi\u00f2n 250g"},"content":{"rendered":"<p><strong>D\u1eeba s\u1ea5y gi\u00f2n 250g<\/strong> \u0111\u01b0\u1ee3c ch\u1ebf bi\u1ebfn t\u1eeb d\u1eeba kh\u00f4, \u0111\u01b0\u1eddng, ca cao c\u00f3 h\u01b0\u01a1ng th\u01a1m n\u1ed3ng n\u00e0n, khi \u0103n c\u00f3 v\u1ecb ng\u1ecdt b\u00e9o, d\u1eeba kh\u00f4 s\u1ea5y gi\u00f2n tan v\u1edbi qui tr\u00ecnh s\u1ea5y ho\u00e0n to\u00e0n kh\u00f4ng s\u1eed d\u1ee5ng h\u00f3a ch\u1ea5t v\u00e0 ph\u1ee5 gia th\u1ef1c ph\u1ea9m, d\u1ec5 d\u00e0ng k\u1ebft h\u1ee3p v\u1edbi c\u00e1c nhi\u1ec1u m\u00f3n \u0103n kh\u00e1c nhau nh\u01b0, ch\u00e8, kem, kem x\u00f4i \u2026 \u0111\u1ec3 t\u1ea1o n\u00ean h\u01b0\u01a1ng v\u1ecb th\u1eadt th\u01a1m ngon cho nh\u1eefng m\u00f3n \u0103n v\u1eb7t. D\u1eeba s\u1ea5y gi\u00f2n 250g \u0111\u01b0\u1ee3c \u0111\u00f3ng g\u00f3i ti\u1ec7n d\u1ee5ng, thu\u1eadn l\u1ee3i mang theo m\u1ed7i khi \u0111i xa hay d\u00e0nh l\u00e0m qu\u00e0 t\u1eb7ng.<\/p>\n<p><strong>H\u01b0\u1edbng d\u1eabn s\u1eed d\u1ee5ng<\/strong>:<\/p>\n<ul>\n<li>\u0102n li\u1ec1n ngay sau khi m\u1edf n\u1eafp, kh\u00f4ng c\u1ea7n ch\u1ebf bi\u1ebfn th\u00eam<\/li>\n<\/ul>\n<p><strong>B\u1ea3o qu\u1ea3n<\/strong>:<\/p>\n<ul>\n<li>B\u1ea3o qu\u1ea3n n\u01a1i kh\u00f4 r\u00e1o, tho\u00e1ng m\u00e1t, tr\u00e1nh \u00e1nh n\u1eafng tr\u1ef1c ti\u1ebfp<\/li>\n<\/ul>\n<p><strong>H\u1ea1n s\u1eed d\u1ee5ng:<\/strong> 12 th\u00e1ng k\u1ec3 t\u1eeb ng\u00e0y s\u1ea3n xu\u1ea5t<\/p>","protected":false},"excerpt":{"rendered":"<ul>\n<li>Th\u01b0\u01a1ng hi\u1ec7u: Tolifood<\/li>\n<li>Xu\u1ea5t x\u1ee9 th\u01b0\u01a1ng hi\u1ec7u: Vi\u1ec7t Nam<\/li>\n<li>Quy c\u00e1ch \u0111\u00f3ng g\u00f3i: h\u1ee7 250g<\/li>\n<li>L\u01b0u \u00fd: Bao b\u00ec s\u1ea3n ph\u1ea9m c\u00f3 th\u1ec3 thay \u0111\u1ed5i theo t\u1eebng \u0111\u1ee3t nh\u1eadp h\u00e0ng.<\/li>\n<\/ul>","protected":false},"featured_media":24685,"comment_status":"open","ping_status":"closed","template":"","meta":[],"product_brand":[],"product_cat":[35,31],"product_tag":[1132],"class_list":{"0":"post-24684","1":"product","2":"type-product","3":"status-publish","4":"has-post-thumbnail","6":"product_cat-banh-keo","7":"product_cat-hang-moi-ve","8":"product_tag-dua-say-gion","9":"pa_thuong-hieu-tolifood","11":"first","12":"outofstock","13":"shipping-taxable","14":"purchasable","15":"product-type-simple"},"yoast_head":"<!-- This site is optimized with the Yoast SEO plugin v24.4 - https:\/\/yoast.com\/wordpress\/plugins\/seo\/ -->\n<title>D\u1eeba s\u1ea5y gi\u00f2n 250g - TOLIO<\/title>\n<meta name=\"description\" content=\"Th\u01b0\u01a1ng hi\u1ec7u: Tolifood  Xu\u1ea5t x\u1ee9 th\u01b0\u01a1ng hi\u1ec7u: Vi\u1ec7t Nam  Quy c\u00e1ch \u0111\u00f3ng g\u00f3i: h\u1ee7 250g  L\u01b0u \u00fd: Bao b\u00ec s\u1ea3n ph\u1ea9m c\u00f3 th\u1ec3 thay \u0111\u1ed5i theo t\u1eebng \u0111\u1ee3t nh\u1eadp h\u00e0ng.\" \/>\n<meta name=\"robots\" content=\"index, follow, max-snippet:-1, max-image-preview:large, max-video-preview:-1\" \/>\n<link rel=\"canonical\" href=\"https:\/\/dev.tolio.co.nz\/en\/product\/pickled-cucumber-250g\/\" \/>\n<meta property=\"og:locale\" content=\"en_US\" \/>\n<meta property=\"og:type\" content=\"article\" \/>\n<meta property=\"og:title\" content=\"D\u1eeba s\u1ea5y gi\u00f2n 250g - TOLIO\" \/>\n<meta property=\"og:description\" content=\"Th\u01b0\u01a1ng hi\u1ec7u: Tolifood  Xu\u1ea5t x\u1ee9 th\u01b0\u01a1ng hi\u1ec7u: Vi\u1ec7t Nam  Quy c\u00e1ch \u0111\u00f3ng g\u00f3i: h\u1ee7 250g  L\u01b0u \u00fd: Bao b\u00ec s\u1ea3n ph\u1ea9m c\u00f3 th\u1ec3 thay \u0111\u1ed5i theo t\u1eebng \u0111\u1ee3t nh\u1eadp h\u00e0ng.\" \/>\n<meta property=\"og:url\" content=\"https:\/\/dev.tolio.co.nz\/en\/product\/pickled-cucumber-250g\/\" \/>\n<meta property=\"og:site_name\" content=\"TOLIO\" \/>\n<meta property=\"article:modified_time\" content=\"2025-09-11T03:59:50+00:00\" \/>\n<meta property=\"og:image\" content=\"https:\/\/dev.tolio.co.nz\/wp-content\/uploads\/2025\/03\/136.png\" \/>\n\t<meta property=\"og:image:width\" content=\"1000\" \/>\n\t<meta property=\"og:image:height\" content=\"907\" \/>\n\t<meta property=\"og:image:type\" content=\"image\/png\" \/>\n<meta name=\"twitter:card\" content=\"summary_large_image\" \/>\n<meta name=\"twitter:label1\" content=\"Est. reading time\" \/>\n\t<meta name=\"twitter:data1\" content=\"1 minute\" \/>\n<script type=\"application\/ld+json\" class=\"yoast-schema-graph\">{\"@context\":\"https:\/\/schema.org\",\"@graph\":[{\"@type\":\"WebPage\",\"@id\":\"https:\/\/dev.tolio.co.nz\/san-pham\/dua-say-gion-250g\/\",\"url\":\"https:\/\/dev.tolio.co.nz\/san-pham\/dua-say-gion-250g\/\",\"name\":\"D\u1eeba s\u1ea5y gi\u00f2n 250g - TOLIO\",\"isPartOf\":{\"@id\":\"https:\/\/dev.tolio.co.nz\/#website\"},\"primaryImageOfPage\":{\"@id\":\"https:\/\/dev.tolio.co.nz\/san-pham\/dua-say-gion-250g\/#primaryimage\"},\"image\":{\"@id\":\"https:\/\/dev.tolio.co.nz\/san-pham\/dua-say-gion-250g\/#primaryimage\"},\"thumbnailUrl\":\"https:\/\/dev.tolio.co.nz\/wp-content\/uploads\/2025\/03\/136.png\",\"datePublished\":\"2025-03-24T13:53:53+00:00\",\"dateModified\":\"2025-09-11T03:59:50+00:00\",\"description\":\"Th\u01b0\u01a1ng hi\u1ec7u: Tolifood Xu\u1ea5t x\u1ee9 th\u01b0\u01a1ng hi\u1ec7u: Vi\u1ec7t Nam Quy c\u00e1ch \u0111\u00f3ng g\u00f3i: h\u1ee7 250g L\u01b0u \u00fd: Bao b\u00ec s\u1ea3n ph\u1ea9m c\u00f3 th\u1ec3 thay \u0111\u1ed5i theo t\u1eebng \u0111\u1ee3t nh\u1eadp h\u00e0ng.\",\"breadcrumb\":{\"@id\":\"https:\/\/dev.tolio.co.nz\/san-pham\/dua-say-gion-250g\/#breadcrumb\"},\"inLanguage\":\"en-US\",\"potentialAction\":[{\"@type\":\"ReadAction\",\"target\":[\"https:\/\/dev.tolio.co.nz\/san-pham\/dua-say-gion-250g\/\"]}]},{\"@type\":\"ImageObject\",\"inLanguage\":\"en-US\",\"@id\":\"https:\/\/dev.tolio.co.nz\/san-pham\/dua-say-gion-250g\/#primaryimage\",\"url\":\"https:\/\/dev.tolio.co.nz\/wp-content\/uploads\/2025\/03\/136.png\",\"contentUrl\":\"https:\/\/dev.tolio.co.nz\/wp-content\/uploads\/2025\/03\/136.png\",\"width\":1000,\"height\":907},{\"@type\":\"BreadcrumbList\",\"@id\":\"https:\/\/dev.tolio.co.nz\/san-pham\/dua-say-gion-250g\/#breadcrumb\",\"itemListElement\":[{\"@type\":\"ListItem\",\"position\":1,\"name\":\"Home\",\"item\":\"https:\/\/dev.tolio.co.nz\/\"},{\"@type\":\"ListItem\",\"position\":2,\"name\":\"C\u1eeda h\u00e0ng\",\"item\":\"https:\/\/dev.tolio.co.nz\/cua-hang\/\"},{\"@type\":\"ListItem\",\"position\":3,\"name\":\"D\u1eeba s\u1ea5y gi\u00f2n 250g\"}]},{\"@type\":\"WebSite\",\"@id\":\"https:\/\/dev.tolio.co.nz\/#website\",\"url\":\"https:\/\/dev.tolio.co.nz\/\",\"name\":\"TOLIO\",\"description\":\"Vietnamese Grocery Online\",\"potentialAction\":[{\"@type\":\"SearchAction\",\"target\":{\"@type\":\"EntryPoint\",\"urlTemplate\":\"https:\/\/dev.tolio.co.nz\/?s={search_term_string}\"},\"query-input\":{\"@type\":\"PropertyValueSpecification\",\"valueRequired\":true,\"valueName\":\"search_term_string\"}}],\"inLanguage\":\"en-US\"}]}<\/script>\n<!-- \/ Yoast SEO plugin. -->","yoast_head_json":{"title":"D\u1eeba s\u1ea5y gi\u00f2n 250g - TOLIO","description":"Th\u01b0\u01a1ng hi\u1ec7u: Tolifood  Xu\u1ea5t x\u1ee9 th\u01b0\u01a1ng hi\u1ec7u: Vi\u1ec7t Nam  Quy c\u00e1ch \u0111\u00f3ng g\u00f3i: h\u1ee7 250g  L\u01b0u \u00fd: Bao b\u00ec s\u1ea3n ph\u1ea9m c\u00f3 th\u1ec3 thay \u0111\u1ed5i theo t\u1eebng \u0111\u1ee3t nh\u1eadp h\u00e0ng.","robots":{"index":"index","follow":"follow","max-snippet":"max-snippet:-1","max-image-preview":"max-image-preview:large","max-video-preview":"max-video-preview:-1"},"canonical":"https:\/\/dev.tolio.co.nz\/en\/product\/pickled-cucumber-250g\/","og_locale":"en_US","og_type":"article","og_title":"D\u1eeba s\u1ea5y gi\u00f2n 250g - TOLIO","og_description":"Th\u01b0\u01a1ng hi\u1ec7u: Tolifood  Xu\u1ea5t x\u1ee9 th\u01b0\u01a1ng hi\u1ec7u: Vi\u1ec7t Nam  Quy c\u00e1ch \u0111\u00f3ng g\u00f3i: h\u1ee7 250g  L\u01b0u \u00fd: Bao b\u00ec s\u1ea3n ph\u1ea9m c\u00f3 th\u1ec3 thay \u0111\u1ed5i theo t\u1eebng \u0111\u1ee3t nh\u1eadp h\u00e0ng.","og_url":"https:\/\/dev.tolio.co.nz\/en\/product\/pickled-cucumber-250g\/","og_site_name":"TOLIO","article_modified_time":"2025-09-11T03:59:50+00:00","og_image":[{"width":1000,"height":907,"url":"https:\/\/dev.tolio.co.nz\/wp-content\/uploads\/2025\/03\/136.png","type":"image\/png"}],"twitter_card":"summary_large_image","twitter_misc":{"Est. reading time":"1 minute"},"schema":{"@context":"https:\/\/schema.org","@graph":[{"@type":"WebPage","@id":"https:\/\/dev.tolio.co.nz\/san-pham\/dua-say-gion-250g\/","url":"https:\/\/dev.tolio.co.nz\/san-pham\/dua-say-gion-250g\/","name":"D\u1eeba s\u1ea5y gi\u00f2n 250g - TOLIO","isPartOf":{"@id":"https:\/\/dev.tolio.co.nz\/#website"},"primaryImageOfPage":{"@id":"https:\/\/dev.tolio.co.nz\/san-pham\/dua-say-gion-250g\/#primaryimage"},"image":{"@id":"https:\/\/dev.tolio.co.nz\/san-pham\/dua-say-gion-250g\/#primaryimage"},"thumbnailUrl":"https:\/\/dev.tolio.co.nz\/wp-content\/uploads\/2025\/03\/136.png","datePublished":"2025-03-24T13:53:53+00:00","dateModified":"2025-09-11T03:59:50+00:00","description":"Th\u01b0\u01a1ng hi\u1ec7u: Tolifood Xu\u1ea5t x\u1ee9 th\u01b0\u01a1ng hi\u1ec7u: Vi\u1ec7t Nam Quy c\u00e1ch \u0111\u00f3ng g\u00f3i: h\u1ee7 250g L\u01b0u \u00fd: Bao b\u00ec s\u1ea3n ph\u1ea9m c\u00f3 th\u1ec3 thay \u0111\u1ed5i theo t\u1eebng \u0111\u1ee3t nh\u1eadp h\u00e0ng.","breadcrumb":{"@id":"https:\/\/dev.tolio.co.nz\/san-pham\/dua-say-gion-250g\/#breadcrumb"},"inLanguage":"en-US","potentialAction":[{"@type":"ReadAction","target":["https:\/\/dev.tolio.co.nz\/san-pham\/dua-say-gion-250g\/"]}]},{"@type":"ImageObject","inLanguage":"en-US","@id":"https:\/\/dev.tolio.co.nz\/san-pham\/dua-say-gion-250g\/#primaryimage","url":"https:\/\/dev.tolio.co.nz\/wp-content\/uploads\/2025\/03\/136.png","contentUrl":"https:\/\/dev.tolio.co.nz\/wp-content\/uploads\/2025\/03\/136.png","width":1000,"height":907},{"@type":"BreadcrumbList","@id":"https:\/\/dev.tolio.co.nz\/san-pham\/dua-say-gion-250g\/#breadcrumb","itemListElement":[{"@type":"ListItem","position":1,"name":"Home","item":"https:\/\/dev.tolio.co.nz\/"},{"@type":"ListItem","position":2,"name":"C\u1eeda h\u00e0ng","item":"https:\/\/dev.tolio.co.nz\/cua-hang\/"},{"@type":"ListItem","position":3,"name":"D\u1eeba s\u1ea5y gi\u00f2n 250g"}]},{"@type":"WebSite","@id":"https:\/\/dev.tolio.co.nz\/#website","url":"https:\/\/dev.tolio.co.nz\/","name":"TOLIO","description":"Vietnamese Grocery Online","potentialAction":[{"@type":"SearchAction","target":{"@type":"EntryPoint","urlTemplate":"https:\/\/dev.tolio.co.nz\/?s={search_term_string}"},"query-input":{"@type":"PropertyValueSpecification","valueRequired":true,"valueName":"search_term_string"}}],"inLanguage":"en-US"}]}},"_links":{"self":[{"href":"https:\/\/dev.tolio.co.nz\/en\/wp-json\/wp\/v2\/product\/24684","targetHints":{"allow":["GET"]}}],"collection":[{"href":"https:\/\/dev.tolio.co.nz\/en\/wp-json\/wp\/v2\/product"}],"about":[{"href":"https:\/\/dev.tolio.co.nz\/en\/wp-json\/wp\/v2\/types\/product"}],"replies":[{"embeddable":true,"href":"https:\/\/dev.tolio.co.nz\/en\/wp-json\/wp\/v2\/comments?post=24684"}],"wp:featuredmedia":[{"embeddable":true,"href":"https:\/\/dev.tolio.co.nz\/en\/wp-json\/wp\/v2\/media\/24685"}],"wp:attachment":[{"href":"https:\/\/dev.tolio.co.nz\/en\/wp-json\/wp\/v2\/media?parent=24684"}],"wp:term":[{"taxonomy":"product_brand","embeddable":true,"href":"https:\/\/dev.tolio.co.nz\/en\/wp-json\/wp\/v2\/product_brand?post=24684"},{"taxonomy":"product_cat","embeddable":true,"href":"https:\/\/dev.tolio.co.nz\/en\/wp-json\/wp\/v2\/product_cat?post=24684"},{"taxonomy":"product_tag","embeddable":true,"href":"https:\/\/dev.tolio.co.nz\/en\/wp-json\/wp\/v2\/product_tag?post=24684"}],"curies":[{"name":"wp","href":"https:\/\/api.w.org\/{rel}","templated":true}]}}