{"id":24921,"date":"2025-04-04T19:21:34","date_gmt":"2025-04-04T07:21:34","guid":{"rendered":"https:\/\/tolio.co.nz\/?post_type=product&#038;p=24921"},"modified":"2025-09-11T16:00:41","modified_gmt":"2025-09-11T04:00:41","slug":"dau-an-canola-oil-pacific-crown-can-2-lit","status":"publish","type":"product","link":"https:\/\/dev.tolio.co.nz\/en\/product\/canola-oil-pacific-crown-can-2-liters\/","title":{"rendered":"D\u1ea7u \u0103n Canola Pacific Crown can 2L"},"content":{"rendered":"<p><strong>D\u1ea7u \u0103n Canola oil Pacific Crown can 2 l\u00edt<\/strong> l\u00e0 m\u1ed9t s\u1ea3n ph\u1ea9m d\u1ea7u \u0103n th\u1ef1c v\u1eadt, r\u1ea5t gi\u00e0u vitamin E, kh\u00f4ng ch\u1ee9a cholesterol, gi\u00fap b\u1ea3o v\u1ec7 h\u1ec7 tim m\u1ea1ch kh\u1ecfe m\u1ea1nh.<\/p>\n<p><strong>H\u01b0\u1edbng d\u1eabn s\u1eed d\u1ee5ng<\/strong>:<\/p>\n<ul>\n<li>D\u00f9ng \u0111\u1ec3 chi\u00ean, x\u00e0o, l\u00e0m b\u00e1nh, th\u00edch h\u1ee3p v\u1edbi ng\u01b0\u1eddi \u0103n chay<\/li>\n<\/ul>\n<p><strong>B\u1ea3o qu\u1ea3n<\/strong>:<\/p>\n<ul>\n<li>B\u1ea3o qu\u1ea3n n\u01a1i kh\u00f4 r\u00e1o, tho\u00e1ng m\u00e1t, tr\u00e1nh \u00e1nh n\u1eafng tr\u1ef1c ti\u1ebfp<\/li>\n<\/ul>\n<p>&nbsp;<\/p>","protected":false},"excerpt":{"rendered":"<ul>\n<li>Th\u01b0\u01a1ng hi\u1ec7u: Pacific Crown<\/li>\n<li>Xu\u1ea5t x\u1ee9 th\u01b0\u01a1ng hi\u1ec7u: New Zealand<\/li>\n<li>Quy c\u00e1ch \u0111\u00f3ng g\u00f3i: Can 2L<\/li>\n<li>L\u01b0u \u00fd: Bao b\u00ec s\u1ea3n ph\u1ea9m c\u00f3 th\u1ec3 thay \u0111\u1ed5i theo t\u1eebng \u0111\u1ee3t nh\u1eadp h\u00e0ng.<\/li>\n<\/ul>","protected":false},"featured_media":24923,"comment_status":"open","ping_status":"closed","template":"","meta":[],"product_brand":[],"product_cat":[33,482,31],"product_tag":[],"class_list":{"0":"post-24921","1":"product","2":"type-product","3":"status-publish","4":"has-post-thumbnail","6":"product_cat-gia-vi","7":"product_cat-gia-vi-khac","8":"product_cat-hang-moi-ve","10":"first","11":"instock","12":"shipping-taxable","13":"purchasable","14":"product-type-simple"},"yoast_head":"<!-- This site is optimized with the Yoast SEO plugin v24.4 - https:\/\/yoast.com\/wordpress\/plugins\/seo\/ -->\n<title>D\u1ea7u \u0103n Canola Pacific Crown can 2L - TOLIO<\/title>\n<meta name=\"description\" content=\"Th\u01b0\u01a1ng hi\u1ec7u: Pacific Crown  Xu\u1ea5t x\u1ee9 th\u01b0\u01a1ng hi\u1ec7u: New Zealand  Quy c\u00e1ch \u0111\u00f3ng g\u00f3i: Can 2L  L\u01b0u \u00fd: Bao b\u00ec s\u1ea3n ph\u1ea9m c\u00f3 th\u1ec3 thay \u0111\u1ed5i theo t\u1eebng \u0111\u1ee3t nh\u1eadp h\u00e0ng.\" \/>\n<meta name=\"robots\" content=\"index, follow, max-snippet:-1, max-image-preview:large, max-video-preview:-1\" \/>\n<link rel=\"canonical\" href=\"https:\/\/dev.tolio.co.nz\/en\/product\/canola-oil-pacific-crown-can-2-liters\/\" \/>\n<meta property=\"og:locale\" content=\"en_US\" \/>\n<meta property=\"og:type\" content=\"article\" \/>\n<meta property=\"og:title\" content=\"D\u1ea7u \u0103n Canola Pacific Crown can 2L - TOLIO\" \/>\n<meta property=\"og:description\" content=\"Th\u01b0\u01a1ng hi\u1ec7u: Pacific Crown  Xu\u1ea5t x\u1ee9 th\u01b0\u01a1ng hi\u1ec7u: New Zealand  Quy c\u00e1ch \u0111\u00f3ng g\u00f3i: Can 2L  L\u01b0u \u00fd: Bao b\u00ec s\u1ea3n ph\u1ea9m c\u00f3 th\u1ec3 thay \u0111\u1ed5i theo t\u1eebng \u0111\u1ee3t nh\u1eadp h\u00e0ng.\" \/>\n<meta property=\"og:url\" content=\"https:\/\/dev.tolio.co.nz\/en\/product\/canola-oil-pacific-crown-can-2-liters\/\" \/>\n<meta property=\"og:site_name\" content=\"TOLIO\" \/>\n<meta property=\"article:modified_time\" content=\"2025-09-11T04:00:41+00:00\" \/>\n<meta property=\"og:image\" content=\"https:\/\/dev.tolio.co.nz\/wp-content\/uploads\/2025\/04\/150.png\" \/>\n\t<meta property=\"og:image:width\" content=\"1000\" \/>\n\t<meta property=\"og:image:height\" content=\"907\" \/>\n\t<meta property=\"og:image:type\" content=\"image\/png\" \/>\n<meta name=\"twitter:card\" content=\"summary_large_image\" \/>\n<meta name=\"twitter:label1\" content=\"Est. reading time\" \/>\n\t<meta name=\"twitter:data1\" content=\"1 minute\" \/>\n<script type=\"application\/ld+json\" class=\"yoast-schema-graph\">{\"@context\":\"https:\/\/schema.org\",\"@graph\":[{\"@type\":\"WebPage\",\"@id\":\"https:\/\/dev.tolio.co.nz\/san-pham\/dau-an-canola-oil-pacific-crown-can-2-lit\/\",\"url\":\"https:\/\/dev.tolio.co.nz\/san-pham\/dau-an-canola-oil-pacific-crown-can-2-lit\/\",\"name\":\"D\u1ea7u \u0103n Canola Pacific Crown can 2L - TOLIO\",\"isPartOf\":{\"@id\":\"https:\/\/dev.tolio.co.nz\/#website\"},\"primaryImageOfPage\":{\"@id\":\"https:\/\/dev.tolio.co.nz\/san-pham\/dau-an-canola-oil-pacific-crown-can-2-lit\/#primaryimage\"},\"image\":{\"@id\":\"https:\/\/dev.tolio.co.nz\/san-pham\/dau-an-canola-oil-pacific-crown-can-2-lit\/#primaryimage\"},\"thumbnailUrl\":\"https:\/\/dev.tolio.co.nz\/wp-content\/uploads\/2025\/04\/150.png\",\"datePublished\":\"2025-04-04T07:21:34+00:00\",\"dateModified\":\"2025-09-11T04:00:41+00:00\",\"description\":\"Th\u01b0\u01a1ng hi\u1ec7u: Pacific Crown Xu\u1ea5t x\u1ee9 th\u01b0\u01a1ng hi\u1ec7u: New Zealand Quy c\u00e1ch \u0111\u00f3ng g\u00f3i: Can 2L L\u01b0u \u00fd: Bao b\u00ec s\u1ea3n ph\u1ea9m c\u00f3 th\u1ec3 thay \u0111\u1ed5i theo t\u1eebng \u0111\u1ee3t nh\u1eadp h\u00e0ng.\",\"breadcrumb\":{\"@id\":\"https:\/\/dev.tolio.co.nz\/san-pham\/dau-an-canola-oil-pacific-crown-can-2-lit\/#breadcrumb\"},\"inLanguage\":\"en-US\",\"potentialAction\":[{\"@type\":\"ReadAction\",\"target\":[\"https:\/\/dev.tolio.co.nz\/san-pham\/dau-an-canola-oil-pacific-crown-can-2-lit\/\"]}]},{\"@type\":\"ImageObject\",\"inLanguage\":\"en-US\",\"@id\":\"https:\/\/dev.tolio.co.nz\/san-pham\/dau-an-canola-oil-pacific-crown-can-2-lit\/#primaryimage\",\"url\":\"https:\/\/dev.tolio.co.nz\/wp-content\/uploads\/2025\/04\/150.png\",\"contentUrl\":\"https:\/\/dev.tolio.co.nz\/wp-content\/uploads\/2025\/04\/150.png\",\"width\":1000,\"height\":907},{\"@type\":\"BreadcrumbList\",\"@id\":\"https:\/\/dev.tolio.co.nz\/san-pham\/dau-an-canola-oil-pacific-crown-can-2-lit\/#breadcrumb\",\"itemListElement\":[{\"@type\":\"ListItem\",\"position\":1,\"name\":\"Home\",\"item\":\"https:\/\/dev.tolio.co.nz\/\"},{\"@type\":\"ListItem\",\"position\":2,\"name\":\"C\u1eeda h\u00e0ng\",\"item\":\"https:\/\/dev.tolio.co.nz\/cua-hang\/\"},{\"@type\":\"ListItem\",\"position\":3,\"name\":\"D\u1ea7u \u0103n Canola Pacific Crown can 2L\"}]},{\"@type\":\"WebSite\",\"@id\":\"https:\/\/dev.tolio.co.nz\/#website\",\"url\":\"https:\/\/dev.tolio.co.nz\/\",\"name\":\"TOLIO\",\"description\":\"Vietnamese Grocery Online\",\"potentialAction\":[{\"@type\":\"SearchAction\",\"target\":{\"@type\":\"EntryPoint\",\"urlTemplate\":\"https:\/\/dev.tolio.co.nz\/?s={search_term_string}\"},\"query-input\":{\"@type\":\"PropertyValueSpecification\",\"valueRequired\":true,\"valueName\":\"search_term_string\"}}],\"inLanguage\":\"en-US\"}]}<\/script>\n<!-- \/ Yoast SEO plugin. -->","yoast_head_json":{"title":"D\u1ea7u \u0103n Canola Pacific Crown can 2L - TOLIO","description":"Th\u01b0\u01a1ng hi\u1ec7u: Pacific Crown  Xu\u1ea5t x\u1ee9 th\u01b0\u01a1ng hi\u1ec7u: New Zealand  Quy c\u00e1ch \u0111\u00f3ng g\u00f3i: Can 2L  L\u01b0u \u00fd: Bao b\u00ec s\u1ea3n ph\u1ea9m c\u00f3 th\u1ec3 thay \u0111\u1ed5i theo t\u1eebng \u0111\u1ee3t nh\u1eadp h\u00e0ng.","robots":{"index":"index","follow":"follow","max-snippet":"max-snippet:-1","max-image-preview":"max-image-preview:large","max-video-preview":"max-video-preview:-1"},"canonical":"https:\/\/dev.tolio.co.nz\/en\/product\/canola-oil-pacific-crown-can-2-liters\/","og_locale":"en_US","og_type":"article","og_title":"D\u1ea7u \u0103n Canola Pacific Crown can 2L - TOLIO","og_description":"Th\u01b0\u01a1ng hi\u1ec7u: Pacific Crown  Xu\u1ea5t x\u1ee9 th\u01b0\u01a1ng hi\u1ec7u: New Zealand  Quy c\u00e1ch \u0111\u00f3ng g\u00f3i: Can 2L  L\u01b0u \u00fd: Bao b\u00ec s\u1ea3n ph\u1ea9m c\u00f3 th\u1ec3 thay \u0111\u1ed5i theo t\u1eebng \u0111\u1ee3t nh\u1eadp h\u00e0ng.","og_url":"https:\/\/dev.tolio.co.nz\/en\/product\/canola-oil-pacific-crown-can-2-liters\/","og_site_name":"TOLIO","article_modified_time":"2025-09-11T04:00:41+00:00","og_image":[{"width":1000,"height":907,"url":"https:\/\/dev.tolio.co.nz\/wp-content\/uploads\/2025\/04\/150.png","type":"image\/png"}],"twitter_card":"summary_large_image","twitter_misc":{"Est. reading time":"1 minute"},"schema":{"@context":"https:\/\/schema.org","@graph":[{"@type":"WebPage","@id":"https:\/\/dev.tolio.co.nz\/san-pham\/dau-an-canola-oil-pacific-crown-can-2-lit\/","url":"https:\/\/dev.tolio.co.nz\/san-pham\/dau-an-canola-oil-pacific-crown-can-2-lit\/","name":"D\u1ea7u \u0103n Canola Pacific Crown can 2L - TOLIO","isPartOf":{"@id":"https:\/\/dev.tolio.co.nz\/#website"},"primaryImageOfPage":{"@id":"https:\/\/dev.tolio.co.nz\/san-pham\/dau-an-canola-oil-pacific-crown-can-2-lit\/#primaryimage"},"image":{"@id":"https:\/\/dev.tolio.co.nz\/san-pham\/dau-an-canola-oil-pacific-crown-can-2-lit\/#primaryimage"},"thumbnailUrl":"https:\/\/dev.tolio.co.nz\/wp-content\/uploads\/2025\/04\/150.png","datePublished":"2025-04-04T07:21:34+00:00","dateModified":"2025-09-11T04:00:41+00:00","description":"Th\u01b0\u01a1ng hi\u1ec7u: Pacific Crown Xu\u1ea5t x\u1ee9 th\u01b0\u01a1ng hi\u1ec7u: New Zealand Quy c\u00e1ch \u0111\u00f3ng g\u00f3i: Can 2L L\u01b0u \u00fd: Bao b\u00ec s\u1ea3n ph\u1ea9m c\u00f3 th\u1ec3 thay \u0111\u1ed5i theo t\u1eebng \u0111\u1ee3t nh\u1eadp h\u00e0ng.","breadcrumb":{"@id":"https:\/\/dev.tolio.co.nz\/san-pham\/dau-an-canola-oil-pacific-crown-can-2-lit\/#breadcrumb"},"inLanguage":"en-US","potentialAction":[{"@type":"ReadAction","target":["https:\/\/dev.tolio.co.nz\/san-pham\/dau-an-canola-oil-pacific-crown-can-2-lit\/"]}]},{"@type":"ImageObject","inLanguage":"en-US","@id":"https:\/\/dev.tolio.co.nz\/san-pham\/dau-an-canola-oil-pacific-crown-can-2-lit\/#primaryimage","url":"https:\/\/dev.tolio.co.nz\/wp-content\/uploads\/2025\/04\/150.png","contentUrl":"https:\/\/dev.tolio.co.nz\/wp-content\/uploads\/2025\/04\/150.png","width":1000,"height":907},{"@type":"BreadcrumbList","@id":"https:\/\/dev.tolio.co.nz\/san-pham\/dau-an-canola-oil-pacific-crown-can-2-lit\/#breadcrumb","itemListElement":[{"@type":"ListItem","position":1,"name":"Home","item":"https:\/\/dev.tolio.co.nz\/"},{"@type":"ListItem","position":2,"name":"C\u1eeda h\u00e0ng","item":"https:\/\/dev.tolio.co.nz\/cua-hang\/"},{"@type":"ListItem","position":3,"name":"D\u1ea7u \u0103n Canola Pacific Crown can 2L"}]},{"@type":"WebSite","@id":"https:\/\/dev.tolio.co.nz\/#website","url":"https:\/\/dev.tolio.co.nz\/","name":"TOLIO","description":"Vietnamese Grocery Online","potentialAction":[{"@type":"SearchAction","target":{"@type":"EntryPoint","urlTemplate":"https:\/\/dev.tolio.co.nz\/?s={search_term_string}"},"query-input":{"@type":"PropertyValueSpecification","valueRequired":true,"valueName":"search_term_string"}}],"inLanguage":"en-US"}]}},"_links":{"self":[{"href":"https:\/\/dev.tolio.co.nz\/en\/wp-json\/wp\/v2\/product\/24921","targetHints":{"allow":["GET"]}}],"collection":[{"href":"https:\/\/dev.tolio.co.nz\/en\/wp-json\/wp\/v2\/product"}],"about":[{"href":"https:\/\/dev.tolio.co.nz\/en\/wp-json\/wp\/v2\/types\/product"}],"replies":[{"embeddable":true,"href":"https:\/\/dev.tolio.co.nz\/en\/wp-json\/wp\/v2\/comments?post=24921"}],"wp:featuredmedia":[{"embeddable":true,"href":"https:\/\/dev.tolio.co.nz\/en\/wp-json\/wp\/v2\/media\/24923"}],"wp:attachment":[{"href":"https:\/\/dev.tolio.co.nz\/en\/wp-json\/wp\/v2\/media?parent=24921"}],"wp:term":[{"taxonomy":"product_brand","embeddable":true,"href":"https:\/\/dev.tolio.co.nz\/en\/wp-json\/wp\/v2\/product_brand?post=24921"},{"taxonomy":"product_cat","embeddable":true,"href":"https:\/\/dev.tolio.co.nz\/en\/wp-json\/wp\/v2\/product_cat?post=24921"},{"taxonomy":"product_tag","embeddable":true,"href":"https:\/\/dev.tolio.co.nz\/en\/wp-json\/wp\/v2\/product_tag?post=24921"}],"curies":[{"name":"wp","href":"https:\/\/api.w.org\/{rel}","templated":true}]}}