{"id":2823,"date":"2022-03-11T20:23:00","date_gmt":"2022-03-11T07:38:00","guid":{"rendered":"https:\/\/tolio2.sitebycat.com\/?post_type=product&#038;p=2823"},"modified":"2025-09-11T16:01:16","modified_gmt":"2025-09-11T04:01:16","slug":"vien-gia-vi-pho-bo-ong-cha-va-75g","status":"publish","type":"product","link":"https:\/\/dev.tolio.co.nz\/en\/product\/vietnamese-rice-noodles-with-beetroot-soup-and-75g\/","title":{"rendered":"Vi\u00ean gia v\u1ecb ph\u1edf b\u00f2 \u00d4ng Ch\u00e0 V\u00e0 75g"},"content":{"rendered":"<p><strong>Vi\u00ean gia v\u1ecb ph\u1edf b\u00f2 \u00d4ng Ch\u00e0 V\u00e0 75g\u00a0<\/strong>l\u00e0 s\u1ea3n ph\u1ea9m ti\u1ec7n d\u1ee5ng, t\u00edch h\u1ee3p c\u00e1c gia v\u1ecb \u0111\u1ea7y \u0111\u1ee7 cho m\u00f3n n\u01b0\u1edbc d\u00f9ng ph\u1edf b\u00f2. S\u1ea3n ph\u1ea9m gi\u00fap cho b\u1ea1n d\u1ec5 d\u00e0ng n\u1ea5u m\u00f3n ph\u1edf b\u00f2 th\u01a1m ngon m\u00e0 kh\u00f4ng m\u1ea5t nhi\u1ec1u th\u1eddi gian n\u00eam n\u1ebfm. V\u1edbi vi\u00ean gia v\u1ecb n\u00e0y, n\u01b0\u1edbc d\u00f9ng ph\u1edf b\u00f2 s\u1ebd \u0111\u1eadm \u0111\u00e0, ng\u1ecdt t\u1ef1 nhi\u00ean, cho b\u1ea1n t\u00f4 ph\u1edf b\u00f2 th\u01a1m ngon h\u1ea5p d\u1eabn \u0111\u1ebfn mi\u1ebfng cu\u1ed1i c\u00f9ng. S\u1ea3n ph\u1ea9m kh\u00f4ng ch\u1ee9a ch\u1ea5t b\u1ea3o qu\u1ea3n, l\u00e0m t\u1eeb nguy\u00ean li\u1ec7u thi\u00ean nhi\u00ean, \u0111\u1ea3m b\u1ea3o an to\u00e0n s\u1ee9c kh\u1ecfe cho ng\u01b0\u1eddi ti\u00eau d\u00f9ng.<\/p>\n<p><strong>H\u01b0\u1edbng d\u1eabn s\u1eed d\u1ee5ng:<\/strong><\/p>\n<ul>\n<li>H\u01b0\u1edbng d\u1eabn s\u1eed d\u1ee5ng: D\u00f9ng l\u00e0m gia v\u1ecb cho m\u00f3n ph\u1edf b\u00f2<\/li>\n<li>Chu\u1ea9n b\u1ecb: (Ph\u1ea7n \u0103n d\u00e0nh cho 1 ng\u01b0\u1eddi) 500 ml n\u01b0\u1edbc s\u00f4i, 150 g b\u00e1nh ph\u1edf \u01b0\u1edbt ho\u1eb7c 55 g b\u00e1nh ph\u1edf kh\u00f4, 1 vi\u00ean gia v\u1ecb Ph\u1edf B\u00f2, 50 g th\u1ecbt b\u00f2 c\u1eaft l\u00e1t, rau.<\/li>\n<li>C\u00e1ch D\u00f9ng: * Khi d\u00f9ng b\u00e1nh ph\u1edf \u01b0\u1edbt 1. Cho 1 vi\u00ean gia v\u1ecb Ph\u1edf B\u00f2 v\u00e0o 500 ml n\u01b0\u1edbc \u0111un s\u00f4i, \u0111un kho\u1ea3ng 2 &#8211; 3 ph\u00fat. 2. Cho th\u1ecbt b\u00f2, b\u00e1nh ph\u1edf \u01b0\u1edbt v\u00e0o n\u1ed3i, \u0111un s\u00f4i th\u00eam kho\u1ea3ng 1 ph\u00fat v\u00e0 d\u00f9ng v\u1edbi rau.<\/li>\n<li>Khi d\u00f9ng b\u00e1nh ph\u1edf kh\u00f4 1. Tr\u1ee5ng v\u1edbi n\u01b0\u1edbc s\u00f4i 10 ph\u00fat (55 g b\u00e1nh ph\u1edf kh\u00f4 s\u1ebd \u0111\u01b0\u1ee3c 150 g b\u00e1nh ph\u1edf \u01b0\u1edbt). 2. \u0110un s\u00f4i 500 ml n\u01b0\u1edbc v\u1edbi 1 vi\u00ean gia v\u1ecb Ph\u1edf B\u00f2 trong 2 &#8211; 3 ph\u00fat. 3. Cho b\u00e1nh ph\u1edf \u0111\u00e3 chu\u1ea9n b\u1ecb, th\u1ecbt b\u00f2 c\u1eaft l\u00e1t v\u00e0o n\u1ed3i n\u1ea5u th\u00eam 1 ph\u00fat v\u00e0 d\u00f9ng v\u1edbi rau<\/li>\n<\/ul>\n<p><strong>B\u1ea3o qu\u1ea3n:<\/strong><\/p>\n<ul>\n<li>B\u1ea3o qu\u1ea3n n\u01a1i kh\u00f4 r\u00e1o, tho\u00e1ng m\u00e1t, tr\u00e1nh \u00e1nh n\u1eafng tr\u1ef1c ti\u1ebfp.<\/li>\n<\/ul>","protected":false},"excerpt":{"rendered":"<ul>\n<li>Th\u01b0\u01a1ng hi\u1ec7u: \u00d4ng Ch\u00e0 V\u00e0<\/li>\n<li>Xu\u1ea5t x\u1ee9 th\u01b0\u01a1ng hi\u1ec7u: Vi\u1ec7t Nam<\/li>\n<li>Quy c\u00e1ch \u0111\u00f3ng g\u00f3i: g\u00f3i 75g<\/li>\n<li>L\u01b0u \u00fd: Bao b\u00ec s\u1ea3n ph\u1ea9m c\u00f3 th\u1ec3 thay \u0111\u1ed5i theo t\u1eebng \u0111\u1ee3t nh\u1eadp h\u00e0ng<\/li>\n<\/ul>","protected":false},"featured_media":21070,"comment_status":"open","ping_status":"closed","template":"","meta":[],"product_brand":[],"product_cat":[33,481],"product_tag":[378,379],"class_list":{"0":"post-2823","1":"product","2":"type-product","3":"status-publish","4":"has-post-thumbnail","6":"product_cat-gia-vi","7":"product_cat-gia-vi-hoan-chinh","8":"product_tag-vien-gia-vi","9":"product_tag-vien-gia-vi-pho-bo","10":"pa_thuong-hieu-ong-cha-va","12":"first","13":"instock","14":"sale","15":"shipping-taxable","16":"purchasable","17":"product-type-simple"},"yoast_head":"<!-- This site is optimized with the Yoast SEO plugin v24.4 - https:\/\/yoast.com\/wordpress\/plugins\/seo\/ -->\n<title>Vi\u00ean gia v\u1ecb ph\u1edf b\u00f2 \u00d4ng Ch\u00e0 V\u00e0 75g - TOLIO<\/title>\n<meta name=\"description\" content=\"Th\u01b0\u01a1ng hi\u1ec7u: \u00d4ng Ch\u00e0 V\u00e0  Xu\u1ea5t x\u1ee9 th\u01b0\u01a1ng hi\u1ec7u: Vi\u1ec7t Nam  Quy c\u00e1ch \u0111\u00f3ng g\u00f3i: g\u00f3i 75g  L\u01b0u \u00fd: Bao b\u00ec s\u1ea3n ph\u1ea9m c\u00f3 th\u1ec3 thay \u0111\u1ed5i theo t\u1eebng \u0111\u1ee3t nh\u1eadp h\u00e0ng\" \/>\n<meta name=\"robots\" content=\"index, follow, max-snippet:-1, max-image-preview:large, max-video-preview:-1\" \/>\n<link rel=\"canonical\" href=\"https:\/\/dev.tolio.co.nz\/en\/products\/vietnamese-rice-noodles-with-beetroot-soup-and-75g\/\" \/>\n<meta property=\"og:locale\" content=\"en_US\" \/>\n<meta property=\"og:type\" content=\"article\" \/>\n<meta property=\"og:title\" content=\"Vi\u00ean gia v\u1ecb ph\u1edf b\u00f2 \u00d4ng Ch\u00e0 V\u00e0 75g - TOLIO\" \/>\n<meta property=\"og:description\" content=\"Th\u01b0\u01a1ng hi\u1ec7u: \u00d4ng Ch\u00e0 V\u00e0  Xu\u1ea5t x\u1ee9 th\u01b0\u01a1ng hi\u1ec7u: Vi\u1ec7t Nam  Quy c\u00e1ch \u0111\u00f3ng g\u00f3i: g\u00f3i 75g  L\u01b0u \u00fd: Bao b\u00ec s\u1ea3n ph\u1ea9m c\u00f3 th\u1ec3 thay \u0111\u1ed5i theo t\u1eebng \u0111\u1ee3t nh\u1eadp h\u00e0ng\" \/>\n<meta property=\"og:url\" content=\"https:\/\/dev.tolio.co.nz\/en\/products\/vietnamese-rice-noodles-with-beetroot-soup-and-75g\/\" \/>\n<meta property=\"og:site_name\" content=\"TOLIO\" \/>\n<meta property=\"article:modified_time\" content=\"2025-09-11T04:01:16+00:00\" \/>\n<meta property=\"og:image\" content=\"https:\/\/dev.tolio.co.nz\/wp-content\/uploads\/2022\/03\/126.png\" \/>\n\t<meta property=\"og:image:width\" content=\"1000\" \/>\n\t<meta property=\"og:image:height\" content=\"907\" \/>\n\t<meta property=\"og:image:type\" content=\"image\/png\" \/>\n<meta name=\"twitter:card\" content=\"summary_large_image\" \/>\n<meta name=\"twitter:label1\" content=\"Est. reading time\" \/>\n\t<meta name=\"twitter:data1\" content=\"2 minutes\" \/>\n<script type=\"application\/ld+json\" class=\"yoast-schema-graph\">{\"@context\":\"https:\/\/schema.org\",\"@graph\":[{\"@type\":\"WebPage\",\"@id\":\"https:\/\/dev.tolio.co.nz\/en\/products\/vietnamese-rice-noodles-with-beetroot-soup-and-75g\/\",\"url\":\"https:\/\/dev.tolio.co.nz\/en\/products\/vietnamese-rice-noodles-with-beetroot-soup-and-75g\/\",\"name\":\"Vi\u00ean gia v\u1ecb ph\u1edf b\u00f2 \u00d4ng Ch\u00e0 V\u00e0 75g - TOLIO\",\"isPartOf\":{\"@id\":\"https:\/\/dev.tolio.co.nz\/#website\"},\"primaryImageOfPage\":{\"@id\":\"https:\/\/dev.tolio.co.nz\/en\/products\/vietnamese-rice-noodles-with-beetroot-soup-and-75g\/#primaryimage\"},\"image\":{\"@id\":\"https:\/\/dev.tolio.co.nz\/en\/products\/vietnamese-rice-noodles-with-beetroot-soup-and-75g\/#primaryimage\"},\"thumbnailUrl\":\"https:\/\/dev.tolio.co.nz\/wp-content\/uploads\/2022\/03\/126.png\",\"datePublished\":\"2022-03-11T07:38:00+00:00\",\"dateModified\":\"2025-09-11T04:01:16+00:00\",\"description\":\"Th\u01b0\u01a1ng hi\u1ec7u: \u00d4ng Ch\u00e0 V\u00e0 Xu\u1ea5t x\u1ee9 th\u01b0\u01a1ng hi\u1ec7u: Vi\u1ec7t Nam Quy c\u00e1ch \u0111\u00f3ng g\u00f3i: g\u00f3i 75g L\u01b0u \u00fd: Bao b\u00ec s\u1ea3n ph\u1ea9m c\u00f3 th\u1ec3 thay \u0111\u1ed5i theo t\u1eebng \u0111\u1ee3t nh\u1eadp h\u00e0ng\",\"breadcrumb\":{\"@id\":\"https:\/\/dev.tolio.co.nz\/en\/products\/vietnamese-rice-noodles-with-beetroot-soup-and-75g\/#breadcrumb\"},\"inLanguage\":\"en-US\",\"potentialAction\":[{\"@type\":\"ReadAction\",\"target\":[\"https:\/\/dev.tolio.co.nz\/en\/products\/vietnamese-rice-noodles-with-beetroot-soup-and-75g\/\"]}]},{\"@type\":\"ImageObject\",\"inLanguage\":\"en-US\",\"@id\":\"https:\/\/dev.tolio.co.nz\/en\/products\/vietnamese-rice-noodles-with-beetroot-soup-and-75g\/#primaryimage\",\"url\":\"https:\/\/dev.tolio.co.nz\/wp-content\/uploads\/2022\/03\/126.png\",\"contentUrl\":\"https:\/\/dev.tolio.co.nz\/wp-content\/uploads\/2022\/03\/126.png\",\"width\":1000,\"height\":907},{\"@type\":\"BreadcrumbList\",\"@id\":\"https:\/\/dev.tolio.co.nz\/en\/products\/vietnamese-rice-noodles-with-beetroot-soup-and-75g\/#breadcrumb\",\"itemListElement\":[{\"@type\":\"ListItem\",\"position\":1,\"name\":\"Home\",\"item\":\"https:\/\/dev.tolio.co.nz\/\"},{\"@type\":\"ListItem\",\"position\":2,\"name\":\"C\u1eeda h\u00e0ng\",\"item\":\"https:\/\/dev.tolio.co.nz\/cua-hang\/\"},{\"@type\":\"ListItem\",\"position\":3,\"name\":\"Vi\u00ean gia v\u1ecb ph\u1edf b\u00f2 \u00d4ng Ch\u00e0 V\u00e0 75g\"}]},{\"@type\":\"WebSite\",\"@id\":\"https:\/\/dev.tolio.co.nz\/#website\",\"url\":\"https:\/\/dev.tolio.co.nz\/\",\"name\":\"TOLIO\",\"description\":\"Vietnamese Grocery Online\",\"potentialAction\":[{\"@type\":\"SearchAction\",\"target\":{\"@type\":\"EntryPoint\",\"urlTemplate\":\"https:\/\/dev.tolio.co.nz\/?s={search_term_string}\"},\"query-input\":{\"@type\":\"PropertyValueSpecification\",\"valueRequired\":true,\"valueName\":\"search_term_string\"}}],\"inLanguage\":\"en-US\"}]}<\/script>\n<!-- \/ Yoast SEO plugin. -->","yoast_head_json":{"title":"Vi\u00ean gia v\u1ecb ph\u1edf b\u00f2 \u00d4ng Ch\u00e0 V\u00e0 75g - TOLIO","description":"Th\u01b0\u01a1ng hi\u1ec7u: \u00d4ng Ch\u00e0 V\u00e0  Xu\u1ea5t x\u1ee9 th\u01b0\u01a1ng hi\u1ec7u: Vi\u1ec7t Nam  Quy c\u00e1ch \u0111\u00f3ng g\u00f3i: g\u00f3i 75g  L\u01b0u \u00fd: Bao b\u00ec s\u1ea3n ph\u1ea9m c\u00f3 th\u1ec3 thay \u0111\u1ed5i theo t\u1eebng \u0111\u1ee3t nh\u1eadp h\u00e0ng","robots":{"index":"index","follow":"follow","max-snippet":"max-snippet:-1","max-image-preview":"max-image-preview:large","max-video-preview":"max-video-preview:-1"},"canonical":"https:\/\/dev.tolio.co.nz\/en\/products\/vietnamese-rice-noodles-with-beetroot-soup-and-75g\/","og_locale":"en_US","og_type":"article","og_title":"Vi\u00ean gia v\u1ecb ph\u1edf b\u00f2 \u00d4ng Ch\u00e0 V\u00e0 75g - TOLIO","og_description":"Th\u01b0\u01a1ng hi\u1ec7u: \u00d4ng Ch\u00e0 V\u00e0  Xu\u1ea5t x\u1ee9 th\u01b0\u01a1ng hi\u1ec7u: Vi\u1ec7t Nam  Quy c\u00e1ch \u0111\u00f3ng g\u00f3i: g\u00f3i 75g  L\u01b0u \u00fd: Bao b\u00ec s\u1ea3n ph\u1ea9m c\u00f3 th\u1ec3 thay \u0111\u1ed5i theo t\u1eebng \u0111\u1ee3t nh\u1eadp h\u00e0ng","og_url":"https:\/\/dev.tolio.co.nz\/en\/products\/vietnamese-rice-noodles-with-beetroot-soup-and-75g\/","og_site_name":"TOLIO","article_modified_time":"2025-09-11T04:01:16+00:00","og_image":[{"width":1000,"height":907,"url":"https:\/\/dev.tolio.co.nz\/wp-content\/uploads\/2022\/03\/126.png","type":"image\/png"}],"twitter_card":"summary_large_image","twitter_misc":{"Est. reading time":"2 minutes"},"schema":{"@context":"https:\/\/schema.org","@graph":[{"@type":"WebPage","@id":"https:\/\/dev.tolio.co.nz\/en\/products\/vietnamese-rice-noodles-with-beetroot-soup-and-75g\/","url":"https:\/\/dev.tolio.co.nz\/en\/products\/vietnamese-rice-noodles-with-beetroot-soup-and-75g\/","name":"Vi\u00ean gia v\u1ecb ph\u1edf b\u00f2 \u00d4ng Ch\u00e0 V\u00e0 75g - TOLIO","isPartOf":{"@id":"https:\/\/dev.tolio.co.nz\/#website"},"primaryImageOfPage":{"@id":"https:\/\/dev.tolio.co.nz\/en\/products\/vietnamese-rice-noodles-with-beetroot-soup-and-75g\/#primaryimage"},"image":{"@id":"https:\/\/dev.tolio.co.nz\/en\/products\/vietnamese-rice-noodles-with-beetroot-soup-and-75g\/#primaryimage"},"thumbnailUrl":"https:\/\/dev.tolio.co.nz\/wp-content\/uploads\/2022\/03\/126.png","datePublished":"2022-03-11T07:38:00+00:00","dateModified":"2025-09-11T04:01:16+00:00","description":"Th\u01b0\u01a1ng hi\u1ec7u: \u00d4ng Ch\u00e0 V\u00e0 Xu\u1ea5t x\u1ee9 th\u01b0\u01a1ng hi\u1ec7u: Vi\u1ec7t Nam Quy c\u00e1ch \u0111\u00f3ng g\u00f3i: g\u00f3i 75g L\u01b0u \u00fd: Bao b\u00ec s\u1ea3n ph\u1ea9m c\u00f3 th\u1ec3 thay \u0111\u1ed5i theo t\u1eebng \u0111\u1ee3t nh\u1eadp h\u00e0ng","breadcrumb":{"@id":"https:\/\/dev.tolio.co.nz\/en\/products\/vietnamese-rice-noodles-with-beetroot-soup-and-75g\/#breadcrumb"},"inLanguage":"en-US","potentialAction":[{"@type":"ReadAction","target":["https:\/\/dev.tolio.co.nz\/en\/products\/vietnamese-rice-noodles-with-beetroot-soup-and-75g\/"]}]},{"@type":"ImageObject","inLanguage":"en-US","@id":"https:\/\/dev.tolio.co.nz\/en\/products\/vietnamese-rice-noodles-with-beetroot-soup-and-75g\/#primaryimage","url":"https:\/\/dev.tolio.co.nz\/wp-content\/uploads\/2022\/03\/126.png","contentUrl":"https:\/\/dev.tolio.co.nz\/wp-content\/uploads\/2022\/03\/126.png","width":1000,"height":907},{"@type":"BreadcrumbList","@id":"https:\/\/dev.tolio.co.nz\/en\/products\/vietnamese-rice-noodles-with-beetroot-soup-and-75g\/#breadcrumb","itemListElement":[{"@type":"ListItem","position":1,"name":"Home","item":"https:\/\/dev.tolio.co.nz\/"},{"@type":"ListItem","position":2,"name":"C\u1eeda h\u00e0ng","item":"https:\/\/dev.tolio.co.nz\/cua-hang\/"},{"@type":"ListItem","position":3,"name":"Vi\u00ean gia v\u1ecb ph\u1edf b\u00f2 \u00d4ng Ch\u00e0 V\u00e0 75g"}]},{"@type":"WebSite","@id":"https:\/\/dev.tolio.co.nz\/#website","url":"https:\/\/dev.tolio.co.nz\/","name":"TOLIO","description":"Vietnamese Grocery Online","potentialAction":[{"@type":"SearchAction","target":{"@type":"EntryPoint","urlTemplate":"https:\/\/dev.tolio.co.nz\/?s={search_term_string}"},"query-input":{"@type":"PropertyValueSpecification","valueRequired":true,"valueName":"search_term_string"}}],"inLanguage":"en-US"}]}},"_links":{"self":[{"href":"https:\/\/dev.tolio.co.nz\/en\/wp-json\/wp\/v2\/product\/2823","targetHints":{"allow":["GET"]}}],"collection":[{"href":"https:\/\/dev.tolio.co.nz\/en\/wp-json\/wp\/v2\/product"}],"about":[{"href":"https:\/\/dev.tolio.co.nz\/en\/wp-json\/wp\/v2\/types\/product"}],"replies":[{"embeddable":true,"href":"https:\/\/dev.tolio.co.nz\/en\/wp-json\/wp\/v2\/comments?post=2823"}],"wp:featuredmedia":[{"embeddable":true,"href":"https:\/\/dev.tolio.co.nz\/en\/wp-json\/wp\/v2\/media\/21070"}],"wp:attachment":[{"href":"https:\/\/dev.tolio.co.nz\/en\/wp-json\/wp\/v2\/media?parent=2823"}],"wp:term":[{"taxonomy":"product_brand","embeddable":true,"href":"https:\/\/dev.tolio.co.nz\/en\/wp-json\/wp\/v2\/product_brand?post=2823"},{"taxonomy":"product_cat","embeddable":true,"href":"https:\/\/dev.tolio.co.nz\/en\/wp-json\/wp\/v2\/product_cat?post=2823"},{"taxonomy":"product_tag","embeddable":true,"href":"https:\/\/dev.tolio.co.nz\/en\/wp-json\/wp\/v2\/product_tag?post=2823"}],"curies":[{"name":"wp","href":"https:\/\/api.w.org\/{rel}","templated":true}]}}