{"id":2827,"date":"2022-03-11T20:34:00","date_gmt":"2022-03-11T07:49:00","guid":{"rendered":"https:\/\/tolio2.sitebycat.com\/?post_type=product&#038;p=2827"},"modified":"2025-09-11T16:01:16","modified_gmt":"2025-09-11T04:01:16","slug":"vien-gia-vi-bun-bo-hue-ong-cha-va-75g","status":"publish","type":"product","link":"https:\/\/dev.tolio.co.nz\/en\/product\/vietnamese-rice-noodle-soup-with-beetroot-color-and-75g\/","title":{"rendered":"Vi\u00ean gia v\u1ecb b\u00fan b\u00f2 hu\u1ebf \u00d4ng Ch\u00e0 V\u00e0 75g"},"content":{"rendered":"<p><strong>Vi\u00ean gia v\u1ecb b\u00fan b\u00f2 hu\u1ebf \u00d4ng Ch\u00e0 V\u00e0 75g\u00a0<\/strong>l\u00e0 s\u1ea3n ph\u1ea9m gia v\u1ecb mang t\u00ednh ti\u1ec7n d\u1ee5ng \u0111\u1ebfn t\u1eeb th\u01b0\u01a1ng hi\u1ec7u \u00d4ng Ch\u00e0 V\u00e0. Vi\u00ean gia v\u1ecb n\u1ea5u b\u00fan b\u00f2 Hu\u1ebf \u00d4ng Ch\u00e0 V\u00e0 Gold h\u1ed9p 75g l\u00e0 lo\u1ea1i gia v\u1ecb ho\u00e0n ch\u1ec9nh d\u1ea1ng vi\u00ean c\u00f4 \u0111\u1eb7c t\u1eeb nh\u1eefng lo\u1ea1i nguy\u00ean li\u1ec7u t\u1ef1 nhi\u00ean, mang \u0111\u1ebfn cho ng\u01b0\u1eddi d\u00f9ng h\u01b0\u01a1ng v\u1ecb b\u00fan b\u00f2 Hu\u1ebf th\u01a1m ngon, \u0111\u00fang chu\u1ea9n.<\/p>\n<p><strong>H\u01b0\u1edbng d\u1eabn s\u1eed d\u1ee5ng:<\/strong><\/p>\n<ul>\n<li>Kh\u1ea9u ph\u1ea7n 1 ng\u01b0\u1eddi, d\u00f9ng 150g b\u00fan t\u01b0\u01a1i ho\u1eb7c 75g b\u00fan kh\u00f4 tu\u1ef3 th\u00edch. Cho 1 vi\u00ean gia v\u1ecb v\u00e0o 500ml n\u01b0\u1edbc v\u00e0 70g th\u1ecbt heo \u0111un s\u00f4i 2 &#8211; 3 ph\u00fat. Cho b\u00fan t\u01b0\u01a1i v\u00e0o n\u1ed3i, \u0111un s\u00f4i th\u00eam 1 ph\u00fat v\u00e0 d\u00f9ng v\u1edbi rau. \u0110\u1ed1i v\u1edbi b\u00fan kh\u00f4, tr\u1ee5ng v\u1edbi n\u01b0\u1edbc s\u00f4i 10 ph\u00fat, v\u1edbt ra cho v\u00e0o n\u1ed3i n\u01b0\u1edbc d\u00f9ng, \u0111un s\u00f4i th\u00eam 1 ph\u00fat v\u00e0 d\u00f9ng v\u1edbi rau<\/li>\n<\/ul>\n<p><strong>B\u1ea3o qu\u1ea3n:<\/strong><\/p>\n<ul>\n<li>\u00a0\u0110\u1ec3 n\u01a1i kh\u00f4 r\u00e1o, tho\u00e1ng m\u00e1t, tr\u00e1nh \u00e1nh n\u1eafng tr\u1ef1c ti\u1ebfp<\/li>\n<\/ul>","protected":false},"excerpt":{"rendered":"<ul>\n<li>Th\u01b0\u01a1ng hi\u1ec7u: \u00d4ng Ch\u00e0 V\u00e0<\/li>\n<li>Xu\u1ea5t x\u1ee9 th\u01b0\u01a1ng hi\u1ec7u: Vi\u1ec7t Nam<\/li>\n<li>Quy c\u00e1ch \u0111\u00f3ng g\u00f3i: g\u00f3i 75g<\/li>\n<li>L\u01b0u \u00fd: Bao b\u00ec s\u1ea3n ph\u1ea9m c\u00f3 th\u1ec3 thay \u0111\u1ed5i theo t\u1eebng \u0111\u1ee3t nh\u1eadp h\u00e0ng<\/li>\n<\/ul>","protected":false},"featured_media":21069,"comment_status":"open","ping_status":"closed","template":"","meta":[],"product_brand":[],"product_cat":[33,481],"product_tag":[378,380],"class_list":{"0":"post-2827","1":"product","2":"type-product","3":"status-publish","4":"has-post-thumbnail","6":"product_cat-gia-vi","7":"product_cat-gia-vi-hoan-chinh","8":"product_tag-vien-gia-vi","9":"product_tag-vien-gia-vi-bun-bo-hue","10":"pa_thuong-hieu-ong-cha-va","12":"first","13":"instock","14":"sale","15":"shipping-taxable","16":"purchasable","17":"product-type-simple"},"yoast_head":"<!-- This site is optimized with the Yoast SEO plugin v24.4 - https:\/\/yoast.com\/wordpress\/plugins\/seo\/ -->\n<title>Vi\u00ean gia v\u1ecb b\u00fan b\u00f2 hu\u1ebf \u00d4ng Ch\u00e0 V\u00e0 75g - TOLIO<\/title>\n<meta name=\"description\" content=\"Th\u01b0\u01a1ng hi\u1ec7u: \u00d4ng Ch\u00e0 V\u00e0  Xu\u1ea5t x\u1ee9 th\u01b0\u01a1ng hi\u1ec7u: Vi\u1ec7t Nam  Quy c\u00e1ch \u0111\u00f3ng g\u00f3i: g\u00f3i 75g  L\u01b0u \u00fd: Bao b\u00ec s\u1ea3n ph\u1ea9m c\u00f3 th\u1ec3 thay \u0111\u1ed5i theo t\u1eebng \u0111\u1ee3t nh\u1eadp h\u00e0ng\" \/>\n<meta name=\"robots\" content=\"index, follow, max-snippet:-1, max-image-preview:large, max-video-preview:-1\" \/>\n<link rel=\"canonical\" href=\"https:\/\/dev.tolio.co.nz\/en\/product\/vietnamese-rice-noodle-soup-with-beetroot-color-and-75g\/\" \/>\n<meta property=\"og:locale\" content=\"en_US\" \/>\n<meta property=\"og:type\" content=\"article\" \/>\n<meta property=\"og:title\" content=\"Vi\u00ean gia v\u1ecb b\u00fan b\u00f2 hu\u1ebf \u00d4ng Ch\u00e0 V\u00e0 75g - TOLIO\" \/>\n<meta property=\"og:description\" content=\"Th\u01b0\u01a1ng hi\u1ec7u: \u00d4ng Ch\u00e0 V\u00e0  Xu\u1ea5t x\u1ee9 th\u01b0\u01a1ng hi\u1ec7u: Vi\u1ec7t Nam  Quy c\u00e1ch \u0111\u00f3ng g\u00f3i: g\u00f3i 75g  L\u01b0u \u00fd: Bao b\u00ec s\u1ea3n ph\u1ea9m c\u00f3 th\u1ec3 thay \u0111\u1ed5i theo t\u1eebng \u0111\u1ee3t nh\u1eadp h\u00e0ng\" \/>\n<meta property=\"og:url\" content=\"https:\/\/dev.tolio.co.nz\/en\/product\/vietnamese-rice-noodle-soup-with-beetroot-color-and-75g\/\" \/>\n<meta property=\"og:site_name\" content=\"TOLIO\" \/>\n<meta property=\"article:modified_time\" content=\"2025-09-11T04:01:16+00:00\" \/>\n<meta property=\"og:image\" content=\"https:\/\/dev.tolio.co.nz\/wp-content\/uploads\/2022\/03\/125.png\" \/>\n\t<meta property=\"og:image:width\" content=\"1000\" \/>\n\t<meta property=\"og:image:height\" content=\"907\" \/>\n\t<meta property=\"og:image:type\" content=\"image\/png\" \/>\n<meta name=\"twitter:card\" content=\"summary_large_image\" \/>\n<meta name=\"twitter:label1\" content=\"Est. reading time\" \/>\n\t<meta name=\"twitter:data1\" content=\"1 minute\" \/>\n<script type=\"application\/ld+json\" class=\"yoast-schema-graph\">{\"@context\":\"https:\/\/schema.org\",\"@graph\":[{\"@type\":\"WebPage\",\"@id\":\"https:\/\/dev.tolio.co.nz\/san-pham\/vien-gia-vi-bun-bo-hue-ong-cha-va-75g\/\",\"url\":\"https:\/\/dev.tolio.co.nz\/san-pham\/vien-gia-vi-bun-bo-hue-ong-cha-va-75g\/\",\"name\":\"Vi\u00ean gia v\u1ecb b\u00fan b\u00f2 hu\u1ebf \u00d4ng Ch\u00e0 V\u00e0 75g - TOLIO\",\"isPartOf\":{\"@id\":\"https:\/\/dev.tolio.co.nz\/#website\"},\"primaryImageOfPage\":{\"@id\":\"https:\/\/dev.tolio.co.nz\/san-pham\/vien-gia-vi-bun-bo-hue-ong-cha-va-75g\/#primaryimage\"},\"image\":{\"@id\":\"https:\/\/dev.tolio.co.nz\/san-pham\/vien-gia-vi-bun-bo-hue-ong-cha-va-75g\/#primaryimage\"},\"thumbnailUrl\":\"https:\/\/dev.tolio.co.nz\/wp-content\/uploads\/2022\/03\/125.png\",\"datePublished\":\"2022-03-11T07:49:00+00:00\",\"dateModified\":\"2025-09-11T04:01:16+00:00\",\"description\":\"Th\u01b0\u01a1ng hi\u1ec7u: \u00d4ng Ch\u00e0 V\u00e0 Xu\u1ea5t x\u1ee9 th\u01b0\u01a1ng hi\u1ec7u: Vi\u1ec7t Nam Quy c\u00e1ch \u0111\u00f3ng g\u00f3i: g\u00f3i 75g L\u01b0u \u00fd: Bao b\u00ec s\u1ea3n ph\u1ea9m c\u00f3 th\u1ec3 thay \u0111\u1ed5i theo t\u1eebng \u0111\u1ee3t nh\u1eadp h\u00e0ng\",\"breadcrumb\":{\"@id\":\"https:\/\/dev.tolio.co.nz\/san-pham\/vien-gia-vi-bun-bo-hue-ong-cha-va-75g\/#breadcrumb\"},\"inLanguage\":\"en-US\",\"potentialAction\":[{\"@type\":\"ReadAction\",\"target\":[\"https:\/\/dev.tolio.co.nz\/san-pham\/vien-gia-vi-bun-bo-hue-ong-cha-va-75g\/\"]}]},{\"@type\":\"ImageObject\",\"inLanguage\":\"en-US\",\"@id\":\"https:\/\/dev.tolio.co.nz\/san-pham\/vien-gia-vi-bun-bo-hue-ong-cha-va-75g\/#primaryimage\",\"url\":\"https:\/\/dev.tolio.co.nz\/wp-content\/uploads\/2022\/03\/125.png\",\"contentUrl\":\"https:\/\/dev.tolio.co.nz\/wp-content\/uploads\/2022\/03\/125.png\",\"width\":1000,\"height\":907},{\"@type\":\"BreadcrumbList\",\"@id\":\"https:\/\/dev.tolio.co.nz\/san-pham\/vien-gia-vi-bun-bo-hue-ong-cha-va-75g\/#breadcrumb\",\"itemListElement\":[{\"@type\":\"ListItem\",\"position\":1,\"name\":\"Home\",\"item\":\"https:\/\/dev.tolio.co.nz\/\"},{\"@type\":\"ListItem\",\"position\":2,\"name\":\"C\u1eeda h\u00e0ng\",\"item\":\"https:\/\/dev.tolio.co.nz\/cua-hang\/\"},{\"@type\":\"ListItem\",\"position\":3,\"name\":\"Vi\u00ean gia v\u1ecb b\u00fan b\u00f2 hu\u1ebf \u00d4ng Ch\u00e0 V\u00e0 75g\"}]},{\"@type\":\"WebSite\",\"@id\":\"https:\/\/dev.tolio.co.nz\/#website\",\"url\":\"https:\/\/dev.tolio.co.nz\/\",\"name\":\"TOLIO\",\"description\":\"Vietnamese Grocery Online\",\"potentialAction\":[{\"@type\":\"SearchAction\",\"target\":{\"@type\":\"EntryPoint\",\"urlTemplate\":\"https:\/\/dev.tolio.co.nz\/?s={search_term_string}\"},\"query-input\":{\"@type\":\"PropertyValueSpecification\",\"valueRequired\":true,\"valueName\":\"search_term_string\"}}],\"inLanguage\":\"en-US\"}]}<\/script>\n<!-- \/ Yoast SEO plugin. -->","yoast_head_json":{"title":"Vi\u00ean gia v\u1ecb b\u00fan b\u00f2 hu\u1ebf \u00d4ng Ch\u00e0 V\u00e0 75g - TOLIO","description":"Th\u01b0\u01a1ng hi\u1ec7u: \u00d4ng Ch\u00e0 V\u00e0  Xu\u1ea5t x\u1ee9 th\u01b0\u01a1ng hi\u1ec7u: Vi\u1ec7t Nam  Quy c\u00e1ch \u0111\u00f3ng g\u00f3i: g\u00f3i 75g  L\u01b0u \u00fd: Bao b\u00ec s\u1ea3n ph\u1ea9m c\u00f3 th\u1ec3 thay \u0111\u1ed5i theo t\u1eebng \u0111\u1ee3t nh\u1eadp h\u00e0ng","robots":{"index":"index","follow":"follow","max-snippet":"max-snippet:-1","max-image-preview":"max-image-preview:large","max-video-preview":"max-video-preview:-1"},"canonical":"https:\/\/dev.tolio.co.nz\/en\/product\/vietnamese-rice-noodle-soup-with-beetroot-color-and-75g\/","og_locale":"en_US","og_type":"article","og_title":"Vi\u00ean gia v\u1ecb b\u00fan b\u00f2 hu\u1ebf \u00d4ng Ch\u00e0 V\u00e0 75g - TOLIO","og_description":"Th\u01b0\u01a1ng hi\u1ec7u: \u00d4ng Ch\u00e0 V\u00e0  Xu\u1ea5t x\u1ee9 th\u01b0\u01a1ng hi\u1ec7u: Vi\u1ec7t Nam  Quy c\u00e1ch \u0111\u00f3ng g\u00f3i: g\u00f3i 75g  L\u01b0u \u00fd: Bao b\u00ec s\u1ea3n ph\u1ea9m c\u00f3 th\u1ec3 thay \u0111\u1ed5i theo t\u1eebng \u0111\u1ee3t nh\u1eadp h\u00e0ng","og_url":"https:\/\/dev.tolio.co.nz\/en\/product\/vietnamese-rice-noodle-soup-with-beetroot-color-and-75g\/","og_site_name":"TOLIO","article_modified_time":"2025-09-11T04:01:16+00:00","og_image":[{"width":1000,"height":907,"url":"https:\/\/dev.tolio.co.nz\/wp-content\/uploads\/2022\/03\/125.png","type":"image\/png"}],"twitter_card":"summary_large_image","twitter_misc":{"Est. reading time":"1 minute"},"schema":{"@context":"https:\/\/schema.org","@graph":[{"@type":"WebPage","@id":"https:\/\/dev.tolio.co.nz\/san-pham\/vien-gia-vi-bun-bo-hue-ong-cha-va-75g\/","url":"https:\/\/dev.tolio.co.nz\/san-pham\/vien-gia-vi-bun-bo-hue-ong-cha-va-75g\/","name":"Vi\u00ean gia v\u1ecb b\u00fan b\u00f2 hu\u1ebf \u00d4ng Ch\u00e0 V\u00e0 75g - TOLIO","isPartOf":{"@id":"https:\/\/dev.tolio.co.nz\/#website"},"primaryImageOfPage":{"@id":"https:\/\/dev.tolio.co.nz\/san-pham\/vien-gia-vi-bun-bo-hue-ong-cha-va-75g\/#primaryimage"},"image":{"@id":"https:\/\/dev.tolio.co.nz\/san-pham\/vien-gia-vi-bun-bo-hue-ong-cha-va-75g\/#primaryimage"},"thumbnailUrl":"https:\/\/dev.tolio.co.nz\/wp-content\/uploads\/2022\/03\/125.png","datePublished":"2022-03-11T07:49:00+00:00","dateModified":"2025-09-11T04:01:16+00:00","description":"Th\u01b0\u01a1ng hi\u1ec7u: \u00d4ng Ch\u00e0 V\u00e0 Xu\u1ea5t x\u1ee9 th\u01b0\u01a1ng hi\u1ec7u: Vi\u1ec7t Nam Quy c\u00e1ch \u0111\u00f3ng g\u00f3i: g\u00f3i 75g L\u01b0u \u00fd: Bao b\u00ec s\u1ea3n ph\u1ea9m c\u00f3 th\u1ec3 thay \u0111\u1ed5i theo t\u1eebng \u0111\u1ee3t nh\u1eadp h\u00e0ng","breadcrumb":{"@id":"https:\/\/dev.tolio.co.nz\/san-pham\/vien-gia-vi-bun-bo-hue-ong-cha-va-75g\/#breadcrumb"},"inLanguage":"en-US","potentialAction":[{"@type":"ReadAction","target":["https:\/\/dev.tolio.co.nz\/san-pham\/vien-gia-vi-bun-bo-hue-ong-cha-va-75g\/"]}]},{"@type":"ImageObject","inLanguage":"en-US","@id":"https:\/\/dev.tolio.co.nz\/san-pham\/vien-gia-vi-bun-bo-hue-ong-cha-va-75g\/#primaryimage","url":"https:\/\/dev.tolio.co.nz\/wp-content\/uploads\/2022\/03\/125.png","contentUrl":"https:\/\/dev.tolio.co.nz\/wp-content\/uploads\/2022\/03\/125.png","width":1000,"height":907},{"@type":"BreadcrumbList","@id":"https:\/\/dev.tolio.co.nz\/san-pham\/vien-gia-vi-bun-bo-hue-ong-cha-va-75g\/#breadcrumb","itemListElement":[{"@type":"ListItem","position":1,"name":"Home","item":"https:\/\/dev.tolio.co.nz\/"},{"@type":"ListItem","position":2,"name":"C\u1eeda h\u00e0ng","item":"https:\/\/dev.tolio.co.nz\/cua-hang\/"},{"@type":"ListItem","position":3,"name":"Vi\u00ean gia v\u1ecb b\u00fan b\u00f2 hu\u1ebf \u00d4ng Ch\u00e0 V\u00e0 75g"}]},{"@type":"WebSite","@id":"https:\/\/dev.tolio.co.nz\/#website","url":"https:\/\/dev.tolio.co.nz\/","name":"TOLIO","description":"Vietnamese Grocery Online","potentialAction":[{"@type":"SearchAction","target":{"@type":"EntryPoint","urlTemplate":"https:\/\/dev.tolio.co.nz\/?s={search_term_string}"},"query-input":{"@type":"PropertyValueSpecification","valueRequired":true,"valueName":"search_term_string"}}],"inLanguage":"en-US"}]}},"_links":{"self":[{"href":"https:\/\/dev.tolio.co.nz\/en\/wp-json\/wp\/v2\/product\/2827","targetHints":{"allow":["GET"]}}],"collection":[{"href":"https:\/\/dev.tolio.co.nz\/en\/wp-json\/wp\/v2\/product"}],"about":[{"href":"https:\/\/dev.tolio.co.nz\/en\/wp-json\/wp\/v2\/types\/product"}],"replies":[{"embeddable":true,"href":"https:\/\/dev.tolio.co.nz\/en\/wp-json\/wp\/v2\/comments?post=2827"}],"wp:featuredmedia":[{"embeddable":true,"href":"https:\/\/dev.tolio.co.nz\/en\/wp-json\/wp\/v2\/media\/21069"}],"wp:attachment":[{"href":"https:\/\/dev.tolio.co.nz\/en\/wp-json\/wp\/v2\/media?parent=2827"}],"wp:term":[{"taxonomy":"product_brand","embeddable":true,"href":"https:\/\/dev.tolio.co.nz\/en\/wp-json\/wp\/v2\/product_brand?post=2827"},{"taxonomy":"product_cat","embeddable":true,"href":"https:\/\/dev.tolio.co.nz\/en\/wp-json\/wp\/v2\/product_cat?post=2827"},{"taxonomy":"product_tag","embeddable":true,"href":"https:\/\/dev.tolio.co.nz\/en\/wp-json\/wp\/v2\/product_tag?post=2827"}],"curies":[{"name":"wp","href":"https:\/\/api.w.org\/{rel}","templated":true}]}}