{"id":2859,"date":"2022-03-12T20:30:00","date_gmt":"2022-03-12T07:45:00","guid":{"rendered":"https:\/\/tolio2.sitebycat.com\/?post_type=product&#038;p=2859"},"modified":"2025-09-11T16:01:16","modified_gmt":"2025-09-11T04:01:16","slug":"vien-gia-vi-pho-ga-ong-cha-va-75g","status":"publish","type":"product","link":"https:\/\/dev.tolio.co.nz\/en\/product\/vietnamese-rice-noodle-soup-75g\/","title":{"rendered":"Vi\u00ean gia v\u1ecb ph\u1edf g\u00e0 \u00d4ng Ch\u00e0 V\u00e0 75g"},"content":{"rendered":"<p><strong>Vi\u00ean gia v\u1ecb ph\u1edf g\u00e0 \u00d4ng Ch\u00e0 V\u00e0 75g <\/strong>l\u00e0 lo\u1ea1i gia v\u1ecb ho\u00e0n ch\u1ec9nh d\u1ea1ng vi\u00ean c\u00f4 \u0111\u1eb7c t\u1eeb nh\u1eefng lo\u1ea1i nguy\u00ean li\u1ec7u t\u1ef1 nhi\u00ean, mang \u0111\u1ebfn cho ng\u01b0\u1eddi d\u00f9ng h\u01b0\u01a1ng v\u1ecb ph\u1edf g\u00e0 th\u01a1m ngon, \u0111\u00fang chu\u1ea9n.<\/p>\n<ul>\n<li>\u0110\u1ec3 n\u1ea5u m\u1ed9t m\u00f3n ngon \u0111\u00fang chu\u1ea9n ng\u01b0\u1eddi Vi\u1ec7t, c\u00e1c \u0111\u1ea7u b\u1ebfp th\u01b0\u1eddng m\u1ea5t r\u1ea5t nhi\u1ec1u th\u1eddi gian, th\u1eadm ch\u00ed l\u00e0 chu\u1ea9n b\u1ecb c\u1ea3 m\u1ed9t ng\u00e0y h\u00f4m tr\u01b0\u1edbc. Nh\u01b0ng ph\u1ee5 n\u1eef hi\u1ec7n \u0111\u1ea1i, c\u00f3 qu\u00e1 nhi\u1ec1u m\u1ed1i b\u1eadn t\u00e2m, c\u00f4ng vi\u1ec7c b\u1eadn r\u1ed9n, kh\u00f4ng th\u1ec3 d\u00e0nh qu\u00e1 nhi\u1ec1u th\u1eddi gian cho n\u1ea5u n\u01b0\u1edbng.<\/li>\n<li>V\u00ec v\u1eady \u00d4ng Ch\u00e0 V\u00e0 \u0111\u00e3 cho ra \u0111\u1eddi c\u00e1c vi\u00ean gia v\u1ecb, n\u01b0\u1edbc x\u1ed1t \u01b0\u1edbp s\u1eb5n, \u0111\u1ec3 b\u1ea1n ch\u1ec9 c\u1ea7n s\u01a1 ch\u1ebf v\u00e0 b\u1ecf v\u00f4 n\u1ea5u l\u00e0 m\u00f3n \u0103n \u0111\u00e3 th\u01a1m ngon, \u0111\u00fang v\u1ecb.<\/li>\n<\/ul>\n<p><strong>H\u01b0\u1edbng d\u1eabn s\u1eed d\u1ee5ng:<\/strong><\/p>\n<ul>\n<li>Kh\u1ea9u ph\u1ea7n 1 ng\u01b0\u1eddi, d\u00f9ng 150g ph\u1edf t\u01b0\u01a1i ho\u1eb7c 55g ph\u1edf kh\u00f4 tu\u1ef3 th\u00edch. Cho 1 vi\u00ean gia v\u1ecb v\u00e0o 500ml n\u01b0\u1edbc lu\u1ed9c g\u00e0 \u0111un s\u00f4i, \u0111un 2 \u2013 3 ph\u00fat. Cho 50g th\u1ecbt g\u00e0 lu\u1ed9c, ph\u1edf t\u01b0\u01a1i v\u00e0o n\u1ed3i, \u0111un s\u00f4i th\u00eam 1 ph\u00fat v\u00e0 d\u00f9ng v\u1edbi rau.\u0110\u1ed1i v\u1edbi ph\u1edf kh\u00f4, tr\u1ee5ng v\u1edbi n\u01b0\u1edbc s\u00f4i 10 ph\u00fat, v\u1edbt ra cho v\u00e0o n\u1ed3i n\u01b0\u1edbc d\u00f9ng, c\u00f9ng v\u1edbi th\u1ecbt g\u00e0 lu\u1ed9c \u0111un s\u00f4i th\u00eam 1 ph\u00fat v\u00e0 d\u00f9ng v\u1edbi rau<\/li>\n<\/ul>\n<p><strong>B\u1ea3o qu\u1ea3n:<\/strong><\/p>\n<ul>\n<li>\u00a0\u0110\u1ec3 n\u01a1i kh\u00f4 r\u00e1o, tho\u00e1ng m\u00e1t, tr\u00e1nh \u00e1nh n\u1eafng tr\u1ef1c ti\u1ebfp<\/li>\n<\/ul>\n<p><strong>H\u1ea1n s\u1eed d\u1ee5ng:<\/strong> 12 th\u00e1ng k\u1ec3 t\u1eeb ng\u00e0y s\u1ea3n xu\u1ea5t<\/p>","protected":false},"excerpt":{"rendered":"<ul>\n<li>Th\u01b0\u01a1ng hi\u1ec7u: \u00d4ng Ch\u00e0 V\u00e0<\/li>\n<li>Xu\u1ea5t x\u1ee9 th\u01b0\u01a1ng hi\u1ec7u: Vi\u1ec7t Nam<\/li>\n<li>Quy c\u00e1ch \u0111\u00f3ng g\u00f3i: g\u00f3i 75g<\/li>\n<li>L\u01b0u \u00fd: Bao b\u00ec s\u1ea3n ph\u1ea9m c\u00f3 th\u1ec3 thay \u0111\u1ed5i theo t\u1eebng \u0111\u1ee3t nh\u1eadp h\u00e0ng<\/li>\n<\/ul>","protected":false},"featured_media":23008,"comment_status":"open","ping_status":"closed","template":"","meta":[],"product_brand":[],"product_cat":[33,481],"product_tag":[378,389],"class_list":{"0":"post-2859","1":"product","2":"type-product","3":"status-publish","4":"has-post-thumbnail","6":"product_cat-gia-vi","7":"product_cat-gia-vi-hoan-chinh","8":"product_tag-vien-gia-vi","9":"product_tag-vien-gia-vi-pho-ga","10":"pa_thuong-hieu-ong-cha-va","12":"first","13":"instock","14":"sale","15":"shipping-taxable","16":"purchasable","17":"product-type-simple"},"yoast_head":"<!-- This site is optimized with the Yoast SEO plugin v24.4 - https:\/\/yoast.com\/wordpress\/plugins\/seo\/ -->\n<title>Vi\u00ean gia v\u1ecb ph\u1edf g\u00e0 \u00d4ng Ch\u00e0 V\u00e0 75g - TOLIO<\/title>\n<meta name=\"description\" content=\"Th\u01b0\u01a1ng hi\u1ec7u: \u00d4ng Ch\u00e0 V\u00e0  Xu\u1ea5t x\u1ee9 th\u01b0\u01a1ng hi\u1ec7u: Vi\u1ec7t Nam  Quy c\u00e1ch \u0111\u00f3ng g\u00f3i: g\u00f3i 75g  L\u01b0u \u00fd: Bao b\u00ec s\u1ea3n ph\u1ea9m c\u00f3 th\u1ec3 thay \u0111\u1ed5i theo t\u1eebng \u0111\u1ee3t nh\u1eadp h\u00e0ng\" \/>\n<meta name=\"robots\" content=\"index, follow, max-snippet:-1, max-image-preview:large, max-video-preview:-1\" \/>\n<link rel=\"canonical\" href=\"https:\/\/dev.tolio.co.nz\/en\/product\/vietnamese-rice-noodle-soup-75g\/\" \/>\n<meta property=\"og:locale\" content=\"en_US\" \/>\n<meta property=\"og:type\" content=\"article\" \/>\n<meta property=\"og:title\" content=\"Vi\u00ean gia v\u1ecb ph\u1edf g\u00e0 \u00d4ng Ch\u00e0 V\u00e0 75g - TOLIO\" \/>\n<meta property=\"og:description\" content=\"Th\u01b0\u01a1ng hi\u1ec7u: \u00d4ng Ch\u00e0 V\u00e0  Xu\u1ea5t x\u1ee9 th\u01b0\u01a1ng hi\u1ec7u: Vi\u1ec7t Nam  Quy c\u00e1ch \u0111\u00f3ng g\u00f3i: g\u00f3i 75g  L\u01b0u \u00fd: Bao b\u00ec s\u1ea3n ph\u1ea9m c\u00f3 th\u1ec3 thay \u0111\u1ed5i theo t\u1eebng \u0111\u1ee3t nh\u1eadp h\u00e0ng\" \/>\n<meta property=\"og:url\" content=\"https:\/\/dev.tolio.co.nz\/en\/product\/vietnamese-rice-noodle-soup-75g\/\" \/>\n<meta property=\"og:site_name\" content=\"TOLIO\" \/>\n<meta property=\"article:modified_time\" content=\"2025-09-11T04:01:16+00:00\" \/>\n<meta property=\"og:image\" content=\"https:\/\/dev.tolio.co.nz\/wp-content\/uploads\/2022\/03\/13.png\" \/>\n\t<meta property=\"og:image:width\" content=\"1000\" \/>\n\t<meta property=\"og:image:height\" content=\"907\" \/>\n\t<meta property=\"og:image:type\" content=\"image\/png\" \/>\n<meta name=\"twitter:card\" content=\"summary_large_image\" \/>\n<meta name=\"twitter:label1\" content=\"Est. reading time\" \/>\n\t<meta name=\"twitter:data1\" content=\"2 minutes\" \/>\n<script type=\"application\/ld+json\" class=\"yoast-schema-graph\">{\"@context\":\"https:\/\/schema.org\",\"@graph\":[{\"@type\":\"WebPage\",\"@id\":\"https:\/\/dev.tolio.co.nz\/san-pham\/vien-gia-vi-pho-ga-ong-cha-va-75g\/\",\"url\":\"https:\/\/dev.tolio.co.nz\/san-pham\/vien-gia-vi-pho-ga-ong-cha-va-75g\/\",\"name\":\"Vi\u00ean gia v\u1ecb ph\u1edf g\u00e0 \u00d4ng Ch\u00e0 V\u00e0 75g - TOLIO\",\"isPartOf\":{\"@id\":\"https:\/\/dev.tolio.co.nz\/#website\"},\"primaryImageOfPage\":{\"@id\":\"https:\/\/dev.tolio.co.nz\/san-pham\/vien-gia-vi-pho-ga-ong-cha-va-75g\/#primaryimage\"},\"image\":{\"@id\":\"https:\/\/dev.tolio.co.nz\/san-pham\/vien-gia-vi-pho-ga-ong-cha-va-75g\/#primaryimage\"},\"thumbnailUrl\":\"https:\/\/dev.tolio.co.nz\/wp-content\/uploads\/2022\/03\/13.png\",\"datePublished\":\"2022-03-12T07:45:00+00:00\",\"dateModified\":\"2025-09-11T04:01:16+00:00\",\"description\":\"Th\u01b0\u01a1ng hi\u1ec7u: \u00d4ng Ch\u00e0 V\u00e0 Xu\u1ea5t x\u1ee9 th\u01b0\u01a1ng hi\u1ec7u: Vi\u1ec7t Nam Quy c\u00e1ch \u0111\u00f3ng g\u00f3i: g\u00f3i 75g L\u01b0u \u00fd: Bao b\u00ec s\u1ea3n ph\u1ea9m c\u00f3 th\u1ec3 thay \u0111\u1ed5i theo t\u1eebng \u0111\u1ee3t nh\u1eadp h\u00e0ng\",\"breadcrumb\":{\"@id\":\"https:\/\/dev.tolio.co.nz\/san-pham\/vien-gia-vi-pho-ga-ong-cha-va-75g\/#breadcrumb\"},\"inLanguage\":\"en-US\",\"potentialAction\":[{\"@type\":\"ReadAction\",\"target\":[\"https:\/\/dev.tolio.co.nz\/san-pham\/vien-gia-vi-pho-ga-ong-cha-va-75g\/\"]}]},{\"@type\":\"ImageObject\",\"inLanguage\":\"en-US\",\"@id\":\"https:\/\/dev.tolio.co.nz\/san-pham\/vien-gia-vi-pho-ga-ong-cha-va-75g\/#primaryimage\",\"url\":\"https:\/\/dev.tolio.co.nz\/wp-content\/uploads\/2022\/03\/13.png\",\"contentUrl\":\"https:\/\/dev.tolio.co.nz\/wp-content\/uploads\/2022\/03\/13.png\",\"width\":1000,\"height\":907},{\"@type\":\"BreadcrumbList\",\"@id\":\"https:\/\/dev.tolio.co.nz\/san-pham\/vien-gia-vi-pho-ga-ong-cha-va-75g\/#breadcrumb\",\"itemListElement\":[{\"@type\":\"ListItem\",\"position\":1,\"name\":\"Home\",\"item\":\"https:\/\/dev.tolio.co.nz\/\"},{\"@type\":\"ListItem\",\"position\":2,\"name\":\"C\u1eeda h\u00e0ng\",\"item\":\"https:\/\/dev.tolio.co.nz\/cua-hang\/\"},{\"@type\":\"ListItem\",\"position\":3,\"name\":\"Vi\u00ean gia v\u1ecb ph\u1edf g\u00e0 \u00d4ng Ch\u00e0 V\u00e0 75g\"}]},{\"@type\":\"WebSite\",\"@id\":\"https:\/\/dev.tolio.co.nz\/#website\",\"url\":\"https:\/\/dev.tolio.co.nz\/\",\"name\":\"TOLIO\",\"description\":\"Vietnamese Grocery Online\",\"potentialAction\":[{\"@type\":\"SearchAction\",\"target\":{\"@type\":\"EntryPoint\",\"urlTemplate\":\"https:\/\/dev.tolio.co.nz\/?s={search_term_string}\"},\"query-input\":{\"@type\":\"PropertyValueSpecification\",\"valueRequired\":true,\"valueName\":\"search_term_string\"}}],\"inLanguage\":\"en-US\"}]}<\/script>\n<!-- \/ Yoast SEO plugin. -->","yoast_head_json":{"title":"Vi\u00ean gia v\u1ecb ph\u1edf g\u00e0 \u00d4ng Ch\u00e0 V\u00e0 75g - TOLIO","description":"Th\u01b0\u01a1ng hi\u1ec7u: \u00d4ng Ch\u00e0 V\u00e0  Xu\u1ea5t x\u1ee9 th\u01b0\u01a1ng hi\u1ec7u: Vi\u1ec7t Nam  Quy c\u00e1ch \u0111\u00f3ng g\u00f3i: g\u00f3i 75g  L\u01b0u \u00fd: Bao b\u00ec s\u1ea3n ph\u1ea9m c\u00f3 th\u1ec3 thay \u0111\u1ed5i theo t\u1eebng \u0111\u1ee3t nh\u1eadp h\u00e0ng","robots":{"index":"index","follow":"follow","max-snippet":"max-snippet:-1","max-image-preview":"max-image-preview:large","max-video-preview":"max-video-preview:-1"},"canonical":"https:\/\/dev.tolio.co.nz\/en\/product\/vietnamese-rice-noodle-soup-75g\/","og_locale":"en_US","og_type":"article","og_title":"Vi\u00ean gia v\u1ecb ph\u1edf g\u00e0 \u00d4ng Ch\u00e0 V\u00e0 75g - TOLIO","og_description":"Th\u01b0\u01a1ng hi\u1ec7u: \u00d4ng Ch\u00e0 V\u00e0  Xu\u1ea5t x\u1ee9 th\u01b0\u01a1ng hi\u1ec7u: Vi\u1ec7t Nam  Quy c\u00e1ch \u0111\u00f3ng g\u00f3i: g\u00f3i 75g  L\u01b0u \u00fd: Bao b\u00ec s\u1ea3n ph\u1ea9m c\u00f3 th\u1ec3 thay \u0111\u1ed5i theo t\u1eebng \u0111\u1ee3t nh\u1eadp h\u00e0ng","og_url":"https:\/\/dev.tolio.co.nz\/en\/product\/vietnamese-rice-noodle-soup-75g\/","og_site_name":"TOLIO","article_modified_time":"2025-09-11T04:01:16+00:00","og_image":[{"width":1000,"height":907,"url":"https:\/\/dev.tolio.co.nz\/wp-content\/uploads\/2022\/03\/13.png","type":"image\/png"}],"twitter_card":"summary_large_image","twitter_misc":{"Est. reading time":"2 minutes"},"schema":{"@context":"https:\/\/schema.org","@graph":[{"@type":"WebPage","@id":"https:\/\/dev.tolio.co.nz\/san-pham\/vien-gia-vi-pho-ga-ong-cha-va-75g\/","url":"https:\/\/dev.tolio.co.nz\/san-pham\/vien-gia-vi-pho-ga-ong-cha-va-75g\/","name":"Vi\u00ean gia v\u1ecb ph\u1edf g\u00e0 \u00d4ng Ch\u00e0 V\u00e0 75g - TOLIO","isPartOf":{"@id":"https:\/\/dev.tolio.co.nz\/#website"},"primaryImageOfPage":{"@id":"https:\/\/dev.tolio.co.nz\/san-pham\/vien-gia-vi-pho-ga-ong-cha-va-75g\/#primaryimage"},"image":{"@id":"https:\/\/dev.tolio.co.nz\/san-pham\/vien-gia-vi-pho-ga-ong-cha-va-75g\/#primaryimage"},"thumbnailUrl":"https:\/\/dev.tolio.co.nz\/wp-content\/uploads\/2022\/03\/13.png","datePublished":"2022-03-12T07:45:00+00:00","dateModified":"2025-09-11T04:01:16+00:00","description":"Th\u01b0\u01a1ng hi\u1ec7u: \u00d4ng Ch\u00e0 V\u00e0 Xu\u1ea5t x\u1ee9 th\u01b0\u01a1ng hi\u1ec7u: Vi\u1ec7t Nam Quy c\u00e1ch \u0111\u00f3ng g\u00f3i: g\u00f3i 75g L\u01b0u \u00fd: Bao b\u00ec s\u1ea3n ph\u1ea9m c\u00f3 th\u1ec3 thay \u0111\u1ed5i theo t\u1eebng \u0111\u1ee3t nh\u1eadp h\u00e0ng","breadcrumb":{"@id":"https:\/\/dev.tolio.co.nz\/san-pham\/vien-gia-vi-pho-ga-ong-cha-va-75g\/#breadcrumb"},"inLanguage":"en-US","potentialAction":[{"@type":"ReadAction","target":["https:\/\/dev.tolio.co.nz\/san-pham\/vien-gia-vi-pho-ga-ong-cha-va-75g\/"]}]},{"@type":"ImageObject","inLanguage":"en-US","@id":"https:\/\/dev.tolio.co.nz\/san-pham\/vien-gia-vi-pho-ga-ong-cha-va-75g\/#primaryimage","url":"https:\/\/dev.tolio.co.nz\/wp-content\/uploads\/2022\/03\/13.png","contentUrl":"https:\/\/dev.tolio.co.nz\/wp-content\/uploads\/2022\/03\/13.png","width":1000,"height":907},{"@type":"BreadcrumbList","@id":"https:\/\/dev.tolio.co.nz\/san-pham\/vien-gia-vi-pho-ga-ong-cha-va-75g\/#breadcrumb","itemListElement":[{"@type":"ListItem","position":1,"name":"Home","item":"https:\/\/dev.tolio.co.nz\/"},{"@type":"ListItem","position":2,"name":"C\u1eeda h\u00e0ng","item":"https:\/\/dev.tolio.co.nz\/cua-hang\/"},{"@type":"ListItem","position":3,"name":"Vi\u00ean gia v\u1ecb ph\u1edf g\u00e0 \u00d4ng Ch\u00e0 V\u00e0 75g"}]},{"@type":"WebSite","@id":"https:\/\/dev.tolio.co.nz\/#website","url":"https:\/\/dev.tolio.co.nz\/","name":"TOLIO","description":"Vietnamese Grocery Online","potentialAction":[{"@type":"SearchAction","target":{"@type":"EntryPoint","urlTemplate":"https:\/\/dev.tolio.co.nz\/?s={search_term_string}"},"query-input":{"@type":"PropertyValueSpecification","valueRequired":true,"valueName":"search_term_string"}}],"inLanguage":"en-US"}]}},"_links":{"self":[{"href":"https:\/\/dev.tolio.co.nz\/en\/wp-json\/wp\/v2\/product\/2859","targetHints":{"allow":["GET"]}}],"collection":[{"href":"https:\/\/dev.tolio.co.nz\/en\/wp-json\/wp\/v2\/product"}],"about":[{"href":"https:\/\/dev.tolio.co.nz\/en\/wp-json\/wp\/v2\/types\/product"}],"replies":[{"embeddable":true,"href":"https:\/\/dev.tolio.co.nz\/en\/wp-json\/wp\/v2\/comments?post=2859"}],"wp:featuredmedia":[{"embeddable":true,"href":"https:\/\/dev.tolio.co.nz\/en\/wp-json\/wp\/v2\/media\/23008"}],"wp:attachment":[{"href":"https:\/\/dev.tolio.co.nz\/en\/wp-json\/wp\/v2\/media?parent=2859"}],"wp:term":[{"taxonomy":"product_brand","embeddable":true,"href":"https:\/\/dev.tolio.co.nz\/en\/wp-json\/wp\/v2\/product_brand?post=2859"},{"taxonomy":"product_cat","embeddable":true,"href":"https:\/\/dev.tolio.co.nz\/en\/wp-json\/wp\/v2\/product_cat?post=2859"},{"taxonomy":"product_tag","embeddable":true,"href":"https:\/\/dev.tolio.co.nz\/en\/wp-json\/wp\/v2\/product_tag?post=2859"}],"curies":[{"name":"wp","href":"https:\/\/api.w.org\/{rel}","templated":true}]}}