{"id":2927,"date":"2022-03-13T15:28:00","date_gmt":"2022-03-13T02:43:00","guid":{"rendered":"https:\/\/tolio2.sitebycat.com\/?post_type=product&#038;p=2927"},"modified":"2025-09-11T16:00:11","modified_gmt":"2025-09-11T04:00:11","slug":"bot-nep-tai-ky-400g","status":"publish","type":"product","link":"https:\/\/dev.tolio.co.nz\/en\/product\/bot-nep-tai-ki-400g\/","title":{"rendered":"B\u1ed9t n\u1ebfp T\u00e0i K\u00fd 400g"},"content":{"rendered":"<p><strong>B\u1ed9t n\u1ebfp T\u00e0i K\u00fd 400g<\/strong> \u0111\u01b0\u1ee3c ch\u1ebf bi\u1ebfn ho\u00e0n to\u00e0n t\u1eeb nh\u1eefng h\u1ea1t n\u1ebfp s\u1ea1ch, t\u01b0\u01a1i m\u1edbi v\u00e0 ch\u1ea5t l\u01b0\u1ee3ng nh\u1ea5t, sau \u0111\u00f3 \u0111\u01b0\u1ee3c ch\u1ebf bi\u1ebfn qua c\u00e1c c\u00f4ng \u0111o\u1ea1n nh\u01b0 ng\u00e2m, xay, khu\u1ea5y, l\u1eafng, chia b\u1ed9t, ph\u01a1i kh\u00f4 \u0111\u1ec3 th\u00e0nh s\u1ea3n ph\u1ea9m. B\u1ed9t n\u1ebfp T\u00e0i K\u00fd g\u00f3i 400g khi l\u00e0m b\u00e1nh s\u1ebd c\u00f3 \u0111\u1ed9 d\u1ebbo dai v\u00e0 h\u01b0\u01a1ng th\u01a1m \u0111\u1eb7c tr\u01b0ng.<\/p>\n<ul>\n<li>B\u1ed9t n\u1ebfp 400g\u00a0c\u1ee7a\u00a0th\u01b0\u01a1ng hi\u1ec7u T\u00e0i K\u00fd\u00a0l\u00e0 m\u1ed9t lo\u1ea1i\u00a0b\u1ed9t \u0111a d\u1ee5ng\u00a0c\u00f3 th\u1ec3 s\u1eed d\u1ee5ng \u0111\u1ec3 ch\u1ebf bi\u1ebfn c\u00e1c m\u00f3n b\u00e1nh kh\u00e1c nhau. B\u1ed9t n\u1ebfp s\u1ea1ch s\u1ebd kh\u00f4ng l\u1eabn t\u1ea1p ch\u1ea5t ph\u00f9 h\u1ee3p v\u1edbi nh\u1eefng ng\u01b0\u1eddi d\u00e2n hi\u1ec7n \u0111\u1ea1i.<\/li>\n<\/ul>\n<p><strong>H\u01b0\u1edbng d\u1eabn s\u1eed d\u1ee5ng:<\/strong><\/p>\n<ul>\n<li>Th\u00edch h\u1ee3p d\u00f9ng \u0111\u1ec3 ch\u1ebf bi\u1ebfn c\u00e1c m\u00f3n b\u00e1nh truy\u1ec1n th\u1ed1ng nh\u01b0 B\u00e1nh \u00edt tr\u1ea7n, b\u00e1nh d\u00e0y, ch\u00e8 tr\u00f4i n\u01b0\u1edbc,&#8230;<\/li>\n<\/ul>\n<p><strong>B\u1ea3o qu\u1ea3n:<\/strong><\/p>\n<ul>\n<li>\u0110\u1ec3 n\u01a1i kh\u00f4 r\u00e1o, tho\u00e1ng m\u00e1t, tr\u00e1nh \u00e1nh n\u1eafng tr\u1ef1c ti\u1ebfp<\/li>\n<\/ul>","protected":false},"excerpt":{"rendered":"<ul>\n<li>Th\u01b0\u01a1ng hi\u1ec7u: T\u00e0i K\u00fd<\/li>\n<li>Xu\u1ea5t x\u1ee9 th\u01b0\u01a1ng hi\u1ec7u: Vi\u1ec7t Nam<\/li>\n<li>Quy c\u00e1ch \u0111\u00f3ng g\u00f3i: g\u00f3i 400g<\/li>\n<li>L\u01b0u \u00fd: Bao b\u00ec s\u1ea3n ph\u1ea9m c\u00f3 th\u1ec3 thay \u0111\u1ed5i theo t\u1eebng \u0111\u1ee3t nh\u1eadp h\u00e0ng<\/li>\n<\/ul>","protected":false},"featured_media":20966,"comment_status":"open","ping_status":"closed","template":"","meta":[],"product_brand":[],"product_cat":[36,127,514],"product_tag":[424,425],"class_list":{"0":"post-2927","1":"product","2":"type-product","3":"status-publish","4":"has-post-thumbnail","6":"product_cat-thuc-pham-kho","7":"product_cat-bot-kho-cac-loai","8":"product_cat-super-deal","9":"product_tag-bot-nep","10":"product_tag-bot-nep-tai-ky","11":"pa_thuong-hieu-tai-ky","13":"first","14":"instock","15":"sale","16":"shipping-taxable","17":"purchasable","18":"product-type-simple"},"yoast_head":"<!-- This site is optimized with the Yoast SEO plugin v24.4 - https:\/\/yoast.com\/wordpress\/plugins\/seo\/ -->\n<title>B\u1ed9t n\u1ebfp T\u00e0i K\u00fd 400g - TOLIO<\/title>\n<meta name=\"description\" content=\"Th\u01b0\u01a1ng hi\u1ec7u: T\u00e0i K\u00fd  Xu\u1ea5t x\u1ee9 th\u01b0\u01a1ng hi\u1ec7u: Vi\u1ec7t Nam  Quy c\u00e1ch \u0111\u00f3ng g\u00f3i: g\u00f3i 400g  L\u01b0u \u00fd: Bao b\u00ec s\u1ea3n ph\u1ea9m c\u00f3 th\u1ec3 thay \u0111\u1ed5i theo t\u1eebng \u0111\u1ee3t nh\u1eadp h\u00e0ng\" \/>\n<meta name=\"robots\" content=\"index, follow, max-snippet:-1, max-image-preview:large, max-video-preview:-1\" \/>\n<link rel=\"canonical\" href=\"https:\/\/dev.tolio.co.nz\/en\/product\/bot-nep-tai-ki-400g\/\" \/>\n<meta property=\"og:locale\" content=\"en_US\" \/>\n<meta property=\"og:type\" content=\"article\" \/>\n<meta property=\"og:title\" content=\"B\u1ed9t n\u1ebfp T\u00e0i K\u00fd 400g - TOLIO\" \/>\n<meta property=\"og:description\" content=\"Th\u01b0\u01a1ng hi\u1ec7u: T\u00e0i K\u00fd  Xu\u1ea5t x\u1ee9 th\u01b0\u01a1ng hi\u1ec7u: Vi\u1ec7t Nam  Quy c\u00e1ch \u0111\u00f3ng g\u00f3i: g\u00f3i 400g  L\u01b0u \u00fd: Bao b\u00ec s\u1ea3n ph\u1ea9m c\u00f3 th\u1ec3 thay \u0111\u1ed5i theo t\u1eebng \u0111\u1ee3t nh\u1eadp h\u00e0ng\" \/>\n<meta property=\"og:url\" content=\"https:\/\/dev.tolio.co.nz\/en\/product\/bot-nep-tai-ki-400g\/\" \/>\n<meta property=\"og:site_name\" content=\"TOLIO\" \/>\n<meta property=\"article:modified_time\" content=\"2025-09-11T04:00:11+00:00\" \/>\n<meta property=\"og:image\" content=\"https:\/\/dev.tolio.co.nz\/wp-content\/uploads\/2022\/06\/473.png\" \/>\n\t<meta property=\"og:image:width\" content=\"1000\" \/>\n\t<meta property=\"og:image:height\" content=\"907\" \/>\n\t<meta property=\"og:image:type\" content=\"image\/png\" \/>\n<meta name=\"twitter:card\" content=\"summary_large_image\" \/>\n<meta name=\"twitter:label1\" content=\"Est. reading time\" \/>\n\t<meta name=\"twitter:data1\" content=\"1 minute\" \/>\n<script type=\"application\/ld+json\" class=\"yoast-schema-graph\">{\"@context\":\"https:\/\/schema.org\",\"@graph\":[{\"@type\":\"WebPage\",\"@id\":\"https:\/\/dev.tolio.co.nz\/san-pham\/bot-nep-tai-ky-400g\/\",\"url\":\"https:\/\/dev.tolio.co.nz\/san-pham\/bot-nep-tai-ky-400g\/\",\"name\":\"B\u1ed9t n\u1ebfp T\u00e0i K\u00fd 400g - TOLIO\",\"isPartOf\":{\"@id\":\"https:\/\/dev.tolio.co.nz\/#website\"},\"primaryImageOfPage\":{\"@id\":\"https:\/\/dev.tolio.co.nz\/san-pham\/bot-nep-tai-ky-400g\/#primaryimage\"},\"image\":{\"@id\":\"https:\/\/dev.tolio.co.nz\/san-pham\/bot-nep-tai-ky-400g\/#primaryimage\"},\"thumbnailUrl\":\"https:\/\/dev.tolio.co.nz\/wp-content\/uploads\/2022\/06\/473.png\",\"datePublished\":\"2022-03-13T02:43:00+00:00\",\"dateModified\":\"2025-09-11T04:00:11+00:00\",\"description\":\"Th\u01b0\u01a1ng hi\u1ec7u: T\u00e0i K\u00fd Xu\u1ea5t x\u1ee9 th\u01b0\u01a1ng hi\u1ec7u: Vi\u1ec7t Nam Quy c\u00e1ch \u0111\u00f3ng g\u00f3i: g\u00f3i 400g L\u01b0u \u00fd: Bao b\u00ec s\u1ea3n ph\u1ea9m c\u00f3 th\u1ec3 thay \u0111\u1ed5i theo t\u1eebng \u0111\u1ee3t nh\u1eadp h\u00e0ng\",\"breadcrumb\":{\"@id\":\"https:\/\/dev.tolio.co.nz\/san-pham\/bot-nep-tai-ky-400g\/#breadcrumb\"},\"inLanguage\":\"en-US\",\"potentialAction\":[{\"@type\":\"ReadAction\",\"target\":[\"https:\/\/dev.tolio.co.nz\/san-pham\/bot-nep-tai-ky-400g\/\"]}]},{\"@type\":\"ImageObject\",\"inLanguage\":\"en-US\",\"@id\":\"https:\/\/dev.tolio.co.nz\/san-pham\/bot-nep-tai-ky-400g\/#primaryimage\",\"url\":\"https:\/\/dev.tolio.co.nz\/wp-content\/uploads\/2022\/06\/473.png\",\"contentUrl\":\"https:\/\/dev.tolio.co.nz\/wp-content\/uploads\/2022\/06\/473.png\",\"width\":1000,\"height\":907},{\"@type\":\"BreadcrumbList\",\"@id\":\"https:\/\/dev.tolio.co.nz\/san-pham\/bot-nep-tai-ky-400g\/#breadcrumb\",\"itemListElement\":[{\"@type\":\"ListItem\",\"position\":1,\"name\":\"Home\",\"item\":\"https:\/\/dev.tolio.co.nz\/\"},{\"@type\":\"ListItem\",\"position\":2,\"name\":\"C\u1eeda h\u00e0ng\",\"item\":\"https:\/\/dev.tolio.co.nz\/cua-hang\/\"},{\"@type\":\"ListItem\",\"position\":3,\"name\":\"B\u1ed9t n\u1ebfp T\u00e0i K\u00fd 400g\"}]},{\"@type\":\"WebSite\",\"@id\":\"https:\/\/dev.tolio.co.nz\/#website\",\"url\":\"https:\/\/dev.tolio.co.nz\/\",\"name\":\"TOLIO\",\"description\":\"Vietnamese Grocery Online\",\"potentialAction\":[{\"@type\":\"SearchAction\",\"target\":{\"@type\":\"EntryPoint\",\"urlTemplate\":\"https:\/\/dev.tolio.co.nz\/?s={search_term_string}\"},\"query-input\":{\"@type\":\"PropertyValueSpecification\",\"valueRequired\":true,\"valueName\":\"search_term_string\"}}],\"inLanguage\":\"en-US\"}]}<\/script>\n<!-- \/ Yoast SEO plugin. -->","yoast_head_json":{"title":"B\u1ed9t n\u1ebfp T\u00e0i K\u00fd 400g - TOLIO","description":"Th\u01b0\u01a1ng hi\u1ec7u: T\u00e0i K\u00fd  Xu\u1ea5t x\u1ee9 th\u01b0\u01a1ng hi\u1ec7u: Vi\u1ec7t Nam  Quy c\u00e1ch \u0111\u00f3ng g\u00f3i: g\u00f3i 400g  L\u01b0u \u00fd: Bao b\u00ec s\u1ea3n ph\u1ea9m c\u00f3 th\u1ec3 thay \u0111\u1ed5i theo t\u1eebng \u0111\u1ee3t nh\u1eadp h\u00e0ng","robots":{"index":"index","follow":"follow","max-snippet":"max-snippet:-1","max-image-preview":"max-image-preview:large","max-video-preview":"max-video-preview:-1"},"canonical":"https:\/\/dev.tolio.co.nz\/en\/product\/bot-nep-tai-ki-400g\/","og_locale":"en_US","og_type":"article","og_title":"B\u1ed9t n\u1ebfp T\u00e0i K\u00fd 400g - TOLIO","og_description":"Th\u01b0\u01a1ng hi\u1ec7u: T\u00e0i K\u00fd  Xu\u1ea5t x\u1ee9 th\u01b0\u01a1ng hi\u1ec7u: Vi\u1ec7t Nam  Quy c\u00e1ch \u0111\u00f3ng g\u00f3i: g\u00f3i 400g  L\u01b0u \u00fd: Bao b\u00ec s\u1ea3n ph\u1ea9m c\u00f3 th\u1ec3 thay \u0111\u1ed5i theo t\u1eebng \u0111\u1ee3t nh\u1eadp h\u00e0ng","og_url":"https:\/\/dev.tolio.co.nz\/en\/product\/bot-nep-tai-ki-400g\/","og_site_name":"TOLIO","article_modified_time":"2025-09-11T04:00:11+00:00","og_image":[{"width":1000,"height":907,"url":"https:\/\/dev.tolio.co.nz\/wp-content\/uploads\/2022\/06\/473.png","type":"image\/png"}],"twitter_card":"summary_large_image","twitter_misc":{"Est. reading time":"1 minute"},"schema":{"@context":"https:\/\/schema.org","@graph":[{"@type":"WebPage","@id":"https:\/\/dev.tolio.co.nz\/san-pham\/bot-nep-tai-ky-400g\/","url":"https:\/\/dev.tolio.co.nz\/san-pham\/bot-nep-tai-ky-400g\/","name":"B\u1ed9t n\u1ebfp T\u00e0i K\u00fd 400g - TOLIO","isPartOf":{"@id":"https:\/\/dev.tolio.co.nz\/#website"},"primaryImageOfPage":{"@id":"https:\/\/dev.tolio.co.nz\/san-pham\/bot-nep-tai-ky-400g\/#primaryimage"},"image":{"@id":"https:\/\/dev.tolio.co.nz\/san-pham\/bot-nep-tai-ky-400g\/#primaryimage"},"thumbnailUrl":"https:\/\/dev.tolio.co.nz\/wp-content\/uploads\/2022\/06\/473.png","datePublished":"2022-03-13T02:43:00+00:00","dateModified":"2025-09-11T04:00:11+00:00","description":"Th\u01b0\u01a1ng hi\u1ec7u: T\u00e0i K\u00fd Xu\u1ea5t x\u1ee9 th\u01b0\u01a1ng hi\u1ec7u: Vi\u1ec7t Nam Quy c\u00e1ch \u0111\u00f3ng g\u00f3i: g\u00f3i 400g L\u01b0u \u00fd: Bao b\u00ec s\u1ea3n ph\u1ea9m c\u00f3 th\u1ec3 thay \u0111\u1ed5i theo t\u1eebng \u0111\u1ee3t nh\u1eadp h\u00e0ng","breadcrumb":{"@id":"https:\/\/dev.tolio.co.nz\/san-pham\/bot-nep-tai-ky-400g\/#breadcrumb"},"inLanguage":"en-US","potentialAction":[{"@type":"ReadAction","target":["https:\/\/dev.tolio.co.nz\/san-pham\/bot-nep-tai-ky-400g\/"]}]},{"@type":"ImageObject","inLanguage":"en-US","@id":"https:\/\/dev.tolio.co.nz\/san-pham\/bot-nep-tai-ky-400g\/#primaryimage","url":"https:\/\/dev.tolio.co.nz\/wp-content\/uploads\/2022\/06\/473.png","contentUrl":"https:\/\/dev.tolio.co.nz\/wp-content\/uploads\/2022\/06\/473.png","width":1000,"height":907},{"@type":"BreadcrumbList","@id":"https:\/\/dev.tolio.co.nz\/san-pham\/bot-nep-tai-ky-400g\/#breadcrumb","itemListElement":[{"@type":"ListItem","position":1,"name":"Home","item":"https:\/\/dev.tolio.co.nz\/"},{"@type":"ListItem","position":2,"name":"C\u1eeda h\u00e0ng","item":"https:\/\/dev.tolio.co.nz\/cua-hang\/"},{"@type":"ListItem","position":3,"name":"B\u1ed9t n\u1ebfp T\u00e0i K\u00fd 400g"}]},{"@type":"WebSite","@id":"https:\/\/dev.tolio.co.nz\/#website","url":"https:\/\/dev.tolio.co.nz\/","name":"TOLIO","description":"Vietnamese Grocery Online","potentialAction":[{"@type":"SearchAction","target":{"@type":"EntryPoint","urlTemplate":"https:\/\/dev.tolio.co.nz\/?s={search_term_string}"},"query-input":{"@type":"PropertyValueSpecification","valueRequired":true,"valueName":"search_term_string"}}],"inLanguage":"en-US"}]}},"_links":{"self":[{"href":"https:\/\/dev.tolio.co.nz\/en\/wp-json\/wp\/v2\/product\/2927","targetHints":{"allow":["GET"]}}],"collection":[{"href":"https:\/\/dev.tolio.co.nz\/en\/wp-json\/wp\/v2\/product"}],"about":[{"href":"https:\/\/dev.tolio.co.nz\/en\/wp-json\/wp\/v2\/types\/product"}],"replies":[{"embeddable":true,"href":"https:\/\/dev.tolio.co.nz\/en\/wp-json\/wp\/v2\/comments?post=2927"}],"wp:featuredmedia":[{"embeddable":true,"href":"https:\/\/dev.tolio.co.nz\/en\/wp-json\/wp\/v2\/media\/20966"}],"wp:attachment":[{"href":"https:\/\/dev.tolio.co.nz\/en\/wp-json\/wp\/v2\/media?parent=2927"}],"wp:term":[{"taxonomy":"product_brand","embeddable":true,"href":"https:\/\/dev.tolio.co.nz\/en\/wp-json\/wp\/v2\/product_brand?post=2927"},{"taxonomy":"product_cat","embeddable":true,"href":"https:\/\/dev.tolio.co.nz\/en\/wp-json\/wp\/v2\/product_cat?post=2927"},{"taxonomy":"product_tag","embeddable":true,"href":"https:\/\/dev.tolio.co.nz\/en\/wp-json\/wp\/v2\/product_tag?post=2927"}],"curies":[{"name":"wp","href":"https:\/\/api.w.org\/{rel}","templated":true}]}}