{"id":2965,"date":"2022-03-13T16:51:00","date_gmt":"2022-03-13T04:06:00","guid":{"rendered":"https:\/\/tolio2.sitebycat.com\/?post_type=product&#038;p=2965"},"modified":"2025-09-11T15:59:44","modified_gmt":"2025-09-11T03:59:44","slug":"ca-phe-pho-den-da-hop-10-goi-x-16g","status":"publish","type":"product","link":"https:\/\/dev.tolio.co.nz\/en\/product\/coffee-pho-to-da-hop-10-packs-x-16g\/","title":{"rendered":"C\u00e0 ph\u00ea Ph\u1ed1 \u0111en \u0111\u00e1 h\u1ed9p 10 g\u00f3i x 16g"},"content":{"rendered":"<p><strong>C\u00e0 ph\u00ea Ph\u1ed1 \u0111en \u0111\u00e1 h\u1ed9p 10 g\u00f3i x 16g\u00a0<\/strong>mang \u0111\u1ebfn cho ng\u01b0\u1eddi d\u00f9ng nh\u1eefng tr\u1ea3i nghi\u1ec7m c\u00e0 ph\u00ea \u0111\u1ea7y tinh t\u1ebf. S\u1ea3n ph\u1ea9m \u0111em \u0111\u1ebfn nh\u1eefng ly c\u00e0 ph\u00ea \u0111en \u0111\u00e1 s\u00e1nh quy\u1ec7n, \u0111\u1eadm \u0111\u1eb7c c\u00f9ng h\u01b0\u01a1ng th\u01a1m n\u1ed3ng n\u00e0n quy\u1ebfn r\u0169, \u0111\u1ea3m b\u1ea3o h\u00e0i l\u00f2ng kh\u1ea9u v\u1ecb c\u1ee7a b\u1ea5t c\u1ee9 ai y\u00eau th\u00edch c\u00e0 ph\u00ea.<\/p>\n<ul>\n<li>Ngo\u00e0i ra, v\u1edbi thi\u1ebft k\u1ebf bao b\u00ec \u0111\u1eb9p m\u1eaft, c\u00e0 ph\u00ea c\u0169ng th\u00edch h\u1ee3p b\u1ed5 sung v\u00e0o gi\u1ecf qu\u00e0 \u0111\u1ec3 g\u1eedi t\u1eb7ng ng\u01b0\u1eddi th\u00e2n nh\u1eefng d\u1ecbp l\u1ec5 T\u1ebft.<\/li>\n<li>B\u00ean c\u1ea1nh \u0111\u00f3, s\u1ea3n ph\u1ea9m \u0111\u00e3 \u0111\u01b0\u1ee3c \u0111\u00f3ng th\u00e0nh t\u1eebng g\u00f3i nh\u1ecf g\u1ecdn, ti\u1ec7n l\u1ee3i, gi\u00fap b\u1ea1n d\u1ec5 d\u00e0ng pha ch\u1ebf c\u0169ng nh\u01b0 b\u1ea3o qu\u1ea3n trong t\u1ee7 b\u1ebfp gia \u0111\u00ecnh.<\/li>\n<\/ul>\n<p><strong>H\u01b0\u1edbng d\u1eabn s\u1eed d\u1ee5ng:<\/strong><\/p>\n<ul>\n<li>H\u00f2a 1 ho\u1eb7c 2 g\u00f3i v\u1edbi 50 ho\u1eb7c 70ml n\u01b0\u1edbc n\u00f3ng r\u1ed3i khu\u1ea5y \u0111\u1ec1u. Sau \u0111\u00f3 cho th\u00eam \u0111\u00e1 v\u00e0o d\u00f9ng.<\/li>\n<\/ul>\n<p><strong>B\u1ea3o qu\u1ea3n:<\/strong><\/p>\n<ul>\n<li>N\u01a1i kh\u00f4 r\u00e1o, tho\u00e1ng m\u00e1t. Tr\u00e1nh \u00e1nh n\u1eafng tr\u1ef1c ti\u1ebfp.<\/li>\n<\/ul>","protected":false},"excerpt":{"rendered":"<ul>\n<li>Th\u01b0\u01a1ng hi\u1ec7u: C\u00e0 ph\u00ea Ph\u1ed1<\/li>\n<li>Xu\u1ea5t x\u1ee9 th\u01b0\u01a1ng hi\u1ec7u: Vi\u1ec7t Nam<\/li>\n<li>Quy c\u00e1ch \u0111\u00f3ng g\u00f3i: g\u00f3i 16g,10 g\u00f3i\/ h\u1ed9p<\/li>\n<li>L\u01b0u \u00fd: Bao b\u00ec s\u1ea3n ph\u1ea9m c\u00f3 th\u1ec3 thay \u0111\u1ed5i theo t\u1eebng \u0111\u1ee3t nh\u1eadp h\u00e0ng<\/li>\n<\/ul>","protected":false},"featured_media":20909,"comment_status":"open","ping_status":"closed","template":"","meta":[],"product_brand":[],"product_cat":[34,483],"product_tag":[453,452,451],"class_list":{"0":"post-2965","1":"product","2":"type-product","3":"status-publish","4":"has-post-thumbnail","6":"product_cat-thuc-uong","7":"product_cat-ca-phe","8":"product_tag-ca-phe","9":"product_tag-ca-phe-hoa-tan","10":"product_tag-ca-phe-pho-den-da","11":"pa_thuong-hieu-ca-phe-pho","13":"first","14":"instock","15":"sale","16":"shipping-taxable","17":"purchasable","18":"product-type-simple"},"yoast_head":"<!-- This site is optimized with the Yoast SEO plugin v24.4 - https:\/\/yoast.com\/wordpress\/plugins\/seo\/ -->\n<title>C\u00e0 ph\u00ea Ph\u1ed1 \u0111en \u0111\u00e1 h\u1ed9p 10 g\u00f3i x 16g - TOLIO<\/title>\n<meta name=\"description\" content=\"Th\u01b0\u01a1ng hi\u1ec7u: C\u00e0 ph\u00ea Ph\u1ed1  Xu\u1ea5t x\u1ee9 th\u01b0\u01a1ng hi\u1ec7u: Vi\u1ec7t Nam  Quy c\u00e1ch \u0111\u00f3ng g\u00f3i: g\u00f3i 16g,10 g\u00f3i\/ h\u1ed9p  L\u01b0u \u00fd: Bao b\u00ec s\u1ea3n ph\u1ea9m c\u00f3 th\u1ec3 thay \u0111\u1ed5i theo t\u1eebng \u0111\u1ee3t nh\u1eadp h\u00e0ng\" \/>\n<meta name=\"robots\" content=\"index, follow, max-snippet:-1, max-image-preview:large, max-video-preview:-1\" \/>\n<link rel=\"canonical\" href=\"https:\/\/dev.tolio.co.nz\/en\/product\/coffee-pho-to-da-hop-10-packs-x-16g\/\" \/>\n<meta property=\"og:locale\" content=\"en_US\" \/>\n<meta property=\"og:type\" content=\"article\" \/>\n<meta property=\"og:title\" content=\"C\u00e0 ph\u00ea Ph\u1ed1 \u0111en \u0111\u00e1 h\u1ed9p 10 g\u00f3i x 16g - TOLIO\" \/>\n<meta property=\"og:description\" content=\"Th\u01b0\u01a1ng hi\u1ec7u: C\u00e0 ph\u00ea Ph\u1ed1  Xu\u1ea5t x\u1ee9 th\u01b0\u01a1ng hi\u1ec7u: Vi\u1ec7t Nam  Quy c\u00e1ch \u0111\u00f3ng g\u00f3i: g\u00f3i 16g,10 g\u00f3i\/ h\u1ed9p  L\u01b0u \u00fd: Bao b\u00ec s\u1ea3n ph\u1ea9m c\u00f3 th\u1ec3 thay \u0111\u1ed5i theo t\u1eebng \u0111\u1ee3t nh\u1eadp h\u00e0ng\" \/>\n<meta property=\"og:url\" content=\"https:\/\/dev.tolio.co.nz\/en\/product\/coffee-pho-to-da-hop-10-packs-x-16g\/\" \/>\n<meta property=\"og:site_name\" content=\"TOLIO\" \/>\n<meta property=\"article:modified_time\" content=\"2025-09-11T03:59:44+00:00\" \/>\n<meta property=\"og:image\" content=\"https:\/\/dev.tolio.co.nz\/wp-content\/uploads\/2022\/06\/414.png\" \/>\n\t<meta property=\"og:image:width\" content=\"1000\" \/>\n\t<meta property=\"og:image:height\" content=\"907\" \/>\n\t<meta property=\"og:image:type\" content=\"image\/png\" \/>\n<meta name=\"twitter:card\" content=\"summary_large_image\" \/>\n<meta name=\"twitter:label1\" content=\"Est. reading time\" \/>\n\t<meta name=\"twitter:data1\" content=\"1 minute\" \/>\n<script type=\"application\/ld+json\" class=\"yoast-schema-graph\">{\"@context\":\"https:\/\/schema.org\",\"@graph\":[{\"@type\":\"WebPage\",\"@id\":\"https:\/\/dev.tolio.co.nz\/san-pham\/ca-phe-pho-den-da-hop-10-goi-x-16g\/\",\"url\":\"https:\/\/dev.tolio.co.nz\/san-pham\/ca-phe-pho-den-da-hop-10-goi-x-16g\/\",\"name\":\"C\u00e0 ph\u00ea Ph\u1ed1 \u0111en \u0111\u00e1 h\u1ed9p 10 g\u00f3i x 16g - TOLIO\",\"isPartOf\":{\"@id\":\"https:\/\/dev.tolio.co.nz\/#website\"},\"primaryImageOfPage\":{\"@id\":\"https:\/\/dev.tolio.co.nz\/san-pham\/ca-phe-pho-den-da-hop-10-goi-x-16g\/#primaryimage\"},\"image\":{\"@id\":\"https:\/\/dev.tolio.co.nz\/san-pham\/ca-phe-pho-den-da-hop-10-goi-x-16g\/#primaryimage\"},\"thumbnailUrl\":\"https:\/\/dev.tolio.co.nz\/wp-content\/uploads\/2022\/06\/414.png\",\"datePublished\":\"2022-03-13T04:06:00+00:00\",\"dateModified\":\"2025-09-11T03:59:44+00:00\",\"description\":\"Th\u01b0\u01a1ng hi\u1ec7u: C\u00e0 ph\u00ea Ph\u1ed1 Xu\u1ea5t x\u1ee9 th\u01b0\u01a1ng hi\u1ec7u: Vi\u1ec7t Nam Quy c\u00e1ch \u0111\u00f3ng g\u00f3i: g\u00f3i 16g,10 g\u00f3i\/ h\u1ed9p L\u01b0u \u00fd: Bao b\u00ec s\u1ea3n ph\u1ea9m c\u00f3 th\u1ec3 thay \u0111\u1ed5i theo t\u1eebng \u0111\u1ee3t nh\u1eadp h\u00e0ng\",\"breadcrumb\":{\"@id\":\"https:\/\/dev.tolio.co.nz\/san-pham\/ca-phe-pho-den-da-hop-10-goi-x-16g\/#breadcrumb\"},\"inLanguage\":\"en-US\",\"potentialAction\":[{\"@type\":\"ReadAction\",\"target\":[\"https:\/\/dev.tolio.co.nz\/san-pham\/ca-phe-pho-den-da-hop-10-goi-x-16g\/\"]}]},{\"@type\":\"ImageObject\",\"inLanguage\":\"en-US\",\"@id\":\"https:\/\/dev.tolio.co.nz\/san-pham\/ca-phe-pho-den-da-hop-10-goi-x-16g\/#primaryimage\",\"url\":\"https:\/\/dev.tolio.co.nz\/wp-content\/uploads\/2022\/06\/414.png\",\"contentUrl\":\"https:\/\/dev.tolio.co.nz\/wp-content\/uploads\/2022\/06\/414.png\",\"width\":1000,\"height\":907},{\"@type\":\"BreadcrumbList\",\"@id\":\"https:\/\/dev.tolio.co.nz\/san-pham\/ca-phe-pho-den-da-hop-10-goi-x-16g\/#breadcrumb\",\"itemListElement\":[{\"@type\":\"ListItem\",\"position\":1,\"name\":\"Home\",\"item\":\"https:\/\/dev.tolio.co.nz\/\"},{\"@type\":\"ListItem\",\"position\":2,\"name\":\"C\u1eeda h\u00e0ng\",\"item\":\"https:\/\/dev.tolio.co.nz\/cua-hang\/\"},{\"@type\":\"ListItem\",\"position\":3,\"name\":\"C\u00e0 ph\u00ea Ph\u1ed1 \u0111en \u0111\u00e1 h\u1ed9p 10 g\u00f3i x 16g\"}]},{\"@type\":\"WebSite\",\"@id\":\"https:\/\/dev.tolio.co.nz\/#website\",\"url\":\"https:\/\/dev.tolio.co.nz\/\",\"name\":\"TOLIO\",\"description\":\"Vietnamese Grocery Online\",\"potentialAction\":[{\"@type\":\"SearchAction\",\"target\":{\"@type\":\"EntryPoint\",\"urlTemplate\":\"https:\/\/dev.tolio.co.nz\/?s={search_term_string}\"},\"query-input\":{\"@type\":\"PropertyValueSpecification\",\"valueRequired\":true,\"valueName\":\"search_term_string\"}}],\"inLanguage\":\"en-US\"}]}<\/script>\n<!-- \/ Yoast SEO plugin. -->","yoast_head_json":{"title":"C\u00e0 ph\u00ea Ph\u1ed1 \u0111en \u0111\u00e1 h\u1ed9p 10 g\u00f3i x 16g - TOLIO","description":"Th\u01b0\u01a1ng hi\u1ec7u: C\u00e0 ph\u00ea Ph\u1ed1  Xu\u1ea5t x\u1ee9 th\u01b0\u01a1ng hi\u1ec7u: Vi\u1ec7t Nam  Quy c\u00e1ch \u0111\u00f3ng g\u00f3i: g\u00f3i 16g,10 g\u00f3i\/ h\u1ed9p  L\u01b0u \u00fd: Bao b\u00ec s\u1ea3n ph\u1ea9m c\u00f3 th\u1ec3 thay \u0111\u1ed5i theo t\u1eebng \u0111\u1ee3t nh\u1eadp h\u00e0ng","robots":{"index":"index","follow":"follow","max-snippet":"max-snippet:-1","max-image-preview":"max-image-preview:large","max-video-preview":"max-video-preview:-1"},"canonical":"https:\/\/dev.tolio.co.nz\/en\/product\/coffee-pho-to-da-hop-10-packs-x-16g\/","og_locale":"en_US","og_type":"article","og_title":"C\u00e0 ph\u00ea Ph\u1ed1 \u0111en \u0111\u00e1 h\u1ed9p 10 g\u00f3i x 16g - TOLIO","og_description":"Th\u01b0\u01a1ng hi\u1ec7u: C\u00e0 ph\u00ea Ph\u1ed1  Xu\u1ea5t x\u1ee9 th\u01b0\u01a1ng hi\u1ec7u: Vi\u1ec7t Nam  Quy c\u00e1ch \u0111\u00f3ng g\u00f3i: g\u00f3i 16g,10 g\u00f3i\/ h\u1ed9p  L\u01b0u \u00fd: Bao b\u00ec s\u1ea3n ph\u1ea9m c\u00f3 th\u1ec3 thay \u0111\u1ed5i theo t\u1eebng \u0111\u1ee3t nh\u1eadp h\u00e0ng","og_url":"https:\/\/dev.tolio.co.nz\/en\/product\/coffee-pho-to-da-hop-10-packs-x-16g\/","og_site_name":"TOLIO","article_modified_time":"2025-09-11T03:59:44+00:00","og_image":[{"width":1000,"height":907,"url":"https:\/\/dev.tolio.co.nz\/wp-content\/uploads\/2022\/06\/414.png","type":"image\/png"}],"twitter_card":"summary_large_image","twitter_misc":{"Est. reading time":"1 minute"},"schema":{"@context":"https:\/\/schema.org","@graph":[{"@type":"WebPage","@id":"https:\/\/dev.tolio.co.nz\/san-pham\/ca-phe-pho-den-da-hop-10-goi-x-16g\/","url":"https:\/\/dev.tolio.co.nz\/san-pham\/ca-phe-pho-den-da-hop-10-goi-x-16g\/","name":"C\u00e0 ph\u00ea Ph\u1ed1 \u0111en \u0111\u00e1 h\u1ed9p 10 g\u00f3i x 16g - TOLIO","isPartOf":{"@id":"https:\/\/dev.tolio.co.nz\/#website"},"primaryImageOfPage":{"@id":"https:\/\/dev.tolio.co.nz\/san-pham\/ca-phe-pho-den-da-hop-10-goi-x-16g\/#primaryimage"},"image":{"@id":"https:\/\/dev.tolio.co.nz\/san-pham\/ca-phe-pho-den-da-hop-10-goi-x-16g\/#primaryimage"},"thumbnailUrl":"https:\/\/dev.tolio.co.nz\/wp-content\/uploads\/2022\/06\/414.png","datePublished":"2022-03-13T04:06:00+00:00","dateModified":"2025-09-11T03:59:44+00:00","description":"Th\u01b0\u01a1ng hi\u1ec7u: C\u00e0 ph\u00ea Ph\u1ed1 Xu\u1ea5t x\u1ee9 th\u01b0\u01a1ng hi\u1ec7u: Vi\u1ec7t Nam Quy c\u00e1ch \u0111\u00f3ng g\u00f3i: g\u00f3i 16g,10 g\u00f3i\/ h\u1ed9p L\u01b0u \u00fd: Bao b\u00ec s\u1ea3n ph\u1ea9m c\u00f3 th\u1ec3 thay \u0111\u1ed5i theo t\u1eebng \u0111\u1ee3t nh\u1eadp h\u00e0ng","breadcrumb":{"@id":"https:\/\/dev.tolio.co.nz\/san-pham\/ca-phe-pho-den-da-hop-10-goi-x-16g\/#breadcrumb"},"inLanguage":"en-US","potentialAction":[{"@type":"ReadAction","target":["https:\/\/dev.tolio.co.nz\/san-pham\/ca-phe-pho-den-da-hop-10-goi-x-16g\/"]}]},{"@type":"ImageObject","inLanguage":"en-US","@id":"https:\/\/dev.tolio.co.nz\/san-pham\/ca-phe-pho-den-da-hop-10-goi-x-16g\/#primaryimage","url":"https:\/\/dev.tolio.co.nz\/wp-content\/uploads\/2022\/06\/414.png","contentUrl":"https:\/\/dev.tolio.co.nz\/wp-content\/uploads\/2022\/06\/414.png","width":1000,"height":907},{"@type":"BreadcrumbList","@id":"https:\/\/dev.tolio.co.nz\/san-pham\/ca-phe-pho-den-da-hop-10-goi-x-16g\/#breadcrumb","itemListElement":[{"@type":"ListItem","position":1,"name":"Home","item":"https:\/\/dev.tolio.co.nz\/"},{"@type":"ListItem","position":2,"name":"C\u1eeda h\u00e0ng","item":"https:\/\/dev.tolio.co.nz\/cua-hang\/"},{"@type":"ListItem","position":3,"name":"C\u00e0 ph\u00ea Ph\u1ed1 \u0111en \u0111\u00e1 h\u1ed9p 10 g\u00f3i x 16g"}]},{"@type":"WebSite","@id":"https:\/\/dev.tolio.co.nz\/#website","url":"https:\/\/dev.tolio.co.nz\/","name":"TOLIO","description":"Vietnamese Grocery Online","potentialAction":[{"@type":"SearchAction","target":{"@type":"EntryPoint","urlTemplate":"https:\/\/dev.tolio.co.nz\/?s={search_term_string}"},"query-input":{"@type":"PropertyValueSpecification","valueRequired":true,"valueName":"search_term_string"}}],"inLanguage":"en-US"}]}},"_links":{"self":[{"href":"https:\/\/dev.tolio.co.nz\/en\/wp-json\/wp\/v2\/product\/2965","targetHints":{"allow":["GET"]}}],"collection":[{"href":"https:\/\/dev.tolio.co.nz\/en\/wp-json\/wp\/v2\/product"}],"about":[{"href":"https:\/\/dev.tolio.co.nz\/en\/wp-json\/wp\/v2\/types\/product"}],"replies":[{"embeddable":true,"href":"https:\/\/dev.tolio.co.nz\/en\/wp-json\/wp\/v2\/comments?post=2965"}],"wp:featuredmedia":[{"embeddable":true,"href":"https:\/\/dev.tolio.co.nz\/en\/wp-json\/wp\/v2\/media\/20909"}],"wp:attachment":[{"href":"https:\/\/dev.tolio.co.nz\/en\/wp-json\/wp\/v2\/media?parent=2965"}],"wp:term":[{"taxonomy":"product_brand","embeddable":true,"href":"https:\/\/dev.tolio.co.nz\/en\/wp-json\/wp\/v2\/product_brand?post=2965"},{"taxonomy":"product_cat","embeddable":true,"href":"https:\/\/dev.tolio.co.nz\/en\/wp-json\/wp\/v2\/product_cat?post=2965"},{"taxonomy":"product_tag","embeddable":true,"href":"https:\/\/dev.tolio.co.nz\/en\/wp-json\/wp\/v2\/product_tag?post=2965"}],"curies":[{"name":"wp","href":"https:\/\/api.w.org\/{rel}","templated":true}]}}