{"id":3439,"date":"2022-04-17T01:27:00","date_gmt":"2022-04-16T12:42:00","guid":{"rendered":"https:\/\/tolio2.sitebycat.com\/?post_type=product&#038;p=3439"},"modified":"2025-09-11T15:59:59","modified_gmt":"2025-09-11T03:59:59","slug":"dau-xanh-khong-vo-pmt-450g","status":"publish","type":"product","link":"https:\/\/dev.tolio.co.nz\/en\/product\/unwashed-green-bean-sprouts-pmt-450g\/","title":{"rendered":"\u0110\u1eadu xanh kh\u00f4ng v\u1ecf PMT 450g"},"content":{"rendered":"<p><strong>C\u00f4ng d\u1ee5ng:<\/strong><\/p>\n<ul>\n<li>\u0110\u1eadu xanh kh\u00f4ng v\u1ecf c\u0169ng ch\u1ee9a r\u1ea5t nhi\u1ec1u protid, ch\u1ea5t b\u00e9o v\u00e0 ch\u1ea5t x\u01a1. C\u00e1c vitamin quan tr\u1ecdng nh\u01b0 vitamin C, nh\u00f3m B, E,&#8230; v\u00e0 c\u00e1c vi ch\u1ea5t nh\u01b0 canxi, magie, s\u1eaft, k\u1ebdm&#8230;<\/li>\n<li>\u0110\u1eadu xanh kh\u00f4ng v\u1ecf r\u1ea5t t\u1ed1t cho tim m\u1ea1ch<\/li>\n<li>H\u1ed7 tr\u1ee3 gi\u1ea3m c\u00e2n v\u00e0 l\u00e0m \u0111\u1eb9p da<\/li>\n<li>\u1ed4n \u0111\u1ecbnh \u0111\u01b0\u1eddng huy\u1ebft<\/li>\n<li>T\u1ed1t cho ph\u1ee5 n\u1eef c\u00f3 thai<\/li>\n<li>Gi\u00fap b\u1ea3o v\u1ec7 m\u1eaft, t\u0103ng c\u01b0\u1eddng th\u1ecb gi\u00e1c<\/li>\n<li>H\u1ed7 tr\u1ee3 h\u1ec7 mi\u1ec5n d\u1ecbch kho\u1ebb m\u1ea1nh<\/li>\n<\/ul>\n<p><strong>L\u01b0u \u00fd khi s\u1eed d\u1ee5ng:<\/strong><\/p>\n<ul>\n<li>Nh\u1eefng ng\u01b0\u1eddi c\u00f3 th\u1ec3 ch\u1ea5t h\u00e0n l\u1ea1nh, hay b\u1ecb l\u1ea1nh b\u1ee5ng, \u0111ang u\u1ed1ng thu\u1ed1c ho\u1eb7c c\u01a1 th\u1ec3 suy nh\u01b0\u1ee3c th\u00ec kh\u00f4ng n\u00ean \u0103n \u0111\u1eadu xanh.<\/li>\n<li>Kh\u00f4ng n\u00ean \u0103n \u0111\u1eadu xanh c\u00f2n s\u1ed1ng v\u00ec n\u00f3 c\u00f3 th\u1ec3 khi\u1ebfn b\u1ea1n b\u1ecb say, \u00f3i, ch\u00f3ng m\u1eb7t,\u2026<\/li>\n<li>Kh\u00f4ng \u0103n \u0111\u1eadu xanh khi \u0111\u00f3i v\u00ec t\u00ednh h\u00e0n c\u1ee7a \u0111\u1eadu s\u1ebd kh\u00f4ng t\u1ed1t cho d\u1ea1 d\u00e0y.<\/li>\n<\/ul>\n<p><strong>B\u1ea3o qu\u1ea3n:<\/strong><\/p>\n<ul>\n<li>B\u1ea3o qu\u1ea3n n\u01a1i kh\u00f4 r\u00e1o, tho\u00e1ng m\u00e1t.<\/li>\n<li>Tr\u00e1nh \u00e1nh n\u1eafng tr\u1ef1c ti\u1ebfp.<\/li>\n<\/ul>","protected":false},"excerpt":{"rendered":"<ul>\n<li>Th\u01b0\u01a1ng hi\u1ec7u: Ph\u00fa Minh T\u00e2m<\/li>\n<li>Xu\u1ea5t x\u1ee9 th\u01b0\u01a1ng hi\u1ec7u: Vi\u1ec7t Nam<\/li>\n<li>Quy c\u00e1ch \u0111\u00f3ng g\u00f3i: g\u00f3i 450g<\/li>\n<li>L\u01b0u \u00fd: Bao b\u00ec s\u1ea3n ph\u1ea9m c\u00f3 th\u1ec3 thay \u0111\u1ed5i theo t\u1eebng \u0111\u1ee3t nh\u1eadp h\u00e0ng<\/li>\n<\/ul>","protected":false},"featured_media":20155,"comment_status":"open","ping_status":"closed","template":"","meta":[],"product_brand":[],"product_cat":[48,30,31,514],"product_tag":[489],"class_list":{"0":"post-3439","1":"product","2":"type-product","3":"status-publish","4":"has-post-thumbnail","6":"product_cat-gao-nep","7":"product_cat-ban-chay-nhat","8":"product_cat-hang-moi-ve","9":"product_cat-super-deal","10":"product_tag-dau-xanh","11":"pa_thuong-hieu-phu-minh-tam","13":"first","14":"instock","15":"sale","16":"shipping-taxable","17":"purchasable","18":"product-type-simple"},"yoast_head":"<!-- This site is optimized with the Yoast SEO plugin v24.4 - https:\/\/yoast.com\/wordpress\/plugins\/seo\/ -->\n<title>\u0110\u1eadu xanh kh\u00f4ng v\u1ecf PMT 450g - TOLIO<\/title>\n<meta name=\"description\" content=\"Th\u01b0\u01a1ng hi\u1ec7u: Ph\u00fa Minh T\u00e2m  Xu\u1ea5t x\u1ee9 th\u01b0\u01a1ng hi\u1ec7u: Vi\u1ec7t Nam  Quy c\u00e1ch \u0111\u00f3ng g\u00f3i: g\u00f3i 450g  L\u01b0u \u00fd: Bao b\u00ec s\u1ea3n ph\u1ea9m c\u00f3 th\u1ec3 thay \u0111\u1ed5i theo t\u1eebng \u0111\u1ee3t nh\u1eadp h\u00e0ng\" \/>\n<meta name=\"robots\" content=\"index, follow, max-snippet:-1, max-image-preview:large, max-video-preview:-1\" \/>\n<link rel=\"canonical\" href=\"https:\/\/dev.tolio.co.nz\/en\/product\/unwashed-green-bean-sprouts-pmt-450g\/\" \/>\n<meta property=\"og:locale\" content=\"en_US\" \/>\n<meta property=\"og:type\" content=\"article\" \/>\n<meta property=\"og:title\" content=\"\u0110\u1eadu xanh kh\u00f4ng v\u1ecf PMT 450g - TOLIO\" \/>\n<meta property=\"og:description\" content=\"Th\u01b0\u01a1ng hi\u1ec7u: Ph\u00fa Minh T\u00e2m  Xu\u1ea5t x\u1ee9 th\u01b0\u01a1ng hi\u1ec7u: Vi\u1ec7t Nam  Quy c\u00e1ch \u0111\u00f3ng g\u00f3i: g\u00f3i 450g  L\u01b0u \u00fd: Bao b\u00ec s\u1ea3n ph\u1ea9m c\u00f3 th\u1ec3 thay \u0111\u1ed5i theo t\u1eebng \u0111\u1ee3t nh\u1eadp h\u00e0ng\" \/>\n<meta property=\"og:url\" content=\"https:\/\/dev.tolio.co.nz\/en\/product\/unwashed-green-bean-sprouts-pmt-450g\/\" \/>\n<meta property=\"og:site_name\" content=\"TOLIO\" \/>\n<meta property=\"article:modified_time\" content=\"2025-09-11T03:59:59+00:00\" \/>\n<meta property=\"og:image\" content=\"https:\/\/dev.tolio.co.nz\/wp-content\/uploads\/2022\/04\/5.png\" \/>\n\t<meta property=\"og:image:width\" content=\"1000\" \/>\n\t<meta property=\"og:image:height\" content=\"907\" \/>\n\t<meta property=\"og:image:type\" content=\"image\/png\" \/>\n<meta name=\"twitter:card\" content=\"summary_large_image\" \/>\n<meta name=\"twitter:label1\" content=\"Est. reading time\" \/>\n\t<meta name=\"twitter:data1\" content=\"1 minute\" \/>\n<script type=\"application\/ld+json\" class=\"yoast-schema-graph\">{\"@context\":\"https:\/\/schema.org\",\"@graph\":[{\"@type\":\"WebPage\",\"@id\":\"https:\/\/dev.tolio.co.nz\/san-pham\/dau-xanh-khong-vo-pmt-450g\/\",\"url\":\"https:\/\/dev.tolio.co.nz\/san-pham\/dau-xanh-khong-vo-pmt-450g\/\",\"name\":\"\u0110\u1eadu xanh kh\u00f4ng v\u1ecf PMT 450g - TOLIO\",\"isPartOf\":{\"@id\":\"https:\/\/dev.tolio.co.nz\/#website\"},\"primaryImageOfPage\":{\"@id\":\"https:\/\/dev.tolio.co.nz\/san-pham\/dau-xanh-khong-vo-pmt-450g\/#primaryimage\"},\"image\":{\"@id\":\"https:\/\/dev.tolio.co.nz\/san-pham\/dau-xanh-khong-vo-pmt-450g\/#primaryimage\"},\"thumbnailUrl\":\"https:\/\/dev.tolio.co.nz\/wp-content\/uploads\/2022\/04\/5.png\",\"datePublished\":\"2022-04-16T12:42:00+00:00\",\"dateModified\":\"2025-09-11T03:59:59+00:00\",\"description\":\"Th\u01b0\u01a1ng hi\u1ec7u: Ph\u00fa Minh T\u00e2m Xu\u1ea5t x\u1ee9 th\u01b0\u01a1ng hi\u1ec7u: Vi\u1ec7t Nam Quy c\u00e1ch \u0111\u00f3ng g\u00f3i: g\u00f3i 450g L\u01b0u \u00fd: Bao b\u00ec s\u1ea3n ph\u1ea9m c\u00f3 th\u1ec3 thay \u0111\u1ed5i theo t\u1eebng \u0111\u1ee3t nh\u1eadp h\u00e0ng\",\"breadcrumb\":{\"@id\":\"https:\/\/dev.tolio.co.nz\/san-pham\/dau-xanh-khong-vo-pmt-450g\/#breadcrumb\"},\"inLanguage\":\"en-US\",\"potentialAction\":[{\"@type\":\"ReadAction\",\"target\":[\"https:\/\/dev.tolio.co.nz\/san-pham\/dau-xanh-khong-vo-pmt-450g\/\"]}]},{\"@type\":\"ImageObject\",\"inLanguage\":\"en-US\",\"@id\":\"https:\/\/dev.tolio.co.nz\/san-pham\/dau-xanh-khong-vo-pmt-450g\/#primaryimage\",\"url\":\"https:\/\/dev.tolio.co.nz\/wp-content\/uploads\/2022\/04\/5.png\",\"contentUrl\":\"https:\/\/dev.tolio.co.nz\/wp-content\/uploads\/2022\/04\/5.png\",\"width\":1000,\"height\":907},{\"@type\":\"BreadcrumbList\",\"@id\":\"https:\/\/dev.tolio.co.nz\/san-pham\/dau-xanh-khong-vo-pmt-450g\/#breadcrumb\",\"itemListElement\":[{\"@type\":\"ListItem\",\"position\":1,\"name\":\"Home\",\"item\":\"https:\/\/dev.tolio.co.nz\/\"},{\"@type\":\"ListItem\",\"position\":2,\"name\":\"C\u1eeda h\u00e0ng\",\"item\":\"https:\/\/dev.tolio.co.nz\/cua-hang\/\"},{\"@type\":\"ListItem\",\"position\":3,\"name\":\"\u0110\u1eadu xanh kh\u00f4ng v\u1ecf PMT 450g\"}]},{\"@type\":\"WebSite\",\"@id\":\"https:\/\/dev.tolio.co.nz\/#website\",\"url\":\"https:\/\/dev.tolio.co.nz\/\",\"name\":\"TOLIO\",\"description\":\"Vietnamese Grocery Online\",\"potentialAction\":[{\"@type\":\"SearchAction\",\"target\":{\"@type\":\"EntryPoint\",\"urlTemplate\":\"https:\/\/dev.tolio.co.nz\/?s={search_term_string}\"},\"query-input\":{\"@type\":\"PropertyValueSpecification\",\"valueRequired\":true,\"valueName\":\"search_term_string\"}}],\"inLanguage\":\"en-US\"}]}<\/script>\n<!-- \/ Yoast SEO plugin. -->","yoast_head_json":{"title":"\u0110\u1eadu xanh kh\u00f4ng v\u1ecf PMT 450g - TOLIO","description":"Th\u01b0\u01a1ng hi\u1ec7u: Ph\u00fa Minh T\u00e2m  Xu\u1ea5t x\u1ee9 th\u01b0\u01a1ng hi\u1ec7u: Vi\u1ec7t Nam  Quy c\u00e1ch \u0111\u00f3ng g\u00f3i: g\u00f3i 450g  L\u01b0u \u00fd: Bao b\u00ec s\u1ea3n ph\u1ea9m c\u00f3 th\u1ec3 thay \u0111\u1ed5i theo t\u1eebng \u0111\u1ee3t nh\u1eadp h\u00e0ng","robots":{"index":"index","follow":"follow","max-snippet":"max-snippet:-1","max-image-preview":"max-image-preview:large","max-video-preview":"max-video-preview:-1"},"canonical":"https:\/\/dev.tolio.co.nz\/en\/product\/unwashed-green-bean-sprouts-pmt-450g\/","og_locale":"en_US","og_type":"article","og_title":"\u0110\u1eadu xanh kh\u00f4ng v\u1ecf PMT 450g - TOLIO","og_description":"Th\u01b0\u01a1ng hi\u1ec7u: Ph\u00fa Minh T\u00e2m  Xu\u1ea5t x\u1ee9 th\u01b0\u01a1ng hi\u1ec7u: Vi\u1ec7t Nam  Quy c\u00e1ch \u0111\u00f3ng g\u00f3i: g\u00f3i 450g  L\u01b0u \u00fd: Bao b\u00ec s\u1ea3n ph\u1ea9m c\u00f3 th\u1ec3 thay \u0111\u1ed5i theo t\u1eebng \u0111\u1ee3t nh\u1eadp h\u00e0ng","og_url":"https:\/\/dev.tolio.co.nz\/en\/product\/unwashed-green-bean-sprouts-pmt-450g\/","og_site_name":"TOLIO","article_modified_time":"2025-09-11T03:59:59+00:00","og_image":[{"width":1000,"height":907,"url":"https:\/\/dev.tolio.co.nz\/wp-content\/uploads\/2022\/04\/5.png","type":"image\/png"}],"twitter_card":"summary_large_image","twitter_misc":{"Est. reading time":"1 minute"},"schema":{"@context":"https:\/\/schema.org","@graph":[{"@type":"WebPage","@id":"https:\/\/dev.tolio.co.nz\/san-pham\/dau-xanh-khong-vo-pmt-450g\/","url":"https:\/\/dev.tolio.co.nz\/san-pham\/dau-xanh-khong-vo-pmt-450g\/","name":"\u0110\u1eadu xanh kh\u00f4ng v\u1ecf PMT 450g - TOLIO","isPartOf":{"@id":"https:\/\/dev.tolio.co.nz\/#website"},"primaryImageOfPage":{"@id":"https:\/\/dev.tolio.co.nz\/san-pham\/dau-xanh-khong-vo-pmt-450g\/#primaryimage"},"image":{"@id":"https:\/\/dev.tolio.co.nz\/san-pham\/dau-xanh-khong-vo-pmt-450g\/#primaryimage"},"thumbnailUrl":"https:\/\/dev.tolio.co.nz\/wp-content\/uploads\/2022\/04\/5.png","datePublished":"2022-04-16T12:42:00+00:00","dateModified":"2025-09-11T03:59:59+00:00","description":"Th\u01b0\u01a1ng hi\u1ec7u: Ph\u00fa Minh T\u00e2m Xu\u1ea5t x\u1ee9 th\u01b0\u01a1ng hi\u1ec7u: Vi\u1ec7t Nam Quy c\u00e1ch \u0111\u00f3ng g\u00f3i: g\u00f3i 450g L\u01b0u \u00fd: Bao b\u00ec s\u1ea3n ph\u1ea9m c\u00f3 th\u1ec3 thay \u0111\u1ed5i theo t\u1eebng \u0111\u1ee3t nh\u1eadp h\u00e0ng","breadcrumb":{"@id":"https:\/\/dev.tolio.co.nz\/san-pham\/dau-xanh-khong-vo-pmt-450g\/#breadcrumb"},"inLanguage":"en-US","potentialAction":[{"@type":"ReadAction","target":["https:\/\/dev.tolio.co.nz\/san-pham\/dau-xanh-khong-vo-pmt-450g\/"]}]},{"@type":"ImageObject","inLanguage":"en-US","@id":"https:\/\/dev.tolio.co.nz\/san-pham\/dau-xanh-khong-vo-pmt-450g\/#primaryimage","url":"https:\/\/dev.tolio.co.nz\/wp-content\/uploads\/2022\/04\/5.png","contentUrl":"https:\/\/dev.tolio.co.nz\/wp-content\/uploads\/2022\/04\/5.png","width":1000,"height":907},{"@type":"BreadcrumbList","@id":"https:\/\/dev.tolio.co.nz\/san-pham\/dau-xanh-khong-vo-pmt-450g\/#breadcrumb","itemListElement":[{"@type":"ListItem","position":1,"name":"Home","item":"https:\/\/dev.tolio.co.nz\/"},{"@type":"ListItem","position":2,"name":"C\u1eeda h\u00e0ng","item":"https:\/\/dev.tolio.co.nz\/cua-hang\/"},{"@type":"ListItem","position":3,"name":"\u0110\u1eadu xanh kh\u00f4ng v\u1ecf PMT 450g"}]},{"@type":"WebSite","@id":"https:\/\/dev.tolio.co.nz\/#website","url":"https:\/\/dev.tolio.co.nz\/","name":"TOLIO","description":"Vietnamese Grocery Online","potentialAction":[{"@type":"SearchAction","target":{"@type":"EntryPoint","urlTemplate":"https:\/\/dev.tolio.co.nz\/?s={search_term_string}"},"query-input":{"@type":"PropertyValueSpecification","valueRequired":true,"valueName":"search_term_string"}}],"inLanguage":"en-US"}]}},"_links":{"self":[{"href":"https:\/\/dev.tolio.co.nz\/en\/wp-json\/wp\/v2\/product\/3439","targetHints":{"allow":["GET"]}}],"collection":[{"href":"https:\/\/dev.tolio.co.nz\/en\/wp-json\/wp\/v2\/product"}],"about":[{"href":"https:\/\/dev.tolio.co.nz\/en\/wp-json\/wp\/v2\/types\/product"}],"replies":[{"embeddable":true,"href":"https:\/\/dev.tolio.co.nz\/en\/wp-json\/wp\/v2\/comments?post=3439"}],"wp:featuredmedia":[{"embeddable":true,"href":"https:\/\/dev.tolio.co.nz\/en\/wp-json\/wp\/v2\/media\/20155"}],"wp:attachment":[{"href":"https:\/\/dev.tolio.co.nz\/en\/wp-json\/wp\/v2\/media?parent=3439"}],"wp:term":[{"taxonomy":"product_brand","embeddable":true,"href":"https:\/\/dev.tolio.co.nz\/en\/wp-json\/wp\/v2\/product_brand?post=3439"},{"taxonomy":"product_cat","embeddable":true,"href":"https:\/\/dev.tolio.co.nz\/en\/wp-json\/wp\/v2\/product_cat?post=3439"},{"taxonomy":"product_tag","embeddable":true,"href":"https:\/\/dev.tolio.co.nz\/en\/wp-json\/wp\/v2\/product_tag?post=3439"}],"curies":[{"name":"wp","href":"https:\/\/api.w.org\/{rel}","templated":true}]}}