{"id":3480,"date":"2022-04-17T01:27:00","date_gmt":"2022-04-16T12:42:00","guid":{"rendered":"https:\/\/tolio2.sitebycat.com\/?post_type=product&#038;p=3480"},"modified":"2025-09-11T15:59:40","modified_gmt":"2025-09-11T03:59:40","slug":"xoai-ngam-duong-ngoc-lien-hop-800g","status":"publish","type":"product","link":"https:\/\/dev.tolio.co.nz\/en\/product\/duong-ngoc-lien-hop-mango-800g\/","title":{"rendered":"Xo\u00e0i ng\u00e2m \u0111\u01b0\u1eddng Ng\u1ecdc Li\u00ean h\u1ed9p 800g"},"content":{"rendered":"<p><strong>Xo\u00e0i ng\u00e2m \u0111\u01b0\u1eddng Ng\u1ecdc Li\u00ean<\/strong>\u00a0 l\u00e0 m\u00f3n \u0103n \u0111\u01b0\u1ee3c nhi\u1ec1u ng\u01b0\u1eddi y\u00eau th\u00edch, nh\u1ea5t l\u00e0 v\u1edbi c\u00e1c b\u1ea1n n\u1eef v\u00ec v\u1ecb chua ng\u1ecdt th\u01a1m ngon, h\u1ea5p d\u1eabn v\u1ecb gi\u00e1c. Nh\u1eefng mi\u1ebfng xo\u00e0i ng\u00e2m c\u00f9ng v\u1edbi \u0111\u01b0\u1eddng s\u1ebd l\u00e0m cho bu\u1ed5i h\u1ecdp m\u1eb7t c\u1ee7a b\u1ea1n v\u1edbi b\u1ea1n b\u00e8 th\u00eam th\u00fa v\u1ecb. S\u1ea3n ph\u1ea9m \u0111\u01b0\u1ee3c l\u00e0m t\u1eeb xo\u00e0i tr\u1ed3ng t\u1ef1 nhi\u00ean, mang \u0111\u1ebfn h\u01b0\u01a1ng v\u1ecb th\u01a1m ngon ch\u00e2n th\u1ef1c. T\u1eebng qu\u1ea3 xo\u00e0i \u0111\u01b0\u1ee3c l\u1ef1a ch\u1ecdn k\u1ef9 l\u01b0\u1ee1ng, qua qu\u00e1 tr\u00ecnh ch\u1ebf bi\u1ebfn kh\u00e9p k\u00edn s\u1ebd mang \u0111\u1ebfn cho b\u1ea1n m\u00f3n \u0103n th\u1eadt ngon mi\u1ec7ng.<\/p>\n<p>Xo\u00e0i ng\u00e2m \u0111\u01b0\u1eddng Ng\u1ecdc Li\u00ean tr\u1ea3i qua to\u00e0n b\u1ed9 c\u00f4ng \u0111o\u1ea1n ch\u1ebf bi\u1ebfn \u0111\u1ec1u \u0111\u01b0\u1ee3c gi\u00e1m s\u00e1t nghi\u00eam ng\u1eb7t, \u0111\u00e1p \u1ee9ng ch\u1ea5t l\u01b0\u1ee3ng cho s\u1ea3n ph\u1ea9m. \u0110\u1eb7c bi\u1ec7t, xo\u00e0i ng\u00e2m kh\u00f4ng ch\u1ee9a h\u00e0n the, b\u1ea3o \u0111\u1ea3m an to\u00e0n cho s\u1ee9c kh\u1ecfe ng\u01b0\u1eddi d\u00f9ng.<\/p>\n<p><strong>H\u01b0\u1edbng d\u1eabn s\u1eed d\u1ee5ng:<\/strong><\/p>\n<ul>\n<li>D\u00f9ng \u0103n li\u1ec1n<\/li>\n<\/ul>\n<p><strong>B\u1ea3o qu\u1ea3n:<\/strong><\/p>\n<ul>\n<li>B\u1ea3o qu\u1ea3n n\u01a1i tho\u00e1ng m\u00e1t, tr\u00e1nh \u00e1nh n\u1eafng m\u1eb7t tr\u1eddi<\/li>\n<\/ul>","protected":false},"excerpt":{"rendered":"<ul>\n<li>Th\u01b0\u01a1ng hi\u1ec7u: Ng\u1ecdc Li\u00ean<\/li>\n<li>Xu\u1ea5t x\u1ee9 th\u01b0\u01a1ng hi\u1ec7u: Vi\u1ec7t Nam<\/li>\n<li>Quy c\u00e1ch \u0111\u00f3ng g\u00f3i: H\u1ed9p 800g<\/li>\n<li>L\u01b0u \u00fd: Bao b\u00ec s\u1ea3n ph\u1ea9m c\u00f3 th\u1ec3 thay \u0111\u1ed5i theo t\u1eebng \u0111\u1ee3t nh\u1eadp h\u00e0ng<\/li>\n<\/ul>","protected":false},"featured_media":20851,"comment_status":"open","ping_status":"closed","template":"","meta":[],"product_brand":[],"product_cat":[35,31],"product_tag":[494],"class_list":{"0":"post-3480","1":"product","2":"type-product","3":"status-publish","4":"has-post-thumbnail","6":"product_cat-banh-keo","7":"product_cat-hang-moi-ve","8":"product_tag-xoai-ngam","9":"pa_thuong-hieu-ngoc-lien","11":"first","12":"instock","13":"sale","14":"shipping-taxable","15":"purchasable","16":"product-type-simple"},"yoast_head":"<!-- This site is optimized with the Yoast SEO plugin v24.4 - https:\/\/yoast.com\/wordpress\/plugins\/seo\/ -->\n<title>Xo\u00e0i ng\u00e2m \u0111\u01b0\u1eddng Ng\u1ecdc Li\u00ean h\u1ed9p 800g - TOLIO<\/title>\n<meta name=\"description\" content=\"Th\u01b0\u01a1ng hi\u1ec7u: Ng\u1ecdc Li\u00ean  Xu\u1ea5t x\u1ee9 th\u01b0\u01a1ng hi\u1ec7u: Vi\u1ec7t Nam  Quy c\u00e1ch \u0111\u00f3ng g\u00f3i: H\u1ed9p 800g  L\u01b0u \u00fd: Bao b\u00ec s\u1ea3n ph\u1ea9m c\u00f3 th\u1ec3 thay \u0111\u1ed5i theo t\u1eebng \u0111\u1ee3t nh\u1eadp h\u00e0ng\" \/>\n<meta name=\"robots\" content=\"index, follow, max-snippet:-1, max-image-preview:large, max-video-preview:-1\" \/>\n<link rel=\"canonical\" href=\"https:\/\/dev.tolio.co.nz\/en\/product\/duong-ngoc-lien-hop-mango-800g\/\" \/>\n<meta property=\"og:locale\" content=\"en_US\" \/>\n<meta property=\"og:type\" content=\"article\" \/>\n<meta property=\"og:title\" content=\"Xo\u00e0i ng\u00e2m \u0111\u01b0\u1eddng Ng\u1ecdc Li\u00ean h\u1ed9p 800g - TOLIO\" \/>\n<meta property=\"og:description\" content=\"Th\u01b0\u01a1ng hi\u1ec7u: Ng\u1ecdc Li\u00ean  Xu\u1ea5t x\u1ee9 th\u01b0\u01a1ng hi\u1ec7u: Vi\u1ec7t Nam  Quy c\u00e1ch \u0111\u00f3ng g\u00f3i: H\u1ed9p 800g  L\u01b0u \u00fd: Bao b\u00ec s\u1ea3n ph\u1ea9m c\u00f3 th\u1ec3 thay \u0111\u1ed5i theo t\u1eebng \u0111\u1ee3t nh\u1eadp h\u00e0ng\" \/>\n<meta property=\"og:url\" content=\"https:\/\/dev.tolio.co.nz\/en\/product\/duong-ngoc-lien-hop-mango-800g\/\" \/>\n<meta property=\"og:site_name\" content=\"TOLIO\" \/>\n<meta property=\"article:modified_time\" content=\"2025-09-11T03:59:40+00:00\" \/>\n<meta property=\"og:image\" content=\"https:\/\/dev.tolio.co.nz\/wp-content\/uploads\/2022\/04\/362.png\" \/>\n\t<meta property=\"og:image:width\" content=\"1000\" \/>\n\t<meta property=\"og:image:height\" content=\"907\" \/>\n\t<meta property=\"og:image:type\" content=\"image\/png\" \/>\n<meta name=\"twitter:card\" content=\"summary_large_image\" \/>\n<meta name=\"twitter:label1\" content=\"Est. reading time\" \/>\n\t<meta name=\"twitter:data1\" content=\"1 minute\" \/>\n<script type=\"application\/ld+json\" class=\"yoast-schema-graph\">{\"@context\":\"https:\/\/schema.org\",\"@graph\":[{\"@type\":\"WebPage\",\"@id\":\"https:\/\/dev.tolio.co.nz\/san-pham\/xoai-ngam-duong-ngoc-lien-hop-800g\/\",\"url\":\"https:\/\/dev.tolio.co.nz\/san-pham\/xoai-ngam-duong-ngoc-lien-hop-800g\/\",\"name\":\"Xo\u00e0i ng\u00e2m \u0111\u01b0\u1eddng Ng\u1ecdc Li\u00ean h\u1ed9p 800g - TOLIO\",\"isPartOf\":{\"@id\":\"https:\/\/dev.tolio.co.nz\/#website\"},\"primaryImageOfPage\":{\"@id\":\"https:\/\/dev.tolio.co.nz\/san-pham\/xoai-ngam-duong-ngoc-lien-hop-800g\/#primaryimage\"},\"image\":{\"@id\":\"https:\/\/dev.tolio.co.nz\/san-pham\/xoai-ngam-duong-ngoc-lien-hop-800g\/#primaryimage\"},\"thumbnailUrl\":\"https:\/\/dev.tolio.co.nz\/wp-content\/uploads\/2022\/04\/362.png\",\"datePublished\":\"2022-04-16T12:42:00+00:00\",\"dateModified\":\"2025-09-11T03:59:40+00:00\",\"description\":\"Th\u01b0\u01a1ng hi\u1ec7u: Ng\u1ecdc Li\u00ean Xu\u1ea5t x\u1ee9 th\u01b0\u01a1ng hi\u1ec7u: Vi\u1ec7t Nam Quy c\u00e1ch \u0111\u00f3ng g\u00f3i: H\u1ed9p 800g L\u01b0u \u00fd: Bao b\u00ec s\u1ea3n ph\u1ea9m c\u00f3 th\u1ec3 thay \u0111\u1ed5i theo t\u1eebng \u0111\u1ee3t nh\u1eadp h\u00e0ng\",\"breadcrumb\":{\"@id\":\"https:\/\/dev.tolio.co.nz\/san-pham\/xoai-ngam-duong-ngoc-lien-hop-800g\/#breadcrumb\"},\"inLanguage\":\"en-US\",\"potentialAction\":[{\"@type\":\"ReadAction\",\"target\":[\"https:\/\/dev.tolio.co.nz\/san-pham\/xoai-ngam-duong-ngoc-lien-hop-800g\/\"]}]},{\"@type\":\"ImageObject\",\"inLanguage\":\"en-US\",\"@id\":\"https:\/\/dev.tolio.co.nz\/san-pham\/xoai-ngam-duong-ngoc-lien-hop-800g\/#primaryimage\",\"url\":\"https:\/\/dev.tolio.co.nz\/wp-content\/uploads\/2022\/04\/362.png\",\"contentUrl\":\"https:\/\/dev.tolio.co.nz\/wp-content\/uploads\/2022\/04\/362.png\",\"width\":1000,\"height\":907},{\"@type\":\"BreadcrumbList\",\"@id\":\"https:\/\/dev.tolio.co.nz\/san-pham\/xoai-ngam-duong-ngoc-lien-hop-800g\/#breadcrumb\",\"itemListElement\":[{\"@type\":\"ListItem\",\"position\":1,\"name\":\"Home\",\"item\":\"https:\/\/dev.tolio.co.nz\/\"},{\"@type\":\"ListItem\",\"position\":2,\"name\":\"C\u1eeda h\u00e0ng\",\"item\":\"https:\/\/dev.tolio.co.nz\/cua-hang\/\"},{\"@type\":\"ListItem\",\"position\":3,\"name\":\"Xo\u00e0i ng\u00e2m \u0111\u01b0\u1eddng Ng\u1ecdc Li\u00ean h\u1ed9p 800g\"}]},{\"@type\":\"WebSite\",\"@id\":\"https:\/\/dev.tolio.co.nz\/#website\",\"url\":\"https:\/\/dev.tolio.co.nz\/\",\"name\":\"TOLIO\",\"description\":\"Vietnamese Grocery Online\",\"potentialAction\":[{\"@type\":\"SearchAction\",\"target\":{\"@type\":\"EntryPoint\",\"urlTemplate\":\"https:\/\/dev.tolio.co.nz\/?s={search_term_string}\"},\"query-input\":{\"@type\":\"PropertyValueSpecification\",\"valueRequired\":true,\"valueName\":\"search_term_string\"}}],\"inLanguage\":\"en-US\"}]}<\/script>\n<!-- \/ Yoast SEO plugin. -->","yoast_head_json":{"title":"Xo\u00e0i ng\u00e2m \u0111\u01b0\u1eddng Ng\u1ecdc Li\u00ean h\u1ed9p 800g - TOLIO","description":"Th\u01b0\u01a1ng hi\u1ec7u: Ng\u1ecdc Li\u00ean  Xu\u1ea5t x\u1ee9 th\u01b0\u01a1ng hi\u1ec7u: Vi\u1ec7t Nam  Quy c\u00e1ch \u0111\u00f3ng g\u00f3i: H\u1ed9p 800g  L\u01b0u \u00fd: Bao b\u00ec s\u1ea3n ph\u1ea9m c\u00f3 th\u1ec3 thay \u0111\u1ed5i theo t\u1eebng \u0111\u1ee3t nh\u1eadp h\u00e0ng","robots":{"index":"index","follow":"follow","max-snippet":"max-snippet:-1","max-image-preview":"max-image-preview:large","max-video-preview":"max-video-preview:-1"},"canonical":"https:\/\/dev.tolio.co.nz\/en\/product\/duong-ngoc-lien-hop-mango-800g\/","og_locale":"en_US","og_type":"article","og_title":"Xo\u00e0i ng\u00e2m \u0111\u01b0\u1eddng Ng\u1ecdc Li\u00ean h\u1ed9p 800g - TOLIO","og_description":"Th\u01b0\u01a1ng hi\u1ec7u: Ng\u1ecdc Li\u00ean  Xu\u1ea5t x\u1ee9 th\u01b0\u01a1ng hi\u1ec7u: Vi\u1ec7t Nam  Quy c\u00e1ch \u0111\u00f3ng g\u00f3i: H\u1ed9p 800g  L\u01b0u \u00fd: Bao b\u00ec s\u1ea3n ph\u1ea9m c\u00f3 th\u1ec3 thay \u0111\u1ed5i theo t\u1eebng \u0111\u1ee3t nh\u1eadp h\u00e0ng","og_url":"https:\/\/dev.tolio.co.nz\/en\/product\/duong-ngoc-lien-hop-mango-800g\/","og_site_name":"TOLIO","article_modified_time":"2025-09-11T03:59:40+00:00","og_image":[{"width":1000,"height":907,"url":"https:\/\/dev.tolio.co.nz\/wp-content\/uploads\/2022\/04\/362.png","type":"image\/png"}],"twitter_card":"summary_large_image","twitter_misc":{"Est. reading time":"1 minute"},"schema":{"@context":"https:\/\/schema.org","@graph":[{"@type":"WebPage","@id":"https:\/\/dev.tolio.co.nz\/san-pham\/xoai-ngam-duong-ngoc-lien-hop-800g\/","url":"https:\/\/dev.tolio.co.nz\/san-pham\/xoai-ngam-duong-ngoc-lien-hop-800g\/","name":"Xo\u00e0i ng\u00e2m \u0111\u01b0\u1eddng Ng\u1ecdc Li\u00ean h\u1ed9p 800g - TOLIO","isPartOf":{"@id":"https:\/\/dev.tolio.co.nz\/#website"},"primaryImageOfPage":{"@id":"https:\/\/dev.tolio.co.nz\/san-pham\/xoai-ngam-duong-ngoc-lien-hop-800g\/#primaryimage"},"image":{"@id":"https:\/\/dev.tolio.co.nz\/san-pham\/xoai-ngam-duong-ngoc-lien-hop-800g\/#primaryimage"},"thumbnailUrl":"https:\/\/dev.tolio.co.nz\/wp-content\/uploads\/2022\/04\/362.png","datePublished":"2022-04-16T12:42:00+00:00","dateModified":"2025-09-11T03:59:40+00:00","description":"Th\u01b0\u01a1ng hi\u1ec7u: Ng\u1ecdc Li\u00ean Xu\u1ea5t x\u1ee9 th\u01b0\u01a1ng hi\u1ec7u: Vi\u1ec7t Nam Quy c\u00e1ch \u0111\u00f3ng g\u00f3i: H\u1ed9p 800g L\u01b0u \u00fd: Bao b\u00ec s\u1ea3n ph\u1ea9m c\u00f3 th\u1ec3 thay \u0111\u1ed5i theo t\u1eebng \u0111\u1ee3t nh\u1eadp h\u00e0ng","breadcrumb":{"@id":"https:\/\/dev.tolio.co.nz\/san-pham\/xoai-ngam-duong-ngoc-lien-hop-800g\/#breadcrumb"},"inLanguage":"en-US","potentialAction":[{"@type":"ReadAction","target":["https:\/\/dev.tolio.co.nz\/san-pham\/xoai-ngam-duong-ngoc-lien-hop-800g\/"]}]},{"@type":"ImageObject","inLanguage":"en-US","@id":"https:\/\/dev.tolio.co.nz\/san-pham\/xoai-ngam-duong-ngoc-lien-hop-800g\/#primaryimage","url":"https:\/\/dev.tolio.co.nz\/wp-content\/uploads\/2022\/04\/362.png","contentUrl":"https:\/\/dev.tolio.co.nz\/wp-content\/uploads\/2022\/04\/362.png","width":1000,"height":907},{"@type":"BreadcrumbList","@id":"https:\/\/dev.tolio.co.nz\/san-pham\/xoai-ngam-duong-ngoc-lien-hop-800g\/#breadcrumb","itemListElement":[{"@type":"ListItem","position":1,"name":"Home","item":"https:\/\/dev.tolio.co.nz\/"},{"@type":"ListItem","position":2,"name":"C\u1eeda h\u00e0ng","item":"https:\/\/dev.tolio.co.nz\/cua-hang\/"},{"@type":"ListItem","position":3,"name":"Xo\u00e0i ng\u00e2m \u0111\u01b0\u1eddng Ng\u1ecdc Li\u00ean h\u1ed9p 800g"}]},{"@type":"WebSite","@id":"https:\/\/dev.tolio.co.nz\/#website","url":"https:\/\/dev.tolio.co.nz\/","name":"TOLIO","description":"Vietnamese Grocery Online","potentialAction":[{"@type":"SearchAction","target":{"@type":"EntryPoint","urlTemplate":"https:\/\/dev.tolio.co.nz\/?s={search_term_string}"},"query-input":{"@type":"PropertyValueSpecification","valueRequired":true,"valueName":"search_term_string"}}],"inLanguage":"en-US"}]}},"_links":{"self":[{"href":"https:\/\/dev.tolio.co.nz\/en\/wp-json\/wp\/v2\/product\/3480","targetHints":{"allow":["GET"]}}],"collection":[{"href":"https:\/\/dev.tolio.co.nz\/en\/wp-json\/wp\/v2\/product"}],"about":[{"href":"https:\/\/dev.tolio.co.nz\/en\/wp-json\/wp\/v2\/types\/product"}],"replies":[{"embeddable":true,"href":"https:\/\/dev.tolio.co.nz\/en\/wp-json\/wp\/v2\/comments?post=3480"}],"wp:featuredmedia":[{"embeddable":true,"href":"https:\/\/dev.tolio.co.nz\/en\/wp-json\/wp\/v2\/media\/20851"}],"wp:attachment":[{"href":"https:\/\/dev.tolio.co.nz\/en\/wp-json\/wp\/v2\/media?parent=3480"}],"wp:term":[{"taxonomy":"product_brand","embeddable":true,"href":"https:\/\/dev.tolio.co.nz\/en\/wp-json\/wp\/v2\/product_brand?post=3480"},{"taxonomy":"product_cat","embeddable":true,"href":"https:\/\/dev.tolio.co.nz\/en\/wp-json\/wp\/v2\/product_cat?post=3480"},{"taxonomy":"product_tag","embeddable":true,"href":"https:\/\/dev.tolio.co.nz\/en\/wp-json\/wp\/v2\/product_tag?post=3480"}],"curies":[{"name":"wp","href":"https:\/\/api.w.org\/{rel}","templated":true}]}}