{"id":3504,"date":"2022-04-17T01:27:31","date_gmt":"2022-04-16T12:42:31","guid":{"rendered":"https:\/\/tolio2.sitebycat.com\/?post_type=product&#038;p=3504"},"modified":"2025-09-11T15:59:43","modified_gmt":"2025-09-11T03:59:43","slug":"ca-phe-sua-g7-3-in-1-bich-800g","status":"publish","type":"product","link":"https:\/\/dev.tolio.co.nz\/en\/product\/coffee-milk-g7-3-in-1-bich-800g\/","title":{"rendered":"C\u00e0 ph\u00ea s\u1eefa G7 3 in 1 b\u1ecbch 800g (50 g\u00f3i)"},"content":{"rendered":"<p><strong>C\u00e0 ph\u00ea h\u00f2a tan G7 3 trong 1 g\u00f3i 800g<\/strong> chi\u1ebft xu\u1ea5t tr\u1ef1c ti\u1ebfp t\u1eeb nh\u1eefng h\u1ea1t c\u00e0 ph\u00ea s\u1ea1ch, thu\u1ea7n khi\u1ebft t\u1eeb v\u00f9ng \u0111\u1ea5t \u0111\u1ecf bazan huy\u1ec1n tho\u1ea1i Bu\u00f4n Ma Thu\u1ed9t k\u1ebft h\u1ee3p v\u1edbi c\u00f4ng ngh\u1ec7 rang v\u00e0 trung t\u00e2m \u0111i\u1ec1u khi\u1ec3n t\u1ea1i \u0110\u1ee9c, G7 \u0111\u00e3 t\u1ea1o ra m\u1ed9t lo\u1ea1i c\u00e0 ph\u00ea h\u00f2a tan G7 th\u1ee9 thi\u1ec7t th\u01a1m l\u1eebng, tuy\u1ec7t ngon, gi\u00fap b\u1ea1n nhanh ch\u00f3ng t\u1ec9nh t\u00e1o \u0111\u1ec3 t\u1eadp trung l\u00e0m vi\u1ec7c.<\/p>\n<p>C\u00e0 ph\u00ea h\u00f2a tan G7 3 trong 1 mang \u0111\u1ebfn s\u1ef1 ti\u1ec7n l\u1ee3i cho ng\u01b0\u1eddi s\u1eed d\u1ee5ng, gi\u00fap nh\u1eefng ng\u01b0\u1eddi th\u00edch c\u00e0 ph\u00ea \u0111\u00fang v\u1ecb c\u00f3 \u0111\u01b0\u1ee3c m\u1ed9t ly c\u00e0 ph\u00ea nh\u01b0 \u00fd nh\u01b0ng v\u1eabn ti\u1ebft ki\u1ec7m \u0111\u01b0\u1ee3c th\u1eddi gian.<\/p>\n<p><strong>H\u01b0\u1edbng d\u1eabn s\u1eed d\u1ee5ng<\/strong><\/p>\n<ul>\n<li>U\u1ed1ng n\u00f3ng: H\u00f2a 1 g\u00f3i ca\u0300 ph\u00ea v\u1edbi 75ml n\u01b0\u1edbc n\u00f3ng v\u00e0 khu\u1ea5y \u0111\u1ec1u.<\/li>\n<li>U\u1ed1ng l\u1ea1nh: H\u00f2a 2 g\u00f3i ca\u0300 ph\u00ea v\u1edbi 75ml n\u01b0\u1edbc n\u00f3ng, khu\u1ea5y \u0111\u1ec1u v\u00e0 th\u00eam \u0111\u00e1.<\/li>\n<\/ul>\n<p><strong>B\u1ea3o qu\u1ea3n<\/strong><\/p>\n<ul>\n<li>N\u01a1i kh\u00f4 r\u00e1o, tho\u00e1ng m\u00e1t. Tr\u00e1nh \u00e1nh n\u1eafng tr\u1ef1c ti\u1ebfp.<\/li>\n<\/ul>","protected":false},"excerpt":{"rendered":"<ul>\n<li>Th\u01b0\u01a1ng hi\u1ec7u: Trung Nguy\u00ean<\/li>\n<li>Xu\u1ea5t x\u1ee9 th\u01b0\u01a1ng hi\u1ec7u: Vi\u1ec7t Nam<\/li>\n<li>Quy c\u00e1ch \u0111\u00f3ng g\u00f3i: 50 g\u00f3i\/ b\u1ecbch<\/li>\n<li>L\u01b0u \u00fd: Bao b\u00ec s\u1ea3n ph\u1ea9m c\u00f3 th\u1ec3 thay \u0111\u1ed5i theo t\u1eebng \u0111\u1ee3t nh\u1eadp h\u00e0ng<\/li>\n<\/ul>","protected":false},"featured_media":20883,"comment_status":"open","ping_status":"closed","template":"","meta":[],"product_brand":[],"product_cat":[34,483],"product_tag":[74,500],"class_list":{"0":"post-3504","1":"product","2":"type-product","3":"status-publish","4":"has-post-thumbnail","6":"product_cat-thuc-uong","7":"product_cat-ca-phe","8":"product_tag-coffee","9":"product_tag-coffee-trung-nguyen","10":"pa_thuong-hieu-trung-nguyen","12":"first","13":"instock","14":"sale","15":"shipping-taxable","16":"purchasable","17":"product-type-simple"},"yoast_head":"<!-- This site is optimized with the Yoast SEO plugin v24.4 - https:\/\/yoast.com\/wordpress\/plugins\/seo\/ -->\n<title>C\u00e0 ph\u00ea s\u1eefa G7 3 in 1 b\u1ecbch 800g (50 g\u00f3i) - TOLIO<\/title>\n<meta name=\"description\" content=\"Th\u01b0\u01a1ng hi\u1ec7u: Trung Nguy\u00ean  Xu\u1ea5t x\u1ee9 th\u01b0\u01a1ng hi\u1ec7u: Vi\u1ec7t Nam  Quy c\u00e1ch \u0111\u00f3ng g\u00f3i: 50 g\u00f3i\/ b\u1ecbch  L\u01b0u \u00fd: Bao b\u00ec s\u1ea3n ph\u1ea9m c\u00f3 th\u1ec3 thay \u0111\u1ed5i theo t\u1eebng \u0111\u1ee3t nh\u1eadp h\u00e0ng\" \/>\n<meta name=\"robots\" content=\"index, follow, max-snippet:-1, max-image-preview:large, max-video-preview:-1\" \/>\n<link rel=\"canonical\" href=\"https:\/\/dev.tolio.co.nz\/en\/product\/coffee-milk-g7-3-in-1-bich-800g\/\" \/>\n<meta property=\"og:locale\" content=\"en_US\" \/>\n<meta property=\"og:type\" content=\"article\" \/>\n<meta property=\"og:title\" content=\"C\u00e0 ph\u00ea s\u1eefa G7 3 in 1 b\u1ecbch 800g (50 g\u00f3i) - TOLIO\" \/>\n<meta property=\"og:description\" content=\"Th\u01b0\u01a1ng hi\u1ec7u: Trung Nguy\u00ean  Xu\u1ea5t x\u1ee9 th\u01b0\u01a1ng hi\u1ec7u: Vi\u1ec7t Nam  Quy c\u00e1ch \u0111\u00f3ng g\u00f3i: 50 g\u00f3i\/ b\u1ecbch  L\u01b0u \u00fd: Bao b\u00ec s\u1ea3n ph\u1ea9m c\u00f3 th\u1ec3 thay \u0111\u1ed5i theo t\u1eebng \u0111\u1ee3t nh\u1eadp h\u00e0ng\" \/>\n<meta property=\"og:url\" content=\"https:\/\/dev.tolio.co.nz\/en\/product\/coffee-milk-g7-3-in-1-bich-800g\/\" \/>\n<meta property=\"og:site_name\" content=\"TOLIO\" \/>\n<meta property=\"article:modified_time\" content=\"2025-09-11T03:59:43+00:00\" \/>\n<meta property=\"og:image\" content=\"https:\/\/dev.tolio.co.nz\/wp-content\/uploads\/2022\/04\/447.png\" \/>\n\t<meta property=\"og:image:width\" content=\"1000\" \/>\n\t<meta property=\"og:image:height\" content=\"907\" \/>\n\t<meta property=\"og:image:type\" content=\"image\/png\" \/>\n<meta name=\"twitter:card\" content=\"summary_large_image\" \/>\n<meta name=\"twitter:label1\" content=\"Est. reading time\" \/>\n\t<meta name=\"twitter:data1\" content=\"1 minute\" \/>\n<script type=\"application\/ld+json\" class=\"yoast-schema-graph\">{\"@context\":\"https:\/\/schema.org\",\"@graph\":[{\"@type\":\"WebPage\",\"@id\":\"https:\/\/dev.tolio.co.nz\/san-pham\/ca-phe-sua-g7-3-in-1-bich-800g\/\",\"url\":\"https:\/\/dev.tolio.co.nz\/san-pham\/ca-phe-sua-g7-3-in-1-bich-800g\/\",\"name\":\"C\u00e0 ph\u00ea s\u1eefa G7 3 in 1 b\u1ecbch 800g (50 g\u00f3i) - TOLIO\",\"isPartOf\":{\"@id\":\"https:\/\/dev.tolio.co.nz\/#website\"},\"primaryImageOfPage\":{\"@id\":\"https:\/\/dev.tolio.co.nz\/san-pham\/ca-phe-sua-g7-3-in-1-bich-800g\/#primaryimage\"},\"image\":{\"@id\":\"https:\/\/dev.tolio.co.nz\/san-pham\/ca-phe-sua-g7-3-in-1-bich-800g\/#primaryimage\"},\"thumbnailUrl\":\"https:\/\/dev.tolio.co.nz\/wp-content\/uploads\/2022\/04\/447.png\",\"datePublished\":\"2022-04-16T12:42:31+00:00\",\"dateModified\":\"2025-09-11T03:59:43+00:00\",\"description\":\"Th\u01b0\u01a1ng hi\u1ec7u: Trung Nguy\u00ean Xu\u1ea5t x\u1ee9 th\u01b0\u01a1ng hi\u1ec7u: Vi\u1ec7t Nam Quy c\u00e1ch \u0111\u00f3ng g\u00f3i: 50 g\u00f3i\/ b\u1ecbch L\u01b0u \u00fd: Bao b\u00ec s\u1ea3n ph\u1ea9m c\u00f3 th\u1ec3 thay \u0111\u1ed5i theo t\u1eebng \u0111\u1ee3t nh\u1eadp h\u00e0ng\",\"breadcrumb\":{\"@id\":\"https:\/\/dev.tolio.co.nz\/san-pham\/ca-phe-sua-g7-3-in-1-bich-800g\/#breadcrumb\"},\"inLanguage\":\"en-US\",\"potentialAction\":[{\"@type\":\"ReadAction\",\"target\":[\"https:\/\/dev.tolio.co.nz\/san-pham\/ca-phe-sua-g7-3-in-1-bich-800g\/\"]}]},{\"@type\":\"ImageObject\",\"inLanguage\":\"en-US\",\"@id\":\"https:\/\/dev.tolio.co.nz\/san-pham\/ca-phe-sua-g7-3-in-1-bich-800g\/#primaryimage\",\"url\":\"https:\/\/dev.tolio.co.nz\/wp-content\/uploads\/2022\/04\/447.png\",\"contentUrl\":\"https:\/\/dev.tolio.co.nz\/wp-content\/uploads\/2022\/04\/447.png\",\"width\":1000,\"height\":907},{\"@type\":\"BreadcrumbList\",\"@id\":\"https:\/\/dev.tolio.co.nz\/san-pham\/ca-phe-sua-g7-3-in-1-bich-800g\/#breadcrumb\",\"itemListElement\":[{\"@type\":\"ListItem\",\"position\":1,\"name\":\"Home\",\"item\":\"https:\/\/dev.tolio.co.nz\/\"},{\"@type\":\"ListItem\",\"position\":2,\"name\":\"C\u1eeda h\u00e0ng\",\"item\":\"https:\/\/dev.tolio.co.nz\/cua-hang\/\"},{\"@type\":\"ListItem\",\"position\":3,\"name\":\"C\u00e0 ph\u00ea s\u1eefa G7 3 in 1 b\u1ecbch 800g (50 g\u00f3i)\"}]},{\"@type\":\"WebSite\",\"@id\":\"https:\/\/dev.tolio.co.nz\/#website\",\"url\":\"https:\/\/dev.tolio.co.nz\/\",\"name\":\"TOLIO\",\"description\":\"Vietnamese Grocery Online\",\"potentialAction\":[{\"@type\":\"SearchAction\",\"target\":{\"@type\":\"EntryPoint\",\"urlTemplate\":\"https:\/\/dev.tolio.co.nz\/?s={search_term_string}\"},\"query-input\":{\"@type\":\"PropertyValueSpecification\",\"valueRequired\":true,\"valueName\":\"search_term_string\"}}],\"inLanguage\":\"en-US\"}]}<\/script>\n<!-- \/ Yoast SEO plugin. -->","yoast_head_json":{"title":"C\u00e0 ph\u00ea s\u1eefa G7 3 in 1 b\u1ecbch 800g (50 g\u00f3i) - TOLIO","description":"Th\u01b0\u01a1ng hi\u1ec7u: Trung Nguy\u00ean  Xu\u1ea5t x\u1ee9 th\u01b0\u01a1ng hi\u1ec7u: Vi\u1ec7t Nam  Quy c\u00e1ch \u0111\u00f3ng g\u00f3i: 50 g\u00f3i\/ b\u1ecbch  L\u01b0u \u00fd: Bao b\u00ec s\u1ea3n ph\u1ea9m c\u00f3 th\u1ec3 thay \u0111\u1ed5i theo t\u1eebng \u0111\u1ee3t nh\u1eadp h\u00e0ng","robots":{"index":"index","follow":"follow","max-snippet":"max-snippet:-1","max-image-preview":"max-image-preview:large","max-video-preview":"max-video-preview:-1"},"canonical":"https:\/\/dev.tolio.co.nz\/en\/product\/coffee-milk-g7-3-in-1-bich-800g\/","og_locale":"en_US","og_type":"article","og_title":"C\u00e0 ph\u00ea s\u1eefa G7 3 in 1 b\u1ecbch 800g (50 g\u00f3i) - TOLIO","og_description":"Th\u01b0\u01a1ng hi\u1ec7u: Trung Nguy\u00ean  Xu\u1ea5t x\u1ee9 th\u01b0\u01a1ng hi\u1ec7u: Vi\u1ec7t Nam  Quy c\u00e1ch \u0111\u00f3ng g\u00f3i: 50 g\u00f3i\/ b\u1ecbch  L\u01b0u \u00fd: Bao b\u00ec s\u1ea3n ph\u1ea9m c\u00f3 th\u1ec3 thay \u0111\u1ed5i theo t\u1eebng \u0111\u1ee3t nh\u1eadp h\u00e0ng","og_url":"https:\/\/dev.tolio.co.nz\/en\/product\/coffee-milk-g7-3-in-1-bich-800g\/","og_site_name":"TOLIO","article_modified_time":"2025-09-11T03:59:43+00:00","og_image":[{"width":1000,"height":907,"url":"https:\/\/dev.tolio.co.nz\/wp-content\/uploads\/2022\/04\/447.png","type":"image\/png"}],"twitter_card":"summary_large_image","twitter_misc":{"Est. reading time":"1 minute"},"schema":{"@context":"https:\/\/schema.org","@graph":[{"@type":"WebPage","@id":"https:\/\/dev.tolio.co.nz\/san-pham\/ca-phe-sua-g7-3-in-1-bich-800g\/","url":"https:\/\/dev.tolio.co.nz\/san-pham\/ca-phe-sua-g7-3-in-1-bich-800g\/","name":"C\u00e0 ph\u00ea s\u1eefa G7 3 in 1 b\u1ecbch 800g (50 g\u00f3i) - TOLIO","isPartOf":{"@id":"https:\/\/dev.tolio.co.nz\/#website"},"primaryImageOfPage":{"@id":"https:\/\/dev.tolio.co.nz\/san-pham\/ca-phe-sua-g7-3-in-1-bich-800g\/#primaryimage"},"image":{"@id":"https:\/\/dev.tolio.co.nz\/san-pham\/ca-phe-sua-g7-3-in-1-bich-800g\/#primaryimage"},"thumbnailUrl":"https:\/\/dev.tolio.co.nz\/wp-content\/uploads\/2022\/04\/447.png","datePublished":"2022-04-16T12:42:31+00:00","dateModified":"2025-09-11T03:59:43+00:00","description":"Th\u01b0\u01a1ng hi\u1ec7u: Trung Nguy\u00ean Xu\u1ea5t x\u1ee9 th\u01b0\u01a1ng hi\u1ec7u: Vi\u1ec7t Nam Quy c\u00e1ch \u0111\u00f3ng g\u00f3i: 50 g\u00f3i\/ b\u1ecbch L\u01b0u \u00fd: Bao b\u00ec s\u1ea3n ph\u1ea9m c\u00f3 th\u1ec3 thay \u0111\u1ed5i theo t\u1eebng \u0111\u1ee3t nh\u1eadp h\u00e0ng","breadcrumb":{"@id":"https:\/\/dev.tolio.co.nz\/san-pham\/ca-phe-sua-g7-3-in-1-bich-800g\/#breadcrumb"},"inLanguage":"en-US","potentialAction":[{"@type":"ReadAction","target":["https:\/\/dev.tolio.co.nz\/san-pham\/ca-phe-sua-g7-3-in-1-bich-800g\/"]}]},{"@type":"ImageObject","inLanguage":"en-US","@id":"https:\/\/dev.tolio.co.nz\/san-pham\/ca-phe-sua-g7-3-in-1-bich-800g\/#primaryimage","url":"https:\/\/dev.tolio.co.nz\/wp-content\/uploads\/2022\/04\/447.png","contentUrl":"https:\/\/dev.tolio.co.nz\/wp-content\/uploads\/2022\/04\/447.png","width":1000,"height":907},{"@type":"BreadcrumbList","@id":"https:\/\/dev.tolio.co.nz\/san-pham\/ca-phe-sua-g7-3-in-1-bich-800g\/#breadcrumb","itemListElement":[{"@type":"ListItem","position":1,"name":"Home","item":"https:\/\/dev.tolio.co.nz\/"},{"@type":"ListItem","position":2,"name":"C\u1eeda h\u00e0ng","item":"https:\/\/dev.tolio.co.nz\/cua-hang\/"},{"@type":"ListItem","position":3,"name":"C\u00e0 ph\u00ea s\u1eefa G7 3 in 1 b\u1ecbch 800g (50 g\u00f3i)"}]},{"@type":"WebSite","@id":"https:\/\/dev.tolio.co.nz\/#website","url":"https:\/\/dev.tolio.co.nz\/","name":"TOLIO","description":"Vietnamese Grocery Online","potentialAction":[{"@type":"SearchAction","target":{"@type":"EntryPoint","urlTemplate":"https:\/\/dev.tolio.co.nz\/?s={search_term_string}"},"query-input":{"@type":"PropertyValueSpecification","valueRequired":true,"valueName":"search_term_string"}}],"inLanguage":"en-US"}]}},"_links":{"self":[{"href":"https:\/\/dev.tolio.co.nz\/en\/wp-json\/wp\/v2\/product\/3504","targetHints":{"allow":["GET"]}}],"collection":[{"href":"https:\/\/dev.tolio.co.nz\/en\/wp-json\/wp\/v2\/product"}],"about":[{"href":"https:\/\/dev.tolio.co.nz\/en\/wp-json\/wp\/v2\/types\/product"}],"replies":[{"embeddable":true,"href":"https:\/\/dev.tolio.co.nz\/en\/wp-json\/wp\/v2\/comments?post=3504"}],"wp:featuredmedia":[{"embeddable":true,"href":"https:\/\/dev.tolio.co.nz\/en\/wp-json\/wp\/v2\/media\/20883"}],"wp:attachment":[{"href":"https:\/\/dev.tolio.co.nz\/en\/wp-json\/wp\/v2\/media?parent=3504"}],"wp:term":[{"taxonomy":"product_brand","embeddable":true,"href":"https:\/\/dev.tolio.co.nz\/en\/wp-json\/wp\/v2\/product_brand?post=3504"},{"taxonomy":"product_cat","embeddable":true,"href":"https:\/\/dev.tolio.co.nz\/en\/wp-json\/wp\/v2\/product_cat?post=3504"},{"taxonomy":"product_tag","embeddable":true,"href":"https:\/\/dev.tolio.co.nz\/en\/wp-json\/wp\/v2\/product_tag?post=3504"}],"curies":[{"name":"wp","href":"https:\/\/api.w.org\/{rel}","templated":true}]}}