{"id":3575,"date":"2022-04-09T14:36:00","date_gmt":"2022-04-09T01:51:00","guid":{"rendered":"https:\/\/tolio2.sitebycat.com\/?post_type=product&#038;p=3575"},"modified":"2025-09-11T16:00:54","modified_gmt":"2025-09-11T04:00:54","slug":"banh-hoi-tuoi-trang-ba-cay-tre-goi-340g-set5","status":"publish","type":"product","link":"https:\/\/dev.tolio.co.nz\/en\/product\/banh-hoi-thoi-trang-ba-spicy-bamboo-package-340g-set5\/","title":{"rendered":"Set 5 g\u00f3i b\u00e1nh h\u1ecfi t\u01b0\u01a1i tr\u1eafng Ba C\u00e2y Tre 340g"},"content":{"rendered":"<p><strong>B\u00e1nh h\u1ecfi t\u01b0\u01a1i tr\u1eafng Ba C\u00e2y Tre g\u00f3i 340g<\/strong>\u00a0l\u00e0 m\u1ed9t m\u00f3n \u0103n \u0111\u1eb7c s\u1ea3n c\u00f3 r\u1ea5t nhi\u1ec1u \u1edf V\u0169ng T\u00e0u, B\u1ebfn Tre, Ph\u00fa Y\u00ean, Nha Trang, B\u00ecnh \u0110\u1ecbnh c\u1ee7a Vi\u1ec7t Nam. B\u00e1nh h\u1ecfi Ba c\u00e2y Tre \u0111\u01b0\u1ee3c l\u00e0m t\u1eeb b\u1ed9t g\u1ea1o v\u00e0 c\u00f3 quy tr\u00ecnh ch\u1ebf bi\u1ebfn c\u00f4ng phu, t\u1ec9 m\u1ec9, kh\u00f4ng s\u1eed d\u1ee5ng ch\u1ea5t b\u1ea3o qu\u1ea3n.<\/p>\n<ul>\n<li>B\u00e1nh h\u1ecfi Ba c\u00e2y Tre \u0111\u01b0\u1ee3c l\u00e0m t\u1eeb b\u1ed9t g\u1ea1o v\u00e0 c\u00f3 quy tr\u00ecnh ch\u1ebf bi\u1ebfn c\u00f4ng phu, t\u1ec9 m\u1ec9, kh\u00f4ng s\u1eed d\u1ee5ng ch\u1ea5t b\u1ea3o qu\u1ea3n.<\/li>\n<li>\u0110\u1eb7c tr\u01b0ng c\u1ee7a b\u00e1nh h\u1ecfi Ba C\u00e2y Tre l\u00e0 s\u1ee3i b\u00e1nh nhuy\u1ec5n, \u0111an th\u00e0nh mi\u1ebfng d\u00e0y m\u00e0 m\u1ecbn, mi\u1ebfng b\u00e1nh kh\u00f4ng b\u1ecb r\u1eddi hay v\u00f3n c\u1ee5c.<\/li>\n<li>Mi\u1ebfng b\u1ea3nh h\u1ecfi tr\u1eafng th\u01a1m m\u00f9i g\u1ea1o m\u1edbi. Khi \u0103n r\u1ea5t dai, kh\u00f4ng b\u1ecb b\u1edf, nhai k\u1ef9 th\u00ec c\u1ea3m nh\u1eadn \u0111\u01b0\u1ee3c v\u1ecb ng\u1ecdt c\u1ee7a b\u1ed9t g\u1ea1o.<\/li>\n<\/ul>\n<p><strong>H\u01b0\u1edbng d\u1eabn s\u1eed d\u1ee5ng:<\/strong><\/p>\n<ul>\n<li>X\u1ebfp b\u00e1nh h\u1ecfi t\u1eebng ch\u1ed3ng v\u00e0o trong r\u1ed5, kho\u1ea3ng 10 mi\u1ebfng m\u1ed9t ch\u1ed3ng. \u0110\u1eb7t r\u1ed5 b\u00e1nh h\u1ecfi v\u00e0o trong thau. Thau c\u00f2n l\u1ea1i ch\u1ebf \u0111\u1ea7y n\u01b0\u1edbc l\u1ea1nh v\u00e0o (kho\u1ea3ng \u00be thau).<\/li>\n<li>\u0110un n\u01b0\u1edbc trong \u1ea5m cho th\u1eadt s\u00f4i (100oC ho\u1eb7c 212oF).<\/li>\n<li>Ch\u1ebf n\u01b0\u1edbc s\u00f4i v\u00e0o r\u1ed5 b\u00e1nh h\u1ecfi \u0111\u00e3 \u0111\u1eb7t trong thau (ch\u1ebf \u0111\u1ec1u l\u00ean b\u1ec1 m\u1eb7t c\u00e1c ch\u1ed3ng b\u00e1nh) cho \u0111\u1ebfn khi n\u01b0\u1edbc s\u00f4i ng\u1eadp \u0111\u1ec1u tr\u00ean m\u1eb7t, th\u1eddi gian ng\u00e2m b\u00e1nh l\u00e0 1 ph\u00fat 15 gi\u00e2y t\u00ednh t\u1eeb l\u00fac b\u1eaft \u0111\u1ea7u ch\u1ebf n\u01b0\u1edbc s\u00f4i v\u00e0o (kh\u00f4ng \u0111\u1ec3 qu\u00e1 1 ph\u00fat 15 gi\u00e2y, B\u00e1nh H\u1ecfi s\u1ebd b\u1ecb r\u00e3 ra).<\/li>\n<li>L\u1ea5y b\u00e1nh h\u1ecfi ra v\u00e0 ngay l\u1eadp t\u1ee9c nh\u00fang r\u1ed5 b\u00e1nh v\u00e0o trong thau n\u01b0\u1edbc l\u1ea1nh trong v\u00f2ng 1 gi\u00e2y. L\u1ea5y ra v\u0169 cho r\u00e1o n\u01b0\u1edbc, g\u1ee1 t\u1eebng mi\u1ebfng b\u00e1nh h\u1ecfi \u0111\u1eb7t v\u00e0o \u0111\u0129a l\u00e0 c\u00f3 th\u1ec3 d\u00f9ng \u0111\u01b0\u1ee3c (Khuy\u1ebfn c\u00e1o n\u00ean s\u1eed d\u1ee5ng bao tay khi g\u1ee1 b\u00e1nh \u0111\u1ec3 kh\u00f4ng b\u1ecb n\u00f3ng).<\/li>\n<li>B\u00e1nh h\u1ecfi \u0111\u00e3 s\u1eb5n s\u00e0ng \u0111\u1ec3 s\u1eed d\u1ee5ng v\u1edbi rau, th\u1ecbt n\u01b0\u1edbng ho\u1eb7c h\u1ea3i s\u1ea3n k\u00e8m v\u1edbi n\u01b0\u1edbc ch\u1ea5m t\u00f9y th\u00edch.<\/li>\n<\/ul>\n<p><strong>B\u1ea3o qu\u1ea3n:<\/strong><\/p>\n<ul>\n<li>B\u1ea3o qu\u1ea3n n\u01a1i kh\u00f4 r\u00e1o, tho\u00e1ng m\u00e1t.<\/li>\n<li>Tr\u00e1nh \u00e1nh n\u1eafng tr\u1ef1c ti\u1ebfp.<\/li>\n<\/ul>","protected":false},"excerpt":{"rendered":"<ul>\n<li>Th\u01b0\u01a1ng hi\u1ec7u: Ba c\u00e2y tre<\/li>\n<li>Xu\u1ea5t x\u1ee9 th\u01b0\u01a1ng hi\u1ec7u: Vi\u1ec7t Nam<\/li>\n<li>Quy c\u00e1ch \u0111\u00f3ng g\u00f3i: B\u1ecbch 340g<\/li>\n<li>L\u01b0u \u00fd: Bao b\u00ec s\u1ea3n ph\u1ea9m c\u00f3 th\u1ec3 thay \u0111\u1ed5i theo t\u1eebng \u0111\u1ee3t nh\u1eadp h\u00e0ng<\/li>\n<\/ul>","protected":false},"featured_media":20606,"comment_status":"open","ping_status":"closed","template":"","meta":[],"product_brand":[],"product_cat":[32],"product_tag":[130,134,135],"class_list":{"0":"post-3575","1":"product","2":"type-product","3":"status-publish","4":"has-post-thumbnail","6":"product_cat-bun-pho-banh-trang","7":"product_tag-ba-cay-tre","8":"product_tag-banh-hoi","9":"product_tag-banh-hoi-tuoi","10":"pa_thuong-hieu-ba-cay-tre","12":"first","13":"instock","14":"sale","15":"shipping-taxable","16":"purchasable","17":"product-type-simple"},"yoast_head":"<!-- This site is optimized with the Yoast SEO plugin v24.4 - https:\/\/yoast.com\/wordpress\/plugins\/seo\/ -->\n<title>Set 5 g\u00f3i b\u00e1nh h\u1ecfi t\u01b0\u01a1i tr\u1eafng Ba C\u00e2y Tre 340g - TOLIO<\/title>\n<meta name=\"description\" content=\"Th\u01b0\u01a1ng hi\u1ec7u: Ba c\u00e2y tre  Xu\u1ea5t x\u1ee9 th\u01b0\u01a1ng hi\u1ec7u: Vi\u1ec7t Nam  Quy c\u00e1ch \u0111\u00f3ng g\u00f3i: B\u1ecbch 340g  L\u01b0u \u00fd: Bao b\u00ec s\u1ea3n ph\u1ea9m c\u00f3 th\u1ec3 thay \u0111\u1ed5i theo t\u1eebng \u0111\u1ee3t nh\u1eadp h\u00e0ng\" \/>\n<meta name=\"robots\" content=\"index, follow, max-snippet:-1, max-image-preview:large, max-video-preview:-1\" \/>\n<link rel=\"canonical\" href=\"https:\/\/dev.tolio.co.nz\/en\/product\/banh-hoi-thoi-trang-ba-spicy-bamboo-package-340g-set5\/\" \/>\n<meta property=\"og:locale\" content=\"en_US\" \/>\n<meta property=\"og:type\" content=\"article\" \/>\n<meta property=\"og:title\" content=\"Set 5 g\u00f3i b\u00e1nh h\u1ecfi t\u01b0\u01a1i tr\u1eafng Ba C\u00e2y Tre 340g - TOLIO\" \/>\n<meta property=\"og:description\" content=\"Th\u01b0\u01a1ng hi\u1ec7u: Ba c\u00e2y tre  Xu\u1ea5t x\u1ee9 th\u01b0\u01a1ng hi\u1ec7u: Vi\u1ec7t Nam  Quy c\u00e1ch \u0111\u00f3ng g\u00f3i: B\u1ecbch 340g  L\u01b0u \u00fd: Bao b\u00ec s\u1ea3n ph\u1ea9m c\u00f3 th\u1ec3 thay \u0111\u1ed5i theo t\u1eebng \u0111\u1ee3t nh\u1eadp h\u00e0ng\" \/>\n<meta property=\"og:url\" content=\"https:\/\/dev.tolio.co.nz\/en\/product\/banh-hoi-thoi-trang-ba-spicy-bamboo-package-340g-set5\/\" \/>\n<meta property=\"og:site_name\" content=\"TOLIO\" \/>\n<meta property=\"article:modified_time\" content=\"2025-09-11T04:00:54+00:00\" \/>\n<meta property=\"og:image\" content=\"https:\/\/dev.tolio.co.nz\/wp-content\/uploads\/2022\/04\/160.png\" \/>\n\t<meta property=\"og:image:width\" content=\"1000\" \/>\n\t<meta property=\"og:image:height\" content=\"907\" \/>\n\t<meta property=\"og:image:type\" content=\"image\/png\" \/>\n<meta name=\"twitter:card\" content=\"summary_large_image\" \/>\n<meta name=\"twitter:label1\" content=\"Est. reading time\" \/>\n\t<meta name=\"twitter:data1\" content=\"3 minutes\" \/>\n<script type=\"application\/ld+json\" class=\"yoast-schema-graph\">{\"@context\":\"https:\/\/schema.org\",\"@graph\":[{\"@type\":\"WebPage\",\"@id\":\"https:\/\/dev.tolio.co.nz\/san-pham\/banh-hoi-tuoi-trang-ba-cay-tre-goi-340g-set5\/\",\"url\":\"https:\/\/dev.tolio.co.nz\/san-pham\/banh-hoi-tuoi-trang-ba-cay-tre-goi-340g-set5\/\",\"name\":\"Set 5 g\u00f3i b\u00e1nh h\u1ecfi t\u01b0\u01a1i tr\u1eafng Ba C\u00e2y Tre 340g - TOLIO\",\"isPartOf\":{\"@id\":\"https:\/\/dev.tolio.co.nz\/#website\"},\"primaryImageOfPage\":{\"@id\":\"https:\/\/dev.tolio.co.nz\/san-pham\/banh-hoi-tuoi-trang-ba-cay-tre-goi-340g-set5\/#primaryimage\"},\"image\":{\"@id\":\"https:\/\/dev.tolio.co.nz\/san-pham\/banh-hoi-tuoi-trang-ba-cay-tre-goi-340g-set5\/#primaryimage\"},\"thumbnailUrl\":\"https:\/\/dev.tolio.co.nz\/wp-content\/uploads\/2022\/04\/160.png\",\"datePublished\":\"2022-04-09T01:51:00+00:00\",\"dateModified\":\"2025-09-11T04:00:54+00:00\",\"description\":\"Th\u01b0\u01a1ng hi\u1ec7u: Ba c\u00e2y tre Xu\u1ea5t x\u1ee9 th\u01b0\u01a1ng hi\u1ec7u: Vi\u1ec7t Nam Quy c\u00e1ch \u0111\u00f3ng g\u00f3i: B\u1ecbch 340g L\u01b0u \u00fd: Bao b\u00ec s\u1ea3n ph\u1ea9m c\u00f3 th\u1ec3 thay \u0111\u1ed5i theo t\u1eebng \u0111\u1ee3t nh\u1eadp h\u00e0ng\",\"breadcrumb\":{\"@id\":\"https:\/\/dev.tolio.co.nz\/san-pham\/banh-hoi-tuoi-trang-ba-cay-tre-goi-340g-set5\/#breadcrumb\"},\"inLanguage\":\"en-US\",\"potentialAction\":[{\"@type\":\"ReadAction\",\"target\":[\"https:\/\/dev.tolio.co.nz\/san-pham\/banh-hoi-tuoi-trang-ba-cay-tre-goi-340g-set5\/\"]}]},{\"@type\":\"ImageObject\",\"inLanguage\":\"en-US\",\"@id\":\"https:\/\/dev.tolio.co.nz\/san-pham\/banh-hoi-tuoi-trang-ba-cay-tre-goi-340g-set5\/#primaryimage\",\"url\":\"https:\/\/dev.tolio.co.nz\/wp-content\/uploads\/2022\/04\/160.png\",\"contentUrl\":\"https:\/\/dev.tolio.co.nz\/wp-content\/uploads\/2022\/04\/160.png\",\"width\":1000,\"height\":907},{\"@type\":\"BreadcrumbList\",\"@id\":\"https:\/\/dev.tolio.co.nz\/san-pham\/banh-hoi-tuoi-trang-ba-cay-tre-goi-340g-set5\/#breadcrumb\",\"itemListElement\":[{\"@type\":\"ListItem\",\"position\":1,\"name\":\"Home\",\"item\":\"https:\/\/dev.tolio.co.nz\/\"},{\"@type\":\"ListItem\",\"position\":2,\"name\":\"C\u1eeda h\u00e0ng\",\"item\":\"https:\/\/dev.tolio.co.nz\/cua-hang\/\"},{\"@type\":\"ListItem\",\"position\":3,\"name\":\"Set 5 g\u00f3i b\u00e1nh h\u1ecfi t\u01b0\u01a1i tr\u1eafng Ba C\u00e2y Tre 340g\"}]},{\"@type\":\"WebSite\",\"@id\":\"https:\/\/dev.tolio.co.nz\/#website\",\"url\":\"https:\/\/dev.tolio.co.nz\/\",\"name\":\"TOLIO\",\"description\":\"Vietnamese Grocery Online\",\"potentialAction\":[{\"@type\":\"SearchAction\",\"target\":{\"@type\":\"EntryPoint\",\"urlTemplate\":\"https:\/\/dev.tolio.co.nz\/?s={search_term_string}\"},\"query-input\":{\"@type\":\"PropertyValueSpecification\",\"valueRequired\":true,\"valueName\":\"search_term_string\"}}],\"inLanguage\":\"en-US\"}]}<\/script>\n<!-- \/ Yoast SEO plugin. -->","yoast_head_json":{"title":"Set 5 g\u00f3i b\u00e1nh h\u1ecfi t\u01b0\u01a1i tr\u1eafng Ba C\u00e2y Tre 340g - TOLIO","description":"Th\u01b0\u01a1ng hi\u1ec7u: Ba c\u00e2y tre  Xu\u1ea5t x\u1ee9 th\u01b0\u01a1ng hi\u1ec7u: Vi\u1ec7t Nam  Quy c\u00e1ch \u0111\u00f3ng g\u00f3i: B\u1ecbch 340g  L\u01b0u \u00fd: Bao b\u00ec s\u1ea3n ph\u1ea9m c\u00f3 th\u1ec3 thay \u0111\u1ed5i theo t\u1eebng \u0111\u1ee3t nh\u1eadp h\u00e0ng","robots":{"index":"index","follow":"follow","max-snippet":"max-snippet:-1","max-image-preview":"max-image-preview:large","max-video-preview":"max-video-preview:-1"},"canonical":"https:\/\/dev.tolio.co.nz\/en\/product\/banh-hoi-thoi-trang-ba-spicy-bamboo-package-340g-set5\/","og_locale":"en_US","og_type":"article","og_title":"Set 5 g\u00f3i b\u00e1nh h\u1ecfi t\u01b0\u01a1i tr\u1eafng Ba C\u00e2y Tre 340g - TOLIO","og_description":"Th\u01b0\u01a1ng hi\u1ec7u: Ba c\u00e2y tre  Xu\u1ea5t x\u1ee9 th\u01b0\u01a1ng hi\u1ec7u: Vi\u1ec7t Nam  Quy c\u00e1ch \u0111\u00f3ng g\u00f3i: B\u1ecbch 340g  L\u01b0u \u00fd: Bao b\u00ec s\u1ea3n ph\u1ea9m c\u00f3 th\u1ec3 thay \u0111\u1ed5i theo t\u1eebng \u0111\u1ee3t nh\u1eadp h\u00e0ng","og_url":"https:\/\/dev.tolio.co.nz\/en\/product\/banh-hoi-thoi-trang-ba-spicy-bamboo-package-340g-set5\/","og_site_name":"TOLIO","article_modified_time":"2025-09-11T04:00:54+00:00","og_image":[{"width":1000,"height":907,"url":"https:\/\/dev.tolio.co.nz\/wp-content\/uploads\/2022\/04\/160.png","type":"image\/png"}],"twitter_card":"summary_large_image","twitter_misc":{"Est. reading time":"3 minutes"},"schema":{"@context":"https:\/\/schema.org","@graph":[{"@type":"WebPage","@id":"https:\/\/dev.tolio.co.nz\/san-pham\/banh-hoi-tuoi-trang-ba-cay-tre-goi-340g-set5\/","url":"https:\/\/dev.tolio.co.nz\/san-pham\/banh-hoi-tuoi-trang-ba-cay-tre-goi-340g-set5\/","name":"Set 5 g\u00f3i b\u00e1nh h\u1ecfi t\u01b0\u01a1i tr\u1eafng Ba C\u00e2y Tre 340g - TOLIO","isPartOf":{"@id":"https:\/\/dev.tolio.co.nz\/#website"},"primaryImageOfPage":{"@id":"https:\/\/dev.tolio.co.nz\/san-pham\/banh-hoi-tuoi-trang-ba-cay-tre-goi-340g-set5\/#primaryimage"},"image":{"@id":"https:\/\/dev.tolio.co.nz\/san-pham\/banh-hoi-tuoi-trang-ba-cay-tre-goi-340g-set5\/#primaryimage"},"thumbnailUrl":"https:\/\/dev.tolio.co.nz\/wp-content\/uploads\/2022\/04\/160.png","datePublished":"2022-04-09T01:51:00+00:00","dateModified":"2025-09-11T04:00:54+00:00","description":"Th\u01b0\u01a1ng hi\u1ec7u: Ba c\u00e2y tre Xu\u1ea5t x\u1ee9 th\u01b0\u01a1ng hi\u1ec7u: Vi\u1ec7t Nam Quy c\u00e1ch \u0111\u00f3ng g\u00f3i: B\u1ecbch 340g L\u01b0u \u00fd: Bao b\u00ec s\u1ea3n ph\u1ea9m c\u00f3 th\u1ec3 thay \u0111\u1ed5i theo t\u1eebng \u0111\u1ee3t nh\u1eadp h\u00e0ng","breadcrumb":{"@id":"https:\/\/dev.tolio.co.nz\/san-pham\/banh-hoi-tuoi-trang-ba-cay-tre-goi-340g-set5\/#breadcrumb"},"inLanguage":"en-US","potentialAction":[{"@type":"ReadAction","target":["https:\/\/dev.tolio.co.nz\/san-pham\/banh-hoi-tuoi-trang-ba-cay-tre-goi-340g-set5\/"]}]},{"@type":"ImageObject","inLanguage":"en-US","@id":"https:\/\/dev.tolio.co.nz\/san-pham\/banh-hoi-tuoi-trang-ba-cay-tre-goi-340g-set5\/#primaryimage","url":"https:\/\/dev.tolio.co.nz\/wp-content\/uploads\/2022\/04\/160.png","contentUrl":"https:\/\/dev.tolio.co.nz\/wp-content\/uploads\/2022\/04\/160.png","width":1000,"height":907},{"@type":"BreadcrumbList","@id":"https:\/\/dev.tolio.co.nz\/san-pham\/banh-hoi-tuoi-trang-ba-cay-tre-goi-340g-set5\/#breadcrumb","itemListElement":[{"@type":"ListItem","position":1,"name":"Home","item":"https:\/\/dev.tolio.co.nz\/"},{"@type":"ListItem","position":2,"name":"C\u1eeda h\u00e0ng","item":"https:\/\/dev.tolio.co.nz\/cua-hang\/"},{"@type":"ListItem","position":3,"name":"Set 5 g\u00f3i b\u00e1nh h\u1ecfi t\u01b0\u01a1i tr\u1eafng Ba C\u00e2y Tre 340g"}]},{"@type":"WebSite","@id":"https:\/\/dev.tolio.co.nz\/#website","url":"https:\/\/dev.tolio.co.nz\/","name":"TOLIO","description":"Vietnamese Grocery Online","potentialAction":[{"@type":"SearchAction","target":{"@type":"EntryPoint","urlTemplate":"https:\/\/dev.tolio.co.nz\/?s={search_term_string}"},"query-input":{"@type":"PropertyValueSpecification","valueRequired":true,"valueName":"search_term_string"}}],"inLanguage":"en-US"}]}},"_links":{"self":[{"href":"https:\/\/dev.tolio.co.nz\/en\/wp-json\/wp\/v2\/product\/3575","targetHints":{"allow":["GET"]}}],"collection":[{"href":"https:\/\/dev.tolio.co.nz\/en\/wp-json\/wp\/v2\/product"}],"about":[{"href":"https:\/\/dev.tolio.co.nz\/en\/wp-json\/wp\/v2\/types\/product"}],"replies":[{"embeddable":true,"href":"https:\/\/dev.tolio.co.nz\/en\/wp-json\/wp\/v2\/comments?post=3575"}],"wp:featuredmedia":[{"embeddable":true,"href":"https:\/\/dev.tolio.co.nz\/en\/wp-json\/wp\/v2\/media\/20606"}],"wp:attachment":[{"href":"https:\/\/dev.tolio.co.nz\/en\/wp-json\/wp\/v2\/media?parent=3575"}],"wp:term":[{"taxonomy":"product_brand","embeddable":true,"href":"https:\/\/dev.tolio.co.nz\/en\/wp-json\/wp\/v2\/product_brand?post=3575"},{"taxonomy":"product_cat","embeddable":true,"href":"https:\/\/dev.tolio.co.nz\/en\/wp-json\/wp\/v2\/product_cat?post=3575"},{"taxonomy":"product_tag","embeddable":true,"href":"https:\/\/dev.tolio.co.nz\/en\/wp-json\/wp\/v2\/product_tag?post=3575"}],"curies":[{"name":"wp","href":"https:\/\/api.w.org\/{rel}","templated":true}]}}