{"id":3599,"date":"2022-04-09T16:12:00","date_gmt":"2022-04-09T03:27:00","guid":{"rendered":"https:\/\/tolio2.sitebycat.com\/?post_type=product&#038;p=3599"},"modified":"2025-09-11T15:59:59","modified_gmt":"2025-09-11T03:59:59","slug":"banh-phong-tom-sa-giang-hop-200g-set5","status":"publish","type":"product","link":"https:\/\/dev.tolio.co.nz\/en\/product\/tom-sa-giang-hop-banh-phong-200g-set5\/","title":{"rendered":"Set 5 h\u1ed9p ph\u1ed3ng t\u00f4m Sa Giang h\u1ed9p 200g"},"content":{"rendered":"<p><strong>B\u00e1nh ph\u1ed3ng t\u00f4m Sa Giang h\u1ed9p 200g <\/strong>l\u00e0 s\u1ea3n ph\u1ea9m n\u00e0y ph\u1ed5 bi\u1ebfn trong nh\u1eefng b\u1eefa ti\u1ec7c c\u1ee7a gia \u0111\u00ecnh b\u1edfi s\u1ef1 \u0111\u01a1n gi\u1ea3n trong ch\u1ebf bi\u1ebfn m\u00e0 c\u00f2n r\u1ea5t ngon mi\u1ec7ng, h\u1ea5p d\u1eabn. Ch\u1ec9 c\u1ea7n chi\u00ean v\u1edbi d\u1ea7u n\u00f3ng ho\u1eb7c n\u01b0\u1edbng trong l\u00f2 vi s\u00f3ng l\u00e0 c\u00f3 th\u1ec3 th\u01b0\u1edfng th\u1ee9c. Ch\u00ednh v\u00ec th\u1ebf s\u1ea3n ph\u1ea9m B\u00e1nh ph\u1ed3ng t\u00f4m \u0111\u1eb7c bi\u1ec7t Sa Giang s\u1ebd l\u00e0 m\u00f3n khai v\u1ecb h\u1ea5p d\u1eabn trong b\u1eefa \u0103n c\u1ee7a gia \u0111\u00ecnh b\u1ea1n.<\/p>\n<p><strong>H\u01b0\u1edbng d\u1eabn s\u1eed d\u1ee5ng:<\/strong><\/p>\n<ul>\n<li>Chi\u00ean \u1edf nhi\u1ec7t \u0111\u1ed9 170 &#8211; 190 \u0111\u1ed9 C, cho b\u00e1nh v\u00e0o. Khi b\u00e1nh n\u1edf \u0111\u1ec1u, v\u1eeba tr\u1edf m\u00e0u v\u00e0ng, v\u1edbt ra.<\/li>\n<li>\u00a0N\u01b0\u1edbng b\u1eb1ng l\u00f2 Vi ba: S\u1eed d\u1ee5ng l\u00f2 viba \u1edf ch\u1ebf \u0111\u1ed9 Micropower (c\u00f4ng su\u1ea5t 600 1000w) kho\u1ea3ng 40-60 gi\u00e2y.<\/li>\n<li>N\u1ea5u s\u00fap: Lu\u1ed9c 100g b\u00e1nh t\u1eeb 3 \u0111\u1ebfn 5 ph\u00fat, chu\u1ea9n b\u1ecb 400ml n\u01b0\u1edbc s\u00fap n\u00f3ng cho v\u00e0o t\u00f4 c\u00f9ng v\u1edbi b\u00e1nh, th\u1ecbt, t\u00f4m, m\u1ef1c, h\u1eb9, gi\u00e1,&#8230; v\u00e0 c\u00e1c gia v\u1ecb t\u00f9y th\u00edch.<\/li>\n<\/ul>\n<p><strong>B\u1ea3o qu\u1ea3n:<\/strong><\/p>\n<ul>\n<li>B\u1ea3o qu\u1ea3n n\u01a1i kh\u00f4 r\u00e1o, tho\u00e1ng m\u00e1t, tr\u00e1nh \u00e1nh n\u1eafng tr\u1ef1c ti\u1ebfp.<\/li>\n<\/ul>","protected":false},"excerpt":{"rendered":"<ul>\n<li>Th\u01b0\u01a1ng hi\u1ec7u: Sa Giang<\/li>\n<li>Xu\u1ea5t x\u1ee9 th\u01b0\u01a1ng hi\u1ec7u: Vi\u1ec7t Nam<\/li>\n<li>Quy c\u00e1ch \u0111\u00f3ng g\u00f3i: h\u1ed9p 200g<\/li>\n<li>L\u01b0u \u00fd: Bao b\u00ec s\u1ea3n ph\u1ea9m c\u00f3 th\u1ec3 thay \u0111\u1ed5i theo t\u1eebng \u0111\u1ee3t nh\u1eadp h\u00e0ng<\/li>\n<\/ul>","protected":false},"featured_media":20738,"comment_status":"open","ping_status":"closed","template":"","meta":[],"product_brand":[],"product_cat":[478,31],"product_tag":[484,485,486],"class_list":{"0":"post-3599","1":"product","2":"type-product","3":"status-publish","4":"has-post-thumbnail","6":"product_cat-thuc-pham-khac","7":"product_cat-hang-moi-ve","8":"product_tag-banh-phong-tom","9":"product_tag-banh-phong-tom-sa-giang","10":"product_tag-phong-tom","11":"pa_thuong-hieu-sa-giang","13":"first","14":"instock","15":"sale","16":"shipping-taxable","17":"purchasable","18":"product-type-simple"},"yoast_head":"<!-- This site is optimized with the Yoast SEO plugin v24.4 - https:\/\/yoast.com\/wordpress\/plugins\/seo\/ -->\n<title>Set 5 h\u1ed9p ph\u1ed3ng t\u00f4m Sa Giang h\u1ed9p 200g - TOLIO<\/title>\n<meta name=\"description\" content=\"Th\u01b0\u01a1ng hi\u1ec7u: Sa Giang  Xu\u1ea5t x\u1ee9 th\u01b0\u01a1ng hi\u1ec7u: Vi\u1ec7t Nam  Quy c\u00e1ch \u0111\u00f3ng g\u00f3i: h\u1ed9p 200g  L\u01b0u \u00fd: Bao b\u00ec s\u1ea3n ph\u1ea9m c\u00f3 th\u1ec3 thay \u0111\u1ed5i theo t\u1eebng \u0111\u1ee3t nh\u1eadp h\u00e0ng\" \/>\n<meta name=\"robots\" content=\"index, follow, max-snippet:-1, max-image-preview:large, max-video-preview:-1\" \/>\n<link rel=\"canonical\" href=\"https:\/\/dev.tolio.co.nz\/en\/product\/tom-sa-giang-hop-banh-phong-200g-set5\/\" \/>\n<meta property=\"og:locale\" content=\"en_US\" \/>\n<meta property=\"og:type\" content=\"article\" \/>\n<meta property=\"og:title\" content=\"Set 5 h\u1ed9p ph\u1ed3ng t\u00f4m Sa Giang h\u1ed9p 200g - TOLIO\" \/>\n<meta property=\"og:description\" content=\"Th\u01b0\u01a1ng hi\u1ec7u: Sa Giang  Xu\u1ea5t x\u1ee9 th\u01b0\u01a1ng hi\u1ec7u: Vi\u1ec7t Nam  Quy c\u00e1ch \u0111\u00f3ng g\u00f3i: h\u1ed9p 200g  L\u01b0u \u00fd: Bao b\u00ec s\u1ea3n ph\u1ea9m c\u00f3 th\u1ec3 thay \u0111\u1ed5i theo t\u1eebng \u0111\u1ee3t nh\u1eadp h\u00e0ng\" \/>\n<meta property=\"og:url\" content=\"https:\/\/dev.tolio.co.nz\/en\/product\/tom-sa-giang-hop-banh-phong-200g-set5\/\" \/>\n<meta property=\"og:site_name\" content=\"TOLIO\" \/>\n<meta property=\"article:modified_time\" content=\"2025-09-11T03:59:59+00:00\" \/>\n<meta property=\"og:image\" content=\"https:\/\/dev.tolio.co.nz\/wp-content\/uploads\/2022\/03\/260.png\" \/>\n\t<meta property=\"og:image:width\" content=\"1000\" \/>\n\t<meta property=\"og:image:height\" content=\"907\" \/>\n\t<meta property=\"og:image:type\" content=\"image\/png\" \/>\n<meta name=\"twitter:card\" content=\"summary_large_image\" \/>\n<meta name=\"twitter:label1\" content=\"Est. reading time\" \/>\n\t<meta name=\"twitter:data1\" content=\"1 minute\" \/>\n<script type=\"application\/ld+json\" class=\"yoast-schema-graph\">{\"@context\":\"https:\/\/schema.org\",\"@graph\":[{\"@type\":\"WebPage\",\"@id\":\"https:\/\/dev.tolio.co.nz\/san-pham\/banh-phong-tom-sa-giang-hop-200g-set5\/\",\"url\":\"https:\/\/dev.tolio.co.nz\/san-pham\/banh-phong-tom-sa-giang-hop-200g-set5\/\",\"name\":\"Set 5 h\u1ed9p ph\u1ed3ng t\u00f4m Sa Giang h\u1ed9p 200g - TOLIO\",\"isPartOf\":{\"@id\":\"https:\/\/dev.tolio.co.nz\/#website\"},\"primaryImageOfPage\":{\"@id\":\"https:\/\/dev.tolio.co.nz\/san-pham\/banh-phong-tom-sa-giang-hop-200g-set5\/#primaryimage\"},\"image\":{\"@id\":\"https:\/\/dev.tolio.co.nz\/san-pham\/banh-phong-tom-sa-giang-hop-200g-set5\/#primaryimage\"},\"thumbnailUrl\":\"https:\/\/dev.tolio.co.nz\/wp-content\/uploads\/2022\/03\/260.png\",\"datePublished\":\"2022-04-09T03:27:00+00:00\",\"dateModified\":\"2025-09-11T03:59:59+00:00\",\"description\":\"Th\u01b0\u01a1ng hi\u1ec7u: Sa Giang Xu\u1ea5t x\u1ee9 th\u01b0\u01a1ng hi\u1ec7u: Vi\u1ec7t Nam Quy c\u00e1ch \u0111\u00f3ng g\u00f3i: h\u1ed9p 200g L\u01b0u \u00fd: Bao b\u00ec s\u1ea3n ph\u1ea9m c\u00f3 th\u1ec3 thay \u0111\u1ed5i theo t\u1eebng \u0111\u1ee3t nh\u1eadp h\u00e0ng\",\"breadcrumb\":{\"@id\":\"https:\/\/dev.tolio.co.nz\/san-pham\/banh-phong-tom-sa-giang-hop-200g-set5\/#breadcrumb\"},\"inLanguage\":\"en-US\",\"potentialAction\":[{\"@type\":\"ReadAction\",\"target\":[\"https:\/\/dev.tolio.co.nz\/san-pham\/banh-phong-tom-sa-giang-hop-200g-set5\/\"]}]},{\"@type\":\"ImageObject\",\"inLanguage\":\"en-US\",\"@id\":\"https:\/\/dev.tolio.co.nz\/san-pham\/banh-phong-tom-sa-giang-hop-200g-set5\/#primaryimage\",\"url\":\"https:\/\/dev.tolio.co.nz\/wp-content\/uploads\/2022\/03\/260.png\",\"contentUrl\":\"https:\/\/dev.tolio.co.nz\/wp-content\/uploads\/2022\/03\/260.png\",\"width\":1000,\"height\":907},{\"@type\":\"BreadcrumbList\",\"@id\":\"https:\/\/dev.tolio.co.nz\/san-pham\/banh-phong-tom-sa-giang-hop-200g-set5\/#breadcrumb\",\"itemListElement\":[{\"@type\":\"ListItem\",\"position\":1,\"name\":\"Home\",\"item\":\"https:\/\/dev.tolio.co.nz\/\"},{\"@type\":\"ListItem\",\"position\":2,\"name\":\"C\u1eeda h\u00e0ng\",\"item\":\"https:\/\/dev.tolio.co.nz\/cua-hang\/\"},{\"@type\":\"ListItem\",\"position\":3,\"name\":\"Set 5 h\u1ed9p ph\u1ed3ng t\u00f4m Sa Giang h\u1ed9p 200g\"}]},{\"@type\":\"WebSite\",\"@id\":\"https:\/\/dev.tolio.co.nz\/#website\",\"url\":\"https:\/\/dev.tolio.co.nz\/\",\"name\":\"TOLIO\",\"description\":\"Vietnamese Grocery Online\",\"potentialAction\":[{\"@type\":\"SearchAction\",\"target\":{\"@type\":\"EntryPoint\",\"urlTemplate\":\"https:\/\/dev.tolio.co.nz\/?s={search_term_string}\"},\"query-input\":{\"@type\":\"PropertyValueSpecification\",\"valueRequired\":true,\"valueName\":\"search_term_string\"}}],\"inLanguage\":\"en-US\"}]}<\/script>\n<!-- \/ Yoast SEO plugin. -->","yoast_head_json":{"title":"Set 5 h\u1ed9p ph\u1ed3ng t\u00f4m Sa Giang h\u1ed9p 200g - TOLIO","description":"Th\u01b0\u01a1ng hi\u1ec7u: Sa Giang  Xu\u1ea5t x\u1ee9 th\u01b0\u01a1ng hi\u1ec7u: Vi\u1ec7t Nam  Quy c\u00e1ch \u0111\u00f3ng g\u00f3i: h\u1ed9p 200g  L\u01b0u \u00fd: Bao b\u00ec s\u1ea3n ph\u1ea9m c\u00f3 th\u1ec3 thay \u0111\u1ed5i theo t\u1eebng \u0111\u1ee3t nh\u1eadp h\u00e0ng","robots":{"index":"index","follow":"follow","max-snippet":"max-snippet:-1","max-image-preview":"max-image-preview:large","max-video-preview":"max-video-preview:-1"},"canonical":"https:\/\/dev.tolio.co.nz\/en\/product\/tom-sa-giang-hop-banh-phong-200g-set5\/","og_locale":"en_US","og_type":"article","og_title":"Set 5 h\u1ed9p ph\u1ed3ng t\u00f4m Sa Giang h\u1ed9p 200g - TOLIO","og_description":"Th\u01b0\u01a1ng hi\u1ec7u: Sa Giang  Xu\u1ea5t x\u1ee9 th\u01b0\u01a1ng hi\u1ec7u: Vi\u1ec7t Nam  Quy c\u00e1ch \u0111\u00f3ng g\u00f3i: h\u1ed9p 200g  L\u01b0u \u00fd: Bao b\u00ec s\u1ea3n ph\u1ea9m c\u00f3 th\u1ec3 thay \u0111\u1ed5i theo t\u1eebng \u0111\u1ee3t nh\u1eadp h\u00e0ng","og_url":"https:\/\/dev.tolio.co.nz\/en\/product\/tom-sa-giang-hop-banh-phong-200g-set5\/","og_site_name":"TOLIO","article_modified_time":"2025-09-11T03:59:59+00:00","og_image":[{"width":1000,"height":907,"url":"https:\/\/dev.tolio.co.nz\/wp-content\/uploads\/2022\/03\/260.png","type":"image\/png"}],"twitter_card":"summary_large_image","twitter_misc":{"Est. reading time":"1 minute"},"schema":{"@context":"https:\/\/schema.org","@graph":[{"@type":"WebPage","@id":"https:\/\/dev.tolio.co.nz\/san-pham\/banh-phong-tom-sa-giang-hop-200g-set5\/","url":"https:\/\/dev.tolio.co.nz\/san-pham\/banh-phong-tom-sa-giang-hop-200g-set5\/","name":"Set 5 h\u1ed9p ph\u1ed3ng t\u00f4m Sa Giang h\u1ed9p 200g - TOLIO","isPartOf":{"@id":"https:\/\/dev.tolio.co.nz\/#website"},"primaryImageOfPage":{"@id":"https:\/\/dev.tolio.co.nz\/san-pham\/banh-phong-tom-sa-giang-hop-200g-set5\/#primaryimage"},"image":{"@id":"https:\/\/dev.tolio.co.nz\/san-pham\/banh-phong-tom-sa-giang-hop-200g-set5\/#primaryimage"},"thumbnailUrl":"https:\/\/dev.tolio.co.nz\/wp-content\/uploads\/2022\/03\/260.png","datePublished":"2022-04-09T03:27:00+00:00","dateModified":"2025-09-11T03:59:59+00:00","description":"Th\u01b0\u01a1ng hi\u1ec7u: Sa Giang Xu\u1ea5t x\u1ee9 th\u01b0\u01a1ng hi\u1ec7u: Vi\u1ec7t Nam Quy c\u00e1ch \u0111\u00f3ng g\u00f3i: h\u1ed9p 200g L\u01b0u \u00fd: Bao b\u00ec s\u1ea3n ph\u1ea9m c\u00f3 th\u1ec3 thay \u0111\u1ed5i theo t\u1eebng \u0111\u1ee3t nh\u1eadp h\u00e0ng","breadcrumb":{"@id":"https:\/\/dev.tolio.co.nz\/san-pham\/banh-phong-tom-sa-giang-hop-200g-set5\/#breadcrumb"},"inLanguage":"en-US","potentialAction":[{"@type":"ReadAction","target":["https:\/\/dev.tolio.co.nz\/san-pham\/banh-phong-tom-sa-giang-hop-200g-set5\/"]}]},{"@type":"ImageObject","inLanguage":"en-US","@id":"https:\/\/dev.tolio.co.nz\/san-pham\/banh-phong-tom-sa-giang-hop-200g-set5\/#primaryimage","url":"https:\/\/dev.tolio.co.nz\/wp-content\/uploads\/2022\/03\/260.png","contentUrl":"https:\/\/dev.tolio.co.nz\/wp-content\/uploads\/2022\/03\/260.png","width":1000,"height":907},{"@type":"BreadcrumbList","@id":"https:\/\/dev.tolio.co.nz\/san-pham\/banh-phong-tom-sa-giang-hop-200g-set5\/#breadcrumb","itemListElement":[{"@type":"ListItem","position":1,"name":"Home","item":"https:\/\/dev.tolio.co.nz\/"},{"@type":"ListItem","position":2,"name":"C\u1eeda h\u00e0ng","item":"https:\/\/dev.tolio.co.nz\/cua-hang\/"},{"@type":"ListItem","position":3,"name":"Set 5 h\u1ed9p ph\u1ed3ng t\u00f4m Sa Giang h\u1ed9p 200g"}]},{"@type":"WebSite","@id":"https:\/\/dev.tolio.co.nz\/#website","url":"https:\/\/dev.tolio.co.nz\/","name":"TOLIO","description":"Vietnamese Grocery Online","potentialAction":[{"@type":"SearchAction","target":{"@type":"EntryPoint","urlTemplate":"https:\/\/dev.tolio.co.nz\/?s={search_term_string}"},"query-input":{"@type":"PropertyValueSpecification","valueRequired":true,"valueName":"search_term_string"}}],"inLanguage":"en-US"}]}},"_links":{"self":[{"href":"https:\/\/dev.tolio.co.nz\/en\/wp-json\/wp\/v2\/product\/3599","targetHints":{"allow":["GET"]}}],"collection":[{"href":"https:\/\/dev.tolio.co.nz\/en\/wp-json\/wp\/v2\/product"}],"about":[{"href":"https:\/\/dev.tolio.co.nz\/en\/wp-json\/wp\/v2\/types\/product"}],"replies":[{"embeddable":true,"href":"https:\/\/dev.tolio.co.nz\/en\/wp-json\/wp\/v2\/comments?post=3599"}],"wp:featuredmedia":[{"embeddable":true,"href":"https:\/\/dev.tolio.co.nz\/en\/wp-json\/wp\/v2\/media\/20738"}],"wp:attachment":[{"href":"https:\/\/dev.tolio.co.nz\/en\/wp-json\/wp\/v2\/media?parent=3599"}],"wp:term":[{"taxonomy":"product_brand","embeddable":true,"href":"https:\/\/dev.tolio.co.nz\/en\/wp-json\/wp\/v2\/product_brand?post=3599"},{"taxonomy":"product_cat","embeddable":true,"href":"https:\/\/dev.tolio.co.nz\/en\/wp-json\/wp\/v2\/product_cat?post=3599"},{"taxonomy":"product_tag","embeddable":true,"href":"https:\/\/dev.tolio.co.nz\/en\/wp-json\/wp\/v2\/product_tag?post=3599"}],"curies":[{"name":"wp","href":"https:\/\/api.w.org\/{rel}","templated":true}]}}