{"id":3611,"date":"2022-04-09T16:36:00","date_gmt":"2022-04-09T03:51:00","guid":{"rendered":"https:\/\/tolio2.sitebycat.com\/?post_type=product&#038;p=3611"},"modified":"2025-09-11T16:00:39","modified_gmt":"2025-09-11T04:00:39","slug":"thung-30-goi-bun-rieu-cua-vifon-80g","status":"publish","type":"product","link":"https:\/\/dev.tolio.co.nz\/en\/product\/30-packages-of-vifons-80g-copy-of-fried-noodles\/","title":{"rendered":"Th\u00f9ng 30 g\u00f3i b\u00fan ri\u00eau cua Vifon 80g"},"content":{"rendered":"<p><strong>B\u00fan ri\u00eau cua Vifon g\u00f3i 80g<\/strong> \u0111\u01b0\u1ee3c s\u1ea3n xu\u1ea5t t\u1eeb c\u00e1c th\u00e0nh ph\u1ea7n t\u1ef1 nhi\u00ean an to\u00e0n cho kh\u1ecfe. B\u00fan ri\u00eau cua Vifon 80g th\u01a1m ngon v\u1edbi s\u1ee3i b\u00fan tr\u00f2n dai ngon h\u00f2a quy\u1ec7n trong n\u01b0\u1edbc s\u00fap \u0111\u1eadm \u0111\u00e0 c\u00f9ng g\u00f3i ri\u00eau cua th\u1eadt ch\u1ea5t l\u01b0\u1ee3ng, th\u01a1m l\u1eebng, ph\u00f9 h\u1ee3p cho b\u1eefa \u0103n nhanh ch\u00f3ng ti\u1ec7n l\u1ee3i v\u00e0 dinh d\u01b0\u1ee1ng<\/p>\n<p><strong>H\u01b0\u1edbng d\u1eabn s\u1eed d\u1ee5ng:<\/strong><\/p>\n<ul>\n<li>Cho b\u00fan, g\u00f3i gia v\u1ecb v\u00e0o t\u00f4. Th\u00eam 400ml n\u01b0\u1edbc s\u00f4i, \u0111\u1eady n\u1eafp trong 3 ph\u00fat. M\u1edf n\u1eafp, c\u1eaft g\u00f3i ri\u00eau cua cho v\u00e0o, tr\u1ed9n \u0111\u1ec1u<\/li>\n<\/ul>\n<p><strong>B\u1ea3o qu\u1ea3n:<\/strong><\/p>\n<ul>\n<li>N\u01a1i kh\u00f4 r\u00e1o, tho\u00e1ng m\u00e1t, tr\u00e1nh \u00e1nh n\u1eafng m\u1eb7t tr\u1eddi<\/li>\n<\/ul>","protected":false},"excerpt":{"rendered":"<ul>\n<li>Th\u01b0\u01a1ng hi\u1ec7u: Vifon<\/li>\n<li>Xu\u1ea5t x\u1ee9 th\u01b0\u01a1ng hi\u1ec7u: Vi\u1ec7t Nam<\/li>\n<li>Quy c\u00e1ch \u0111\u00f3ng g\u00f3i: g\u00f3i 80g, th\u00f9ng 30 g\u00f3i<\/li>\n<li>L\u01b0u \u00fd: Bao b\u00ec s\u1ea3n ph\u1ea9m c\u00f3 th\u1ec3 thay \u0111\u1ed5i theo t\u1eebng \u0111\u1ee3t nh\u1eadp h\u00e0ng<\/li>\n<\/ul>","protected":false},"featured_media":22839,"comment_status":"open","ping_status":"closed","template":"","meta":[],"product_brand":[],"product_cat":[511,30,31],"product_tag":[156,505],"class_list":{"0":"post-3611","1":"product","2":"type-product","3":"status-publish","4":"has-post-thumbnail","6":"product_cat-mi-pho-chao-an-lien","7":"product_cat-ban-chay-nhat","8":"product_cat-hang-moi-ve","9":"product_tag-bun","10":"product_tag-bun-rieu-cua","11":"pa_thuong-hieu-vifon","13":"first","14":"instock","15":"sale","16":"shipping-taxable","17":"purchasable","18":"product-type-simple"},"yoast_head":"<!-- This site is optimized with the Yoast SEO plugin v24.4 - https:\/\/yoast.com\/wordpress\/plugins\/seo\/ -->\n<title>Th\u00f9ng 30 g\u00f3i b\u00fan ri\u00eau cua Vifon 80g - TOLIO<\/title>\n<meta name=\"description\" content=\"Th\u01b0\u01a1ng hi\u1ec7u: Vifon  Xu\u1ea5t x\u1ee9 th\u01b0\u01a1ng hi\u1ec7u: Vi\u1ec7t Nam  Quy c\u00e1ch \u0111\u00f3ng g\u00f3i: g\u00f3i 80g, th\u00f9ng 30 g\u00f3i  L\u01b0u \u00fd: Bao b\u00ec s\u1ea3n ph\u1ea9m c\u00f3 th\u1ec3 thay \u0111\u1ed5i theo t\u1eebng \u0111\u1ee3t nh\u1eadp h\u00e0ng\" \/>\n<meta name=\"robots\" content=\"index, follow, max-snippet:-1, max-image-preview:large, max-video-preview:-1\" \/>\n<link rel=\"canonical\" href=\"https:\/\/dev.tolio.co.nz\/en\/products\/30-packages-of-vifons-80g-copy-of-fried-noodles\/\" \/>\n<meta property=\"og:locale\" content=\"en_US\" \/>\n<meta property=\"og:type\" content=\"article\" \/>\n<meta property=\"og:title\" content=\"Th\u00f9ng 30 g\u00f3i b\u00fan ri\u00eau cua Vifon 80g - TOLIO\" \/>\n<meta property=\"og:description\" content=\"Th\u01b0\u01a1ng hi\u1ec7u: Vifon  Xu\u1ea5t x\u1ee9 th\u01b0\u01a1ng hi\u1ec7u: Vi\u1ec7t Nam  Quy c\u00e1ch \u0111\u00f3ng g\u00f3i: g\u00f3i 80g, th\u00f9ng 30 g\u00f3i  L\u01b0u \u00fd: Bao b\u00ec s\u1ea3n ph\u1ea9m c\u00f3 th\u1ec3 thay \u0111\u1ed5i theo t\u1eebng \u0111\u1ee3t nh\u1eadp h\u00e0ng\" \/>\n<meta property=\"og:url\" content=\"https:\/\/dev.tolio.co.nz\/en\/products\/30-packages-of-vifons-80g-copy-of-fried-noodles\/\" \/>\n<meta property=\"og:site_name\" content=\"TOLIO\" \/>\n<meta property=\"article:modified_time\" content=\"2025-09-11T04:00:39+00:00\" \/>\n<meta property=\"og:image\" content=\"https:\/\/dev.tolio.co.nz\/wp-content\/uploads\/2022\/04\/379.png\" \/>\n\t<meta property=\"og:image:width\" content=\"1000\" \/>\n\t<meta property=\"og:image:height\" content=\"907\" \/>\n\t<meta property=\"og:image:type\" content=\"image\/png\" \/>\n<meta name=\"twitter:card\" content=\"summary_large_image\" \/>\n<meta name=\"twitter:label1\" content=\"Est. reading time\" \/>\n\t<meta name=\"twitter:data1\" content=\"1 minute\" \/>\n<script type=\"application\/ld+json\" class=\"yoast-schema-graph\">{\"@context\":\"https:\/\/schema.org\",\"@graph\":[{\"@type\":\"WebPage\",\"@id\":\"https:\/\/dev.tolio.co.nz\/en\/products\/30-packages-of-vifons-80g-copy-of-fried-noodles\/\",\"url\":\"https:\/\/dev.tolio.co.nz\/en\/products\/30-packages-of-vifons-80g-copy-of-fried-noodles\/\",\"name\":\"Th\u00f9ng 30 g\u00f3i b\u00fan ri\u00eau cua Vifon 80g - TOLIO\",\"isPartOf\":{\"@id\":\"https:\/\/dev.tolio.co.nz\/#website\"},\"primaryImageOfPage\":{\"@id\":\"https:\/\/dev.tolio.co.nz\/en\/products\/30-packages-of-vifons-80g-copy-of-fried-noodles\/#primaryimage\"},\"image\":{\"@id\":\"https:\/\/dev.tolio.co.nz\/en\/products\/30-packages-of-vifons-80g-copy-of-fried-noodles\/#primaryimage\"},\"thumbnailUrl\":\"https:\/\/dev.tolio.co.nz\/wp-content\/uploads\/2022\/04\/379.png\",\"datePublished\":\"2022-04-09T03:51:00+00:00\",\"dateModified\":\"2025-09-11T04:00:39+00:00\",\"description\":\"Th\u01b0\u01a1ng hi\u1ec7u: Vifon Xu\u1ea5t x\u1ee9 th\u01b0\u01a1ng hi\u1ec7u: Vi\u1ec7t Nam Quy c\u00e1ch \u0111\u00f3ng g\u00f3i: g\u00f3i 80g, th\u00f9ng 30 g\u00f3i L\u01b0u \u00fd: Bao b\u00ec s\u1ea3n ph\u1ea9m c\u00f3 th\u1ec3 thay \u0111\u1ed5i theo t\u1eebng \u0111\u1ee3t nh\u1eadp h\u00e0ng\",\"breadcrumb\":{\"@id\":\"https:\/\/dev.tolio.co.nz\/en\/products\/30-packages-of-vifons-80g-copy-of-fried-noodles\/#breadcrumb\"},\"inLanguage\":\"en-US\",\"potentialAction\":[{\"@type\":\"ReadAction\",\"target\":[\"https:\/\/dev.tolio.co.nz\/en\/products\/30-packages-of-vifons-80g-copy-of-fried-noodles\/\"]}]},{\"@type\":\"ImageObject\",\"inLanguage\":\"en-US\",\"@id\":\"https:\/\/dev.tolio.co.nz\/en\/products\/30-packages-of-vifons-80g-copy-of-fried-noodles\/#primaryimage\",\"url\":\"https:\/\/dev.tolio.co.nz\/wp-content\/uploads\/2022\/04\/379.png\",\"contentUrl\":\"https:\/\/dev.tolio.co.nz\/wp-content\/uploads\/2022\/04\/379.png\",\"width\":1000,\"height\":907},{\"@type\":\"BreadcrumbList\",\"@id\":\"https:\/\/dev.tolio.co.nz\/en\/products\/30-packages-of-vifons-80g-copy-of-fried-noodles\/#breadcrumb\",\"itemListElement\":[{\"@type\":\"ListItem\",\"position\":1,\"name\":\"Home\",\"item\":\"https:\/\/dev.tolio.co.nz\/\"},{\"@type\":\"ListItem\",\"position\":2,\"name\":\"C\u1eeda h\u00e0ng\",\"item\":\"https:\/\/dev.tolio.co.nz\/cua-hang\/\"},{\"@type\":\"ListItem\",\"position\":3,\"name\":\"Th\u00f9ng 30 g\u00f3i b\u00fan ri\u00eau cua Vifon 80g\"}]},{\"@type\":\"WebSite\",\"@id\":\"https:\/\/dev.tolio.co.nz\/#website\",\"url\":\"https:\/\/dev.tolio.co.nz\/\",\"name\":\"TOLIO\",\"description\":\"Vietnamese Grocery Online\",\"potentialAction\":[{\"@type\":\"SearchAction\",\"target\":{\"@type\":\"EntryPoint\",\"urlTemplate\":\"https:\/\/dev.tolio.co.nz\/?s={search_term_string}\"},\"query-input\":{\"@type\":\"PropertyValueSpecification\",\"valueRequired\":true,\"valueName\":\"search_term_string\"}}],\"inLanguage\":\"en-US\"}]}<\/script>\n<!-- \/ Yoast SEO plugin. -->","yoast_head_json":{"title":"Th\u00f9ng 30 g\u00f3i b\u00fan ri\u00eau cua Vifon 80g - TOLIO","description":"Th\u01b0\u01a1ng hi\u1ec7u: Vifon  Xu\u1ea5t x\u1ee9 th\u01b0\u01a1ng hi\u1ec7u: Vi\u1ec7t Nam  Quy c\u00e1ch \u0111\u00f3ng g\u00f3i: g\u00f3i 80g, th\u00f9ng 30 g\u00f3i  L\u01b0u \u00fd: Bao b\u00ec s\u1ea3n ph\u1ea9m c\u00f3 th\u1ec3 thay \u0111\u1ed5i theo t\u1eebng \u0111\u1ee3t nh\u1eadp h\u00e0ng","robots":{"index":"index","follow":"follow","max-snippet":"max-snippet:-1","max-image-preview":"max-image-preview:large","max-video-preview":"max-video-preview:-1"},"canonical":"https:\/\/dev.tolio.co.nz\/en\/products\/30-packages-of-vifons-80g-copy-of-fried-noodles\/","og_locale":"en_US","og_type":"article","og_title":"Th\u00f9ng 30 g\u00f3i b\u00fan ri\u00eau cua Vifon 80g - TOLIO","og_description":"Th\u01b0\u01a1ng hi\u1ec7u: Vifon  Xu\u1ea5t x\u1ee9 th\u01b0\u01a1ng hi\u1ec7u: Vi\u1ec7t Nam  Quy c\u00e1ch \u0111\u00f3ng g\u00f3i: g\u00f3i 80g, th\u00f9ng 30 g\u00f3i  L\u01b0u \u00fd: Bao b\u00ec s\u1ea3n ph\u1ea9m c\u00f3 th\u1ec3 thay \u0111\u1ed5i theo t\u1eebng \u0111\u1ee3t nh\u1eadp h\u00e0ng","og_url":"https:\/\/dev.tolio.co.nz\/en\/products\/30-packages-of-vifons-80g-copy-of-fried-noodles\/","og_site_name":"TOLIO","article_modified_time":"2025-09-11T04:00:39+00:00","og_image":[{"width":1000,"height":907,"url":"https:\/\/dev.tolio.co.nz\/wp-content\/uploads\/2022\/04\/379.png","type":"image\/png"}],"twitter_card":"summary_large_image","twitter_misc":{"Est. reading time":"1 minute"},"schema":{"@context":"https:\/\/schema.org","@graph":[{"@type":"WebPage","@id":"https:\/\/dev.tolio.co.nz\/en\/products\/30-packages-of-vifons-80g-copy-of-fried-noodles\/","url":"https:\/\/dev.tolio.co.nz\/en\/products\/30-packages-of-vifons-80g-copy-of-fried-noodles\/","name":"Th\u00f9ng 30 g\u00f3i b\u00fan ri\u00eau cua Vifon 80g - TOLIO","isPartOf":{"@id":"https:\/\/dev.tolio.co.nz\/#website"},"primaryImageOfPage":{"@id":"https:\/\/dev.tolio.co.nz\/en\/products\/30-packages-of-vifons-80g-copy-of-fried-noodles\/#primaryimage"},"image":{"@id":"https:\/\/dev.tolio.co.nz\/en\/products\/30-packages-of-vifons-80g-copy-of-fried-noodles\/#primaryimage"},"thumbnailUrl":"https:\/\/dev.tolio.co.nz\/wp-content\/uploads\/2022\/04\/379.png","datePublished":"2022-04-09T03:51:00+00:00","dateModified":"2025-09-11T04:00:39+00:00","description":"Th\u01b0\u01a1ng hi\u1ec7u: Vifon Xu\u1ea5t x\u1ee9 th\u01b0\u01a1ng hi\u1ec7u: Vi\u1ec7t Nam Quy c\u00e1ch \u0111\u00f3ng g\u00f3i: g\u00f3i 80g, th\u00f9ng 30 g\u00f3i L\u01b0u \u00fd: Bao b\u00ec s\u1ea3n ph\u1ea9m c\u00f3 th\u1ec3 thay \u0111\u1ed5i theo t\u1eebng \u0111\u1ee3t nh\u1eadp h\u00e0ng","breadcrumb":{"@id":"https:\/\/dev.tolio.co.nz\/en\/products\/30-packages-of-vifons-80g-copy-of-fried-noodles\/#breadcrumb"},"inLanguage":"en-US","potentialAction":[{"@type":"ReadAction","target":["https:\/\/dev.tolio.co.nz\/en\/products\/30-packages-of-vifons-80g-copy-of-fried-noodles\/"]}]},{"@type":"ImageObject","inLanguage":"en-US","@id":"https:\/\/dev.tolio.co.nz\/en\/products\/30-packages-of-vifons-80g-copy-of-fried-noodles\/#primaryimage","url":"https:\/\/dev.tolio.co.nz\/wp-content\/uploads\/2022\/04\/379.png","contentUrl":"https:\/\/dev.tolio.co.nz\/wp-content\/uploads\/2022\/04\/379.png","width":1000,"height":907},{"@type":"BreadcrumbList","@id":"https:\/\/dev.tolio.co.nz\/en\/products\/30-packages-of-vifons-80g-copy-of-fried-noodles\/#breadcrumb","itemListElement":[{"@type":"ListItem","position":1,"name":"Home","item":"https:\/\/dev.tolio.co.nz\/"},{"@type":"ListItem","position":2,"name":"C\u1eeda h\u00e0ng","item":"https:\/\/dev.tolio.co.nz\/cua-hang\/"},{"@type":"ListItem","position":3,"name":"Th\u00f9ng 30 g\u00f3i b\u00fan ri\u00eau cua Vifon 80g"}]},{"@type":"WebSite","@id":"https:\/\/dev.tolio.co.nz\/#website","url":"https:\/\/dev.tolio.co.nz\/","name":"TOLIO","description":"Vietnamese Grocery Online","potentialAction":[{"@type":"SearchAction","target":{"@type":"EntryPoint","urlTemplate":"https:\/\/dev.tolio.co.nz\/?s={search_term_string}"},"query-input":{"@type":"PropertyValueSpecification","valueRequired":true,"valueName":"search_term_string"}}],"inLanguage":"en-US"}]}},"_links":{"self":[{"href":"https:\/\/dev.tolio.co.nz\/en\/wp-json\/wp\/v2\/product\/3611","targetHints":{"allow":["GET"]}}],"collection":[{"href":"https:\/\/dev.tolio.co.nz\/en\/wp-json\/wp\/v2\/product"}],"about":[{"href":"https:\/\/dev.tolio.co.nz\/en\/wp-json\/wp\/v2\/types\/product"}],"replies":[{"embeddable":true,"href":"https:\/\/dev.tolio.co.nz\/en\/wp-json\/wp\/v2\/comments?post=3611"}],"wp:featuredmedia":[{"embeddable":true,"href":"https:\/\/dev.tolio.co.nz\/en\/wp-json\/wp\/v2\/media\/22839"}],"wp:attachment":[{"href":"https:\/\/dev.tolio.co.nz\/en\/wp-json\/wp\/v2\/media?parent=3611"}],"wp:term":[{"taxonomy":"product_brand","embeddable":true,"href":"https:\/\/dev.tolio.co.nz\/en\/wp-json\/wp\/v2\/product_brand?post=3611"},{"taxonomy":"product_cat","embeddable":true,"href":"https:\/\/dev.tolio.co.nz\/en\/wp-json\/wp\/v2\/product_cat?post=3611"},{"taxonomy":"product_tag","embeddable":true,"href":"https:\/\/dev.tolio.co.nz\/en\/wp-json\/wp\/v2\/product_tag?post=3611"}],"curies":[{"name":"wp","href":"https:\/\/api.w.org\/{rel}","templated":true}]}}