{"id":3712,"date":"2022-04-13T22:00:00","date_gmt":"2022-04-13T09:15:00","guid":{"rendered":"https:\/\/tolio2.sitebycat.com\/?post_type=product&#038;p=3712"},"modified":"2025-09-11T15:59:43","modified_gmt":"2025-09-11T03:59:43","slug":"ca-phe-hat-nguyen-chat-arabica-100-tui-1kg-sao-chep","status":"publish","type":"product","link":"https:\/\/dev.tolio.co.nz\/en\/product\/arabica-chat-coffee-coffee-100-years-old-1kg-copy\/","title":{"rendered":"C\u00e0 ph\u00ea h\u1ea1t nguy\u00ean ch\u1ea5t Arabica 100% 1kg"},"content":{"rendered":"<p><strong>C\u00e0 ph\u00ea nguy\u00ean ch\u1ea5t Arabica<\/strong> th\u01b0\u1eddng \u0111\u01b0\u1ee3c ng\u01b0\u1eddi Vi\u1ec7t Nam g\u1ecdi l\u00e0 c\u00e0 ph\u00ea Ch\u00e8. C\u00e2y \u01b0a s\u1ed1ng \u1edf v\u00f9ng n\u00fai cao, th\u01b0\u1eddng \u0111\u01b0\u1ee3c tr\u1ed3ng \u1edf \u0111\u1ed9 cao 1000 \u2013 1500m. H\u1ea1t c\u00e0 ph\u00ea Arabica nh\u1ecf, d\u00e0i v\u00e0 \u0111\u01b0\u1ee3c \u0111\u00e1nh gi\u00e1 cao h\u01a1n c\u00e0 ph\u00ea Robusta v\u00ec c\u00f3 h\u01b0\u01a1ng v\u1ecb th\u01a1m ngon. \u0110\u1eb7c bi\u1ec7t, c\u00e0 ph\u00ea Arabica nguy\u00ean ch\u1ea5t c\u00f3 v\u1ecb chua thanh \u0111\u1eb7c tr\u01b0ng.<\/p>\n<p>\u0110\u1eb7c \u0111i\u1ec3m c\u00e0 ph\u00ea nguy\u00ean ch\u1ea5t Arabica: N\u01b0\u1edbc c\u00f3 m\u00e0u n\u00e2u \u0111\u1eadm, th\u01a1m n\u1ed3ng \u0111\u1eafng d\u1ecbu, v\u1ecb chua thanh \u0111\u1eb7c tr\u01b0ng, u\u1ed1ng c\u00f3 h\u1eadu, kh\u00f4ng l\u1ea1t theo \u0111\u00e1. H\u00e0m l\u01b0\u1ee3ng caffeine kho\u1ea3ng 1.1 \u2013 1.2%.<\/p>\n<p><strong>H\u01b0\u1edbng d\u1eabn s\u1eed d\u1ee5ng:<\/strong><\/p>\n<ul>\n<li>Cho v\u00e0o phin 03 mu\u1ed7ng c\u00e0 ph\u00ea<\/li>\n<li>\u00a0L\u1eafc \u0111\u1ec1u v\u00e0 \u00e9p nh\u1eb9 b\u00ean trong<\/li>\n<li>\u00a0D\u00f9ng n\u01b0\u1edbc \u0111ang s\u00f4i ch\u00e2m v\u00e0o phin 20ml cho c\u00e0 ph\u00ea th\u1ea5m \u0111\u1ec1u, sau \u0111\u00f3 ch\u00e2m n\u01b0\u1edbc s\u00f4i l\u1ea1i l\u1ea7n 2 kho\u1ea3ng 45ml l\u00e0 \u0111\u1ee7<\/li>\n<li>\u00a0Th\u00eam \u0111\u01b0\u1eddng, s\u1eefa, \u0111\u00e1&#8230;t\u00f9y \u00fd th\u00edch c\u1ee7a b\u1ea1n<\/li>\n<\/ul>\n<p><strong>B\u1ea3o qu\u1ea3n:<\/strong><\/p>\n<ul>\n<li>N\u01a1i kh\u00f4 r\u00e1o, tr\u00e1nh \u00e1nh n\u1eafng tr\u1ef1c ti\u1ebfp<\/li>\n<\/ul>","protected":false},"excerpt":{"rendered":"<p>HSD 2 n\u0103m k\u1ec3 t\u1eeb ng\u00e0y s\u1ea3n xu\u1ea5t.<\/p>","protected":false},"featured_media":20920,"comment_status":"open","ping_status":"closed","template":"","meta":[],"product_brand":[],"product_cat":[34,483],"product_tag":[74],"class_list":{"0":"post-3712","1":"product","2":"type-product","3":"status-publish","4":"has-post-thumbnail","6":"product_cat-thuc-uong","7":"product_cat-ca-phe","8":"product_tag-coffee","10":"first","11":"instock","12":"sale","13":"shipping-taxable","14":"purchasable","15":"product-type-simple"},"yoast_head":"<!-- This site is optimized with the Yoast SEO plugin v24.4 - https:\/\/yoast.com\/wordpress\/plugins\/seo\/ -->\n<title>C\u00e0 ph\u00ea h\u1ea1t nguy\u00ean ch\u1ea5t Arabica 100% 1kg - TOLIO<\/title>\n<meta name=\"description\" content=\"HSD 2 n\u0103m k\u1ec3 t\u1eeb ng\u00e0y s\u1ea3n xu\u1ea5t.\" \/>\n<meta name=\"robots\" content=\"index, follow, max-snippet:-1, max-image-preview:large, max-video-preview:-1\" \/>\n<link rel=\"canonical\" href=\"https:\/\/dev.tolio.co.nz\/en\/product\/arabica-chat-coffee-coffee-100-years-old-1kg-copy\/\" \/>\n<meta property=\"og:locale\" content=\"en_US\" \/>\n<meta property=\"og:type\" content=\"article\" \/>\n<meta property=\"og:title\" content=\"C\u00e0 ph\u00ea h\u1ea1t nguy\u00ean ch\u1ea5t Arabica 100% 1kg - TOLIO\" \/>\n<meta property=\"og:description\" content=\"HSD 2 n\u0103m k\u1ec3 t\u1eeb ng\u00e0y s\u1ea3n xu\u1ea5t.\" \/>\n<meta property=\"og:url\" content=\"https:\/\/dev.tolio.co.nz\/en\/product\/arabica-chat-coffee-coffee-100-years-old-1kg-copy\/\" \/>\n<meta property=\"og:site_name\" content=\"TOLIO\" \/>\n<meta property=\"article:modified_time\" content=\"2025-09-11T03:59:43+00:00\" \/>\n<meta property=\"og:image\" content=\"https:\/\/dev.tolio.co.nz\/wp-content\/uploads\/2022\/04\/422.png\" \/>\n\t<meta property=\"og:image:width\" content=\"1000\" \/>\n\t<meta property=\"og:image:height\" content=\"907\" \/>\n\t<meta property=\"og:image:type\" content=\"image\/png\" \/>\n<meta name=\"twitter:card\" content=\"summary_large_image\" \/>\n<meta name=\"twitter:label1\" content=\"Est. reading time\" \/>\n\t<meta name=\"twitter:data1\" content=\"1 minute\" \/>\n<script type=\"application\/ld+json\" class=\"yoast-schema-graph\">{\"@context\":\"https:\/\/schema.org\",\"@graph\":[{\"@type\":\"WebPage\",\"@id\":\"https:\/\/dev.tolio.co.nz\/san-pham\/ca-phe-hat-nguyen-chat-arabica-100-tui-1kg-sao-chep\/\",\"url\":\"https:\/\/dev.tolio.co.nz\/san-pham\/ca-phe-hat-nguyen-chat-arabica-100-tui-1kg-sao-chep\/\",\"name\":\"C\u00e0 ph\u00ea h\u1ea1t nguy\u00ean ch\u1ea5t Arabica 100% 1kg - TOLIO\",\"isPartOf\":{\"@id\":\"https:\/\/dev.tolio.co.nz\/#website\"},\"primaryImageOfPage\":{\"@id\":\"https:\/\/dev.tolio.co.nz\/san-pham\/ca-phe-hat-nguyen-chat-arabica-100-tui-1kg-sao-chep\/#primaryimage\"},\"image\":{\"@id\":\"https:\/\/dev.tolio.co.nz\/san-pham\/ca-phe-hat-nguyen-chat-arabica-100-tui-1kg-sao-chep\/#primaryimage\"},\"thumbnailUrl\":\"https:\/\/dev.tolio.co.nz\/wp-content\/uploads\/2022\/04\/422.png\",\"datePublished\":\"2022-04-13T09:15:00+00:00\",\"dateModified\":\"2025-09-11T03:59:43+00:00\",\"description\":\"HSD 2 n\u0103m k\u1ec3 t\u1eeb ng\u00e0y s\u1ea3n xu\u1ea5t.\",\"breadcrumb\":{\"@id\":\"https:\/\/dev.tolio.co.nz\/san-pham\/ca-phe-hat-nguyen-chat-arabica-100-tui-1kg-sao-chep\/#breadcrumb\"},\"inLanguage\":\"en-US\",\"potentialAction\":[{\"@type\":\"ReadAction\",\"target\":[\"https:\/\/dev.tolio.co.nz\/san-pham\/ca-phe-hat-nguyen-chat-arabica-100-tui-1kg-sao-chep\/\"]}]},{\"@type\":\"ImageObject\",\"inLanguage\":\"en-US\",\"@id\":\"https:\/\/dev.tolio.co.nz\/san-pham\/ca-phe-hat-nguyen-chat-arabica-100-tui-1kg-sao-chep\/#primaryimage\",\"url\":\"https:\/\/dev.tolio.co.nz\/wp-content\/uploads\/2022\/04\/422.png\",\"contentUrl\":\"https:\/\/dev.tolio.co.nz\/wp-content\/uploads\/2022\/04\/422.png\",\"width\":1000,\"height\":907},{\"@type\":\"BreadcrumbList\",\"@id\":\"https:\/\/dev.tolio.co.nz\/san-pham\/ca-phe-hat-nguyen-chat-arabica-100-tui-1kg-sao-chep\/#breadcrumb\",\"itemListElement\":[{\"@type\":\"ListItem\",\"position\":1,\"name\":\"Home\",\"item\":\"https:\/\/dev.tolio.co.nz\/\"},{\"@type\":\"ListItem\",\"position\":2,\"name\":\"C\u1eeda h\u00e0ng\",\"item\":\"https:\/\/dev.tolio.co.nz\/cua-hang\/\"},{\"@type\":\"ListItem\",\"position\":3,\"name\":\"C\u00e0 ph\u00ea h\u1ea1t nguy\u00ean ch\u1ea5t Arabica 100% 1kg\"}]},{\"@type\":\"WebSite\",\"@id\":\"https:\/\/dev.tolio.co.nz\/#website\",\"url\":\"https:\/\/dev.tolio.co.nz\/\",\"name\":\"TOLIO\",\"description\":\"Vietnamese Grocery Online\",\"potentialAction\":[{\"@type\":\"SearchAction\",\"target\":{\"@type\":\"EntryPoint\",\"urlTemplate\":\"https:\/\/dev.tolio.co.nz\/?s={search_term_string}\"},\"query-input\":{\"@type\":\"PropertyValueSpecification\",\"valueRequired\":true,\"valueName\":\"search_term_string\"}}],\"inLanguage\":\"en-US\"}]}<\/script>\n<!-- \/ Yoast SEO plugin. -->","yoast_head_json":{"title":"C\u00e0 ph\u00ea h\u1ea1t nguy\u00ean ch\u1ea5t Arabica 100% 1kg - TOLIO","description":"HSD 2 n\u0103m k\u1ec3 t\u1eeb ng\u00e0y s\u1ea3n xu\u1ea5t.","robots":{"index":"index","follow":"follow","max-snippet":"max-snippet:-1","max-image-preview":"max-image-preview:large","max-video-preview":"max-video-preview:-1"},"canonical":"https:\/\/dev.tolio.co.nz\/en\/product\/arabica-chat-coffee-coffee-100-years-old-1kg-copy\/","og_locale":"en_US","og_type":"article","og_title":"C\u00e0 ph\u00ea h\u1ea1t nguy\u00ean ch\u1ea5t Arabica 100% 1kg - TOLIO","og_description":"HSD 2 n\u0103m k\u1ec3 t\u1eeb ng\u00e0y s\u1ea3n xu\u1ea5t.","og_url":"https:\/\/dev.tolio.co.nz\/en\/product\/arabica-chat-coffee-coffee-100-years-old-1kg-copy\/","og_site_name":"TOLIO","article_modified_time":"2025-09-11T03:59:43+00:00","og_image":[{"width":1000,"height":907,"url":"https:\/\/dev.tolio.co.nz\/wp-content\/uploads\/2022\/04\/422.png","type":"image\/png"}],"twitter_card":"summary_large_image","twitter_misc":{"Est. reading time":"1 minute"},"schema":{"@context":"https:\/\/schema.org","@graph":[{"@type":"WebPage","@id":"https:\/\/dev.tolio.co.nz\/san-pham\/ca-phe-hat-nguyen-chat-arabica-100-tui-1kg-sao-chep\/","url":"https:\/\/dev.tolio.co.nz\/san-pham\/ca-phe-hat-nguyen-chat-arabica-100-tui-1kg-sao-chep\/","name":"C\u00e0 ph\u00ea h\u1ea1t nguy\u00ean ch\u1ea5t Arabica 100% 1kg - TOLIO","isPartOf":{"@id":"https:\/\/dev.tolio.co.nz\/#website"},"primaryImageOfPage":{"@id":"https:\/\/dev.tolio.co.nz\/san-pham\/ca-phe-hat-nguyen-chat-arabica-100-tui-1kg-sao-chep\/#primaryimage"},"image":{"@id":"https:\/\/dev.tolio.co.nz\/san-pham\/ca-phe-hat-nguyen-chat-arabica-100-tui-1kg-sao-chep\/#primaryimage"},"thumbnailUrl":"https:\/\/dev.tolio.co.nz\/wp-content\/uploads\/2022\/04\/422.png","datePublished":"2022-04-13T09:15:00+00:00","dateModified":"2025-09-11T03:59:43+00:00","description":"HSD 2 n\u0103m k\u1ec3 t\u1eeb ng\u00e0y s\u1ea3n xu\u1ea5t.","breadcrumb":{"@id":"https:\/\/dev.tolio.co.nz\/san-pham\/ca-phe-hat-nguyen-chat-arabica-100-tui-1kg-sao-chep\/#breadcrumb"},"inLanguage":"en-US","potentialAction":[{"@type":"ReadAction","target":["https:\/\/dev.tolio.co.nz\/san-pham\/ca-phe-hat-nguyen-chat-arabica-100-tui-1kg-sao-chep\/"]}]},{"@type":"ImageObject","inLanguage":"en-US","@id":"https:\/\/dev.tolio.co.nz\/san-pham\/ca-phe-hat-nguyen-chat-arabica-100-tui-1kg-sao-chep\/#primaryimage","url":"https:\/\/dev.tolio.co.nz\/wp-content\/uploads\/2022\/04\/422.png","contentUrl":"https:\/\/dev.tolio.co.nz\/wp-content\/uploads\/2022\/04\/422.png","width":1000,"height":907},{"@type":"BreadcrumbList","@id":"https:\/\/dev.tolio.co.nz\/san-pham\/ca-phe-hat-nguyen-chat-arabica-100-tui-1kg-sao-chep\/#breadcrumb","itemListElement":[{"@type":"ListItem","position":1,"name":"Home","item":"https:\/\/dev.tolio.co.nz\/"},{"@type":"ListItem","position":2,"name":"C\u1eeda h\u00e0ng","item":"https:\/\/dev.tolio.co.nz\/cua-hang\/"},{"@type":"ListItem","position":3,"name":"C\u00e0 ph\u00ea h\u1ea1t nguy\u00ean ch\u1ea5t Arabica 100% 1kg"}]},{"@type":"WebSite","@id":"https:\/\/dev.tolio.co.nz\/#website","url":"https:\/\/dev.tolio.co.nz\/","name":"TOLIO","description":"Vietnamese Grocery Online","potentialAction":[{"@type":"SearchAction","target":{"@type":"EntryPoint","urlTemplate":"https:\/\/dev.tolio.co.nz\/?s={search_term_string}"},"query-input":{"@type":"PropertyValueSpecification","valueRequired":true,"valueName":"search_term_string"}}],"inLanguage":"en-US"}]}},"_links":{"self":[{"href":"https:\/\/dev.tolio.co.nz\/en\/wp-json\/wp\/v2\/product\/3712","targetHints":{"allow":["GET"]}}],"collection":[{"href":"https:\/\/dev.tolio.co.nz\/en\/wp-json\/wp\/v2\/product"}],"about":[{"href":"https:\/\/dev.tolio.co.nz\/en\/wp-json\/wp\/v2\/types\/product"}],"replies":[{"embeddable":true,"href":"https:\/\/dev.tolio.co.nz\/en\/wp-json\/wp\/v2\/comments?post=3712"}],"wp:featuredmedia":[{"embeddable":true,"href":"https:\/\/dev.tolio.co.nz\/en\/wp-json\/wp\/v2\/media\/20920"}],"wp:attachment":[{"href":"https:\/\/dev.tolio.co.nz\/en\/wp-json\/wp\/v2\/media?parent=3712"}],"wp:term":[{"taxonomy":"product_brand","embeddable":true,"href":"https:\/\/dev.tolio.co.nz\/en\/wp-json\/wp\/v2\/product_brand?post=3712"},{"taxonomy":"product_cat","embeddable":true,"href":"https:\/\/dev.tolio.co.nz\/en\/wp-json\/wp\/v2\/product_cat?post=3712"},{"taxonomy":"product_tag","embeddable":true,"href":"https:\/\/dev.tolio.co.nz\/en\/wp-json\/wp\/v2\/product_tag?post=3712"}],"curies":[{"name":"wp","href":"https:\/\/api.w.org\/{rel}","templated":true}]}}