{"id":3715,"date":"2022-04-13T22:04:00","date_gmt":"2022-04-13T09:19:00","guid":{"rendered":"https:\/\/tolio2.sitebycat.com\/?post_type=product&#038;p=3715"},"modified":"2025-09-11T15:59:43","modified_gmt":"2025-09-11T03:59:43","slug":"ca-phe-bot-truyen-thong-tui-1kg","status":"publish","type":"product","link":"https:\/\/dev.tolio.co.nz\/en\/product\/i-have-1kg-of-traditional-bot-coffee\/","title":{"rendered":"C\u00e0 ph\u00ea b\u1ed9t truy\u1ec1n th\u1ed1ng 1kg"},"content":{"rendered":"<p><strong>C\u00e0 ph\u00ea b\u1ed9t truy\u1ec1n th\u1ed1ng<\/strong> T\u1eeb nh\u1eefng h\u1ea1t c\u00e0 ph\u00ea th\u01b0\u1ee3ng h\u1ea1ng tr\u1ed3ng \u1edf v\u00f9ng cao nguy\u00ean c\u1ee7a Vi\u1ec7t Nam \u0111\u01b0\u1ee3c rang v\u00e0 ph\u1ed1i tr\u1ed9n theo c\u00e1ch th\u1ee9c \u0111\u1ed9c quy\u1ec1n t\u1eeb c\u00e1c chuy\u00ean gia . Cho ra nh\u1eefng ly c\u00e0 ph\u00ea ngon \u0111\u1eadm v\u1ecb, l\u00e0 s\u1ef1 l\u1ef1a ch\u1ecdn ho\u00e0n h\u1ea3o c\u1ee7a b\u1ea1n \u0111\u1ec3 b\u1eaft \u0111\u1ea7u m\u1ed9t ng\u00e0y m\u1edbi t\u1ec9nh t\u00e1o, s\u1ea3ng kho\u00e1i<\/p>\n<p><strong>H\u01b0\u1edbng d\u1eabn s\u1eed d\u1ee5ng:<\/strong><\/p>\n<ul>\n<li>Cho v\u00e0o phin 03 mu\u1ed7ng c\u00e0 ph\u00ea<\/li>\n<li>\u00a0L\u1eafc \u0111\u1ec1u v\u00e0 \u00e9p nh\u1eb9 b\u00ean trong<\/li>\n<li>\u00a0D\u00f9ng n\u01b0\u1edbc \u0111ang s\u00f4i ch\u00e2m v\u00e0o phin 20ml cho c\u00e0 ph\u00ea th\u1ea5m \u0111\u1ec1u, sau \u0111\u00f3 ch\u00e2m n\u01b0\u1edbc s\u00f4i l\u1ea1i l\u1ea7n 2 kho\u1ea3ng 45ml l\u00e0 \u0111\u1ee7<\/li>\n<li>\u00a0Th\u00eam \u0111\u01b0\u1eddng, s\u1eefa, \u0111\u00e1&#8230;t\u00f9y \u00fd th\u00edch c\u1ee7a b\u1ea1n<\/li>\n<\/ul>\n<p><strong>B\u1ea3o qu\u1ea3n:<\/strong><\/p>\n<ul>\n<li>N\u01a1i kh\u00f4 r\u00e1o, tr\u00e1nh \u00e1nh n\u1eafng tr\u1ef1c ti\u1ebfp<\/li>\n<\/ul>","protected":false},"excerpt":{"rendered":"<p>HSD 2 n\u0103m k\u1ec3 t\u1eeb ng\u00e0y s\u1ea3n xu\u1ea5t.<\/p>","protected":false},"featured_media":20918,"comment_status":"open","ping_status":"closed","template":"","meta":[],"product_brand":[],"product_cat":[34,483],"product_tag":[74],"class_list":{"0":"post-3715","1":"product","2":"type-product","3":"status-publish","4":"has-post-thumbnail","6":"product_cat-thuc-uong","7":"product_cat-ca-phe","8":"product_tag-coffee","10":"first","11":"instock","12":"sale","13":"shipping-taxable","14":"purchasable","15":"product-type-simple"},"yoast_head":"<!-- This site is optimized with the Yoast SEO plugin v24.4 - https:\/\/yoast.com\/wordpress\/plugins\/seo\/ -->\n<title>C\u00e0 ph\u00ea b\u1ed9t truy\u1ec1n th\u1ed1ng 1kg - TOLIO<\/title>\n<meta name=\"description\" content=\"HSD 2 n\u0103m k\u1ec3 t\u1eeb ng\u00e0y s\u1ea3n xu\u1ea5t.\" \/>\n<meta name=\"robots\" content=\"index, follow, max-snippet:-1, max-image-preview:large, max-video-preview:-1\" \/>\n<link rel=\"canonical\" href=\"https:\/\/dev.tolio.co.nz\/en\/product\/i-have-1kg-of-traditional-bot-coffee\/\" \/>\n<meta property=\"og:locale\" content=\"en_US\" \/>\n<meta property=\"og:type\" content=\"article\" \/>\n<meta property=\"og:title\" content=\"C\u00e0 ph\u00ea b\u1ed9t truy\u1ec1n th\u1ed1ng 1kg - TOLIO\" \/>\n<meta property=\"og:description\" content=\"HSD 2 n\u0103m k\u1ec3 t\u1eeb ng\u00e0y s\u1ea3n xu\u1ea5t.\" \/>\n<meta property=\"og:url\" content=\"https:\/\/dev.tolio.co.nz\/en\/product\/i-have-1kg-of-traditional-bot-coffee\/\" \/>\n<meta property=\"og:site_name\" content=\"TOLIO\" \/>\n<meta property=\"article:modified_time\" content=\"2025-09-11T03:59:43+00:00\" \/>\n<meta property=\"og:image\" content=\"https:\/\/dev.tolio.co.nz\/wp-content\/uploads\/2022\/04\/421.png\" \/>\n\t<meta property=\"og:image:width\" content=\"1000\" \/>\n\t<meta property=\"og:image:height\" content=\"907\" \/>\n\t<meta property=\"og:image:type\" content=\"image\/png\" \/>\n<meta name=\"twitter:card\" content=\"summary_large_image\" \/>\n<meta name=\"twitter:label1\" content=\"Est. reading time\" \/>\n\t<meta name=\"twitter:data1\" content=\"1 minute\" \/>\n<script type=\"application\/ld+json\" class=\"yoast-schema-graph\">{\"@context\":\"https:\/\/schema.org\",\"@graph\":[{\"@type\":\"WebPage\",\"@id\":\"https:\/\/dev.tolio.co.nz\/san-pham\/ca-phe-bot-truyen-thong-tui-1kg\/\",\"url\":\"https:\/\/dev.tolio.co.nz\/san-pham\/ca-phe-bot-truyen-thong-tui-1kg\/\",\"name\":\"C\u00e0 ph\u00ea b\u1ed9t truy\u1ec1n th\u1ed1ng 1kg - TOLIO\",\"isPartOf\":{\"@id\":\"https:\/\/dev.tolio.co.nz\/#website\"},\"primaryImageOfPage\":{\"@id\":\"https:\/\/dev.tolio.co.nz\/san-pham\/ca-phe-bot-truyen-thong-tui-1kg\/#primaryimage\"},\"image\":{\"@id\":\"https:\/\/dev.tolio.co.nz\/san-pham\/ca-phe-bot-truyen-thong-tui-1kg\/#primaryimage\"},\"thumbnailUrl\":\"https:\/\/dev.tolio.co.nz\/wp-content\/uploads\/2022\/04\/421.png\",\"datePublished\":\"2022-04-13T09:19:00+00:00\",\"dateModified\":\"2025-09-11T03:59:43+00:00\",\"description\":\"HSD 2 n\u0103m k\u1ec3 t\u1eeb ng\u00e0y s\u1ea3n xu\u1ea5t.\",\"breadcrumb\":{\"@id\":\"https:\/\/dev.tolio.co.nz\/san-pham\/ca-phe-bot-truyen-thong-tui-1kg\/#breadcrumb\"},\"inLanguage\":\"en-US\",\"potentialAction\":[{\"@type\":\"ReadAction\",\"target\":[\"https:\/\/dev.tolio.co.nz\/san-pham\/ca-phe-bot-truyen-thong-tui-1kg\/\"]}]},{\"@type\":\"ImageObject\",\"inLanguage\":\"en-US\",\"@id\":\"https:\/\/dev.tolio.co.nz\/san-pham\/ca-phe-bot-truyen-thong-tui-1kg\/#primaryimage\",\"url\":\"https:\/\/dev.tolio.co.nz\/wp-content\/uploads\/2022\/04\/421.png\",\"contentUrl\":\"https:\/\/dev.tolio.co.nz\/wp-content\/uploads\/2022\/04\/421.png\",\"width\":1000,\"height\":907},{\"@type\":\"BreadcrumbList\",\"@id\":\"https:\/\/dev.tolio.co.nz\/san-pham\/ca-phe-bot-truyen-thong-tui-1kg\/#breadcrumb\",\"itemListElement\":[{\"@type\":\"ListItem\",\"position\":1,\"name\":\"Home\",\"item\":\"https:\/\/dev.tolio.co.nz\/\"},{\"@type\":\"ListItem\",\"position\":2,\"name\":\"C\u1eeda h\u00e0ng\",\"item\":\"https:\/\/dev.tolio.co.nz\/cua-hang\/\"},{\"@type\":\"ListItem\",\"position\":3,\"name\":\"C\u00e0 ph\u00ea b\u1ed9t truy\u1ec1n th\u1ed1ng 1kg\"}]},{\"@type\":\"WebSite\",\"@id\":\"https:\/\/dev.tolio.co.nz\/#website\",\"url\":\"https:\/\/dev.tolio.co.nz\/\",\"name\":\"TOLIO\",\"description\":\"Vietnamese Grocery Online\",\"potentialAction\":[{\"@type\":\"SearchAction\",\"target\":{\"@type\":\"EntryPoint\",\"urlTemplate\":\"https:\/\/dev.tolio.co.nz\/?s={search_term_string}\"},\"query-input\":{\"@type\":\"PropertyValueSpecification\",\"valueRequired\":true,\"valueName\":\"search_term_string\"}}],\"inLanguage\":\"en-US\"}]}<\/script>\n<!-- \/ Yoast SEO plugin. -->","yoast_head_json":{"title":"C\u00e0 ph\u00ea b\u1ed9t truy\u1ec1n th\u1ed1ng 1kg - TOLIO","description":"HSD 2 n\u0103m k\u1ec3 t\u1eeb ng\u00e0y s\u1ea3n xu\u1ea5t.","robots":{"index":"index","follow":"follow","max-snippet":"max-snippet:-1","max-image-preview":"max-image-preview:large","max-video-preview":"max-video-preview:-1"},"canonical":"https:\/\/dev.tolio.co.nz\/en\/product\/i-have-1kg-of-traditional-bot-coffee\/","og_locale":"en_US","og_type":"article","og_title":"C\u00e0 ph\u00ea b\u1ed9t truy\u1ec1n th\u1ed1ng 1kg - TOLIO","og_description":"HSD 2 n\u0103m k\u1ec3 t\u1eeb ng\u00e0y s\u1ea3n xu\u1ea5t.","og_url":"https:\/\/dev.tolio.co.nz\/en\/product\/i-have-1kg-of-traditional-bot-coffee\/","og_site_name":"TOLIO","article_modified_time":"2025-09-11T03:59:43+00:00","og_image":[{"width":1000,"height":907,"url":"https:\/\/dev.tolio.co.nz\/wp-content\/uploads\/2022\/04\/421.png","type":"image\/png"}],"twitter_card":"summary_large_image","twitter_misc":{"Est. reading time":"1 minute"},"schema":{"@context":"https:\/\/schema.org","@graph":[{"@type":"WebPage","@id":"https:\/\/dev.tolio.co.nz\/san-pham\/ca-phe-bot-truyen-thong-tui-1kg\/","url":"https:\/\/dev.tolio.co.nz\/san-pham\/ca-phe-bot-truyen-thong-tui-1kg\/","name":"C\u00e0 ph\u00ea b\u1ed9t truy\u1ec1n th\u1ed1ng 1kg - TOLIO","isPartOf":{"@id":"https:\/\/dev.tolio.co.nz\/#website"},"primaryImageOfPage":{"@id":"https:\/\/dev.tolio.co.nz\/san-pham\/ca-phe-bot-truyen-thong-tui-1kg\/#primaryimage"},"image":{"@id":"https:\/\/dev.tolio.co.nz\/san-pham\/ca-phe-bot-truyen-thong-tui-1kg\/#primaryimage"},"thumbnailUrl":"https:\/\/dev.tolio.co.nz\/wp-content\/uploads\/2022\/04\/421.png","datePublished":"2022-04-13T09:19:00+00:00","dateModified":"2025-09-11T03:59:43+00:00","description":"HSD 2 n\u0103m k\u1ec3 t\u1eeb ng\u00e0y s\u1ea3n xu\u1ea5t.","breadcrumb":{"@id":"https:\/\/dev.tolio.co.nz\/san-pham\/ca-phe-bot-truyen-thong-tui-1kg\/#breadcrumb"},"inLanguage":"en-US","potentialAction":[{"@type":"ReadAction","target":["https:\/\/dev.tolio.co.nz\/san-pham\/ca-phe-bot-truyen-thong-tui-1kg\/"]}]},{"@type":"ImageObject","inLanguage":"en-US","@id":"https:\/\/dev.tolio.co.nz\/san-pham\/ca-phe-bot-truyen-thong-tui-1kg\/#primaryimage","url":"https:\/\/dev.tolio.co.nz\/wp-content\/uploads\/2022\/04\/421.png","contentUrl":"https:\/\/dev.tolio.co.nz\/wp-content\/uploads\/2022\/04\/421.png","width":1000,"height":907},{"@type":"BreadcrumbList","@id":"https:\/\/dev.tolio.co.nz\/san-pham\/ca-phe-bot-truyen-thong-tui-1kg\/#breadcrumb","itemListElement":[{"@type":"ListItem","position":1,"name":"Home","item":"https:\/\/dev.tolio.co.nz\/"},{"@type":"ListItem","position":2,"name":"C\u1eeda h\u00e0ng","item":"https:\/\/dev.tolio.co.nz\/cua-hang\/"},{"@type":"ListItem","position":3,"name":"C\u00e0 ph\u00ea b\u1ed9t truy\u1ec1n th\u1ed1ng 1kg"}]},{"@type":"WebSite","@id":"https:\/\/dev.tolio.co.nz\/#website","url":"https:\/\/dev.tolio.co.nz\/","name":"TOLIO","description":"Vietnamese Grocery Online","potentialAction":[{"@type":"SearchAction","target":{"@type":"EntryPoint","urlTemplate":"https:\/\/dev.tolio.co.nz\/?s={search_term_string}"},"query-input":{"@type":"PropertyValueSpecification","valueRequired":true,"valueName":"search_term_string"}}],"inLanguage":"en-US"}]}},"_links":{"self":[{"href":"https:\/\/dev.tolio.co.nz\/en\/wp-json\/wp\/v2\/product\/3715","targetHints":{"allow":["GET"]}}],"collection":[{"href":"https:\/\/dev.tolio.co.nz\/en\/wp-json\/wp\/v2\/product"}],"about":[{"href":"https:\/\/dev.tolio.co.nz\/en\/wp-json\/wp\/v2\/types\/product"}],"replies":[{"embeddable":true,"href":"https:\/\/dev.tolio.co.nz\/en\/wp-json\/wp\/v2\/comments?post=3715"}],"wp:featuredmedia":[{"embeddable":true,"href":"https:\/\/dev.tolio.co.nz\/en\/wp-json\/wp\/v2\/media\/20918"}],"wp:attachment":[{"href":"https:\/\/dev.tolio.co.nz\/en\/wp-json\/wp\/v2\/media?parent=3715"}],"wp:term":[{"taxonomy":"product_brand","embeddable":true,"href":"https:\/\/dev.tolio.co.nz\/en\/wp-json\/wp\/v2\/product_brand?post=3715"},{"taxonomy":"product_cat","embeddable":true,"href":"https:\/\/dev.tolio.co.nz\/en\/wp-json\/wp\/v2\/product_cat?post=3715"},{"taxonomy":"product_tag","embeddable":true,"href":"https:\/\/dev.tolio.co.nz\/en\/wp-json\/wp\/v2\/product_tag?post=3715"}],"curies":[{"name":"wp","href":"https:\/\/api.w.org\/{rel}","templated":true}]}}