{"id":4392,"date":"2022-05-22T22:15:00","date_gmt":"2022-05-22T09:30:00","guid":{"rendered":"https:\/\/tolio2.sitebycat.com\/?post_type=product&#038;p=4392"},"modified":"2025-09-11T16:01:07","modified_gmt":"2025-09-11T04:01:07","slug":"thung-24-lon-nuoc-tang-luc-sting-dau-lon-330ml","status":"publish","type":"product","link":"https:\/\/dev.tolio.co.nz\/en\/product\/24-cans-of-pain-increasing-water-can-330ml\/","title":{"rendered":"Th\u00f9ng 24 lon n\u01b0\u1edbc t\u0103ng l\u1ef1c Sting d\u00e2u lon 320ml"},"content":{"rendered":"<p><strong><span class=\"fontstyle0\">Th\u00f9ng 24 lon N\u01b0\u1edbc t\u0103ng l\u1ef1c Sting d\u00e2u chai 330ml <\/span><\/strong><span class=\"fontstyle0\">s<\/span><span class=\"fontstyle0\">\u1ea3n ph\u1ea9m n\u01b0\u1edbc t\u0103ng l\u1ef1c\u00a0v\u1edbi m\u00f9i v\u1ecb th\u01a1m ngon, s\u1ea3ng kho\u00e1i, b\u1ed5 sung h\u1ed3ng s\u00e2m ch\u1ea5t l\u01b0\u1ee3ng.\u00a0<\/span><\/p>\n<ul>\n<li><span class=\"fontstyle0\">Sting gi\u00fap c\u01a1 th\u1ec3 b\u00f9 \u0111\u1eafp n\u01b0\u1edbc, b\u1ed5 sung n\u0103ng l\u01b0\u1ee3ng, vitamin C v\u00e0 E, gi\u00fap xua tan c\u01a1n kh\u00e1t v\u00e0 c\u1ea3m gi\u00e1c m\u1ec7t m\u1ecfi c\u00f9ng d\u00e2u cho nh\u1eb9 nh\u00e0ng v\u00e0 d\u1ec5 ch\u1ecbu. Cam k\u1ebft ch\u00ednh h\u00e3ng, ch\u1ea5t l\u01b0\u1ee3ng v\u00e0 an to\u00e0n.<\/span><\/li>\n<li>Sting d\u00e2u\u00a0t\u00e2y \u0111\u1ecf l\u00e0 s\u1ef1 k\u1ebft h\u1ee3p \u0111\u1ed9t ph\u00e1 gi\u1eefa n\u01b0\u1edbc t\u0103ng l\u1ef1c v\u00e0 h\u01b0\u01a1ng d\u00e2u t\u00e2y t\u1ef1 nhi\u00ean c\u00f9ng h\u1ed3ng s\u00e2m ch\u1ea5t l\u01b0\u1ee3ng, c\u00f9ng\u00a0v\u1ecb gas nh\u1eb9 gi\u00fap c\u01a1 th\u1ec3 t\u1ec9nh t\u00e1o, t\u0103ng c\u01b0\u1eddng sinh l\u1ef1c. V\u1edbi h\u01b0\u01a1ng d\u00e2u t\u00e2y d\u1ecbu ng\u1ecdt k\u00edch th\u00edch v\u1ecb gi\u00e1c\u00a0mang l\u1ea1i c\u1ea3m gi\u00e1c s\u1ea3ng kho\u00e1i v\u00e0 th\u00fa v\u1ecb cho ng\u01b0\u1eddi u\u1ed1ng.<\/li>\n<\/ul>\n<p><strong>H\u01b0\u1edbng d\u1eabn s\u1eed d\u1ee5ng:<\/strong><\/p>\n<ul>\n<li>L\u1eafc nh\u1eb9 tr\u01b0\u1edbc khi u\u1ed1ng.<\/li>\n<li>Ngon h\u01a1n khi u\u1ed1ng l\u1ea1nh.<\/li>\n<\/ul>\n<p><strong>B\u1ea3o qu\u1ea3n:<\/strong><\/p>\n<ul>\n<li>\u0110\u1ec3 n\u01a1i kh\u00f4 r\u00e1o, tho\u00e1ng m\u00e1t.<\/li>\n<li>Tr\u00e1nh \u00e1nh n\u1eafng tr\u1ef1c ti\u1ebfp ho\u1eb7c n\u01a1i c\u00f3 nhi\u1ec7t \u0111\u1ed9 cao.<\/li>\n<\/ul>","protected":false},"excerpt":{"rendered":"<ul>\n<li>Th\u01b0\u01a1ng hi\u1ec7u: Sting Vi\u1ec7t Nam<\/li>\n<li>Xu\u1ea5t x\u1ee9 th\u01b0\u01a1ng hi\u1ec7u: Vi\u1ec7t Nam<\/li>\n<li>Quy c\u00e1ch \u0111\u00f3ng g\u00f3i: Lon\u00a0<span class=\"fontstyle0\">320ml<\/span>, 6 lon\/l\u1ed1c, 24 lon\/th\u00f9ng<\/li>\n<li>L\u01b0u \u00fd: Bao b\u00ec s\u1ea3n ph\u1ea9m c\u00f3 th\u1ec3 thay \u0111\u1ed5i theo t\u1eebng \u0111\u1ee3t nh\u1eadp h\u00e0ng<\/li>\n<\/ul>","protected":false},"featured_media":20913,"comment_status":"open","ping_status":"closed","template":"","meta":[],"product_brand":[],"product_cat":[34,40,30,31],"product_tag":[],"class_list":{"0":"post-4392","1":"product","2":"type-product","3":"status-publish","4":"has-post-thumbnail","6":"product_cat-thuc-uong","7":"product_cat-thuc-uong-khong-con","8":"product_cat-ban-chay-nhat","9":"product_cat-hang-moi-ve","10":"pa_thuong-hieu-sting","12":"first","13":"instock","14":"sale","15":"shipping-taxable","16":"purchasable","17":"product-type-simple"},"yoast_head":"<!-- This site is optimized with the Yoast SEO plugin v24.4 - https:\/\/yoast.com\/wordpress\/plugins\/seo\/ -->\n<title>Th\u00f9ng 24 lon n\u01b0\u1edbc t\u0103ng l\u1ef1c Sting d\u00e2u lon 320ml - TOLIO<\/title>\n<meta name=\"description\" content=\"Th\u01b0\u01a1ng hi\u1ec7u: Sting Vi\u1ec7t Nam  Xu\u1ea5t x\u1ee9 th\u01b0\u01a1ng hi\u1ec7u: Vi\u1ec7t Nam  Quy c\u00e1ch \u0111\u00f3ng g\u00f3i: Lon\u00a0320ml, 6 lon\/l\u1ed1c, 24 lon\/th\u00f9ng  L\u01b0u \u00fd: Bao b\u00ec s\u1ea3n ph\u1ea9m c\u00f3 th\u1ec3 thay \u0111\u1ed5i theo t\u1eebng \u0111\u1ee3t nh\u1eadp h\u00e0ng\" \/>\n<meta name=\"robots\" content=\"index, follow, max-snippet:-1, max-image-preview:large, max-video-preview:-1\" \/>\n<link rel=\"canonical\" href=\"https:\/\/dev.tolio.co.nz\/en\/product\/24-cans-of-pain-increasing-water-can-330ml\/\" \/>\n<meta property=\"og:locale\" content=\"en_US\" \/>\n<meta property=\"og:type\" content=\"article\" \/>\n<meta property=\"og:title\" content=\"Th\u00f9ng 24 lon n\u01b0\u1edbc t\u0103ng l\u1ef1c Sting d\u00e2u lon 320ml - TOLIO\" \/>\n<meta property=\"og:description\" content=\"Th\u01b0\u01a1ng hi\u1ec7u: Sting Vi\u1ec7t Nam  Xu\u1ea5t x\u1ee9 th\u01b0\u01a1ng hi\u1ec7u: Vi\u1ec7t Nam  Quy c\u00e1ch \u0111\u00f3ng g\u00f3i: Lon\u00a0320ml, 6 lon\/l\u1ed1c, 24 lon\/th\u00f9ng  L\u01b0u \u00fd: Bao b\u00ec s\u1ea3n ph\u1ea9m c\u00f3 th\u1ec3 thay \u0111\u1ed5i theo t\u1eebng \u0111\u1ee3t nh\u1eadp h\u00e0ng\" \/>\n<meta property=\"og:url\" content=\"https:\/\/dev.tolio.co.nz\/en\/product\/24-cans-of-pain-increasing-water-can-330ml\/\" \/>\n<meta property=\"og:site_name\" content=\"TOLIO\" \/>\n<meta property=\"article:modified_time\" content=\"2025-09-11T04:01:07+00:00\" \/>\n<meta property=\"og:image\" content=\"https:\/\/dev.tolio.co.nz\/wp-content\/uploads\/2022\/05\/417.png\" \/>\n\t<meta property=\"og:image:width\" content=\"1000\" \/>\n\t<meta property=\"og:image:height\" content=\"907\" \/>\n\t<meta property=\"og:image:type\" content=\"image\/png\" \/>\n<meta name=\"twitter:card\" content=\"summary_large_image\" \/>\n<meta name=\"twitter:label1\" content=\"Est. reading time\" \/>\n\t<meta name=\"twitter:data1\" content=\"1 minute\" \/>\n<script type=\"application\/ld+json\" class=\"yoast-schema-graph\">{\"@context\":\"https:\/\/schema.org\",\"@graph\":[{\"@type\":\"WebPage\",\"@id\":\"https:\/\/dev.tolio.co.nz\/san-pham\/thung-24-lon-nuoc-tang-luc-sting-dau-lon-330ml\/\",\"url\":\"https:\/\/dev.tolio.co.nz\/san-pham\/thung-24-lon-nuoc-tang-luc-sting-dau-lon-330ml\/\",\"name\":\"Th\u00f9ng 24 lon n\u01b0\u1edbc t\u0103ng l\u1ef1c Sting d\u00e2u lon 320ml - TOLIO\",\"isPartOf\":{\"@id\":\"https:\/\/dev.tolio.co.nz\/#website\"},\"primaryImageOfPage\":{\"@id\":\"https:\/\/dev.tolio.co.nz\/san-pham\/thung-24-lon-nuoc-tang-luc-sting-dau-lon-330ml\/#primaryimage\"},\"image\":{\"@id\":\"https:\/\/dev.tolio.co.nz\/san-pham\/thung-24-lon-nuoc-tang-luc-sting-dau-lon-330ml\/#primaryimage\"},\"thumbnailUrl\":\"https:\/\/dev.tolio.co.nz\/wp-content\/uploads\/2022\/05\/417.png\",\"datePublished\":\"2022-05-22T09:30:00+00:00\",\"dateModified\":\"2025-09-11T04:01:07+00:00\",\"description\":\"Th\u01b0\u01a1ng hi\u1ec7u: Sting Vi\u1ec7t Nam Xu\u1ea5t x\u1ee9 th\u01b0\u01a1ng hi\u1ec7u: Vi\u1ec7t Nam Quy c\u00e1ch \u0111\u00f3ng g\u00f3i: Lon\u00a0320ml, 6 lon\/l\u1ed1c, 24 lon\/th\u00f9ng L\u01b0u \u00fd: Bao b\u00ec s\u1ea3n ph\u1ea9m c\u00f3 th\u1ec3 thay \u0111\u1ed5i theo t\u1eebng \u0111\u1ee3t nh\u1eadp h\u00e0ng\",\"breadcrumb\":{\"@id\":\"https:\/\/dev.tolio.co.nz\/san-pham\/thung-24-lon-nuoc-tang-luc-sting-dau-lon-330ml\/#breadcrumb\"},\"inLanguage\":\"en-US\",\"potentialAction\":[{\"@type\":\"ReadAction\",\"target\":[\"https:\/\/dev.tolio.co.nz\/san-pham\/thung-24-lon-nuoc-tang-luc-sting-dau-lon-330ml\/\"]}]},{\"@type\":\"ImageObject\",\"inLanguage\":\"en-US\",\"@id\":\"https:\/\/dev.tolio.co.nz\/san-pham\/thung-24-lon-nuoc-tang-luc-sting-dau-lon-330ml\/#primaryimage\",\"url\":\"https:\/\/dev.tolio.co.nz\/wp-content\/uploads\/2022\/05\/417.png\",\"contentUrl\":\"https:\/\/dev.tolio.co.nz\/wp-content\/uploads\/2022\/05\/417.png\",\"width\":1000,\"height\":907},{\"@type\":\"BreadcrumbList\",\"@id\":\"https:\/\/dev.tolio.co.nz\/san-pham\/thung-24-lon-nuoc-tang-luc-sting-dau-lon-330ml\/#breadcrumb\",\"itemListElement\":[{\"@type\":\"ListItem\",\"position\":1,\"name\":\"Home\",\"item\":\"https:\/\/dev.tolio.co.nz\/\"},{\"@type\":\"ListItem\",\"position\":2,\"name\":\"C\u1eeda h\u00e0ng\",\"item\":\"https:\/\/dev.tolio.co.nz\/cua-hang\/\"},{\"@type\":\"ListItem\",\"position\":3,\"name\":\"Th\u00f9ng 24 lon n\u01b0\u1edbc t\u0103ng l\u1ef1c Sting d\u00e2u lon 320ml\"}]},{\"@type\":\"WebSite\",\"@id\":\"https:\/\/dev.tolio.co.nz\/#website\",\"url\":\"https:\/\/dev.tolio.co.nz\/\",\"name\":\"TOLIO\",\"description\":\"Vietnamese Grocery Online\",\"potentialAction\":[{\"@type\":\"SearchAction\",\"target\":{\"@type\":\"EntryPoint\",\"urlTemplate\":\"https:\/\/dev.tolio.co.nz\/?s={search_term_string}\"},\"query-input\":{\"@type\":\"PropertyValueSpecification\",\"valueRequired\":true,\"valueName\":\"search_term_string\"}}],\"inLanguage\":\"en-US\"}]}<\/script>\n<!-- \/ Yoast SEO plugin. -->","yoast_head_json":{"title":"Th\u00f9ng 24 lon n\u01b0\u1edbc t\u0103ng l\u1ef1c Sting d\u00e2u lon 320ml - TOLIO","description":"Th\u01b0\u01a1ng hi\u1ec7u: Sting Vi\u1ec7t Nam  Xu\u1ea5t x\u1ee9 th\u01b0\u01a1ng hi\u1ec7u: Vi\u1ec7t Nam  Quy c\u00e1ch \u0111\u00f3ng g\u00f3i: Lon\u00a0320ml, 6 lon\/l\u1ed1c, 24 lon\/th\u00f9ng  L\u01b0u \u00fd: Bao b\u00ec s\u1ea3n ph\u1ea9m c\u00f3 th\u1ec3 thay \u0111\u1ed5i theo t\u1eebng \u0111\u1ee3t nh\u1eadp h\u00e0ng","robots":{"index":"index","follow":"follow","max-snippet":"max-snippet:-1","max-image-preview":"max-image-preview:large","max-video-preview":"max-video-preview:-1"},"canonical":"https:\/\/dev.tolio.co.nz\/en\/product\/24-cans-of-pain-increasing-water-can-330ml\/","og_locale":"en_US","og_type":"article","og_title":"Th\u00f9ng 24 lon n\u01b0\u1edbc t\u0103ng l\u1ef1c Sting d\u00e2u lon 320ml - TOLIO","og_description":"Th\u01b0\u01a1ng hi\u1ec7u: Sting Vi\u1ec7t Nam  Xu\u1ea5t x\u1ee9 th\u01b0\u01a1ng hi\u1ec7u: Vi\u1ec7t Nam  Quy c\u00e1ch \u0111\u00f3ng g\u00f3i: Lon\u00a0320ml, 6 lon\/l\u1ed1c, 24 lon\/th\u00f9ng  L\u01b0u \u00fd: Bao b\u00ec s\u1ea3n ph\u1ea9m c\u00f3 th\u1ec3 thay \u0111\u1ed5i theo t\u1eebng \u0111\u1ee3t nh\u1eadp h\u00e0ng","og_url":"https:\/\/dev.tolio.co.nz\/en\/product\/24-cans-of-pain-increasing-water-can-330ml\/","og_site_name":"TOLIO","article_modified_time":"2025-09-11T04:01:07+00:00","og_image":[{"width":1000,"height":907,"url":"https:\/\/dev.tolio.co.nz\/wp-content\/uploads\/2022\/05\/417.png","type":"image\/png"}],"twitter_card":"summary_large_image","twitter_misc":{"Est. reading time":"1 minute"},"schema":{"@context":"https:\/\/schema.org","@graph":[{"@type":"WebPage","@id":"https:\/\/dev.tolio.co.nz\/san-pham\/thung-24-lon-nuoc-tang-luc-sting-dau-lon-330ml\/","url":"https:\/\/dev.tolio.co.nz\/san-pham\/thung-24-lon-nuoc-tang-luc-sting-dau-lon-330ml\/","name":"Th\u00f9ng 24 lon n\u01b0\u1edbc t\u0103ng l\u1ef1c Sting d\u00e2u lon 320ml - TOLIO","isPartOf":{"@id":"https:\/\/dev.tolio.co.nz\/#website"},"primaryImageOfPage":{"@id":"https:\/\/dev.tolio.co.nz\/san-pham\/thung-24-lon-nuoc-tang-luc-sting-dau-lon-330ml\/#primaryimage"},"image":{"@id":"https:\/\/dev.tolio.co.nz\/san-pham\/thung-24-lon-nuoc-tang-luc-sting-dau-lon-330ml\/#primaryimage"},"thumbnailUrl":"https:\/\/dev.tolio.co.nz\/wp-content\/uploads\/2022\/05\/417.png","datePublished":"2022-05-22T09:30:00+00:00","dateModified":"2025-09-11T04:01:07+00:00","description":"Th\u01b0\u01a1ng hi\u1ec7u: Sting Vi\u1ec7t Nam Xu\u1ea5t x\u1ee9 th\u01b0\u01a1ng hi\u1ec7u: Vi\u1ec7t Nam Quy c\u00e1ch \u0111\u00f3ng g\u00f3i: Lon\u00a0320ml, 6 lon\/l\u1ed1c, 24 lon\/th\u00f9ng L\u01b0u \u00fd: Bao b\u00ec s\u1ea3n ph\u1ea9m c\u00f3 th\u1ec3 thay \u0111\u1ed5i theo t\u1eebng \u0111\u1ee3t nh\u1eadp h\u00e0ng","breadcrumb":{"@id":"https:\/\/dev.tolio.co.nz\/san-pham\/thung-24-lon-nuoc-tang-luc-sting-dau-lon-330ml\/#breadcrumb"},"inLanguage":"en-US","potentialAction":[{"@type":"ReadAction","target":["https:\/\/dev.tolio.co.nz\/san-pham\/thung-24-lon-nuoc-tang-luc-sting-dau-lon-330ml\/"]}]},{"@type":"ImageObject","inLanguage":"en-US","@id":"https:\/\/dev.tolio.co.nz\/san-pham\/thung-24-lon-nuoc-tang-luc-sting-dau-lon-330ml\/#primaryimage","url":"https:\/\/dev.tolio.co.nz\/wp-content\/uploads\/2022\/05\/417.png","contentUrl":"https:\/\/dev.tolio.co.nz\/wp-content\/uploads\/2022\/05\/417.png","width":1000,"height":907},{"@type":"BreadcrumbList","@id":"https:\/\/dev.tolio.co.nz\/san-pham\/thung-24-lon-nuoc-tang-luc-sting-dau-lon-330ml\/#breadcrumb","itemListElement":[{"@type":"ListItem","position":1,"name":"Home","item":"https:\/\/dev.tolio.co.nz\/"},{"@type":"ListItem","position":2,"name":"C\u1eeda h\u00e0ng","item":"https:\/\/dev.tolio.co.nz\/cua-hang\/"},{"@type":"ListItem","position":3,"name":"Th\u00f9ng 24 lon n\u01b0\u1edbc t\u0103ng l\u1ef1c Sting d\u00e2u lon 320ml"}]},{"@type":"WebSite","@id":"https:\/\/dev.tolio.co.nz\/#website","url":"https:\/\/dev.tolio.co.nz\/","name":"TOLIO","description":"Vietnamese Grocery Online","potentialAction":[{"@type":"SearchAction","target":{"@type":"EntryPoint","urlTemplate":"https:\/\/dev.tolio.co.nz\/?s={search_term_string}"},"query-input":{"@type":"PropertyValueSpecification","valueRequired":true,"valueName":"search_term_string"}}],"inLanguage":"en-US"}]}},"_links":{"self":[{"href":"https:\/\/dev.tolio.co.nz\/en\/wp-json\/wp\/v2\/product\/4392","targetHints":{"allow":["GET"]}}],"collection":[{"href":"https:\/\/dev.tolio.co.nz\/en\/wp-json\/wp\/v2\/product"}],"about":[{"href":"https:\/\/dev.tolio.co.nz\/en\/wp-json\/wp\/v2\/types\/product"}],"replies":[{"embeddable":true,"href":"https:\/\/dev.tolio.co.nz\/en\/wp-json\/wp\/v2\/comments?post=4392"}],"wp:featuredmedia":[{"embeddable":true,"href":"https:\/\/dev.tolio.co.nz\/en\/wp-json\/wp\/v2\/media\/20913"}],"wp:attachment":[{"href":"https:\/\/dev.tolio.co.nz\/en\/wp-json\/wp\/v2\/media?parent=4392"}],"wp:term":[{"taxonomy":"product_brand","embeddable":true,"href":"https:\/\/dev.tolio.co.nz\/en\/wp-json\/wp\/v2\/product_brand?post=4392"},{"taxonomy":"product_cat","embeddable":true,"href":"https:\/\/dev.tolio.co.nz\/en\/wp-json\/wp\/v2\/product_cat?post=4392"},{"taxonomy":"product_tag","embeddable":true,"href":"https:\/\/dev.tolio.co.nz\/en\/wp-json\/wp\/v2\/product_tag?post=4392"}],"curies":[{"name":"wp","href":"https:\/\/api.w.org\/{rel}","templated":true}]}}