{"id":4418,"date":"2022-05-14T14:57:00","date_gmt":"2022-05-14T02:12:00","guid":{"rendered":"https:\/\/tolio2.sitebycat.com\/?post_type=product&#038;p=4418"},"modified":"2025-09-11T16:00:36","modified_gmt":"2025-09-11T04:00:36","slug":"thung-24-goi-mien-phu-huong-thit-bam-goi-55g","status":"publish","type":"product","link":"https:\/\/dev.tolio.co.nz\/en\/product\/box-of-24-pork-belly-rolls-55g\/","title":{"rendered":"Th\u00f9ng 24 g\u00f3i mi\u1ebfn Ph\u00fa H\u01b0\u01a1ng th\u1ecbt b\u1eb1m g\u00f3i 57g"},"content":{"rendered":"<p>L\u00e0 s\u1ea3n ph\u1ea9m mi\u1ebfn \u0103n li\u1ec1n ti\u1ec7n cho cho nh\u1eefng ng\u00e0y b\u1eadn r\u1ed9n c\u1ea7n m\u1ed9t b\u1eefa \u0103n nhanh g\u1ecdn v\u00e0 dinh d\u01b0\u1ee1ng. <strong>Mi\u1ebfn Ph\u00fa H\u01b0\u01a1ng th\u1ecbt b\u1eb1m g\u00f3i 55g<\/strong> v\u1edbi s\u1ee3i mi\u1ebfn dai \u0111\u1eb7c bi\u1ec7t \u0111\u01b0\u1ee3c b\u1ed5 sung th\u00eam tinh b\u1ed9t \u0111\u1eadu xanh c\u00f9ng n\u01b0\u1edbc s\u00fap Ph\u00fa H\u01b0\u01a1ng v\u1ecb th\u1ecbt b\u1eb1m \u0111\u1eadm \u0111\u00e0 c\u1ef1c quy\u1ebfn r\u0169 h\u1ea5p d\u1eabn kh\u00f4ng th\u1ec3 ch\u1ed1i t\u1eeb<\/p>\n<p><strong>H\u01b0\u1edbng d\u1eabn s\u1eed d\u1ee5ng:<\/strong><\/p>\n<ul>\n<li>Cho v\u1eaft mi\u1ebfn v\u00e0 c\u00e1c g\u00f3i gia v\u1ecb v\u00e0o t\u00f4. Ch\u1ebf kho\u1ea3ng 2 c\u1ed1c (400ml) n\u01b0\u1edbc s\u00f4i v\u00e0o, \u0111\u1eady n\u1eafp l\u1ea1i trong 3 ph\u00fat. M\u1edf n\u1eafp, tr\u1ed9n \u0111\u1ec1u l\u00e0 d\u00f9ng \u0111\u01b0\u1ee3c ngay.<\/li>\n<\/ul>\n<p><strong>B\u1ea3o qu\u1ea3n:<\/strong><\/p>\n<ul>\n<li>N\u01a1i kh\u00f4 r\u00e1o, tho\u00e1ng m\u00e1t, tr\u00e1nh \u00e1nh n\u1eafng m\u1eb7t tr\u1eddi<\/li>\n<\/ul>\n<p><span class=\"ui-provider a b c d e f g h i j k l m n o p q r s t u v w x y z ab ac ae af ag ah ai aj ak\" dir=\"ltr\"><strong>H\u1ea1n s\u1eed d\u1ee5ng:<\/strong> 8 th\u00e1ng t\u1eeb ng\u00e0y s\u1ea3n xu\u1ea5t.<\/span><\/p>","protected":false},"excerpt":{"rendered":"<ul>\n<li>Th\u01b0\u01a1ng hi\u1ec7u: Ph\u00fa H\u01b0\u01a1ng<\/li>\n<li>Xu\u1ea5t x\u1ee9 th\u01b0\u01a1ng hi\u1ec7u: Vi\u1ec7t Nam<\/li>\n<li>Quy c\u00e1ch \u0111\u00f3ng g\u00f3i: g\u00f3i 55g , 24 g\u00f3i \/th\u00f9ng<\/li>\n<li>L\u01b0u \u00fd: Bao b\u00ec s\u1ea3n ph\u1ea9m c\u00f3 th\u1ec3 thay \u0111\u1ed5i theo t\u1eebng \u0111\u1ee3t nh\u1eadp h\u00e0ng<\/li>\n<\/ul>","protected":false},"featured_media":22990,"comment_status":"open","ping_status":"closed","template":"","meta":[],"product_brand":[],"product_cat":[511,31],"product_tag":[],"class_list":{"0":"post-4418","1":"product","2":"type-product","3":"status-publish","4":"has-post-thumbnail","6":"product_cat-mi-pho-chao-an-lien","7":"product_cat-hang-moi-ve","8":"pa_thuong-hieu-phu-huong","10":"first","11":"instock","12":"sale","13":"shipping-taxable","14":"purchasable","15":"product-type-simple"},"yoast_head":"<!-- This site is optimized with the Yoast SEO plugin v24.4 - https:\/\/yoast.com\/wordpress\/plugins\/seo\/ -->\n<title>Th\u00f9ng 24 g\u00f3i mi\u1ebfn Ph\u00fa H\u01b0\u01a1ng th\u1ecbt b\u1eb1m g\u00f3i 57g - TOLIO<\/title>\n<meta name=\"description\" content=\"Th\u01b0\u01a1ng hi\u1ec7u: Ph\u00fa H\u01b0\u01a1ng  Xu\u1ea5t x\u1ee9 th\u01b0\u01a1ng hi\u1ec7u: Vi\u1ec7t Nam  Quy c\u00e1ch \u0111\u00f3ng g\u00f3i: g\u00f3i 55g , 24 g\u00f3i \/th\u00f9ng  L\u01b0u \u00fd: Bao b\u00ec s\u1ea3n ph\u1ea9m c\u00f3 th\u1ec3 thay \u0111\u1ed5i theo t\u1eebng \u0111\u1ee3t nh\u1eadp h\u00e0ng\" \/>\n<meta name=\"robots\" content=\"index, follow, max-snippet:-1, max-image-preview:large, max-video-preview:-1\" \/>\n<link rel=\"canonical\" href=\"https:\/\/dev.tolio.co.nz\/en\/product\/box-of-24-pork-belly-rolls-55g\/\" \/>\n<meta property=\"og:locale\" content=\"en_US\" \/>\n<meta property=\"og:type\" content=\"article\" \/>\n<meta property=\"og:title\" content=\"Th\u00f9ng 24 g\u00f3i mi\u1ebfn Ph\u00fa H\u01b0\u01a1ng th\u1ecbt b\u1eb1m g\u00f3i 57g - TOLIO\" \/>\n<meta property=\"og:description\" content=\"Th\u01b0\u01a1ng hi\u1ec7u: Ph\u00fa H\u01b0\u01a1ng  Xu\u1ea5t x\u1ee9 th\u01b0\u01a1ng hi\u1ec7u: Vi\u1ec7t Nam  Quy c\u00e1ch \u0111\u00f3ng g\u00f3i: g\u00f3i 55g , 24 g\u00f3i \/th\u00f9ng  L\u01b0u \u00fd: Bao b\u00ec s\u1ea3n ph\u1ea9m c\u00f3 th\u1ec3 thay \u0111\u1ed5i theo t\u1eebng \u0111\u1ee3t nh\u1eadp h\u00e0ng\" \/>\n<meta property=\"og:url\" content=\"https:\/\/dev.tolio.co.nz\/en\/product\/box-of-24-pork-belly-rolls-55g\/\" \/>\n<meta property=\"og:site_name\" content=\"TOLIO\" \/>\n<meta property=\"article:modified_time\" content=\"2025-09-11T04:00:36+00:00\" \/>\n<meta property=\"og:image\" content=\"https:\/\/dev.tolio.co.nz\/wp-content\/uploads\/2022\/05\/3-2.png\" \/>\n\t<meta property=\"og:image:width\" content=\"1000\" \/>\n\t<meta property=\"og:image:height\" content=\"907\" \/>\n\t<meta property=\"og:image:type\" content=\"image\/png\" \/>\n<meta name=\"twitter:card\" content=\"summary_large_image\" \/>\n<meta name=\"twitter:label1\" content=\"Est. reading time\" \/>\n\t<meta name=\"twitter:data1\" content=\"1 minute\" \/>\n<script type=\"application\/ld+json\" class=\"yoast-schema-graph\">{\"@context\":\"https:\/\/schema.org\",\"@graph\":[{\"@type\":\"WebPage\",\"@id\":\"https:\/\/dev.tolio.co.nz\/san-pham\/thung-24-goi-mien-phu-huong-thit-bam-goi-55g\/\",\"url\":\"https:\/\/dev.tolio.co.nz\/san-pham\/thung-24-goi-mien-phu-huong-thit-bam-goi-55g\/\",\"name\":\"Th\u00f9ng 24 g\u00f3i mi\u1ebfn Ph\u00fa H\u01b0\u01a1ng th\u1ecbt b\u1eb1m g\u00f3i 57g - TOLIO\",\"isPartOf\":{\"@id\":\"https:\/\/dev.tolio.co.nz\/#website\"},\"primaryImageOfPage\":{\"@id\":\"https:\/\/dev.tolio.co.nz\/san-pham\/thung-24-goi-mien-phu-huong-thit-bam-goi-55g\/#primaryimage\"},\"image\":{\"@id\":\"https:\/\/dev.tolio.co.nz\/san-pham\/thung-24-goi-mien-phu-huong-thit-bam-goi-55g\/#primaryimage\"},\"thumbnailUrl\":\"https:\/\/dev.tolio.co.nz\/wp-content\/uploads\/2022\/05\/3-2.png\",\"datePublished\":\"2022-05-14T02:12:00+00:00\",\"dateModified\":\"2025-09-11T04:00:36+00:00\",\"description\":\"Th\u01b0\u01a1ng hi\u1ec7u: Ph\u00fa H\u01b0\u01a1ng Xu\u1ea5t x\u1ee9 th\u01b0\u01a1ng hi\u1ec7u: Vi\u1ec7t Nam Quy c\u00e1ch \u0111\u00f3ng g\u00f3i: g\u00f3i 55g , 24 g\u00f3i \/th\u00f9ng L\u01b0u \u00fd: Bao b\u00ec s\u1ea3n ph\u1ea9m c\u00f3 th\u1ec3 thay \u0111\u1ed5i theo t\u1eebng \u0111\u1ee3t nh\u1eadp h\u00e0ng\",\"breadcrumb\":{\"@id\":\"https:\/\/dev.tolio.co.nz\/san-pham\/thung-24-goi-mien-phu-huong-thit-bam-goi-55g\/#breadcrumb\"},\"inLanguage\":\"en-US\",\"potentialAction\":[{\"@type\":\"ReadAction\",\"target\":[\"https:\/\/dev.tolio.co.nz\/san-pham\/thung-24-goi-mien-phu-huong-thit-bam-goi-55g\/\"]}]},{\"@type\":\"ImageObject\",\"inLanguage\":\"en-US\",\"@id\":\"https:\/\/dev.tolio.co.nz\/san-pham\/thung-24-goi-mien-phu-huong-thit-bam-goi-55g\/#primaryimage\",\"url\":\"https:\/\/dev.tolio.co.nz\/wp-content\/uploads\/2022\/05\/3-2.png\",\"contentUrl\":\"https:\/\/dev.tolio.co.nz\/wp-content\/uploads\/2022\/05\/3-2.png\",\"width\":1000,\"height\":907},{\"@type\":\"BreadcrumbList\",\"@id\":\"https:\/\/dev.tolio.co.nz\/san-pham\/thung-24-goi-mien-phu-huong-thit-bam-goi-55g\/#breadcrumb\",\"itemListElement\":[{\"@type\":\"ListItem\",\"position\":1,\"name\":\"Home\",\"item\":\"https:\/\/dev.tolio.co.nz\/\"},{\"@type\":\"ListItem\",\"position\":2,\"name\":\"C\u1eeda h\u00e0ng\",\"item\":\"https:\/\/dev.tolio.co.nz\/cua-hang\/\"},{\"@type\":\"ListItem\",\"position\":3,\"name\":\"Th\u00f9ng 24 g\u00f3i mi\u1ebfn Ph\u00fa H\u01b0\u01a1ng th\u1ecbt b\u1eb1m g\u00f3i 57g\"}]},{\"@type\":\"WebSite\",\"@id\":\"https:\/\/dev.tolio.co.nz\/#website\",\"url\":\"https:\/\/dev.tolio.co.nz\/\",\"name\":\"TOLIO\",\"description\":\"Vietnamese Grocery Online\",\"potentialAction\":[{\"@type\":\"SearchAction\",\"target\":{\"@type\":\"EntryPoint\",\"urlTemplate\":\"https:\/\/dev.tolio.co.nz\/?s={search_term_string}\"},\"query-input\":{\"@type\":\"PropertyValueSpecification\",\"valueRequired\":true,\"valueName\":\"search_term_string\"}}],\"inLanguage\":\"en-US\"}]}<\/script>\n<!-- \/ Yoast SEO plugin. -->","yoast_head_json":{"title":"Th\u00f9ng 24 g\u00f3i mi\u1ebfn Ph\u00fa H\u01b0\u01a1ng th\u1ecbt b\u1eb1m g\u00f3i 57g - TOLIO","description":"Th\u01b0\u01a1ng hi\u1ec7u: Ph\u00fa H\u01b0\u01a1ng  Xu\u1ea5t x\u1ee9 th\u01b0\u01a1ng hi\u1ec7u: Vi\u1ec7t Nam  Quy c\u00e1ch \u0111\u00f3ng g\u00f3i: g\u00f3i 55g , 24 g\u00f3i \/th\u00f9ng  L\u01b0u \u00fd: Bao b\u00ec s\u1ea3n ph\u1ea9m c\u00f3 th\u1ec3 thay \u0111\u1ed5i theo t\u1eebng \u0111\u1ee3t nh\u1eadp h\u00e0ng","robots":{"index":"index","follow":"follow","max-snippet":"max-snippet:-1","max-image-preview":"max-image-preview:large","max-video-preview":"max-video-preview:-1"},"canonical":"https:\/\/dev.tolio.co.nz\/en\/product\/box-of-24-pork-belly-rolls-55g\/","og_locale":"en_US","og_type":"article","og_title":"Th\u00f9ng 24 g\u00f3i mi\u1ebfn Ph\u00fa H\u01b0\u01a1ng th\u1ecbt b\u1eb1m g\u00f3i 57g - TOLIO","og_description":"Th\u01b0\u01a1ng hi\u1ec7u: Ph\u00fa H\u01b0\u01a1ng  Xu\u1ea5t x\u1ee9 th\u01b0\u01a1ng hi\u1ec7u: Vi\u1ec7t Nam  Quy c\u00e1ch \u0111\u00f3ng g\u00f3i: g\u00f3i 55g , 24 g\u00f3i \/th\u00f9ng  L\u01b0u \u00fd: Bao b\u00ec s\u1ea3n ph\u1ea9m c\u00f3 th\u1ec3 thay \u0111\u1ed5i theo t\u1eebng \u0111\u1ee3t nh\u1eadp h\u00e0ng","og_url":"https:\/\/dev.tolio.co.nz\/en\/product\/box-of-24-pork-belly-rolls-55g\/","og_site_name":"TOLIO","article_modified_time":"2025-09-11T04:00:36+00:00","og_image":[{"width":1000,"height":907,"url":"https:\/\/dev.tolio.co.nz\/wp-content\/uploads\/2022\/05\/3-2.png","type":"image\/png"}],"twitter_card":"summary_large_image","twitter_misc":{"Est. reading time":"1 minute"},"schema":{"@context":"https:\/\/schema.org","@graph":[{"@type":"WebPage","@id":"https:\/\/dev.tolio.co.nz\/san-pham\/thung-24-goi-mien-phu-huong-thit-bam-goi-55g\/","url":"https:\/\/dev.tolio.co.nz\/san-pham\/thung-24-goi-mien-phu-huong-thit-bam-goi-55g\/","name":"Th\u00f9ng 24 g\u00f3i mi\u1ebfn Ph\u00fa H\u01b0\u01a1ng th\u1ecbt b\u1eb1m g\u00f3i 57g - TOLIO","isPartOf":{"@id":"https:\/\/dev.tolio.co.nz\/#website"},"primaryImageOfPage":{"@id":"https:\/\/dev.tolio.co.nz\/san-pham\/thung-24-goi-mien-phu-huong-thit-bam-goi-55g\/#primaryimage"},"image":{"@id":"https:\/\/dev.tolio.co.nz\/san-pham\/thung-24-goi-mien-phu-huong-thit-bam-goi-55g\/#primaryimage"},"thumbnailUrl":"https:\/\/dev.tolio.co.nz\/wp-content\/uploads\/2022\/05\/3-2.png","datePublished":"2022-05-14T02:12:00+00:00","dateModified":"2025-09-11T04:00:36+00:00","description":"Th\u01b0\u01a1ng hi\u1ec7u: Ph\u00fa H\u01b0\u01a1ng Xu\u1ea5t x\u1ee9 th\u01b0\u01a1ng hi\u1ec7u: Vi\u1ec7t Nam Quy c\u00e1ch \u0111\u00f3ng g\u00f3i: g\u00f3i 55g , 24 g\u00f3i \/th\u00f9ng L\u01b0u \u00fd: Bao b\u00ec s\u1ea3n ph\u1ea9m c\u00f3 th\u1ec3 thay \u0111\u1ed5i theo t\u1eebng \u0111\u1ee3t nh\u1eadp h\u00e0ng","breadcrumb":{"@id":"https:\/\/dev.tolio.co.nz\/san-pham\/thung-24-goi-mien-phu-huong-thit-bam-goi-55g\/#breadcrumb"},"inLanguage":"en-US","potentialAction":[{"@type":"ReadAction","target":["https:\/\/dev.tolio.co.nz\/san-pham\/thung-24-goi-mien-phu-huong-thit-bam-goi-55g\/"]}]},{"@type":"ImageObject","inLanguage":"en-US","@id":"https:\/\/dev.tolio.co.nz\/san-pham\/thung-24-goi-mien-phu-huong-thit-bam-goi-55g\/#primaryimage","url":"https:\/\/dev.tolio.co.nz\/wp-content\/uploads\/2022\/05\/3-2.png","contentUrl":"https:\/\/dev.tolio.co.nz\/wp-content\/uploads\/2022\/05\/3-2.png","width":1000,"height":907},{"@type":"BreadcrumbList","@id":"https:\/\/dev.tolio.co.nz\/san-pham\/thung-24-goi-mien-phu-huong-thit-bam-goi-55g\/#breadcrumb","itemListElement":[{"@type":"ListItem","position":1,"name":"Home","item":"https:\/\/dev.tolio.co.nz\/"},{"@type":"ListItem","position":2,"name":"C\u1eeda h\u00e0ng","item":"https:\/\/dev.tolio.co.nz\/cua-hang\/"},{"@type":"ListItem","position":3,"name":"Th\u00f9ng 24 g\u00f3i mi\u1ebfn Ph\u00fa H\u01b0\u01a1ng th\u1ecbt b\u1eb1m g\u00f3i 57g"}]},{"@type":"WebSite","@id":"https:\/\/dev.tolio.co.nz\/#website","url":"https:\/\/dev.tolio.co.nz\/","name":"TOLIO","description":"Vietnamese Grocery Online","potentialAction":[{"@type":"SearchAction","target":{"@type":"EntryPoint","urlTemplate":"https:\/\/dev.tolio.co.nz\/?s={search_term_string}"},"query-input":{"@type":"PropertyValueSpecification","valueRequired":true,"valueName":"search_term_string"}}],"inLanguage":"en-US"}]}},"_links":{"self":[{"href":"https:\/\/dev.tolio.co.nz\/en\/wp-json\/wp\/v2\/product\/4418","targetHints":{"allow":["GET"]}}],"collection":[{"href":"https:\/\/dev.tolio.co.nz\/en\/wp-json\/wp\/v2\/product"}],"about":[{"href":"https:\/\/dev.tolio.co.nz\/en\/wp-json\/wp\/v2\/types\/product"}],"replies":[{"embeddable":true,"href":"https:\/\/dev.tolio.co.nz\/en\/wp-json\/wp\/v2\/comments?post=4418"}],"wp:featuredmedia":[{"embeddable":true,"href":"https:\/\/dev.tolio.co.nz\/en\/wp-json\/wp\/v2\/media\/22990"}],"wp:attachment":[{"href":"https:\/\/dev.tolio.co.nz\/en\/wp-json\/wp\/v2\/media?parent=4418"}],"wp:term":[{"taxonomy":"product_brand","embeddable":true,"href":"https:\/\/dev.tolio.co.nz\/en\/wp-json\/wp\/v2\/product_brand?post=4418"},{"taxonomy":"product_cat","embeddable":true,"href":"https:\/\/dev.tolio.co.nz\/en\/wp-json\/wp\/v2\/product_cat?post=4418"},{"taxonomy":"product_tag","embeddable":true,"href":"https:\/\/dev.tolio.co.nz\/en\/wp-json\/wp\/v2\/product_tag?post=4418"}],"curies":[{"name":"wp","href":"https:\/\/api.w.org\/{rel}","templated":true}]}}