{"id":4481,"date":"2022-05-14T22:00:00","date_gmt":"2022-05-14T09:15:00","guid":{"rendered":"https:\/\/tolio2.sitebycat.com\/?post_type=product&#038;p=4481"},"modified":"2025-09-11T16:00:00","modified_gmt":"2025-09-11T04:00:00","slug":"nam-huong-vietsan-1kg","status":"publish","type":"product","link":"https:\/\/dev.tolio.co.nz\/en\/product\/vietnamese-nam-huong-1kg\/","title":{"rendered":"N\u1ea5m h\u01b0\u01a1ng Vietsan g\u00f3i 1kg"},"content":{"rendered":"<p><strong>N\u1ea5m h\u01b0\u01a1ng Vietsan 1kg<\/strong>\u00a0 hay c\u00f2n \u0111\u01b0\u1ee3c g\u1ecdi l\u00e0 n\u1ea5m \u0111\u00f4ng c\u00f4 v\u1edbi nhi\u1ec1u c\u00f4ng d\u1ee5ng tuy\u1ec7t v\u1eddi cho c\u01a1 th\u1ec3 v\u00e0 s\u1eafc \u0111\u1eb9p c\u1ee7a ch\u00fang ta. S\u1ea3n ph\u1ea9m N\u1ea5m H\u01b0\u01a1ng 1kg (VI\u1ec6T SAN) t\u1eeb th\u01b0\u01a1ng hi\u1ec7u Vi\u1ec7t San \u0111\u01b0\u1ee3c l\u00e0m t\u1eeb 100% n\u1ea5m h\u01b0\u01a1ng s\u1ea5y kh\u00f4, \u0111\u01b0\u1ee3c ch\u1ecdn l\u1ef1a k\u0129 c\u00e0ng, \u0111\u01b0\u1ee3c \u0111\u00f3ng g\u00f3i d\u00e0y d\u1eb7n, k\u00edn \u0111\u00e1o, \u0111\u1ea3m b\u1ea3o an to\u00e0n v\u1ec7 sinh th\u1ef1c ph\u1ea9m. N\u1ea5m h\u01b0\u01a1ng s\u1ea5y kh\u00f4 ch\u1ec9 c\u1ea7n ng\u00e2m s\u1ebd n\u1edf ra r\u1ea5t nhi\u1ec1u.<\/p>\n<p><strong>H\u01b0\u1edbng d\u1eabn s\u1eed d\u1ee5ng:<\/strong><\/p>\n<ul>\n<li>D\u00f9ng ch\u1ebf bi\u1ebfn c\u00e1c m\u00f3n \u0103n.<\/li>\n<\/ul>\n<p><strong>B\u1ea3o qu\u1ea3n:<\/strong><\/p>\n<ul>\n<li>\u0110\u1eady k\u00edn sau khi s\u1eed d\u1ee5ng v\u00e0 b\u1ea3o qu\u1ea3n n\u01a1i kh\u00f4 r\u00e1o, tho\u00e1ng m\u00e1t, tr\u00e1nh \u00e1nh n\u1eafng tr\u1ef1c ti\u1ebfp.<\/li>\n<\/ul>","protected":false},"excerpt":{"rendered":"<ul>\n<li>Th\u01b0\u01a1ng hi\u1ec7u: Vietsan<\/li>\n<li>Xu\u1ea5t x\u1ee9 th\u01b0\u01a1ng hi\u1ec7u: Trung Qu\u1ed1c<\/li>\n<li>Quy c\u00e1ch \u0111\u00f3ng g\u00f3i: g\u00f3i 1kg<\/li>\n<li>L\u01b0u \u00fd: Bao b\u00ec s\u1ea3n ph\u1ea9m c\u00f3 th\u1ec3 thay \u0111\u1ed5i theo t\u1eebng \u0111\u1ee3t nh\u1eadp h\u00e0ng<\/li>\n<\/ul>","protected":false},"featured_media":20983,"comment_status":"open","ping_status":"closed","template":"","meta":[],"product_brand":[],"product_cat":[36,128,30],"product_tag":[354,355],"class_list":{"0":"post-4481","1":"product","2":"type-product","3":"status-publish","4":"has-post-thumbnail","6":"product_cat-thuc-pham-kho","7":"product_cat-do-kho","8":"product_cat-ban-chay-nhat","9":"product_tag-nam-huong","10":"product_tag-nam-huong-vietsan","11":"pa_thuong-hieu-vietsan","13":"first","14":"instock","15":"sale","16":"shipping-taxable","17":"purchasable","18":"product-type-simple"},"yoast_head":"<!-- This site is optimized with the Yoast SEO plugin v24.4 - https:\/\/yoast.com\/wordpress\/plugins\/seo\/ -->\n<title>N\u1ea5m h\u01b0\u01a1ng Vietsan g\u00f3i 1kg - TOLIO<\/title>\n<meta name=\"description\" content=\"Th\u01b0\u01a1ng hi\u1ec7u: Vietsan  Xu\u1ea5t x\u1ee9 th\u01b0\u01a1ng hi\u1ec7u: Trung Qu\u1ed1c  Quy c\u00e1ch \u0111\u00f3ng g\u00f3i: g\u00f3i 1kg  L\u01b0u \u00fd: Bao b\u00ec s\u1ea3n ph\u1ea9m c\u00f3 th\u1ec3 thay \u0111\u1ed5i theo t\u1eebng \u0111\u1ee3t nh\u1eadp h\u00e0ng\" \/>\n<meta name=\"robots\" content=\"index, follow, max-snippet:-1, max-image-preview:large, max-video-preview:-1\" \/>\n<link rel=\"canonical\" href=\"https:\/\/dev.tolio.co.nz\/en\/product\/vietnamese-nam-huong-1kg\/\" \/>\n<meta property=\"og:locale\" content=\"en_US\" \/>\n<meta property=\"og:type\" content=\"article\" \/>\n<meta property=\"og:title\" content=\"N\u1ea5m h\u01b0\u01a1ng Vietsan g\u00f3i 1kg - TOLIO\" \/>\n<meta property=\"og:description\" content=\"Th\u01b0\u01a1ng hi\u1ec7u: Vietsan  Xu\u1ea5t x\u1ee9 th\u01b0\u01a1ng hi\u1ec7u: Trung Qu\u1ed1c  Quy c\u00e1ch \u0111\u00f3ng g\u00f3i: g\u00f3i 1kg  L\u01b0u \u00fd: Bao b\u00ec s\u1ea3n ph\u1ea9m c\u00f3 th\u1ec3 thay \u0111\u1ed5i theo t\u1eebng \u0111\u1ee3t nh\u1eadp h\u00e0ng\" \/>\n<meta property=\"og:url\" content=\"https:\/\/dev.tolio.co.nz\/en\/product\/vietnamese-nam-huong-1kg\/\" \/>\n<meta property=\"og:site_name\" content=\"TOLIO\" \/>\n<meta property=\"article:modified_time\" content=\"2025-09-11T04:00:00+00:00\" \/>\n<meta property=\"og:image\" content=\"https:\/\/dev.tolio.co.nz\/wp-content\/uploads\/2022\/05\/452.png\" \/>\n\t<meta property=\"og:image:width\" content=\"1000\" \/>\n\t<meta property=\"og:image:height\" content=\"907\" \/>\n\t<meta property=\"og:image:type\" content=\"image\/png\" \/>\n<meta name=\"twitter:card\" content=\"summary_large_image\" \/>\n<meta name=\"twitter:label1\" content=\"Est. reading time\" \/>\n\t<meta name=\"twitter:data1\" content=\"1 minute\" \/>\n<script type=\"application\/ld+json\" class=\"yoast-schema-graph\">{\"@context\":\"https:\/\/schema.org\",\"@graph\":[{\"@type\":\"WebPage\",\"@id\":\"https:\/\/dev.tolio.co.nz\/san-pham\/nam-huong-vietsan-1kg\/\",\"url\":\"https:\/\/dev.tolio.co.nz\/san-pham\/nam-huong-vietsan-1kg\/\",\"name\":\"N\u1ea5m h\u01b0\u01a1ng Vietsan g\u00f3i 1kg - TOLIO\",\"isPartOf\":{\"@id\":\"https:\/\/dev.tolio.co.nz\/#website\"},\"primaryImageOfPage\":{\"@id\":\"https:\/\/dev.tolio.co.nz\/san-pham\/nam-huong-vietsan-1kg\/#primaryimage\"},\"image\":{\"@id\":\"https:\/\/dev.tolio.co.nz\/san-pham\/nam-huong-vietsan-1kg\/#primaryimage\"},\"thumbnailUrl\":\"https:\/\/dev.tolio.co.nz\/wp-content\/uploads\/2022\/05\/452.png\",\"datePublished\":\"2022-05-14T09:15:00+00:00\",\"dateModified\":\"2025-09-11T04:00:00+00:00\",\"description\":\"Th\u01b0\u01a1ng hi\u1ec7u: Vietsan Xu\u1ea5t x\u1ee9 th\u01b0\u01a1ng hi\u1ec7u: Trung Qu\u1ed1c Quy c\u00e1ch \u0111\u00f3ng g\u00f3i: g\u00f3i 1kg L\u01b0u \u00fd: Bao b\u00ec s\u1ea3n ph\u1ea9m c\u00f3 th\u1ec3 thay \u0111\u1ed5i theo t\u1eebng \u0111\u1ee3t nh\u1eadp h\u00e0ng\",\"breadcrumb\":{\"@id\":\"https:\/\/dev.tolio.co.nz\/san-pham\/nam-huong-vietsan-1kg\/#breadcrumb\"},\"inLanguage\":\"en-US\",\"potentialAction\":[{\"@type\":\"ReadAction\",\"target\":[\"https:\/\/dev.tolio.co.nz\/san-pham\/nam-huong-vietsan-1kg\/\"]}]},{\"@type\":\"ImageObject\",\"inLanguage\":\"en-US\",\"@id\":\"https:\/\/dev.tolio.co.nz\/san-pham\/nam-huong-vietsan-1kg\/#primaryimage\",\"url\":\"https:\/\/dev.tolio.co.nz\/wp-content\/uploads\/2022\/05\/452.png\",\"contentUrl\":\"https:\/\/dev.tolio.co.nz\/wp-content\/uploads\/2022\/05\/452.png\",\"width\":1000,\"height\":907},{\"@type\":\"BreadcrumbList\",\"@id\":\"https:\/\/dev.tolio.co.nz\/san-pham\/nam-huong-vietsan-1kg\/#breadcrumb\",\"itemListElement\":[{\"@type\":\"ListItem\",\"position\":1,\"name\":\"Home\",\"item\":\"https:\/\/dev.tolio.co.nz\/\"},{\"@type\":\"ListItem\",\"position\":2,\"name\":\"C\u1eeda h\u00e0ng\",\"item\":\"https:\/\/dev.tolio.co.nz\/cua-hang\/\"},{\"@type\":\"ListItem\",\"position\":3,\"name\":\"N\u1ea5m h\u01b0\u01a1ng Vietsan g\u00f3i 1kg\"}]},{\"@type\":\"WebSite\",\"@id\":\"https:\/\/dev.tolio.co.nz\/#website\",\"url\":\"https:\/\/dev.tolio.co.nz\/\",\"name\":\"TOLIO\",\"description\":\"Vietnamese Grocery Online\",\"potentialAction\":[{\"@type\":\"SearchAction\",\"target\":{\"@type\":\"EntryPoint\",\"urlTemplate\":\"https:\/\/dev.tolio.co.nz\/?s={search_term_string}\"},\"query-input\":{\"@type\":\"PropertyValueSpecification\",\"valueRequired\":true,\"valueName\":\"search_term_string\"}}],\"inLanguage\":\"en-US\"}]}<\/script>\n<!-- \/ Yoast SEO plugin. -->","yoast_head_json":{"title":"N\u1ea5m h\u01b0\u01a1ng Vietsan g\u00f3i 1kg - TOLIO","description":"Th\u01b0\u01a1ng hi\u1ec7u: Vietsan  Xu\u1ea5t x\u1ee9 th\u01b0\u01a1ng hi\u1ec7u: Trung Qu\u1ed1c  Quy c\u00e1ch \u0111\u00f3ng g\u00f3i: g\u00f3i 1kg  L\u01b0u \u00fd: Bao b\u00ec s\u1ea3n ph\u1ea9m c\u00f3 th\u1ec3 thay \u0111\u1ed5i theo t\u1eebng \u0111\u1ee3t nh\u1eadp h\u00e0ng","robots":{"index":"index","follow":"follow","max-snippet":"max-snippet:-1","max-image-preview":"max-image-preview:large","max-video-preview":"max-video-preview:-1"},"canonical":"https:\/\/dev.tolio.co.nz\/en\/product\/vietnamese-nam-huong-1kg\/","og_locale":"en_US","og_type":"article","og_title":"N\u1ea5m h\u01b0\u01a1ng Vietsan g\u00f3i 1kg - TOLIO","og_description":"Th\u01b0\u01a1ng hi\u1ec7u: Vietsan  Xu\u1ea5t x\u1ee9 th\u01b0\u01a1ng hi\u1ec7u: Trung Qu\u1ed1c  Quy c\u00e1ch \u0111\u00f3ng g\u00f3i: g\u00f3i 1kg  L\u01b0u \u00fd: Bao b\u00ec s\u1ea3n ph\u1ea9m c\u00f3 th\u1ec3 thay \u0111\u1ed5i theo t\u1eebng \u0111\u1ee3t nh\u1eadp h\u00e0ng","og_url":"https:\/\/dev.tolio.co.nz\/en\/product\/vietnamese-nam-huong-1kg\/","og_site_name":"TOLIO","article_modified_time":"2025-09-11T04:00:00+00:00","og_image":[{"width":1000,"height":907,"url":"https:\/\/dev.tolio.co.nz\/wp-content\/uploads\/2022\/05\/452.png","type":"image\/png"}],"twitter_card":"summary_large_image","twitter_misc":{"Est. reading time":"1 minute"},"schema":{"@context":"https:\/\/schema.org","@graph":[{"@type":"WebPage","@id":"https:\/\/dev.tolio.co.nz\/san-pham\/nam-huong-vietsan-1kg\/","url":"https:\/\/dev.tolio.co.nz\/san-pham\/nam-huong-vietsan-1kg\/","name":"N\u1ea5m h\u01b0\u01a1ng Vietsan g\u00f3i 1kg - TOLIO","isPartOf":{"@id":"https:\/\/dev.tolio.co.nz\/#website"},"primaryImageOfPage":{"@id":"https:\/\/dev.tolio.co.nz\/san-pham\/nam-huong-vietsan-1kg\/#primaryimage"},"image":{"@id":"https:\/\/dev.tolio.co.nz\/san-pham\/nam-huong-vietsan-1kg\/#primaryimage"},"thumbnailUrl":"https:\/\/dev.tolio.co.nz\/wp-content\/uploads\/2022\/05\/452.png","datePublished":"2022-05-14T09:15:00+00:00","dateModified":"2025-09-11T04:00:00+00:00","description":"Th\u01b0\u01a1ng hi\u1ec7u: Vietsan Xu\u1ea5t x\u1ee9 th\u01b0\u01a1ng hi\u1ec7u: Trung Qu\u1ed1c Quy c\u00e1ch \u0111\u00f3ng g\u00f3i: g\u00f3i 1kg L\u01b0u \u00fd: Bao b\u00ec s\u1ea3n ph\u1ea9m c\u00f3 th\u1ec3 thay \u0111\u1ed5i theo t\u1eebng \u0111\u1ee3t nh\u1eadp h\u00e0ng","breadcrumb":{"@id":"https:\/\/dev.tolio.co.nz\/san-pham\/nam-huong-vietsan-1kg\/#breadcrumb"},"inLanguage":"en-US","potentialAction":[{"@type":"ReadAction","target":["https:\/\/dev.tolio.co.nz\/san-pham\/nam-huong-vietsan-1kg\/"]}]},{"@type":"ImageObject","inLanguage":"en-US","@id":"https:\/\/dev.tolio.co.nz\/san-pham\/nam-huong-vietsan-1kg\/#primaryimage","url":"https:\/\/dev.tolio.co.nz\/wp-content\/uploads\/2022\/05\/452.png","contentUrl":"https:\/\/dev.tolio.co.nz\/wp-content\/uploads\/2022\/05\/452.png","width":1000,"height":907},{"@type":"BreadcrumbList","@id":"https:\/\/dev.tolio.co.nz\/san-pham\/nam-huong-vietsan-1kg\/#breadcrumb","itemListElement":[{"@type":"ListItem","position":1,"name":"Home","item":"https:\/\/dev.tolio.co.nz\/"},{"@type":"ListItem","position":2,"name":"C\u1eeda h\u00e0ng","item":"https:\/\/dev.tolio.co.nz\/cua-hang\/"},{"@type":"ListItem","position":3,"name":"N\u1ea5m h\u01b0\u01a1ng Vietsan g\u00f3i 1kg"}]},{"@type":"WebSite","@id":"https:\/\/dev.tolio.co.nz\/#website","url":"https:\/\/dev.tolio.co.nz\/","name":"TOLIO","description":"Vietnamese Grocery Online","potentialAction":[{"@type":"SearchAction","target":{"@type":"EntryPoint","urlTemplate":"https:\/\/dev.tolio.co.nz\/?s={search_term_string}"},"query-input":{"@type":"PropertyValueSpecification","valueRequired":true,"valueName":"search_term_string"}}],"inLanguage":"en-US"}]}},"_links":{"self":[{"href":"https:\/\/dev.tolio.co.nz\/en\/wp-json\/wp\/v2\/product\/4481","targetHints":{"allow":["GET"]}}],"collection":[{"href":"https:\/\/dev.tolio.co.nz\/en\/wp-json\/wp\/v2\/product"}],"about":[{"href":"https:\/\/dev.tolio.co.nz\/en\/wp-json\/wp\/v2\/types\/product"}],"replies":[{"embeddable":true,"href":"https:\/\/dev.tolio.co.nz\/en\/wp-json\/wp\/v2\/comments?post=4481"}],"wp:featuredmedia":[{"embeddable":true,"href":"https:\/\/dev.tolio.co.nz\/en\/wp-json\/wp\/v2\/media\/20983"}],"wp:attachment":[{"href":"https:\/\/dev.tolio.co.nz\/en\/wp-json\/wp\/v2\/media?parent=4481"}],"wp:term":[{"taxonomy":"product_brand","embeddable":true,"href":"https:\/\/dev.tolio.co.nz\/en\/wp-json\/wp\/v2\/product_brand?post=4481"},{"taxonomy":"product_cat","embeddable":true,"href":"https:\/\/dev.tolio.co.nz\/en\/wp-json\/wp\/v2\/product_cat?post=4481"},{"taxonomy":"product_tag","embeddable":true,"href":"https:\/\/dev.tolio.co.nz\/en\/wp-json\/wp\/v2\/product_tag?post=4481"}],"curies":[{"name":"wp","href":"https:\/\/api.w.org\/{rel}","templated":true}]}}