{"id":4907,"date":"2022-06-08T14:28:00","date_gmt":"2022-06-08T01:43:00","guid":{"rendered":"https:\/\/tolio2.sitebycat.com\/?post_type=product&#038;p=4907"},"modified":"2025-09-11T16:00:53","modified_gmt":"2025-09-11T04:00:53","slug":"bang-keo-dong-thung-100-yard-set6","status":"publish","type":"product","link":"https:\/\/dev.tolio.co.nz\/en\/product\/100-yard-dong-bong-set6\/","title":{"rendered":"[Mua 5 t\u1eb7ng 1] L\u1ed1c 6 cu\u1ed9n b\u0103ng keo trong d\u00e1n th\u00f9ng"},"content":{"rendered":"<p>V\u1edbi c\u00f4ng d\u1ee5ng \u0111a n\u0103ng <strong>B\u0103ng Keo \u0110\u00f3ng Th\u00f9ng 100 yard<\/strong>\u00a0 \u0111\u01b0\u1ee3c s\u1eed d\u1ee5ng kh\u00e1 ph\u1ed5 bi\u1ebfn trong nhi\u1ec1u ng\u00e0nh ngh\u1ec1 kh\u00e1c nhau t\u1eeb n\u00f4ng nghi\u1ec7p cho \u0111\u1ebfn c\u00f4ng nghi\u1ec7p. Ch\u00fang \u0111\u01b0\u1ee3c d\u00f9ng \u0111\u1ec3 c\u1ed1 \u0111\u1ecbnh c\u00e1c b\u1ec1 m\u1eb7t c\u00e1c v\u1eadt th\u1ec3 nh\u01b0 h\u00e0ng h\u00f3a, gi\u1ea5y, c\u00e2y tr\u1ed3ng\u2026.V\u00e0 b\u1ea1n c\u00f3 th\u1ec3 d\u1ec5 d\u00e0ng b\u1eaft g\u1eb7p ch\u00fang \u0111\u01b0\u1ee3c s\u1eed d\u1ee5ng trong nh\u1eefng chuy\u1ebfn v\u1eadn chuy\u1ec3n h\u00e0ng h\u00f3a hay trong 1 v\u0103n ph\u00f2ng n\u00e0o \u0111\u00f3. B\u0103ng keo d\u00e1n h\u00e0ng gi\u00fap c\u1ed1 \u0111\u1ecbnh h\u00e0ng h\u00f3a t\u1ed1t h\u01a1n, ni\u00eam ph\u00f4ng v\u00e0 gi\u1ea3m thi\u1ec3u nh\u1eefng h\u01b0 h\u1ea1i trong qu\u00e1 tr\u00ecnh v\u1eadn chuy\u1ec3n. B\u00ean c\u1ea1nh \u0111\u00f3, ng\u01b0\u1eddi ta s\u1eed d\u1ee5ng s\u1ea3n ph\u1ea9m n\u00e0y \u0111\u1ec3 d\u00e1n c\u00e1c th\u00f4ng b\u00e1o, nh\u00e3n m\u00e1c cho s\u1ea3n ph\u1ea9m t\u1ea1i c\u00e1c v\u0103n ph\u00f2ng, x\u01b0\u1edfng s\u1ea3n xu\u1ea5t. Ngo\u00e0i ra, ch\u00fang c\u0169ng \u0111\u01b0\u1ee3c \u1ee9ng d\u1ee5ng trong c\u00e1c l\u00e0m c\u00e1c chi ti\u1ebft th\u1ee7 c\u00f4ng, handmade.<\/p>","protected":false},"excerpt":{"rendered":"<ul>\n<li>Xu\u1ea5t x\u1ee9 th\u01b0\u01a1ng hi\u1ec7u: Vi\u1ec7t Nam<\/li>\n<li>Quy c\u00e1ch \u0111\u00f3ng g\u00f3i: 100 yard<\/li>\n<li>L\u01b0u \u00fd: Bao b\u00ec s\u1ea3n ph\u1ea9m c\u00f3 th\u1ec3 thay \u0111\u1ed5i theo t\u1eebng \u0111\u1ee3t nh\u1eadp h\u00e0ng<\/li>\n<\/ul>","protected":false},"featured_media":20651,"comment_status":"open","ping_status":"closed","template":"","meta":[],"product_brand":[],"product_cat":[49],"product_tag":[],"class_list":{"0":"post-4907","1":"product","2":"type-product","3":"status-publish","4":"has-post-thumbnail","6":"product_cat-non-food","8":"first","9":"instock","10":"shipping-taxable","11":"purchasable","12":"product-type-simple"},"yoast_head":"<!-- This site is optimized with the Yoast SEO plugin v24.4 - https:\/\/yoast.com\/wordpress\/plugins\/seo\/ -->\n<title>[Mua 5 t\u1eb7ng 1] L\u1ed1c 6 cu\u1ed9n b\u0103ng keo trong d\u00e1n th\u00f9ng - TOLIO<\/title>\n<meta name=\"description\" content=\"Xu\u1ea5t x\u1ee9 th\u01b0\u01a1ng hi\u1ec7u: Vi\u1ec7t Nam  Quy c\u00e1ch \u0111\u00f3ng g\u00f3i: 100 yard  L\u01b0u \u00fd: Bao b\u00ec s\u1ea3n ph\u1ea9m c\u00f3 th\u1ec3 thay \u0111\u1ed5i theo t\u1eebng \u0111\u1ee3t nh\u1eadp h\u00e0ng\" \/>\n<meta name=\"robots\" content=\"index, follow, max-snippet:-1, max-image-preview:large, max-video-preview:-1\" \/>\n<link rel=\"canonical\" href=\"https:\/\/dev.tolio.co.nz\/en\/product\/100-yard-dong-bong-set6\/\" \/>\n<meta property=\"og:locale\" content=\"en_US\" \/>\n<meta property=\"og:type\" content=\"article\" \/>\n<meta property=\"og:title\" content=\"[Mua 5 t\u1eb7ng 1] L\u1ed1c 6 cu\u1ed9n b\u0103ng keo trong d\u00e1n th\u00f9ng - TOLIO\" \/>\n<meta property=\"og:description\" content=\"Xu\u1ea5t x\u1ee9 th\u01b0\u01a1ng hi\u1ec7u: Vi\u1ec7t Nam  Quy c\u00e1ch \u0111\u00f3ng g\u00f3i: 100 yard  L\u01b0u \u00fd: Bao b\u00ec s\u1ea3n ph\u1ea9m c\u00f3 th\u1ec3 thay \u0111\u1ed5i theo t\u1eebng \u0111\u1ee3t nh\u1eadp h\u00e0ng\" \/>\n<meta property=\"og:url\" content=\"https:\/\/dev.tolio.co.nz\/en\/product\/100-yard-dong-bong-set6\/\" \/>\n<meta property=\"og:site_name\" content=\"TOLIO\" \/>\n<meta property=\"article:modified_time\" content=\"2025-09-11T04:00:53+00:00\" \/>\n<meta property=\"og:image\" content=\"https:\/\/dev.tolio.co.nz\/wp-content\/uploads\/2022\/06\/192.png\" \/>\n\t<meta property=\"og:image:width\" content=\"1000\" \/>\n\t<meta property=\"og:image:height\" content=\"907\" \/>\n\t<meta property=\"og:image:type\" content=\"image\/png\" \/>\n<meta name=\"twitter:card\" content=\"summary_large_image\" \/>\n<meta name=\"twitter:label1\" content=\"Est. reading time\" \/>\n\t<meta name=\"twitter:data1\" content=\"1 minute\" \/>\n<script type=\"application\/ld+json\" class=\"yoast-schema-graph\">{\"@context\":\"https:\/\/schema.org\",\"@graph\":[{\"@type\":\"WebPage\",\"@id\":\"https:\/\/dev.tolio.co.nz\/san-pham\/bang-keo-dong-thung-100-yard-set6\/\",\"url\":\"https:\/\/dev.tolio.co.nz\/san-pham\/bang-keo-dong-thung-100-yard-set6\/\",\"name\":\"[Mua 5 t\u1eb7ng 1] L\u1ed1c 6 cu\u1ed9n b\u0103ng keo trong d\u00e1n th\u00f9ng - TOLIO\",\"isPartOf\":{\"@id\":\"https:\/\/dev.tolio.co.nz\/#website\"},\"primaryImageOfPage\":{\"@id\":\"https:\/\/dev.tolio.co.nz\/san-pham\/bang-keo-dong-thung-100-yard-set6\/#primaryimage\"},\"image\":{\"@id\":\"https:\/\/dev.tolio.co.nz\/san-pham\/bang-keo-dong-thung-100-yard-set6\/#primaryimage\"},\"thumbnailUrl\":\"https:\/\/dev.tolio.co.nz\/wp-content\/uploads\/2022\/06\/192.png\",\"datePublished\":\"2022-06-08T01:43:00+00:00\",\"dateModified\":\"2025-09-11T04:00:53+00:00\",\"description\":\"Xu\u1ea5t x\u1ee9 th\u01b0\u01a1ng hi\u1ec7u: Vi\u1ec7t Nam Quy c\u00e1ch \u0111\u00f3ng g\u00f3i: 100 yard L\u01b0u \u00fd: Bao b\u00ec s\u1ea3n ph\u1ea9m c\u00f3 th\u1ec3 thay \u0111\u1ed5i theo t\u1eebng \u0111\u1ee3t nh\u1eadp h\u00e0ng\",\"breadcrumb\":{\"@id\":\"https:\/\/dev.tolio.co.nz\/san-pham\/bang-keo-dong-thung-100-yard-set6\/#breadcrumb\"},\"inLanguage\":\"en-US\",\"potentialAction\":[{\"@type\":\"ReadAction\",\"target\":[\"https:\/\/dev.tolio.co.nz\/san-pham\/bang-keo-dong-thung-100-yard-set6\/\"]}]},{\"@type\":\"ImageObject\",\"inLanguage\":\"en-US\",\"@id\":\"https:\/\/dev.tolio.co.nz\/san-pham\/bang-keo-dong-thung-100-yard-set6\/#primaryimage\",\"url\":\"https:\/\/dev.tolio.co.nz\/wp-content\/uploads\/2022\/06\/192.png\",\"contentUrl\":\"https:\/\/dev.tolio.co.nz\/wp-content\/uploads\/2022\/06\/192.png\",\"width\":1000,\"height\":907},{\"@type\":\"BreadcrumbList\",\"@id\":\"https:\/\/dev.tolio.co.nz\/san-pham\/bang-keo-dong-thung-100-yard-set6\/#breadcrumb\",\"itemListElement\":[{\"@type\":\"ListItem\",\"position\":1,\"name\":\"Home\",\"item\":\"https:\/\/dev.tolio.co.nz\/\"},{\"@type\":\"ListItem\",\"position\":2,\"name\":\"C\u1eeda h\u00e0ng\",\"item\":\"https:\/\/dev.tolio.co.nz\/cua-hang\/\"},{\"@type\":\"ListItem\",\"position\":3,\"name\":\"[Mua 5 t\u1eb7ng 1] L\u1ed1c 6 cu\u1ed9n b\u0103ng keo trong d\u00e1n th\u00f9ng\"}]},{\"@type\":\"WebSite\",\"@id\":\"https:\/\/dev.tolio.co.nz\/#website\",\"url\":\"https:\/\/dev.tolio.co.nz\/\",\"name\":\"TOLIO\",\"description\":\"Vietnamese Grocery Online\",\"potentialAction\":[{\"@type\":\"SearchAction\",\"target\":{\"@type\":\"EntryPoint\",\"urlTemplate\":\"https:\/\/dev.tolio.co.nz\/?s={search_term_string}\"},\"query-input\":{\"@type\":\"PropertyValueSpecification\",\"valueRequired\":true,\"valueName\":\"search_term_string\"}}],\"inLanguage\":\"en-US\"}]}<\/script>\n<!-- \/ Yoast SEO plugin. -->","yoast_head_json":{"title":"[Mua 5 t\u1eb7ng 1] L\u1ed1c 6 cu\u1ed9n b\u0103ng keo trong d\u00e1n th\u00f9ng - TOLIO","description":"Xu\u1ea5t x\u1ee9 th\u01b0\u01a1ng hi\u1ec7u: Vi\u1ec7t Nam  Quy c\u00e1ch \u0111\u00f3ng g\u00f3i: 100 yard  L\u01b0u \u00fd: Bao b\u00ec s\u1ea3n ph\u1ea9m c\u00f3 th\u1ec3 thay \u0111\u1ed5i theo t\u1eebng \u0111\u1ee3t nh\u1eadp h\u00e0ng","robots":{"index":"index","follow":"follow","max-snippet":"max-snippet:-1","max-image-preview":"max-image-preview:large","max-video-preview":"max-video-preview:-1"},"canonical":"https:\/\/dev.tolio.co.nz\/en\/product\/100-yard-dong-bong-set6\/","og_locale":"en_US","og_type":"article","og_title":"[Mua 5 t\u1eb7ng 1] L\u1ed1c 6 cu\u1ed9n b\u0103ng keo trong d\u00e1n th\u00f9ng - TOLIO","og_description":"Xu\u1ea5t x\u1ee9 th\u01b0\u01a1ng hi\u1ec7u: Vi\u1ec7t Nam  Quy c\u00e1ch \u0111\u00f3ng g\u00f3i: 100 yard  L\u01b0u \u00fd: Bao b\u00ec s\u1ea3n ph\u1ea9m c\u00f3 th\u1ec3 thay \u0111\u1ed5i theo t\u1eebng \u0111\u1ee3t nh\u1eadp h\u00e0ng","og_url":"https:\/\/dev.tolio.co.nz\/en\/product\/100-yard-dong-bong-set6\/","og_site_name":"TOLIO","article_modified_time":"2025-09-11T04:00:53+00:00","og_image":[{"width":1000,"height":907,"url":"https:\/\/dev.tolio.co.nz\/wp-content\/uploads\/2022\/06\/192.png","type":"image\/png"}],"twitter_card":"summary_large_image","twitter_misc":{"Est. reading time":"1 minute"},"schema":{"@context":"https:\/\/schema.org","@graph":[{"@type":"WebPage","@id":"https:\/\/dev.tolio.co.nz\/san-pham\/bang-keo-dong-thung-100-yard-set6\/","url":"https:\/\/dev.tolio.co.nz\/san-pham\/bang-keo-dong-thung-100-yard-set6\/","name":"[Mua 5 t\u1eb7ng 1] L\u1ed1c 6 cu\u1ed9n b\u0103ng keo trong d\u00e1n th\u00f9ng - TOLIO","isPartOf":{"@id":"https:\/\/dev.tolio.co.nz\/#website"},"primaryImageOfPage":{"@id":"https:\/\/dev.tolio.co.nz\/san-pham\/bang-keo-dong-thung-100-yard-set6\/#primaryimage"},"image":{"@id":"https:\/\/dev.tolio.co.nz\/san-pham\/bang-keo-dong-thung-100-yard-set6\/#primaryimage"},"thumbnailUrl":"https:\/\/dev.tolio.co.nz\/wp-content\/uploads\/2022\/06\/192.png","datePublished":"2022-06-08T01:43:00+00:00","dateModified":"2025-09-11T04:00:53+00:00","description":"Xu\u1ea5t x\u1ee9 th\u01b0\u01a1ng hi\u1ec7u: Vi\u1ec7t Nam Quy c\u00e1ch \u0111\u00f3ng g\u00f3i: 100 yard L\u01b0u \u00fd: Bao b\u00ec s\u1ea3n ph\u1ea9m c\u00f3 th\u1ec3 thay \u0111\u1ed5i theo t\u1eebng \u0111\u1ee3t nh\u1eadp h\u00e0ng","breadcrumb":{"@id":"https:\/\/dev.tolio.co.nz\/san-pham\/bang-keo-dong-thung-100-yard-set6\/#breadcrumb"},"inLanguage":"en-US","potentialAction":[{"@type":"ReadAction","target":["https:\/\/dev.tolio.co.nz\/san-pham\/bang-keo-dong-thung-100-yard-set6\/"]}]},{"@type":"ImageObject","inLanguage":"en-US","@id":"https:\/\/dev.tolio.co.nz\/san-pham\/bang-keo-dong-thung-100-yard-set6\/#primaryimage","url":"https:\/\/dev.tolio.co.nz\/wp-content\/uploads\/2022\/06\/192.png","contentUrl":"https:\/\/dev.tolio.co.nz\/wp-content\/uploads\/2022\/06\/192.png","width":1000,"height":907},{"@type":"BreadcrumbList","@id":"https:\/\/dev.tolio.co.nz\/san-pham\/bang-keo-dong-thung-100-yard-set6\/#breadcrumb","itemListElement":[{"@type":"ListItem","position":1,"name":"Home","item":"https:\/\/dev.tolio.co.nz\/"},{"@type":"ListItem","position":2,"name":"C\u1eeda h\u00e0ng","item":"https:\/\/dev.tolio.co.nz\/cua-hang\/"},{"@type":"ListItem","position":3,"name":"[Mua 5 t\u1eb7ng 1] L\u1ed1c 6 cu\u1ed9n b\u0103ng keo trong d\u00e1n th\u00f9ng"}]},{"@type":"WebSite","@id":"https:\/\/dev.tolio.co.nz\/#website","url":"https:\/\/dev.tolio.co.nz\/","name":"TOLIO","description":"Vietnamese Grocery Online","potentialAction":[{"@type":"SearchAction","target":{"@type":"EntryPoint","urlTemplate":"https:\/\/dev.tolio.co.nz\/?s={search_term_string}"},"query-input":{"@type":"PropertyValueSpecification","valueRequired":true,"valueName":"search_term_string"}}],"inLanguage":"en-US"}]}},"_links":{"self":[{"href":"https:\/\/dev.tolio.co.nz\/en\/wp-json\/wp\/v2\/product\/4907","targetHints":{"allow":["GET"]}}],"collection":[{"href":"https:\/\/dev.tolio.co.nz\/en\/wp-json\/wp\/v2\/product"}],"about":[{"href":"https:\/\/dev.tolio.co.nz\/en\/wp-json\/wp\/v2\/types\/product"}],"replies":[{"embeddable":true,"href":"https:\/\/dev.tolio.co.nz\/en\/wp-json\/wp\/v2\/comments?post=4907"}],"wp:featuredmedia":[{"embeddable":true,"href":"https:\/\/dev.tolio.co.nz\/en\/wp-json\/wp\/v2\/media\/20651"}],"wp:attachment":[{"href":"https:\/\/dev.tolio.co.nz\/en\/wp-json\/wp\/v2\/media?parent=4907"}],"wp:term":[{"taxonomy":"product_brand","embeddable":true,"href":"https:\/\/dev.tolio.co.nz\/en\/wp-json\/wp\/v2\/product_brand?post=4907"},{"taxonomy":"product_cat","embeddable":true,"href":"https:\/\/dev.tolio.co.nz\/en\/wp-json\/wp\/v2\/product_cat?post=4907"},{"taxonomy":"product_tag","embeddable":true,"href":"https:\/\/dev.tolio.co.nz\/en\/wp-json\/wp\/v2\/product_tag?post=4907"}],"curies":[{"name":"wp","href":"https:\/\/api.w.org\/{rel}","templated":true}]}}