{"id":5045,"date":"2022-06-24T04:25:00","date_gmt":"2022-06-23T15:40:00","guid":{"rendered":"https:\/\/tolio2.sitebycat.com\/?post_type=product&#038;p=5045"},"modified":"2025-09-11T16:00:09","modified_gmt":"2025-09-11T04:00:09","slug":"set6-bot-nang-tai-ky-400g","status":"publish","type":"product","link":"https:\/\/dev.tolio.co.nz\/en\/product\/set-of-6-bot-nang-tai-ky-400g\/","title":{"rendered":"[Mua 5 t\u1eb7ng 1] Set 6 g\u00f3i b\u1ed9t n\u0103ng T\u00e0i K\u00fd 400g"},"content":{"rendered":"<p><strong>B\u1ed9t n\u0103ng T\u00e0i K\u00fd 400g\u00a0<\/strong>\u0111\u01b0\u1ee3c tinh ch\u1ebf t\u1eeb c\u1ee7 khoai m\u00ec, t\u1ea1o \u0111\u1ed9 dai, s\u00e1nh s\u1ec7t, trong su\u1ed1t chuy\u00ean d\u00f9ng l\u00e0m b\u00e1nh da l\u1ee3n, b\u00e1nh b\u1ed9t l\u1ecdc,&#8230;<\/p>\n<ul>\n<li>B\u1ed9t n\u0103ng T\u00e0i K\u00fd c\u00f3 \u0111\u1ed9 kh\u00f4 m\u1ecbn h\u1ea3o h\u1ea1ng, kh\u00f4ng v\u00f3n c\u1ee5c. S\u1ea3n ph\u1ea9m kh\u00f4ng nh\u1eefng gi\u00fap m\u00f3n \u0103n c\u00f3 h\u01b0\u01a1ng v\u1ecb th\u01a1m ngon m\u00e0 c\u00f2n an to\u00e0n cho s\u1ee9c kh\u1ecfe ng\u01b0\u1eddi s\u1eed d\u1ee5ng do kh\u00f4ng ch\u1ee9a cholesterol, kh\u00f4ng ch\u1ee9a ch\u1ea5t b\u1ea3o qu\u1ea3n v\u00e0 c\u00e1c ch\u1ea5t \u0111\u1ed9c h\u1ea1i kh\u00e1c.<\/li>\n<li>\u00a0Mang l\u1ea1i cho c\u00e1c m\u00f3n x\u00e0o, m\u00f3n s\u00fap \u0111\u1ed9 s\u00e1nh trong su\u1ed1t, th\u01a1m ngon, cho c\u00e1c m\u00f3n b\u00e1nh \u0111\u1ed9 dai m\u1ec1m tuy\u1ec7t h\u1ea3o. Ngo\u00e0i ra, \u0111\u00e2y c\u0169ng l\u00e0 nguy\u00ean li\u1ec7u kh\u00f4ng th\u1ec3 thi\u1ebfu \u0111\u1ec3 l\u00e0m c\u00e1c m\u00f3n ch\u00e8 m\u00e1t l\u00e0nh chi\u00eau \u0111\u00e3i c\u1ea3 nh\u00e0 trong nh\u1eefng ng\u00e0y h\u00e8 n\u00f3ng n\u1ef1c.<\/li>\n<\/ul>\n<p><strong>H\u01b0\u1edbng d\u1eabn s\u1eed d\u1ee5ng:<\/strong><\/p>\n<ul>\n<li>D\u00f9ng \u0111\u1ec3 t\u1ea1o \u0111\u1ed9 s\u00e1nh cho c\u00e1c m\u00f3n x\u00e0o, soup. T\u1ea1o \u0111\u1ed9 dai cho c\u00e1c m\u00f3n b\u00e1nh.<\/li>\n<\/ul>\n<p><strong>B\u1ea3o qu\u1ea3n:<\/strong><\/p>\n<ul>\n<li>\u0110\u1ec3 n\u01a1i kh\u00f4 r\u00e1o, tho\u00e1ng m\u00e1t, tr\u00e1nh \u00e1nh n\u1eafng tr\u1ef1c ti\u1ebfp<\/li>\n<\/ul>\n<p>&nbsp;<\/p>","protected":false},"excerpt":{"rendered":"<ul>\n<li>Th\u01b0\u01a1ng hi\u1ec7u: T\u00e0i K\u00fd<\/li>\n<li>Xu\u1ea5t x\u1ee9 th\u01b0\u01a1ng hi\u1ec7u: Vi\u1ec7t Nam<\/li>\n<li>Quy c\u00e1ch \u0111\u00f3ng g\u00f3i: g\u00f3i 400g<\/li>\n<li>L\u01b0u \u00fd: Bao b\u00ec s\u1ea3n ph\u1ea9m c\u00f3 th\u1ec3 thay \u0111\u1ed5i theo t\u1eebng \u0111\u1ee3t nh\u1eadp h\u00e0ng<\/li>\n<\/ul>","protected":false},"featured_media":24574,"comment_status":"open","ping_status":"closed","template":"","meta":[],"product_brand":[],"product_cat":[36,127,514],"product_tag":[418,419],"class_list":{"0":"post-5045","1":"product","2":"type-product","3":"status-publish","4":"has-post-thumbnail","6":"product_cat-thuc-pham-kho","7":"product_cat-bot-kho-cac-loai","8":"product_cat-super-deal","9":"product_tag-bot-nang","10":"product_tag-bot-nang-tai-ky","11":"pa_thuong-hieu-tai-ky","13":"first","14":"instock","15":"sale","16":"shipping-taxable","17":"purchasable","18":"product-type-simple"},"yoast_head":"<!-- This site is optimized with the Yoast SEO plugin v24.4 - https:\/\/yoast.com\/wordpress\/plugins\/seo\/ -->\n<title>[Mua 5 t\u1eb7ng 1] Set 6 g\u00f3i b\u1ed9t n\u0103ng T\u00e0i K\u00fd 400g - TOLIO<\/title>\n<meta name=\"description\" content=\"Th\u01b0\u01a1ng hi\u1ec7u: T\u00e0i K\u00fd  Xu\u1ea5t x\u1ee9 th\u01b0\u01a1ng hi\u1ec7u: Vi\u1ec7t Nam  Quy c\u00e1ch \u0111\u00f3ng g\u00f3i: g\u00f3i 400g  L\u01b0u \u00fd: Bao b\u00ec s\u1ea3n ph\u1ea9m c\u00f3 th\u1ec3 thay \u0111\u1ed5i theo t\u1eebng \u0111\u1ee3t nh\u1eadp h\u00e0ng\" \/>\n<meta name=\"robots\" content=\"index, follow, max-snippet:-1, max-image-preview:large, max-video-preview:-1\" \/>\n<link rel=\"canonical\" href=\"https:\/\/dev.tolio.co.nz\/en\/product\/set-of-6-bot-nang-tai-ky-400g\/\" \/>\n<meta property=\"og:locale\" content=\"en_US\" \/>\n<meta property=\"og:type\" content=\"article\" \/>\n<meta property=\"og:title\" content=\"[Mua 5 t\u1eb7ng 1] Set 6 g\u00f3i b\u1ed9t n\u0103ng T\u00e0i K\u00fd 400g - TOLIO\" \/>\n<meta property=\"og:description\" content=\"Th\u01b0\u01a1ng hi\u1ec7u: T\u00e0i K\u00fd  Xu\u1ea5t x\u1ee9 th\u01b0\u01a1ng hi\u1ec7u: Vi\u1ec7t Nam  Quy c\u00e1ch \u0111\u00f3ng g\u00f3i: g\u00f3i 400g  L\u01b0u \u00fd: Bao b\u00ec s\u1ea3n ph\u1ea9m c\u00f3 th\u1ec3 thay \u0111\u1ed5i theo t\u1eebng \u0111\u1ee3t nh\u1eadp h\u00e0ng\" \/>\n<meta property=\"og:url\" content=\"https:\/\/dev.tolio.co.nz\/en\/product\/set-of-6-bot-nang-tai-ky-400g\/\" \/>\n<meta property=\"og:site_name\" content=\"TOLIO\" \/>\n<meta property=\"article:modified_time\" content=\"2025-09-11T04:00:09+00:00\" \/>\n<meta property=\"og:image\" content=\"https:\/\/dev.tolio.co.nz\/wp-content\/uploads\/2022\/08\/83.png\" \/>\n\t<meta property=\"og:image:width\" content=\"1000\" \/>\n\t<meta property=\"og:image:height\" content=\"907\" \/>\n\t<meta property=\"og:image:type\" content=\"image\/png\" \/>\n<meta name=\"twitter:card\" content=\"summary_large_image\" \/>\n<meta name=\"twitter:label1\" content=\"Est. reading time\" \/>\n\t<meta name=\"twitter:data1\" content=\"1 minute\" \/>\n<script type=\"application\/ld+json\" class=\"yoast-schema-graph\">{\"@context\":\"https:\/\/schema.org\",\"@graph\":[{\"@type\":\"WebPage\",\"@id\":\"https:\/\/dev.tolio.co.nz\/san-pham\/set6-bot-nang-tai-ky-400g\/\",\"url\":\"https:\/\/dev.tolio.co.nz\/san-pham\/set6-bot-nang-tai-ky-400g\/\",\"name\":\"[Mua 5 t\u1eb7ng 1] Set 6 g\u00f3i b\u1ed9t n\u0103ng T\u00e0i K\u00fd 400g - TOLIO\",\"isPartOf\":{\"@id\":\"https:\/\/dev.tolio.co.nz\/#website\"},\"primaryImageOfPage\":{\"@id\":\"https:\/\/dev.tolio.co.nz\/san-pham\/set6-bot-nang-tai-ky-400g\/#primaryimage\"},\"image\":{\"@id\":\"https:\/\/dev.tolio.co.nz\/san-pham\/set6-bot-nang-tai-ky-400g\/#primaryimage\"},\"thumbnailUrl\":\"https:\/\/dev.tolio.co.nz\/wp-content\/uploads\/2022\/08\/83.png\",\"datePublished\":\"2022-06-23T15:40:00+00:00\",\"dateModified\":\"2025-09-11T04:00:09+00:00\",\"description\":\"Th\u01b0\u01a1ng hi\u1ec7u: T\u00e0i K\u00fd Xu\u1ea5t x\u1ee9 th\u01b0\u01a1ng hi\u1ec7u: Vi\u1ec7t Nam Quy c\u00e1ch \u0111\u00f3ng g\u00f3i: g\u00f3i 400g L\u01b0u \u00fd: Bao b\u00ec s\u1ea3n ph\u1ea9m c\u00f3 th\u1ec3 thay \u0111\u1ed5i theo t\u1eebng \u0111\u1ee3t nh\u1eadp h\u00e0ng\",\"breadcrumb\":{\"@id\":\"https:\/\/dev.tolio.co.nz\/san-pham\/set6-bot-nang-tai-ky-400g\/#breadcrumb\"},\"inLanguage\":\"en-US\",\"potentialAction\":[{\"@type\":\"ReadAction\",\"target\":[\"https:\/\/dev.tolio.co.nz\/san-pham\/set6-bot-nang-tai-ky-400g\/\"]}]},{\"@type\":\"ImageObject\",\"inLanguage\":\"en-US\",\"@id\":\"https:\/\/dev.tolio.co.nz\/san-pham\/set6-bot-nang-tai-ky-400g\/#primaryimage\",\"url\":\"https:\/\/dev.tolio.co.nz\/wp-content\/uploads\/2022\/08\/83.png\",\"contentUrl\":\"https:\/\/dev.tolio.co.nz\/wp-content\/uploads\/2022\/08\/83.png\",\"width\":1000,\"height\":907},{\"@type\":\"BreadcrumbList\",\"@id\":\"https:\/\/dev.tolio.co.nz\/san-pham\/set6-bot-nang-tai-ky-400g\/#breadcrumb\",\"itemListElement\":[{\"@type\":\"ListItem\",\"position\":1,\"name\":\"Home\",\"item\":\"https:\/\/dev.tolio.co.nz\/\"},{\"@type\":\"ListItem\",\"position\":2,\"name\":\"C\u1eeda h\u00e0ng\",\"item\":\"https:\/\/dev.tolio.co.nz\/cua-hang\/\"},{\"@type\":\"ListItem\",\"position\":3,\"name\":\"[Mua 5 t\u1eb7ng 1] Set 6 g\u00f3i b\u1ed9t n\u0103ng T\u00e0i K\u00fd 400g\"}]},{\"@type\":\"WebSite\",\"@id\":\"https:\/\/dev.tolio.co.nz\/#website\",\"url\":\"https:\/\/dev.tolio.co.nz\/\",\"name\":\"TOLIO\",\"description\":\"Vietnamese Grocery Online\",\"potentialAction\":[{\"@type\":\"SearchAction\",\"target\":{\"@type\":\"EntryPoint\",\"urlTemplate\":\"https:\/\/dev.tolio.co.nz\/?s={search_term_string}\"},\"query-input\":{\"@type\":\"PropertyValueSpecification\",\"valueRequired\":true,\"valueName\":\"search_term_string\"}}],\"inLanguage\":\"en-US\"}]}<\/script>\n<!-- \/ Yoast SEO plugin. -->","yoast_head_json":{"title":"[Mua 5 t\u1eb7ng 1] Set 6 g\u00f3i b\u1ed9t n\u0103ng T\u00e0i K\u00fd 400g - TOLIO","description":"Th\u01b0\u01a1ng hi\u1ec7u: T\u00e0i K\u00fd  Xu\u1ea5t x\u1ee9 th\u01b0\u01a1ng hi\u1ec7u: Vi\u1ec7t Nam  Quy c\u00e1ch \u0111\u00f3ng g\u00f3i: g\u00f3i 400g  L\u01b0u \u00fd: Bao b\u00ec s\u1ea3n ph\u1ea9m c\u00f3 th\u1ec3 thay \u0111\u1ed5i theo t\u1eebng \u0111\u1ee3t nh\u1eadp h\u00e0ng","robots":{"index":"index","follow":"follow","max-snippet":"max-snippet:-1","max-image-preview":"max-image-preview:large","max-video-preview":"max-video-preview:-1"},"canonical":"https:\/\/dev.tolio.co.nz\/en\/product\/set-of-6-bot-nang-tai-ky-400g\/","og_locale":"en_US","og_type":"article","og_title":"[Mua 5 t\u1eb7ng 1] Set 6 g\u00f3i b\u1ed9t n\u0103ng T\u00e0i K\u00fd 400g - TOLIO","og_description":"Th\u01b0\u01a1ng hi\u1ec7u: T\u00e0i K\u00fd  Xu\u1ea5t x\u1ee9 th\u01b0\u01a1ng hi\u1ec7u: Vi\u1ec7t Nam  Quy c\u00e1ch \u0111\u00f3ng g\u00f3i: g\u00f3i 400g  L\u01b0u \u00fd: Bao b\u00ec s\u1ea3n ph\u1ea9m c\u00f3 th\u1ec3 thay \u0111\u1ed5i theo t\u1eebng \u0111\u1ee3t nh\u1eadp h\u00e0ng","og_url":"https:\/\/dev.tolio.co.nz\/en\/product\/set-of-6-bot-nang-tai-ky-400g\/","og_site_name":"TOLIO","article_modified_time":"2025-09-11T04:00:09+00:00","og_image":[{"width":1000,"height":907,"url":"https:\/\/dev.tolio.co.nz\/wp-content\/uploads\/2022\/08\/83.png","type":"image\/png"}],"twitter_card":"summary_large_image","twitter_misc":{"Est. reading time":"1 minute"},"schema":{"@context":"https:\/\/schema.org","@graph":[{"@type":"WebPage","@id":"https:\/\/dev.tolio.co.nz\/san-pham\/set6-bot-nang-tai-ky-400g\/","url":"https:\/\/dev.tolio.co.nz\/san-pham\/set6-bot-nang-tai-ky-400g\/","name":"[Mua 5 t\u1eb7ng 1] Set 6 g\u00f3i b\u1ed9t n\u0103ng T\u00e0i K\u00fd 400g - TOLIO","isPartOf":{"@id":"https:\/\/dev.tolio.co.nz\/#website"},"primaryImageOfPage":{"@id":"https:\/\/dev.tolio.co.nz\/san-pham\/set6-bot-nang-tai-ky-400g\/#primaryimage"},"image":{"@id":"https:\/\/dev.tolio.co.nz\/san-pham\/set6-bot-nang-tai-ky-400g\/#primaryimage"},"thumbnailUrl":"https:\/\/dev.tolio.co.nz\/wp-content\/uploads\/2022\/08\/83.png","datePublished":"2022-06-23T15:40:00+00:00","dateModified":"2025-09-11T04:00:09+00:00","description":"Th\u01b0\u01a1ng hi\u1ec7u: T\u00e0i K\u00fd Xu\u1ea5t x\u1ee9 th\u01b0\u01a1ng hi\u1ec7u: Vi\u1ec7t Nam Quy c\u00e1ch \u0111\u00f3ng g\u00f3i: g\u00f3i 400g L\u01b0u \u00fd: Bao b\u00ec s\u1ea3n ph\u1ea9m c\u00f3 th\u1ec3 thay \u0111\u1ed5i theo t\u1eebng \u0111\u1ee3t nh\u1eadp h\u00e0ng","breadcrumb":{"@id":"https:\/\/dev.tolio.co.nz\/san-pham\/set6-bot-nang-tai-ky-400g\/#breadcrumb"},"inLanguage":"en-US","potentialAction":[{"@type":"ReadAction","target":["https:\/\/dev.tolio.co.nz\/san-pham\/set6-bot-nang-tai-ky-400g\/"]}]},{"@type":"ImageObject","inLanguage":"en-US","@id":"https:\/\/dev.tolio.co.nz\/san-pham\/set6-bot-nang-tai-ky-400g\/#primaryimage","url":"https:\/\/dev.tolio.co.nz\/wp-content\/uploads\/2022\/08\/83.png","contentUrl":"https:\/\/dev.tolio.co.nz\/wp-content\/uploads\/2022\/08\/83.png","width":1000,"height":907},{"@type":"BreadcrumbList","@id":"https:\/\/dev.tolio.co.nz\/san-pham\/set6-bot-nang-tai-ky-400g\/#breadcrumb","itemListElement":[{"@type":"ListItem","position":1,"name":"Home","item":"https:\/\/dev.tolio.co.nz\/"},{"@type":"ListItem","position":2,"name":"C\u1eeda h\u00e0ng","item":"https:\/\/dev.tolio.co.nz\/cua-hang\/"},{"@type":"ListItem","position":3,"name":"[Mua 5 t\u1eb7ng 1] Set 6 g\u00f3i b\u1ed9t n\u0103ng T\u00e0i K\u00fd 400g"}]},{"@type":"WebSite","@id":"https:\/\/dev.tolio.co.nz\/#website","url":"https:\/\/dev.tolio.co.nz\/","name":"TOLIO","description":"Vietnamese Grocery Online","potentialAction":[{"@type":"SearchAction","target":{"@type":"EntryPoint","urlTemplate":"https:\/\/dev.tolio.co.nz\/?s={search_term_string}"},"query-input":{"@type":"PropertyValueSpecification","valueRequired":true,"valueName":"search_term_string"}}],"inLanguage":"en-US"}]}},"_links":{"self":[{"href":"https:\/\/dev.tolio.co.nz\/en\/wp-json\/wp\/v2\/product\/5045","targetHints":{"allow":["GET"]}}],"collection":[{"href":"https:\/\/dev.tolio.co.nz\/en\/wp-json\/wp\/v2\/product"}],"about":[{"href":"https:\/\/dev.tolio.co.nz\/en\/wp-json\/wp\/v2\/types\/product"}],"replies":[{"embeddable":true,"href":"https:\/\/dev.tolio.co.nz\/en\/wp-json\/wp\/v2\/comments?post=5045"}],"wp:featuredmedia":[{"embeddable":true,"href":"https:\/\/dev.tolio.co.nz\/en\/wp-json\/wp\/v2\/media\/24574"}],"wp:attachment":[{"href":"https:\/\/dev.tolio.co.nz\/en\/wp-json\/wp\/v2\/media?parent=5045"}],"wp:term":[{"taxonomy":"product_brand","embeddable":true,"href":"https:\/\/dev.tolio.co.nz\/en\/wp-json\/wp\/v2\/product_brand?post=5045"},{"taxonomy":"product_cat","embeddable":true,"href":"https:\/\/dev.tolio.co.nz\/en\/wp-json\/wp\/v2\/product_cat?post=5045"},{"taxonomy":"product_tag","embeddable":true,"href":"https:\/\/dev.tolio.co.nz\/en\/wp-json\/wp\/v2\/product_tag?post=5045"}],"curies":[{"name":"wp","href":"https:\/\/api.w.org\/{rel}","templated":true}]}}