{"id":5100,"date":"2022-06-24T16:12:00","date_gmt":"2022-06-24T03:27:00","guid":{"rendered":"https:\/\/tolio2.sitebycat.com\/?post_type=product&#038;p=5100"},"modified":"2025-09-11T16:01:08","modified_gmt":"2025-09-11T04:01:08","slug":"set5-xot-lau-rieu-cua-barona-goi-200g","status":"publish","type":"product","link":"https:\/\/dev.tolio.co.nz\/en\/product\/set-of-5-baronas-refried-sauce-200g\/","title":{"rendered":"[Mua 4 t\u1eb7ng 1] Set 5 g\u00f3i x\u1ed1t l\u1ea9u ri\u00eau cua Barona 200g"},"content":{"rendered":"<p><strong>X\u1ed1t l\u1ea9u ri\u00eau cua Barona g\u00f3i 200g\u00a0<\/strong>\u00a0\u0111\u01b0\u1ee3c d\u00f9ng \u0111\u1ec3 ch\u1ebf bi\u1ebfn m\u00f3n L\u1ea9u Ri\u00eau Cua m\u00e0 kh\u00f4ng c\u1ea7n n\u00eam n\u1ebfm th\u00eam c\u00e1c gia v\u1ecb kh\u00e1c. R\u1ea5t ngon v\u00e0 ti\u1ec7n l\u1ee3i \u0111\u1ec3 th\u1ef1c hi\u1ec7n b\u1eefa s\u00e1ng nh\u00e0 l\u00e0m hay thi\u1ebft \u0111\u00e3i ti\u1ec7c nh\u00e0.<\/p>\n<ul>\n<li>L\u1ea9u ri\u00eau cua l\u00e0 m\u00f3n l\u1ea9u thanh m\u00e1t, c\u1ef1c k\u00ec ngon mi\u1ec7ng, kh\u00f4ng g\u00e2y ng\u00e1n, ph\u00f9 h\u1ee3p v\u1edbi m\u1ecdi kh\u00ed h\u1eadu th\u1eddi ti\u1ebft \u0111\u1eb7c bi\u1ec7t l\u00e0 kho\u1ea3ng th\u1eddi gian h\u00e8 b\u1edfi cua \u0111\u1ed3ng c\u00f3 t\u00ednh h\u00e0n gi\u00fap gi\u1ea3i nhi\u1ec7t c\u1ef1c t\u1ed1t. L\u1ea9u ri\u00eau cua k\u1ebft h\u1ee3p nhi\u1ec1u nguy\u00ean li\u1ec7u kh\u00e1c nhau t\u1ea1o n\u00ean h\u01b0\u01a1ng v\u1ecb r\u1ea5t ri\u00eang v\u00e0 \u0111\u1eb7c tr\u01b0ng. S\u1ef1 k\u1ebft h\u1ee3p ho\u00e0n h\u1ea3o ph\u1ea3i k\u1ec3 \u0111\u1ebfn n\u1ed3i l\u1ea9u ng\u1ecdt n\u01b0\u1edbc, \u0111\u1ea7y \u0111\u1ee7 s\u01b0\u1eddn s\u1ee5n gi\u00f2n s\u1eadt, th\u1ecbt b\u00f2 m\u1ec1m ng\u1ecdt, \u0111\u1eadu h\u0169 chi\u00ean v\u00e0ng v\u00e0 ng\u1eadp tr\u00e0n rau xanh v\u00e0 ri\u00eau cua h\u1ea5p d\u1eabn\u2026 t\u1ea5t c\u1ea3 nh\u01b0 h\u00f2a quy\u1ec7n trong n\u01b0\u1edbc d\u00f9ng \u0111\u1eadm \u0111\u00e0, ng\u1ecdt ngon c\u1ef1c k\u00ec th\u00edch h\u1ee3p cho c\u1ea3 gia \u0111\u00ecnh m\u00ecnh trong d\u1ecbp cu\u1ed1i tu\u1ea7n.<\/li>\n<li>\u0110\u1ec3 n\u1ea5u \u0111\u01b0\u1ee3c l\u1ea9u ri\u00eau cua ngon, b\u00e1nh cua m\u1ec1m m\u1ecbn, n\u01b0\u1edbc d\u00f9ng l\u1ea9u trong v\u00e0 s\u00e1nh th\u00ec \u0111\u00f2i h\u1ecfi c\u00f4ng \u0111o\u1ea1n chu\u1ea9n b\u1ecb kh\u00e1 ph\u1ee9c t\u1ea1p v\u00e0 k\u00ec c\u00f4ng. Thay v\u00ec tr\u01b0\u1edbc \u0111\u00e2y b\u1ea1n ph\u1ea3i gi\u00e3 cua, l\u1ecdc g\u1ea1ch v\u00e0 ch\u1eaft n\u01b0\u1edbc c\u1ed1t th\u00ec nay \u0111\u00e3 c\u00f3 N\u01b0\u1edbc D\u00f9ng L\u1ea9u Ho\u00e0n Ch\u1ec9nh Barona \u2013 L\u1ea9u Ri\u00eau Cua t\u01b0\u01a1i ngon t\u1ef1 nhi\u00ean v\u1edbi 80% ri\u00eau cua th\u1eadt v\u00e0 n\u01b0\u1edbc h\u1ea7m x\u01b0\u01a1ng \u0111\u01b0\u1ee3c ph\u1ed1i tr\u1ed9n c\u00f9ng c\u00e1c gia v\u1ecb \u0111\u1eb7c tr\u01b0ng t\u1ea1o n\u00ean h\u01b0\u01a1ng v\u1ecb m\u00f3n L\u1ea9u ri\u00eau cua chu\u1ea9n v\u1ecb nh\u00e0 h\u00e0ng m\u00e0 kh\u00f4ng c\u1ea7n n\u00eam n\u1ebfm th\u00eam b\u1ea5t k\u00ec gia v\u1ecb n\u00e0o kh\u00e1c.<\/li>\n<\/ul>\n<p><strong>H\u01b0\u1edbng d\u1eabn s\u1eed d\u1ee5ng:<\/strong><\/p>\n<ul>\n<li>\u00a0N\u00eam v\u00e0o n\u01b0\u1edbc d\u00f9ng l\u1ea9u ri\u00eau cua<\/li>\n<\/ul>\n<p><strong>B\u1ea3o qu\u1ea3n:<\/strong><\/p>\n<ul>\n<li>N\u01a1i kh\u00f4 r\u00e1o, tho\u00e1ng m\u00e1t, tr\u00e1nh \u00e1nh n\u1eafng m\u1eb7t tr\u1eddi<\/li>\n<\/ul>\n<p>&nbsp;<\/p>\n<p>&nbsp;<\/p>\n<p>&nbsp;<\/p>\n<p>&nbsp;<\/p>","protected":false},"excerpt":{"rendered":"<ul>\n<li>Th\u01b0\u01a1ng hi\u1ec7u: Barona<\/li>\n<li>Xu\u1ea5t x\u1ee9 th\u01b0\u01a1ng hi\u1ec7u: Vi\u1ec7t Nam<\/li>\n<li>Quy c\u00e1ch \u0111\u00f3ng g\u00f3i: g\u00f3i 200g, 10 g\u00f3i\/h\u1ed9p, 4 h\u1ed9p\/th\u00f9ng<\/li>\n<li>L\u01b0u \u00fd: Bao b\u00ec s\u1ea3n ph\u1ea9m c\u00f3 th\u1ec3 thay \u0111\u1ed5i theo t\u1eebng \u0111\u1ee3t nh\u1eadp h\u00e0ng<\/li>\n<\/ul>","protected":false},"featured_media":21058,"comment_status":"open","ping_status":"closed","template":"","meta":[],"product_brand":[],"product_cat":[33,481,31],"product_tag":[252,250,251],"class_list":{"0":"post-5100","1":"product","2":"type-product","3":"status-publish","4":"has-post-thumbnail","6":"product_cat-gia-vi","7":"product_cat-gia-vi-hoan-chinh","8":"product_cat-hang-moi-ve","9":"product_tag-xot-barona","10":"product_tag-xot-lau","11":"product_tag-xot-lau-rieu-cua","12":"pa_thuong-hieu-barona","14":"first","15":"instock","16":"sale","17":"shipping-taxable","18":"purchasable","19":"product-type-simple"},"yoast_head":"<!-- This site is optimized with the Yoast SEO plugin v24.4 - https:\/\/yoast.com\/wordpress\/plugins\/seo\/ -->\n<title>[Mua 4 t\u1eb7ng 1] Set 5 g\u00f3i x\u1ed1t l\u1ea9u ri\u00eau cua Barona 200g - TOLIO<\/title>\n<meta name=\"description\" content=\"Th\u01b0\u01a1ng hi\u1ec7u: Barona  Xu\u1ea5t x\u1ee9 th\u01b0\u01a1ng hi\u1ec7u: Vi\u1ec7t Nam  Quy c\u00e1ch \u0111\u00f3ng g\u00f3i: g\u00f3i 200g, 10 g\u00f3i\/h\u1ed9p, 4 h\u1ed9p\/th\u00f9ng  L\u01b0u \u00fd: Bao b\u00ec s\u1ea3n ph\u1ea9m c\u00f3 th\u1ec3 thay \u0111\u1ed5i theo t\u1eebng \u0111\u1ee3t nh\u1eadp h\u00e0ng\" \/>\n<meta name=\"robots\" content=\"index, follow, max-snippet:-1, max-image-preview:large, max-video-preview:-1\" \/>\n<link rel=\"canonical\" href=\"https:\/\/dev.tolio.co.nz\/en\/product\/set-of-5-baronas-refried-sauce-200g\/\" \/>\n<meta property=\"og:locale\" content=\"en_US\" \/>\n<meta property=\"og:type\" content=\"article\" \/>\n<meta property=\"og:title\" content=\"[Mua 4 t\u1eb7ng 1] Set 5 g\u00f3i x\u1ed1t l\u1ea9u ri\u00eau cua Barona 200g - TOLIO\" \/>\n<meta property=\"og:description\" content=\"Th\u01b0\u01a1ng hi\u1ec7u: Barona  Xu\u1ea5t x\u1ee9 th\u01b0\u01a1ng hi\u1ec7u: Vi\u1ec7t Nam  Quy c\u00e1ch \u0111\u00f3ng g\u00f3i: g\u00f3i 200g, 10 g\u00f3i\/h\u1ed9p, 4 h\u1ed9p\/th\u00f9ng  L\u01b0u \u00fd: Bao b\u00ec s\u1ea3n ph\u1ea9m c\u00f3 th\u1ec3 thay \u0111\u1ed5i theo t\u1eebng \u0111\u1ee3t nh\u1eadp h\u00e0ng\" \/>\n<meta property=\"og:url\" content=\"https:\/\/dev.tolio.co.nz\/en\/product\/set-of-5-baronas-refried-sauce-200g\/\" \/>\n<meta property=\"og:site_name\" content=\"TOLIO\" \/>\n<meta property=\"article:modified_time\" content=\"2025-09-11T04:01:08+00:00\" \/>\n<meta property=\"og:image\" content=\"https:\/\/dev.tolio.co.nz\/wp-content\/uploads\/2022\/06\/113.png\" \/>\n\t<meta property=\"og:image:width\" content=\"1000\" \/>\n\t<meta property=\"og:image:height\" content=\"907\" \/>\n\t<meta property=\"og:image:type\" content=\"image\/png\" \/>\n<meta name=\"twitter:card\" content=\"summary_large_image\" \/>\n<meta name=\"twitter:label1\" content=\"Est. reading time\" \/>\n\t<meta name=\"twitter:data1\" content=\"2 minutes\" \/>\n<script type=\"application\/ld+json\" class=\"yoast-schema-graph\">{\"@context\":\"https:\/\/schema.org\",\"@graph\":[{\"@type\":\"WebPage\",\"@id\":\"https:\/\/dev.tolio.co.nz\/san-pham\/set5-xot-lau-rieu-cua-barona-goi-200g\/\",\"url\":\"https:\/\/dev.tolio.co.nz\/san-pham\/set5-xot-lau-rieu-cua-barona-goi-200g\/\",\"name\":\"[Mua 4 t\u1eb7ng 1] Set 5 g\u00f3i x\u1ed1t l\u1ea9u ri\u00eau cua Barona 200g - TOLIO\",\"isPartOf\":{\"@id\":\"https:\/\/dev.tolio.co.nz\/#website\"},\"primaryImageOfPage\":{\"@id\":\"https:\/\/dev.tolio.co.nz\/san-pham\/set5-xot-lau-rieu-cua-barona-goi-200g\/#primaryimage\"},\"image\":{\"@id\":\"https:\/\/dev.tolio.co.nz\/san-pham\/set5-xot-lau-rieu-cua-barona-goi-200g\/#primaryimage\"},\"thumbnailUrl\":\"https:\/\/dev.tolio.co.nz\/wp-content\/uploads\/2022\/06\/113.png\",\"datePublished\":\"2022-06-24T03:27:00+00:00\",\"dateModified\":\"2025-09-11T04:01:08+00:00\",\"description\":\"Th\u01b0\u01a1ng hi\u1ec7u: Barona Xu\u1ea5t x\u1ee9 th\u01b0\u01a1ng hi\u1ec7u: Vi\u1ec7t Nam Quy c\u00e1ch \u0111\u00f3ng g\u00f3i: g\u00f3i 200g, 10 g\u00f3i\/h\u1ed9p, 4 h\u1ed9p\/th\u00f9ng L\u01b0u \u00fd: Bao b\u00ec s\u1ea3n ph\u1ea9m c\u00f3 th\u1ec3 thay \u0111\u1ed5i theo t\u1eebng \u0111\u1ee3t nh\u1eadp h\u00e0ng\",\"breadcrumb\":{\"@id\":\"https:\/\/dev.tolio.co.nz\/san-pham\/set5-xot-lau-rieu-cua-barona-goi-200g\/#breadcrumb\"},\"inLanguage\":\"en-US\",\"potentialAction\":[{\"@type\":\"ReadAction\",\"target\":[\"https:\/\/dev.tolio.co.nz\/san-pham\/set5-xot-lau-rieu-cua-barona-goi-200g\/\"]}]},{\"@type\":\"ImageObject\",\"inLanguage\":\"en-US\",\"@id\":\"https:\/\/dev.tolio.co.nz\/san-pham\/set5-xot-lau-rieu-cua-barona-goi-200g\/#primaryimage\",\"url\":\"https:\/\/dev.tolio.co.nz\/wp-content\/uploads\/2022\/06\/113.png\",\"contentUrl\":\"https:\/\/dev.tolio.co.nz\/wp-content\/uploads\/2022\/06\/113.png\",\"width\":1000,\"height\":907},{\"@type\":\"BreadcrumbList\",\"@id\":\"https:\/\/dev.tolio.co.nz\/san-pham\/set5-xot-lau-rieu-cua-barona-goi-200g\/#breadcrumb\",\"itemListElement\":[{\"@type\":\"ListItem\",\"position\":1,\"name\":\"Home\",\"item\":\"https:\/\/dev.tolio.co.nz\/\"},{\"@type\":\"ListItem\",\"position\":2,\"name\":\"C\u1eeda h\u00e0ng\",\"item\":\"https:\/\/dev.tolio.co.nz\/cua-hang\/\"},{\"@type\":\"ListItem\",\"position\":3,\"name\":\"[Mua 4 t\u1eb7ng 1] Set 5 g\u00f3i x\u1ed1t l\u1ea9u ri\u00eau cua Barona 200g\"}]},{\"@type\":\"WebSite\",\"@id\":\"https:\/\/dev.tolio.co.nz\/#website\",\"url\":\"https:\/\/dev.tolio.co.nz\/\",\"name\":\"TOLIO\",\"description\":\"Vietnamese Grocery Online\",\"potentialAction\":[{\"@type\":\"SearchAction\",\"target\":{\"@type\":\"EntryPoint\",\"urlTemplate\":\"https:\/\/dev.tolio.co.nz\/?s={search_term_string}\"},\"query-input\":{\"@type\":\"PropertyValueSpecification\",\"valueRequired\":true,\"valueName\":\"search_term_string\"}}],\"inLanguage\":\"en-US\"}]}<\/script>\n<!-- \/ Yoast SEO plugin. -->","yoast_head_json":{"title":"[Mua 4 t\u1eb7ng 1] Set 5 g\u00f3i x\u1ed1t l\u1ea9u ri\u00eau cua Barona 200g - TOLIO","description":"Th\u01b0\u01a1ng hi\u1ec7u: Barona  Xu\u1ea5t x\u1ee9 th\u01b0\u01a1ng hi\u1ec7u: Vi\u1ec7t Nam  Quy c\u00e1ch \u0111\u00f3ng g\u00f3i: g\u00f3i 200g, 10 g\u00f3i\/h\u1ed9p, 4 h\u1ed9p\/th\u00f9ng  L\u01b0u \u00fd: Bao b\u00ec s\u1ea3n ph\u1ea9m c\u00f3 th\u1ec3 thay \u0111\u1ed5i theo t\u1eebng \u0111\u1ee3t nh\u1eadp h\u00e0ng","robots":{"index":"index","follow":"follow","max-snippet":"max-snippet:-1","max-image-preview":"max-image-preview:large","max-video-preview":"max-video-preview:-1"},"canonical":"https:\/\/dev.tolio.co.nz\/en\/product\/set-of-5-baronas-refried-sauce-200g\/","og_locale":"en_US","og_type":"article","og_title":"[Mua 4 t\u1eb7ng 1] Set 5 g\u00f3i x\u1ed1t l\u1ea9u ri\u00eau cua Barona 200g - TOLIO","og_description":"Th\u01b0\u01a1ng hi\u1ec7u: Barona  Xu\u1ea5t x\u1ee9 th\u01b0\u01a1ng hi\u1ec7u: Vi\u1ec7t Nam  Quy c\u00e1ch \u0111\u00f3ng g\u00f3i: g\u00f3i 200g, 10 g\u00f3i\/h\u1ed9p, 4 h\u1ed9p\/th\u00f9ng  L\u01b0u \u00fd: Bao b\u00ec s\u1ea3n ph\u1ea9m c\u00f3 th\u1ec3 thay \u0111\u1ed5i theo t\u1eebng \u0111\u1ee3t nh\u1eadp h\u00e0ng","og_url":"https:\/\/dev.tolio.co.nz\/en\/product\/set-of-5-baronas-refried-sauce-200g\/","og_site_name":"TOLIO","article_modified_time":"2025-09-11T04:01:08+00:00","og_image":[{"width":1000,"height":907,"url":"https:\/\/dev.tolio.co.nz\/wp-content\/uploads\/2022\/06\/113.png","type":"image\/png"}],"twitter_card":"summary_large_image","twitter_misc":{"Est. reading time":"2 minutes"},"schema":{"@context":"https:\/\/schema.org","@graph":[{"@type":"WebPage","@id":"https:\/\/dev.tolio.co.nz\/san-pham\/set5-xot-lau-rieu-cua-barona-goi-200g\/","url":"https:\/\/dev.tolio.co.nz\/san-pham\/set5-xot-lau-rieu-cua-barona-goi-200g\/","name":"[Mua 4 t\u1eb7ng 1] Set 5 g\u00f3i x\u1ed1t l\u1ea9u ri\u00eau cua Barona 200g - TOLIO","isPartOf":{"@id":"https:\/\/dev.tolio.co.nz\/#website"},"primaryImageOfPage":{"@id":"https:\/\/dev.tolio.co.nz\/san-pham\/set5-xot-lau-rieu-cua-barona-goi-200g\/#primaryimage"},"image":{"@id":"https:\/\/dev.tolio.co.nz\/san-pham\/set5-xot-lau-rieu-cua-barona-goi-200g\/#primaryimage"},"thumbnailUrl":"https:\/\/dev.tolio.co.nz\/wp-content\/uploads\/2022\/06\/113.png","datePublished":"2022-06-24T03:27:00+00:00","dateModified":"2025-09-11T04:01:08+00:00","description":"Th\u01b0\u01a1ng hi\u1ec7u: Barona Xu\u1ea5t x\u1ee9 th\u01b0\u01a1ng hi\u1ec7u: Vi\u1ec7t Nam Quy c\u00e1ch \u0111\u00f3ng g\u00f3i: g\u00f3i 200g, 10 g\u00f3i\/h\u1ed9p, 4 h\u1ed9p\/th\u00f9ng L\u01b0u \u00fd: Bao b\u00ec s\u1ea3n ph\u1ea9m c\u00f3 th\u1ec3 thay \u0111\u1ed5i theo t\u1eebng \u0111\u1ee3t nh\u1eadp h\u00e0ng","breadcrumb":{"@id":"https:\/\/dev.tolio.co.nz\/san-pham\/set5-xot-lau-rieu-cua-barona-goi-200g\/#breadcrumb"},"inLanguage":"en-US","potentialAction":[{"@type":"ReadAction","target":["https:\/\/dev.tolio.co.nz\/san-pham\/set5-xot-lau-rieu-cua-barona-goi-200g\/"]}]},{"@type":"ImageObject","inLanguage":"en-US","@id":"https:\/\/dev.tolio.co.nz\/san-pham\/set5-xot-lau-rieu-cua-barona-goi-200g\/#primaryimage","url":"https:\/\/dev.tolio.co.nz\/wp-content\/uploads\/2022\/06\/113.png","contentUrl":"https:\/\/dev.tolio.co.nz\/wp-content\/uploads\/2022\/06\/113.png","width":1000,"height":907},{"@type":"BreadcrumbList","@id":"https:\/\/dev.tolio.co.nz\/san-pham\/set5-xot-lau-rieu-cua-barona-goi-200g\/#breadcrumb","itemListElement":[{"@type":"ListItem","position":1,"name":"Home","item":"https:\/\/dev.tolio.co.nz\/"},{"@type":"ListItem","position":2,"name":"C\u1eeda h\u00e0ng","item":"https:\/\/dev.tolio.co.nz\/cua-hang\/"},{"@type":"ListItem","position":3,"name":"[Mua 4 t\u1eb7ng 1] Set 5 g\u00f3i x\u1ed1t l\u1ea9u ri\u00eau cua Barona 200g"}]},{"@type":"WebSite","@id":"https:\/\/dev.tolio.co.nz\/#website","url":"https:\/\/dev.tolio.co.nz\/","name":"TOLIO","description":"Vietnamese Grocery Online","potentialAction":[{"@type":"SearchAction","target":{"@type":"EntryPoint","urlTemplate":"https:\/\/dev.tolio.co.nz\/?s={search_term_string}"},"query-input":{"@type":"PropertyValueSpecification","valueRequired":true,"valueName":"search_term_string"}}],"inLanguage":"en-US"}]}},"_links":{"self":[{"href":"https:\/\/dev.tolio.co.nz\/en\/wp-json\/wp\/v2\/product\/5100","targetHints":{"allow":["GET"]}}],"collection":[{"href":"https:\/\/dev.tolio.co.nz\/en\/wp-json\/wp\/v2\/product"}],"about":[{"href":"https:\/\/dev.tolio.co.nz\/en\/wp-json\/wp\/v2\/types\/product"}],"replies":[{"embeddable":true,"href":"https:\/\/dev.tolio.co.nz\/en\/wp-json\/wp\/v2\/comments?post=5100"}],"wp:featuredmedia":[{"embeddable":true,"href":"https:\/\/dev.tolio.co.nz\/en\/wp-json\/wp\/v2\/media\/21058"}],"wp:attachment":[{"href":"https:\/\/dev.tolio.co.nz\/en\/wp-json\/wp\/v2\/media?parent=5100"}],"wp:term":[{"taxonomy":"product_brand","embeddable":true,"href":"https:\/\/dev.tolio.co.nz\/en\/wp-json\/wp\/v2\/product_brand?post=5100"},{"taxonomy":"product_cat","embeddable":true,"href":"https:\/\/dev.tolio.co.nz\/en\/wp-json\/wp\/v2\/product_cat?post=5100"},{"taxonomy":"product_tag","embeddable":true,"href":"https:\/\/dev.tolio.co.nz\/en\/wp-json\/wp\/v2\/product_tag?post=5100"}],"curies":[{"name":"wp","href":"https:\/\/api.w.org\/{rel}","templated":true}]}}