{"id":534,"date":"2021-12-17T03:25:00","date_gmt":"2021-12-16T14:40:00","guid":{"rendered":"https:\/\/tolio2.sitebycat.com\/?post_type=product&#038;p=534"},"modified":"2025-09-11T16:00:53","modified_gmt":"2025-09-11T04:00:53","slug":"gao-st25-golden-star-20kg","status":"publish","type":"product","link":"https:\/\/dev.tolio.co.nz\/en\/product\/gao-st25-golden-star-20kg\/","title":{"rendered":"G\u1ea1o th\u01a1m th\u01b0\u1ee3ng h\u1ea1ng ST25 GOLDEN STAR 20KG"},"content":{"rendered":"<p>Lo\u1ea1i g\u1ea1o \u0111\u01b0\u1ee3c \u0111\u00e1nh gi\u00e1 ngon nh\u1ea5t Th\u1ebf gi\u1edbi n\u0103m 2019. G\u1ea1o th\u01a1m cao c\u1ea5p ST25 Golden Star bao 20kg cho c\u01a1m m\u1ec1m, d\u1ebbo, gi\u1eef nguy\u00ean h\u1ea1t m\u00f9i th\u01a1m t\u1ef1 nhi\u00ean, \u0111\u1ec3 ngu\u1ed9i v\u1eabn r\u1ea5t ngon kh\u00f4ng b\u1ecb c\u1ee9ng. G\u1ea1o ST25 Golden Star lu\u00f4n c\u1ed1 g\u1eafng \u0111\u01b0a ra th\u1ecb tr\u01b0\u1eddng c\u00e1c s\u1ea3n ph\u1ea9m g\u1ea1o s\u1ea1ch, \u0111a d\u1ea1ng v\u00e0 ch\u1ea5t l\u01b0\u1ee3ng cho b\u1eefa \u0103n gia \u0111\u00ecnh Vi\u1ec7t.<\/p>\n<div><\/div>","protected":false},"excerpt":{"rendered":"<p>HSD 2 n\u0103m k\u1ec3 t\u1eeb ng\u00e0y s\u1ea3n xu\u1ea5t.<\/p>\n<p>&nbsp;<\/p>","protected":false},"featured_media":20166,"comment_status":"open","ping_status":"closed","template":"","meta":[],"product_brand":[],"product_cat":[48,30],"product_tag":[],"class_list":{"0":"post-534","1":"product","2":"type-product","3":"status-publish","4":"has-post-thumbnail","6":"product_cat-gao-nep","7":"product_cat-ban-chay-nhat","8":"pa_thuong-hieu-golden-star","10":"first","11":"instock","12":"sale","13":"shipping-taxable","14":"purchasable","15":"product-type-simple"},"yoast_head":"<!-- This site is optimized with the Yoast SEO plugin v24.4 - https:\/\/yoast.com\/wordpress\/plugins\/seo\/ -->\n<title>G\u1ea1o th\u01a1m th\u01b0\u1ee3ng h\u1ea1ng ST25 GOLDEN STAR 20KG - TOLIO<\/title>\n<meta name=\"description\" content=\"HSD 2 n\u0103m k\u1ec3 t\u1eeb ng\u00e0y s\u1ea3n xu\u1ea5t.  &nbsp;\" \/>\n<meta name=\"robots\" content=\"index, follow, max-snippet:-1, max-image-preview:large, max-video-preview:-1\" \/>\n<link rel=\"canonical\" href=\"https:\/\/dev.tolio.co.nz\/en\/product\/gao-st25-golden-star-20kg\/\" \/>\n<meta property=\"og:locale\" content=\"en_US\" \/>\n<meta property=\"og:type\" content=\"article\" \/>\n<meta property=\"og:title\" content=\"G\u1ea1o th\u01a1m th\u01b0\u1ee3ng h\u1ea1ng ST25 GOLDEN STAR 20KG - TOLIO\" \/>\n<meta property=\"og:description\" content=\"HSD 2 n\u0103m k\u1ec3 t\u1eeb ng\u00e0y s\u1ea3n xu\u1ea5t.  &nbsp;\" \/>\n<meta property=\"og:url\" content=\"https:\/\/dev.tolio.co.nz\/en\/product\/gao-st25-golden-star-20kg\/\" \/>\n<meta property=\"og:site_name\" content=\"TOLIO\" \/>\n<meta property=\"article:modified_time\" content=\"2025-09-11T04:00:53+00:00\" \/>\n<meta property=\"og:image\" content=\"https:\/\/dev.tolio.co.nz\/wp-content\/uploads\/2021\/12\/12.png\" \/>\n\t<meta property=\"og:image:width\" content=\"1000\" \/>\n\t<meta property=\"og:image:height\" content=\"907\" \/>\n\t<meta property=\"og:image:type\" content=\"image\/png\" \/>\n<meta name=\"twitter:card\" content=\"summary_large_image\" \/>\n<script type=\"application\/ld+json\" class=\"yoast-schema-graph\">{\"@context\":\"https:\/\/schema.org\",\"@graph\":[{\"@type\":\"WebPage\",\"@id\":\"https:\/\/dev.tolio.co.nz\/san-pham\/gao-st25-golden-star-20kg\/\",\"url\":\"https:\/\/dev.tolio.co.nz\/san-pham\/gao-st25-golden-star-20kg\/\",\"name\":\"G\u1ea1o th\u01a1m th\u01b0\u1ee3ng h\u1ea1ng ST25 GOLDEN STAR 20KG - TOLIO\",\"isPartOf\":{\"@id\":\"https:\/\/dev.tolio.co.nz\/#website\"},\"primaryImageOfPage\":{\"@id\":\"https:\/\/dev.tolio.co.nz\/san-pham\/gao-st25-golden-star-20kg\/#primaryimage\"},\"image\":{\"@id\":\"https:\/\/dev.tolio.co.nz\/san-pham\/gao-st25-golden-star-20kg\/#primaryimage\"},\"thumbnailUrl\":\"https:\/\/dev.tolio.co.nz\/wp-content\/uploads\/2021\/12\/12.png\",\"datePublished\":\"2021-12-16T14:40:00+00:00\",\"dateModified\":\"2025-09-11T04:00:53+00:00\",\"description\":\"HSD 2 n\u0103m k\u1ec3 t\u1eeb ng\u00e0y s\u1ea3n xu\u1ea5t. &nbsp;\",\"breadcrumb\":{\"@id\":\"https:\/\/dev.tolio.co.nz\/san-pham\/gao-st25-golden-star-20kg\/#breadcrumb\"},\"inLanguage\":\"en-US\",\"potentialAction\":[{\"@type\":\"ReadAction\",\"target\":[\"https:\/\/dev.tolio.co.nz\/san-pham\/gao-st25-golden-star-20kg\/\"]}]},{\"@type\":\"ImageObject\",\"inLanguage\":\"en-US\",\"@id\":\"https:\/\/dev.tolio.co.nz\/san-pham\/gao-st25-golden-star-20kg\/#primaryimage\",\"url\":\"https:\/\/dev.tolio.co.nz\/wp-content\/uploads\/2021\/12\/12.png\",\"contentUrl\":\"https:\/\/dev.tolio.co.nz\/wp-content\/uploads\/2021\/12\/12.png\",\"width\":1000,\"height\":907},{\"@type\":\"BreadcrumbList\",\"@id\":\"https:\/\/dev.tolio.co.nz\/san-pham\/gao-st25-golden-star-20kg\/#breadcrumb\",\"itemListElement\":[{\"@type\":\"ListItem\",\"position\":1,\"name\":\"Home\",\"item\":\"https:\/\/dev.tolio.co.nz\/\"},{\"@type\":\"ListItem\",\"position\":2,\"name\":\"C\u1eeda h\u00e0ng\",\"item\":\"https:\/\/dev.tolio.co.nz\/cua-hang\/\"},{\"@type\":\"ListItem\",\"position\":3,\"name\":\"G\u1ea1o th\u01a1m th\u01b0\u1ee3ng h\u1ea1ng ST25 GOLDEN STAR 20KG\"}]},{\"@type\":\"WebSite\",\"@id\":\"https:\/\/dev.tolio.co.nz\/#website\",\"url\":\"https:\/\/dev.tolio.co.nz\/\",\"name\":\"TOLIO\",\"description\":\"Vietnamese Grocery Online\",\"potentialAction\":[{\"@type\":\"SearchAction\",\"target\":{\"@type\":\"EntryPoint\",\"urlTemplate\":\"https:\/\/dev.tolio.co.nz\/?s={search_term_string}\"},\"query-input\":{\"@type\":\"PropertyValueSpecification\",\"valueRequired\":true,\"valueName\":\"search_term_string\"}}],\"inLanguage\":\"en-US\"}]}<\/script>\n<!-- \/ Yoast SEO plugin. -->","yoast_head_json":{"title":"G\u1ea1o th\u01a1m th\u01b0\u1ee3ng h\u1ea1ng ST25 GOLDEN STAR 20KG - TOLIO","description":"HSD 2 n\u0103m k\u1ec3 t\u1eeb ng\u00e0y s\u1ea3n xu\u1ea5t.  &nbsp;","robots":{"index":"index","follow":"follow","max-snippet":"max-snippet:-1","max-image-preview":"max-image-preview:large","max-video-preview":"max-video-preview:-1"},"canonical":"https:\/\/dev.tolio.co.nz\/en\/product\/gao-st25-golden-star-20kg\/","og_locale":"en_US","og_type":"article","og_title":"G\u1ea1o th\u01a1m th\u01b0\u1ee3ng h\u1ea1ng ST25 GOLDEN STAR 20KG - TOLIO","og_description":"HSD 2 n\u0103m k\u1ec3 t\u1eeb ng\u00e0y s\u1ea3n xu\u1ea5t.  &nbsp;","og_url":"https:\/\/dev.tolio.co.nz\/en\/product\/gao-st25-golden-star-20kg\/","og_site_name":"TOLIO","article_modified_time":"2025-09-11T04:00:53+00:00","og_image":[{"width":1000,"height":907,"url":"https:\/\/dev.tolio.co.nz\/wp-content\/uploads\/2021\/12\/12.png","type":"image\/png"}],"twitter_card":"summary_large_image","schema":{"@context":"https:\/\/schema.org","@graph":[{"@type":"WebPage","@id":"https:\/\/dev.tolio.co.nz\/san-pham\/gao-st25-golden-star-20kg\/","url":"https:\/\/dev.tolio.co.nz\/san-pham\/gao-st25-golden-star-20kg\/","name":"G\u1ea1o th\u01a1m th\u01b0\u1ee3ng h\u1ea1ng ST25 GOLDEN STAR 20KG - TOLIO","isPartOf":{"@id":"https:\/\/dev.tolio.co.nz\/#website"},"primaryImageOfPage":{"@id":"https:\/\/dev.tolio.co.nz\/san-pham\/gao-st25-golden-star-20kg\/#primaryimage"},"image":{"@id":"https:\/\/dev.tolio.co.nz\/san-pham\/gao-st25-golden-star-20kg\/#primaryimage"},"thumbnailUrl":"https:\/\/dev.tolio.co.nz\/wp-content\/uploads\/2021\/12\/12.png","datePublished":"2021-12-16T14:40:00+00:00","dateModified":"2025-09-11T04:00:53+00:00","description":"HSD 2 n\u0103m k\u1ec3 t\u1eeb ng\u00e0y s\u1ea3n xu\u1ea5t. &nbsp;","breadcrumb":{"@id":"https:\/\/dev.tolio.co.nz\/san-pham\/gao-st25-golden-star-20kg\/#breadcrumb"},"inLanguage":"en-US","potentialAction":[{"@type":"ReadAction","target":["https:\/\/dev.tolio.co.nz\/san-pham\/gao-st25-golden-star-20kg\/"]}]},{"@type":"ImageObject","inLanguage":"en-US","@id":"https:\/\/dev.tolio.co.nz\/san-pham\/gao-st25-golden-star-20kg\/#primaryimage","url":"https:\/\/dev.tolio.co.nz\/wp-content\/uploads\/2021\/12\/12.png","contentUrl":"https:\/\/dev.tolio.co.nz\/wp-content\/uploads\/2021\/12\/12.png","width":1000,"height":907},{"@type":"BreadcrumbList","@id":"https:\/\/dev.tolio.co.nz\/san-pham\/gao-st25-golden-star-20kg\/#breadcrumb","itemListElement":[{"@type":"ListItem","position":1,"name":"Home","item":"https:\/\/dev.tolio.co.nz\/"},{"@type":"ListItem","position":2,"name":"C\u1eeda h\u00e0ng","item":"https:\/\/dev.tolio.co.nz\/cua-hang\/"},{"@type":"ListItem","position":3,"name":"G\u1ea1o th\u01a1m th\u01b0\u1ee3ng h\u1ea1ng ST25 GOLDEN STAR 20KG"}]},{"@type":"WebSite","@id":"https:\/\/dev.tolio.co.nz\/#website","url":"https:\/\/dev.tolio.co.nz\/","name":"TOLIO","description":"Vietnamese Grocery Online","potentialAction":[{"@type":"SearchAction","target":{"@type":"EntryPoint","urlTemplate":"https:\/\/dev.tolio.co.nz\/?s={search_term_string}"},"query-input":{"@type":"PropertyValueSpecification","valueRequired":true,"valueName":"search_term_string"}}],"inLanguage":"en-US"}]}},"_links":{"self":[{"href":"https:\/\/dev.tolio.co.nz\/en\/wp-json\/wp\/v2\/product\/534","targetHints":{"allow":["GET"]}}],"collection":[{"href":"https:\/\/dev.tolio.co.nz\/en\/wp-json\/wp\/v2\/product"}],"about":[{"href":"https:\/\/dev.tolio.co.nz\/en\/wp-json\/wp\/v2\/types\/product"}],"replies":[{"embeddable":true,"href":"https:\/\/dev.tolio.co.nz\/en\/wp-json\/wp\/v2\/comments?post=534"}],"wp:featuredmedia":[{"embeddable":true,"href":"https:\/\/dev.tolio.co.nz\/en\/wp-json\/wp\/v2\/media\/20166"}],"wp:attachment":[{"href":"https:\/\/dev.tolio.co.nz\/en\/wp-json\/wp\/v2\/media?parent=534"}],"wp:term":[{"taxonomy":"product_brand","embeddable":true,"href":"https:\/\/dev.tolio.co.nz\/en\/wp-json\/wp\/v2\/product_brand?post=534"},{"taxonomy":"product_cat","embeddable":true,"href":"https:\/\/dev.tolio.co.nz\/en\/wp-json\/wp\/v2\/product_cat?post=534"},{"taxonomy":"product_tag","embeddable":true,"href":"https:\/\/dev.tolio.co.nz\/en\/wp-json\/wp\/v2\/product_tag?post=534"}],"curies":[{"name":"wp","href":"https:\/\/api.w.org\/{rel}","templated":true}]}}