{"id":5545,"date":"2022-08-08T11:13:00","date_gmt":"2022-08-07T22:28:00","guid":{"rendered":"https:\/\/tolio2.sitebycat.com\/?post_type=product&#038;p=5545"},"modified":"2025-09-11T16:00:08","modified_gmt":"2025-09-11T04:00:08","slug":"bot-suong-sao-den-thuan-phat-goi-50g","status":"publish","type":"product","link":"https:\/\/dev.tolio.co.nz\/en\/product\/sour-milk-botanicals-come-in-a-50g-package\/","title":{"rendered":"B\u1ed9t s\u01b0\u01a1ng s\u00e1o \u0111en Thu\u1eadn Ph\u00e1t g\u00f3i 50g"},"content":{"rendered":"<p><strong>B\u1ed9t s\u01b0\u01a1ng s\u00e1o \u0111en Thu\u1eadn Ph\u00e1t <\/strong>\u0111\u01b0\u1ee3c l\u00e0m t\u1eeb l\u00e1 s\u01b0\u01a1ng s\u00e1o t\u1ef1 nhi\u00ean 100% c\u00f3 m\u00f9i v\u1ecb th\u01a1m ngon, c\u00f3 t\u00e1c d\u1ee5ng gi\u1ea3i nhi\u1ec7t c\u01a1 th\u1ec3 v\u00e0 mang \u0111\u1ebfn cho b\u1ea1n nhi\u1ec1u l\u1ee3i \u00edch v\u1ec1 s\u1ee9c kh\u1ecfe.<\/p>\n<p><strong>H\u01b0\u1edbng d\u1eabn s\u1eed d\u1ee5ng:<\/strong><\/p>\n<ul>\n<li>\u00a0G\u00f3i 50 gram b\u1ed9t h\u00f2a v\u1edbi 1 l\u00edt n\u01b0\u1edbc l\u1ea1nh v\u00e0 100 gram \u0111\u01b0\u1eddng khu\u1ea5y cho tan \u0111\u1ec1u, ng\u00e2m kho\u1ea3ng 5-10 ph\u00fat. (Mu\u1ed1n d\u00f9ng c\u1ee9ng ho\u1eb7c m\u1ec1m ta t\u0103ng gi\u1ea3m l\u01b0\u1ee3ng n\u01b0\u1edbc)<\/li>\n<li>\u00a0\u0110\u1ec3 l\u00ean b\u1ebfp khu\u1ea5y \u0111\u1ec1u \u0111\u1ebfn khi <strong>&#8220;s\u00e1nh \u0111\u1eb7c&#8221;<\/strong><\/li>\n<li><strong>L\u01b0u \u00fd:<\/strong>\u00a0\u0110\u1ebfn khi &#8220;s\u00e1nh \u0111\u1eb7c&#8221; sau \u0111\u00f3 \u0111\u1ec3 nh\u1ecf l\u1eeda, ti\u1ebfp t\u1ee5c \u0111un v\u00e0 khu\u1ea5y \u0111\u1ec1u th\u00eam 3-5 ph\u00fat<\/li>\n<li>\u00a0\u0110\u1ed5 ra khu\u00f4n ho\u1eb7c ch\u00e9n \u0111\u1ec3 ngu\u1ed9i, khi \u0103n c\u00f3 th\u1ec3 th\u00eam \u0111\u01b0\u1eddng, n\u01b0\u1edbc d\u1eeba ho\u1eb7c s\u1eefa t\u01b0\u01a1i<\/li>\n<\/ul>\n<p><strong>B\u1ea3o qu\u1ea3n<\/strong>:<\/p>\n<ul>\n<li>B\u1ea3o qu\u1ea3n n\u01a1i kh\u00f4 r\u00e1o, tho\u00e1ng m\u00e1t, tr\u00e1nh \u00e1nh n\u1eafng tr\u1ef1c ti\u1ebfp<\/li>\n<\/ul>","protected":false},"excerpt":{"rendered":"<ul>\n<li>Th\u01b0\u01a1ng hi\u1ec7u: Thu\u1eadn Ph\u00e1t<\/li>\n<li>Xu\u1ea5t x\u1ee9 th\u01b0\u01a1ng hi\u1ec7u: Vi\u1ec7t Nam<\/li>\n<li>Quy c\u00e1ch \u0111\u00f3ng g\u00f3i: g\u00f3i 50g<\/li>\n<li>L\u01b0u \u00fd: Bao b\u00ec s\u1ea3n ph\u1ea9m c\u00f3 th\u1ec3 thay \u0111\u1ed5i theo t\u1eebng \u0111\u1ee3t nh\u1eadp h\u00e0ng.<\/li>\n<\/ul>","protected":false},"featured_media":20671,"comment_status":"open","ping_status":"closed","template":"","meta":[],"product_brand":[],"product_cat":[478,35,30],"product_tag":[],"class_list":{"0":"post-5545","1":"product","2":"type-product","3":"status-publish","4":"has-post-thumbnail","6":"product_cat-thuc-pham-khac","7":"product_cat-banh-keo","8":"product_cat-ban-chay-nhat","9":"pa_thuong-hieu-thuan-phat","11":"first","12":"instock","13":"sale","14":"shipping-taxable","15":"purchasable","16":"product-type-simple"},"yoast_head":"<!-- This site is optimized with the Yoast SEO plugin v24.4 - https:\/\/yoast.com\/wordpress\/plugins\/seo\/ -->\n<title>B\u1ed9t s\u01b0\u01a1ng s\u00e1o \u0111en Thu\u1eadn Ph\u00e1t g\u00f3i 50g - TOLIO<\/title>\n<meta name=\"description\" content=\"Th\u01b0\u01a1ng hi\u1ec7u: Thu\u1eadn Ph\u00e1t  Xu\u1ea5t x\u1ee9 th\u01b0\u01a1ng hi\u1ec7u: Vi\u1ec7t Nam  Quy c\u00e1ch \u0111\u00f3ng g\u00f3i: g\u00f3i 50g  L\u01b0u \u00fd: Bao b\u00ec s\u1ea3n ph\u1ea9m c\u00f3 th\u1ec3 thay \u0111\u1ed5i theo t\u1eebng \u0111\u1ee3t nh\u1eadp h\u00e0ng.\" \/>\n<meta name=\"robots\" content=\"index, follow, max-snippet:-1, max-image-preview:large, max-video-preview:-1\" \/>\n<link rel=\"canonical\" href=\"https:\/\/dev.tolio.co.nz\/en\/products\/sour-milk-botanicals-come-in-a-50g-package\/\" \/>\n<meta property=\"og:locale\" content=\"en_US\" \/>\n<meta property=\"og:type\" content=\"article\" \/>\n<meta property=\"og:title\" content=\"B\u1ed9t s\u01b0\u01a1ng s\u00e1o \u0111en Thu\u1eadn Ph\u00e1t g\u00f3i 50g - TOLIO\" \/>\n<meta property=\"og:description\" content=\"Th\u01b0\u01a1ng hi\u1ec7u: Thu\u1eadn Ph\u00e1t  Xu\u1ea5t x\u1ee9 th\u01b0\u01a1ng hi\u1ec7u: Vi\u1ec7t Nam  Quy c\u00e1ch \u0111\u00f3ng g\u00f3i: g\u00f3i 50g  L\u01b0u \u00fd: Bao b\u00ec s\u1ea3n ph\u1ea9m c\u00f3 th\u1ec3 thay \u0111\u1ed5i theo t\u1eebng \u0111\u1ee3t nh\u1eadp h\u00e0ng.\" \/>\n<meta property=\"og:url\" content=\"https:\/\/dev.tolio.co.nz\/en\/products\/sour-milk-botanicals-come-in-a-50g-package\/\" \/>\n<meta property=\"og:site_name\" content=\"TOLIO\" \/>\n<meta property=\"article:modified_time\" content=\"2025-09-11T04:00:08+00:00\" \/>\n<meta property=\"og:image\" content=\"https:\/\/dev.tolio.co.nz\/wp-content\/uploads\/2024\/07\/246-1.png\" \/>\n\t<meta property=\"og:image:width\" content=\"1000\" \/>\n\t<meta property=\"og:image:height\" content=\"907\" \/>\n\t<meta property=\"og:image:type\" content=\"image\/png\" \/>\n<meta name=\"twitter:card\" content=\"summary_large_image\" \/>\n<meta name=\"twitter:label1\" content=\"Est. reading time\" \/>\n\t<meta name=\"twitter:data1\" content=\"1 minute\" \/>\n<script type=\"application\/ld+json\" class=\"yoast-schema-graph\">{\"@context\":\"https:\/\/schema.org\",\"@graph\":[{\"@type\":\"WebPage\",\"@id\":\"https:\/\/dev.tolio.co.nz\/en\/products\/sour-milk-botanicals-come-in-a-50g-package\/\",\"url\":\"https:\/\/dev.tolio.co.nz\/en\/products\/sour-milk-botanicals-come-in-a-50g-package\/\",\"name\":\"B\u1ed9t s\u01b0\u01a1ng s\u00e1o \u0111en Thu\u1eadn Ph\u00e1t g\u00f3i 50g - TOLIO\",\"isPartOf\":{\"@id\":\"https:\/\/dev.tolio.co.nz\/#website\"},\"primaryImageOfPage\":{\"@id\":\"https:\/\/dev.tolio.co.nz\/en\/products\/sour-milk-botanicals-come-in-a-50g-package\/#primaryimage\"},\"image\":{\"@id\":\"https:\/\/dev.tolio.co.nz\/en\/products\/sour-milk-botanicals-come-in-a-50g-package\/#primaryimage\"},\"thumbnailUrl\":\"https:\/\/dev.tolio.co.nz\/wp-content\/uploads\/2024\/07\/246-1.png\",\"datePublished\":\"2022-08-07T22:28:00+00:00\",\"dateModified\":\"2025-09-11T04:00:08+00:00\",\"description\":\"Th\u01b0\u01a1ng hi\u1ec7u: Thu\u1eadn Ph\u00e1t Xu\u1ea5t x\u1ee9 th\u01b0\u01a1ng hi\u1ec7u: Vi\u1ec7t Nam Quy c\u00e1ch \u0111\u00f3ng g\u00f3i: g\u00f3i 50g L\u01b0u \u00fd: Bao b\u00ec s\u1ea3n ph\u1ea9m c\u00f3 th\u1ec3 thay \u0111\u1ed5i theo t\u1eebng \u0111\u1ee3t nh\u1eadp h\u00e0ng.\",\"breadcrumb\":{\"@id\":\"https:\/\/dev.tolio.co.nz\/en\/products\/sour-milk-botanicals-come-in-a-50g-package\/#breadcrumb\"},\"inLanguage\":\"en-US\",\"potentialAction\":[{\"@type\":\"ReadAction\",\"target\":[\"https:\/\/dev.tolio.co.nz\/en\/products\/sour-milk-botanicals-come-in-a-50g-package\/\"]}]},{\"@type\":\"ImageObject\",\"inLanguage\":\"en-US\",\"@id\":\"https:\/\/dev.tolio.co.nz\/en\/products\/sour-milk-botanicals-come-in-a-50g-package\/#primaryimage\",\"url\":\"https:\/\/dev.tolio.co.nz\/wp-content\/uploads\/2024\/07\/246-1.png\",\"contentUrl\":\"https:\/\/dev.tolio.co.nz\/wp-content\/uploads\/2024\/07\/246-1.png\",\"width\":1000,\"height\":907},{\"@type\":\"BreadcrumbList\",\"@id\":\"https:\/\/dev.tolio.co.nz\/en\/products\/sour-milk-botanicals-come-in-a-50g-package\/#breadcrumb\",\"itemListElement\":[{\"@type\":\"ListItem\",\"position\":1,\"name\":\"Home\",\"item\":\"https:\/\/dev.tolio.co.nz\/\"},{\"@type\":\"ListItem\",\"position\":2,\"name\":\"C\u1eeda h\u00e0ng\",\"item\":\"https:\/\/dev.tolio.co.nz\/cua-hang\/\"},{\"@type\":\"ListItem\",\"position\":3,\"name\":\"B\u1ed9t s\u01b0\u01a1ng s\u00e1o \u0111en Thu\u1eadn Ph\u00e1t g\u00f3i 50g\"}]},{\"@type\":\"WebSite\",\"@id\":\"https:\/\/dev.tolio.co.nz\/#website\",\"url\":\"https:\/\/dev.tolio.co.nz\/\",\"name\":\"TOLIO\",\"description\":\"Vietnamese Grocery Online\",\"potentialAction\":[{\"@type\":\"SearchAction\",\"target\":{\"@type\":\"EntryPoint\",\"urlTemplate\":\"https:\/\/dev.tolio.co.nz\/?s={search_term_string}\"},\"query-input\":{\"@type\":\"PropertyValueSpecification\",\"valueRequired\":true,\"valueName\":\"search_term_string\"}}],\"inLanguage\":\"en-US\"}]}<\/script>\n<!-- \/ Yoast SEO plugin. -->","yoast_head_json":{"title":"B\u1ed9t s\u01b0\u01a1ng s\u00e1o \u0111en Thu\u1eadn Ph\u00e1t g\u00f3i 50g - TOLIO","description":"Th\u01b0\u01a1ng hi\u1ec7u: Thu\u1eadn Ph\u00e1t  Xu\u1ea5t x\u1ee9 th\u01b0\u01a1ng hi\u1ec7u: Vi\u1ec7t Nam  Quy c\u00e1ch \u0111\u00f3ng g\u00f3i: g\u00f3i 50g  L\u01b0u \u00fd: Bao b\u00ec s\u1ea3n ph\u1ea9m c\u00f3 th\u1ec3 thay \u0111\u1ed5i theo t\u1eebng \u0111\u1ee3t nh\u1eadp h\u00e0ng.","robots":{"index":"index","follow":"follow","max-snippet":"max-snippet:-1","max-image-preview":"max-image-preview:large","max-video-preview":"max-video-preview:-1"},"canonical":"https:\/\/dev.tolio.co.nz\/en\/products\/sour-milk-botanicals-come-in-a-50g-package\/","og_locale":"en_US","og_type":"article","og_title":"B\u1ed9t s\u01b0\u01a1ng s\u00e1o \u0111en Thu\u1eadn Ph\u00e1t g\u00f3i 50g - TOLIO","og_description":"Th\u01b0\u01a1ng hi\u1ec7u: Thu\u1eadn Ph\u00e1t  Xu\u1ea5t x\u1ee9 th\u01b0\u01a1ng hi\u1ec7u: Vi\u1ec7t Nam  Quy c\u00e1ch \u0111\u00f3ng g\u00f3i: g\u00f3i 50g  L\u01b0u \u00fd: Bao b\u00ec s\u1ea3n ph\u1ea9m c\u00f3 th\u1ec3 thay \u0111\u1ed5i theo t\u1eebng \u0111\u1ee3t nh\u1eadp h\u00e0ng.","og_url":"https:\/\/dev.tolio.co.nz\/en\/products\/sour-milk-botanicals-come-in-a-50g-package\/","og_site_name":"TOLIO","article_modified_time":"2025-09-11T04:00:08+00:00","og_image":[{"width":1000,"height":907,"url":"https:\/\/dev.tolio.co.nz\/wp-content\/uploads\/2024\/07\/246-1.png","type":"image\/png"}],"twitter_card":"summary_large_image","twitter_misc":{"Est. reading time":"1 minute"},"schema":{"@context":"https:\/\/schema.org","@graph":[{"@type":"WebPage","@id":"https:\/\/dev.tolio.co.nz\/en\/products\/sour-milk-botanicals-come-in-a-50g-package\/","url":"https:\/\/dev.tolio.co.nz\/en\/products\/sour-milk-botanicals-come-in-a-50g-package\/","name":"B\u1ed9t s\u01b0\u01a1ng s\u00e1o \u0111en Thu\u1eadn Ph\u00e1t g\u00f3i 50g - TOLIO","isPartOf":{"@id":"https:\/\/dev.tolio.co.nz\/#website"},"primaryImageOfPage":{"@id":"https:\/\/dev.tolio.co.nz\/en\/products\/sour-milk-botanicals-come-in-a-50g-package\/#primaryimage"},"image":{"@id":"https:\/\/dev.tolio.co.nz\/en\/products\/sour-milk-botanicals-come-in-a-50g-package\/#primaryimage"},"thumbnailUrl":"https:\/\/dev.tolio.co.nz\/wp-content\/uploads\/2024\/07\/246-1.png","datePublished":"2022-08-07T22:28:00+00:00","dateModified":"2025-09-11T04:00:08+00:00","description":"Th\u01b0\u01a1ng hi\u1ec7u: Thu\u1eadn Ph\u00e1t Xu\u1ea5t x\u1ee9 th\u01b0\u01a1ng hi\u1ec7u: Vi\u1ec7t Nam Quy c\u00e1ch \u0111\u00f3ng g\u00f3i: g\u00f3i 50g L\u01b0u \u00fd: Bao b\u00ec s\u1ea3n ph\u1ea9m c\u00f3 th\u1ec3 thay \u0111\u1ed5i theo t\u1eebng \u0111\u1ee3t nh\u1eadp h\u00e0ng.","breadcrumb":{"@id":"https:\/\/dev.tolio.co.nz\/en\/products\/sour-milk-botanicals-come-in-a-50g-package\/#breadcrumb"},"inLanguage":"en-US","potentialAction":[{"@type":"ReadAction","target":["https:\/\/dev.tolio.co.nz\/en\/products\/sour-milk-botanicals-come-in-a-50g-package\/"]}]},{"@type":"ImageObject","inLanguage":"en-US","@id":"https:\/\/dev.tolio.co.nz\/en\/products\/sour-milk-botanicals-come-in-a-50g-package\/#primaryimage","url":"https:\/\/dev.tolio.co.nz\/wp-content\/uploads\/2024\/07\/246-1.png","contentUrl":"https:\/\/dev.tolio.co.nz\/wp-content\/uploads\/2024\/07\/246-1.png","width":1000,"height":907},{"@type":"BreadcrumbList","@id":"https:\/\/dev.tolio.co.nz\/en\/products\/sour-milk-botanicals-come-in-a-50g-package\/#breadcrumb","itemListElement":[{"@type":"ListItem","position":1,"name":"Home","item":"https:\/\/dev.tolio.co.nz\/"},{"@type":"ListItem","position":2,"name":"C\u1eeda h\u00e0ng","item":"https:\/\/dev.tolio.co.nz\/cua-hang\/"},{"@type":"ListItem","position":3,"name":"B\u1ed9t s\u01b0\u01a1ng s\u00e1o \u0111en Thu\u1eadn Ph\u00e1t g\u00f3i 50g"}]},{"@type":"WebSite","@id":"https:\/\/dev.tolio.co.nz\/#website","url":"https:\/\/dev.tolio.co.nz\/","name":"TOLIO","description":"Vietnamese Grocery Online","potentialAction":[{"@type":"SearchAction","target":{"@type":"EntryPoint","urlTemplate":"https:\/\/dev.tolio.co.nz\/?s={search_term_string}"},"query-input":{"@type":"PropertyValueSpecification","valueRequired":true,"valueName":"search_term_string"}}],"inLanguage":"en-US"}]}},"_links":{"self":[{"href":"https:\/\/dev.tolio.co.nz\/en\/wp-json\/wp\/v2\/product\/5545","targetHints":{"allow":["GET"]}}],"collection":[{"href":"https:\/\/dev.tolio.co.nz\/en\/wp-json\/wp\/v2\/product"}],"about":[{"href":"https:\/\/dev.tolio.co.nz\/en\/wp-json\/wp\/v2\/types\/product"}],"replies":[{"embeddable":true,"href":"https:\/\/dev.tolio.co.nz\/en\/wp-json\/wp\/v2\/comments?post=5545"}],"wp:featuredmedia":[{"embeddable":true,"href":"https:\/\/dev.tolio.co.nz\/en\/wp-json\/wp\/v2\/media\/20671"}],"wp:attachment":[{"href":"https:\/\/dev.tolio.co.nz\/en\/wp-json\/wp\/v2\/media?parent=5545"}],"wp:term":[{"taxonomy":"product_brand","embeddable":true,"href":"https:\/\/dev.tolio.co.nz\/en\/wp-json\/wp\/v2\/product_brand?post=5545"},{"taxonomy":"product_cat","embeddable":true,"href":"https:\/\/dev.tolio.co.nz\/en\/wp-json\/wp\/v2\/product_cat?post=5545"},{"taxonomy":"product_tag","embeddable":true,"href":"https:\/\/dev.tolio.co.nz\/en\/wp-json\/wp\/v2\/product_tag?post=5545"}],"curies":[{"name":"wp","href":"https:\/\/api.w.org\/{rel}","templated":true}]}}