{"id":5550,"date":"2022-08-08T11:13:00","date_gmt":"2022-08-07T22:28:00","guid":{"rendered":"https:\/\/tolio2.sitebycat.com\/?post_type=product&#038;p=5550"},"modified":"2025-09-11T15:59:54","modified_gmt":"2025-09-11T03:59:54","slug":"banh-kem-xop-nabati-vi-pho-mai-goi-52g","status":"publish","type":"product","link":"https:\/\/dev.tolio.co.nz\/en\/product\/nabati-cream-cake-with-cheese-52g\/","title":{"rendered":"B\u00e1nh kem x\u1ed1p Nabati v\u1ecb ph\u00f4 mai g\u00f3i 52g"},"content":{"rendered":"<p><strong>B\u00e1nh kem x\u1ed1p Nabati v\u1ecb ph\u00f4 mai <\/strong>\u00a0v\u1edbi l\u1edbp ph\u00f4 mai th\u01a1m ngon, b\u00e9o b\u00e9o xen k\u1ebd nhau, khi \u0103n h\u00f2a quy\u1ec7n v\u1edbi nhau r\u1ea5t h\u1ea5p d\u1eabn. B\u00e1nh x\u1ed1p nh\u00e2n ph\u00f4 mai Nabati g\u00f3i 52g ti\u1ec7n l\u1ee3i, d\u1ec5 mang theo b\u00ean ng\u01b0\u1eddi khi ra ngo\u00e0i. B\u00e1nh x\u1ed1p Nabati th\u00edch h\u1ee3p cho nh\u1eefng bu\u1ed5i ti\u1ec7c ngot, ho\u1eb7c d\u00f9ng \u0111\u1ec3 \u0103n v\u1eb7t c\u0169ng r\u1ea5t ph\u00f9 h\u1ee3p.<\/p>\n<p><strong>H\u01b0\u1edbng d\u1eabn s\u1eed d\u1ee5ng<\/strong>:<\/p>\n<ul>\n<li>\u00a0D\u00f9ng tr\u1ef1c ti\u1ebfp<\/li>\n<\/ul>\n<p><strong>B\u1ea3o qu\u1ea3n<\/strong>:<\/p>\n<ul>\n<li>B\u1ea3o qu\u1ea3n n\u01a1i kh\u00f4 r\u00e1o, tho\u00e1ng m\u00e1t, tr\u00e1nh \u00e1nh n\u1eafng tr\u1ef1c ti\u1ebfp<\/li>\n<\/ul>","protected":false},"excerpt":{"rendered":"<ul>\n<li>Th\u01b0\u01a1ng hi\u1ec7u: Nabati<\/li>\n<li>Xu\u1ea5t x\u1ee9 th\u01b0\u01a1ng hi\u1ec7u: Indonesia<\/li>\n<li>Quy c\u00e1ch \u0111\u00f3ng g\u00f3i: g\u00f3i 52g<\/li>\n<li>L\u01b0u \u00fd: Bao b\u00ec s\u1ea3n ph\u1ea9m c\u00f3 th\u1ec3 thay \u0111\u1ed5i theo t\u1eebng \u0111\u1ee3t nh\u1eadp h\u00e0ng.<\/li>\n<\/ul>","protected":false},"featured_media":20846,"comment_status":"open","ping_status":"closed","template":"","meta":[],"product_brand":[],"product_cat":[35],"product_tag":[],"class_list":{"0":"post-5550","1":"product","2":"type-product","3":"status-publish","4":"has-post-thumbnail","6":"product_cat-banh-keo","7":"pa_thuong-hieu-nabati","9":"first","10":"instock","11":"sale","12":"shipping-taxable","13":"purchasable","14":"product-type-simple"},"yoast_head":"<!-- This site is optimized with the Yoast SEO plugin v24.4 - https:\/\/yoast.com\/wordpress\/plugins\/seo\/ -->\n<title>B\u00e1nh kem x\u1ed1p Nabati v\u1ecb ph\u00f4 mai g\u00f3i 52g - TOLIO<\/title>\n<meta name=\"description\" content=\"Th\u01b0\u01a1ng hi\u1ec7u: Nabati  Xu\u1ea5t x\u1ee9 th\u01b0\u01a1ng hi\u1ec7u: Indonesia  Quy c\u00e1ch \u0111\u00f3ng g\u00f3i: g\u00f3i 52g  L\u01b0u \u00fd: Bao b\u00ec s\u1ea3n ph\u1ea9m c\u00f3 th\u1ec3 thay \u0111\u1ed5i theo t\u1eebng \u0111\u1ee3t nh\u1eadp h\u00e0ng.\" \/>\n<meta name=\"robots\" content=\"index, follow, max-snippet:-1, max-image-preview:large, max-video-preview:-1\" \/>\n<link rel=\"canonical\" href=\"https:\/\/dev.tolio.co.nz\/en\/product\/nabati-cream-cake-with-cheese-52g\/\" \/>\n<meta property=\"og:locale\" content=\"en_US\" \/>\n<meta property=\"og:type\" content=\"article\" \/>\n<meta property=\"og:title\" content=\"B\u00e1nh kem x\u1ed1p Nabati v\u1ecb ph\u00f4 mai g\u00f3i 52g - TOLIO\" \/>\n<meta property=\"og:description\" content=\"Th\u01b0\u01a1ng hi\u1ec7u: Nabati  Xu\u1ea5t x\u1ee9 th\u01b0\u01a1ng hi\u1ec7u: Indonesia  Quy c\u00e1ch \u0111\u00f3ng g\u00f3i: g\u00f3i 52g  L\u01b0u \u00fd: Bao b\u00ec s\u1ea3n ph\u1ea9m c\u00f3 th\u1ec3 thay \u0111\u1ed5i theo t\u1eebng \u0111\u1ee3t nh\u1eadp h\u00e0ng.\" \/>\n<meta property=\"og:url\" content=\"https:\/\/dev.tolio.co.nz\/en\/product\/nabati-cream-cake-with-cheese-52g\/\" \/>\n<meta property=\"og:site_name\" content=\"TOLIO\" \/>\n<meta property=\"article:modified_time\" content=\"2025-09-11T03:59:54+00:00\" \/>\n<meta property=\"og:image\" content=\"https:\/\/dev.tolio.co.nz\/wp-content\/uploads\/2022\/08\/359.png\" \/>\n\t<meta property=\"og:image:width\" content=\"1000\" \/>\n\t<meta property=\"og:image:height\" content=\"907\" \/>\n\t<meta property=\"og:image:type\" content=\"image\/png\" \/>\n<meta name=\"twitter:card\" content=\"summary_large_image\" \/>\n<meta name=\"twitter:label1\" content=\"Est. reading time\" \/>\n\t<meta name=\"twitter:data1\" content=\"1 minute\" \/>\n<script type=\"application\/ld+json\" class=\"yoast-schema-graph\">{\"@context\":\"https:\/\/schema.org\",\"@graph\":[{\"@type\":\"WebPage\",\"@id\":\"https:\/\/dev.tolio.co.nz\/san-pham\/banh-kem-xop-nabati-vi-pho-mai-goi-52g\/\",\"url\":\"https:\/\/dev.tolio.co.nz\/san-pham\/banh-kem-xop-nabati-vi-pho-mai-goi-52g\/\",\"name\":\"B\u00e1nh kem x\u1ed1p Nabati v\u1ecb ph\u00f4 mai g\u00f3i 52g - TOLIO\",\"isPartOf\":{\"@id\":\"https:\/\/dev.tolio.co.nz\/#website\"},\"primaryImageOfPage\":{\"@id\":\"https:\/\/dev.tolio.co.nz\/san-pham\/banh-kem-xop-nabati-vi-pho-mai-goi-52g\/#primaryimage\"},\"image\":{\"@id\":\"https:\/\/dev.tolio.co.nz\/san-pham\/banh-kem-xop-nabati-vi-pho-mai-goi-52g\/#primaryimage\"},\"thumbnailUrl\":\"https:\/\/dev.tolio.co.nz\/wp-content\/uploads\/2022\/08\/359.png\",\"datePublished\":\"2022-08-07T22:28:00+00:00\",\"dateModified\":\"2025-09-11T03:59:54+00:00\",\"description\":\"Th\u01b0\u01a1ng hi\u1ec7u: Nabati Xu\u1ea5t x\u1ee9 th\u01b0\u01a1ng hi\u1ec7u: Indonesia Quy c\u00e1ch \u0111\u00f3ng g\u00f3i: g\u00f3i 52g L\u01b0u \u00fd: Bao b\u00ec s\u1ea3n ph\u1ea9m c\u00f3 th\u1ec3 thay \u0111\u1ed5i theo t\u1eebng \u0111\u1ee3t nh\u1eadp h\u00e0ng.\",\"breadcrumb\":{\"@id\":\"https:\/\/dev.tolio.co.nz\/san-pham\/banh-kem-xop-nabati-vi-pho-mai-goi-52g\/#breadcrumb\"},\"inLanguage\":\"en-US\",\"potentialAction\":[{\"@type\":\"ReadAction\",\"target\":[\"https:\/\/dev.tolio.co.nz\/san-pham\/banh-kem-xop-nabati-vi-pho-mai-goi-52g\/\"]}]},{\"@type\":\"ImageObject\",\"inLanguage\":\"en-US\",\"@id\":\"https:\/\/dev.tolio.co.nz\/san-pham\/banh-kem-xop-nabati-vi-pho-mai-goi-52g\/#primaryimage\",\"url\":\"https:\/\/dev.tolio.co.nz\/wp-content\/uploads\/2022\/08\/359.png\",\"contentUrl\":\"https:\/\/dev.tolio.co.nz\/wp-content\/uploads\/2022\/08\/359.png\",\"width\":1000,\"height\":907},{\"@type\":\"BreadcrumbList\",\"@id\":\"https:\/\/dev.tolio.co.nz\/san-pham\/banh-kem-xop-nabati-vi-pho-mai-goi-52g\/#breadcrumb\",\"itemListElement\":[{\"@type\":\"ListItem\",\"position\":1,\"name\":\"Home\",\"item\":\"https:\/\/dev.tolio.co.nz\/\"},{\"@type\":\"ListItem\",\"position\":2,\"name\":\"C\u1eeda h\u00e0ng\",\"item\":\"https:\/\/dev.tolio.co.nz\/cua-hang\/\"},{\"@type\":\"ListItem\",\"position\":3,\"name\":\"B\u00e1nh kem x\u1ed1p Nabati v\u1ecb ph\u00f4 mai g\u00f3i 52g\"}]},{\"@type\":\"WebSite\",\"@id\":\"https:\/\/dev.tolio.co.nz\/#website\",\"url\":\"https:\/\/dev.tolio.co.nz\/\",\"name\":\"TOLIO\",\"description\":\"Vietnamese Grocery Online\",\"potentialAction\":[{\"@type\":\"SearchAction\",\"target\":{\"@type\":\"EntryPoint\",\"urlTemplate\":\"https:\/\/dev.tolio.co.nz\/?s={search_term_string}\"},\"query-input\":{\"@type\":\"PropertyValueSpecification\",\"valueRequired\":true,\"valueName\":\"search_term_string\"}}],\"inLanguage\":\"en-US\"}]}<\/script>\n<!-- \/ Yoast SEO plugin. -->","yoast_head_json":{"title":"B\u00e1nh kem x\u1ed1p Nabati v\u1ecb ph\u00f4 mai g\u00f3i 52g - TOLIO","description":"Th\u01b0\u01a1ng hi\u1ec7u: Nabati  Xu\u1ea5t x\u1ee9 th\u01b0\u01a1ng hi\u1ec7u: Indonesia  Quy c\u00e1ch \u0111\u00f3ng g\u00f3i: g\u00f3i 52g  L\u01b0u \u00fd: Bao b\u00ec s\u1ea3n ph\u1ea9m c\u00f3 th\u1ec3 thay \u0111\u1ed5i theo t\u1eebng \u0111\u1ee3t nh\u1eadp h\u00e0ng.","robots":{"index":"index","follow":"follow","max-snippet":"max-snippet:-1","max-image-preview":"max-image-preview:large","max-video-preview":"max-video-preview:-1"},"canonical":"https:\/\/dev.tolio.co.nz\/en\/product\/nabati-cream-cake-with-cheese-52g\/","og_locale":"en_US","og_type":"article","og_title":"B\u00e1nh kem x\u1ed1p Nabati v\u1ecb ph\u00f4 mai g\u00f3i 52g - TOLIO","og_description":"Th\u01b0\u01a1ng hi\u1ec7u: Nabati  Xu\u1ea5t x\u1ee9 th\u01b0\u01a1ng hi\u1ec7u: Indonesia  Quy c\u00e1ch \u0111\u00f3ng g\u00f3i: g\u00f3i 52g  L\u01b0u \u00fd: Bao b\u00ec s\u1ea3n ph\u1ea9m c\u00f3 th\u1ec3 thay \u0111\u1ed5i theo t\u1eebng \u0111\u1ee3t nh\u1eadp h\u00e0ng.","og_url":"https:\/\/dev.tolio.co.nz\/en\/product\/nabati-cream-cake-with-cheese-52g\/","og_site_name":"TOLIO","article_modified_time":"2025-09-11T03:59:54+00:00","og_image":[{"width":1000,"height":907,"url":"https:\/\/dev.tolio.co.nz\/wp-content\/uploads\/2022\/08\/359.png","type":"image\/png"}],"twitter_card":"summary_large_image","twitter_misc":{"Est. reading time":"1 minute"},"schema":{"@context":"https:\/\/schema.org","@graph":[{"@type":"WebPage","@id":"https:\/\/dev.tolio.co.nz\/san-pham\/banh-kem-xop-nabati-vi-pho-mai-goi-52g\/","url":"https:\/\/dev.tolio.co.nz\/san-pham\/banh-kem-xop-nabati-vi-pho-mai-goi-52g\/","name":"B\u00e1nh kem x\u1ed1p Nabati v\u1ecb ph\u00f4 mai g\u00f3i 52g - TOLIO","isPartOf":{"@id":"https:\/\/dev.tolio.co.nz\/#website"},"primaryImageOfPage":{"@id":"https:\/\/dev.tolio.co.nz\/san-pham\/banh-kem-xop-nabati-vi-pho-mai-goi-52g\/#primaryimage"},"image":{"@id":"https:\/\/dev.tolio.co.nz\/san-pham\/banh-kem-xop-nabati-vi-pho-mai-goi-52g\/#primaryimage"},"thumbnailUrl":"https:\/\/dev.tolio.co.nz\/wp-content\/uploads\/2022\/08\/359.png","datePublished":"2022-08-07T22:28:00+00:00","dateModified":"2025-09-11T03:59:54+00:00","description":"Th\u01b0\u01a1ng hi\u1ec7u: Nabati Xu\u1ea5t x\u1ee9 th\u01b0\u01a1ng hi\u1ec7u: Indonesia Quy c\u00e1ch \u0111\u00f3ng g\u00f3i: g\u00f3i 52g L\u01b0u \u00fd: Bao b\u00ec s\u1ea3n ph\u1ea9m c\u00f3 th\u1ec3 thay \u0111\u1ed5i theo t\u1eebng \u0111\u1ee3t nh\u1eadp h\u00e0ng.","breadcrumb":{"@id":"https:\/\/dev.tolio.co.nz\/san-pham\/banh-kem-xop-nabati-vi-pho-mai-goi-52g\/#breadcrumb"},"inLanguage":"en-US","potentialAction":[{"@type":"ReadAction","target":["https:\/\/dev.tolio.co.nz\/san-pham\/banh-kem-xop-nabati-vi-pho-mai-goi-52g\/"]}]},{"@type":"ImageObject","inLanguage":"en-US","@id":"https:\/\/dev.tolio.co.nz\/san-pham\/banh-kem-xop-nabati-vi-pho-mai-goi-52g\/#primaryimage","url":"https:\/\/dev.tolio.co.nz\/wp-content\/uploads\/2022\/08\/359.png","contentUrl":"https:\/\/dev.tolio.co.nz\/wp-content\/uploads\/2022\/08\/359.png","width":1000,"height":907},{"@type":"BreadcrumbList","@id":"https:\/\/dev.tolio.co.nz\/san-pham\/banh-kem-xop-nabati-vi-pho-mai-goi-52g\/#breadcrumb","itemListElement":[{"@type":"ListItem","position":1,"name":"Home","item":"https:\/\/dev.tolio.co.nz\/"},{"@type":"ListItem","position":2,"name":"C\u1eeda h\u00e0ng","item":"https:\/\/dev.tolio.co.nz\/cua-hang\/"},{"@type":"ListItem","position":3,"name":"B\u00e1nh kem x\u1ed1p Nabati v\u1ecb ph\u00f4 mai g\u00f3i 52g"}]},{"@type":"WebSite","@id":"https:\/\/dev.tolio.co.nz\/#website","url":"https:\/\/dev.tolio.co.nz\/","name":"TOLIO","description":"Vietnamese Grocery Online","potentialAction":[{"@type":"SearchAction","target":{"@type":"EntryPoint","urlTemplate":"https:\/\/dev.tolio.co.nz\/?s={search_term_string}"},"query-input":{"@type":"PropertyValueSpecification","valueRequired":true,"valueName":"search_term_string"}}],"inLanguage":"en-US"}]}},"_links":{"self":[{"href":"https:\/\/dev.tolio.co.nz\/en\/wp-json\/wp\/v2\/product\/5550","targetHints":{"allow":["GET"]}}],"collection":[{"href":"https:\/\/dev.tolio.co.nz\/en\/wp-json\/wp\/v2\/product"}],"about":[{"href":"https:\/\/dev.tolio.co.nz\/en\/wp-json\/wp\/v2\/types\/product"}],"replies":[{"embeddable":true,"href":"https:\/\/dev.tolio.co.nz\/en\/wp-json\/wp\/v2\/comments?post=5550"}],"wp:featuredmedia":[{"embeddable":true,"href":"https:\/\/dev.tolio.co.nz\/en\/wp-json\/wp\/v2\/media\/20846"}],"wp:attachment":[{"href":"https:\/\/dev.tolio.co.nz\/en\/wp-json\/wp\/v2\/media?parent=5550"}],"wp:term":[{"taxonomy":"product_brand","embeddable":true,"href":"https:\/\/dev.tolio.co.nz\/en\/wp-json\/wp\/v2\/product_brand?post=5550"},{"taxonomy":"product_cat","embeddable":true,"href":"https:\/\/dev.tolio.co.nz\/en\/wp-json\/wp\/v2\/product_cat?post=5550"},{"taxonomy":"product_tag","embeddable":true,"href":"https:\/\/dev.tolio.co.nz\/en\/wp-json\/wp\/v2\/product_tag?post=5550"}],"curies":[{"name":"wp","href":"https:\/\/api.w.org\/{rel}","templated":true}]}}