{"id":5773,"date":"2022-08-08T11:13:00","date_gmt":"2022-08-07T22:28:00","guid":{"rendered":"https:\/\/tolio2.sitebycat.com\/?post_type=product&#038;p=5773"},"modified":"2025-09-11T15:59:45","modified_gmt":"2025-09-11T03:59:45","slug":"banh-cracker-dinh-duong-afc-vi-rau-hop-200g-8-goi-x-25g","status":"publish","type":"product","link":"https:\/\/dev.tolio.co.nz\/en\/product\/afc-nutrition-cracker-with-hop-vegetables-200g-8-packs-x-25g\/","title":{"rendered":"B\u00e1nh cracker dinh d\u01b0\u1ee1ng AFC v\u1ecb rau h\u1ed9p 200g (8 g\u00f3i x 25g)"},"content":{"rendered":"<p><strong>B\u00e1nh cracker dinh d\u01b0\u1ee1ng AFC v\u1ecb rau h\u1ed9p 200g<\/strong> c\u00f3 b\u1ed5 sung khoai t\u00e2y, cung c\u1ea5p n\u0103ng l\u01b0\u1ee3ng, protein, ch\u1ea5t x\u01a1, \u0111\u1eb7c bi\u1ec7t l\u00e0 vitamin D v\u00e0 canxi gi\u00fap x\u01b0\u01a1ng ch\u1eafc kh\u1ecfe v\u00e0 \u0111\u1ed3ng th\u1eddi t\u0103ng c\u01b0\u1eddng h\u1ec7 ti\u00eau h\u00f3a. B\u00e1nh cracker v\u1ecb rau AFC Dinh D\u01b0\u1ee1ng h\u1ed9p 200g th\u00edch h\u1ee3p l\u00e0m m\u00f3n b\u00e1nh quy \u0103n nh\u1eb9 b\u1ed5 d\u01b0\u1ee1ng cho nh\u1eefng ng\u01b0\u1eddi b\u1eadn r\u1ed9n.<\/p>\n<p><strong>H\u01b0\u1edbng d\u1eabn s\u1eed d\u1ee5ng:<\/strong><\/p>\n<ul>\n<li>D\u00f9ng tr\u1ef1c ti\u1ebfp<\/li>\n<\/ul>\n<p><strong>B\u1ea3o qu\u1ea3n:<\/strong><\/p>\n<ul>\n<li>\u0110\u1ec3 n\u01a1i kh\u00f4 r\u00e1o, tho\u00e1ng m\u00e1t.<\/li>\n<li>Tr\u00e1nh \u00e1nh n\u1eafng tr\u1ef1c ti\u1ebfp ho\u1eb7c n\u01a1i c\u00f3 nhi\u1ec7t \u0111\u1ed9 cao.<\/li>\n<\/ul>","protected":false},"excerpt":{"rendered":"<ul>\n<li>Th\u01b0\u01a1ng hi\u1ec7u: Kinh \u0110\u00f4<\/li>\n<li>Xu\u1ea5t x\u1ee9 th\u01b0\u01a1ng hi\u1ec7u: Vi\u1ec7t Nam<\/li>\n<li>Quy c\u00e1ch \u0111\u00f3ng g\u00f3i: H\u1ed9p 200g<\/li>\n<li>L\u01b0u \u00fd: Bao b\u00ec s\u1ea3n ph\u1ea9m c\u00f3 th\u1ec3 thay \u0111\u1ed5i theo t\u1eebng \u0111\u1ee3t nh\u1eadp h\u00e0ng<\/li>\n<\/ul>","protected":false},"featured_media":20862,"comment_status":"open","ping_status":"closed","template":"","meta":[],"product_brand":[],"product_cat":[35],"product_tag":[],"class_list":{"0":"post-5773","1":"product","2":"type-product","3":"status-publish","4":"has-post-thumbnail","6":"product_cat-banh-keo","7":"pa_thuong-hieu-kinh-do","9":"first","10":"instock","11":"sale","12":"shipping-taxable","13":"purchasable","14":"product-type-simple"},"yoast_head":"<!-- This site is optimized with the Yoast SEO plugin v24.4 - https:\/\/yoast.com\/wordpress\/plugins\/seo\/ -->\n<title>B\u00e1nh cracker dinh d\u01b0\u1ee1ng AFC v\u1ecb rau h\u1ed9p 200g (8 g\u00f3i x 25g) - TOLIO<\/title>\n<meta name=\"description\" content=\"Th\u01b0\u01a1ng hi\u1ec7u: Kinh \u0110\u00f4  Xu\u1ea5t x\u1ee9 th\u01b0\u01a1ng hi\u1ec7u: Vi\u1ec7t Nam  Quy c\u00e1ch \u0111\u00f3ng g\u00f3i: H\u1ed9p 200g  L\u01b0u \u00fd: Bao b\u00ec s\u1ea3n ph\u1ea9m c\u00f3 th\u1ec3 thay \u0111\u1ed5i theo t\u1eebng \u0111\u1ee3t nh\u1eadp h\u00e0ng\" \/>\n<meta name=\"robots\" content=\"index, follow, max-snippet:-1, max-image-preview:large, max-video-preview:-1\" \/>\n<link rel=\"canonical\" href=\"https:\/\/dev.tolio.co.nz\/en\/products\/afc-nutrition-cracker-with-hop-vegetables-200g-8-packs-x-25g\/\" \/>\n<meta property=\"og:locale\" content=\"en_US\" \/>\n<meta property=\"og:type\" content=\"article\" \/>\n<meta property=\"og:title\" content=\"B\u00e1nh cracker dinh d\u01b0\u1ee1ng AFC v\u1ecb rau h\u1ed9p 200g (8 g\u00f3i x 25g) - TOLIO\" \/>\n<meta property=\"og:description\" content=\"Th\u01b0\u01a1ng hi\u1ec7u: Kinh \u0110\u00f4  Xu\u1ea5t x\u1ee9 th\u01b0\u01a1ng hi\u1ec7u: Vi\u1ec7t Nam  Quy c\u00e1ch \u0111\u00f3ng g\u00f3i: H\u1ed9p 200g  L\u01b0u \u00fd: Bao b\u00ec s\u1ea3n ph\u1ea9m c\u00f3 th\u1ec3 thay \u0111\u1ed5i theo t\u1eebng \u0111\u1ee3t nh\u1eadp h\u00e0ng\" \/>\n<meta property=\"og:url\" content=\"https:\/\/dev.tolio.co.nz\/en\/products\/afc-nutrition-cracker-with-hop-vegetables-200g-8-packs-x-25g\/\" \/>\n<meta property=\"og:site_name\" content=\"TOLIO\" \/>\n<meta property=\"article:modified_time\" content=\"2025-09-11T03:59:45+00:00\" \/>\n<meta property=\"og:image\" content=\"https:\/\/dev.tolio.co.nz\/wp-content\/uploads\/2022\/08\/372.png\" \/>\n\t<meta property=\"og:image:width\" content=\"1000\" \/>\n\t<meta property=\"og:image:height\" content=\"907\" \/>\n\t<meta property=\"og:image:type\" content=\"image\/png\" \/>\n<meta name=\"twitter:card\" content=\"summary_large_image\" \/>\n<meta name=\"twitter:label1\" content=\"Est. reading time\" \/>\n\t<meta name=\"twitter:data1\" content=\"1 minute\" \/>\n<script type=\"application\/ld+json\" class=\"yoast-schema-graph\">{\"@context\":\"https:\/\/schema.org\",\"@graph\":[{\"@type\":\"WebPage\",\"@id\":\"https:\/\/dev.tolio.co.nz\/en\/products\/afc-nutrition-cracker-with-hop-vegetables-200g-8-packs-x-25g\/\",\"url\":\"https:\/\/dev.tolio.co.nz\/en\/products\/afc-nutrition-cracker-with-hop-vegetables-200g-8-packs-x-25g\/\",\"name\":\"B\u00e1nh cracker dinh d\u01b0\u1ee1ng AFC v\u1ecb rau h\u1ed9p 200g (8 g\u00f3i x 25g) - TOLIO\",\"isPartOf\":{\"@id\":\"https:\/\/dev.tolio.co.nz\/#website\"},\"primaryImageOfPage\":{\"@id\":\"https:\/\/dev.tolio.co.nz\/en\/products\/afc-nutrition-cracker-with-hop-vegetables-200g-8-packs-x-25g\/#primaryimage\"},\"image\":{\"@id\":\"https:\/\/dev.tolio.co.nz\/en\/products\/afc-nutrition-cracker-with-hop-vegetables-200g-8-packs-x-25g\/#primaryimage\"},\"thumbnailUrl\":\"https:\/\/dev.tolio.co.nz\/wp-content\/uploads\/2022\/08\/372.png\",\"datePublished\":\"2022-08-07T22:28:00+00:00\",\"dateModified\":\"2025-09-11T03:59:45+00:00\",\"description\":\"Th\u01b0\u01a1ng hi\u1ec7u: Kinh \u0110\u00f4 Xu\u1ea5t x\u1ee9 th\u01b0\u01a1ng hi\u1ec7u: Vi\u1ec7t Nam Quy c\u00e1ch \u0111\u00f3ng g\u00f3i: H\u1ed9p 200g L\u01b0u \u00fd: Bao b\u00ec s\u1ea3n ph\u1ea9m c\u00f3 th\u1ec3 thay \u0111\u1ed5i theo t\u1eebng \u0111\u1ee3t nh\u1eadp h\u00e0ng\",\"breadcrumb\":{\"@id\":\"https:\/\/dev.tolio.co.nz\/en\/products\/afc-nutrition-cracker-with-hop-vegetables-200g-8-packs-x-25g\/#breadcrumb\"},\"inLanguage\":\"en-US\",\"potentialAction\":[{\"@type\":\"ReadAction\",\"target\":[\"https:\/\/dev.tolio.co.nz\/en\/products\/afc-nutrition-cracker-with-hop-vegetables-200g-8-packs-x-25g\/\"]}]},{\"@type\":\"ImageObject\",\"inLanguage\":\"en-US\",\"@id\":\"https:\/\/dev.tolio.co.nz\/en\/products\/afc-nutrition-cracker-with-hop-vegetables-200g-8-packs-x-25g\/#primaryimage\",\"url\":\"https:\/\/dev.tolio.co.nz\/wp-content\/uploads\/2022\/08\/372.png\",\"contentUrl\":\"https:\/\/dev.tolio.co.nz\/wp-content\/uploads\/2022\/08\/372.png\",\"width\":1000,\"height\":907},{\"@type\":\"BreadcrumbList\",\"@id\":\"https:\/\/dev.tolio.co.nz\/en\/products\/afc-nutrition-cracker-with-hop-vegetables-200g-8-packs-x-25g\/#breadcrumb\",\"itemListElement\":[{\"@type\":\"ListItem\",\"position\":1,\"name\":\"Home\",\"item\":\"https:\/\/dev.tolio.co.nz\/\"},{\"@type\":\"ListItem\",\"position\":2,\"name\":\"C\u1eeda h\u00e0ng\",\"item\":\"https:\/\/dev.tolio.co.nz\/cua-hang\/\"},{\"@type\":\"ListItem\",\"position\":3,\"name\":\"B\u00e1nh cracker dinh d\u01b0\u1ee1ng AFC v\u1ecb rau h\u1ed9p 200g (8 g\u00f3i x 25g)\"}]},{\"@type\":\"WebSite\",\"@id\":\"https:\/\/dev.tolio.co.nz\/#website\",\"url\":\"https:\/\/dev.tolio.co.nz\/\",\"name\":\"TOLIO\",\"description\":\"Vietnamese Grocery Online\",\"potentialAction\":[{\"@type\":\"SearchAction\",\"target\":{\"@type\":\"EntryPoint\",\"urlTemplate\":\"https:\/\/dev.tolio.co.nz\/?s={search_term_string}\"},\"query-input\":{\"@type\":\"PropertyValueSpecification\",\"valueRequired\":true,\"valueName\":\"search_term_string\"}}],\"inLanguage\":\"en-US\"}]}<\/script>\n<!-- \/ Yoast SEO plugin. -->","yoast_head_json":{"title":"B\u00e1nh cracker dinh d\u01b0\u1ee1ng AFC v\u1ecb rau h\u1ed9p 200g (8 g\u00f3i x 25g) - TOLIO","description":"Th\u01b0\u01a1ng hi\u1ec7u: Kinh \u0110\u00f4  Xu\u1ea5t x\u1ee9 th\u01b0\u01a1ng hi\u1ec7u: Vi\u1ec7t Nam  Quy c\u00e1ch \u0111\u00f3ng g\u00f3i: H\u1ed9p 200g  L\u01b0u \u00fd: Bao b\u00ec s\u1ea3n ph\u1ea9m c\u00f3 th\u1ec3 thay \u0111\u1ed5i theo t\u1eebng \u0111\u1ee3t nh\u1eadp h\u00e0ng","robots":{"index":"index","follow":"follow","max-snippet":"max-snippet:-1","max-image-preview":"max-image-preview:large","max-video-preview":"max-video-preview:-1"},"canonical":"https:\/\/dev.tolio.co.nz\/en\/products\/afc-nutrition-cracker-with-hop-vegetables-200g-8-packs-x-25g\/","og_locale":"en_US","og_type":"article","og_title":"B\u00e1nh cracker dinh d\u01b0\u1ee1ng AFC v\u1ecb rau h\u1ed9p 200g (8 g\u00f3i x 25g) - TOLIO","og_description":"Th\u01b0\u01a1ng hi\u1ec7u: Kinh \u0110\u00f4  Xu\u1ea5t x\u1ee9 th\u01b0\u01a1ng hi\u1ec7u: Vi\u1ec7t Nam  Quy c\u00e1ch \u0111\u00f3ng g\u00f3i: H\u1ed9p 200g  L\u01b0u \u00fd: Bao b\u00ec s\u1ea3n ph\u1ea9m c\u00f3 th\u1ec3 thay \u0111\u1ed5i theo t\u1eebng \u0111\u1ee3t nh\u1eadp h\u00e0ng","og_url":"https:\/\/dev.tolio.co.nz\/en\/products\/afc-nutrition-cracker-with-hop-vegetables-200g-8-packs-x-25g\/","og_site_name":"TOLIO","article_modified_time":"2025-09-11T03:59:45+00:00","og_image":[{"width":1000,"height":907,"url":"https:\/\/dev.tolio.co.nz\/wp-content\/uploads\/2022\/08\/372.png","type":"image\/png"}],"twitter_card":"summary_large_image","twitter_misc":{"Est. reading time":"1 minute"},"schema":{"@context":"https:\/\/schema.org","@graph":[{"@type":"WebPage","@id":"https:\/\/dev.tolio.co.nz\/en\/products\/afc-nutrition-cracker-with-hop-vegetables-200g-8-packs-x-25g\/","url":"https:\/\/dev.tolio.co.nz\/en\/products\/afc-nutrition-cracker-with-hop-vegetables-200g-8-packs-x-25g\/","name":"B\u00e1nh cracker dinh d\u01b0\u1ee1ng AFC v\u1ecb rau h\u1ed9p 200g (8 g\u00f3i x 25g) - TOLIO","isPartOf":{"@id":"https:\/\/dev.tolio.co.nz\/#website"},"primaryImageOfPage":{"@id":"https:\/\/dev.tolio.co.nz\/en\/products\/afc-nutrition-cracker-with-hop-vegetables-200g-8-packs-x-25g\/#primaryimage"},"image":{"@id":"https:\/\/dev.tolio.co.nz\/en\/products\/afc-nutrition-cracker-with-hop-vegetables-200g-8-packs-x-25g\/#primaryimage"},"thumbnailUrl":"https:\/\/dev.tolio.co.nz\/wp-content\/uploads\/2022\/08\/372.png","datePublished":"2022-08-07T22:28:00+00:00","dateModified":"2025-09-11T03:59:45+00:00","description":"Th\u01b0\u01a1ng hi\u1ec7u: Kinh \u0110\u00f4 Xu\u1ea5t x\u1ee9 th\u01b0\u01a1ng hi\u1ec7u: Vi\u1ec7t Nam Quy c\u00e1ch \u0111\u00f3ng g\u00f3i: H\u1ed9p 200g L\u01b0u \u00fd: Bao b\u00ec s\u1ea3n ph\u1ea9m c\u00f3 th\u1ec3 thay \u0111\u1ed5i theo t\u1eebng \u0111\u1ee3t nh\u1eadp h\u00e0ng","breadcrumb":{"@id":"https:\/\/dev.tolio.co.nz\/en\/products\/afc-nutrition-cracker-with-hop-vegetables-200g-8-packs-x-25g\/#breadcrumb"},"inLanguage":"en-US","potentialAction":[{"@type":"ReadAction","target":["https:\/\/dev.tolio.co.nz\/en\/products\/afc-nutrition-cracker-with-hop-vegetables-200g-8-packs-x-25g\/"]}]},{"@type":"ImageObject","inLanguage":"en-US","@id":"https:\/\/dev.tolio.co.nz\/en\/products\/afc-nutrition-cracker-with-hop-vegetables-200g-8-packs-x-25g\/#primaryimage","url":"https:\/\/dev.tolio.co.nz\/wp-content\/uploads\/2022\/08\/372.png","contentUrl":"https:\/\/dev.tolio.co.nz\/wp-content\/uploads\/2022\/08\/372.png","width":1000,"height":907},{"@type":"BreadcrumbList","@id":"https:\/\/dev.tolio.co.nz\/en\/products\/afc-nutrition-cracker-with-hop-vegetables-200g-8-packs-x-25g\/#breadcrumb","itemListElement":[{"@type":"ListItem","position":1,"name":"Home","item":"https:\/\/dev.tolio.co.nz\/"},{"@type":"ListItem","position":2,"name":"C\u1eeda h\u00e0ng","item":"https:\/\/dev.tolio.co.nz\/cua-hang\/"},{"@type":"ListItem","position":3,"name":"B\u00e1nh cracker dinh d\u01b0\u1ee1ng AFC v\u1ecb rau h\u1ed9p 200g (8 g\u00f3i x 25g)"}]},{"@type":"WebSite","@id":"https:\/\/dev.tolio.co.nz\/#website","url":"https:\/\/dev.tolio.co.nz\/","name":"TOLIO","description":"Vietnamese Grocery Online","potentialAction":[{"@type":"SearchAction","target":{"@type":"EntryPoint","urlTemplate":"https:\/\/dev.tolio.co.nz\/?s={search_term_string}"},"query-input":{"@type":"PropertyValueSpecification","valueRequired":true,"valueName":"search_term_string"}}],"inLanguage":"en-US"}]}},"_links":{"self":[{"href":"https:\/\/dev.tolio.co.nz\/en\/wp-json\/wp\/v2\/product\/5773","targetHints":{"allow":["GET"]}}],"collection":[{"href":"https:\/\/dev.tolio.co.nz\/en\/wp-json\/wp\/v2\/product"}],"about":[{"href":"https:\/\/dev.tolio.co.nz\/en\/wp-json\/wp\/v2\/types\/product"}],"replies":[{"embeddable":true,"href":"https:\/\/dev.tolio.co.nz\/en\/wp-json\/wp\/v2\/comments?post=5773"}],"wp:featuredmedia":[{"embeddable":true,"href":"https:\/\/dev.tolio.co.nz\/en\/wp-json\/wp\/v2\/media\/20862"}],"wp:attachment":[{"href":"https:\/\/dev.tolio.co.nz\/en\/wp-json\/wp\/v2\/media?parent=5773"}],"wp:term":[{"taxonomy":"product_brand","embeddable":true,"href":"https:\/\/dev.tolio.co.nz\/en\/wp-json\/wp\/v2\/product_brand?post=5773"},{"taxonomy":"product_cat","embeddable":true,"href":"https:\/\/dev.tolio.co.nz\/en\/wp-json\/wp\/v2\/product_cat?post=5773"},{"taxonomy":"product_tag","embeddable":true,"href":"https:\/\/dev.tolio.co.nz\/en\/wp-json\/wp\/v2\/product_tag?post=5773"}],"curies":[{"name":"wp","href":"https:\/\/api.w.org\/{rel}","templated":true}]}}