{"id":5829,"date":"2022-08-08T11:13:00","date_gmt":"2022-08-07T22:28:00","guid":{"rendered":"https:\/\/tolio2.sitebycat.com\/?post_type=product&#038;p=5829"},"modified":"2025-09-11T15:59:45","modified_gmt":"2025-09-11T03:59:45","slug":"keo-alpenliebe-huong-xoai-nhan-muoi-ot-goi-87g","status":"publish","type":"product","link":"https:\/\/dev.tolio.co.nz\/en\/product\/alpenliebe-oriental-mango-glue-87g-package\/","title":{"rendered":"K\u1eb9o Alpenliebe h\u01b0\u01a1ng xo\u00e0i nh\u00e2n mu\u1ed1i \u1edbt g\u00f3i 87g"},"content":{"rendered":"<p><strong>K\u1eb9o Alpenliebe h\u01b0\u01a1ng xo\u00e0i nh\u00e2n mu\u1ed1i \u1edbt g\u00f3i 87g<\/strong> V\u1edbi v\u1ecb cay the l\u1ea1 mi\u1ec7ng nh\u01b0ng l\u1ea1i v\u00f4 c\u00f9ng \u0111\u1eadm v\u1ecb, th\u01a1m ngon, c\u00f9ng l\u1edbp k\u1eb9o h\u01b0\u01a1ng xo\u00e0i b\u00ean ngo\u00e0i nh\u00e2n k\u1eb9o. K\u1eb9o h\u01b0\u01a1ng xo\u00e0i nh\u00e2n mu\u1ed1i \u1edbt Alpenliebe g\u00f3i 87g h\u01b0\u01a1ng v\u1ecb th\u01a1m ngon, h\u1ee3p kh\u1ea9u v\u1ecb m\u1ecdi l\u1ee9a tu\u1ed5i. K\u1eb9o Alpenliebe th\u01a1m ngon, ng\u1ecdt v\u00e0 th\u00edch th\u00fa khi \u0103n<\/p>\n<p><strong>H\u01b0\u1edbng d\u1eabn s\u1eed d\u1ee5ng:<\/strong><\/p>\n<ul>\n<li>D\u00f9ng tr\u1ef1c ti\u1ebfp<\/li>\n<\/ul>\n<p><strong>B\u1ea3o qu\u1ea3n:<\/strong><\/p>\n<ul>\n<li>\u0110\u1ec3 n\u01a1i kh\u00f4 r\u00e1o, tho\u00e1ng m\u00e1t.<\/li>\n<li>Tr\u00e1nh \u00e1nh n\u1eafng tr\u1ef1c ti\u1ebfp ho\u1eb7c n\u01a1i c\u00f3 nhi\u1ec7t \u0111\u1ed9 cao.<\/li>\n<\/ul>\n<p>&nbsp;<\/p>","protected":false},"excerpt":{"rendered":"<ul>\n<li>Th\u01b0\u01a1ng hi\u1ec7u:\u00a0 Alpenliebe<\/li>\n<li>Xu\u1ea5t x\u1ee9 th\u01b0\u01a1ng hi\u1ec7u: Vi\u1ec7t Nam<\/li>\n<li>Quy c\u00e1ch \u0111\u00f3ng g\u00f3i: G\u00f3i 87g<\/li>\n<li>L\u01b0u \u00fd: Bao b\u00ec s\u1ea3n ph\u1ea9m c\u00f3 th\u1ec3 thay \u0111\u1ed5i theo t\u1eebng \u0111\u1ee3t nh\u1eadp h\u00e0ng<\/li>\n<\/ul>","protected":false},"featured_media":20800,"comment_status":"open","ping_status":"closed","template":"","meta":[],"product_brand":[],"product_cat":[35,30,31],"product_tag":[],"class_list":{"0":"post-5829","1":"product","2":"type-product","3":"status-publish","4":"has-post-thumbnail","6":"product_cat-banh-keo","7":"product_cat-ban-chay-nhat","8":"product_cat-hang-moi-ve","9":"pa_thuong-hieu-alpenliebe","11":"first","12":"outofstock","13":"shipping-taxable","14":"purchasable","15":"product-type-simple"},"yoast_head":"<!-- This site is optimized with the Yoast SEO plugin v24.4 - https:\/\/yoast.com\/wordpress\/plugins\/seo\/ -->\n<title>K\u1eb9o Alpenliebe h\u01b0\u01a1ng xo\u00e0i nh\u00e2n mu\u1ed1i \u1edbt g\u00f3i 87g - TOLIO<\/title>\n<meta name=\"description\" content=\"Th\u01b0\u01a1ng hi\u1ec7u:\u00a0 Alpenliebe  Xu\u1ea5t x\u1ee9 th\u01b0\u01a1ng hi\u1ec7u: Vi\u1ec7t Nam  Quy c\u00e1ch \u0111\u00f3ng g\u00f3i: G\u00f3i 87g  L\u01b0u \u00fd: Bao b\u00ec s\u1ea3n ph\u1ea9m c\u00f3 th\u1ec3 thay \u0111\u1ed5i theo t\u1eebng \u0111\u1ee3t nh\u1eadp h\u00e0ng\" \/>\n<meta name=\"robots\" content=\"index, follow, max-snippet:-1, max-image-preview:large, max-video-preview:-1\" \/>\n<link rel=\"canonical\" href=\"https:\/\/dev.tolio.co.nz\/en\/products\/alpenliebe-oriental-mango-glue-87g-package\/\" \/>\n<meta property=\"og:locale\" content=\"en_US\" \/>\n<meta property=\"og:type\" content=\"article\" \/>\n<meta property=\"og:title\" content=\"K\u1eb9o Alpenliebe h\u01b0\u01a1ng xo\u00e0i nh\u00e2n mu\u1ed1i \u1edbt g\u00f3i 87g - TOLIO\" \/>\n<meta property=\"og:description\" content=\"Th\u01b0\u01a1ng hi\u1ec7u:\u00a0 Alpenliebe  Xu\u1ea5t x\u1ee9 th\u01b0\u01a1ng hi\u1ec7u: Vi\u1ec7t Nam  Quy c\u00e1ch \u0111\u00f3ng g\u00f3i: G\u00f3i 87g  L\u01b0u \u00fd: Bao b\u00ec s\u1ea3n ph\u1ea9m c\u00f3 th\u1ec3 thay \u0111\u1ed5i theo t\u1eebng \u0111\u1ee3t nh\u1eadp h\u00e0ng\" \/>\n<meta property=\"og:url\" content=\"https:\/\/dev.tolio.co.nz\/en\/products\/alpenliebe-oriental-mango-glue-87g-package\/\" \/>\n<meta property=\"og:site_name\" content=\"TOLIO\" \/>\n<meta property=\"article:modified_time\" content=\"2025-09-11T03:59:45+00:00\" \/>\n<meta property=\"og:image\" content=\"https:\/\/dev.tolio.co.nz\/wp-content\/uploads\/2024\/05\/354.png\" \/>\n\t<meta property=\"og:image:width\" content=\"1000\" \/>\n\t<meta property=\"og:image:height\" content=\"907\" \/>\n\t<meta property=\"og:image:type\" content=\"image\/png\" \/>\n<meta name=\"twitter:card\" content=\"summary_large_image\" \/>\n<meta name=\"twitter:label1\" content=\"Est. reading time\" \/>\n\t<meta name=\"twitter:data1\" content=\"1 minute\" \/>\n<script type=\"application\/ld+json\" class=\"yoast-schema-graph\">{\"@context\":\"https:\/\/schema.org\",\"@graph\":[{\"@type\":\"WebPage\",\"@id\":\"https:\/\/dev.tolio.co.nz\/en\/products\/alpenliebe-oriental-mango-glue-87g-package\/\",\"url\":\"https:\/\/dev.tolio.co.nz\/en\/products\/alpenliebe-oriental-mango-glue-87g-package\/\",\"name\":\"K\u1eb9o Alpenliebe h\u01b0\u01a1ng xo\u00e0i nh\u00e2n mu\u1ed1i \u1edbt g\u00f3i 87g - TOLIO\",\"isPartOf\":{\"@id\":\"https:\/\/dev.tolio.co.nz\/#website\"},\"primaryImageOfPage\":{\"@id\":\"https:\/\/dev.tolio.co.nz\/en\/products\/alpenliebe-oriental-mango-glue-87g-package\/#primaryimage\"},\"image\":{\"@id\":\"https:\/\/dev.tolio.co.nz\/en\/products\/alpenliebe-oriental-mango-glue-87g-package\/#primaryimage\"},\"thumbnailUrl\":\"https:\/\/dev.tolio.co.nz\/wp-content\/uploads\/2024\/05\/354.png\",\"datePublished\":\"2022-08-07T22:28:00+00:00\",\"dateModified\":\"2025-09-11T03:59:45+00:00\",\"description\":\"Th\u01b0\u01a1ng hi\u1ec7u:\u00a0 Alpenliebe Xu\u1ea5t x\u1ee9 th\u01b0\u01a1ng hi\u1ec7u: Vi\u1ec7t Nam Quy c\u00e1ch \u0111\u00f3ng g\u00f3i: G\u00f3i 87g L\u01b0u \u00fd: Bao b\u00ec s\u1ea3n ph\u1ea9m c\u00f3 th\u1ec3 thay \u0111\u1ed5i theo t\u1eebng \u0111\u1ee3t nh\u1eadp h\u00e0ng\",\"breadcrumb\":{\"@id\":\"https:\/\/dev.tolio.co.nz\/en\/products\/alpenliebe-oriental-mango-glue-87g-package\/#breadcrumb\"},\"inLanguage\":\"en-US\",\"potentialAction\":[{\"@type\":\"ReadAction\",\"target\":[\"https:\/\/dev.tolio.co.nz\/en\/products\/alpenliebe-oriental-mango-glue-87g-package\/\"]}]},{\"@type\":\"ImageObject\",\"inLanguage\":\"en-US\",\"@id\":\"https:\/\/dev.tolio.co.nz\/en\/products\/alpenliebe-oriental-mango-glue-87g-package\/#primaryimage\",\"url\":\"https:\/\/dev.tolio.co.nz\/wp-content\/uploads\/2024\/05\/354.png\",\"contentUrl\":\"https:\/\/dev.tolio.co.nz\/wp-content\/uploads\/2024\/05\/354.png\",\"width\":1000,\"height\":907},{\"@type\":\"BreadcrumbList\",\"@id\":\"https:\/\/dev.tolio.co.nz\/en\/products\/alpenliebe-oriental-mango-glue-87g-package\/#breadcrumb\",\"itemListElement\":[{\"@type\":\"ListItem\",\"position\":1,\"name\":\"Home\",\"item\":\"https:\/\/dev.tolio.co.nz\/\"},{\"@type\":\"ListItem\",\"position\":2,\"name\":\"C\u1eeda h\u00e0ng\",\"item\":\"https:\/\/dev.tolio.co.nz\/cua-hang\/\"},{\"@type\":\"ListItem\",\"position\":3,\"name\":\"K\u1eb9o Alpenliebe h\u01b0\u01a1ng xo\u00e0i nh\u00e2n mu\u1ed1i \u1edbt g\u00f3i 87g\"}]},{\"@type\":\"WebSite\",\"@id\":\"https:\/\/dev.tolio.co.nz\/#website\",\"url\":\"https:\/\/dev.tolio.co.nz\/\",\"name\":\"TOLIO\",\"description\":\"Vietnamese Grocery Online\",\"potentialAction\":[{\"@type\":\"SearchAction\",\"target\":{\"@type\":\"EntryPoint\",\"urlTemplate\":\"https:\/\/dev.tolio.co.nz\/?s={search_term_string}\"},\"query-input\":{\"@type\":\"PropertyValueSpecification\",\"valueRequired\":true,\"valueName\":\"search_term_string\"}}],\"inLanguage\":\"en-US\"}]}<\/script>\n<!-- \/ Yoast SEO plugin. -->","yoast_head_json":{"title":"K\u1eb9o Alpenliebe h\u01b0\u01a1ng xo\u00e0i nh\u00e2n mu\u1ed1i \u1edbt g\u00f3i 87g - TOLIO","description":"Th\u01b0\u01a1ng hi\u1ec7u:\u00a0 Alpenliebe  Xu\u1ea5t x\u1ee9 th\u01b0\u01a1ng hi\u1ec7u: Vi\u1ec7t Nam  Quy c\u00e1ch \u0111\u00f3ng g\u00f3i: G\u00f3i 87g  L\u01b0u \u00fd: Bao b\u00ec s\u1ea3n ph\u1ea9m c\u00f3 th\u1ec3 thay \u0111\u1ed5i theo t\u1eebng \u0111\u1ee3t nh\u1eadp h\u00e0ng","robots":{"index":"index","follow":"follow","max-snippet":"max-snippet:-1","max-image-preview":"max-image-preview:large","max-video-preview":"max-video-preview:-1"},"canonical":"https:\/\/dev.tolio.co.nz\/en\/products\/alpenliebe-oriental-mango-glue-87g-package\/","og_locale":"en_US","og_type":"article","og_title":"K\u1eb9o Alpenliebe h\u01b0\u01a1ng xo\u00e0i nh\u00e2n mu\u1ed1i \u1edbt g\u00f3i 87g - TOLIO","og_description":"Th\u01b0\u01a1ng hi\u1ec7u:\u00a0 Alpenliebe  Xu\u1ea5t x\u1ee9 th\u01b0\u01a1ng hi\u1ec7u: Vi\u1ec7t Nam  Quy c\u00e1ch \u0111\u00f3ng g\u00f3i: G\u00f3i 87g  L\u01b0u \u00fd: Bao b\u00ec s\u1ea3n ph\u1ea9m c\u00f3 th\u1ec3 thay \u0111\u1ed5i theo t\u1eebng \u0111\u1ee3t nh\u1eadp h\u00e0ng","og_url":"https:\/\/dev.tolio.co.nz\/en\/products\/alpenliebe-oriental-mango-glue-87g-package\/","og_site_name":"TOLIO","article_modified_time":"2025-09-11T03:59:45+00:00","og_image":[{"width":1000,"height":907,"url":"https:\/\/dev.tolio.co.nz\/wp-content\/uploads\/2024\/05\/354.png","type":"image\/png"}],"twitter_card":"summary_large_image","twitter_misc":{"Est. reading time":"1 minute"},"schema":{"@context":"https:\/\/schema.org","@graph":[{"@type":"WebPage","@id":"https:\/\/dev.tolio.co.nz\/en\/products\/alpenliebe-oriental-mango-glue-87g-package\/","url":"https:\/\/dev.tolio.co.nz\/en\/products\/alpenliebe-oriental-mango-glue-87g-package\/","name":"K\u1eb9o Alpenliebe h\u01b0\u01a1ng xo\u00e0i nh\u00e2n mu\u1ed1i \u1edbt g\u00f3i 87g - TOLIO","isPartOf":{"@id":"https:\/\/dev.tolio.co.nz\/#website"},"primaryImageOfPage":{"@id":"https:\/\/dev.tolio.co.nz\/en\/products\/alpenliebe-oriental-mango-glue-87g-package\/#primaryimage"},"image":{"@id":"https:\/\/dev.tolio.co.nz\/en\/products\/alpenliebe-oriental-mango-glue-87g-package\/#primaryimage"},"thumbnailUrl":"https:\/\/dev.tolio.co.nz\/wp-content\/uploads\/2024\/05\/354.png","datePublished":"2022-08-07T22:28:00+00:00","dateModified":"2025-09-11T03:59:45+00:00","description":"Th\u01b0\u01a1ng hi\u1ec7u:\u00a0 Alpenliebe Xu\u1ea5t x\u1ee9 th\u01b0\u01a1ng hi\u1ec7u: Vi\u1ec7t Nam Quy c\u00e1ch \u0111\u00f3ng g\u00f3i: G\u00f3i 87g L\u01b0u \u00fd: Bao b\u00ec s\u1ea3n ph\u1ea9m c\u00f3 th\u1ec3 thay \u0111\u1ed5i theo t\u1eebng \u0111\u1ee3t nh\u1eadp h\u00e0ng","breadcrumb":{"@id":"https:\/\/dev.tolio.co.nz\/en\/products\/alpenliebe-oriental-mango-glue-87g-package\/#breadcrumb"},"inLanguage":"en-US","potentialAction":[{"@type":"ReadAction","target":["https:\/\/dev.tolio.co.nz\/en\/products\/alpenliebe-oriental-mango-glue-87g-package\/"]}]},{"@type":"ImageObject","inLanguage":"en-US","@id":"https:\/\/dev.tolio.co.nz\/en\/products\/alpenliebe-oriental-mango-glue-87g-package\/#primaryimage","url":"https:\/\/dev.tolio.co.nz\/wp-content\/uploads\/2024\/05\/354.png","contentUrl":"https:\/\/dev.tolio.co.nz\/wp-content\/uploads\/2024\/05\/354.png","width":1000,"height":907},{"@type":"BreadcrumbList","@id":"https:\/\/dev.tolio.co.nz\/en\/products\/alpenliebe-oriental-mango-glue-87g-package\/#breadcrumb","itemListElement":[{"@type":"ListItem","position":1,"name":"Home","item":"https:\/\/dev.tolio.co.nz\/"},{"@type":"ListItem","position":2,"name":"C\u1eeda h\u00e0ng","item":"https:\/\/dev.tolio.co.nz\/cua-hang\/"},{"@type":"ListItem","position":3,"name":"K\u1eb9o Alpenliebe h\u01b0\u01a1ng xo\u00e0i nh\u00e2n mu\u1ed1i \u1edbt g\u00f3i 87g"}]},{"@type":"WebSite","@id":"https:\/\/dev.tolio.co.nz\/#website","url":"https:\/\/dev.tolio.co.nz\/","name":"TOLIO","description":"Vietnamese Grocery Online","potentialAction":[{"@type":"SearchAction","target":{"@type":"EntryPoint","urlTemplate":"https:\/\/dev.tolio.co.nz\/?s={search_term_string}"},"query-input":{"@type":"PropertyValueSpecification","valueRequired":true,"valueName":"search_term_string"}}],"inLanguage":"en-US"}]}},"_links":{"self":[{"href":"https:\/\/dev.tolio.co.nz\/en\/wp-json\/wp\/v2\/product\/5829","targetHints":{"allow":["GET"]}}],"collection":[{"href":"https:\/\/dev.tolio.co.nz\/en\/wp-json\/wp\/v2\/product"}],"about":[{"href":"https:\/\/dev.tolio.co.nz\/en\/wp-json\/wp\/v2\/types\/product"}],"replies":[{"embeddable":true,"href":"https:\/\/dev.tolio.co.nz\/en\/wp-json\/wp\/v2\/comments?post=5829"}],"wp:featuredmedia":[{"embeddable":true,"href":"https:\/\/dev.tolio.co.nz\/en\/wp-json\/wp\/v2\/media\/20800"}],"wp:attachment":[{"href":"https:\/\/dev.tolio.co.nz\/en\/wp-json\/wp\/v2\/media?parent=5829"}],"wp:term":[{"taxonomy":"product_brand","embeddable":true,"href":"https:\/\/dev.tolio.co.nz\/en\/wp-json\/wp\/v2\/product_brand?post=5829"},{"taxonomy":"product_cat","embeddable":true,"href":"https:\/\/dev.tolio.co.nz\/en\/wp-json\/wp\/v2\/product_cat?post=5829"},{"taxonomy":"product_tag","embeddable":true,"href":"https:\/\/dev.tolio.co.nz\/en\/wp-json\/wp\/v2\/product_tag?post=5829"}],"curies":[{"name":"wp","href":"https:\/\/api.w.org\/{rel}","templated":true}]}}