{"id":7295,"date":"2022-11-06T17:05:00","date_gmt":"2022-11-06T04:20:00","guid":{"rendered":"https:\/\/tolio2.sitebycat.com\/?post_type=product&#038;p=7295"},"modified":"2025-09-11T16:00:54","modified_gmt":"2025-09-11T04:00:54","slug":"thung-44-goi-banh-trang-vuong-22cm-340g-ba-cay-tre","status":"publish","type":"product","link":"https:\/\/dev.tolio.co.nz\/en\/product\/44-packages-of-banh-trang-vuong-22cm-340g-three-spicy-bamboo\/","title":{"rendered":"Th\u00f9ng 44 g\u00f3i b\u00e1nh tr\u00e1ng vu\u00f4ng 22cm 340g Ba C\u00e2y Tre"},"content":{"rendered":"<p><strong>Th\u00f9ng 44 g\u00f3i b\u00e1nh tr\u00e1ng vu\u00f4ng 22cm 340g Ba C\u00e2y Tre<\/strong> S\u1ea3n ph\u1ea9m \u0111\u01b0\u1ee3c s\u1ea3n xu\u1ea5t theo quy tr\u00ecnh hi\u1ec7n \u0111\u1ea1i kh\u00e9p k\u00edn, \u0111\u1ea1t c\u00e1c ti\u00eau chu\u1ea9n xu\u1ea5t kh\u1ea9u nhi\u1ec1u n\u01b0\u1edbc tr\u00ean th\u1ebf gi\u1edbi trong \u0111\u00f3 c\u00f3 c\u00e1c th\u1ecb tr\u01b0\u1eddng kh\u00f3 t\u00ednh nh\u1ea5t nh\u01b0 : Hoa K\u1ef3, Nh\u1eadt B\u1ea3n, H\u00e0n Qu\u1ed1c, \u00dac, Canada, v\u00e0 c\u00e1c n\u01b0\u1edbc thu\u1ed9c khu v\u1ef1c Ch\u00e2u \u00c2u.<\/p>\n<p><strong>H\u01b0\u1edbng d\u1eabn s\u1eed d\u1ee5ng:<\/strong><\/p>\n<ul>\n<li>M\u1ed7i l\u1ea7n l\u1ea5y 1 mi\u1ebfng b\u00e1nh tr\u00e1ng<\/li>\n<li>Nh\u00fang b\u00e1nh tr\u00e1ng v\u00e0o n\u01b0\u1edbc \u1ea5m trong 5 gi\u00e2y<\/li>\n<li>\u0110\u1eb7t b\u00e1nh tr\u00e1ng tr\u00ean 1 c\u00e1i \u0111\u0129a ph\u1eb3ng<\/li>\n<li>Cho h\u1ea3i s\u1ea3n ho\u1eb7c th\u1ecbt \u0111\u00e3 tr\u1ee5ng ch\u00edn, b\u00fan v\u00e0 c\u00e1c lo\u1ea1i rau tr\u00ean b\u00e1nh tr\u00e1ng<\/li>\n<li>Cu\u1ed1n b\u00e1nh tr\u00e1ng th\u00e0nh cu\u1ed9n tr\u00f2n<\/li>\n<li>D\u00f9ng v\u1edbi n\u01b0\u1edbc m\u1eafm pha t\u1ecfi \u1edbt<\/li>\n<\/ul>\n<p><strong>B\u1ea3o qu\u1ea3n:<\/strong><\/p>\n<ul>\n<li>\u0110\u1ec3 n\u01a1i kh\u00f4 r\u00e1o, tho\u00e1ng m\u00e1t.<\/li>\n<li>B\u1ea3o qu\u1ea3n \u1edf nhi\u1ec7t \u0111\u1ed9 th\u01b0\u1eddng<\/li>\n<\/ul>","protected":false},"excerpt":{"rendered":"<ul>\n<li>Th\u01b0\u01a1ng hi\u1ec7u: Ba c\u00e2y tre<\/li>\n<li>Xu\u1ea5t x\u1ee9 th\u01b0\u01a1ng hi\u1ec7u: Vi\u1ec7t Nam<\/li>\n<li>Quy c\u00e1ch \u0111\u00f3ng g\u00f3i: G\u00f3i 340g, 44 g\u00f3i\/th\u00f9ng<\/li>\n<li>L\u01b0u \u00fd: Bao b\u00ec s\u1ea3n ph\u1ea9m c\u00f3 th\u1ec3 thay \u0111\u1ed5i theo t\u1eebng \u0111\u1ee3t nh\u1eadp h\u00e0ng<\/li>\n<\/ul>\n<p>&nbsp;<\/p>","protected":false},"featured_media":17329,"comment_status":"open","ping_status":"closed","template":"","meta":[],"product_brand":[],"product_cat":[876,32],"product_tag":[148,153,152],"class_list":{"0":"post-7295","1":"product","2":"type-product","3":"status-publish","4":"has-post-thumbnail","6":"product_cat-bulk-order","7":"product_cat-bun-pho-banh-trang","8":"product_tag-banh-trang","9":"product_tag-banh-trang-ba-cay-tre","10":"product_tag-banh-trang-cuon","11":"pa_thuong-hieu-ba-cay-tre","13":"first","14":"instock","15":"sale","16":"shipping-taxable","17":"purchasable","18":"product-type-simple"},"yoast_head":"<!-- This site is optimized with the Yoast SEO plugin v24.4 - https:\/\/yoast.com\/wordpress\/plugins\/seo\/ -->\n<title>Th\u00f9ng 44 g\u00f3i b\u00e1nh tr\u00e1ng vu\u00f4ng 22cm 340g Ba C\u00e2y Tre - TOLIO<\/title>\n<meta name=\"description\" content=\"Th\u01b0\u01a1ng hi\u1ec7u: Ba c\u00e2y tre  Xu\u1ea5t x\u1ee9 th\u01b0\u01a1ng hi\u1ec7u: Vi\u1ec7t Nam  Quy c\u00e1ch \u0111\u00f3ng g\u00f3i: G\u00f3i 340g, 44 g\u00f3i\/th\u00f9ng  L\u01b0u \u00fd: Bao b\u00ec s\u1ea3n ph\u1ea9m c\u00f3 th\u1ec3 thay \u0111\u1ed5i theo t\u1eebng \u0111\u1ee3t nh\u1eadp h\u00e0ng  &nbsp;\" \/>\n<meta name=\"robots\" content=\"index, follow, max-snippet:-1, max-image-preview:large, max-video-preview:-1\" \/>\n<link rel=\"canonical\" href=\"https:\/\/dev.tolio.co.nz\/en\/product\/44-packages-of-banh-trang-vuong-22cm-340g-three-spicy-bamboo\/\" \/>\n<meta property=\"og:locale\" content=\"en_US\" \/>\n<meta property=\"og:type\" content=\"article\" \/>\n<meta property=\"og:title\" content=\"Th\u00f9ng 44 g\u00f3i b\u00e1nh tr\u00e1ng vu\u00f4ng 22cm 340g Ba C\u00e2y Tre - TOLIO\" \/>\n<meta property=\"og:description\" content=\"Th\u01b0\u01a1ng hi\u1ec7u: Ba c\u00e2y tre  Xu\u1ea5t x\u1ee9 th\u01b0\u01a1ng hi\u1ec7u: Vi\u1ec7t Nam  Quy c\u00e1ch \u0111\u00f3ng g\u00f3i: G\u00f3i 340g, 44 g\u00f3i\/th\u00f9ng  L\u01b0u \u00fd: Bao b\u00ec s\u1ea3n ph\u1ea9m c\u00f3 th\u1ec3 thay \u0111\u1ed5i theo t\u1eebng \u0111\u1ee3t nh\u1eadp h\u00e0ng  &nbsp;\" \/>\n<meta property=\"og:url\" content=\"https:\/\/dev.tolio.co.nz\/en\/product\/44-packages-of-banh-trang-vuong-22cm-340g-three-spicy-bamboo\/\" \/>\n<meta property=\"og:site_name\" content=\"TOLIO\" \/>\n<meta property=\"article:modified_time\" content=\"2025-09-11T04:00:54+00:00\" \/>\n<meta property=\"og:image\" content=\"https:\/\/dev.tolio.co.nz\/wp-content\/uploads\/2022\/11\/Hinh-anh-san-pham-1-57.png\" \/>\n\t<meta property=\"og:image:width\" content=\"1000\" \/>\n\t<meta property=\"og:image:height\" content=\"907\" \/>\n\t<meta property=\"og:image:type\" content=\"image\/png\" \/>\n<meta name=\"twitter:card\" content=\"summary_large_image\" \/>\n<meta name=\"twitter:label1\" content=\"Est. reading time\" \/>\n\t<meta name=\"twitter:data1\" content=\"1 minute\" \/>\n<script type=\"application\/ld+json\" class=\"yoast-schema-graph\">{\"@context\":\"https:\/\/schema.org\",\"@graph\":[{\"@type\":\"WebPage\",\"@id\":\"https:\/\/dev.tolio.co.nz\/san-pham\/thung-44-goi-banh-trang-vuong-22cm-340g-ba-cay-tre\/\",\"url\":\"https:\/\/dev.tolio.co.nz\/san-pham\/thung-44-goi-banh-trang-vuong-22cm-340g-ba-cay-tre\/\",\"name\":\"Th\u00f9ng 44 g\u00f3i b\u00e1nh tr\u00e1ng vu\u00f4ng 22cm 340g Ba C\u00e2y Tre - TOLIO\",\"isPartOf\":{\"@id\":\"https:\/\/dev.tolio.co.nz\/#website\"},\"primaryImageOfPage\":{\"@id\":\"https:\/\/dev.tolio.co.nz\/san-pham\/thung-44-goi-banh-trang-vuong-22cm-340g-ba-cay-tre\/#primaryimage\"},\"image\":{\"@id\":\"https:\/\/dev.tolio.co.nz\/san-pham\/thung-44-goi-banh-trang-vuong-22cm-340g-ba-cay-tre\/#primaryimage\"},\"thumbnailUrl\":\"https:\/\/dev.tolio.co.nz\/wp-content\/uploads\/2022\/11\/Hinh-anh-san-pham-1-57.png\",\"datePublished\":\"2022-11-06T04:20:00+00:00\",\"dateModified\":\"2025-09-11T04:00:54+00:00\",\"description\":\"Th\u01b0\u01a1ng hi\u1ec7u: Ba c\u00e2y tre Xu\u1ea5t x\u1ee9 th\u01b0\u01a1ng hi\u1ec7u: Vi\u1ec7t Nam Quy c\u00e1ch \u0111\u00f3ng g\u00f3i: G\u00f3i 340g, 44 g\u00f3i\/th\u00f9ng L\u01b0u \u00fd: Bao b\u00ec s\u1ea3n ph\u1ea9m c\u00f3 th\u1ec3 thay \u0111\u1ed5i theo t\u1eebng \u0111\u1ee3t nh\u1eadp h\u00e0ng &nbsp;\",\"breadcrumb\":{\"@id\":\"https:\/\/dev.tolio.co.nz\/san-pham\/thung-44-goi-banh-trang-vuong-22cm-340g-ba-cay-tre\/#breadcrumb\"},\"inLanguage\":\"en-US\",\"potentialAction\":[{\"@type\":\"ReadAction\",\"target\":[\"https:\/\/dev.tolio.co.nz\/san-pham\/thung-44-goi-banh-trang-vuong-22cm-340g-ba-cay-tre\/\"]}]},{\"@type\":\"ImageObject\",\"inLanguage\":\"en-US\",\"@id\":\"https:\/\/dev.tolio.co.nz\/san-pham\/thung-44-goi-banh-trang-vuong-22cm-340g-ba-cay-tre\/#primaryimage\",\"url\":\"https:\/\/dev.tolio.co.nz\/wp-content\/uploads\/2022\/11\/Hinh-anh-san-pham-1-57.png\",\"contentUrl\":\"https:\/\/dev.tolio.co.nz\/wp-content\/uploads\/2022\/11\/Hinh-anh-san-pham-1-57.png\",\"width\":1000,\"height\":907},{\"@type\":\"BreadcrumbList\",\"@id\":\"https:\/\/dev.tolio.co.nz\/san-pham\/thung-44-goi-banh-trang-vuong-22cm-340g-ba-cay-tre\/#breadcrumb\",\"itemListElement\":[{\"@type\":\"ListItem\",\"position\":1,\"name\":\"Home\",\"item\":\"https:\/\/dev.tolio.co.nz\/\"},{\"@type\":\"ListItem\",\"position\":2,\"name\":\"C\u1eeda h\u00e0ng\",\"item\":\"https:\/\/dev.tolio.co.nz\/cua-hang\/\"},{\"@type\":\"ListItem\",\"position\":3,\"name\":\"Th\u00f9ng 44 g\u00f3i b\u00e1nh tr\u00e1ng vu\u00f4ng 22cm 340g Ba C\u00e2y Tre\"}]},{\"@type\":\"WebSite\",\"@id\":\"https:\/\/dev.tolio.co.nz\/#website\",\"url\":\"https:\/\/dev.tolio.co.nz\/\",\"name\":\"TOLIO\",\"description\":\"Vietnamese Grocery Online\",\"potentialAction\":[{\"@type\":\"SearchAction\",\"target\":{\"@type\":\"EntryPoint\",\"urlTemplate\":\"https:\/\/dev.tolio.co.nz\/?s={search_term_string}\"},\"query-input\":{\"@type\":\"PropertyValueSpecification\",\"valueRequired\":true,\"valueName\":\"search_term_string\"}}],\"inLanguage\":\"en-US\"}]}<\/script>\n<!-- \/ Yoast SEO plugin. -->","yoast_head_json":{"title":"Th\u00f9ng 44 g\u00f3i b\u00e1nh tr\u00e1ng vu\u00f4ng 22cm 340g Ba C\u00e2y Tre - TOLIO","description":"Th\u01b0\u01a1ng hi\u1ec7u: Ba c\u00e2y tre  Xu\u1ea5t x\u1ee9 th\u01b0\u01a1ng hi\u1ec7u: Vi\u1ec7t Nam  Quy c\u00e1ch \u0111\u00f3ng g\u00f3i: G\u00f3i 340g, 44 g\u00f3i\/th\u00f9ng  L\u01b0u \u00fd: Bao b\u00ec s\u1ea3n ph\u1ea9m c\u00f3 th\u1ec3 thay \u0111\u1ed5i theo t\u1eebng \u0111\u1ee3t nh\u1eadp h\u00e0ng  &nbsp;","robots":{"index":"index","follow":"follow","max-snippet":"max-snippet:-1","max-image-preview":"max-image-preview:large","max-video-preview":"max-video-preview:-1"},"canonical":"https:\/\/dev.tolio.co.nz\/en\/product\/44-packages-of-banh-trang-vuong-22cm-340g-three-spicy-bamboo\/","og_locale":"en_US","og_type":"article","og_title":"Th\u00f9ng 44 g\u00f3i b\u00e1nh tr\u00e1ng vu\u00f4ng 22cm 340g Ba C\u00e2y Tre - TOLIO","og_description":"Th\u01b0\u01a1ng hi\u1ec7u: Ba c\u00e2y tre  Xu\u1ea5t x\u1ee9 th\u01b0\u01a1ng hi\u1ec7u: Vi\u1ec7t Nam  Quy c\u00e1ch \u0111\u00f3ng g\u00f3i: G\u00f3i 340g, 44 g\u00f3i\/th\u00f9ng  L\u01b0u \u00fd: Bao b\u00ec s\u1ea3n ph\u1ea9m c\u00f3 th\u1ec3 thay \u0111\u1ed5i theo t\u1eebng \u0111\u1ee3t nh\u1eadp h\u00e0ng  &nbsp;","og_url":"https:\/\/dev.tolio.co.nz\/en\/product\/44-packages-of-banh-trang-vuong-22cm-340g-three-spicy-bamboo\/","og_site_name":"TOLIO","article_modified_time":"2025-09-11T04:00:54+00:00","og_image":[{"width":1000,"height":907,"url":"https:\/\/dev.tolio.co.nz\/wp-content\/uploads\/2022\/11\/Hinh-anh-san-pham-1-57.png","type":"image\/png"}],"twitter_card":"summary_large_image","twitter_misc":{"Est. reading time":"1 minute"},"schema":{"@context":"https:\/\/schema.org","@graph":[{"@type":"WebPage","@id":"https:\/\/dev.tolio.co.nz\/san-pham\/thung-44-goi-banh-trang-vuong-22cm-340g-ba-cay-tre\/","url":"https:\/\/dev.tolio.co.nz\/san-pham\/thung-44-goi-banh-trang-vuong-22cm-340g-ba-cay-tre\/","name":"Th\u00f9ng 44 g\u00f3i b\u00e1nh tr\u00e1ng vu\u00f4ng 22cm 340g Ba C\u00e2y Tre - TOLIO","isPartOf":{"@id":"https:\/\/dev.tolio.co.nz\/#website"},"primaryImageOfPage":{"@id":"https:\/\/dev.tolio.co.nz\/san-pham\/thung-44-goi-banh-trang-vuong-22cm-340g-ba-cay-tre\/#primaryimage"},"image":{"@id":"https:\/\/dev.tolio.co.nz\/san-pham\/thung-44-goi-banh-trang-vuong-22cm-340g-ba-cay-tre\/#primaryimage"},"thumbnailUrl":"https:\/\/dev.tolio.co.nz\/wp-content\/uploads\/2022\/11\/Hinh-anh-san-pham-1-57.png","datePublished":"2022-11-06T04:20:00+00:00","dateModified":"2025-09-11T04:00:54+00:00","description":"Th\u01b0\u01a1ng hi\u1ec7u: Ba c\u00e2y tre Xu\u1ea5t x\u1ee9 th\u01b0\u01a1ng hi\u1ec7u: Vi\u1ec7t Nam Quy c\u00e1ch \u0111\u00f3ng g\u00f3i: G\u00f3i 340g, 44 g\u00f3i\/th\u00f9ng L\u01b0u \u00fd: Bao b\u00ec s\u1ea3n ph\u1ea9m c\u00f3 th\u1ec3 thay \u0111\u1ed5i theo t\u1eebng \u0111\u1ee3t nh\u1eadp h\u00e0ng &nbsp;","breadcrumb":{"@id":"https:\/\/dev.tolio.co.nz\/san-pham\/thung-44-goi-banh-trang-vuong-22cm-340g-ba-cay-tre\/#breadcrumb"},"inLanguage":"en-US","potentialAction":[{"@type":"ReadAction","target":["https:\/\/dev.tolio.co.nz\/san-pham\/thung-44-goi-banh-trang-vuong-22cm-340g-ba-cay-tre\/"]}]},{"@type":"ImageObject","inLanguage":"en-US","@id":"https:\/\/dev.tolio.co.nz\/san-pham\/thung-44-goi-banh-trang-vuong-22cm-340g-ba-cay-tre\/#primaryimage","url":"https:\/\/dev.tolio.co.nz\/wp-content\/uploads\/2022\/11\/Hinh-anh-san-pham-1-57.png","contentUrl":"https:\/\/dev.tolio.co.nz\/wp-content\/uploads\/2022\/11\/Hinh-anh-san-pham-1-57.png","width":1000,"height":907},{"@type":"BreadcrumbList","@id":"https:\/\/dev.tolio.co.nz\/san-pham\/thung-44-goi-banh-trang-vuong-22cm-340g-ba-cay-tre\/#breadcrumb","itemListElement":[{"@type":"ListItem","position":1,"name":"Home","item":"https:\/\/dev.tolio.co.nz\/"},{"@type":"ListItem","position":2,"name":"C\u1eeda h\u00e0ng","item":"https:\/\/dev.tolio.co.nz\/cua-hang\/"},{"@type":"ListItem","position":3,"name":"Th\u00f9ng 44 g\u00f3i b\u00e1nh tr\u00e1ng vu\u00f4ng 22cm 340g Ba C\u00e2y Tre"}]},{"@type":"WebSite","@id":"https:\/\/dev.tolio.co.nz\/#website","url":"https:\/\/dev.tolio.co.nz\/","name":"TOLIO","description":"Vietnamese Grocery Online","potentialAction":[{"@type":"SearchAction","target":{"@type":"EntryPoint","urlTemplate":"https:\/\/dev.tolio.co.nz\/?s={search_term_string}"},"query-input":{"@type":"PropertyValueSpecification","valueRequired":true,"valueName":"search_term_string"}}],"inLanguage":"en-US"}]}},"_links":{"self":[{"href":"https:\/\/dev.tolio.co.nz\/en\/wp-json\/wp\/v2\/product\/7295","targetHints":{"allow":["GET"]}}],"collection":[{"href":"https:\/\/dev.tolio.co.nz\/en\/wp-json\/wp\/v2\/product"}],"about":[{"href":"https:\/\/dev.tolio.co.nz\/en\/wp-json\/wp\/v2\/types\/product"}],"replies":[{"embeddable":true,"href":"https:\/\/dev.tolio.co.nz\/en\/wp-json\/wp\/v2\/comments?post=7295"}],"wp:featuredmedia":[{"embeddable":true,"href":"https:\/\/dev.tolio.co.nz\/en\/wp-json\/wp\/v2\/media\/17329"}],"wp:attachment":[{"href":"https:\/\/dev.tolio.co.nz\/en\/wp-json\/wp\/v2\/media?parent=7295"}],"wp:term":[{"taxonomy":"product_brand","embeddable":true,"href":"https:\/\/dev.tolio.co.nz\/en\/wp-json\/wp\/v2\/product_brand?post=7295"},{"taxonomy":"product_cat","embeddable":true,"href":"https:\/\/dev.tolio.co.nz\/en\/wp-json\/wp\/v2\/product_cat?post=7295"},{"taxonomy":"product_tag","embeddable":true,"href":"https:\/\/dev.tolio.co.nz\/en\/wp-json\/wp\/v2\/product_tag?post=7295"}],"curies":[{"name":"wp","href":"https:\/\/api.w.org\/{rel}","templated":true}]}}