{"id":7777,"date":"2022-12-10T14:13:00","date_gmt":"2022-12-10T01:28:00","guid":{"rendered":"https:\/\/tolio2.sitebycat.com\/?post_type=product&#038;p=7777"},"modified":"2025-09-11T16:00:45","modified_gmt":"2025-09-11T04:00:45","slug":"ngu-coc-yen-mach-hanh-nhan-hat-chia-xuan-an-goi-400g-16-goi-x-25g","status":"publish","type":"product","link":"https:\/\/dev.tolio.co.nz\/en\/product\/coc-yen-mach-hanh-nhan-chia-xuan-an-package-400g-16-packages-x-25g\/","title":{"rendered":"Ng\u0169 c\u1ed1c y\u1ebfn m\u1ea1ch ha\u0323nh nh\u00e2n ha\u0323t chia Xu\u00e2n An 200g (8 g\u00f3i x 25g)"},"content":{"rendered":"<p><strong>Ng\u0169 c\u1ed1c y\u1ebfn m\u1ea1ch ha\u0323nh nh\u00e2n ha\u0323t chia Xu\u00e2n An 200g (8 g\u00f3i x 25g)<\/strong> gi\u00e0u dinh d\u01b0\u1ee1ng v\u00e0 n\u0103ng l\u01b0\u1ee3ng, \u0111\u01b0\u1ee3c l\u00e0m t\u1eeb y\u1ebfn m\u1ea1ch v\u00e0 nhi\u1ec1u lo\u1ea1i ng\u0169 c\u1ed1c, ngo\u00e0i ra c\u00f2n c\u00f3 H\u1ea1nh nh\u00e2n v\u00e0 H\u1ea1t chia l\u00e0 hai d\u01b0\u1ee1ng ch\u1ea5t chuy\u00ean bi\u1ec7t. S\u1ea3n ph\u1ea9m \u0111\u01b0\u1ee3c b\u1ed5 sung th\u00eam can xi v\u00e0 s\u1eed d\u1ee5ng \u00edt \u0111\u01b0\u1eddng. Vitamin, ch\u1ea5t x\u01a1 v\u00e0 \u0111\u1ea1m t\u1ef1 nhi\u00ean l\u00e0 ngu\u1ed3n dinh d\u01b0\u1ee1ng t\u1ed1t cho s\u1ee9c kh\u1ecfe.<\/p>\n<p><strong>H\u01b0\u1edbng d\u1eabn s\u1eed d\u1ee5ng<\/strong>:<\/p>\n<ul>\n<li>H\u00f2a 1 g\u00f3i Ng\u0169 c\u1ed1c y\u1ebfn m\u1ea1ch ha\u0323nh nh\u00e2n &amp; ha\u0323t chia v\u1edbi kho\u1ea3ng 125ml n\u01b0\u1edbc s\u00f4i, khu\u1ea5y \u0111\u1ec1u tr\u01b0\u1edbc khi d\u00f9ng. D\u00f9ng 2-3 g\u00f3i m\u1ed7i ng\u00e0y<\/li>\n<\/ul>\n<p><strong>B\u1ea3o qu\u1ea3n<\/strong>:<\/p>\n<ul>\n<li>B\u1ea3o qu\u1ea3n n\u01a1i kh\u00f4 r\u00e1o, tho\u00e1ng m\u00e1t, tr\u00e1nh \u00e1nh n\u1eafng tr\u1ef1c ti\u1ebfp<\/li>\n<\/ul>\n<p><strong>H\u1ea1n s\u1eed d\u1ee5ng: <\/strong>12 th\u00e1ng k\u1ec3 t\u1eeb ng\u00e0y s\u1ea3n xu\u1ea5t<\/p>","protected":false},"excerpt":{"rendered":"<ul>\n<li>Th\u01b0\u01a1ng hi\u1ec7u: Xu\u00e2n An<\/li>\n<li>Xu\u1ea5t x\u1ee9 th\u01b0\u01a1ng hi\u1ec7u: Vi\u1ec7t Nam<\/li>\n<li>Quy c\u00e1ch \u0111\u00f3ng g\u00f3i: G\u00f3i 400g<\/li>\n<li>L\u01b0u \u00fd: Bao b\u00ec s\u1ea3n ph\u1ea9m c\u00f3 th\u1ec3 thay \u0111\u1ed5i theo t\u1eebng \u0111\u1ee3t nh\u1eadp h\u00e0ng.<\/li>\n<\/ul>","protected":false},"featured_media":23043,"comment_status":"open","ping_status":"closed","template":"","meta":[],"product_brand":[],"product_cat":[35],"product_tag":[],"class_list":{"0":"post-7777","1":"product","2":"type-product","3":"status-publish","4":"has-post-thumbnail","6":"product_cat-banh-keo","7":"pa_thuong-hieu-xuan-an","9":"first","10":"instock","11":"sale","12":"shipping-taxable","13":"purchasable","14":"product-type-simple"},"yoast_head":"<!-- This site is optimized with the Yoast SEO plugin v24.4 - https:\/\/yoast.com\/wordpress\/plugins\/seo\/ -->\n<title>Ng\u0169 c\u1ed1c y\u1ebfn m\u1ea1ch ha\u0323nh nh\u00e2n ha\u0323t chia Xu\u00e2n An 200g (8 g\u00f3i x 25g) - TOLIO<\/title>\n<meta name=\"description\" content=\"Th\u01b0\u01a1ng hi\u1ec7u: Xu\u00e2n An  Xu\u1ea5t x\u1ee9 th\u01b0\u01a1ng hi\u1ec7u: Vi\u1ec7t Nam  Quy c\u00e1ch \u0111\u00f3ng g\u00f3i: G\u00f3i 400g  L\u01b0u \u00fd: Bao b\u00ec s\u1ea3n ph\u1ea9m c\u00f3 th\u1ec3 thay \u0111\u1ed5i theo t\u1eebng \u0111\u1ee3t nh\u1eadp h\u00e0ng.\" \/>\n<meta name=\"robots\" content=\"index, follow, max-snippet:-1, max-image-preview:large, max-video-preview:-1\" \/>\n<link rel=\"canonical\" href=\"https:\/\/dev.tolio.co.nz\/en\/products\/coc-yen-mach-hanh-nhan-chia-xuan-an-package-400g-16-packages-x-25g\/\" \/>\n<meta property=\"og:locale\" content=\"en_US\" \/>\n<meta property=\"og:type\" content=\"article\" \/>\n<meta property=\"og:title\" content=\"Ng\u0169 c\u1ed1c y\u1ebfn m\u1ea1ch ha\u0323nh nh\u00e2n ha\u0323t chia Xu\u00e2n An 200g (8 g\u00f3i x 25g) - TOLIO\" \/>\n<meta property=\"og:description\" content=\"Th\u01b0\u01a1ng hi\u1ec7u: Xu\u00e2n An  Xu\u1ea5t x\u1ee9 th\u01b0\u01a1ng hi\u1ec7u: Vi\u1ec7t Nam  Quy c\u00e1ch \u0111\u00f3ng g\u00f3i: G\u00f3i 400g  L\u01b0u \u00fd: Bao b\u00ec s\u1ea3n ph\u1ea9m c\u00f3 th\u1ec3 thay \u0111\u1ed5i theo t\u1eebng \u0111\u1ee3t nh\u1eadp h\u00e0ng.\" \/>\n<meta property=\"og:url\" content=\"https:\/\/dev.tolio.co.nz\/en\/products\/coc-yen-mach-hanh-nhan-chia-xuan-an-package-400g-16-packages-x-25g\/\" \/>\n<meta property=\"og:site_name\" content=\"TOLIO\" \/>\n<meta property=\"article:modified_time\" content=\"2025-09-11T04:00:45+00:00\" \/>\n<meta property=\"og:image\" content=\"https:\/\/dev.tolio.co.nz\/wp-content\/uploads\/2022\/12\/39.png\" \/>\n\t<meta property=\"og:image:width\" content=\"1000\" \/>\n\t<meta property=\"og:image:height\" content=\"907\" \/>\n\t<meta property=\"og:image:type\" content=\"image\/png\" \/>\n<meta name=\"twitter:card\" content=\"summary_large_image\" \/>\n<meta name=\"twitter:label1\" content=\"Est. reading time\" \/>\n\t<meta name=\"twitter:data1\" content=\"1 minute\" \/>\n<script type=\"application\/ld+json\" class=\"yoast-schema-graph\">{\"@context\":\"https:\/\/schema.org\",\"@graph\":[{\"@type\":\"WebPage\",\"@id\":\"https:\/\/dev.tolio.co.nz\/en\/products\/coc-yen-mach-hanh-nhan-chia-xuan-an-package-400g-16-packages-x-25g\/\",\"url\":\"https:\/\/dev.tolio.co.nz\/en\/products\/coc-yen-mach-hanh-nhan-chia-xuan-an-package-400g-16-packages-x-25g\/\",\"name\":\"Ng\u0169 c\u1ed1c y\u1ebfn m\u1ea1ch ha\u0323nh nh\u00e2n ha\u0323t chia Xu\u00e2n An 200g (8 g\u00f3i x 25g) - TOLIO\",\"isPartOf\":{\"@id\":\"https:\/\/dev.tolio.co.nz\/#website\"},\"primaryImageOfPage\":{\"@id\":\"https:\/\/dev.tolio.co.nz\/en\/products\/coc-yen-mach-hanh-nhan-chia-xuan-an-package-400g-16-packages-x-25g\/#primaryimage\"},\"image\":{\"@id\":\"https:\/\/dev.tolio.co.nz\/en\/products\/coc-yen-mach-hanh-nhan-chia-xuan-an-package-400g-16-packages-x-25g\/#primaryimage\"},\"thumbnailUrl\":\"https:\/\/dev.tolio.co.nz\/wp-content\/uploads\/2022\/12\/39.png\",\"datePublished\":\"2022-12-10T01:28:00+00:00\",\"dateModified\":\"2025-09-11T04:00:45+00:00\",\"description\":\"Th\u01b0\u01a1ng hi\u1ec7u: Xu\u00e2n An Xu\u1ea5t x\u1ee9 th\u01b0\u01a1ng hi\u1ec7u: Vi\u1ec7t Nam Quy c\u00e1ch \u0111\u00f3ng g\u00f3i: G\u00f3i 400g L\u01b0u \u00fd: Bao b\u00ec s\u1ea3n ph\u1ea9m c\u00f3 th\u1ec3 thay \u0111\u1ed5i theo t\u1eebng \u0111\u1ee3t nh\u1eadp h\u00e0ng.\",\"breadcrumb\":{\"@id\":\"https:\/\/dev.tolio.co.nz\/en\/products\/coc-yen-mach-hanh-nhan-chia-xuan-an-package-400g-16-packages-x-25g\/#breadcrumb\"},\"inLanguage\":\"en-US\",\"potentialAction\":[{\"@type\":\"ReadAction\",\"target\":[\"https:\/\/dev.tolio.co.nz\/en\/products\/coc-yen-mach-hanh-nhan-chia-xuan-an-package-400g-16-packages-x-25g\/\"]}]},{\"@type\":\"ImageObject\",\"inLanguage\":\"en-US\",\"@id\":\"https:\/\/dev.tolio.co.nz\/en\/products\/coc-yen-mach-hanh-nhan-chia-xuan-an-package-400g-16-packages-x-25g\/#primaryimage\",\"url\":\"https:\/\/dev.tolio.co.nz\/wp-content\/uploads\/2022\/12\/39.png\",\"contentUrl\":\"https:\/\/dev.tolio.co.nz\/wp-content\/uploads\/2022\/12\/39.png\",\"width\":1000,\"height\":907},{\"@type\":\"BreadcrumbList\",\"@id\":\"https:\/\/dev.tolio.co.nz\/en\/products\/coc-yen-mach-hanh-nhan-chia-xuan-an-package-400g-16-packages-x-25g\/#breadcrumb\",\"itemListElement\":[{\"@type\":\"ListItem\",\"position\":1,\"name\":\"Home\",\"item\":\"https:\/\/dev.tolio.co.nz\/\"},{\"@type\":\"ListItem\",\"position\":2,\"name\":\"C\u1eeda h\u00e0ng\",\"item\":\"https:\/\/dev.tolio.co.nz\/cua-hang\/\"},{\"@type\":\"ListItem\",\"position\":3,\"name\":\"Ng\u0169 c\u1ed1c y\u1ebfn m\u1ea1ch ha\u0323nh nh\u00e2n ha\u0323t chia Xu\u00e2n An 200g (8 g\u00f3i x 25g)\"}]},{\"@type\":\"WebSite\",\"@id\":\"https:\/\/dev.tolio.co.nz\/#website\",\"url\":\"https:\/\/dev.tolio.co.nz\/\",\"name\":\"TOLIO\",\"description\":\"Vietnamese Grocery Online\",\"potentialAction\":[{\"@type\":\"SearchAction\",\"target\":{\"@type\":\"EntryPoint\",\"urlTemplate\":\"https:\/\/dev.tolio.co.nz\/?s={search_term_string}\"},\"query-input\":{\"@type\":\"PropertyValueSpecification\",\"valueRequired\":true,\"valueName\":\"search_term_string\"}}],\"inLanguage\":\"en-US\"}]}<\/script>\n<!-- \/ Yoast SEO plugin. -->","yoast_head_json":{"title":"Ng\u0169 c\u1ed1c y\u1ebfn m\u1ea1ch ha\u0323nh nh\u00e2n ha\u0323t chia Xu\u00e2n An 200g (8 g\u00f3i x 25g) - TOLIO","description":"Th\u01b0\u01a1ng hi\u1ec7u: Xu\u00e2n An  Xu\u1ea5t x\u1ee9 th\u01b0\u01a1ng hi\u1ec7u: Vi\u1ec7t Nam  Quy c\u00e1ch \u0111\u00f3ng g\u00f3i: G\u00f3i 400g  L\u01b0u \u00fd: Bao b\u00ec s\u1ea3n ph\u1ea9m c\u00f3 th\u1ec3 thay \u0111\u1ed5i theo t\u1eebng \u0111\u1ee3t nh\u1eadp h\u00e0ng.","robots":{"index":"index","follow":"follow","max-snippet":"max-snippet:-1","max-image-preview":"max-image-preview:large","max-video-preview":"max-video-preview:-1"},"canonical":"https:\/\/dev.tolio.co.nz\/en\/products\/coc-yen-mach-hanh-nhan-chia-xuan-an-package-400g-16-packages-x-25g\/","og_locale":"en_US","og_type":"article","og_title":"Ng\u0169 c\u1ed1c y\u1ebfn m\u1ea1ch ha\u0323nh nh\u00e2n ha\u0323t chia Xu\u00e2n An 200g (8 g\u00f3i x 25g) - TOLIO","og_description":"Th\u01b0\u01a1ng hi\u1ec7u: Xu\u00e2n An  Xu\u1ea5t x\u1ee9 th\u01b0\u01a1ng hi\u1ec7u: Vi\u1ec7t Nam  Quy c\u00e1ch \u0111\u00f3ng g\u00f3i: G\u00f3i 400g  L\u01b0u \u00fd: Bao b\u00ec s\u1ea3n ph\u1ea9m c\u00f3 th\u1ec3 thay \u0111\u1ed5i theo t\u1eebng \u0111\u1ee3t nh\u1eadp h\u00e0ng.","og_url":"https:\/\/dev.tolio.co.nz\/en\/products\/coc-yen-mach-hanh-nhan-chia-xuan-an-package-400g-16-packages-x-25g\/","og_site_name":"TOLIO","article_modified_time":"2025-09-11T04:00:45+00:00","og_image":[{"width":1000,"height":907,"url":"https:\/\/dev.tolio.co.nz\/wp-content\/uploads\/2022\/12\/39.png","type":"image\/png"}],"twitter_card":"summary_large_image","twitter_misc":{"Est. reading time":"1 minute"},"schema":{"@context":"https:\/\/schema.org","@graph":[{"@type":"WebPage","@id":"https:\/\/dev.tolio.co.nz\/en\/products\/coc-yen-mach-hanh-nhan-chia-xuan-an-package-400g-16-packages-x-25g\/","url":"https:\/\/dev.tolio.co.nz\/en\/products\/coc-yen-mach-hanh-nhan-chia-xuan-an-package-400g-16-packages-x-25g\/","name":"Ng\u0169 c\u1ed1c y\u1ebfn m\u1ea1ch ha\u0323nh nh\u00e2n ha\u0323t chia Xu\u00e2n An 200g (8 g\u00f3i x 25g) - TOLIO","isPartOf":{"@id":"https:\/\/dev.tolio.co.nz\/#website"},"primaryImageOfPage":{"@id":"https:\/\/dev.tolio.co.nz\/en\/products\/coc-yen-mach-hanh-nhan-chia-xuan-an-package-400g-16-packages-x-25g\/#primaryimage"},"image":{"@id":"https:\/\/dev.tolio.co.nz\/en\/products\/coc-yen-mach-hanh-nhan-chia-xuan-an-package-400g-16-packages-x-25g\/#primaryimage"},"thumbnailUrl":"https:\/\/dev.tolio.co.nz\/wp-content\/uploads\/2022\/12\/39.png","datePublished":"2022-12-10T01:28:00+00:00","dateModified":"2025-09-11T04:00:45+00:00","description":"Th\u01b0\u01a1ng hi\u1ec7u: Xu\u00e2n An Xu\u1ea5t x\u1ee9 th\u01b0\u01a1ng hi\u1ec7u: Vi\u1ec7t Nam Quy c\u00e1ch \u0111\u00f3ng g\u00f3i: G\u00f3i 400g L\u01b0u \u00fd: Bao b\u00ec s\u1ea3n ph\u1ea9m c\u00f3 th\u1ec3 thay \u0111\u1ed5i theo t\u1eebng \u0111\u1ee3t nh\u1eadp h\u00e0ng.","breadcrumb":{"@id":"https:\/\/dev.tolio.co.nz\/en\/products\/coc-yen-mach-hanh-nhan-chia-xuan-an-package-400g-16-packages-x-25g\/#breadcrumb"},"inLanguage":"en-US","potentialAction":[{"@type":"ReadAction","target":["https:\/\/dev.tolio.co.nz\/en\/products\/coc-yen-mach-hanh-nhan-chia-xuan-an-package-400g-16-packages-x-25g\/"]}]},{"@type":"ImageObject","inLanguage":"en-US","@id":"https:\/\/dev.tolio.co.nz\/en\/products\/coc-yen-mach-hanh-nhan-chia-xuan-an-package-400g-16-packages-x-25g\/#primaryimage","url":"https:\/\/dev.tolio.co.nz\/wp-content\/uploads\/2022\/12\/39.png","contentUrl":"https:\/\/dev.tolio.co.nz\/wp-content\/uploads\/2022\/12\/39.png","width":1000,"height":907},{"@type":"BreadcrumbList","@id":"https:\/\/dev.tolio.co.nz\/en\/products\/coc-yen-mach-hanh-nhan-chia-xuan-an-package-400g-16-packages-x-25g\/#breadcrumb","itemListElement":[{"@type":"ListItem","position":1,"name":"Home","item":"https:\/\/dev.tolio.co.nz\/"},{"@type":"ListItem","position":2,"name":"C\u1eeda h\u00e0ng","item":"https:\/\/dev.tolio.co.nz\/cua-hang\/"},{"@type":"ListItem","position":3,"name":"Ng\u0169 c\u1ed1c y\u1ebfn m\u1ea1ch ha\u0323nh nh\u00e2n ha\u0323t chia Xu\u00e2n An 200g (8 g\u00f3i x 25g)"}]},{"@type":"WebSite","@id":"https:\/\/dev.tolio.co.nz\/#website","url":"https:\/\/dev.tolio.co.nz\/","name":"TOLIO","description":"Vietnamese Grocery Online","potentialAction":[{"@type":"SearchAction","target":{"@type":"EntryPoint","urlTemplate":"https:\/\/dev.tolio.co.nz\/?s={search_term_string}"},"query-input":{"@type":"PropertyValueSpecification","valueRequired":true,"valueName":"search_term_string"}}],"inLanguage":"en-US"}]}},"_links":{"self":[{"href":"https:\/\/dev.tolio.co.nz\/en\/wp-json\/wp\/v2\/product\/7777","targetHints":{"allow":["GET"]}}],"collection":[{"href":"https:\/\/dev.tolio.co.nz\/en\/wp-json\/wp\/v2\/product"}],"about":[{"href":"https:\/\/dev.tolio.co.nz\/en\/wp-json\/wp\/v2\/types\/product"}],"replies":[{"embeddable":true,"href":"https:\/\/dev.tolio.co.nz\/en\/wp-json\/wp\/v2\/comments?post=7777"}],"wp:featuredmedia":[{"embeddable":true,"href":"https:\/\/dev.tolio.co.nz\/en\/wp-json\/wp\/v2\/media\/23043"}],"wp:attachment":[{"href":"https:\/\/dev.tolio.co.nz\/en\/wp-json\/wp\/v2\/media?parent=7777"}],"wp:term":[{"taxonomy":"product_brand","embeddable":true,"href":"https:\/\/dev.tolio.co.nz\/en\/wp-json\/wp\/v2\/product_brand?post=7777"},{"taxonomy":"product_cat","embeddable":true,"href":"https:\/\/dev.tolio.co.nz\/en\/wp-json\/wp\/v2\/product_cat?post=7777"},{"taxonomy":"product_tag","embeddable":true,"href":"https:\/\/dev.tolio.co.nz\/en\/wp-json\/wp\/v2\/product_tag?post=7777"}],"curies":[{"name":"wp","href":"https:\/\/api.w.org\/{rel}","templated":true}]}}