{"id":8221,"date":"2023-02-01T15:52:00","date_gmt":"2023-02-01T03:07:00","guid":{"rendered":"https:\/\/tolio2.sitebycat.com\/?post_type=product&#038;p=8221"},"modified":"2025-09-11T16:01:08","modified_gmt":"2025-09-11T04:01:08","slug":"gia-vi-nem-san-nau-pho-bo-aji-quick-goi-57g","status":"publish","type":"product","link":"https:\/\/dev.tolio.co.nz\/en\/product\/aji-quick-pork-noodle-soup-price-57g\/","title":{"rendered":"Gia v\u1ecb n\u00eam s\u1eb5n n\u1ea5u ph\u1edf b\u00f2 Aji-Quick g\u00f3i 57g"},"content":{"rendered":"<p><strong>Gia v\u1ecb n\u00eam s\u1eb5n n\u1ea5u ph\u1edf b\u00f2 Aji-Quick g\u00f3i 57g ti\u1ec7n l\u1ee3i<\/strong>, \u0111\u1ebfn t\u1eeb th\u01b0\u01a1ng hi\u1ec7u\u00a0gia v\u1ecb n\u00eam s\u1eb5n Aji-Quick.\u00a0Gia v\u1ecb n\u00eam s\u1eb5n n\u1ea5u ph\u1edf b\u00f2 Aji-Quick g\u00f3i 57g\u00a0v\u1edbi\u00a0chi\u1ebft xu\u1ea5t th\u1ecbt b\u00f2 c\u00f9ng c\u00e1c lo\u1ea1i gia v\u1ecb quen thu\u1ed9c, gi\u00fap c\u00e1c b\u00e0 n\u1ed9i tr\u1ee3 c\u00f3 th\u1ec3 ch\u1ebf bi\u1ebfn m\u00f3n ph\u1edf b\u00f2 cho c\u1ea3 gia \u0111\u00ecnh m\u1ed9t c\u00e1ch nhanh ch\u00f3ng v\u1edbi h\u01b0\u01a1ng v\u1ecb \u0111\u1eadm \u0111\u00e0.<\/p>\n<p><strong>H\u01b0\u1edbng d\u1eabn s\u1eed d\u1ee5ng:<\/strong><\/p>\n<ul>\n<li>Cho 1 g\u00f3i gia v\u1ecb v\u00e0o 1,5 l\u00edt n\u01b0\u1edbc \u0111un s\u00f4i. \u0102n k\u00e8m c\u00f9ng th\u1ecbt b\u00f2 t\u00e1i, n\u1ea1m, g\u00e2n, b\u00f2 vi\u00ean, gi\u00e1, ng\u00f2 gai, h\u00fang qu\u1ebf, t\u01b0\u01a1ng \u1edbt, t\u01b0\u01a1ng \u0111en&#8230;tu\u1ef3 th\u00edch. Kh\u1ea9u ph\u1ea7n 4 &#8211; 5 ng\u01b0\u1eddi, 1 kg ph\u1edf<\/li>\n<\/ul>\n<p><strong>B\u1ea3o qu\u1ea3n:<\/strong><\/p>\n<ul>\n<li>\u0110\u1ec3 n\u01a1i kh\u00f4 r\u00e1o, tho\u00e1ng m\u00e1t, tr\u00e1nh \u00e1nh n\u1eafng tr\u1ef1c ti\u1ebfp<\/li>\n<\/ul>","protected":false},"excerpt":{"rendered":"<ul>\n<li>Th\u01b0\u01a1ng hi\u1ec7u: Ajinomoto<\/li>\n<li>Xu\u1ea5t x\u1ee9 th\u01b0\u01a1ng hi\u1ec7u: Vi\u1ec7t Nam<\/li>\n<li>Quy c\u00e1ch \u0111\u00f3ng g\u00f3i: g\u00f3i 57g<\/li>\n<li>L\u01b0u \u00fd: Bao b\u00ec s\u1ea3n ph\u1ea9m c\u00f3 th\u1ec3 thay \u0111\u1ed5i theo t\u1eebng \u0111\u1ee3t nh\u1eadp h\u00e0ng<\/li>\n<\/ul>","protected":false},"featured_media":23847,"comment_status":"open","ping_status":"closed","template":"","meta":[],"product_brand":[],"product_cat":[33,481],"product_tag":[],"class_list":{"0":"post-8221","1":"product","2":"type-product","3":"status-publish","4":"has-post-thumbnail","6":"product_cat-gia-vi","7":"product_cat-gia-vi-hoan-chinh","8":"pa_thuong-hieu-ajinomoto","10":"first","11":"instock","12":"sale","13":"shipping-taxable","14":"purchasable","15":"product-type-simple"},"yoast_head":"<!-- This site is optimized with the Yoast SEO plugin v24.4 - https:\/\/yoast.com\/wordpress\/plugins\/seo\/ -->\n<title>Gia v\u1ecb n\u00eam s\u1eb5n n\u1ea5u ph\u1edf b\u00f2 Aji-Quick g\u00f3i 57g - TOLIO<\/title>\n<meta name=\"description\" content=\"Th\u01b0\u01a1ng hi\u1ec7u: Ajinomoto  Xu\u1ea5t x\u1ee9 th\u01b0\u01a1ng hi\u1ec7u: Vi\u1ec7t Nam  Quy c\u00e1ch \u0111\u00f3ng g\u00f3i: g\u00f3i 57g  L\u01b0u \u00fd: Bao b\u00ec s\u1ea3n ph\u1ea9m c\u00f3 th\u1ec3 thay \u0111\u1ed5i theo t\u1eebng \u0111\u1ee3t nh\u1eadp h\u00e0ng\" \/>\n<meta name=\"robots\" content=\"index, follow, max-snippet:-1, max-image-preview:large, max-video-preview:-1\" \/>\n<link rel=\"canonical\" href=\"https:\/\/dev.tolio.co.nz\/en\/product\/aji-quick-pork-noodle-soup-price-57g\/\" \/>\n<meta property=\"og:locale\" content=\"en_US\" \/>\n<meta property=\"og:type\" content=\"article\" \/>\n<meta property=\"og:title\" content=\"Gia v\u1ecb n\u00eam s\u1eb5n n\u1ea5u ph\u1edf b\u00f2 Aji-Quick g\u00f3i 57g - TOLIO\" \/>\n<meta property=\"og:description\" content=\"Th\u01b0\u01a1ng hi\u1ec7u: Ajinomoto  Xu\u1ea5t x\u1ee9 th\u01b0\u01a1ng hi\u1ec7u: Vi\u1ec7t Nam  Quy c\u00e1ch \u0111\u00f3ng g\u00f3i: g\u00f3i 57g  L\u01b0u \u00fd: Bao b\u00ec s\u1ea3n ph\u1ea9m c\u00f3 th\u1ec3 thay \u0111\u1ed5i theo t\u1eebng \u0111\u1ee3t nh\u1eadp h\u00e0ng\" \/>\n<meta property=\"og:url\" content=\"https:\/\/dev.tolio.co.nz\/en\/product\/aji-quick-pork-noodle-soup-price-57g\/\" \/>\n<meta property=\"og:site_name\" content=\"TOLIO\" \/>\n<meta property=\"article:modified_time\" content=\"2025-09-11T04:01:08+00:00\" \/>\n<meta property=\"og:image\" content=\"https:\/\/dev.tolio.co.nz\/wp-content\/uploads\/2023\/02\/96.png\" \/>\n\t<meta property=\"og:image:width\" content=\"1000\" \/>\n\t<meta property=\"og:image:height\" content=\"907\" \/>\n\t<meta property=\"og:image:type\" content=\"image\/png\" \/>\n<meta name=\"twitter:card\" content=\"summary_large_image\" \/>\n<meta name=\"twitter:label1\" content=\"Est. reading time\" \/>\n\t<meta name=\"twitter:data1\" content=\"1 minute\" \/>\n<script type=\"application\/ld+json\" class=\"yoast-schema-graph\">{\"@context\":\"https:\/\/schema.org\",\"@graph\":[{\"@type\":\"WebPage\",\"@id\":\"https:\/\/dev.tolio.co.nz\/san-pham\/gia-vi-nem-san-nau-pho-bo-aji-quick-goi-57g\/\",\"url\":\"https:\/\/dev.tolio.co.nz\/san-pham\/gia-vi-nem-san-nau-pho-bo-aji-quick-goi-57g\/\",\"name\":\"Gia v\u1ecb n\u00eam s\u1eb5n n\u1ea5u ph\u1edf b\u00f2 Aji-Quick g\u00f3i 57g - TOLIO\",\"isPartOf\":{\"@id\":\"https:\/\/dev.tolio.co.nz\/#website\"},\"primaryImageOfPage\":{\"@id\":\"https:\/\/dev.tolio.co.nz\/san-pham\/gia-vi-nem-san-nau-pho-bo-aji-quick-goi-57g\/#primaryimage\"},\"image\":{\"@id\":\"https:\/\/dev.tolio.co.nz\/san-pham\/gia-vi-nem-san-nau-pho-bo-aji-quick-goi-57g\/#primaryimage\"},\"thumbnailUrl\":\"https:\/\/dev.tolio.co.nz\/wp-content\/uploads\/2023\/02\/96.png\",\"datePublished\":\"2023-02-01T03:07:00+00:00\",\"dateModified\":\"2025-09-11T04:01:08+00:00\",\"description\":\"Th\u01b0\u01a1ng hi\u1ec7u: Ajinomoto Xu\u1ea5t x\u1ee9 th\u01b0\u01a1ng hi\u1ec7u: Vi\u1ec7t Nam Quy c\u00e1ch \u0111\u00f3ng g\u00f3i: g\u00f3i 57g L\u01b0u \u00fd: Bao b\u00ec s\u1ea3n ph\u1ea9m c\u00f3 th\u1ec3 thay \u0111\u1ed5i theo t\u1eebng \u0111\u1ee3t nh\u1eadp h\u00e0ng\",\"breadcrumb\":{\"@id\":\"https:\/\/dev.tolio.co.nz\/san-pham\/gia-vi-nem-san-nau-pho-bo-aji-quick-goi-57g\/#breadcrumb\"},\"inLanguage\":\"en-US\",\"potentialAction\":[{\"@type\":\"ReadAction\",\"target\":[\"https:\/\/dev.tolio.co.nz\/san-pham\/gia-vi-nem-san-nau-pho-bo-aji-quick-goi-57g\/\"]}]},{\"@type\":\"ImageObject\",\"inLanguage\":\"en-US\",\"@id\":\"https:\/\/dev.tolio.co.nz\/san-pham\/gia-vi-nem-san-nau-pho-bo-aji-quick-goi-57g\/#primaryimage\",\"url\":\"https:\/\/dev.tolio.co.nz\/wp-content\/uploads\/2023\/02\/96.png\",\"contentUrl\":\"https:\/\/dev.tolio.co.nz\/wp-content\/uploads\/2023\/02\/96.png\",\"width\":1000,\"height\":907},{\"@type\":\"BreadcrumbList\",\"@id\":\"https:\/\/dev.tolio.co.nz\/san-pham\/gia-vi-nem-san-nau-pho-bo-aji-quick-goi-57g\/#breadcrumb\",\"itemListElement\":[{\"@type\":\"ListItem\",\"position\":1,\"name\":\"Home\",\"item\":\"https:\/\/dev.tolio.co.nz\/\"},{\"@type\":\"ListItem\",\"position\":2,\"name\":\"C\u1eeda h\u00e0ng\",\"item\":\"https:\/\/dev.tolio.co.nz\/cua-hang\/\"},{\"@type\":\"ListItem\",\"position\":3,\"name\":\"Gia v\u1ecb n\u00eam s\u1eb5n n\u1ea5u ph\u1edf b\u00f2 Aji-Quick g\u00f3i 57g\"}]},{\"@type\":\"WebSite\",\"@id\":\"https:\/\/dev.tolio.co.nz\/#website\",\"url\":\"https:\/\/dev.tolio.co.nz\/\",\"name\":\"TOLIO\",\"description\":\"Vietnamese Grocery Online\",\"potentialAction\":[{\"@type\":\"SearchAction\",\"target\":{\"@type\":\"EntryPoint\",\"urlTemplate\":\"https:\/\/dev.tolio.co.nz\/?s={search_term_string}\"},\"query-input\":{\"@type\":\"PropertyValueSpecification\",\"valueRequired\":true,\"valueName\":\"search_term_string\"}}],\"inLanguage\":\"en-US\"}]}<\/script>\n<!-- \/ Yoast SEO plugin. -->","yoast_head_json":{"title":"Gia v\u1ecb n\u00eam s\u1eb5n n\u1ea5u ph\u1edf b\u00f2 Aji-Quick g\u00f3i 57g - TOLIO","description":"Th\u01b0\u01a1ng hi\u1ec7u: Ajinomoto  Xu\u1ea5t x\u1ee9 th\u01b0\u01a1ng hi\u1ec7u: Vi\u1ec7t Nam  Quy c\u00e1ch \u0111\u00f3ng g\u00f3i: g\u00f3i 57g  L\u01b0u \u00fd: Bao b\u00ec s\u1ea3n ph\u1ea9m c\u00f3 th\u1ec3 thay \u0111\u1ed5i theo t\u1eebng \u0111\u1ee3t nh\u1eadp h\u00e0ng","robots":{"index":"index","follow":"follow","max-snippet":"max-snippet:-1","max-image-preview":"max-image-preview:large","max-video-preview":"max-video-preview:-1"},"canonical":"https:\/\/dev.tolio.co.nz\/en\/product\/aji-quick-pork-noodle-soup-price-57g\/","og_locale":"en_US","og_type":"article","og_title":"Gia v\u1ecb n\u00eam s\u1eb5n n\u1ea5u ph\u1edf b\u00f2 Aji-Quick g\u00f3i 57g - TOLIO","og_description":"Th\u01b0\u01a1ng hi\u1ec7u: Ajinomoto  Xu\u1ea5t x\u1ee9 th\u01b0\u01a1ng hi\u1ec7u: Vi\u1ec7t Nam  Quy c\u00e1ch \u0111\u00f3ng g\u00f3i: g\u00f3i 57g  L\u01b0u \u00fd: Bao b\u00ec s\u1ea3n ph\u1ea9m c\u00f3 th\u1ec3 thay \u0111\u1ed5i theo t\u1eebng \u0111\u1ee3t nh\u1eadp h\u00e0ng","og_url":"https:\/\/dev.tolio.co.nz\/en\/product\/aji-quick-pork-noodle-soup-price-57g\/","og_site_name":"TOLIO","article_modified_time":"2025-09-11T04:01:08+00:00","og_image":[{"width":1000,"height":907,"url":"https:\/\/dev.tolio.co.nz\/wp-content\/uploads\/2023\/02\/96.png","type":"image\/png"}],"twitter_card":"summary_large_image","twitter_misc":{"Est. reading time":"1 minute"},"schema":{"@context":"https:\/\/schema.org","@graph":[{"@type":"WebPage","@id":"https:\/\/dev.tolio.co.nz\/san-pham\/gia-vi-nem-san-nau-pho-bo-aji-quick-goi-57g\/","url":"https:\/\/dev.tolio.co.nz\/san-pham\/gia-vi-nem-san-nau-pho-bo-aji-quick-goi-57g\/","name":"Gia v\u1ecb n\u00eam s\u1eb5n n\u1ea5u ph\u1edf b\u00f2 Aji-Quick g\u00f3i 57g - TOLIO","isPartOf":{"@id":"https:\/\/dev.tolio.co.nz\/#website"},"primaryImageOfPage":{"@id":"https:\/\/dev.tolio.co.nz\/san-pham\/gia-vi-nem-san-nau-pho-bo-aji-quick-goi-57g\/#primaryimage"},"image":{"@id":"https:\/\/dev.tolio.co.nz\/san-pham\/gia-vi-nem-san-nau-pho-bo-aji-quick-goi-57g\/#primaryimage"},"thumbnailUrl":"https:\/\/dev.tolio.co.nz\/wp-content\/uploads\/2023\/02\/96.png","datePublished":"2023-02-01T03:07:00+00:00","dateModified":"2025-09-11T04:01:08+00:00","description":"Th\u01b0\u01a1ng hi\u1ec7u: Ajinomoto Xu\u1ea5t x\u1ee9 th\u01b0\u01a1ng hi\u1ec7u: Vi\u1ec7t Nam Quy c\u00e1ch \u0111\u00f3ng g\u00f3i: g\u00f3i 57g L\u01b0u \u00fd: Bao b\u00ec s\u1ea3n ph\u1ea9m c\u00f3 th\u1ec3 thay \u0111\u1ed5i theo t\u1eebng \u0111\u1ee3t nh\u1eadp h\u00e0ng","breadcrumb":{"@id":"https:\/\/dev.tolio.co.nz\/san-pham\/gia-vi-nem-san-nau-pho-bo-aji-quick-goi-57g\/#breadcrumb"},"inLanguage":"en-US","potentialAction":[{"@type":"ReadAction","target":["https:\/\/dev.tolio.co.nz\/san-pham\/gia-vi-nem-san-nau-pho-bo-aji-quick-goi-57g\/"]}]},{"@type":"ImageObject","inLanguage":"en-US","@id":"https:\/\/dev.tolio.co.nz\/san-pham\/gia-vi-nem-san-nau-pho-bo-aji-quick-goi-57g\/#primaryimage","url":"https:\/\/dev.tolio.co.nz\/wp-content\/uploads\/2023\/02\/96.png","contentUrl":"https:\/\/dev.tolio.co.nz\/wp-content\/uploads\/2023\/02\/96.png","width":1000,"height":907},{"@type":"BreadcrumbList","@id":"https:\/\/dev.tolio.co.nz\/san-pham\/gia-vi-nem-san-nau-pho-bo-aji-quick-goi-57g\/#breadcrumb","itemListElement":[{"@type":"ListItem","position":1,"name":"Home","item":"https:\/\/dev.tolio.co.nz\/"},{"@type":"ListItem","position":2,"name":"C\u1eeda h\u00e0ng","item":"https:\/\/dev.tolio.co.nz\/cua-hang\/"},{"@type":"ListItem","position":3,"name":"Gia v\u1ecb n\u00eam s\u1eb5n n\u1ea5u ph\u1edf b\u00f2 Aji-Quick g\u00f3i 57g"}]},{"@type":"WebSite","@id":"https:\/\/dev.tolio.co.nz\/#website","url":"https:\/\/dev.tolio.co.nz\/","name":"TOLIO","description":"Vietnamese Grocery Online","potentialAction":[{"@type":"SearchAction","target":{"@type":"EntryPoint","urlTemplate":"https:\/\/dev.tolio.co.nz\/?s={search_term_string}"},"query-input":{"@type":"PropertyValueSpecification","valueRequired":true,"valueName":"search_term_string"}}],"inLanguage":"en-US"}]}},"_links":{"self":[{"href":"https:\/\/dev.tolio.co.nz\/en\/wp-json\/wp\/v2\/product\/8221","targetHints":{"allow":["GET"]}}],"collection":[{"href":"https:\/\/dev.tolio.co.nz\/en\/wp-json\/wp\/v2\/product"}],"about":[{"href":"https:\/\/dev.tolio.co.nz\/en\/wp-json\/wp\/v2\/types\/product"}],"replies":[{"embeddable":true,"href":"https:\/\/dev.tolio.co.nz\/en\/wp-json\/wp\/v2\/comments?post=8221"}],"wp:featuredmedia":[{"embeddable":true,"href":"https:\/\/dev.tolio.co.nz\/en\/wp-json\/wp\/v2\/media\/23847"}],"wp:attachment":[{"href":"https:\/\/dev.tolio.co.nz\/en\/wp-json\/wp\/v2\/media?parent=8221"}],"wp:term":[{"taxonomy":"product_brand","embeddable":true,"href":"https:\/\/dev.tolio.co.nz\/en\/wp-json\/wp\/v2\/product_brand?post=8221"},{"taxonomy":"product_cat","embeddable":true,"href":"https:\/\/dev.tolio.co.nz\/en\/wp-json\/wp\/v2\/product_cat?post=8221"},{"taxonomy":"product_tag","embeddable":true,"href":"https:\/\/dev.tolio.co.nz\/en\/wp-json\/wp\/v2\/product_tag?post=8221"}],"curies":[{"name":"wp","href":"https:\/\/api.w.org\/{rel}","templated":true}]}}