{"id":9441,"date":"2023-05-25T00:03:00","date_gmt":"2023-05-24T11:18:00","guid":{"rendered":"https:\/\/tolio.co.nz\/?post_type=product&#038;p=9441"},"modified":"2025-09-11T15:59:43","modified_gmt":"2025-09-11T03:59:43","slug":"ca-phe-trung-nguyen-sang-tao-4-goi-340g","status":"publish","type":"product","link":"https:\/\/dev.tolio.co.nz\/en\/product\/trung-nguyen-sang-tao-coffee-comes-in-4-packs-of-340g\/","title":{"rendered":"C\u00e0 ph\u00ea Trung Nguy\u00ean s\u00e1ng t\u1ea1o 4 g\u00f3i 340g"},"content":{"rendered":"<p><strong>C\u00e0 ph\u00ea Trung Nguy\u00ean s\u00e1ng t\u1ea1o 4 g\u00f3i 340g <\/strong>c\u00f3 th\u00e0nh ph\u1ea7n l\u00e0m t\u1eeb arabica, robusta, excelsa, catimor \u0111\u00e3 qua qu\u00e1 tr\u00ecnh ki\u1ec3m \u0111\u1ecbnh \u0111\u1ed9 an to\u00e0n cho s\u1ee9c kh\u1ecfe ng\u01b0\u1eddi d\u00f9ng. S\u1ea3n ph\u1ea9m thu\u1ed9c th\u01b0\u01a1ng hi\u1ec7u uy t\u00edn n\u00ean nh\u1eadn \u0111\u01b0\u1ee3c s\u1ef1 tin c\u1eady t\u1eeb ng\u01b0\u1eddi ti\u00eau d\u00f9ng.<\/p>\n<p>S\u1ea3n ph\u1ea9m cho m\u00e0u n\u01b0\u1edbc n\u00e2u s\u00e1nh, h\u01b0\u01a1ng th\u01a1m l\u00e2u, v\u1ecb \u0111\u1eadm \u0111\u00e0 s\u1ebd mang \u0111\u1ebfn cho b\u1ea1n t\u00e1ch c\u00e0 ph\u00ea tuy\u1ec7t h\u1ea3o v\u00e0 \u0111\u00e1p \u1ee9ng ngu\u1ed3n n\u0103ng l\u01b0\u1ee3ng s\u00e1ng t\u1ea1o cho b\u1ea1n. S\u1ea3n ph\u1ea9m \u0111\u01b0\u1ee3c \u0111\u00f3ng g\u00f3i c\u1ea9n th\u1eadn n\u00ean c\u00f3 th\u1ec3 d\u00f9ng l\u00e0m qu\u00e0 t\u1eb7ng cho ng\u01b0\u1eddi th\u00e2n ho\u1eb7c b\u1ea1n b\u00e8.<\/p>\n<p>C\u00e0 ph\u00ea \u0111\u01b0\u1ee3c s\u1ea3n xu\u1ea5t tr\u00ean d\u00e2y chuy\u1ec1n kh\u00e9p k\u00edn, \u0111\u00e1p \u1ee9ng ti\u00eau chu\u1ea9n ch\u1ea5t l\u01b0\u1ee3ng cao. C\u00e0 ph\u00ea S\u00e1ng T\u1ea1o 4 Trung Nguy\u00ean kh\u00f4ng ch\u1ee9a h\u00f3a ch\u1ea5t hay ch\u1ea5t b\u1ea3o qu\u1ea3n, \u0111\u1ea3m b\u1ea3o an to\u00e0n cho s\u1ee9c kh\u1ecfe ng\u01b0\u1eddi d\u00f9ng.<\/p>\n<p><strong>H\u01b0\u1edbng d\u1eabn s\u1eed d\u1ee5ng:<\/strong><\/p>\n<ul>\n<li>B1: Nguy\u00ean li\u1ec7u v\u00e0 c\u00f4ng c\u1ee5 d\u1ee5ng c\u1ee5: n\u01b0\u1edbc pha c\u1ea7n s\u1eed d\u1ee5ng n\u01b0\u1edbc tinh khi\u1ebft, b\u1ed9t c\u00e0 ph\u00ea c\u00f2n h\u1ea1n s\u1eed d\u1ee5ng v\u00e0 \u0111\u1ea3m b\u1ea3o v\u1ec7 sinh to\u00e0n th\u1ef1c ph\u1ea9m, \u0111\u01b0\u1ee3c b\u1ea3o qu\u1ea3n trong h\u0169 th\u1ee7y tinh + m\u1ed9t b\u1ed9 c\u1ed1c t\u00e1ch c\u00e0 ph\u00ea v\u00e0 b\u00ecnh \u0111un n\u01b0\u1edbc si\u00eau t\u1ed1c.<\/li>\n<li>B2: Tr\u1ed9n \u0111\u1ec1u c\u00e0 ph\u00ea tr\u01b0\u1edbc khi cho v\u00e0o phin, s\u1eed d\u1ee5ng 20 &#8211; 25 gram b\u1ed9t c\u00e0 ph\u00ea cho m\u1ed9t phin c\u00e0 ph\u00ea chu\u1ea9n<\/li>\n<li>B3: San ph\u1eb3ng, l\u1eafc v\u00e0 g\u00f5 nh\u1eb9 v\u00e0o th\u00e2n phin lo\u1ea1i b\u1ecf kh\u00f4ng kh\u00ed th\u1eeba v\u00e0 kho\u1ea3ng tr\u1ed1ng trong l\u00f2ng b\u1ee5ng phin.<\/li>\n<li>B4: Lo\u1ea1i b\u1ecf c\u1eb7n, d\u00f9ng ng\u00f3n tay vu\u1ed1t nh\u1eb9 d\u01b0\u1edbi \u0111\u00e1y th\u00e2n phin, h\u1ea1n ch\u1ebf h\u1ea1t c\u00e0 ph\u00ea l\u1ecdt v\u00e0o t\u00e1ch. Sau \u0111\u00f3 \u0111\u1eb7t th\u00e2n phin l\u00ean n\u1eafp phin.<\/li>\n<li>B5: S\u1eed d\u1ee5ng 20ml n\u01b0\u1edbc s\u00f4i \u0111\u1ea3m b\u1ea3o nhi\u1ec7t \u0111\u1ed9 t\u1eeb 92 &#8211; 98 \u0111\u1ed9 C, r\u00f3t v\u00e0o n\u1eafp c\u00e0 ph\u00ea v\u00e0 \u1ee7 c\u00e0 ph\u00ea trong v\u00f2ng 20 gi\u00e2y. D\u00f9ng ng\u00f3n tay tr\u1ea1m nh\u1eb9 v\u00e0o tim g\u00e0i tr\u01b0\u1edbc khi sang b\u01b0\u1edbc ti\u1ebfp theo.<\/li>\n<li>B6: S\u1eed d\u1ee5ng 50-60 ml n\u01b0\u1edbc s\u00f4i r\u00f3t tr\u1ef1c ti\u1ebfp l\u00ean tim g\u00e0i ho\u1eb7c r\u00f3t xung quanh tim g\u00e0i \u0111\u1ec3 n\u01b0\u1edbc s\u00f4i ng\u1ea5m \u0111\u1ec1u.<\/li>\n<li>B7: Th\u00e0nh ph\u1ea9m, th\u1eddi gian nh\u1ecf gi\u1ecdt c\u1ee7a t\u00e1ch cafe theo ti\u00eau chu\u1ea9n l\u00e0 t\u1eeb 7-8 ph\u00fat. K\u1ebft th\u00fac qu\u00e1 tr\u00ecnh nh\u1ecf gi\u1ecdt thu \u0111\u01b0\u1ee3c nh\u01b0 sau:<br \/>\n30-35ml dung d\u1ecbch c\u00e0 ph\u00ea cho c\u00e0 ph\u00ea \u0111en \u0111\u00e1, s\u1eefa \u0111\u00e1 v\u00e0 s\u1eefa n\u00f3ng.<br \/>\n40 &#8211; 45ml cho c\u00e0 ph\u00ea \u0111en n\u00f3ng, s\u1eed d\u1ee5ng 20ml s\u1eefa \u0111\u1eb7c cho c\u00e0 ph\u00ea s\u1eefa n\u00f3ng v\u00e0 c\u00e0 ph\u00ea s\u1eefa \u0111\u00e1, s\u1eed d\u1ee5ng 4g \u0111\u01b0\u1eddng tinh khi\u1ebft cho c\u00e0 ph\u00ea \u0111en n\u00f3ng v\u00e0 \u0111en \u0111\u00e1.<\/li>\n<\/ul>\n<p><strong>B\u1ea3o qu\u1ea3n:<\/strong><\/p>\n<ul>\n<li>N\u01a1i kh\u00f4 r\u00e1o, tho\u00e1ng m\u00e1t. Tr\u00e1nh \u00e1nh n\u1eafng tr\u1ef1c ti\u1ebfp.<\/li>\n<\/ul>","protected":false},"excerpt":{"rendered":"<ul>\n<li>Th\u01b0\u01a1ng hi\u1ec7u: Trung Nguy\u00ean<\/li>\n<li>Xu\u1ea5t x\u1ee9 th\u01b0\u01a1ng hi\u1ec7u: Vi\u1ec7t Nam<\/li>\n<li>Quy c\u00e1ch \u0111\u00f3ng g\u00f3i: G\u00f3i 340g<\/li>\n<li>L\u01b0u \u00fd: Bao b\u00ec s\u1ea3n ph\u1ea9m c\u00f3 th\u1ec3 thay \u0111\u1ed5i theo t\u1eebng \u0111\u1ee3t nh\u1eadp h\u00e0ng<\/li>\n<\/ul>","protected":false},"featured_media":20902,"comment_status":"open","ping_status":"closed","template":"","meta":[],"product_brand":[],"product_cat":[34,483,30,31],"product_tag":[74,500],"class_list":{"0":"post-9441","1":"product","2":"type-product","3":"status-publish","4":"has-post-thumbnail","6":"product_cat-thuc-uong","7":"product_cat-ca-phe","8":"product_cat-ban-chay-nhat","9":"product_cat-hang-moi-ve","10":"product_tag-coffee","11":"product_tag-coffee-trung-nguyen","12":"pa_thuong-hieu-trung-nguyen","14":"first","15":"instock","16":"sale","17":"shipping-taxable","18":"purchasable","19":"product-type-simple"},"yoast_head":"<!-- This site is optimized with the Yoast SEO plugin v24.4 - https:\/\/yoast.com\/wordpress\/plugins\/seo\/ -->\n<title>C\u00e0 ph\u00ea Trung Nguy\u00ean s\u00e1ng t\u1ea1o 4 g\u00f3i 340g - TOLIO<\/title>\n<meta name=\"description\" content=\"Th\u01b0\u01a1ng hi\u1ec7u: Trung Nguy\u00ean  Xu\u1ea5t x\u1ee9 th\u01b0\u01a1ng hi\u1ec7u: Vi\u1ec7t Nam  Quy c\u00e1ch \u0111\u00f3ng g\u00f3i: G\u00f3i 340g  L\u01b0u \u00fd: Bao b\u00ec s\u1ea3n ph\u1ea9m c\u00f3 th\u1ec3 thay \u0111\u1ed5i theo t\u1eebng \u0111\u1ee3t nh\u1eadp h\u00e0ng\" \/>\n<meta name=\"robots\" content=\"index, follow, max-snippet:-1, max-image-preview:large, max-video-preview:-1\" \/>\n<link rel=\"canonical\" href=\"https:\/\/dev.tolio.co.nz\/en\/product\/trung-nguyen-sang-tao-coffee-comes-in-4-packs-of-340g\/\" \/>\n<meta property=\"og:locale\" content=\"en_US\" \/>\n<meta property=\"og:type\" content=\"article\" \/>\n<meta property=\"og:title\" content=\"C\u00e0 ph\u00ea Trung Nguy\u00ean s\u00e1ng t\u1ea1o 4 g\u00f3i 340g - TOLIO\" \/>\n<meta property=\"og:description\" content=\"Th\u01b0\u01a1ng hi\u1ec7u: Trung Nguy\u00ean  Xu\u1ea5t x\u1ee9 th\u01b0\u01a1ng hi\u1ec7u: Vi\u1ec7t Nam  Quy c\u00e1ch \u0111\u00f3ng g\u00f3i: G\u00f3i 340g  L\u01b0u \u00fd: Bao b\u00ec s\u1ea3n ph\u1ea9m c\u00f3 th\u1ec3 thay \u0111\u1ed5i theo t\u1eebng \u0111\u1ee3t nh\u1eadp h\u00e0ng\" \/>\n<meta property=\"og:url\" content=\"https:\/\/dev.tolio.co.nz\/en\/product\/trung-nguyen-sang-tao-coffee-comes-in-4-packs-of-340g\/\" \/>\n<meta property=\"og:site_name\" content=\"TOLIO\" \/>\n<meta property=\"article:modified_time\" content=\"2025-09-11T03:59:43+00:00\" \/>\n<meta property=\"og:image\" content=\"https:\/\/dev.tolio.co.nz\/wp-content\/uploads\/2022\/05\/407.png\" \/>\n\t<meta property=\"og:image:width\" content=\"1000\" \/>\n\t<meta property=\"og:image:height\" content=\"907\" \/>\n\t<meta property=\"og:image:type\" content=\"image\/png\" \/>\n<meta name=\"twitter:card\" content=\"summary_large_image\" \/>\n<meta name=\"twitter:label1\" content=\"Est. reading time\" \/>\n\t<meta name=\"twitter:data1\" content=\"3 minutes\" \/>\n<script type=\"application\/ld+json\" class=\"yoast-schema-graph\">{\"@context\":\"https:\/\/schema.org\",\"@graph\":[{\"@type\":\"WebPage\",\"@id\":\"https:\/\/dev.tolio.co.nz\/san-pham\/ca-phe-trung-nguyen-sang-tao-4-goi-340g\/\",\"url\":\"https:\/\/dev.tolio.co.nz\/san-pham\/ca-phe-trung-nguyen-sang-tao-4-goi-340g\/\",\"name\":\"C\u00e0 ph\u00ea Trung Nguy\u00ean s\u00e1ng t\u1ea1o 4 g\u00f3i 340g - TOLIO\",\"isPartOf\":{\"@id\":\"https:\/\/dev.tolio.co.nz\/#website\"},\"primaryImageOfPage\":{\"@id\":\"https:\/\/dev.tolio.co.nz\/san-pham\/ca-phe-trung-nguyen-sang-tao-4-goi-340g\/#primaryimage\"},\"image\":{\"@id\":\"https:\/\/dev.tolio.co.nz\/san-pham\/ca-phe-trung-nguyen-sang-tao-4-goi-340g\/#primaryimage\"},\"thumbnailUrl\":\"https:\/\/dev.tolio.co.nz\/wp-content\/uploads\/2022\/05\/407.png\",\"datePublished\":\"2023-05-24T11:18:00+00:00\",\"dateModified\":\"2025-09-11T03:59:43+00:00\",\"description\":\"Th\u01b0\u01a1ng hi\u1ec7u: Trung Nguy\u00ean Xu\u1ea5t x\u1ee9 th\u01b0\u01a1ng hi\u1ec7u: Vi\u1ec7t Nam Quy c\u00e1ch \u0111\u00f3ng g\u00f3i: G\u00f3i 340g L\u01b0u \u00fd: Bao b\u00ec s\u1ea3n ph\u1ea9m c\u00f3 th\u1ec3 thay \u0111\u1ed5i theo t\u1eebng \u0111\u1ee3t nh\u1eadp h\u00e0ng\",\"breadcrumb\":{\"@id\":\"https:\/\/dev.tolio.co.nz\/san-pham\/ca-phe-trung-nguyen-sang-tao-4-goi-340g\/#breadcrumb\"},\"inLanguage\":\"en-US\",\"potentialAction\":[{\"@type\":\"ReadAction\",\"target\":[\"https:\/\/dev.tolio.co.nz\/san-pham\/ca-phe-trung-nguyen-sang-tao-4-goi-340g\/\"]}]},{\"@type\":\"ImageObject\",\"inLanguage\":\"en-US\",\"@id\":\"https:\/\/dev.tolio.co.nz\/san-pham\/ca-phe-trung-nguyen-sang-tao-4-goi-340g\/#primaryimage\",\"url\":\"https:\/\/dev.tolio.co.nz\/wp-content\/uploads\/2022\/05\/407.png\",\"contentUrl\":\"https:\/\/dev.tolio.co.nz\/wp-content\/uploads\/2022\/05\/407.png\",\"width\":1000,\"height\":907},{\"@type\":\"BreadcrumbList\",\"@id\":\"https:\/\/dev.tolio.co.nz\/san-pham\/ca-phe-trung-nguyen-sang-tao-4-goi-340g\/#breadcrumb\",\"itemListElement\":[{\"@type\":\"ListItem\",\"position\":1,\"name\":\"Home\",\"item\":\"https:\/\/dev.tolio.co.nz\/\"},{\"@type\":\"ListItem\",\"position\":2,\"name\":\"C\u1eeda h\u00e0ng\",\"item\":\"https:\/\/dev.tolio.co.nz\/cua-hang\/\"},{\"@type\":\"ListItem\",\"position\":3,\"name\":\"C\u00e0 ph\u00ea Trung Nguy\u00ean s\u00e1ng t\u1ea1o 4 g\u00f3i 340g\"}]},{\"@type\":\"WebSite\",\"@id\":\"https:\/\/dev.tolio.co.nz\/#website\",\"url\":\"https:\/\/dev.tolio.co.nz\/\",\"name\":\"TOLIO\",\"description\":\"Vietnamese Grocery Online\",\"potentialAction\":[{\"@type\":\"SearchAction\",\"target\":{\"@type\":\"EntryPoint\",\"urlTemplate\":\"https:\/\/dev.tolio.co.nz\/?s={search_term_string}\"},\"query-input\":{\"@type\":\"PropertyValueSpecification\",\"valueRequired\":true,\"valueName\":\"search_term_string\"}}],\"inLanguage\":\"en-US\"}]}<\/script>\n<!-- \/ Yoast SEO plugin. -->","yoast_head_json":{"title":"C\u00e0 ph\u00ea Trung Nguy\u00ean s\u00e1ng t\u1ea1o 4 g\u00f3i 340g - TOLIO","description":"Th\u01b0\u01a1ng hi\u1ec7u: Trung Nguy\u00ean  Xu\u1ea5t x\u1ee9 th\u01b0\u01a1ng hi\u1ec7u: Vi\u1ec7t Nam  Quy c\u00e1ch \u0111\u00f3ng g\u00f3i: G\u00f3i 340g  L\u01b0u \u00fd: Bao b\u00ec s\u1ea3n ph\u1ea9m c\u00f3 th\u1ec3 thay \u0111\u1ed5i theo t\u1eebng \u0111\u1ee3t nh\u1eadp h\u00e0ng","robots":{"index":"index","follow":"follow","max-snippet":"max-snippet:-1","max-image-preview":"max-image-preview:large","max-video-preview":"max-video-preview:-1"},"canonical":"https:\/\/dev.tolio.co.nz\/en\/product\/trung-nguyen-sang-tao-coffee-comes-in-4-packs-of-340g\/","og_locale":"en_US","og_type":"article","og_title":"C\u00e0 ph\u00ea Trung Nguy\u00ean s\u00e1ng t\u1ea1o 4 g\u00f3i 340g - TOLIO","og_description":"Th\u01b0\u01a1ng hi\u1ec7u: Trung Nguy\u00ean  Xu\u1ea5t x\u1ee9 th\u01b0\u01a1ng hi\u1ec7u: Vi\u1ec7t Nam  Quy c\u00e1ch \u0111\u00f3ng g\u00f3i: G\u00f3i 340g  L\u01b0u \u00fd: Bao b\u00ec s\u1ea3n ph\u1ea9m c\u00f3 th\u1ec3 thay \u0111\u1ed5i theo t\u1eebng \u0111\u1ee3t nh\u1eadp h\u00e0ng","og_url":"https:\/\/dev.tolio.co.nz\/en\/product\/trung-nguyen-sang-tao-coffee-comes-in-4-packs-of-340g\/","og_site_name":"TOLIO","article_modified_time":"2025-09-11T03:59:43+00:00","og_image":[{"width":1000,"height":907,"url":"https:\/\/dev.tolio.co.nz\/wp-content\/uploads\/2022\/05\/407.png","type":"image\/png"}],"twitter_card":"summary_large_image","twitter_misc":{"Est. reading time":"3 minutes"},"schema":{"@context":"https:\/\/schema.org","@graph":[{"@type":"WebPage","@id":"https:\/\/dev.tolio.co.nz\/san-pham\/ca-phe-trung-nguyen-sang-tao-4-goi-340g\/","url":"https:\/\/dev.tolio.co.nz\/san-pham\/ca-phe-trung-nguyen-sang-tao-4-goi-340g\/","name":"C\u00e0 ph\u00ea Trung Nguy\u00ean s\u00e1ng t\u1ea1o 4 g\u00f3i 340g - TOLIO","isPartOf":{"@id":"https:\/\/dev.tolio.co.nz\/#website"},"primaryImageOfPage":{"@id":"https:\/\/dev.tolio.co.nz\/san-pham\/ca-phe-trung-nguyen-sang-tao-4-goi-340g\/#primaryimage"},"image":{"@id":"https:\/\/dev.tolio.co.nz\/san-pham\/ca-phe-trung-nguyen-sang-tao-4-goi-340g\/#primaryimage"},"thumbnailUrl":"https:\/\/dev.tolio.co.nz\/wp-content\/uploads\/2022\/05\/407.png","datePublished":"2023-05-24T11:18:00+00:00","dateModified":"2025-09-11T03:59:43+00:00","description":"Th\u01b0\u01a1ng hi\u1ec7u: Trung Nguy\u00ean Xu\u1ea5t x\u1ee9 th\u01b0\u01a1ng hi\u1ec7u: Vi\u1ec7t Nam Quy c\u00e1ch \u0111\u00f3ng g\u00f3i: G\u00f3i 340g L\u01b0u \u00fd: Bao b\u00ec s\u1ea3n ph\u1ea9m c\u00f3 th\u1ec3 thay \u0111\u1ed5i theo t\u1eebng \u0111\u1ee3t nh\u1eadp h\u00e0ng","breadcrumb":{"@id":"https:\/\/dev.tolio.co.nz\/san-pham\/ca-phe-trung-nguyen-sang-tao-4-goi-340g\/#breadcrumb"},"inLanguage":"en-US","potentialAction":[{"@type":"ReadAction","target":["https:\/\/dev.tolio.co.nz\/san-pham\/ca-phe-trung-nguyen-sang-tao-4-goi-340g\/"]}]},{"@type":"ImageObject","inLanguage":"en-US","@id":"https:\/\/dev.tolio.co.nz\/san-pham\/ca-phe-trung-nguyen-sang-tao-4-goi-340g\/#primaryimage","url":"https:\/\/dev.tolio.co.nz\/wp-content\/uploads\/2022\/05\/407.png","contentUrl":"https:\/\/dev.tolio.co.nz\/wp-content\/uploads\/2022\/05\/407.png","width":1000,"height":907},{"@type":"BreadcrumbList","@id":"https:\/\/dev.tolio.co.nz\/san-pham\/ca-phe-trung-nguyen-sang-tao-4-goi-340g\/#breadcrumb","itemListElement":[{"@type":"ListItem","position":1,"name":"Home","item":"https:\/\/dev.tolio.co.nz\/"},{"@type":"ListItem","position":2,"name":"C\u1eeda h\u00e0ng","item":"https:\/\/dev.tolio.co.nz\/cua-hang\/"},{"@type":"ListItem","position":3,"name":"C\u00e0 ph\u00ea Trung Nguy\u00ean s\u00e1ng t\u1ea1o 4 g\u00f3i 340g"}]},{"@type":"WebSite","@id":"https:\/\/dev.tolio.co.nz\/#website","url":"https:\/\/dev.tolio.co.nz\/","name":"TOLIO","description":"Vietnamese Grocery Online","potentialAction":[{"@type":"SearchAction","target":{"@type":"EntryPoint","urlTemplate":"https:\/\/dev.tolio.co.nz\/?s={search_term_string}"},"query-input":{"@type":"PropertyValueSpecification","valueRequired":true,"valueName":"search_term_string"}}],"inLanguage":"en-US"}]}},"_links":{"self":[{"href":"https:\/\/dev.tolio.co.nz\/en\/wp-json\/wp\/v2\/product\/9441","targetHints":{"allow":["GET"]}}],"collection":[{"href":"https:\/\/dev.tolio.co.nz\/en\/wp-json\/wp\/v2\/product"}],"about":[{"href":"https:\/\/dev.tolio.co.nz\/en\/wp-json\/wp\/v2\/types\/product"}],"replies":[{"embeddable":true,"href":"https:\/\/dev.tolio.co.nz\/en\/wp-json\/wp\/v2\/comments?post=9441"}],"wp:featuredmedia":[{"embeddable":true,"href":"https:\/\/dev.tolio.co.nz\/en\/wp-json\/wp\/v2\/media\/20902"}],"wp:attachment":[{"href":"https:\/\/dev.tolio.co.nz\/en\/wp-json\/wp\/v2\/media?parent=9441"}],"wp:term":[{"taxonomy":"product_brand","embeddable":true,"href":"https:\/\/dev.tolio.co.nz\/en\/wp-json\/wp\/v2\/product_brand?post=9441"},{"taxonomy":"product_cat","embeddable":true,"href":"https:\/\/dev.tolio.co.nz\/en\/wp-json\/wp\/v2\/product_cat?post=9441"},{"taxonomy":"product_tag","embeddable":true,"href":"https:\/\/dev.tolio.co.nz\/en\/wp-json\/wp\/v2\/product_tag?post=9441"}],"curies":[{"name":"wp","href":"https:\/\/api.w.org\/{rel}","templated":true}]}}