{"id":959,"date":"2021-12-28T02:07:00","date_gmt":"2021-12-27T13:22:00","guid":{"rendered":"https:\/\/tolio2.sitebycat.com\/?post_type=product&#038;p=959"},"modified":"2025-09-11T16:00:45","modified_gmt":"2025-09-11T04:00:45","slug":"thung-sua-milo-lua-mach-uong-lien-180ml","status":"publish","type":"product","link":"https:\/\/dev.tolio.co.nz\/en\/product\/milo-lua-mach-lien-drink-180ml\/","title":{"rendered":"Th\u00f9ng 48 h\u1ed9p s\u1eefa Milo l\u00faa m\u1ea1ch u\u1ed1ng li\u1ec1n 180ml"},"content":{"rendered":"<p><strong>Th\u00f9ng 48 h\u1ed9p s\u1eefa Milo l\u00faa m\u1ea1ch u\u1ed1ng li\u1ec1n 180ml<\/strong>\u00a0chi\u1ebft xu\u1ea5t dinh d\u01b0\u1ee1ng v\u01b0\u1ee3t tr\u1ed9i t\u1eeb m\u1ea7m l\u00faa m\u1ea1ch nguy\u00ean c\u00e1m, s\u1eefa, b\u1ed9t cacao \u0110\u01b0\u1ee3c b\u1ed5 sung nhi\u1ec1u Vitamin v\u00e0 kho\u00e1ng ch\u1ea5t Cung c\u1ea5p d\u01b0\u1ee1ng ch\u1ea5t c\u00e2n b\u1eb1ng v\u00e0 \u0111\u1ea7y \u0111\u1ee7 gi\u00fap tr\u1ebb lu\u00f4n tr\u00e0n \u0111\u1ea7y n\u0103ng l\u01b0\u1ee3ng v\u00e0 m\u1ea1nh kh\u1ecfe, t\u1ef1 tin.<\/p>\n<ul>\n<li>\u0110\u1eb7c bi\u1ec7t m\u1ea7m l\u00faa m\u1ea1ch nguy\u00ean c\u00e1m c\u00f3 trong s\u1ea3n ph\u1ea9m gi\u00fap cung c\u1ea5p th\u00eam d\u01b0\u1ee1ng ch\u1ea5t c\u00e2n b\u1eb1ng gi\u00fap c\u01a1 th\u1ec3 lu\u00f4n tr\u00e0n \u0111\u1ea7y n\u0103ng l\u01b0\u1ee3ng v\u00e0 kh\u1ecfe m\u1ea1nh.<\/li>\n<li>Mang \u0111\u1ea7y \u0111\u1ee7 nh\u1eefng l\u1ee3i \u00edch t\u1eeb S\u1eefa, Nestl\u00e9 MILO v\u1edbi h\u1ee3p ch\u1ea5t ACTIV-GO V\u01b0\u01a1n xa l\u00e0 s\u1ef1 k\u1ebft h\u1ee3p \u0111\u1ed9c \u0111\u00e1o c\u1ee7a Protomalt chi\u1ebft xu\u1ea5t \u0111\u1eb7c bi\u1ec7t t\u1eeb m\u1ea7m l\u00faa m\u1ea1ch v\u00e0 t\u1ed5 h\u1ee3p c\u00e1c vitamin v\u00e0 kho\u00e1ng ch\u1ea5t thi\u1ebft y\u1ebfu, \u0111\u00f3ng g\u00f3p vai tr\u00f2 quan tr\u1ecdng trong vi\u1ec7c gi\u1ea3i ph\u00f3ng n\u0103ng l\u01b0\u1ee3ng, t\u0103ng c\u01b0\u1eddng ch\u1ee9c n\u0103ng c\u01a1 v\u00e0 h\u1ec7 x\u01b0\u01a1ng, h\u1ed7 tr\u1ee3 t\u00edch c\u1ef1c cho c\u00e1c ho\u1ea1t \u0111\u1ed9ng th\u1ec3 ch\u1ea5t v\u00e0 tr\u00ed tu\u1ec7 c\u1ee7a tr\u1ebb.<\/li>\n<\/ul>\n<p><strong>H\u01b0\u1edbng d\u1eabn s\u1eed d\u1ee5ng<\/strong>:<\/p>\n<ul>\n<li>D\u00f9ng u\u1ed1ng tr\u1ef1c ti\u1ebfp, ngon h\u01a1n khi u\u1ed1ng l\u1ea1nh.<\/li>\n<li>L\u1eafc \u0111\u1ec1u tr\u01b0\u1edbc khi s\u1eed d\u1ee5ng.<\/li>\n<\/ul>\n<p><strong>B\u1ea3o qu\u1ea3n<\/strong>:<\/p>\n<ul>\n<li>\u0110\u1ec3 n\u01a1i kh\u00f4 r\u00e1o, tho\u00e1ng m\u00e1t.<\/li>\n<li>Tr\u00e1nh \u00e1nh n\u1eafng tr\u1ef1c ti\u1ebfp.<\/li>\n<\/ul>\n<p>&nbsp;<\/p>","protected":false},"excerpt":{"rendered":"<ul class=\"infoproduct nospeci\">\n<li>Th\u01b0\u01a1ng hi\u1ec7u: Nestle Milo<\/li>\n<li>Xu\u1ea5t x\u1ee9 th\u01b0\u01a1ng hi\u1ec7u: Vi\u1ec7t Nam<\/li>\n<li>Quy c\u00e1ch \u0111\u00f3ng g\u00f3i: H\u1ed9p 180ml, 4 h\u1ed9p\/l\u1ed1c, 48 h\u1ed9p\/th\u00f9ng<\/li>\n<li>L\u01b0u \u00fd: Bao b\u00ec s\u1ea3n ph\u1ea9m c\u00f3 th\u1ec3 thay \u0111\u1ed5i theo t\u1eebng \u0111\u1ee3t nh\u1eadp h\u00e0ng<\/li>\n<\/ul>","protected":false},"featured_media":20940,"comment_status":"open","ping_status":"closed","template":"","meta":[],"product_brand":[],"product_cat":[34,37,30,31],"product_tag":[54,56],"class_list":{"0":"post-959","1":"product","2":"type-product","3":"status-publish","4":"has-post-thumbnail","6":"product_cat-thuc-uong","7":"product_cat-thuc-uong-dinh-duong","8":"product_cat-ban-chay-nhat","9":"product_cat-hang-moi-ve","10":"product_tag-sua-dinh-duong","11":"product_tag-sua-milo","12":"pa_thuong-hieu-milo","14":"first","15":"instock","16":"sale","17":"shipping-taxable","18":"purchasable","19":"product-type-simple"},"yoast_head":"<!-- This site is optimized with the Yoast SEO plugin v24.4 - https:\/\/yoast.com\/wordpress\/plugins\/seo\/ -->\n<title>Th\u00f9ng 48 h\u1ed9p s\u1eefa Milo l\u00faa m\u1ea1ch u\u1ed1ng li\u1ec1n 180ml - TOLIO<\/title>\n<meta name=\"description\" content=\"Th\u01b0\u01a1ng hi\u1ec7u: Nestle Milo  Xu\u1ea5t x\u1ee9 th\u01b0\u01a1ng hi\u1ec7u: Vi\u1ec7t Nam  Quy c\u00e1ch \u0111\u00f3ng g\u00f3i: H\u1ed9p 180ml, 4 h\u1ed9p\/l\u1ed1c, 48 h\u1ed9p\/th\u00f9ng  L\u01b0u \u00fd: Bao b\u00ec s\u1ea3n ph\u1ea9m c\u00f3 th\u1ec3 thay \u0111\u1ed5i theo t\u1eebng \u0111\u1ee3t nh\u1eadp h\u00e0ng\" \/>\n<meta name=\"robots\" content=\"index, follow, max-snippet:-1, max-image-preview:large, max-video-preview:-1\" \/>\n<link rel=\"canonical\" href=\"https:\/\/dev.tolio.co.nz\/en\/product\/milo-lua-mach-lien-drink-180ml\/\" \/>\n<meta property=\"og:locale\" content=\"en_US\" \/>\n<meta property=\"og:type\" content=\"article\" \/>\n<meta property=\"og:title\" content=\"Th\u00f9ng 48 h\u1ed9p s\u1eefa Milo l\u00faa m\u1ea1ch u\u1ed1ng li\u1ec1n 180ml - TOLIO\" \/>\n<meta property=\"og:description\" content=\"Th\u01b0\u01a1ng hi\u1ec7u: Nestle Milo  Xu\u1ea5t x\u1ee9 th\u01b0\u01a1ng hi\u1ec7u: Vi\u1ec7t Nam  Quy c\u00e1ch \u0111\u00f3ng g\u00f3i: H\u1ed9p 180ml, 4 h\u1ed9p\/l\u1ed1c, 48 h\u1ed9p\/th\u00f9ng  L\u01b0u \u00fd: Bao b\u00ec s\u1ea3n ph\u1ea9m c\u00f3 th\u1ec3 thay \u0111\u1ed5i theo t\u1eebng \u0111\u1ee3t nh\u1eadp h\u00e0ng\" \/>\n<meta property=\"og:url\" content=\"https:\/\/dev.tolio.co.nz\/en\/product\/milo-lua-mach-lien-drink-180ml\/\" \/>\n<meta property=\"og:site_name\" content=\"TOLIO\" \/>\n<meta property=\"article:modified_time\" content=\"2025-09-11T04:00:45+00:00\" \/>\n<meta property=\"og:image\" content=\"https:\/\/dev.tolio.co.nz\/wp-content\/uploads\/2021\/12\/442.png\" \/>\n\t<meta property=\"og:image:width\" content=\"1000\" \/>\n\t<meta property=\"og:image:height\" content=\"907\" \/>\n\t<meta property=\"og:image:type\" content=\"image\/png\" \/>\n<meta name=\"twitter:card\" content=\"summary_large_image\" \/>\n<meta name=\"twitter:label1\" content=\"Est. reading time\" \/>\n\t<meta name=\"twitter:data1\" content=\"2 minutes\" \/>\n<script type=\"application\/ld+json\" class=\"yoast-schema-graph\">{\"@context\":\"https:\/\/schema.org\",\"@graph\":[{\"@type\":\"WebPage\",\"@id\":\"https:\/\/dev.tolio.co.nz\/san-pham\/thung-sua-milo-lua-mach-uong-lien-180ml\/\",\"url\":\"https:\/\/dev.tolio.co.nz\/san-pham\/thung-sua-milo-lua-mach-uong-lien-180ml\/\",\"name\":\"Th\u00f9ng 48 h\u1ed9p s\u1eefa Milo l\u00faa m\u1ea1ch u\u1ed1ng li\u1ec1n 180ml - TOLIO\",\"isPartOf\":{\"@id\":\"https:\/\/dev.tolio.co.nz\/#website\"},\"primaryImageOfPage\":{\"@id\":\"https:\/\/dev.tolio.co.nz\/san-pham\/thung-sua-milo-lua-mach-uong-lien-180ml\/#primaryimage\"},\"image\":{\"@id\":\"https:\/\/dev.tolio.co.nz\/san-pham\/thung-sua-milo-lua-mach-uong-lien-180ml\/#primaryimage\"},\"thumbnailUrl\":\"https:\/\/dev.tolio.co.nz\/wp-content\/uploads\/2021\/12\/442.png\",\"datePublished\":\"2021-12-27T13:22:00+00:00\",\"dateModified\":\"2025-09-11T04:00:45+00:00\",\"description\":\"Th\u01b0\u01a1ng hi\u1ec7u: Nestle Milo Xu\u1ea5t x\u1ee9 th\u01b0\u01a1ng hi\u1ec7u: Vi\u1ec7t Nam Quy c\u00e1ch \u0111\u00f3ng g\u00f3i: H\u1ed9p 180ml, 4 h\u1ed9p\/l\u1ed1c, 48 h\u1ed9p\/th\u00f9ng L\u01b0u \u00fd: Bao b\u00ec s\u1ea3n ph\u1ea9m c\u00f3 th\u1ec3 thay \u0111\u1ed5i theo t\u1eebng \u0111\u1ee3t nh\u1eadp h\u00e0ng\",\"breadcrumb\":{\"@id\":\"https:\/\/dev.tolio.co.nz\/san-pham\/thung-sua-milo-lua-mach-uong-lien-180ml\/#breadcrumb\"},\"inLanguage\":\"en-US\",\"potentialAction\":[{\"@type\":\"ReadAction\",\"target\":[\"https:\/\/dev.tolio.co.nz\/san-pham\/thung-sua-milo-lua-mach-uong-lien-180ml\/\"]}]},{\"@type\":\"ImageObject\",\"inLanguage\":\"en-US\",\"@id\":\"https:\/\/dev.tolio.co.nz\/san-pham\/thung-sua-milo-lua-mach-uong-lien-180ml\/#primaryimage\",\"url\":\"https:\/\/dev.tolio.co.nz\/wp-content\/uploads\/2021\/12\/442.png\",\"contentUrl\":\"https:\/\/dev.tolio.co.nz\/wp-content\/uploads\/2021\/12\/442.png\",\"width\":1000,\"height\":907},{\"@type\":\"BreadcrumbList\",\"@id\":\"https:\/\/dev.tolio.co.nz\/san-pham\/thung-sua-milo-lua-mach-uong-lien-180ml\/#breadcrumb\",\"itemListElement\":[{\"@type\":\"ListItem\",\"position\":1,\"name\":\"Home\",\"item\":\"https:\/\/dev.tolio.co.nz\/\"},{\"@type\":\"ListItem\",\"position\":2,\"name\":\"C\u1eeda h\u00e0ng\",\"item\":\"https:\/\/dev.tolio.co.nz\/cua-hang\/\"},{\"@type\":\"ListItem\",\"position\":3,\"name\":\"Th\u00f9ng 48 h\u1ed9p s\u1eefa Milo l\u00faa m\u1ea1ch u\u1ed1ng li\u1ec1n 180ml\"}]},{\"@type\":\"WebSite\",\"@id\":\"https:\/\/dev.tolio.co.nz\/#website\",\"url\":\"https:\/\/dev.tolio.co.nz\/\",\"name\":\"TOLIO\",\"description\":\"Vietnamese Grocery Online\",\"potentialAction\":[{\"@type\":\"SearchAction\",\"target\":{\"@type\":\"EntryPoint\",\"urlTemplate\":\"https:\/\/dev.tolio.co.nz\/?s={search_term_string}\"},\"query-input\":{\"@type\":\"PropertyValueSpecification\",\"valueRequired\":true,\"valueName\":\"search_term_string\"}}],\"inLanguage\":\"en-US\"}]}<\/script>\n<!-- \/ Yoast SEO plugin. -->","yoast_head_json":{"title":"Th\u00f9ng 48 h\u1ed9p s\u1eefa Milo l\u00faa m\u1ea1ch u\u1ed1ng li\u1ec1n 180ml - TOLIO","description":"Th\u01b0\u01a1ng hi\u1ec7u: Nestle Milo  Xu\u1ea5t x\u1ee9 th\u01b0\u01a1ng hi\u1ec7u: Vi\u1ec7t Nam  Quy c\u00e1ch \u0111\u00f3ng g\u00f3i: H\u1ed9p 180ml, 4 h\u1ed9p\/l\u1ed1c, 48 h\u1ed9p\/th\u00f9ng  L\u01b0u \u00fd: Bao b\u00ec s\u1ea3n ph\u1ea9m c\u00f3 th\u1ec3 thay \u0111\u1ed5i theo t\u1eebng \u0111\u1ee3t nh\u1eadp h\u00e0ng","robots":{"index":"index","follow":"follow","max-snippet":"max-snippet:-1","max-image-preview":"max-image-preview:large","max-video-preview":"max-video-preview:-1"},"canonical":"https:\/\/dev.tolio.co.nz\/en\/product\/milo-lua-mach-lien-drink-180ml\/","og_locale":"en_US","og_type":"article","og_title":"Th\u00f9ng 48 h\u1ed9p s\u1eefa Milo l\u00faa m\u1ea1ch u\u1ed1ng li\u1ec1n 180ml - TOLIO","og_description":"Th\u01b0\u01a1ng hi\u1ec7u: Nestle Milo  Xu\u1ea5t x\u1ee9 th\u01b0\u01a1ng hi\u1ec7u: Vi\u1ec7t Nam  Quy c\u00e1ch \u0111\u00f3ng g\u00f3i: H\u1ed9p 180ml, 4 h\u1ed9p\/l\u1ed1c, 48 h\u1ed9p\/th\u00f9ng  L\u01b0u \u00fd: Bao b\u00ec s\u1ea3n ph\u1ea9m c\u00f3 th\u1ec3 thay \u0111\u1ed5i theo t\u1eebng \u0111\u1ee3t nh\u1eadp h\u00e0ng","og_url":"https:\/\/dev.tolio.co.nz\/en\/product\/milo-lua-mach-lien-drink-180ml\/","og_site_name":"TOLIO","article_modified_time":"2025-09-11T04:00:45+00:00","og_image":[{"width":1000,"height":907,"url":"https:\/\/dev.tolio.co.nz\/wp-content\/uploads\/2021\/12\/442.png","type":"image\/png"}],"twitter_card":"summary_large_image","twitter_misc":{"Est. reading time":"2 minutes"},"schema":{"@context":"https:\/\/schema.org","@graph":[{"@type":"WebPage","@id":"https:\/\/dev.tolio.co.nz\/san-pham\/thung-sua-milo-lua-mach-uong-lien-180ml\/","url":"https:\/\/dev.tolio.co.nz\/san-pham\/thung-sua-milo-lua-mach-uong-lien-180ml\/","name":"Th\u00f9ng 48 h\u1ed9p s\u1eefa Milo l\u00faa m\u1ea1ch u\u1ed1ng li\u1ec1n 180ml - TOLIO","isPartOf":{"@id":"https:\/\/dev.tolio.co.nz\/#website"},"primaryImageOfPage":{"@id":"https:\/\/dev.tolio.co.nz\/san-pham\/thung-sua-milo-lua-mach-uong-lien-180ml\/#primaryimage"},"image":{"@id":"https:\/\/dev.tolio.co.nz\/san-pham\/thung-sua-milo-lua-mach-uong-lien-180ml\/#primaryimage"},"thumbnailUrl":"https:\/\/dev.tolio.co.nz\/wp-content\/uploads\/2021\/12\/442.png","datePublished":"2021-12-27T13:22:00+00:00","dateModified":"2025-09-11T04:00:45+00:00","description":"Th\u01b0\u01a1ng hi\u1ec7u: Nestle Milo Xu\u1ea5t x\u1ee9 th\u01b0\u01a1ng hi\u1ec7u: Vi\u1ec7t Nam Quy c\u00e1ch \u0111\u00f3ng g\u00f3i: H\u1ed9p 180ml, 4 h\u1ed9p\/l\u1ed1c, 48 h\u1ed9p\/th\u00f9ng L\u01b0u \u00fd: Bao b\u00ec s\u1ea3n ph\u1ea9m c\u00f3 th\u1ec3 thay \u0111\u1ed5i theo t\u1eebng \u0111\u1ee3t nh\u1eadp h\u00e0ng","breadcrumb":{"@id":"https:\/\/dev.tolio.co.nz\/san-pham\/thung-sua-milo-lua-mach-uong-lien-180ml\/#breadcrumb"},"inLanguage":"en-US","potentialAction":[{"@type":"ReadAction","target":["https:\/\/dev.tolio.co.nz\/san-pham\/thung-sua-milo-lua-mach-uong-lien-180ml\/"]}]},{"@type":"ImageObject","inLanguage":"en-US","@id":"https:\/\/dev.tolio.co.nz\/san-pham\/thung-sua-milo-lua-mach-uong-lien-180ml\/#primaryimage","url":"https:\/\/dev.tolio.co.nz\/wp-content\/uploads\/2021\/12\/442.png","contentUrl":"https:\/\/dev.tolio.co.nz\/wp-content\/uploads\/2021\/12\/442.png","width":1000,"height":907},{"@type":"BreadcrumbList","@id":"https:\/\/dev.tolio.co.nz\/san-pham\/thung-sua-milo-lua-mach-uong-lien-180ml\/#breadcrumb","itemListElement":[{"@type":"ListItem","position":1,"name":"Home","item":"https:\/\/dev.tolio.co.nz\/"},{"@type":"ListItem","position":2,"name":"C\u1eeda h\u00e0ng","item":"https:\/\/dev.tolio.co.nz\/cua-hang\/"},{"@type":"ListItem","position":3,"name":"Th\u00f9ng 48 h\u1ed9p s\u1eefa Milo l\u00faa m\u1ea1ch u\u1ed1ng li\u1ec1n 180ml"}]},{"@type":"WebSite","@id":"https:\/\/dev.tolio.co.nz\/#website","url":"https:\/\/dev.tolio.co.nz\/","name":"TOLIO","description":"Vietnamese Grocery Online","potentialAction":[{"@type":"SearchAction","target":{"@type":"EntryPoint","urlTemplate":"https:\/\/dev.tolio.co.nz\/?s={search_term_string}"},"query-input":{"@type":"PropertyValueSpecification","valueRequired":true,"valueName":"search_term_string"}}],"inLanguage":"en-US"}]}},"_links":{"self":[{"href":"https:\/\/dev.tolio.co.nz\/en\/wp-json\/wp\/v2\/product\/959","targetHints":{"allow":["GET"]}}],"collection":[{"href":"https:\/\/dev.tolio.co.nz\/en\/wp-json\/wp\/v2\/product"}],"about":[{"href":"https:\/\/dev.tolio.co.nz\/en\/wp-json\/wp\/v2\/types\/product"}],"replies":[{"embeddable":true,"href":"https:\/\/dev.tolio.co.nz\/en\/wp-json\/wp\/v2\/comments?post=959"}],"wp:featuredmedia":[{"embeddable":true,"href":"https:\/\/dev.tolio.co.nz\/en\/wp-json\/wp\/v2\/media\/20940"}],"wp:attachment":[{"href":"https:\/\/dev.tolio.co.nz\/en\/wp-json\/wp\/v2\/media?parent=959"}],"wp:term":[{"taxonomy":"product_brand","embeddable":true,"href":"https:\/\/dev.tolio.co.nz\/en\/wp-json\/wp\/v2\/product_brand?post=959"},{"taxonomy":"product_cat","embeddable":true,"href":"https:\/\/dev.tolio.co.nz\/en\/wp-json\/wp\/v2\/product_cat?post=959"},{"taxonomy":"product_tag","embeddable":true,"href":"https:\/\/dev.tolio.co.nz\/en\/wp-json\/wp\/v2\/product_tag?post=959"}],"curies":[{"name":"wp","href":"https:\/\/api.w.org\/{rel}","templated":true}]}}